{"id":22834,"date":"2023-03-01T10:55:20","date_gmt":"2023-03-01T09:55:20","guid":{"rendered":"https:\/\/globalprix.com\/producto\/sunchemical-opal-sb-encre-a-sublimation-en-bouteille-1kg\/"},"modified":"2023-10-11T15:50:41","modified_gmt":"2023-10-11T13:50:41","slug":"sunchemical-opale-sb-sublimation-encre-dans-la-bouteille-1kgcmak","status":"publish","type":"product","link":"https:\/\/globalprix.com\/fr\/produit\/sunchemical-opale-sb-sublimation-encre-dans-la-bouteille-1kgcmak\/","title":{"rendered":"OPALE SUNCHIMIQUE SB<br>  Encre de sublimation en bouteille 1Kg<br>CMJN"},"content":{"rendered":"","protected":false},"excerpt":{"rendered":"<p>Elvajet Opal SB est une s\u00e9rie innovante d\u2019encres \u00e0 sublimation \u00e0 base d\u2019eau con\u00e7ues pour offrir les performances de couleur, d\u2019impression et d\u2019application les plus \u00e9lev\u00e9es possibles sur les substrats \u00e0 base de polyester de transfert.<\/p>\n<p>Opal SB est id\u00e9al pour la plupart des imprimantes utilisant des t\u00eates d\u2019impression pi\u00e9zo\u00e9lectroniques Epson.<\/p>\n<p>Couleurs sup\u00e9rieures avec un taux de transfert \u00e9lev\u00e9 dans les papiers sublimmatiques et une uniformit\u00e9 des couleurs am\u00e9lior\u00e9e. Excellente nettet\u00e9 de l\u2019image.<\/p>\n","protected":false},"featured_media":31956,"comment_status":"open","ping_status":"closed","template":"","meta":[],"product_brand":[],"product_cat":[502,3421,485],"product_tag":[],"class_list":{"0":"post-22834","1":"product","2":"type-product","3":"status-publish","4":"has-post-thumbnail","6":"product_cat-tintas-fr","7":"product_cat-isonik","8":"product_cat-sublimacion-fr","10":"first","11":"instock","12":"taxable","13":"shipping-taxable","14":"purchasable","15":"product-type-variable"},"yoast_head":"<!-- This site is optimized with the Yoast SEO plugin v27.3 - https:\/\/yoast.com\/product\/yoast-seo-wordpress\/ -->\n<title>OPALE SUNCHIMIQUE SB Encre de sublimation en bouteille 1KgCMJN | Globalprix.com<\/title>\n<meta name=\"robots\" content=\"index, follow, max-snippet:-1, max-image-preview:large, max-video-preview:-1\" \/>\n<link rel=\"canonical\" href=\"https:\/\/globalprix.com\/fr\/produit\/sunchemical-opale-sb-sublimation-encre-dans-la-bouteille-1kgcmak\/\" \/>\n<meta property=\"og:locale\" content=\"fr_FR\" \/>\n<meta property=\"og:type\" content=\"article\" \/>\n<meta property=\"og:title\" content=\"OPALE SUNCHIMIQUE SB Encre de sublimation en bouteille 1KgCMJN | Globalprix.com\" \/>\n<meta property=\"og:description\" content=\"Elvajet Opal SB est une s\u00e9rie innovante d\u2019encres \u00e0 sublimation \u00e0 base d\u2019eau con\u00e7ues pour offrir les performances de couleur, d\u2019impression et d\u2019application les plus \u00e9lev\u00e9es possibles sur les substrats \u00e0 base de polyester de transfert. Opal SB est id\u00e9al pour la plupart des imprimantes utilisant des t\u00eates d\u2019impression pi\u00e9zo\u00e9lectroniques Epson. Couleurs sup\u00e9rieures avec un taux de transfert \u00e9lev\u00e9 dans les papiers sublimmatiques et une uniformit\u00e9 des couleurs am\u00e9lior\u00e9e. Excellente nettet\u00e9 de l\u2019image.\" \/>\n<meta property=\"og:url\" content=\"https:\/\/globalprix.com\/fr\/produit\/sunchemical-opale-sb-sublimation-encre-dans-la-bouteille-1kgcmak\/\" \/>\n<meta property=\"og:site_name\" content=\"Globalprix.com\" \/>\n<meta property=\"article:modified_time\" content=\"2023-10-11T13:50:41+00:00\" \/>\n<meta property=\"og:image\" content=\"https:\/\/globalprix.com\/wp-content\/uploads\/2023\/03\/ISONIK-COMPOSICIO.png\" \/>\n\t<meta property=\"og:image:width\" content=\"745\" \/>\n\t<meta property=\"og:image:height\" content=\"335\" \/>\n\t<meta property=\"og:image:type\" content=\"image\/png\" \/>\n<meta name=\"twitter:card\" content=\"summary_large_image\" \/>\n<script type=\"application\/ld+json\" class=\"yoast-schema-graph\">{\"@context\":\"https:\\\/\\\/schema.org\",\"@graph\":[{\"@type\":\"WebPage\",\"@id\":\"https:\\\/\\\/globalprix.com\\\/fr\\\/produit\\\/sunchemical-opale-sb-sublimation-encre-dans-la-bouteille-1kgcmak\\\/\",\"url\":\"https:\\\/\\\/globalprix.com\\\/fr\\\/produit\\\/sunchemical-opale-sb-sublimation-encre-dans-la-bouteille-1kgcmak\\\/\",\"name\":\"OPALE SUNCHIMIQUE SB Encre de sublimation en bouteille 1Kg CMJN | Globalprix.com\",\"isPartOf\":{\"@id\":\"https:\\\/\\\/globalprix.com\\\/#website\"},\"primaryImageOfPage\":{\"@id\":\"https:\\\/\\\/globalprix.com\\\/fr\\\/produit\\\/sunchemical-opale-sb-sublimation-encre-dans-la-bouteille-1kgcmak\\\/#primaryimage\"},\"image\":{\"@id\":\"https:\\\/\\\/globalprix.com\\\/fr\\\/produit\\\/sunchemical-opale-sb-sublimation-encre-dans-la-bouteille-1kgcmak\\\/#primaryimage\"},\"thumbnailUrl\":\"https:\\\/\\\/globalprix.com\\\/wp-content\\\/uploads\\\/2023\\\/03\\\/ISONIK-COMPOSICIO.png\",\"datePublished\":\"2023-03-01T09:55:20+00:00\",\"dateModified\":\"2023-10-11T13:50:41+00:00\",\"breadcrumb\":{\"@id\":\"https:\\\/\\\/globalprix.com\\\/fr\\\/produit\\\/sunchemical-opale-sb-sublimation-encre-dans-la-bouteille-1kgcmak\\\/#breadcrumb\"},\"inLanguage\":\"fr-FR\",\"potentialAction\":[{\"@type\":\"ReadAction\",\"target\":[\"https:\\\/\\\/globalprix.com\\\/fr\\\/produit\\\/sunchemical-opale-sb-sublimation-encre-dans-la-bouteille-1kgcmak\\\/\"]}]},{\"@type\":\"ImageObject\",\"inLanguage\":\"fr-FR\",\"@id\":\"https:\\\/\\\/globalprix.com\\\/fr\\\/produit\\\/sunchemical-opale-sb-sublimation-encre-dans-la-bouteille-1kgcmak\\\/#primaryimage\",\"url\":\"https:\\\/\\\/globalprix.com\\\/wp-content\\\/uploads\\\/2023\\\/03\\\/ISONIK-COMPOSICIO.png\",\"contentUrl\":\"https:\\\/\\\/globalprix.com\\\/wp-content\\\/uploads\\\/2023\\\/03\\\/ISONIK-COMPOSICIO.png\",\"width\":745,\"height\":335},{\"@type\":\"BreadcrumbList\",\"@id\":\"https:\\\/\\\/globalprix.com\\\/fr\\\/produit\\\/sunchemical-opale-sb-sublimation-encre-dans-la-bouteille-1kgcmak\\\/#breadcrumb\",\"itemListElement\":[{\"@type\":\"ListItem\",\"position\":1,\"name\":\"Portada\",\"item\":\"https:\\\/\\\/globalprix.com\\\/en\\\/\"},{\"@type\":\"ListItem\",\"position\":2,\"name\":\"Boutique\",\"item\":\"https:\\\/\\\/globalprix.com\\\/fr\\\/boutique\\\/\"},{\"@type\":\"ListItem\",\"position\":3,\"name\":\"OPALE SUNCHIMIQUE SB Encre de sublimation en bouteille 1KgCMJN\"}]},{\"@type\":\"WebSite\",\"@id\":\"https:\\\/\\\/globalprix.com\\\/#website\",\"url\":\"https:\\\/\\\/globalprix.com\\\/\",\"name\":\"Globalprix\",\"description\":\"Tienda online para Serigraf\u00eda\",\"publisher\":{\"@id\":\"https:\\\/\\\/globalprix.com\\\/#organization\"},\"alternateName\":\"Tienda online de serigraf\u00eda\",\"potentialAction\":[{\"@type\":\"SearchAction\",\"target\":{\"@type\":\"EntryPoint\",\"urlTemplate\":\"https:\\\/\\\/globalprix.com\\\/?s={search_term_string}\"},\"query-input\":{\"@type\":\"PropertyValueSpecification\",\"valueRequired\":true,\"valueName\":\"search_term_string\"}}],\"inLanguage\":\"fr-FR\"},{\"@type\":\"Organization\",\"@id\":\"https:\\\/\\\/globalprix.com\\\/#organization\",\"name\":\"Global Managing\",\"alternateName\":\"Globalprix\",\"url\":\"https:\\\/\\\/globalprix.com\\\/\",\"logo\":{\"@type\":\"ImageObject\",\"inLanguage\":\"fr-FR\",\"@id\":\"https:\\\/\\\/globalprix.com\\\/#\\\/schema\\\/logo\\\/image\\\/\",\"url\":\"https:\\\/\\\/globalprix.com\\\/wp-content\\\/uploads\\\/2023\\\/03\\\/logo-globalprix.jpg\",\"contentUrl\":\"https:\\\/\\\/globalprix.com\\\/wp-content\\\/uploads\\\/2023\\\/03\\\/logo-globalprix.jpg\",\"width\":595,\"height\":202,\"caption\":\"Global Managing\"},\"image\":{\"@id\":\"https:\\\/\\\/globalprix.com\\\/#\\\/schema\\\/logo\\\/image\\\/\"}}]}<\/script>\n<!-- \/ Yoast SEO plugin. -->","yoast_head_json":{"title":"OPALE SUNCHIMIQUE SB Encre de sublimation en bouteille 1KgCMJN | Globalprix.com","robots":{"index":"index","follow":"follow","max-snippet":"max-snippet:-1","max-image-preview":"max-image-preview:large","max-video-preview":"max-video-preview:-1"},"canonical":"https:\/\/globalprix.com\/fr\/produit\/sunchemical-opale-sb-sublimation-encre-dans-la-bouteille-1kgcmak\/","og_locale":"fr_FR","og_type":"article","og_title":"OPALE SUNCHIMIQUE SB Encre de sublimation en bouteille 1KgCMJN | Globalprix.com","og_description":"Elvajet Opal SB est une s\u00e9rie innovante d\u2019encres \u00e0 sublimation \u00e0 base d\u2019eau con\u00e7ues pour offrir les performances de couleur, d\u2019impression et d\u2019application les plus \u00e9lev\u00e9es possibles sur les substrats \u00e0 base de polyester de transfert. Opal SB est id\u00e9al pour la plupart des imprimantes utilisant des t\u00eates d\u2019impression pi\u00e9zo\u00e9lectroniques Epson. Couleurs sup\u00e9rieures avec un taux de transfert \u00e9lev\u00e9 dans les papiers sublimmatiques et une uniformit\u00e9 des couleurs am\u00e9lior\u00e9e. Excellente nettet\u00e9 de l\u2019image.","og_url":"https:\/\/globalprix.com\/fr\/produit\/sunchemical-opale-sb-sublimation-encre-dans-la-bouteille-1kgcmak\/","og_site_name":"Globalprix.com","article_modified_time":"2023-10-11T13:50:41+00:00","og_image":[{"width":745,"height":335,"url":"https:\/\/globalprix.com\/wp-content\/uploads\/2023\/03\/ISONIK-COMPOSICIO.png","type":"image\/png"}],"twitter_card":"summary_large_image","schema":{"@context":"https:\/\/schema.org","@graph":[{"@type":"WebPage","@id":"https:\/\/globalprix.com\/fr\/produit\/sunchemical-opale-sb-sublimation-encre-dans-la-bouteille-1kgcmak\/","url":"https:\/\/globalprix.com\/fr\/produit\/sunchemical-opale-sb-sublimation-encre-dans-la-bouteille-1kgcmak\/","name":"OPALE SUNCHIMIQUE SB Encre de sublimation en bouteille 1Kg CMJN | Globalprix.com","isPartOf":{"@id":"https:\/\/globalprix.com\/#website"},"primaryImageOfPage":{"@id":"https:\/\/globalprix.com\/fr\/produit\/sunchemical-opale-sb-sublimation-encre-dans-la-bouteille-1kgcmak\/#primaryimage"},"image":{"@id":"https:\/\/globalprix.com\/fr\/produit\/sunchemical-opale-sb-sublimation-encre-dans-la-bouteille-1kgcmak\/#primaryimage"},"thumbnailUrl":"https:\/\/globalprix.com\/wp-content\/uploads\/2023\/03\/ISONIK-COMPOSICIO.png","datePublished":"2023-03-01T09:55:20+00:00","dateModified":"2023-10-11T13:50:41+00:00","breadcrumb":{"@id":"https:\/\/globalprix.com\/fr\/produit\/sunchemical-opale-sb-sublimation-encre-dans-la-bouteille-1kgcmak\/#breadcrumb"},"inLanguage":"fr-FR","potentialAction":[{"@type":"ReadAction","target":["https:\/\/globalprix.com\/fr\/produit\/sunchemical-opale-sb-sublimation-encre-dans-la-bouteille-1kgcmak\/"]}]},{"@type":"ImageObject","inLanguage":"fr-FR","@id":"https:\/\/globalprix.com\/fr\/produit\/sunchemical-opale-sb-sublimation-encre-dans-la-bouteille-1kgcmak\/#primaryimage","url":"https:\/\/globalprix.com\/wp-content\/uploads\/2023\/03\/ISONIK-COMPOSICIO.png","contentUrl":"https:\/\/globalprix.com\/wp-content\/uploads\/2023\/03\/ISONIK-COMPOSICIO.png","width":745,"height":335},{"@type":"BreadcrumbList","@id":"https:\/\/globalprix.com\/fr\/produit\/sunchemical-opale-sb-sublimation-encre-dans-la-bouteille-1kgcmak\/#breadcrumb","itemListElement":[{"@type":"ListItem","position":1,"name":"Portada","item":"https:\/\/globalprix.com\/en\/"},{"@type":"ListItem","position":2,"name":"Boutique","item":"https:\/\/globalprix.com\/fr\/boutique\/"},{"@type":"ListItem","position":3,"name":"OPALE SUNCHIMIQUE SB Encre de sublimation en bouteille 1KgCMJN"}]},{"@type":"WebSite","@id":"https:\/\/globalprix.com\/#website","url":"https:\/\/globalprix.com\/","name":"Globalprix","description":"Tienda online para Serigraf\u00eda","publisher":{"@id":"https:\/\/globalprix.com\/#organization"},"alternateName":"Tienda online de serigraf\u00eda","potentialAction":[{"@type":"SearchAction","target":{"@type":"EntryPoint","urlTemplate":"https:\/\/globalprix.com\/?s={search_term_string}"},"query-input":{"@type":"PropertyValueSpecification","valueRequired":true,"valueName":"search_term_string"}}],"inLanguage":"fr-FR"},{"@type":"Organization","@id":"https:\/\/globalprix.com\/#organization","name":"Global Managing","alternateName":"Globalprix","url":"https:\/\/globalprix.com\/","logo":{"@type":"ImageObject","inLanguage":"fr-FR","@id":"https:\/\/globalprix.com\/#\/schema\/logo\/image\/","url":"https:\/\/globalprix.com\/wp-content\/uploads\/2023\/03\/logo-globalprix.jpg","contentUrl":"https:\/\/globalprix.com\/wp-content\/uploads\/2023\/03\/logo-globalprix.jpg","width":595,"height":202,"caption":"Global Managing"},"image":{"@id":"https:\/\/globalprix.com\/#\/schema\/logo\/image\/"}}]}},"_links":{"self":[{"href":"https:\/\/globalprix.com\/fr\/wp-json\/wp\/v2\/product\/22834","targetHints":{"allow":["GET"]}}],"collection":[{"href":"https:\/\/globalprix.com\/fr\/wp-json\/wp\/v2\/product"}],"about":[{"href":"https:\/\/globalprix.com\/fr\/wp-json\/wp\/v2\/types\/product"}],"replies":[{"embeddable":true,"href":"https:\/\/globalprix.com\/fr\/wp-json\/wp\/v2\/comments?post=22834"}],"version-history":[{"count":0,"href":"https:\/\/globalprix.com\/fr\/wp-json\/wp\/v2\/product\/22834\/revisions"}],"wp:featuredmedia":[{"embeddable":true,"href":"https:\/\/globalprix.com\/fr\/wp-json\/wp\/v2\/media\/31956"}],"wp:attachment":[{"href":"https:\/\/globalprix.com\/fr\/wp-json\/wp\/v2\/media?parent=22834"}],"wp:term":[{"taxonomy":"product_brand","embeddable":true,"href":"https:\/\/globalprix.com\/fr\/wp-json\/wp\/v2\/product_brand?post=22834"},{"taxonomy":"product_cat","embeddable":true,"href":"https:\/\/globalprix.com\/fr\/wp-json\/wp\/v2\/product_cat?post=22834"},{"taxonomy":"product_tag","embeddable":true,"href":"https:\/\/globalprix.com\/fr\/wp-json\/wp\/v2\/product_tag?post=22834"}],"curies":[{"name":"wp","href":"https:\/\/api.w.org\/{rel}","templated":true}]}}