{"id":22841,"date":"2023-03-27T18:01:18","date_gmt":"2023-03-27T16:01:18","guid":{"rendered":"https:\/\/globalprix.com\/producto\/cadre-en-aluminium-profil-40cm-x-25cm-mur-175cm\/"},"modified":"2024-02-22T16:05:28","modified_gmt":"2024-02-22T15:05:28","slug":"aluminium-cadre-etagere-pour-serigraphie","status":"publish","type":"product","link":"https:\/\/globalprix.com\/fr\/produit\/aluminium-cadre-etagere-pour-serigraphie\/","title":{"rendered":"CADRE EN ALUMINIUM POUR S\u00c9RIGRAPHIE"},"content":{"rendered":"<p>Nous avons install\u00e9 les \u00e9crans dans notre atelier. Nous offrons des services d\u2019impression de photolithes et de gravure sur s\u00e9rigraphie. Nous vous prions de bien vouloir contacter info@globalprix.com<\/p>\n<p>Nous offrons \u00e9galement la possibilit\u00e9 de fabriquer des cadres en aluminium de mesures plus \u00e9lev\u00e9es, contactez-nous pour conna\u00eetre les d\u00e9lais et le budget.<\/p>\n<p>Nous ne pouvons pas garantir le retour du produit, tel qu\u2019il est fabriqu\u00e9. Il est important de s\u00e9lectionner la bonne mesure ext\u00e9rieure, ainsi que la rotation.<\/p>\n<p>&nbsp;<\/p>\n","protected":false},"excerpt":{"rendered":"<p>Tous les cadres entrelac\u00e9s sont fabriqu\u00e9s au moment de la commande<br \/>\nLes cadres en aluminium pour la s\u00e9rigraphie r\u00e9sistent aux conditions de tension et d\u2019humidit\u00e9 \u00e9lev\u00e9es. Ils servent \u00e0 fixer et resserrer le maillage et ainsi produire les \u00e9crans de s\u00e9rigraphie.<br \/>\nDisponible en diff\u00e9rentes tailles et nombre de filetages.<br \/>\nTailles: 40&#215;50 &#8211; 50&#215;60 &#8211; 60&#215;80<br \/>\nOptions de caillebotis : 43H, 55H, 62H, 71H, 77H et blanc ou jaune : 90H, 120H, 140H.<br \/>\nLes mesures sont externes (comptage du cadre).<\/p>\n","protected":false},"featured_media":5351,"comment_status":"open","ping_status":"closed","template":"","meta":[],"product_brand":[],"product_cat":[2791,576,2683],"product_tag":[],"class_list":{"0":"post-22841","1":"product","2":"type-product","3":"status-publish","4":"has-post-thumbnail","6":"product_cat-cadres-interles","7":"product_cat-pantallas-serigraficas-fr","8":"product_cat-serigraphie","10":"first","11":"instock","12":"taxable","13":"shipping-taxable","14":"purchasable","15":"product-type-variable"},"yoast_head":"<!-- This site is optimized with the Yoast SEO plugin v27.3 - https:\/\/yoast.com\/product\/yoast-seo-wordpress\/ -->\n<title>CADRE EN ALUMINIUM POUR S\u00c9RIGRAPHIE | Globalprix.com<\/title>\n<meta name=\"robots\" content=\"index, follow, max-snippet:-1, max-image-preview:large, max-video-preview:-1\" \/>\n<link rel=\"canonical\" href=\"https:\/\/globalprix.com\/fr\/produit\/aluminium-cadre-etagere-pour-serigraphie\/\" \/>\n<meta property=\"og:locale\" content=\"fr_FR\" \/>\n<meta property=\"og:type\" content=\"article\" \/>\n<meta property=\"og:title\" content=\"CADRE EN ALUMINIUM POUR S\u00c9RIGRAPHIE | Globalprix.com\" \/>\n<meta property=\"og:description\" content=\"Tous les cadres entrelac\u00e9s sont fabriqu\u00e9s au moment de la commande Les cadres en aluminium pour la s\u00e9rigraphie r\u00e9sistent aux conditions de tension et d\u2019humidit\u00e9 \u00e9lev\u00e9es. Ils servent \u00e0 fixer et resserrer le maillage et ainsi produire les \u00e9crans de s\u00e9rigraphie. Disponible en diff\u00e9rentes tailles et nombre de filetages. Tailles: 40x50 - 50x60 - 60x80 Options de caillebotis : 43H, 55H, 62H, 71H, 77H et blanc ou jaune : 90H, 120H, 140H. Les mesures sont externes (comptage du cadre).\" \/>\n<meta property=\"og:url\" content=\"https:\/\/globalprix.com\/fr\/produit\/aluminium-cadre-etagere-pour-serigraphie\/\" \/>\n<meta property=\"og:site_name\" content=\"Globalprix.com\" \/>\n<meta property=\"article:modified_time\" content=\"2024-02-22T15:05:28+00:00\" \/>\n<meta property=\"og:image\" content=\"https:\/\/globalprix.com\/wp-content\/uploads\/2021\/05\/marco-aluminio-entelado.jpg\" \/>\n\t<meta property=\"og:image:width\" content=\"2047\" \/>\n\t<meta property=\"og:image:height\" content=\"2047\" \/>\n\t<meta property=\"og:image:type\" content=\"image\/jpeg\" \/>\n<meta name=\"twitter:card\" content=\"summary_large_image\" \/>\n<script type=\"application\/ld+json\" class=\"yoast-schema-graph\">{\"@context\":\"https:\\\/\\\/schema.org\",\"@graph\":[{\"@type\":\"WebPage\",\"@id\":\"https:\\\/\\\/globalprix.com\\\/fr\\\/produit\\\/aluminium-cadre-etagere-pour-serigraphie\\\/\",\"url\":\"https:\\\/\\\/globalprix.com\\\/fr\\\/produit\\\/aluminium-cadre-etagere-pour-serigraphie\\\/\",\"name\":\"CADRE EN ALUMINIUM POUR S\u00c9RIGRAPHIE | Globalprix.com\",\"isPartOf\":{\"@id\":\"https:\\\/\\\/globalprix.com\\\/#website\"},\"primaryImageOfPage\":{\"@id\":\"https:\\\/\\\/globalprix.com\\\/fr\\\/produit\\\/aluminium-cadre-etagere-pour-serigraphie\\\/#primaryimage\"},\"image\":{\"@id\":\"https:\\\/\\\/globalprix.com\\\/fr\\\/produit\\\/aluminium-cadre-etagere-pour-serigraphie\\\/#primaryimage\"},\"thumbnailUrl\":\"https:\\\/\\\/globalprix.com\\\/wp-content\\\/uploads\\\/2021\\\/05\\\/marco-aluminio-entelado.jpg\",\"datePublished\":\"2023-03-27T16:01:18+00:00\",\"dateModified\":\"2024-02-22T15:05:28+00:00\",\"breadcrumb\":{\"@id\":\"https:\\\/\\\/globalprix.com\\\/fr\\\/produit\\\/aluminium-cadre-etagere-pour-serigraphie\\\/#breadcrumb\"},\"inLanguage\":\"fr-FR\",\"potentialAction\":[{\"@type\":\"ReadAction\",\"target\":[\"https:\\\/\\\/globalprix.com\\\/fr\\\/produit\\\/aluminium-cadre-etagere-pour-serigraphie\\\/\"]}]},{\"@type\":\"ImageObject\",\"inLanguage\":\"fr-FR\",\"@id\":\"https:\\\/\\\/globalprix.com\\\/fr\\\/produit\\\/aluminium-cadre-etagere-pour-serigraphie\\\/#primaryimage\",\"url\":\"https:\\\/\\\/globalprix.com\\\/wp-content\\\/uploads\\\/2021\\\/05\\\/marco-aluminio-entelado.jpg\",\"contentUrl\":\"https:\\\/\\\/globalprix.com\\\/wp-content\\\/uploads\\\/2021\\\/05\\\/marco-aluminio-entelado.jpg\",\"width\":2047,\"height\":2047},{\"@type\":\"BreadcrumbList\",\"@id\":\"https:\\\/\\\/globalprix.com\\\/fr\\\/produit\\\/aluminium-cadre-etagere-pour-serigraphie\\\/#breadcrumb\",\"itemListElement\":[{\"@type\":\"ListItem\",\"position\":1,\"name\":\"Portada\",\"item\":\"https:\\\/\\\/globalprix.com\\\/en\\\/\"},{\"@type\":\"ListItem\",\"position\":2,\"name\":\"Boutique\",\"item\":\"https:\\\/\\\/globalprix.com\\\/fr\\\/boutique\\\/\"},{\"@type\":\"ListItem\",\"position\":3,\"name\":\"CADRE EN ALUMINIUM POUR S\u00c9RIGRAPHIE\"}]},{\"@type\":\"WebSite\",\"@id\":\"https:\\\/\\\/globalprix.com\\\/#website\",\"url\":\"https:\\\/\\\/globalprix.com\\\/\",\"name\":\"Globalprix\",\"description\":\"Tienda online para Serigraf\u00eda\",\"publisher\":{\"@id\":\"https:\\\/\\\/globalprix.com\\\/#organization\"},\"alternateName\":\"Tienda online de serigraf\u00eda\",\"potentialAction\":[{\"@type\":\"SearchAction\",\"target\":{\"@type\":\"EntryPoint\",\"urlTemplate\":\"https:\\\/\\\/globalprix.com\\\/?s={search_term_string}\"},\"query-input\":{\"@type\":\"PropertyValueSpecification\",\"valueRequired\":true,\"valueName\":\"search_term_string\"}}],\"inLanguage\":\"fr-FR\"},{\"@type\":\"Organization\",\"@id\":\"https:\\\/\\\/globalprix.com\\\/#organization\",\"name\":\"Global Managing\",\"alternateName\":\"Globalprix\",\"url\":\"https:\\\/\\\/globalprix.com\\\/\",\"logo\":{\"@type\":\"ImageObject\",\"inLanguage\":\"fr-FR\",\"@id\":\"https:\\\/\\\/globalprix.com\\\/#\\\/schema\\\/logo\\\/image\\\/\",\"url\":\"https:\\\/\\\/globalprix.com\\\/wp-content\\\/uploads\\\/2023\\\/03\\\/logo-globalprix.jpg\",\"contentUrl\":\"https:\\\/\\\/globalprix.com\\\/wp-content\\\/uploads\\\/2023\\\/03\\\/logo-globalprix.jpg\",\"width\":595,\"height\":202,\"caption\":\"Global Managing\"},\"image\":{\"@id\":\"https:\\\/\\\/globalprix.com\\\/#\\\/schema\\\/logo\\\/image\\\/\"}}]}<\/script>\n<!-- \/ Yoast SEO plugin. -->","yoast_head_json":{"title":"CADRE EN ALUMINIUM POUR S\u00c9RIGRAPHIE | Globalprix.com","robots":{"index":"index","follow":"follow","max-snippet":"max-snippet:-1","max-image-preview":"max-image-preview:large","max-video-preview":"max-video-preview:-1"},"canonical":"https:\/\/globalprix.com\/fr\/produit\/aluminium-cadre-etagere-pour-serigraphie\/","og_locale":"fr_FR","og_type":"article","og_title":"CADRE EN ALUMINIUM POUR S\u00c9RIGRAPHIE | Globalprix.com","og_description":"Tous les cadres entrelac\u00e9s sont fabriqu\u00e9s au moment de la commande Les cadres en aluminium pour la s\u00e9rigraphie r\u00e9sistent aux conditions de tension et d\u2019humidit\u00e9 \u00e9lev\u00e9es. Ils servent \u00e0 fixer et resserrer le maillage et ainsi produire les \u00e9crans de s\u00e9rigraphie. Disponible en diff\u00e9rentes tailles et nombre de filetages. Tailles: 40x50 - 50x60 - 60x80 Options de caillebotis : 43H, 55H, 62H, 71H, 77H et blanc ou jaune : 90H, 120H, 140H. Les mesures sont externes (comptage du cadre).","og_url":"https:\/\/globalprix.com\/fr\/produit\/aluminium-cadre-etagere-pour-serigraphie\/","og_site_name":"Globalprix.com","article_modified_time":"2024-02-22T15:05:28+00:00","og_image":[{"width":2047,"height":2047,"url":"https:\/\/globalprix.com\/wp-content\/uploads\/2021\/05\/marco-aluminio-entelado.jpg","type":"image\/jpeg"}],"twitter_card":"summary_large_image","schema":{"@context":"https:\/\/schema.org","@graph":[{"@type":"WebPage","@id":"https:\/\/globalprix.com\/fr\/produit\/aluminium-cadre-etagere-pour-serigraphie\/","url":"https:\/\/globalprix.com\/fr\/produit\/aluminium-cadre-etagere-pour-serigraphie\/","name":"CADRE EN ALUMINIUM POUR S\u00c9RIGRAPHIE | Globalprix.com","isPartOf":{"@id":"https:\/\/globalprix.com\/#website"},"primaryImageOfPage":{"@id":"https:\/\/globalprix.com\/fr\/produit\/aluminium-cadre-etagere-pour-serigraphie\/#primaryimage"},"image":{"@id":"https:\/\/globalprix.com\/fr\/produit\/aluminium-cadre-etagere-pour-serigraphie\/#primaryimage"},"thumbnailUrl":"https:\/\/globalprix.com\/wp-content\/uploads\/2021\/05\/marco-aluminio-entelado.jpg","datePublished":"2023-03-27T16:01:18+00:00","dateModified":"2024-02-22T15:05:28+00:00","breadcrumb":{"@id":"https:\/\/globalprix.com\/fr\/produit\/aluminium-cadre-etagere-pour-serigraphie\/#breadcrumb"},"inLanguage":"fr-FR","potentialAction":[{"@type":"ReadAction","target":["https:\/\/globalprix.com\/fr\/produit\/aluminium-cadre-etagere-pour-serigraphie\/"]}]},{"@type":"ImageObject","inLanguage":"fr-FR","@id":"https:\/\/globalprix.com\/fr\/produit\/aluminium-cadre-etagere-pour-serigraphie\/#primaryimage","url":"https:\/\/globalprix.com\/wp-content\/uploads\/2021\/05\/marco-aluminio-entelado.jpg","contentUrl":"https:\/\/globalprix.com\/wp-content\/uploads\/2021\/05\/marco-aluminio-entelado.jpg","width":2047,"height":2047},{"@type":"BreadcrumbList","@id":"https:\/\/globalprix.com\/fr\/produit\/aluminium-cadre-etagere-pour-serigraphie\/#breadcrumb","itemListElement":[{"@type":"ListItem","position":1,"name":"Portada","item":"https:\/\/globalprix.com\/en\/"},{"@type":"ListItem","position":2,"name":"Boutique","item":"https:\/\/globalprix.com\/fr\/boutique\/"},{"@type":"ListItem","position":3,"name":"CADRE EN ALUMINIUM POUR S\u00c9RIGRAPHIE"}]},{"@type":"WebSite","@id":"https:\/\/globalprix.com\/#website","url":"https:\/\/globalprix.com\/","name":"Globalprix","description":"Tienda online para Serigraf\u00eda","publisher":{"@id":"https:\/\/globalprix.com\/#organization"},"alternateName":"Tienda online de serigraf\u00eda","potentialAction":[{"@type":"SearchAction","target":{"@type":"EntryPoint","urlTemplate":"https:\/\/globalprix.com\/?s={search_term_string}"},"query-input":{"@type":"PropertyValueSpecification","valueRequired":true,"valueName":"search_term_string"}}],"inLanguage":"fr-FR"},{"@type":"Organization","@id":"https:\/\/globalprix.com\/#organization","name":"Global Managing","alternateName":"Globalprix","url":"https:\/\/globalprix.com\/","logo":{"@type":"ImageObject","inLanguage":"fr-FR","@id":"https:\/\/globalprix.com\/#\/schema\/logo\/image\/","url":"https:\/\/globalprix.com\/wp-content\/uploads\/2023\/03\/logo-globalprix.jpg","contentUrl":"https:\/\/globalprix.com\/wp-content\/uploads\/2023\/03\/logo-globalprix.jpg","width":595,"height":202,"caption":"Global Managing"},"image":{"@id":"https:\/\/globalprix.com\/#\/schema\/logo\/image\/"}}]}},"_links":{"self":[{"href":"https:\/\/globalprix.com\/fr\/wp-json\/wp\/v2\/product\/22841","targetHints":{"allow":["GET"]}}],"collection":[{"href":"https:\/\/globalprix.com\/fr\/wp-json\/wp\/v2\/product"}],"about":[{"href":"https:\/\/globalprix.com\/fr\/wp-json\/wp\/v2\/types\/product"}],"replies":[{"embeddable":true,"href":"https:\/\/globalprix.com\/fr\/wp-json\/wp\/v2\/comments?post=22841"}],"version-history":[{"count":0,"href":"https:\/\/globalprix.com\/fr\/wp-json\/wp\/v2\/product\/22841\/revisions"}],"wp:featuredmedia":[{"embeddable":true,"href":"https:\/\/globalprix.com\/fr\/wp-json\/wp\/v2\/media\/5351"}],"wp:attachment":[{"href":"https:\/\/globalprix.com\/fr\/wp-json\/wp\/v2\/media?parent=22841"}],"wp:term":[{"taxonomy":"product_brand","embeddable":true,"href":"https:\/\/globalprix.com\/fr\/wp-json\/wp\/v2\/product_brand?post=22841"},{"taxonomy":"product_cat","embeddable":true,"href":"https:\/\/globalprix.com\/fr\/wp-json\/wp\/v2\/product_cat?post=22841"},{"taxonomy":"product_tag","embeddable":true,"href":"https:\/\/globalprix.com\/fr\/wp-json\/wp\/v2\/product_tag?post=22841"}],"curies":[{"name":"wp","href":"https:\/\/api.w.org\/{rel}","templated":true}]}}