{"id":22940,"date":"2023-02-22T12:20:07","date_gmt":"2023-02-22T11:20:07","guid":{"rendered":"https:\/\/globalprix.com\/producto\/encres-roland-esl4\/"},"modified":"2023-10-11T15:54:13","modified_gmt":"2023-10-11T13:54:13","slug":"roland-esl4-4-eco-sol-max2cmyklclmlk440-ccwhmtcl220-cc","status":"publish","type":"product","link":"https:\/\/globalprix.com\/fr\/produit\/roland-esl4-4-eco-sol-max2cmyklclmlk440-ccwhmtcl220-cc\/","title":{"rendered":"ROLAND ESL4-4 ECO-SOL MAX2<br>CMYKLCLMLK<br>440 cc<br>WHMTCL<br>220 cc"},"content":{"rendered":"","protected":false},"excerpt":{"rendered":"<p>Les encres Roland ont \u00e9t\u00e9 formul\u00e9es pour cr\u00e9er une vari\u00e9t\u00e9 d\u2019applications, allant des banni\u00e8res imprim\u00e9es \u00e0 grande vitesse, de la signalisation, des \u00e9tiquettes et des graphiques de v\u00e9hicules aux reproductions d\u2019\u0153uvres d\u2019art, aux graphiques r\u00e9tro\u00e9clair\u00e9s, aux prototypes d\u2019emballage et aux solutions de sublimation.<\/p>\n","protected":false},"featured_media":22322,"comment_status":"open","ping_status":"closed","template":"","meta":[],"product_brand":[],"product_cat":[2670,2832],"product_tag":[],"class_list":{"0":"post-22940","1":"product","2":"type-product","3":"status-publish","4":"has-post-thumbnail","6":"product_cat-ecosolvant","7":"product_cat-encres","9":"first","10":"instock","11":"taxable","12":"shipping-taxable","13":"purchasable","14":"product-type-variable"},"yoast_head":"<!-- This site is optimized with the Yoast SEO plugin v27.3 - https:\/\/yoast.com\/product\/yoast-seo-wordpress\/ -->\n<title>ROLAND ESL4-4 ECO-SOL MAX2CMYKLCLMLK440 ccWHMTCL220 cc | Globalprix.com<\/title>\n<meta name=\"robots\" content=\"index, follow, max-snippet:-1, max-image-preview:large, max-video-preview:-1\" \/>\n<link rel=\"canonical\" href=\"https:\/\/globalprix.com\/fr\/produit\/roland-esl4-4-eco-sol-max2cmyklclmlk440-ccwhmtcl220-cc\/\" \/>\n<meta property=\"og:locale\" content=\"fr_FR\" \/>\n<meta property=\"og:type\" content=\"article\" \/>\n<meta property=\"og:title\" content=\"ROLAND ESL4-4 ECO-SOL MAX2CMYKLCLMLK440 ccWHMTCL220 cc | Globalprix.com\" \/>\n<meta property=\"og:description\" content=\"Les encres Roland ont \u00e9t\u00e9 formul\u00e9es pour cr\u00e9er une vari\u00e9t\u00e9 d\u2019applications, allant des banni\u00e8res imprim\u00e9es \u00e0 grande vitesse, de la signalisation, des \u00e9tiquettes et des graphiques de v\u00e9hicules aux reproductions d\u2019\u0153uvres d\u2019art, aux graphiques r\u00e9tro\u00e9clair\u00e9s, aux prototypes d\u2019emballage et aux solutions de sublimation.\" \/>\n<meta property=\"og:url\" content=\"https:\/\/globalprix.com\/fr\/produit\/roland-esl4-4-eco-sol-max2cmyklclmlk440-ccwhmtcl220-cc\/\" \/>\n<meta property=\"og:site_name\" content=\"Globalprix.com\" \/>\n<meta property=\"article:modified_time\" content=\"2023-10-11T13:54:13+00:00\" \/>\n<meta property=\"og:image\" content=\"https:\/\/globalprix.com\/wp-content\/uploads\/2023\/02\/ESL4-4BK-206.jpg\" \/>\n\t<meta property=\"og:image:width\" content=\"700\" \/>\n\t<meta property=\"og:image:height\" content=\"525\" \/>\n\t<meta property=\"og:image:type\" content=\"image\/jpeg\" \/>\n<meta name=\"twitter:card\" content=\"summary_large_image\" \/>\n<script type=\"application\/ld+json\" class=\"yoast-schema-graph\">{\"@context\":\"https:\\\/\\\/schema.org\",\"@graph\":[{\"@type\":\"WebPage\",\"@id\":\"https:\\\/\\\/globalprix.com\\\/fr\\\/produit\\\/roland-esl4-4-eco-sol-max2cmyklclmlk440-ccwhmtcl220-cc\\\/\",\"url\":\"https:\\\/\\\/globalprix.com\\\/fr\\\/produit\\\/roland-esl4-4-eco-sol-max2cmyklclmlk440-ccwhmtcl220-cc\\\/\",\"name\":\"ROLAND ESL4-4 ECO-SOL MAX2 CMYKLCLMLK 440 cc WHMTCL 220 cc | Globalprix.com\",\"isPartOf\":{\"@id\":\"https:\\\/\\\/globalprix.com\\\/#website\"},\"primaryImageOfPage\":{\"@id\":\"https:\\\/\\\/globalprix.com\\\/fr\\\/produit\\\/roland-esl4-4-eco-sol-max2cmyklclmlk440-ccwhmtcl220-cc\\\/#primaryimage\"},\"image\":{\"@id\":\"https:\\\/\\\/globalprix.com\\\/fr\\\/produit\\\/roland-esl4-4-eco-sol-max2cmyklclmlk440-ccwhmtcl220-cc\\\/#primaryimage\"},\"thumbnailUrl\":\"https:\\\/\\\/globalprix.com\\\/wp-content\\\/uploads\\\/2023\\\/02\\\/ESL4-4BK-206.jpg\",\"datePublished\":\"2023-02-22T11:20:07+00:00\",\"dateModified\":\"2023-10-11T13:54:13+00:00\",\"breadcrumb\":{\"@id\":\"https:\\\/\\\/globalprix.com\\\/fr\\\/produit\\\/roland-esl4-4-eco-sol-max2cmyklclmlk440-ccwhmtcl220-cc\\\/#breadcrumb\"},\"inLanguage\":\"fr-FR\",\"potentialAction\":[{\"@type\":\"ReadAction\",\"target\":[\"https:\\\/\\\/globalprix.com\\\/fr\\\/produit\\\/roland-esl4-4-eco-sol-max2cmyklclmlk440-ccwhmtcl220-cc\\\/\"]}]},{\"@type\":\"ImageObject\",\"inLanguage\":\"fr-FR\",\"@id\":\"https:\\\/\\\/globalprix.com\\\/fr\\\/produit\\\/roland-esl4-4-eco-sol-max2cmyklclmlk440-ccwhmtcl220-cc\\\/#primaryimage\",\"url\":\"https:\\\/\\\/globalprix.com\\\/wp-content\\\/uploads\\\/2023\\\/02\\\/ESL4-4BK-206.jpg\",\"contentUrl\":\"https:\\\/\\\/globalprix.com\\\/wp-content\\\/uploads\\\/2023\\\/02\\\/ESL4-4BK-206.jpg\",\"width\":700,\"height\":525},{\"@type\":\"BreadcrumbList\",\"@id\":\"https:\\\/\\\/globalprix.com\\\/fr\\\/produit\\\/roland-esl4-4-eco-sol-max2cmyklclmlk440-ccwhmtcl220-cc\\\/#breadcrumb\",\"itemListElement\":[{\"@type\":\"ListItem\",\"position\":1,\"name\":\"Portada\",\"item\":\"https:\\\/\\\/globalprix.com\\\/en\\\/\"},{\"@type\":\"ListItem\",\"position\":2,\"name\":\"Boutique\",\"item\":\"https:\\\/\\\/globalprix.com\\\/fr\\\/boutique\\\/\"},{\"@type\":\"ListItem\",\"position\":3,\"name\":\"ROLAND ESL4-4 ECO-SOL MAX2CMYKLCLMLK440 ccWHMTCL220 cc\"}]},{\"@type\":\"WebSite\",\"@id\":\"https:\\\/\\\/globalprix.com\\\/#website\",\"url\":\"https:\\\/\\\/globalprix.com\\\/\",\"name\":\"Globalprix\",\"description\":\"Tienda online para Serigraf\u00eda\",\"publisher\":{\"@id\":\"https:\\\/\\\/globalprix.com\\\/#organization\"},\"alternateName\":\"Tienda online de serigraf\u00eda\",\"potentialAction\":[{\"@type\":\"SearchAction\",\"target\":{\"@type\":\"EntryPoint\",\"urlTemplate\":\"https:\\\/\\\/globalprix.com\\\/?s={search_term_string}\"},\"query-input\":{\"@type\":\"PropertyValueSpecification\",\"valueRequired\":true,\"valueName\":\"search_term_string\"}}],\"inLanguage\":\"fr-FR\"},{\"@type\":\"Organization\",\"@id\":\"https:\\\/\\\/globalprix.com\\\/#organization\",\"name\":\"Global Managing\",\"alternateName\":\"Globalprix\",\"url\":\"https:\\\/\\\/globalprix.com\\\/\",\"logo\":{\"@type\":\"ImageObject\",\"inLanguage\":\"fr-FR\",\"@id\":\"https:\\\/\\\/globalprix.com\\\/#\\\/schema\\\/logo\\\/image\\\/\",\"url\":\"https:\\\/\\\/globalprix.com\\\/wp-content\\\/uploads\\\/2023\\\/03\\\/logo-globalprix.jpg\",\"contentUrl\":\"https:\\\/\\\/globalprix.com\\\/wp-content\\\/uploads\\\/2023\\\/03\\\/logo-globalprix.jpg\",\"width\":595,\"height\":202,\"caption\":\"Global Managing\"},\"image\":{\"@id\":\"https:\\\/\\\/globalprix.com\\\/#\\\/schema\\\/logo\\\/image\\\/\"}}]}<\/script>\n<!-- \/ Yoast SEO plugin. -->","yoast_head_json":{"title":"ROLAND ESL4-4 ECO-SOL MAX2CMYKLCLMLK440 ccWHMTCL220 cc | Globalprix.com","robots":{"index":"index","follow":"follow","max-snippet":"max-snippet:-1","max-image-preview":"max-image-preview:large","max-video-preview":"max-video-preview:-1"},"canonical":"https:\/\/globalprix.com\/fr\/produit\/roland-esl4-4-eco-sol-max2cmyklclmlk440-ccwhmtcl220-cc\/","og_locale":"fr_FR","og_type":"article","og_title":"ROLAND ESL4-4 ECO-SOL MAX2CMYKLCLMLK440 ccWHMTCL220 cc | Globalprix.com","og_description":"Les encres Roland ont \u00e9t\u00e9 formul\u00e9es pour cr\u00e9er une vari\u00e9t\u00e9 d\u2019applications, allant des banni\u00e8res imprim\u00e9es \u00e0 grande vitesse, de la signalisation, des \u00e9tiquettes et des graphiques de v\u00e9hicules aux reproductions d\u2019\u0153uvres d\u2019art, aux graphiques r\u00e9tro\u00e9clair\u00e9s, aux prototypes d\u2019emballage et aux solutions de sublimation.","og_url":"https:\/\/globalprix.com\/fr\/produit\/roland-esl4-4-eco-sol-max2cmyklclmlk440-ccwhmtcl220-cc\/","og_site_name":"Globalprix.com","article_modified_time":"2023-10-11T13:54:13+00:00","og_image":[{"width":700,"height":525,"url":"https:\/\/globalprix.com\/wp-content\/uploads\/2023\/02\/ESL4-4BK-206.jpg","type":"image\/jpeg"}],"twitter_card":"summary_large_image","schema":{"@context":"https:\/\/schema.org","@graph":[{"@type":"WebPage","@id":"https:\/\/globalprix.com\/fr\/produit\/roland-esl4-4-eco-sol-max2cmyklclmlk440-ccwhmtcl220-cc\/","url":"https:\/\/globalprix.com\/fr\/produit\/roland-esl4-4-eco-sol-max2cmyklclmlk440-ccwhmtcl220-cc\/","name":"ROLAND ESL4-4 ECO-SOL MAX2 CMYKLCLMLK 440 cc WHMTCL 220 cc | Globalprix.com","isPartOf":{"@id":"https:\/\/globalprix.com\/#website"},"primaryImageOfPage":{"@id":"https:\/\/globalprix.com\/fr\/produit\/roland-esl4-4-eco-sol-max2cmyklclmlk440-ccwhmtcl220-cc\/#primaryimage"},"image":{"@id":"https:\/\/globalprix.com\/fr\/produit\/roland-esl4-4-eco-sol-max2cmyklclmlk440-ccwhmtcl220-cc\/#primaryimage"},"thumbnailUrl":"https:\/\/globalprix.com\/wp-content\/uploads\/2023\/02\/ESL4-4BK-206.jpg","datePublished":"2023-02-22T11:20:07+00:00","dateModified":"2023-10-11T13:54:13+00:00","breadcrumb":{"@id":"https:\/\/globalprix.com\/fr\/produit\/roland-esl4-4-eco-sol-max2cmyklclmlk440-ccwhmtcl220-cc\/#breadcrumb"},"inLanguage":"fr-FR","potentialAction":[{"@type":"ReadAction","target":["https:\/\/globalprix.com\/fr\/produit\/roland-esl4-4-eco-sol-max2cmyklclmlk440-ccwhmtcl220-cc\/"]}]},{"@type":"ImageObject","inLanguage":"fr-FR","@id":"https:\/\/globalprix.com\/fr\/produit\/roland-esl4-4-eco-sol-max2cmyklclmlk440-ccwhmtcl220-cc\/#primaryimage","url":"https:\/\/globalprix.com\/wp-content\/uploads\/2023\/02\/ESL4-4BK-206.jpg","contentUrl":"https:\/\/globalprix.com\/wp-content\/uploads\/2023\/02\/ESL4-4BK-206.jpg","width":700,"height":525},{"@type":"BreadcrumbList","@id":"https:\/\/globalprix.com\/fr\/produit\/roland-esl4-4-eco-sol-max2cmyklclmlk440-ccwhmtcl220-cc\/#breadcrumb","itemListElement":[{"@type":"ListItem","position":1,"name":"Portada","item":"https:\/\/globalprix.com\/en\/"},{"@type":"ListItem","position":2,"name":"Boutique","item":"https:\/\/globalprix.com\/fr\/boutique\/"},{"@type":"ListItem","position":3,"name":"ROLAND ESL4-4 ECO-SOL MAX2CMYKLCLMLK440 ccWHMTCL220 cc"}]},{"@type":"WebSite","@id":"https:\/\/globalprix.com\/#website","url":"https:\/\/globalprix.com\/","name":"Globalprix","description":"Tienda online para Serigraf\u00eda","publisher":{"@id":"https:\/\/globalprix.com\/#organization"},"alternateName":"Tienda online de serigraf\u00eda","potentialAction":[{"@type":"SearchAction","target":{"@type":"EntryPoint","urlTemplate":"https:\/\/globalprix.com\/?s={search_term_string}"},"query-input":{"@type":"PropertyValueSpecification","valueRequired":true,"valueName":"search_term_string"}}],"inLanguage":"fr-FR"},{"@type":"Organization","@id":"https:\/\/globalprix.com\/#organization","name":"Global Managing","alternateName":"Globalprix","url":"https:\/\/globalprix.com\/","logo":{"@type":"ImageObject","inLanguage":"fr-FR","@id":"https:\/\/globalprix.com\/#\/schema\/logo\/image\/","url":"https:\/\/globalprix.com\/wp-content\/uploads\/2023\/03\/logo-globalprix.jpg","contentUrl":"https:\/\/globalprix.com\/wp-content\/uploads\/2023\/03\/logo-globalprix.jpg","width":595,"height":202,"caption":"Global Managing"},"image":{"@id":"https:\/\/globalprix.com\/#\/schema\/logo\/image\/"}}]}},"_links":{"self":[{"href":"https:\/\/globalprix.com\/fr\/wp-json\/wp\/v2\/product\/22940","targetHints":{"allow":["GET"]}}],"collection":[{"href":"https:\/\/globalprix.com\/fr\/wp-json\/wp\/v2\/product"}],"about":[{"href":"https:\/\/globalprix.com\/fr\/wp-json\/wp\/v2\/types\/product"}],"replies":[{"embeddable":true,"href":"https:\/\/globalprix.com\/fr\/wp-json\/wp\/v2\/comments?post=22940"}],"version-history":[{"count":0,"href":"https:\/\/globalprix.com\/fr\/wp-json\/wp\/v2\/product\/22940\/revisions"}],"wp:featuredmedia":[{"embeddable":true,"href":"https:\/\/globalprix.com\/fr\/wp-json\/wp\/v2\/media\/22322"}],"wp:attachment":[{"href":"https:\/\/globalprix.com\/fr\/wp-json\/wp\/v2\/media?parent=22940"}],"wp:term":[{"taxonomy":"product_brand","embeddable":true,"href":"https:\/\/globalprix.com\/fr\/wp-json\/wp\/v2\/product_brand?post=22940"},{"taxonomy":"product_cat","embeddable":true,"href":"https:\/\/globalprix.com\/fr\/wp-json\/wp\/v2\/product_cat?post=22940"},{"taxonomy":"product_tag","embeddable":true,"href":"https:\/\/globalprix.com\/fr\/wp-json\/wp\/v2\/product_tag?post=22940"}],"curies":[{"name":"wp","href":"https:\/\/api.w.org\/{rel}","templated":true}]}}