{"id":22961,"date":"2023-02-21T12:50:24","date_gmt":"2023-02-21T11:50:24","guid":{"rendered":"https:\/\/globalprix.com\/producto\/roland-euv5-5-encres\/"},"modified":"2024-02-14T16:26:04","modified_gmt":"2024-02-14T15:26:04","slug":"roland-euv5-5500-cc-couleurs220-cc-blanc","status":"publish","type":"product","link":"https:\/\/globalprix.com\/fr\/produit\/roland-euv5-5500-cc-couleurs220-cc-blanc\/","title":{"rendered":"ROLAND EUV5-5<br>500 cc (Couleurs) &#8211; 220 cc (Blanc)"},"content":{"rendered":"<p>S\u2019il n\u2019y a pas de stock de l\u2019article dans l\u2019une de ses variantes, contactez-nous pour d\u00e9finir un d\u00e9lai de livraison en info@globalprix.com<\/p>\n","protected":false},"excerpt":{"rendered":"<p>L\u2019encre EUV5-5 est parfaite pour durcir \u00e0 toutes les vitesses d\u2019impression disponibles avec une densit\u00e9 de couleurs \u00e9lev\u00e9e et une large gamme d\u2019images exceptionnelles. L\u2019encre s\u00e8che instantan\u00e9ment et est tr\u00e8s flexible, produisant des graphiques qui peuvent \u00eatre \u00e9tir\u00e9s et appliqu\u00e9s sur des surfaces et des bords incurv\u00e9s sans se fissurer.<\/p>\n","protected":false},"featured_media":31026,"comment_status":"open","ping_status":"closed","template":"","meta":[],"product_brand":[],"product_cat":[2889,2691],"product_tag":[],"class_list":{"0":"post-22961","1":"product","2":"type-product","3":"status-publish","4":"has-post-thumbnail","6":"product_cat-encres-dimpression-uv","7":"product_cat-impression-uv","9":"first","10":"instock","11":"taxable","12":"shipping-taxable","13":"purchasable","14":"product-type-variable"},"yoast_head":"<!-- This site is optimized with the Yoast SEO plugin v27.3 - https:\/\/yoast.com\/product\/yoast-seo-wordpress\/ -->\n<title>ROLAND EUV5-5500 cc (Couleurs) - 220 cc (Blanc) | Globalprix.com<\/title>\n<meta name=\"robots\" content=\"index, follow, max-snippet:-1, max-image-preview:large, max-video-preview:-1\" \/>\n<link rel=\"canonical\" href=\"https:\/\/globalprix.com\/fr\/produit\/roland-euv5-5500-cc-couleurs220-cc-blanc\/\" \/>\n<meta property=\"og:locale\" content=\"fr_FR\" \/>\n<meta property=\"og:type\" content=\"article\" \/>\n<meta property=\"og:title\" content=\"ROLAND EUV5-5500 cc (Couleurs) - 220 cc (Blanc) | Globalprix.com\" \/>\n<meta property=\"og:description\" content=\"L\u2019encre EUV5-5 est parfaite pour durcir \u00e0 toutes les vitesses d\u2019impression disponibles avec une densit\u00e9 de couleurs \u00e9lev\u00e9e et une large gamme d\u2019images exceptionnelles. L\u2019encre s\u00e8che instantan\u00e9ment et est tr\u00e8s flexible, produisant des graphiques qui peuvent \u00eatre \u00e9tir\u00e9s et appliqu\u00e9s sur des surfaces et des bords incurv\u00e9s sans se fissurer.\" \/>\n<meta property=\"og:url\" content=\"https:\/\/globalprix.com\/fr\/produit\/roland-euv5-5500-cc-couleurs220-cc-blanc\/\" \/>\n<meta property=\"og:site_name\" content=\"Globalprix.com\" \/>\n<meta property=\"article:modified_time\" content=\"2024-02-14T15:26:04+00:00\" \/>\n<meta property=\"og:image\" content=\"https:\/\/globalprix.com\/wp-content\/uploads\/2023\/02\/eco_uv_inks_ALL.jpg\" \/>\n\t<meta property=\"og:image:width\" content=\"800\" \/>\n\t<meta property=\"og:image:height\" content=\"533\" \/>\n\t<meta property=\"og:image:type\" content=\"image\/jpeg\" \/>\n<meta name=\"twitter:card\" content=\"summary_large_image\" \/>\n<script type=\"application\/ld+json\" class=\"yoast-schema-graph\">{\"@context\":\"https:\\\/\\\/schema.org\",\"@graph\":[{\"@type\":\"WebPage\",\"@id\":\"https:\\\/\\\/globalprix.com\\\/fr\\\/produit\\\/roland-euv5-5500-cc-couleurs220-cc-blanc\\\/\",\"url\":\"https:\\\/\\\/globalprix.com\\\/fr\\\/produit\\\/roland-euv5-5500-cc-couleurs220-cc-blanc\\\/\",\"name\":\"ROLAND EUV5-5 500 cc (Couleurs) - 220 cc (Blanc) | Globalprix.com\",\"isPartOf\":{\"@id\":\"https:\\\/\\\/globalprix.com\\\/#website\"},\"primaryImageOfPage\":{\"@id\":\"https:\\\/\\\/globalprix.com\\\/fr\\\/produit\\\/roland-euv5-5500-cc-couleurs220-cc-blanc\\\/#primaryimage\"},\"image\":{\"@id\":\"https:\\\/\\\/globalprix.com\\\/fr\\\/produit\\\/roland-euv5-5500-cc-couleurs220-cc-blanc\\\/#primaryimage\"},\"thumbnailUrl\":\"https:\\\/\\\/globalprix.com\\\/wp-content\\\/uploads\\\/2023\\\/02\\\/eco_uv_inks_ALL.jpg\",\"datePublished\":\"2023-02-21T11:50:24+00:00\",\"dateModified\":\"2024-02-14T15:26:04+00:00\",\"breadcrumb\":{\"@id\":\"https:\\\/\\\/globalprix.com\\\/fr\\\/produit\\\/roland-euv5-5500-cc-couleurs220-cc-blanc\\\/#breadcrumb\"},\"inLanguage\":\"fr-FR\",\"potentialAction\":[{\"@type\":\"ReadAction\",\"target\":[\"https:\\\/\\\/globalprix.com\\\/fr\\\/produit\\\/roland-euv5-5500-cc-couleurs220-cc-blanc\\\/\"]}]},{\"@type\":\"ImageObject\",\"inLanguage\":\"fr-FR\",\"@id\":\"https:\\\/\\\/globalprix.com\\\/fr\\\/produit\\\/roland-euv5-5500-cc-couleurs220-cc-blanc\\\/#primaryimage\",\"url\":\"https:\\\/\\\/globalprix.com\\\/wp-content\\\/uploads\\\/2023\\\/02\\\/eco_uv_inks_ALL.jpg\",\"contentUrl\":\"https:\\\/\\\/globalprix.com\\\/wp-content\\\/uploads\\\/2023\\\/02\\\/eco_uv_inks_ALL.jpg\",\"width\":800,\"height\":533},{\"@type\":\"BreadcrumbList\",\"@id\":\"https:\\\/\\\/globalprix.com\\\/fr\\\/produit\\\/roland-euv5-5500-cc-couleurs220-cc-blanc\\\/#breadcrumb\",\"itemListElement\":[{\"@type\":\"ListItem\",\"position\":1,\"name\":\"Portada\",\"item\":\"https:\\\/\\\/globalprix.com\\\/en\\\/\"},{\"@type\":\"ListItem\",\"position\":2,\"name\":\"Boutique\",\"item\":\"https:\\\/\\\/globalprix.com\\\/fr\\\/boutique\\\/\"},{\"@type\":\"ListItem\",\"position\":3,\"name\":\"ROLAND EUV5-5500 cc (Couleurs) &#8211; 220 cc (Blanc)\"}]},{\"@type\":\"WebSite\",\"@id\":\"https:\\\/\\\/globalprix.com\\\/#website\",\"url\":\"https:\\\/\\\/globalprix.com\\\/\",\"name\":\"Globalprix\",\"description\":\"Tienda online para Serigraf\u00eda\",\"publisher\":{\"@id\":\"https:\\\/\\\/globalprix.com\\\/#organization\"},\"alternateName\":\"Tienda online de serigraf\u00eda\",\"potentialAction\":[{\"@type\":\"SearchAction\",\"target\":{\"@type\":\"EntryPoint\",\"urlTemplate\":\"https:\\\/\\\/globalprix.com\\\/?s={search_term_string}\"},\"query-input\":{\"@type\":\"PropertyValueSpecification\",\"valueRequired\":true,\"valueName\":\"search_term_string\"}}],\"inLanguage\":\"fr-FR\"},{\"@type\":\"Organization\",\"@id\":\"https:\\\/\\\/globalprix.com\\\/#organization\",\"name\":\"Global Managing\",\"alternateName\":\"Globalprix\",\"url\":\"https:\\\/\\\/globalprix.com\\\/\",\"logo\":{\"@type\":\"ImageObject\",\"inLanguage\":\"fr-FR\",\"@id\":\"https:\\\/\\\/globalprix.com\\\/#\\\/schema\\\/logo\\\/image\\\/\",\"url\":\"https:\\\/\\\/globalprix.com\\\/wp-content\\\/uploads\\\/2023\\\/03\\\/logo-globalprix.jpg\",\"contentUrl\":\"https:\\\/\\\/globalprix.com\\\/wp-content\\\/uploads\\\/2023\\\/03\\\/logo-globalprix.jpg\",\"width\":595,\"height\":202,\"caption\":\"Global Managing\"},\"image\":{\"@id\":\"https:\\\/\\\/globalprix.com\\\/#\\\/schema\\\/logo\\\/image\\\/\"}}]}<\/script>\n<!-- \/ Yoast SEO plugin. -->","yoast_head_json":{"title":"ROLAND EUV5-5500 cc (Couleurs) - 220 cc (Blanc) | Globalprix.com","robots":{"index":"index","follow":"follow","max-snippet":"max-snippet:-1","max-image-preview":"max-image-preview:large","max-video-preview":"max-video-preview:-1"},"canonical":"https:\/\/globalprix.com\/fr\/produit\/roland-euv5-5500-cc-couleurs220-cc-blanc\/","og_locale":"fr_FR","og_type":"article","og_title":"ROLAND EUV5-5500 cc (Couleurs) - 220 cc (Blanc) | Globalprix.com","og_description":"L\u2019encre EUV5-5 est parfaite pour durcir \u00e0 toutes les vitesses d\u2019impression disponibles avec une densit\u00e9 de couleurs \u00e9lev\u00e9e et une large gamme d\u2019images exceptionnelles. L\u2019encre s\u00e8che instantan\u00e9ment et est tr\u00e8s flexible, produisant des graphiques qui peuvent \u00eatre \u00e9tir\u00e9s et appliqu\u00e9s sur des surfaces et des bords incurv\u00e9s sans se fissurer.","og_url":"https:\/\/globalprix.com\/fr\/produit\/roland-euv5-5500-cc-couleurs220-cc-blanc\/","og_site_name":"Globalprix.com","article_modified_time":"2024-02-14T15:26:04+00:00","og_image":[{"width":800,"height":533,"url":"https:\/\/globalprix.com\/wp-content\/uploads\/2023\/02\/eco_uv_inks_ALL.jpg","type":"image\/jpeg"}],"twitter_card":"summary_large_image","schema":{"@context":"https:\/\/schema.org","@graph":[{"@type":"WebPage","@id":"https:\/\/globalprix.com\/fr\/produit\/roland-euv5-5500-cc-couleurs220-cc-blanc\/","url":"https:\/\/globalprix.com\/fr\/produit\/roland-euv5-5500-cc-couleurs220-cc-blanc\/","name":"ROLAND EUV5-5 500 cc (Couleurs) - 220 cc (Blanc) | Globalprix.com","isPartOf":{"@id":"https:\/\/globalprix.com\/#website"},"primaryImageOfPage":{"@id":"https:\/\/globalprix.com\/fr\/produit\/roland-euv5-5500-cc-couleurs220-cc-blanc\/#primaryimage"},"image":{"@id":"https:\/\/globalprix.com\/fr\/produit\/roland-euv5-5500-cc-couleurs220-cc-blanc\/#primaryimage"},"thumbnailUrl":"https:\/\/globalprix.com\/wp-content\/uploads\/2023\/02\/eco_uv_inks_ALL.jpg","datePublished":"2023-02-21T11:50:24+00:00","dateModified":"2024-02-14T15:26:04+00:00","breadcrumb":{"@id":"https:\/\/globalprix.com\/fr\/produit\/roland-euv5-5500-cc-couleurs220-cc-blanc\/#breadcrumb"},"inLanguage":"fr-FR","potentialAction":[{"@type":"ReadAction","target":["https:\/\/globalprix.com\/fr\/produit\/roland-euv5-5500-cc-couleurs220-cc-blanc\/"]}]},{"@type":"ImageObject","inLanguage":"fr-FR","@id":"https:\/\/globalprix.com\/fr\/produit\/roland-euv5-5500-cc-couleurs220-cc-blanc\/#primaryimage","url":"https:\/\/globalprix.com\/wp-content\/uploads\/2023\/02\/eco_uv_inks_ALL.jpg","contentUrl":"https:\/\/globalprix.com\/wp-content\/uploads\/2023\/02\/eco_uv_inks_ALL.jpg","width":800,"height":533},{"@type":"BreadcrumbList","@id":"https:\/\/globalprix.com\/fr\/produit\/roland-euv5-5500-cc-couleurs220-cc-blanc\/#breadcrumb","itemListElement":[{"@type":"ListItem","position":1,"name":"Portada","item":"https:\/\/globalprix.com\/en\/"},{"@type":"ListItem","position":2,"name":"Boutique","item":"https:\/\/globalprix.com\/fr\/boutique\/"},{"@type":"ListItem","position":3,"name":"ROLAND EUV5-5500 cc (Couleurs) &#8211; 220 cc (Blanc)"}]},{"@type":"WebSite","@id":"https:\/\/globalprix.com\/#website","url":"https:\/\/globalprix.com\/","name":"Globalprix","description":"Tienda online para Serigraf\u00eda","publisher":{"@id":"https:\/\/globalprix.com\/#organization"},"alternateName":"Tienda online de serigraf\u00eda","potentialAction":[{"@type":"SearchAction","target":{"@type":"EntryPoint","urlTemplate":"https:\/\/globalprix.com\/?s={search_term_string}"},"query-input":{"@type":"PropertyValueSpecification","valueRequired":true,"valueName":"search_term_string"}}],"inLanguage":"fr-FR"},{"@type":"Organization","@id":"https:\/\/globalprix.com\/#organization","name":"Global Managing","alternateName":"Globalprix","url":"https:\/\/globalprix.com\/","logo":{"@type":"ImageObject","inLanguage":"fr-FR","@id":"https:\/\/globalprix.com\/#\/schema\/logo\/image\/","url":"https:\/\/globalprix.com\/wp-content\/uploads\/2023\/03\/logo-globalprix.jpg","contentUrl":"https:\/\/globalprix.com\/wp-content\/uploads\/2023\/03\/logo-globalprix.jpg","width":595,"height":202,"caption":"Global Managing"},"image":{"@id":"https:\/\/globalprix.com\/#\/schema\/logo\/image\/"}}]}},"_links":{"self":[{"href":"https:\/\/globalprix.com\/fr\/wp-json\/wp\/v2\/product\/22961","targetHints":{"allow":["GET"]}}],"collection":[{"href":"https:\/\/globalprix.com\/fr\/wp-json\/wp\/v2\/product"}],"about":[{"href":"https:\/\/globalprix.com\/fr\/wp-json\/wp\/v2\/types\/product"}],"replies":[{"embeddable":true,"href":"https:\/\/globalprix.com\/fr\/wp-json\/wp\/v2\/comments?post=22961"}],"version-history":[{"count":0,"href":"https:\/\/globalprix.com\/fr\/wp-json\/wp\/v2\/product\/22961\/revisions"}],"wp:featuredmedia":[{"embeddable":true,"href":"https:\/\/globalprix.com\/fr\/wp-json\/wp\/v2\/media\/31026"}],"wp:attachment":[{"href":"https:\/\/globalprix.com\/fr\/wp-json\/wp\/v2\/media?parent=22961"}],"wp:term":[{"taxonomy":"product_brand","embeddable":true,"href":"https:\/\/globalprix.com\/fr\/wp-json\/wp\/v2\/product_brand?post=22961"},{"taxonomy":"product_cat","embeddable":true,"href":"https:\/\/globalprix.com\/fr\/wp-json\/wp\/v2\/product_cat?post=22961"},{"taxonomy":"product_tag","embeddable":true,"href":"https:\/\/globalprix.com\/fr\/wp-json\/wp\/v2\/product_tag?post=22961"}],"curies":[{"name":"wp","href":"https:\/\/api.w.org\/{rel}","templated":true}]}}