{"id":22974,"date":"2023-02-13T18:28:44","date_gmt":"2023-02-13T17:28:44","guid":{"rendered":"https:\/\/globalprix.com\/producto\/multipol-s-09-kg-diazo-emulsion-mixte-dual\/"},"modified":"2024-02-26T11:20:18","modified_gmt":"2024-02-26T10:20:18","slug":"multipol-s-diazo-emulsion-dual-mixed09-kg","status":"publish","type":"product","link":"https:\/\/globalprix.com\/fr\/produit\/multipol-s-diazo-emulsion-dual-mixed09-kg\/","title":{"rendered":"MULTIPOL S + DIAZO  <br>  Double \u00e9mulsion mixte<br>Conteneur de 0,9 kg"},"content":{"rendered":"<p>Si l\u2019article est en rupture de stock, merci de nous contacter pour d\u00e9finir un d\u00e9lai de livraison en info@globalprix.com<\/p>\n","protected":false},"excerpt":{"rendered":"<p>\u00c9mulsion polym\u00e8re avec diazo, r\u00e9sistant aux solvants, couleur violette, avec viscosit\u00e9 et sensibilit\u00e9 moyenne.<br \/>\nConvient \u00e0 la fabrication d\u2019\u00e9crans de s\u00e9rigraphie et tr\u00e8s r\u00e9sistant dans les proc\u00e9d\u00e9s d\u2019impression avec des encres \u00e0 base de solvant.  <\/p>\n","protected":false},"featured_media":19665,"comment_status":"open","ping_status":"closed","template":"","meta":[],"product_brand":[],"product_cat":[576,613,2798,2683],"product_tag":[],"class_list":{"0":"post-22974","1":"product","2":"type-product","3":"status-publish","4":"has-post-thumbnail","6":"product_cat-pantallas-serigraficas-fr","7":"product_cat-emulsion-fr","8":"product_cat-emulsions-avec-diazo","9":"product_cat-serigraphie","11":"first","12":"instock","13":"taxable","14":"shipping-taxable","15":"purchasable","16":"product-type-simple"},"yoast_head":"<!-- This site is optimized with the Yoast SEO plugin v27.3 - https:\/\/yoast.com\/product\/yoast-seo-wordpress\/ -->\n<title>MULTIPOL S + DIAZO  Double \u00e9mulsion mixteConteneur de 0,9 kg | Globalprix.com<\/title>\n<meta name=\"robots\" content=\"index, follow, max-snippet:-1, max-image-preview:large, max-video-preview:-1\" \/>\n<link rel=\"canonical\" href=\"https:\/\/globalprix.com\/fr\/produit\/multipol-s-diazo-emulsion-dual-mixed09-kg\/\" \/>\n<meta property=\"og:locale\" content=\"fr_FR\" \/>\n<meta property=\"og:type\" content=\"article\" \/>\n<meta property=\"og:title\" content=\"MULTIPOL S + DIAZO  Double \u00e9mulsion mixteConteneur de 0,9 kg | Globalprix.com\" \/>\n<meta property=\"og:description\" content=\"\u00c9mulsion polym\u00e8re avec diazo, r\u00e9sistant aux solvants, couleur violette, avec viscosit\u00e9 et sensibilit\u00e9 moyenne. Convient \u00e0 la fabrication d\u2019\u00e9crans de s\u00e9rigraphie et tr\u00e8s r\u00e9sistant dans les proc\u00e9d\u00e9s d\u2019impression avec des encres \u00e0 base de solvant.\" \/>\n<meta property=\"og:url\" content=\"https:\/\/globalprix.com\/fr\/produit\/multipol-s-diazo-emulsion-dual-mixed09-kg\/\" \/>\n<meta property=\"og:site_name\" content=\"Globalprix.com\" \/>\n<meta property=\"article:modified_time\" content=\"2024-02-26T10:20:18+00:00\" \/>\n<meta property=\"og:image\" content=\"https:\/\/globalprix.com\/wp-content\/uploads\/2023\/02\/multipol_s_2047x2047_v2.jpg\" \/>\n\t<meta property=\"og:image:width\" content=\"2047\" \/>\n\t<meta property=\"og:image:height\" content=\"2047\" \/>\n\t<meta property=\"og:image:type\" content=\"image\/jpeg\" \/>\n<meta name=\"twitter:card\" content=\"summary_large_image\" \/>\n<script type=\"application\/ld+json\" class=\"yoast-schema-graph\">{\"@context\":\"https:\\\/\\\/schema.org\",\"@graph\":[{\"@type\":\"WebPage\",\"@id\":\"https:\\\/\\\/globalprix.com\\\/fr\\\/produit\\\/multipol-s-diazo-emulsion-dual-mixed09-kg\\\/\",\"url\":\"https:\\\/\\\/globalprix.com\\\/fr\\\/produit\\\/multipol-s-diazo-emulsion-dual-mixed09-kg\\\/\",\"name\":\"MULTIPOL S + DIAZO Double \u00e9mulsion mixte Conteneur de 0,9 kg | Globalprix.com\",\"isPartOf\":{\"@id\":\"https:\\\/\\\/globalprix.com\\\/#website\"},\"primaryImageOfPage\":{\"@id\":\"https:\\\/\\\/globalprix.com\\\/fr\\\/produit\\\/multipol-s-diazo-emulsion-dual-mixed09-kg\\\/#primaryimage\"},\"image\":{\"@id\":\"https:\\\/\\\/globalprix.com\\\/fr\\\/produit\\\/multipol-s-diazo-emulsion-dual-mixed09-kg\\\/#primaryimage\"},\"thumbnailUrl\":\"https:\\\/\\\/globalprix.com\\\/wp-content\\\/uploads\\\/2023\\\/02\\\/multipol_s_2047x2047_v2.jpg\",\"datePublished\":\"2023-02-13T17:28:44+00:00\",\"dateModified\":\"2024-02-26T10:20:18+00:00\",\"breadcrumb\":{\"@id\":\"https:\\\/\\\/globalprix.com\\\/fr\\\/produit\\\/multipol-s-diazo-emulsion-dual-mixed09-kg\\\/#breadcrumb\"},\"inLanguage\":\"fr-FR\",\"potentialAction\":[{\"@type\":\"ReadAction\",\"target\":[\"https:\\\/\\\/globalprix.com\\\/fr\\\/produit\\\/multipol-s-diazo-emulsion-dual-mixed09-kg\\\/\"]}]},{\"@type\":\"ImageObject\",\"inLanguage\":\"fr-FR\",\"@id\":\"https:\\\/\\\/globalprix.com\\\/fr\\\/produit\\\/multipol-s-diazo-emulsion-dual-mixed09-kg\\\/#primaryimage\",\"url\":\"https:\\\/\\\/globalprix.com\\\/wp-content\\\/uploads\\\/2023\\\/02\\\/multipol_s_2047x2047_v2.jpg\",\"contentUrl\":\"https:\\\/\\\/globalprix.com\\\/wp-content\\\/uploads\\\/2023\\\/02\\\/multipol_s_2047x2047_v2.jpg\",\"width\":2047,\"height\":2047},{\"@type\":\"BreadcrumbList\",\"@id\":\"https:\\\/\\\/globalprix.com\\\/fr\\\/produit\\\/multipol-s-diazo-emulsion-dual-mixed09-kg\\\/#breadcrumb\",\"itemListElement\":[{\"@type\":\"ListItem\",\"position\":1,\"name\":\"Portada\",\"item\":\"https:\\\/\\\/globalprix.com\\\/en\\\/\"},{\"@type\":\"ListItem\",\"position\":2,\"name\":\"Boutique\",\"item\":\"https:\\\/\\\/globalprix.com\\\/fr\\\/boutique\\\/\"},{\"@type\":\"ListItem\",\"position\":3,\"name\":\"MULTIPOL S + DIAZO Double \u00e9mulsion mixteConteneur de 0,9 kg\"}]},{\"@type\":\"WebSite\",\"@id\":\"https:\\\/\\\/globalprix.com\\\/#website\",\"url\":\"https:\\\/\\\/globalprix.com\\\/\",\"name\":\"Globalprix\",\"description\":\"Tienda online para Serigraf\u00eda\",\"publisher\":{\"@id\":\"https:\\\/\\\/globalprix.com\\\/#organization\"},\"alternateName\":\"Tienda online de serigraf\u00eda\",\"potentialAction\":[{\"@type\":\"SearchAction\",\"target\":{\"@type\":\"EntryPoint\",\"urlTemplate\":\"https:\\\/\\\/globalprix.com\\\/?s={search_term_string}\"},\"query-input\":{\"@type\":\"PropertyValueSpecification\",\"valueRequired\":true,\"valueName\":\"search_term_string\"}}],\"inLanguage\":\"fr-FR\"},{\"@type\":\"Organization\",\"@id\":\"https:\\\/\\\/globalprix.com\\\/#organization\",\"name\":\"Global Managing\",\"alternateName\":\"Globalprix\",\"url\":\"https:\\\/\\\/globalprix.com\\\/\",\"logo\":{\"@type\":\"ImageObject\",\"inLanguage\":\"fr-FR\",\"@id\":\"https:\\\/\\\/globalprix.com\\\/#\\\/schema\\\/logo\\\/image\\\/\",\"url\":\"https:\\\/\\\/globalprix.com\\\/wp-content\\\/uploads\\\/2023\\\/03\\\/logo-globalprix.jpg\",\"contentUrl\":\"https:\\\/\\\/globalprix.com\\\/wp-content\\\/uploads\\\/2023\\\/03\\\/logo-globalprix.jpg\",\"width\":595,\"height\":202,\"caption\":\"Global Managing\"},\"image\":{\"@id\":\"https:\\\/\\\/globalprix.com\\\/#\\\/schema\\\/logo\\\/image\\\/\"}}]}<\/script>\n<!-- \/ Yoast SEO plugin. -->","yoast_head_json":{"title":"MULTIPOL S + DIAZO  Double \u00e9mulsion mixteConteneur de 0,9 kg | Globalprix.com","robots":{"index":"index","follow":"follow","max-snippet":"max-snippet:-1","max-image-preview":"max-image-preview:large","max-video-preview":"max-video-preview:-1"},"canonical":"https:\/\/globalprix.com\/fr\/produit\/multipol-s-diazo-emulsion-dual-mixed09-kg\/","og_locale":"fr_FR","og_type":"article","og_title":"MULTIPOL S + DIAZO  Double \u00e9mulsion mixteConteneur de 0,9 kg | Globalprix.com","og_description":"\u00c9mulsion polym\u00e8re avec diazo, r\u00e9sistant aux solvants, couleur violette, avec viscosit\u00e9 et sensibilit\u00e9 moyenne. Convient \u00e0 la fabrication d\u2019\u00e9crans de s\u00e9rigraphie et tr\u00e8s r\u00e9sistant dans les proc\u00e9d\u00e9s d\u2019impression avec des encres \u00e0 base de solvant.","og_url":"https:\/\/globalprix.com\/fr\/produit\/multipol-s-diazo-emulsion-dual-mixed09-kg\/","og_site_name":"Globalprix.com","article_modified_time":"2024-02-26T10:20:18+00:00","og_image":[{"width":2047,"height":2047,"url":"https:\/\/globalprix.com\/wp-content\/uploads\/2023\/02\/multipol_s_2047x2047_v2.jpg","type":"image\/jpeg"}],"twitter_card":"summary_large_image","schema":{"@context":"https:\/\/schema.org","@graph":[{"@type":"WebPage","@id":"https:\/\/globalprix.com\/fr\/produit\/multipol-s-diazo-emulsion-dual-mixed09-kg\/","url":"https:\/\/globalprix.com\/fr\/produit\/multipol-s-diazo-emulsion-dual-mixed09-kg\/","name":"MULTIPOL S + DIAZO Double \u00e9mulsion mixte Conteneur de 0,9 kg | Globalprix.com","isPartOf":{"@id":"https:\/\/globalprix.com\/#website"},"primaryImageOfPage":{"@id":"https:\/\/globalprix.com\/fr\/produit\/multipol-s-diazo-emulsion-dual-mixed09-kg\/#primaryimage"},"image":{"@id":"https:\/\/globalprix.com\/fr\/produit\/multipol-s-diazo-emulsion-dual-mixed09-kg\/#primaryimage"},"thumbnailUrl":"https:\/\/globalprix.com\/wp-content\/uploads\/2023\/02\/multipol_s_2047x2047_v2.jpg","datePublished":"2023-02-13T17:28:44+00:00","dateModified":"2024-02-26T10:20:18+00:00","breadcrumb":{"@id":"https:\/\/globalprix.com\/fr\/produit\/multipol-s-diazo-emulsion-dual-mixed09-kg\/#breadcrumb"},"inLanguage":"fr-FR","potentialAction":[{"@type":"ReadAction","target":["https:\/\/globalprix.com\/fr\/produit\/multipol-s-diazo-emulsion-dual-mixed09-kg\/"]}]},{"@type":"ImageObject","inLanguage":"fr-FR","@id":"https:\/\/globalprix.com\/fr\/produit\/multipol-s-diazo-emulsion-dual-mixed09-kg\/#primaryimage","url":"https:\/\/globalprix.com\/wp-content\/uploads\/2023\/02\/multipol_s_2047x2047_v2.jpg","contentUrl":"https:\/\/globalprix.com\/wp-content\/uploads\/2023\/02\/multipol_s_2047x2047_v2.jpg","width":2047,"height":2047},{"@type":"BreadcrumbList","@id":"https:\/\/globalprix.com\/fr\/produit\/multipol-s-diazo-emulsion-dual-mixed09-kg\/#breadcrumb","itemListElement":[{"@type":"ListItem","position":1,"name":"Portada","item":"https:\/\/globalprix.com\/en\/"},{"@type":"ListItem","position":2,"name":"Boutique","item":"https:\/\/globalprix.com\/fr\/boutique\/"},{"@type":"ListItem","position":3,"name":"MULTIPOL S + DIAZO Double \u00e9mulsion mixteConteneur de 0,9 kg"}]},{"@type":"WebSite","@id":"https:\/\/globalprix.com\/#website","url":"https:\/\/globalprix.com\/","name":"Globalprix","description":"Tienda online para Serigraf\u00eda","publisher":{"@id":"https:\/\/globalprix.com\/#organization"},"alternateName":"Tienda online de serigraf\u00eda","potentialAction":[{"@type":"SearchAction","target":{"@type":"EntryPoint","urlTemplate":"https:\/\/globalprix.com\/?s={search_term_string}"},"query-input":{"@type":"PropertyValueSpecification","valueRequired":true,"valueName":"search_term_string"}}],"inLanguage":"fr-FR"},{"@type":"Organization","@id":"https:\/\/globalprix.com\/#organization","name":"Global Managing","alternateName":"Globalprix","url":"https:\/\/globalprix.com\/","logo":{"@type":"ImageObject","inLanguage":"fr-FR","@id":"https:\/\/globalprix.com\/#\/schema\/logo\/image\/","url":"https:\/\/globalprix.com\/wp-content\/uploads\/2023\/03\/logo-globalprix.jpg","contentUrl":"https:\/\/globalprix.com\/wp-content\/uploads\/2023\/03\/logo-globalprix.jpg","width":595,"height":202,"caption":"Global Managing"},"image":{"@id":"https:\/\/globalprix.com\/#\/schema\/logo\/image\/"}}]}},"_links":{"self":[{"href":"https:\/\/globalprix.com\/fr\/wp-json\/wp\/v2\/product\/22974","targetHints":{"allow":["GET"]}}],"collection":[{"href":"https:\/\/globalprix.com\/fr\/wp-json\/wp\/v2\/product"}],"about":[{"href":"https:\/\/globalprix.com\/fr\/wp-json\/wp\/v2\/types\/product"}],"replies":[{"embeddable":true,"href":"https:\/\/globalprix.com\/fr\/wp-json\/wp\/v2\/comments?post=22974"}],"version-history":[{"count":0,"href":"https:\/\/globalprix.com\/fr\/wp-json\/wp\/v2\/product\/22974\/revisions"}],"wp:featuredmedia":[{"embeddable":true,"href":"https:\/\/globalprix.com\/fr\/wp-json\/wp\/v2\/media\/19665"}],"wp:attachment":[{"href":"https:\/\/globalprix.com\/fr\/wp-json\/wp\/v2\/media?parent=22974"}],"wp:term":[{"taxonomy":"product_brand","embeddable":true,"href":"https:\/\/globalprix.com\/fr\/wp-json\/wp\/v2\/product_brand?post=22974"},{"taxonomy":"product_cat","embeddable":true,"href":"https:\/\/globalprix.com\/fr\/wp-json\/wp\/v2\/product_cat?post=22974"},{"taxonomy":"product_tag","embeddable":true,"href":"https:\/\/globalprix.com\/fr\/wp-json\/wp\/v2\/product_tag?post=22974"}],"curies":[{"name":"wp","href":"https:\/\/api.w.org\/{rel}","templated":true}]}}