{"id":22997,"date":"2023-02-13T18:13:28","date_gmt":"2023-02-13T17:13:28","guid":{"rendered":"https:\/\/globalprix.com\/producto\/multipol-m-09-kg-diazoemulsion-mixte-dual-de-haute-resistance-et-dexposition-lente\/"},"modified":"2024-02-20T16:37:53","modified_gmt":"2024-02-20T15:37:53","slug":"multipol-m-diazoemulsion-double-mixte-haute-resistance-et-exposition-lente09-kg","status":"publish","type":"product","link":"https:\/\/globalprix.com\/fr\/produit\/multipol-m-diazoemulsion-double-mixte-haute-resistance-et-exposition-lente09-kg\/","title":{"rendered":"MULTIPOL M+ DIAZO<br>Double \u00e9mulsion mixte \u00e0 haute r\u00e9sistance et \u00e0 exposition lente.<br>Conteneur de 0,9 kg"},"content":{"rendered":"<p>S\u2019il n\u2019y a pas de stock de l\u2019article, contactez-nous pour d\u00e9finir un d\u00e9lai de livraison en info@globalprix.com<\/p>\n","protected":false},"excerpt":{"rendered":"<p>\u00c9mulsion \u00e0 double durcissement (polym\u00e8re avec diazo\u00efque) d\u2019exposition moyenne-\u00e9lev\u00e9e, r\u00e9sistante \u00e0 tout type d\u2019encre. Bleu. Il contient 40% de solides, avec une viscosit\u00e9 moyenne, une flexibilit\u00e9 sup\u00e9rieure qui en fait une \u00e9mulsion de tr\u00e8s haute r\u00e9solution et une r\u00e9sistance m\u00e9canique extraordinaire. Catalysable chimiquement. Convient \u00e0 la fabrication d\u2019\u00e9crans de s\u00e9rigraphie tr\u00e8s polyvalents en r\u00e9sistance et moyenne-haute r\u00e9solution pour toute industrie.<\/p>\n","protected":false},"featured_media":5410,"comment_status":"open","ping_status":"closed","template":"","meta":[],"product_brand":[],"product_cat":[576,613,2798,2683],"product_tag":[],"class_list":{"0":"post-22997","1":"product","2":"type-product","3":"status-publish","4":"has-post-thumbnail","6":"product_cat-pantallas-serigraficas-fr","7":"product_cat-emulsion-fr","8":"product_cat-emulsions-avec-diazo","9":"product_cat-serigraphie","11":"first","12":"outofstock","13":"taxable","14":"shipping-taxable","15":"purchasable","16":"product-type-simple"},"yoast_head":"<!-- This site is optimized with the Yoast SEO plugin v27.3 - https:\/\/yoast.com\/product\/yoast-seo-wordpress\/ -->\n<title>MULTIPOL M+ DIAZODouble \u00e9mulsion mixte \u00e0 haute r\u00e9sistance et \u00e0 exposition lente.Conteneur de 0,9 kg | Globalprix.com<\/title>\n<meta name=\"robots\" content=\"index, follow, max-snippet:-1, max-image-preview:large, max-video-preview:-1\" \/>\n<link rel=\"canonical\" href=\"https:\/\/globalprix.com\/fr\/produit\/multipol-m-diazoemulsion-double-mixte-haute-resistance-et-exposition-lente09-kg\/\" \/>\n<meta property=\"og:locale\" content=\"fr_FR\" \/>\n<meta property=\"og:type\" content=\"article\" \/>\n<meta property=\"og:title\" content=\"MULTIPOL M+ DIAZODouble \u00e9mulsion mixte \u00e0 haute r\u00e9sistance et \u00e0 exposition lente.Conteneur de 0,9 kg | Globalprix.com\" \/>\n<meta property=\"og:description\" content=\"\u00c9mulsion \u00e0 double durcissement (polym\u00e8re avec diazo\u00efque) d\u2019exposition moyenne-\u00e9lev\u00e9e, r\u00e9sistante \u00e0 tout type d\u2019encre. Bleu. Il contient 40% de solides, avec une viscosit\u00e9 moyenne, une flexibilit\u00e9 sup\u00e9rieure qui en fait une \u00e9mulsion de tr\u00e8s haute r\u00e9solution et une r\u00e9sistance m\u00e9canique extraordinaire. Catalysable chimiquement. Convient \u00e0 la fabrication d\u2019\u00e9crans de s\u00e9rigraphie tr\u00e8s polyvalents en r\u00e9sistance et moyenne-haute r\u00e9solution pour toute industrie.\" \/>\n<meta property=\"og:url\" content=\"https:\/\/globalprix.com\/fr\/produit\/multipol-m-diazoemulsion-double-mixte-haute-resistance-et-exposition-lente09-kg\/\" \/>\n<meta property=\"og:site_name\" content=\"Globalprix.com\" \/>\n<meta property=\"article:modified_time\" content=\"2024-02-20T15:37:53+00:00\" \/>\n<meta property=\"og:image\" content=\"https:\/\/globalprix.com\/wp-content\/uploads\/2021\/05\/multipol-m-diazo-09kg.jpg\" \/>\n\t<meta property=\"og:image:width\" content=\"2047\" \/>\n\t<meta property=\"og:image:height\" content=\"2047\" \/>\n\t<meta property=\"og:image:type\" content=\"image\/jpeg\" \/>\n<meta name=\"twitter:card\" content=\"summary_large_image\" \/>\n<script type=\"application\/ld+json\" class=\"yoast-schema-graph\">{\"@context\":\"https:\\\/\\\/schema.org\",\"@graph\":[{\"@type\":\"WebPage\",\"@id\":\"https:\\\/\\\/globalprix.com\\\/fr\\\/produit\\\/multipol-m-diazoemulsion-double-mixte-haute-resistance-et-exposition-lente09-kg\\\/\",\"url\":\"https:\\\/\\\/globalprix.com\\\/fr\\\/produit\\\/multipol-m-diazoemulsion-double-mixte-haute-resistance-et-exposition-lente09-kg\\\/\",\"name\":\"MULTIPOL M+ DIAZO Double \u00e9mulsion mixte \u00e0 haute r\u00e9sistance et \u00e0 exposition lente. Conteneur de 0,9 kg | Globalprix.com\",\"isPartOf\":{\"@id\":\"https:\\\/\\\/globalprix.com\\\/#website\"},\"primaryImageOfPage\":{\"@id\":\"https:\\\/\\\/globalprix.com\\\/fr\\\/produit\\\/multipol-m-diazoemulsion-double-mixte-haute-resistance-et-exposition-lente09-kg\\\/#primaryimage\"},\"image\":{\"@id\":\"https:\\\/\\\/globalprix.com\\\/fr\\\/produit\\\/multipol-m-diazoemulsion-double-mixte-haute-resistance-et-exposition-lente09-kg\\\/#primaryimage\"},\"thumbnailUrl\":\"https:\\\/\\\/globalprix.com\\\/wp-content\\\/uploads\\\/2021\\\/05\\\/multipol-m-diazo-09kg.jpg\",\"datePublished\":\"2023-02-13T17:13:28+00:00\",\"dateModified\":\"2024-02-20T15:37:53+00:00\",\"breadcrumb\":{\"@id\":\"https:\\\/\\\/globalprix.com\\\/fr\\\/produit\\\/multipol-m-diazoemulsion-double-mixte-haute-resistance-et-exposition-lente09-kg\\\/#breadcrumb\"},\"inLanguage\":\"fr-FR\",\"potentialAction\":[{\"@type\":\"ReadAction\",\"target\":[\"https:\\\/\\\/globalprix.com\\\/fr\\\/produit\\\/multipol-m-diazoemulsion-double-mixte-haute-resistance-et-exposition-lente09-kg\\\/\"]}]},{\"@type\":\"ImageObject\",\"inLanguage\":\"fr-FR\",\"@id\":\"https:\\\/\\\/globalprix.com\\\/fr\\\/produit\\\/multipol-m-diazoemulsion-double-mixte-haute-resistance-et-exposition-lente09-kg\\\/#primaryimage\",\"url\":\"https:\\\/\\\/globalprix.com\\\/wp-content\\\/uploads\\\/2021\\\/05\\\/multipol-m-diazo-09kg.jpg\",\"contentUrl\":\"https:\\\/\\\/globalprix.com\\\/wp-content\\\/uploads\\\/2021\\\/05\\\/multipol-m-diazo-09kg.jpg\",\"width\":2047,\"height\":2047},{\"@type\":\"BreadcrumbList\",\"@id\":\"https:\\\/\\\/globalprix.com\\\/fr\\\/produit\\\/multipol-m-diazoemulsion-double-mixte-haute-resistance-et-exposition-lente09-kg\\\/#breadcrumb\",\"itemListElement\":[{\"@type\":\"ListItem\",\"position\":1,\"name\":\"Portada\",\"item\":\"https:\\\/\\\/globalprix.com\\\/en\\\/\"},{\"@type\":\"ListItem\",\"position\":2,\"name\":\"Boutique\",\"item\":\"https:\\\/\\\/globalprix.com\\\/fr\\\/boutique\\\/\"},{\"@type\":\"ListItem\",\"position\":3,\"name\":\"MULTIPOL M+ DIAZODouble \u00e9mulsion mixte \u00e0 haute r\u00e9sistance et \u00e0 exposition lente.Conteneur de 0,9 kg\"}]},{\"@type\":\"WebSite\",\"@id\":\"https:\\\/\\\/globalprix.com\\\/#website\",\"url\":\"https:\\\/\\\/globalprix.com\\\/\",\"name\":\"Globalprix\",\"description\":\"Tienda online para Serigraf\u00eda\",\"publisher\":{\"@id\":\"https:\\\/\\\/globalprix.com\\\/#organization\"},\"alternateName\":\"Tienda online de serigraf\u00eda\",\"potentialAction\":[{\"@type\":\"SearchAction\",\"target\":{\"@type\":\"EntryPoint\",\"urlTemplate\":\"https:\\\/\\\/globalprix.com\\\/?s={search_term_string}\"},\"query-input\":{\"@type\":\"PropertyValueSpecification\",\"valueRequired\":true,\"valueName\":\"search_term_string\"}}],\"inLanguage\":\"fr-FR\"},{\"@type\":\"Organization\",\"@id\":\"https:\\\/\\\/globalprix.com\\\/#organization\",\"name\":\"Global Managing\",\"alternateName\":\"Globalprix\",\"url\":\"https:\\\/\\\/globalprix.com\\\/\",\"logo\":{\"@type\":\"ImageObject\",\"inLanguage\":\"fr-FR\",\"@id\":\"https:\\\/\\\/globalprix.com\\\/#\\\/schema\\\/logo\\\/image\\\/\",\"url\":\"https:\\\/\\\/globalprix.com\\\/wp-content\\\/uploads\\\/2023\\\/03\\\/logo-globalprix.jpg\",\"contentUrl\":\"https:\\\/\\\/globalprix.com\\\/wp-content\\\/uploads\\\/2023\\\/03\\\/logo-globalprix.jpg\",\"width\":595,\"height\":202,\"caption\":\"Global Managing\"},\"image\":{\"@id\":\"https:\\\/\\\/globalprix.com\\\/#\\\/schema\\\/logo\\\/image\\\/\"}}]}<\/script>\n<!-- \/ Yoast SEO plugin. -->","yoast_head_json":{"title":"MULTIPOL M+ DIAZODouble \u00e9mulsion mixte \u00e0 haute r\u00e9sistance et \u00e0 exposition lente.Conteneur de 0,9 kg | Globalprix.com","robots":{"index":"index","follow":"follow","max-snippet":"max-snippet:-1","max-image-preview":"max-image-preview:large","max-video-preview":"max-video-preview:-1"},"canonical":"https:\/\/globalprix.com\/fr\/produit\/multipol-m-diazoemulsion-double-mixte-haute-resistance-et-exposition-lente09-kg\/","og_locale":"fr_FR","og_type":"article","og_title":"MULTIPOL M+ DIAZODouble \u00e9mulsion mixte \u00e0 haute r\u00e9sistance et \u00e0 exposition lente.Conteneur de 0,9 kg | Globalprix.com","og_description":"\u00c9mulsion \u00e0 double durcissement (polym\u00e8re avec diazo\u00efque) d\u2019exposition moyenne-\u00e9lev\u00e9e, r\u00e9sistante \u00e0 tout type d\u2019encre. Bleu. Il contient 40% de solides, avec une viscosit\u00e9 moyenne, une flexibilit\u00e9 sup\u00e9rieure qui en fait une \u00e9mulsion de tr\u00e8s haute r\u00e9solution et une r\u00e9sistance m\u00e9canique extraordinaire. Catalysable chimiquement. Convient \u00e0 la fabrication d\u2019\u00e9crans de s\u00e9rigraphie tr\u00e8s polyvalents en r\u00e9sistance et moyenne-haute r\u00e9solution pour toute industrie.","og_url":"https:\/\/globalprix.com\/fr\/produit\/multipol-m-diazoemulsion-double-mixte-haute-resistance-et-exposition-lente09-kg\/","og_site_name":"Globalprix.com","article_modified_time":"2024-02-20T15:37:53+00:00","og_image":[{"width":2047,"height":2047,"url":"https:\/\/globalprix.com\/wp-content\/uploads\/2021\/05\/multipol-m-diazo-09kg.jpg","type":"image\/jpeg"}],"twitter_card":"summary_large_image","schema":{"@context":"https:\/\/schema.org","@graph":[{"@type":"WebPage","@id":"https:\/\/globalprix.com\/fr\/produit\/multipol-m-diazoemulsion-double-mixte-haute-resistance-et-exposition-lente09-kg\/","url":"https:\/\/globalprix.com\/fr\/produit\/multipol-m-diazoemulsion-double-mixte-haute-resistance-et-exposition-lente09-kg\/","name":"MULTIPOL M+ DIAZO Double \u00e9mulsion mixte \u00e0 haute r\u00e9sistance et \u00e0 exposition lente. Conteneur de 0,9 kg | Globalprix.com","isPartOf":{"@id":"https:\/\/globalprix.com\/#website"},"primaryImageOfPage":{"@id":"https:\/\/globalprix.com\/fr\/produit\/multipol-m-diazoemulsion-double-mixte-haute-resistance-et-exposition-lente09-kg\/#primaryimage"},"image":{"@id":"https:\/\/globalprix.com\/fr\/produit\/multipol-m-diazoemulsion-double-mixte-haute-resistance-et-exposition-lente09-kg\/#primaryimage"},"thumbnailUrl":"https:\/\/globalprix.com\/wp-content\/uploads\/2021\/05\/multipol-m-diazo-09kg.jpg","datePublished":"2023-02-13T17:13:28+00:00","dateModified":"2024-02-20T15:37:53+00:00","breadcrumb":{"@id":"https:\/\/globalprix.com\/fr\/produit\/multipol-m-diazoemulsion-double-mixte-haute-resistance-et-exposition-lente09-kg\/#breadcrumb"},"inLanguage":"fr-FR","potentialAction":[{"@type":"ReadAction","target":["https:\/\/globalprix.com\/fr\/produit\/multipol-m-diazoemulsion-double-mixte-haute-resistance-et-exposition-lente09-kg\/"]}]},{"@type":"ImageObject","inLanguage":"fr-FR","@id":"https:\/\/globalprix.com\/fr\/produit\/multipol-m-diazoemulsion-double-mixte-haute-resistance-et-exposition-lente09-kg\/#primaryimage","url":"https:\/\/globalprix.com\/wp-content\/uploads\/2021\/05\/multipol-m-diazo-09kg.jpg","contentUrl":"https:\/\/globalprix.com\/wp-content\/uploads\/2021\/05\/multipol-m-diazo-09kg.jpg","width":2047,"height":2047},{"@type":"BreadcrumbList","@id":"https:\/\/globalprix.com\/fr\/produit\/multipol-m-diazoemulsion-double-mixte-haute-resistance-et-exposition-lente09-kg\/#breadcrumb","itemListElement":[{"@type":"ListItem","position":1,"name":"Portada","item":"https:\/\/globalprix.com\/en\/"},{"@type":"ListItem","position":2,"name":"Boutique","item":"https:\/\/globalprix.com\/fr\/boutique\/"},{"@type":"ListItem","position":3,"name":"MULTIPOL M+ DIAZODouble \u00e9mulsion mixte \u00e0 haute r\u00e9sistance et \u00e0 exposition lente.Conteneur de 0,9 kg"}]},{"@type":"WebSite","@id":"https:\/\/globalprix.com\/#website","url":"https:\/\/globalprix.com\/","name":"Globalprix","description":"Tienda online para Serigraf\u00eda","publisher":{"@id":"https:\/\/globalprix.com\/#organization"},"alternateName":"Tienda online de serigraf\u00eda","potentialAction":[{"@type":"SearchAction","target":{"@type":"EntryPoint","urlTemplate":"https:\/\/globalprix.com\/?s={search_term_string}"},"query-input":{"@type":"PropertyValueSpecification","valueRequired":true,"valueName":"search_term_string"}}],"inLanguage":"fr-FR"},{"@type":"Organization","@id":"https:\/\/globalprix.com\/#organization","name":"Global Managing","alternateName":"Globalprix","url":"https:\/\/globalprix.com\/","logo":{"@type":"ImageObject","inLanguage":"fr-FR","@id":"https:\/\/globalprix.com\/#\/schema\/logo\/image\/","url":"https:\/\/globalprix.com\/wp-content\/uploads\/2023\/03\/logo-globalprix.jpg","contentUrl":"https:\/\/globalprix.com\/wp-content\/uploads\/2023\/03\/logo-globalprix.jpg","width":595,"height":202,"caption":"Global Managing"},"image":{"@id":"https:\/\/globalprix.com\/#\/schema\/logo\/image\/"}}]}},"_links":{"self":[{"href":"https:\/\/globalprix.com\/fr\/wp-json\/wp\/v2\/product\/22997","targetHints":{"allow":["GET"]}}],"collection":[{"href":"https:\/\/globalprix.com\/fr\/wp-json\/wp\/v2\/product"}],"about":[{"href":"https:\/\/globalprix.com\/fr\/wp-json\/wp\/v2\/types\/product"}],"replies":[{"embeddable":true,"href":"https:\/\/globalprix.com\/fr\/wp-json\/wp\/v2\/comments?post=22997"}],"version-history":[{"count":0,"href":"https:\/\/globalprix.com\/fr\/wp-json\/wp\/v2\/product\/22997\/revisions"}],"wp:featuredmedia":[{"embeddable":true,"href":"https:\/\/globalprix.com\/fr\/wp-json\/wp\/v2\/media\/5410"}],"wp:attachment":[{"href":"https:\/\/globalprix.com\/fr\/wp-json\/wp\/v2\/media?parent=22997"}],"wp:term":[{"taxonomy":"product_brand","embeddable":true,"href":"https:\/\/globalprix.com\/fr\/wp-json\/wp\/v2\/product_brand?post=22997"},{"taxonomy":"product_cat","embeddable":true,"href":"https:\/\/globalprix.com\/fr\/wp-json\/wp\/v2\/product_cat?post=22997"},{"taxonomy":"product_tag","embeddable":true,"href":"https:\/\/globalprix.com\/fr\/wp-json\/wp\/v2\/product_tag?post=22997"}],"curies":[{"name":"wp","href":"https:\/\/api.w.org\/{rel}","templated":true}]}}