{"id":22998,"date":"2023-02-10T12:57:44","date_gmt":"2023-02-10T11:57:44","guid":{"rendered":"https:\/\/globalprix.com\/producto\/vinyle-imprimable-stahls-couleur-cad-premium-050x1-mt\/"},"modified":"2023-10-11T15:51:56","modified_gmt":"2023-10-11T13:51:56","slug":"premium-cad-couleurvinyle-textile-imprimablelargeur-50-cmse-vend-par-ligne-metres","status":"publish","type":"product","link":"https:\/\/globalprix.com\/fr\/produit\/premium-cad-couleurvinyle-textile-imprimablelargeur-50-cmse-vend-par-ligne-metres\/","title":{"rendered":"COULEUR CAO PREMIUM<br>VINYLE TEXTILE IMPRIMABLE<br>Largeur 50 cm<br>Il est vendu au m\u00e8tre lin\u00e9aire"},"content":{"rendered":"","protected":false},"excerpt":{"rendered":"<p>Le vinyle d\u2019impression textile, mince, avec une excellente \u00e9lasticit\u00e9 et rebond, est parfait pour les v\u00eatements haute performance. La faible temp\u00e9rature d\u2019application aide \u00e0 pr\u00e9venir les br\u00fblures et la fonte. Le support givr\u00e9 rend les lignes de coupe faciles \u00e0 voir.<\/p>\n","protected":false},"featured_media":21771,"comment_status":"open","ping_status":"closed","template":"","meta":[],"product_brand":[],"product_cat":[552,542,520],"product_tag":[],"class_list":{"0":"post-22998","1":"product","2":"type-product","3":"status-publish","4":"has-post-thumbnail","6":"product_cat-imprimible-2-fr","7":"product_cat-stahls-fr","8":"product_cat-vinilo-fr","10":"first","11":"instock","12":"taxable","13":"shipping-taxable","14":"purchasable","15":"product-type-simple"},"yoast_head":"<!-- This site is optimized with the Yoast SEO plugin v27.3 - https:\/\/yoast.com\/product\/yoast-seo-wordpress\/ -->\n<title>COULEUR CAO PREMIUMVINYLE TEXTILE IMPRIMABLELargeur 50 cmIl est vendu au m\u00e8tre lin\u00e9aire | Globalprix.com<\/title>\n<meta name=\"robots\" content=\"index, follow, max-snippet:-1, max-image-preview:large, max-video-preview:-1\" \/>\n<link rel=\"canonical\" href=\"https:\/\/globalprix.com\/fr\/produit\/premium-cad-couleurvinyle-textile-imprimablelargeur-50-cmse-vend-par-ligne-metres\/\" \/>\n<meta property=\"og:locale\" content=\"fr_FR\" \/>\n<meta property=\"og:type\" content=\"article\" \/>\n<meta property=\"og:title\" content=\"COULEUR CAO PREMIUMVINYLE TEXTILE IMPRIMABLELargeur 50 cmIl est vendu au m\u00e8tre lin\u00e9aire | Globalprix.com\" \/>\n<meta property=\"og:description\" content=\"Le vinyle d\u2019impression textile, mince, avec une excellente \u00e9lasticit\u00e9 et rebond, est parfait pour les v\u00eatements haute performance. La faible temp\u00e9rature d\u2019application aide \u00e0 pr\u00e9venir les br\u00fblures et la fonte. Le support givr\u00e9 rend les lignes de coupe faciles \u00e0 voir.\" \/>\n<meta property=\"og:url\" content=\"https:\/\/globalprix.com\/fr\/produit\/premium-cad-couleurvinyle-textile-imprimablelargeur-50-cmse-vend-par-ligne-metres\/\" \/>\n<meta property=\"og:site_name\" content=\"Globalprix.com\" \/>\n<meta property=\"article:modified_time\" content=\"2023-10-11T13:51:56+00:00\" \/>\n<meta property=\"og:image\" content=\"https:\/\/globalprix.com\/wp-content\/uploads\/2023\/02\/stahls-cad-color-sportsfilm.png\" \/>\n\t<meta property=\"og:image:width\" content=\"1500\" \/>\n\t<meta property=\"og:image:height\" content=\"1174\" \/>\n\t<meta property=\"og:image:type\" content=\"image\/png\" \/>\n<meta name=\"twitter:card\" content=\"summary_large_image\" \/>\n<script type=\"application\/ld+json\" class=\"yoast-schema-graph\">{\"@context\":\"https:\\\/\\\/schema.org\",\"@graph\":[{\"@type\":\"WebPage\",\"@id\":\"https:\\\/\\\/globalprix.com\\\/fr\\\/produit\\\/premium-cad-couleurvinyle-textile-imprimablelargeur-50-cmse-vend-par-ligne-metres\\\/\",\"url\":\"https:\\\/\\\/globalprix.com\\\/fr\\\/produit\\\/premium-cad-couleurvinyle-textile-imprimablelargeur-50-cmse-vend-par-ligne-metres\\\/\",\"name\":\"COULEUR CAO PREMIUM VINYLE TEXTILE IMPRIMABLE Largeur 50 cm Il est vendu au m\u00e8tre lin\u00e9aire | Globalprix.com\",\"isPartOf\":{\"@id\":\"https:\\\/\\\/globalprix.com\\\/#website\"},\"primaryImageOfPage\":{\"@id\":\"https:\\\/\\\/globalprix.com\\\/fr\\\/produit\\\/premium-cad-couleurvinyle-textile-imprimablelargeur-50-cmse-vend-par-ligne-metres\\\/#primaryimage\"},\"image\":{\"@id\":\"https:\\\/\\\/globalprix.com\\\/fr\\\/produit\\\/premium-cad-couleurvinyle-textile-imprimablelargeur-50-cmse-vend-par-ligne-metres\\\/#primaryimage\"},\"thumbnailUrl\":\"https:\\\/\\\/globalprix.com\\\/wp-content\\\/uploads\\\/2023\\\/02\\\/stahls-cad-color-sportsfilm.png\",\"datePublished\":\"2023-02-10T11:57:44+00:00\",\"dateModified\":\"2023-10-11T13:51:56+00:00\",\"breadcrumb\":{\"@id\":\"https:\\\/\\\/globalprix.com\\\/fr\\\/produit\\\/premium-cad-couleurvinyle-textile-imprimablelargeur-50-cmse-vend-par-ligne-metres\\\/#breadcrumb\"},\"inLanguage\":\"fr-FR\",\"potentialAction\":[{\"@type\":\"ReadAction\",\"target\":[\"https:\\\/\\\/globalprix.com\\\/fr\\\/produit\\\/premium-cad-couleurvinyle-textile-imprimablelargeur-50-cmse-vend-par-ligne-metres\\\/\"]}]},{\"@type\":\"ImageObject\",\"inLanguage\":\"fr-FR\",\"@id\":\"https:\\\/\\\/globalprix.com\\\/fr\\\/produit\\\/premium-cad-couleurvinyle-textile-imprimablelargeur-50-cmse-vend-par-ligne-metres\\\/#primaryimage\",\"url\":\"https:\\\/\\\/globalprix.com\\\/wp-content\\\/uploads\\\/2023\\\/02\\\/stahls-cad-color-sportsfilm.png\",\"contentUrl\":\"https:\\\/\\\/globalprix.com\\\/wp-content\\\/uploads\\\/2023\\\/02\\\/stahls-cad-color-sportsfilm.png\",\"width\":1500,\"height\":1174},{\"@type\":\"BreadcrumbList\",\"@id\":\"https:\\\/\\\/globalprix.com\\\/fr\\\/produit\\\/premium-cad-couleurvinyle-textile-imprimablelargeur-50-cmse-vend-par-ligne-metres\\\/#breadcrumb\",\"itemListElement\":[{\"@type\":\"ListItem\",\"position\":1,\"name\":\"Portada\",\"item\":\"https:\\\/\\\/globalprix.com\\\/en\\\/\"},{\"@type\":\"ListItem\",\"position\":2,\"name\":\"Boutique\",\"item\":\"https:\\\/\\\/globalprix.com\\\/fr\\\/boutique\\\/\"},{\"@type\":\"ListItem\",\"position\":3,\"name\":\"COULEUR CAO PREMIUMVINYLE TEXTILE IMPRIMABLELargeur 50 cmIl est vendu au m\u00e8tre lin\u00e9aire\"}]},{\"@type\":\"WebSite\",\"@id\":\"https:\\\/\\\/globalprix.com\\\/#website\",\"url\":\"https:\\\/\\\/globalprix.com\\\/\",\"name\":\"Globalprix\",\"description\":\"Tienda online para Serigraf\u00eda\",\"publisher\":{\"@id\":\"https:\\\/\\\/globalprix.com\\\/#organization\"},\"alternateName\":\"Tienda online de serigraf\u00eda\",\"potentialAction\":[{\"@type\":\"SearchAction\",\"target\":{\"@type\":\"EntryPoint\",\"urlTemplate\":\"https:\\\/\\\/globalprix.com\\\/?s={search_term_string}\"},\"query-input\":{\"@type\":\"PropertyValueSpecification\",\"valueRequired\":true,\"valueName\":\"search_term_string\"}}],\"inLanguage\":\"fr-FR\"},{\"@type\":\"Organization\",\"@id\":\"https:\\\/\\\/globalprix.com\\\/#organization\",\"name\":\"Global Managing\",\"alternateName\":\"Globalprix\",\"url\":\"https:\\\/\\\/globalprix.com\\\/\",\"logo\":{\"@type\":\"ImageObject\",\"inLanguage\":\"fr-FR\",\"@id\":\"https:\\\/\\\/globalprix.com\\\/#\\\/schema\\\/logo\\\/image\\\/\",\"url\":\"https:\\\/\\\/globalprix.com\\\/wp-content\\\/uploads\\\/2023\\\/03\\\/logo-globalprix.jpg\",\"contentUrl\":\"https:\\\/\\\/globalprix.com\\\/wp-content\\\/uploads\\\/2023\\\/03\\\/logo-globalprix.jpg\",\"width\":595,\"height\":202,\"caption\":\"Global Managing\"},\"image\":{\"@id\":\"https:\\\/\\\/globalprix.com\\\/#\\\/schema\\\/logo\\\/image\\\/\"}}]}<\/script>\n<!-- \/ Yoast SEO plugin. -->","yoast_head_json":{"title":"COULEUR CAO PREMIUMVINYLE TEXTILE IMPRIMABLELargeur 50 cmIl est vendu au m\u00e8tre lin\u00e9aire | Globalprix.com","robots":{"index":"index","follow":"follow","max-snippet":"max-snippet:-1","max-image-preview":"max-image-preview:large","max-video-preview":"max-video-preview:-1"},"canonical":"https:\/\/globalprix.com\/fr\/produit\/premium-cad-couleurvinyle-textile-imprimablelargeur-50-cmse-vend-par-ligne-metres\/","og_locale":"fr_FR","og_type":"article","og_title":"COULEUR CAO PREMIUMVINYLE TEXTILE IMPRIMABLELargeur 50 cmIl est vendu au m\u00e8tre lin\u00e9aire | Globalprix.com","og_description":"Le vinyle d\u2019impression textile, mince, avec une excellente \u00e9lasticit\u00e9 et rebond, est parfait pour les v\u00eatements haute performance. La faible temp\u00e9rature d\u2019application aide \u00e0 pr\u00e9venir les br\u00fblures et la fonte. Le support givr\u00e9 rend les lignes de coupe faciles \u00e0 voir.","og_url":"https:\/\/globalprix.com\/fr\/produit\/premium-cad-couleurvinyle-textile-imprimablelargeur-50-cmse-vend-par-ligne-metres\/","og_site_name":"Globalprix.com","article_modified_time":"2023-10-11T13:51:56+00:00","og_image":[{"width":1500,"height":1174,"url":"https:\/\/globalprix.com\/wp-content\/uploads\/2023\/02\/stahls-cad-color-sportsfilm.png","type":"image\/png"}],"twitter_card":"summary_large_image","schema":{"@context":"https:\/\/schema.org","@graph":[{"@type":"WebPage","@id":"https:\/\/globalprix.com\/fr\/produit\/premium-cad-couleurvinyle-textile-imprimablelargeur-50-cmse-vend-par-ligne-metres\/","url":"https:\/\/globalprix.com\/fr\/produit\/premium-cad-couleurvinyle-textile-imprimablelargeur-50-cmse-vend-par-ligne-metres\/","name":"COULEUR CAO PREMIUM VINYLE TEXTILE IMPRIMABLE Largeur 50 cm Il est vendu au m\u00e8tre lin\u00e9aire | Globalprix.com","isPartOf":{"@id":"https:\/\/globalprix.com\/#website"},"primaryImageOfPage":{"@id":"https:\/\/globalprix.com\/fr\/produit\/premium-cad-couleurvinyle-textile-imprimablelargeur-50-cmse-vend-par-ligne-metres\/#primaryimage"},"image":{"@id":"https:\/\/globalprix.com\/fr\/produit\/premium-cad-couleurvinyle-textile-imprimablelargeur-50-cmse-vend-par-ligne-metres\/#primaryimage"},"thumbnailUrl":"https:\/\/globalprix.com\/wp-content\/uploads\/2023\/02\/stahls-cad-color-sportsfilm.png","datePublished":"2023-02-10T11:57:44+00:00","dateModified":"2023-10-11T13:51:56+00:00","breadcrumb":{"@id":"https:\/\/globalprix.com\/fr\/produit\/premium-cad-couleurvinyle-textile-imprimablelargeur-50-cmse-vend-par-ligne-metres\/#breadcrumb"},"inLanguage":"fr-FR","potentialAction":[{"@type":"ReadAction","target":["https:\/\/globalprix.com\/fr\/produit\/premium-cad-couleurvinyle-textile-imprimablelargeur-50-cmse-vend-par-ligne-metres\/"]}]},{"@type":"ImageObject","inLanguage":"fr-FR","@id":"https:\/\/globalprix.com\/fr\/produit\/premium-cad-couleurvinyle-textile-imprimablelargeur-50-cmse-vend-par-ligne-metres\/#primaryimage","url":"https:\/\/globalprix.com\/wp-content\/uploads\/2023\/02\/stahls-cad-color-sportsfilm.png","contentUrl":"https:\/\/globalprix.com\/wp-content\/uploads\/2023\/02\/stahls-cad-color-sportsfilm.png","width":1500,"height":1174},{"@type":"BreadcrumbList","@id":"https:\/\/globalprix.com\/fr\/produit\/premium-cad-couleurvinyle-textile-imprimablelargeur-50-cmse-vend-par-ligne-metres\/#breadcrumb","itemListElement":[{"@type":"ListItem","position":1,"name":"Portada","item":"https:\/\/globalprix.com\/en\/"},{"@type":"ListItem","position":2,"name":"Boutique","item":"https:\/\/globalprix.com\/fr\/boutique\/"},{"@type":"ListItem","position":3,"name":"COULEUR CAO PREMIUMVINYLE TEXTILE IMPRIMABLELargeur 50 cmIl est vendu au m\u00e8tre lin\u00e9aire"}]},{"@type":"WebSite","@id":"https:\/\/globalprix.com\/#website","url":"https:\/\/globalprix.com\/","name":"Globalprix","description":"Tienda online para Serigraf\u00eda","publisher":{"@id":"https:\/\/globalprix.com\/#organization"},"alternateName":"Tienda online de serigraf\u00eda","potentialAction":[{"@type":"SearchAction","target":{"@type":"EntryPoint","urlTemplate":"https:\/\/globalprix.com\/?s={search_term_string}"},"query-input":{"@type":"PropertyValueSpecification","valueRequired":true,"valueName":"search_term_string"}}],"inLanguage":"fr-FR"},{"@type":"Organization","@id":"https:\/\/globalprix.com\/#organization","name":"Global Managing","alternateName":"Globalprix","url":"https:\/\/globalprix.com\/","logo":{"@type":"ImageObject","inLanguage":"fr-FR","@id":"https:\/\/globalprix.com\/#\/schema\/logo\/image\/","url":"https:\/\/globalprix.com\/wp-content\/uploads\/2023\/03\/logo-globalprix.jpg","contentUrl":"https:\/\/globalprix.com\/wp-content\/uploads\/2023\/03\/logo-globalprix.jpg","width":595,"height":202,"caption":"Global Managing"},"image":{"@id":"https:\/\/globalprix.com\/#\/schema\/logo\/image\/"}}]}},"_links":{"self":[{"href":"https:\/\/globalprix.com\/fr\/wp-json\/wp\/v2\/product\/22998","targetHints":{"allow":["GET"]}}],"collection":[{"href":"https:\/\/globalprix.com\/fr\/wp-json\/wp\/v2\/product"}],"about":[{"href":"https:\/\/globalprix.com\/fr\/wp-json\/wp\/v2\/types\/product"}],"replies":[{"embeddable":true,"href":"https:\/\/globalprix.com\/fr\/wp-json\/wp\/v2\/comments?post=22998"}],"version-history":[{"count":0,"href":"https:\/\/globalprix.com\/fr\/wp-json\/wp\/v2\/product\/22998\/revisions"}],"wp:featuredmedia":[{"embeddable":true,"href":"https:\/\/globalprix.com\/fr\/wp-json\/wp\/v2\/media\/21771"}],"wp:attachment":[{"href":"https:\/\/globalprix.com\/fr\/wp-json\/wp\/v2\/media?parent=22998"}],"wp:term":[{"taxonomy":"product_brand","embeddable":true,"href":"https:\/\/globalprix.com\/fr\/wp-json\/wp\/v2\/product_brand?post=22998"},{"taxonomy":"product_cat","embeddable":true,"href":"https:\/\/globalprix.com\/fr\/wp-json\/wp\/v2\/product_cat?post=22998"},{"taxonomy":"product_tag","embeddable":true,"href":"https:\/\/globalprix.com\/fr\/wp-json\/wp\/v2\/product_tag?post=22998"}],"curies":[{"name":"wp","href":"https:\/\/api.w.org\/{rel}","templated":true}]}}