{"id":23002,"date":"2023-02-15T16:20:30","date_gmt":"2023-02-15T15:20:30","guid":{"rendered":"https:\/\/globalprix.com\/producto\/roland-euv4-encre-220cc\/"},"modified":"2024-02-26T11:20:41","modified_gmt":"2024-02-26T10:20:41","slug":"roland-euv4cmykwhgl220cc","status":"publish","type":"product","link":"https:\/\/globalprix.com\/fr\/produit\/roland-euv4cmykwhgl220cc\/","title":{"rendered":"ROLAND EUV4<br>Couleurs : CMJNWHGL<br>220cc"},"content":{"rendered":"","protected":false},"excerpt":{"rendered":"<p>Les couleurs sont: CMYKGW, CMYKGG et CMYKWW. Les cartouches de 220 ml disponibles pour les LEF-12 et LEF-20.<br \/>\nL\u2019\u00e9change d\u2019encre ECO-UV vers ECO-UV 4 (ou vice versa) est autoris\u00e9 et n\u00e9cessite une mise \u00e0 jour du firmware et VersaWorks, ainsi que du liquide de nettoyage et des \u00e9couvillons.<br \/>\nUne formule d\u2019encre avanc\u00e9e assure un placement pr\u00e9cis des points, ainsi qu\u2019une excellente adh\u00e9rence et reproduction des couleurs.<br \/>\nDurabilit\u00e9 ext\u00e9rieure jusqu\u2019\u00e0 un an, sans protection. La ventilation des locaux et un syst\u00e8me de filtration d\u2019air approuv\u00e9 Roland DG sont n\u00e9cessaires.<br \/>\nLa dur\u00e9e de conservation est de douze (12) mois \u00e0 compter de la date de fabrication, identique \u00e0 celle de l\u2019encre ECO-UV d\u2019origine.  <\/p>\n","protected":false},"featured_media":22183,"comment_status":"open","ping_status":"closed","template":"","meta":[],"product_brand":[],"product_cat":[2889,2691],"product_tag":[],"class_list":{"0":"post-23002","1":"product","2":"type-product","3":"status-publish","4":"has-post-thumbnail","6":"product_cat-encres-dimpression-uv","7":"product_cat-impression-uv","9":"first","10":"instock","11":"taxable","12":"shipping-taxable","13":"purchasable","14":"product-type-variable"},"yoast_head":"<!-- This site is optimized with the Yoast SEO plugin v27.3 - https:\/\/yoast.com\/product\/yoast-seo-wordpress\/ -->\n<title>ROLAND EUV4Couleurs : CMJNWHGL220cc | Globalprix.com<\/title>\n<meta name=\"robots\" content=\"index, follow, max-snippet:-1, max-image-preview:large, max-video-preview:-1\" \/>\n<link rel=\"canonical\" href=\"https:\/\/globalprix.com\/fr\/produit\/roland-euv4cmykwhgl220cc\/\" \/>\n<meta property=\"og:locale\" content=\"fr_FR\" \/>\n<meta property=\"og:type\" content=\"article\" \/>\n<meta property=\"og:title\" content=\"ROLAND EUV4Couleurs : CMJNWHGL220cc | Globalprix.com\" \/>\n<meta property=\"og:description\" content=\"Les couleurs sont: CMYKGW, CMYKGG et CMYKWW. Les cartouches de 220 ml disponibles pour les LEF-12 et LEF-20. L\u2019\u00e9change d\u2019encre ECO-UV vers ECO-UV 4 (ou vice versa) est autoris\u00e9 et n\u00e9cessite une mise \u00e0 jour du firmware et VersaWorks, ainsi que du liquide de nettoyage et des \u00e9couvillons. Une formule d\u2019encre avanc\u00e9e assure un placement pr\u00e9cis des points, ainsi qu\u2019une excellente adh\u00e9rence et reproduction des couleurs. Durabilit\u00e9 ext\u00e9rieure jusqu\u2019\u00e0 un an, sans protection. La ventilation des locaux et un syst\u00e8me de filtration d\u2019air approuv\u00e9 Roland DG sont n\u00e9cessaires.  La dur\u00e9e de conservation est de douze (12) mois \u00e0 compter de la date de fabrication, identique \u00e0 celle de l\u2019encre ECO-UV d\u2019origine.\" \/>\n<meta property=\"og:url\" content=\"https:\/\/globalprix.com\/fr\/produit\/roland-euv4cmykwhgl220cc\/\" \/>\n<meta property=\"og:site_name\" content=\"Globalprix.com\" \/>\n<meta property=\"article:modified_time\" content=\"2024-02-26T10:20:41+00:00\" \/>\n<meta property=\"og:image\" content=\"https:\/\/globalprix.com\/wp-content\/uploads\/2023\/02\/EUV4-ALL.jpg\" \/>\n\t<meta property=\"og:image:width\" content=\"700\" \/>\n\t<meta property=\"og:image:height\" content=\"525\" \/>\n\t<meta property=\"og:image:type\" content=\"image\/jpeg\" \/>\n<meta name=\"twitter:card\" content=\"summary_large_image\" \/>\n<script type=\"application\/ld+json\" class=\"yoast-schema-graph\">{\"@context\":\"https:\\\/\\\/schema.org\",\"@graph\":[{\"@type\":\"WebPage\",\"@id\":\"https:\\\/\\\/globalprix.com\\\/fr\\\/produit\\\/roland-euv4cmykwhgl220cc\\\/\",\"url\":\"https:\\\/\\\/globalprix.com\\\/fr\\\/produit\\\/roland-euv4cmykwhgl220cc\\\/\",\"name\":\"ROLAND EUV4 Couleurs : CMJNWHGL 220cc | Globalprix.com\",\"isPartOf\":{\"@id\":\"https:\\\/\\\/globalprix.com\\\/#website\"},\"primaryImageOfPage\":{\"@id\":\"https:\\\/\\\/globalprix.com\\\/fr\\\/produit\\\/roland-euv4cmykwhgl220cc\\\/#primaryimage\"},\"image\":{\"@id\":\"https:\\\/\\\/globalprix.com\\\/fr\\\/produit\\\/roland-euv4cmykwhgl220cc\\\/#primaryimage\"},\"thumbnailUrl\":\"https:\\\/\\\/globalprix.com\\\/wp-content\\\/uploads\\\/2023\\\/02\\\/EUV4-ALL.jpg\",\"datePublished\":\"2023-02-15T15:20:30+00:00\",\"dateModified\":\"2024-02-26T10:20:41+00:00\",\"breadcrumb\":{\"@id\":\"https:\\\/\\\/globalprix.com\\\/fr\\\/produit\\\/roland-euv4cmykwhgl220cc\\\/#breadcrumb\"},\"inLanguage\":\"fr-FR\",\"potentialAction\":[{\"@type\":\"ReadAction\",\"target\":[\"https:\\\/\\\/globalprix.com\\\/fr\\\/produit\\\/roland-euv4cmykwhgl220cc\\\/\"]}]},{\"@type\":\"ImageObject\",\"inLanguage\":\"fr-FR\",\"@id\":\"https:\\\/\\\/globalprix.com\\\/fr\\\/produit\\\/roland-euv4cmykwhgl220cc\\\/#primaryimage\",\"url\":\"https:\\\/\\\/globalprix.com\\\/wp-content\\\/uploads\\\/2023\\\/02\\\/EUV4-ALL.jpg\",\"contentUrl\":\"https:\\\/\\\/globalprix.com\\\/wp-content\\\/uploads\\\/2023\\\/02\\\/EUV4-ALL.jpg\",\"width\":700,\"height\":525},{\"@type\":\"BreadcrumbList\",\"@id\":\"https:\\\/\\\/globalprix.com\\\/fr\\\/produit\\\/roland-euv4cmykwhgl220cc\\\/#breadcrumb\",\"itemListElement\":[{\"@type\":\"ListItem\",\"position\":1,\"name\":\"Portada\",\"item\":\"https:\\\/\\\/globalprix.com\\\/en\\\/\"},{\"@type\":\"ListItem\",\"position\":2,\"name\":\"Boutique\",\"item\":\"https:\\\/\\\/globalprix.com\\\/fr\\\/boutique\\\/\"},{\"@type\":\"ListItem\",\"position\":3,\"name\":\"ROLAND EUV4Couleurs : CMJNWHGL220cc\"}]},{\"@type\":\"WebSite\",\"@id\":\"https:\\\/\\\/globalprix.com\\\/#website\",\"url\":\"https:\\\/\\\/globalprix.com\\\/\",\"name\":\"Globalprix\",\"description\":\"Tienda online para Serigraf\u00eda\",\"publisher\":{\"@id\":\"https:\\\/\\\/globalprix.com\\\/#organization\"},\"alternateName\":\"Tienda online de serigraf\u00eda\",\"potentialAction\":[{\"@type\":\"SearchAction\",\"target\":{\"@type\":\"EntryPoint\",\"urlTemplate\":\"https:\\\/\\\/globalprix.com\\\/?s={search_term_string}\"},\"query-input\":{\"@type\":\"PropertyValueSpecification\",\"valueRequired\":true,\"valueName\":\"search_term_string\"}}],\"inLanguage\":\"fr-FR\"},{\"@type\":\"Organization\",\"@id\":\"https:\\\/\\\/globalprix.com\\\/#organization\",\"name\":\"Global Managing\",\"alternateName\":\"Globalprix\",\"url\":\"https:\\\/\\\/globalprix.com\\\/\",\"logo\":{\"@type\":\"ImageObject\",\"inLanguage\":\"fr-FR\",\"@id\":\"https:\\\/\\\/globalprix.com\\\/#\\\/schema\\\/logo\\\/image\\\/\",\"url\":\"https:\\\/\\\/globalprix.com\\\/wp-content\\\/uploads\\\/2023\\\/03\\\/logo-globalprix.jpg\",\"contentUrl\":\"https:\\\/\\\/globalprix.com\\\/wp-content\\\/uploads\\\/2023\\\/03\\\/logo-globalprix.jpg\",\"width\":595,\"height\":202,\"caption\":\"Global Managing\"},\"image\":{\"@id\":\"https:\\\/\\\/globalprix.com\\\/#\\\/schema\\\/logo\\\/image\\\/\"}}]}<\/script>\n<!-- \/ Yoast SEO plugin. -->","yoast_head_json":{"title":"ROLAND EUV4Couleurs : CMJNWHGL220cc | Globalprix.com","robots":{"index":"index","follow":"follow","max-snippet":"max-snippet:-1","max-image-preview":"max-image-preview:large","max-video-preview":"max-video-preview:-1"},"canonical":"https:\/\/globalprix.com\/fr\/produit\/roland-euv4cmykwhgl220cc\/","og_locale":"fr_FR","og_type":"article","og_title":"ROLAND EUV4Couleurs : CMJNWHGL220cc | Globalprix.com","og_description":"Les couleurs sont: CMYKGW, CMYKGG et CMYKWW. Les cartouches de 220 ml disponibles pour les LEF-12 et LEF-20. L\u2019\u00e9change d\u2019encre ECO-UV vers ECO-UV 4 (ou vice versa) est autoris\u00e9 et n\u00e9cessite une mise \u00e0 jour du firmware et VersaWorks, ainsi que du liquide de nettoyage et des \u00e9couvillons. Une formule d\u2019encre avanc\u00e9e assure un placement pr\u00e9cis des points, ainsi qu\u2019une excellente adh\u00e9rence et reproduction des couleurs. Durabilit\u00e9 ext\u00e9rieure jusqu\u2019\u00e0 un an, sans protection. La ventilation des locaux et un syst\u00e8me de filtration d\u2019air approuv\u00e9 Roland DG sont n\u00e9cessaires.  La dur\u00e9e de conservation est de douze (12) mois \u00e0 compter de la date de fabrication, identique \u00e0 celle de l\u2019encre ECO-UV d\u2019origine.","og_url":"https:\/\/globalprix.com\/fr\/produit\/roland-euv4cmykwhgl220cc\/","og_site_name":"Globalprix.com","article_modified_time":"2024-02-26T10:20:41+00:00","og_image":[{"width":700,"height":525,"url":"https:\/\/globalprix.com\/wp-content\/uploads\/2023\/02\/EUV4-ALL.jpg","type":"image\/jpeg"}],"twitter_card":"summary_large_image","schema":{"@context":"https:\/\/schema.org","@graph":[{"@type":"WebPage","@id":"https:\/\/globalprix.com\/fr\/produit\/roland-euv4cmykwhgl220cc\/","url":"https:\/\/globalprix.com\/fr\/produit\/roland-euv4cmykwhgl220cc\/","name":"ROLAND EUV4 Couleurs : CMJNWHGL 220cc | Globalprix.com","isPartOf":{"@id":"https:\/\/globalprix.com\/#website"},"primaryImageOfPage":{"@id":"https:\/\/globalprix.com\/fr\/produit\/roland-euv4cmykwhgl220cc\/#primaryimage"},"image":{"@id":"https:\/\/globalprix.com\/fr\/produit\/roland-euv4cmykwhgl220cc\/#primaryimage"},"thumbnailUrl":"https:\/\/globalprix.com\/wp-content\/uploads\/2023\/02\/EUV4-ALL.jpg","datePublished":"2023-02-15T15:20:30+00:00","dateModified":"2024-02-26T10:20:41+00:00","breadcrumb":{"@id":"https:\/\/globalprix.com\/fr\/produit\/roland-euv4cmykwhgl220cc\/#breadcrumb"},"inLanguage":"fr-FR","potentialAction":[{"@type":"ReadAction","target":["https:\/\/globalprix.com\/fr\/produit\/roland-euv4cmykwhgl220cc\/"]}]},{"@type":"ImageObject","inLanguage":"fr-FR","@id":"https:\/\/globalprix.com\/fr\/produit\/roland-euv4cmykwhgl220cc\/#primaryimage","url":"https:\/\/globalprix.com\/wp-content\/uploads\/2023\/02\/EUV4-ALL.jpg","contentUrl":"https:\/\/globalprix.com\/wp-content\/uploads\/2023\/02\/EUV4-ALL.jpg","width":700,"height":525},{"@type":"BreadcrumbList","@id":"https:\/\/globalprix.com\/fr\/produit\/roland-euv4cmykwhgl220cc\/#breadcrumb","itemListElement":[{"@type":"ListItem","position":1,"name":"Portada","item":"https:\/\/globalprix.com\/en\/"},{"@type":"ListItem","position":2,"name":"Boutique","item":"https:\/\/globalprix.com\/fr\/boutique\/"},{"@type":"ListItem","position":3,"name":"ROLAND EUV4Couleurs : CMJNWHGL220cc"}]},{"@type":"WebSite","@id":"https:\/\/globalprix.com\/#website","url":"https:\/\/globalprix.com\/","name":"Globalprix","description":"Tienda online para Serigraf\u00eda","publisher":{"@id":"https:\/\/globalprix.com\/#organization"},"alternateName":"Tienda online de serigraf\u00eda","potentialAction":[{"@type":"SearchAction","target":{"@type":"EntryPoint","urlTemplate":"https:\/\/globalprix.com\/?s={search_term_string}"},"query-input":{"@type":"PropertyValueSpecification","valueRequired":true,"valueName":"search_term_string"}}],"inLanguage":"fr-FR"},{"@type":"Organization","@id":"https:\/\/globalprix.com\/#organization","name":"Global Managing","alternateName":"Globalprix","url":"https:\/\/globalprix.com\/","logo":{"@type":"ImageObject","inLanguage":"fr-FR","@id":"https:\/\/globalprix.com\/#\/schema\/logo\/image\/","url":"https:\/\/globalprix.com\/wp-content\/uploads\/2023\/03\/logo-globalprix.jpg","contentUrl":"https:\/\/globalprix.com\/wp-content\/uploads\/2023\/03\/logo-globalprix.jpg","width":595,"height":202,"caption":"Global Managing"},"image":{"@id":"https:\/\/globalprix.com\/#\/schema\/logo\/image\/"}}]}},"_links":{"self":[{"href":"https:\/\/globalprix.com\/fr\/wp-json\/wp\/v2\/product\/23002","targetHints":{"allow":["GET"]}}],"collection":[{"href":"https:\/\/globalprix.com\/fr\/wp-json\/wp\/v2\/product"}],"about":[{"href":"https:\/\/globalprix.com\/fr\/wp-json\/wp\/v2\/types\/product"}],"replies":[{"embeddable":true,"href":"https:\/\/globalprix.com\/fr\/wp-json\/wp\/v2\/comments?post=23002"}],"version-history":[{"count":0,"href":"https:\/\/globalprix.com\/fr\/wp-json\/wp\/v2\/product\/23002\/revisions"}],"wp:featuredmedia":[{"embeddable":true,"href":"https:\/\/globalprix.com\/fr\/wp-json\/wp\/v2\/media\/22183"}],"wp:attachment":[{"href":"https:\/\/globalprix.com\/fr\/wp-json\/wp\/v2\/media?parent=23002"}],"wp:term":[{"taxonomy":"product_brand","embeddable":true,"href":"https:\/\/globalprix.com\/fr\/wp-json\/wp\/v2\/product_brand?post=23002"},{"taxonomy":"product_cat","embeddable":true,"href":"https:\/\/globalprix.com\/fr\/wp-json\/wp\/v2\/product_cat?post=23002"},{"taxonomy":"product_tag","embeddable":true,"href":"https:\/\/globalprix.com\/fr\/wp-json\/wp\/v2\/product_tag?post=23002"}],"curies":[{"name":"wp","href":"https:\/\/api.w.org\/{rel}","templated":true}]}}