{"id":23008,"date":"2023-02-10T12:59:22","date_gmt":"2023-02-10T11:59:22","guid":{"rendered":"https:\/\/globalprix.com\/producto\/traceur-sublimation-monza-190\/"},"modified":"2024-02-22T16:05:21","modified_gmt":"2024-02-22T15:05:21","slug":"traceur-a-sublimation-monza1900-mm","status":"publish","type":"product","link":"https:\/\/globalprix.com\/fr\/produit\/traceur-a-sublimation-monza1900-mm\/","title":{"rendered":"TRACEUR DE SUBLIMATION MONZA<br>1900 mm"},"content":{"rendered":"<p>Consultez-nous pour conna\u00eetre les caract\u00e9ristiques techniques, les conditions de vente et de financement ainsi que pour d\u00e9finir un d\u00e9lai de livraison en info@globalprix.com<\/p>\n","protected":false},"excerpt":{"rendered":"<p>Sp\u00e9cialement con\u00e7ue pour la production industrielle de papier \u00e0 sublimation, la machine d\u2019impression num\u00e9rique MONZA offre, en plus d\u2019une qualit\u00e9 d\u2019impression unique avec des couleurs vives et vives et des performances de haut niveau, la possibilit\u00e9 d\u2019imprimer jusqu\u2019\u00e0 une largeur de papier de 190 cm et jusqu\u2019\u00e0 500 m\u00e8tres de longueur.<\/p>\n","protected":false},"featured_media":28880,"comment_status":"open","ping_status":"closed","template":"","meta":[],"product_brand":[],"product_cat":[645,485],"product_tag":[],"class_list":{"0":"post-23008","1":"product","2":"type-product","3":"status-publish","4":"has-post-thumbnail","6":"product_cat-maquinas-herramientas-maquinaria-fr","7":"product_cat-sublimacion-fr","9":"first","10":"outofstock","11":"taxable","12":"shipping-taxable","13":"purchasable","14":"product-type-simple"},"yoast_head":"<!-- This site is optimized with the Yoast SEO plugin v27.3 - https:\/\/yoast.com\/product\/yoast-seo-wordpress\/ -->\n<title>TRACEUR DE SUBLIMATION MONZA1900 mm | Globalprix.com<\/title>\n<meta name=\"robots\" content=\"index, follow, max-snippet:-1, max-image-preview:large, max-video-preview:-1\" \/>\n<link rel=\"canonical\" href=\"https:\/\/globalprix.com\/fr\/produit\/traceur-a-sublimation-monza1900-mm\/\" \/>\n<meta property=\"og:locale\" content=\"fr_FR\" \/>\n<meta property=\"og:type\" content=\"article\" \/>\n<meta property=\"og:title\" content=\"TRACEUR DE SUBLIMATION MONZA1900 mm | Globalprix.com\" \/>\n<meta property=\"og:description\" content=\"Sp\u00e9cialement con\u00e7ue pour la production industrielle de papier \u00e0 sublimation, la machine d\u2019impression num\u00e9rique MONZA offre, en plus d\u2019une qualit\u00e9 d\u2019impression unique avec des couleurs vives et vives et des performances de haut niveau, la possibilit\u00e9 d\u2019imprimer jusqu\u2019\u00e0 une largeur de papier de 190 cm et jusqu\u2019\u00e0 500 m\u00e8tres de longueur.\" \/>\n<meta property=\"og:url\" content=\"https:\/\/globalprix.com\/fr\/produit\/traceur-a-sublimation-monza1900-mm\/\" \/>\n<meta property=\"og:site_name\" content=\"Globalprix.com\" \/>\n<meta property=\"article:modified_time\" content=\"2024-02-22T15:05:21+00:00\" \/>\n<meta property=\"og:image\" content=\"https:\/\/globalprix.com\/wp-content\/uploads\/2023\/02\/Xtream-jet-MONZA.jpg\" \/>\n\t<meta property=\"og:image:width\" content=\"773\" \/>\n\t<meta property=\"og:image:height\" content=\"773\" \/>\n\t<meta property=\"og:image:type\" content=\"image\/jpeg\" \/>\n<meta name=\"twitter:card\" content=\"summary_large_image\" \/>\n<script type=\"application\/ld+json\" class=\"yoast-schema-graph\">{\"@context\":\"https:\\\/\\\/schema.org\",\"@graph\":[{\"@type\":\"WebPage\",\"@id\":\"https:\\\/\\\/globalprix.com\\\/fr\\\/produit\\\/traceur-a-sublimation-monza1900-mm\\\/\",\"url\":\"https:\\\/\\\/globalprix.com\\\/fr\\\/produit\\\/traceur-a-sublimation-monza1900-mm\\\/\",\"name\":\"TRACEUR DE SUBLIMATION MONZA 1900 mm | Globalprix.com\",\"isPartOf\":{\"@id\":\"https:\\\/\\\/globalprix.com\\\/#website\"},\"primaryImageOfPage\":{\"@id\":\"https:\\\/\\\/globalprix.com\\\/fr\\\/produit\\\/traceur-a-sublimation-monza1900-mm\\\/#primaryimage\"},\"image\":{\"@id\":\"https:\\\/\\\/globalprix.com\\\/fr\\\/produit\\\/traceur-a-sublimation-monza1900-mm\\\/#primaryimage\"},\"thumbnailUrl\":\"https:\\\/\\\/globalprix.com\\\/wp-content\\\/uploads\\\/2023\\\/02\\\/Xtream-jet-MONZA.jpg\",\"datePublished\":\"2023-02-10T11:59:22+00:00\",\"dateModified\":\"2024-02-22T15:05:21+00:00\",\"breadcrumb\":{\"@id\":\"https:\\\/\\\/globalprix.com\\\/fr\\\/produit\\\/traceur-a-sublimation-monza1900-mm\\\/#breadcrumb\"},\"inLanguage\":\"fr-FR\",\"potentialAction\":[{\"@type\":\"ReadAction\",\"target\":[\"https:\\\/\\\/globalprix.com\\\/fr\\\/produit\\\/traceur-a-sublimation-monza1900-mm\\\/\"]}]},{\"@type\":\"ImageObject\",\"inLanguage\":\"fr-FR\",\"@id\":\"https:\\\/\\\/globalprix.com\\\/fr\\\/produit\\\/traceur-a-sublimation-monza1900-mm\\\/#primaryimage\",\"url\":\"https:\\\/\\\/globalprix.com\\\/wp-content\\\/uploads\\\/2023\\\/02\\\/Xtream-jet-MONZA.jpg\",\"contentUrl\":\"https:\\\/\\\/globalprix.com\\\/wp-content\\\/uploads\\\/2023\\\/02\\\/Xtream-jet-MONZA.jpg\",\"width\":773,\"height\":773},{\"@type\":\"BreadcrumbList\",\"@id\":\"https:\\\/\\\/globalprix.com\\\/fr\\\/produit\\\/traceur-a-sublimation-monza1900-mm\\\/#breadcrumb\",\"itemListElement\":[{\"@type\":\"ListItem\",\"position\":1,\"name\":\"Portada\",\"item\":\"https:\\\/\\\/globalprix.com\\\/en\\\/\"},{\"@type\":\"ListItem\",\"position\":2,\"name\":\"Boutique\",\"item\":\"https:\\\/\\\/globalprix.com\\\/fr\\\/boutique\\\/\"},{\"@type\":\"ListItem\",\"position\":3,\"name\":\"TRACEUR DE SUBLIMATION MONZA1900 mm\"}]},{\"@type\":\"WebSite\",\"@id\":\"https:\\\/\\\/globalprix.com\\\/#website\",\"url\":\"https:\\\/\\\/globalprix.com\\\/\",\"name\":\"Globalprix\",\"description\":\"Tienda online para Serigraf\u00eda\",\"publisher\":{\"@id\":\"https:\\\/\\\/globalprix.com\\\/#organization\"},\"alternateName\":\"Tienda online de serigraf\u00eda\",\"potentialAction\":[{\"@type\":\"SearchAction\",\"target\":{\"@type\":\"EntryPoint\",\"urlTemplate\":\"https:\\\/\\\/globalprix.com\\\/?s={search_term_string}\"},\"query-input\":{\"@type\":\"PropertyValueSpecification\",\"valueRequired\":true,\"valueName\":\"search_term_string\"}}],\"inLanguage\":\"fr-FR\"},{\"@type\":\"Organization\",\"@id\":\"https:\\\/\\\/globalprix.com\\\/#organization\",\"name\":\"Global Managing\",\"alternateName\":\"Globalprix\",\"url\":\"https:\\\/\\\/globalprix.com\\\/\",\"logo\":{\"@type\":\"ImageObject\",\"inLanguage\":\"fr-FR\",\"@id\":\"https:\\\/\\\/globalprix.com\\\/#\\\/schema\\\/logo\\\/image\\\/\",\"url\":\"https:\\\/\\\/globalprix.com\\\/wp-content\\\/uploads\\\/2023\\\/03\\\/logo-globalprix.jpg\",\"contentUrl\":\"https:\\\/\\\/globalprix.com\\\/wp-content\\\/uploads\\\/2023\\\/03\\\/logo-globalprix.jpg\",\"width\":595,\"height\":202,\"caption\":\"Global Managing\"},\"image\":{\"@id\":\"https:\\\/\\\/globalprix.com\\\/#\\\/schema\\\/logo\\\/image\\\/\"}}]}<\/script>\n<!-- \/ Yoast SEO plugin. -->","yoast_head_json":{"title":"TRACEUR DE SUBLIMATION MONZA1900 mm | Globalprix.com","robots":{"index":"index","follow":"follow","max-snippet":"max-snippet:-1","max-image-preview":"max-image-preview:large","max-video-preview":"max-video-preview:-1"},"canonical":"https:\/\/globalprix.com\/fr\/produit\/traceur-a-sublimation-monza1900-mm\/","og_locale":"fr_FR","og_type":"article","og_title":"TRACEUR DE SUBLIMATION MONZA1900 mm | Globalprix.com","og_description":"Sp\u00e9cialement con\u00e7ue pour la production industrielle de papier \u00e0 sublimation, la machine d\u2019impression num\u00e9rique MONZA offre, en plus d\u2019une qualit\u00e9 d\u2019impression unique avec des couleurs vives et vives et des performances de haut niveau, la possibilit\u00e9 d\u2019imprimer jusqu\u2019\u00e0 une largeur de papier de 190 cm et jusqu\u2019\u00e0 500 m\u00e8tres de longueur.","og_url":"https:\/\/globalprix.com\/fr\/produit\/traceur-a-sublimation-monza1900-mm\/","og_site_name":"Globalprix.com","article_modified_time":"2024-02-22T15:05:21+00:00","og_image":[{"width":773,"height":773,"url":"https:\/\/globalprix.com\/wp-content\/uploads\/2023\/02\/Xtream-jet-MONZA.jpg","type":"image\/jpeg"}],"twitter_card":"summary_large_image","schema":{"@context":"https:\/\/schema.org","@graph":[{"@type":"WebPage","@id":"https:\/\/globalprix.com\/fr\/produit\/traceur-a-sublimation-monza1900-mm\/","url":"https:\/\/globalprix.com\/fr\/produit\/traceur-a-sublimation-monza1900-mm\/","name":"TRACEUR DE SUBLIMATION MONZA 1900 mm | Globalprix.com","isPartOf":{"@id":"https:\/\/globalprix.com\/#website"},"primaryImageOfPage":{"@id":"https:\/\/globalprix.com\/fr\/produit\/traceur-a-sublimation-monza1900-mm\/#primaryimage"},"image":{"@id":"https:\/\/globalprix.com\/fr\/produit\/traceur-a-sublimation-monza1900-mm\/#primaryimage"},"thumbnailUrl":"https:\/\/globalprix.com\/wp-content\/uploads\/2023\/02\/Xtream-jet-MONZA.jpg","datePublished":"2023-02-10T11:59:22+00:00","dateModified":"2024-02-22T15:05:21+00:00","breadcrumb":{"@id":"https:\/\/globalprix.com\/fr\/produit\/traceur-a-sublimation-monza1900-mm\/#breadcrumb"},"inLanguage":"fr-FR","potentialAction":[{"@type":"ReadAction","target":["https:\/\/globalprix.com\/fr\/produit\/traceur-a-sublimation-monza1900-mm\/"]}]},{"@type":"ImageObject","inLanguage":"fr-FR","@id":"https:\/\/globalprix.com\/fr\/produit\/traceur-a-sublimation-monza1900-mm\/#primaryimage","url":"https:\/\/globalprix.com\/wp-content\/uploads\/2023\/02\/Xtream-jet-MONZA.jpg","contentUrl":"https:\/\/globalprix.com\/wp-content\/uploads\/2023\/02\/Xtream-jet-MONZA.jpg","width":773,"height":773},{"@type":"BreadcrumbList","@id":"https:\/\/globalprix.com\/fr\/produit\/traceur-a-sublimation-monza1900-mm\/#breadcrumb","itemListElement":[{"@type":"ListItem","position":1,"name":"Portada","item":"https:\/\/globalprix.com\/en\/"},{"@type":"ListItem","position":2,"name":"Boutique","item":"https:\/\/globalprix.com\/fr\/boutique\/"},{"@type":"ListItem","position":3,"name":"TRACEUR DE SUBLIMATION MONZA1900 mm"}]},{"@type":"WebSite","@id":"https:\/\/globalprix.com\/#website","url":"https:\/\/globalprix.com\/","name":"Globalprix","description":"Tienda online para Serigraf\u00eda","publisher":{"@id":"https:\/\/globalprix.com\/#organization"},"alternateName":"Tienda online de serigraf\u00eda","potentialAction":[{"@type":"SearchAction","target":{"@type":"EntryPoint","urlTemplate":"https:\/\/globalprix.com\/?s={search_term_string}"},"query-input":{"@type":"PropertyValueSpecification","valueRequired":true,"valueName":"search_term_string"}}],"inLanguage":"fr-FR"},{"@type":"Organization","@id":"https:\/\/globalprix.com\/#organization","name":"Global Managing","alternateName":"Globalprix","url":"https:\/\/globalprix.com\/","logo":{"@type":"ImageObject","inLanguage":"fr-FR","@id":"https:\/\/globalprix.com\/#\/schema\/logo\/image\/","url":"https:\/\/globalprix.com\/wp-content\/uploads\/2023\/03\/logo-globalprix.jpg","contentUrl":"https:\/\/globalprix.com\/wp-content\/uploads\/2023\/03\/logo-globalprix.jpg","width":595,"height":202,"caption":"Global Managing"},"image":{"@id":"https:\/\/globalprix.com\/#\/schema\/logo\/image\/"}}]}},"_links":{"self":[{"href":"https:\/\/globalprix.com\/fr\/wp-json\/wp\/v2\/product\/23008","targetHints":{"allow":["GET"]}}],"collection":[{"href":"https:\/\/globalprix.com\/fr\/wp-json\/wp\/v2\/product"}],"about":[{"href":"https:\/\/globalprix.com\/fr\/wp-json\/wp\/v2\/types\/product"}],"replies":[{"embeddable":true,"href":"https:\/\/globalprix.com\/fr\/wp-json\/wp\/v2\/comments?post=23008"}],"version-history":[{"count":0,"href":"https:\/\/globalprix.com\/fr\/wp-json\/wp\/v2\/product\/23008\/revisions"}],"wp:featuredmedia":[{"embeddable":true,"href":"https:\/\/globalprix.com\/fr\/wp-json\/wp\/v2\/media\/28880"}],"wp:attachment":[{"href":"https:\/\/globalprix.com\/fr\/wp-json\/wp\/v2\/media?parent=23008"}],"wp:term":[{"taxonomy":"product_brand","embeddable":true,"href":"https:\/\/globalprix.com\/fr\/wp-json\/wp\/v2\/product_brand?post=23008"},{"taxonomy":"product_cat","embeddable":true,"href":"https:\/\/globalprix.com\/fr\/wp-json\/wp\/v2\/product_cat?post=23008"},{"taxonomy":"product_tag","embeddable":true,"href":"https:\/\/globalprix.com\/fr\/wp-json\/wp\/v2\/product_tag?post=23008"}],"curies":[{"name":"wp","href":"https:\/\/api.w.org\/{rel}","templated":true}]}}