{"id":23017,"date":"2023-02-10T12:57:41","date_gmt":"2023-02-10T11:57:41","guid":{"rendered":"https:\/\/globalprix.com\/producto\/stahls-cad-color-masque-magique-high-tack-convoyeur-en-plastique-50cm\/"},"modified":"2023-10-11T15:51:59","modified_gmt":"2023-10-11T13:51:59","slug":"cao-colormagic-maskhigh-tackconveyor-plasticobobina-50-cm-x-50-m","status":"publish","type":"product","link":"https:\/\/globalprix.com\/fr\/produit\/cao-colormagic-maskhigh-tackconveyor-plasticobobina-50-cm-x-50-m\/","title":{"rendered":"CAO-COULEUR\u00ae<br>Masque\u00aemagique High Tack<br>CONVOYEUR EN PLASTIQUE<br>BOBINE (50 cm x 50 m)"},"content":{"rendered":"","protected":false},"excerpt":{"rendered":"<p>L\u2019adh\u00e9sif CAD-CUT est un adh\u00e9sif thermique tra\u00e7able utilis\u00e9 pour transf\u00e9rer le film de transfert de chaleur. Il suffit de tracer le motif souhait\u00e9 comme d\u2019habitude, de transf\u00e9rer l\u2019adh\u00e9sif sur le tissu, de plastifier le motif avec le film de transfert de chaleur dans la couleur souhait\u00e9e avec le c\u00f4t\u00e9 du film vers le haut et d\u2019imprimer. C\u2019est ainsi que de beaux dessins brillants peuvent \u00eatre apport\u00e9s au textile.<\/p>\n","protected":false},"featured_media":21761,"comment_status":"open","ping_status":"closed","template":"","meta":[],"product_brand":[],"product_cat":[552,542,520],"product_tag":[],"class_list":{"0":"post-23017","1":"product","2":"type-product","3":"status-publish","4":"has-post-thumbnail","6":"product_cat-imprimible-2-fr","7":"product_cat-stahls-fr","8":"product_cat-vinilo-fr","10":"first","11":"outofstock","12":"taxable","13":"shipping-taxable","14":"purchasable","15":"product-type-simple"},"yoast_head":"<!-- This site is optimized with the Yoast SEO plugin v27.3 - https:\/\/yoast.com\/product\/yoast-seo-wordpress\/ -->\n<title>CAO-COULEUR\u00aeMasque\u00aemagique High TackCONVOYEUR EN PLASTIQUEBOBINE (50 cm x 50 m) | Globalprix.com<\/title>\n<meta name=\"robots\" content=\"index, follow, max-snippet:-1, max-image-preview:large, max-video-preview:-1\" \/>\n<link rel=\"canonical\" href=\"https:\/\/globalprix.com\/fr\/produit\/cao-colormagic-maskhigh-tackconveyor-plasticobobina-50-cm-x-50-m\/\" \/>\n<meta property=\"og:locale\" content=\"fr_FR\" \/>\n<meta property=\"og:type\" content=\"article\" \/>\n<meta property=\"og:title\" content=\"CAO-COULEUR\u00aeMasque\u00aemagique High TackCONVOYEUR EN PLASTIQUEBOBINE (50 cm x 50 m) | Globalprix.com\" \/>\n<meta property=\"og:description\" content=\"L\u2019adh\u00e9sif CAD-CUT est un adh\u00e9sif thermique tra\u00e7able utilis\u00e9 pour transf\u00e9rer le film de transfert de chaleur. Il suffit de tracer le motif souhait\u00e9 comme d\u2019habitude, de transf\u00e9rer l\u2019adh\u00e9sif sur le tissu, de plastifier le motif avec le film de transfert de chaleur dans la couleur souhait\u00e9e avec le c\u00f4t\u00e9 du film vers le haut et d\u2019imprimer. C\u2019est ainsi que de beaux dessins brillants peuvent \u00eatre apport\u00e9s au textile.\" \/>\n<meta property=\"og:url\" content=\"https:\/\/globalprix.com\/fr\/produit\/cao-colormagic-maskhigh-tackconveyor-plasticobobina-50-cm-x-50-m\/\" \/>\n<meta property=\"og:site_name\" content=\"Globalprix.com\" \/>\n<meta property=\"article:modified_time\" content=\"2023-10-11T13:51:59+00:00\" \/>\n<meta property=\"og:image\" content=\"https:\/\/globalprix.com\/wp-content\/uploads\/2023\/02\/sthals-magic-mask.jpg\" \/>\n\t<meta property=\"og:image:width\" content=\"2048\" \/>\n\t<meta property=\"og:image:height\" content=\"1013\" \/>\n\t<meta property=\"og:image:type\" content=\"image\/jpeg\" \/>\n<meta name=\"twitter:card\" content=\"summary_large_image\" \/>\n<script type=\"application\/ld+json\" class=\"yoast-schema-graph\">{\"@context\":\"https:\\\/\\\/schema.org\",\"@graph\":[{\"@type\":\"WebPage\",\"@id\":\"https:\\\/\\\/globalprix.com\\\/fr\\\/produit\\\/cao-colormagic-maskhigh-tackconveyor-plasticobobina-50-cm-x-50-m\\\/\",\"url\":\"https:\\\/\\\/globalprix.com\\\/fr\\\/produit\\\/cao-colormagic-maskhigh-tackconveyor-plasticobobina-50-cm-x-50-m\\\/\",\"name\":\"CAO-COULEUR\u00ae Masque\u00aemagique High Tack CONVOYEUR EN PLASTIQUE BOBINE (50 cm x 50 m) | Globalprix.com\",\"isPartOf\":{\"@id\":\"https:\\\/\\\/globalprix.com\\\/#website\"},\"primaryImageOfPage\":{\"@id\":\"https:\\\/\\\/globalprix.com\\\/fr\\\/produit\\\/cao-colormagic-maskhigh-tackconveyor-plasticobobina-50-cm-x-50-m\\\/#primaryimage\"},\"image\":{\"@id\":\"https:\\\/\\\/globalprix.com\\\/fr\\\/produit\\\/cao-colormagic-maskhigh-tackconveyor-plasticobobina-50-cm-x-50-m\\\/#primaryimage\"},\"thumbnailUrl\":\"https:\\\/\\\/globalprix.com\\\/wp-content\\\/uploads\\\/2023\\\/02\\\/sthals-magic-mask.jpg\",\"datePublished\":\"2023-02-10T11:57:41+00:00\",\"dateModified\":\"2023-10-11T13:51:59+00:00\",\"breadcrumb\":{\"@id\":\"https:\\\/\\\/globalprix.com\\\/fr\\\/produit\\\/cao-colormagic-maskhigh-tackconveyor-plasticobobina-50-cm-x-50-m\\\/#breadcrumb\"},\"inLanguage\":\"fr-FR\",\"potentialAction\":[{\"@type\":\"ReadAction\",\"target\":[\"https:\\\/\\\/globalprix.com\\\/fr\\\/produit\\\/cao-colormagic-maskhigh-tackconveyor-plasticobobina-50-cm-x-50-m\\\/\"]}]},{\"@type\":\"ImageObject\",\"inLanguage\":\"fr-FR\",\"@id\":\"https:\\\/\\\/globalprix.com\\\/fr\\\/produit\\\/cao-colormagic-maskhigh-tackconveyor-plasticobobina-50-cm-x-50-m\\\/#primaryimage\",\"url\":\"https:\\\/\\\/globalprix.com\\\/wp-content\\\/uploads\\\/2023\\\/02\\\/sthals-magic-mask.jpg\",\"contentUrl\":\"https:\\\/\\\/globalprix.com\\\/wp-content\\\/uploads\\\/2023\\\/02\\\/sthals-magic-mask.jpg\",\"width\":2048,\"height\":1013},{\"@type\":\"BreadcrumbList\",\"@id\":\"https:\\\/\\\/globalprix.com\\\/fr\\\/produit\\\/cao-colormagic-maskhigh-tackconveyor-plasticobobina-50-cm-x-50-m\\\/#breadcrumb\",\"itemListElement\":[{\"@type\":\"ListItem\",\"position\":1,\"name\":\"Portada\",\"item\":\"https:\\\/\\\/globalprix.com\\\/en\\\/\"},{\"@type\":\"ListItem\",\"position\":2,\"name\":\"Boutique\",\"item\":\"https:\\\/\\\/globalprix.com\\\/fr\\\/boutique\\\/\"},{\"@type\":\"ListItem\",\"position\":3,\"name\":\"CAO-COULEUR\u00aeMasque\u00aemagique High TackCONVOYEUR EN PLASTIQUEBOBINE (50 cm x 50 m)\"}]},{\"@type\":\"WebSite\",\"@id\":\"https:\\\/\\\/globalprix.com\\\/#website\",\"url\":\"https:\\\/\\\/globalprix.com\\\/\",\"name\":\"Globalprix\",\"description\":\"Tienda online para Serigraf\u00eda\",\"publisher\":{\"@id\":\"https:\\\/\\\/globalprix.com\\\/#organization\"},\"alternateName\":\"Tienda online de serigraf\u00eda\",\"potentialAction\":[{\"@type\":\"SearchAction\",\"target\":{\"@type\":\"EntryPoint\",\"urlTemplate\":\"https:\\\/\\\/globalprix.com\\\/?s={search_term_string}\"},\"query-input\":{\"@type\":\"PropertyValueSpecification\",\"valueRequired\":true,\"valueName\":\"search_term_string\"}}],\"inLanguage\":\"fr-FR\"},{\"@type\":\"Organization\",\"@id\":\"https:\\\/\\\/globalprix.com\\\/#organization\",\"name\":\"Global Managing\",\"alternateName\":\"Globalprix\",\"url\":\"https:\\\/\\\/globalprix.com\\\/\",\"logo\":{\"@type\":\"ImageObject\",\"inLanguage\":\"fr-FR\",\"@id\":\"https:\\\/\\\/globalprix.com\\\/#\\\/schema\\\/logo\\\/image\\\/\",\"url\":\"https:\\\/\\\/globalprix.com\\\/wp-content\\\/uploads\\\/2023\\\/03\\\/logo-globalprix.jpg\",\"contentUrl\":\"https:\\\/\\\/globalprix.com\\\/wp-content\\\/uploads\\\/2023\\\/03\\\/logo-globalprix.jpg\",\"width\":595,\"height\":202,\"caption\":\"Global Managing\"},\"image\":{\"@id\":\"https:\\\/\\\/globalprix.com\\\/#\\\/schema\\\/logo\\\/image\\\/\"}}]}<\/script>\n<!-- \/ Yoast SEO plugin. -->","yoast_head_json":{"title":"CAO-COULEUR\u00aeMasque\u00aemagique High TackCONVOYEUR EN PLASTIQUEBOBINE (50 cm x 50 m) | Globalprix.com","robots":{"index":"index","follow":"follow","max-snippet":"max-snippet:-1","max-image-preview":"max-image-preview:large","max-video-preview":"max-video-preview:-1"},"canonical":"https:\/\/globalprix.com\/fr\/produit\/cao-colormagic-maskhigh-tackconveyor-plasticobobina-50-cm-x-50-m\/","og_locale":"fr_FR","og_type":"article","og_title":"CAO-COULEUR\u00aeMasque\u00aemagique High TackCONVOYEUR EN PLASTIQUEBOBINE (50 cm x 50 m) | Globalprix.com","og_description":"L\u2019adh\u00e9sif CAD-CUT est un adh\u00e9sif thermique tra\u00e7able utilis\u00e9 pour transf\u00e9rer le film de transfert de chaleur. Il suffit de tracer le motif souhait\u00e9 comme d\u2019habitude, de transf\u00e9rer l\u2019adh\u00e9sif sur le tissu, de plastifier le motif avec le film de transfert de chaleur dans la couleur souhait\u00e9e avec le c\u00f4t\u00e9 du film vers le haut et d\u2019imprimer. C\u2019est ainsi que de beaux dessins brillants peuvent \u00eatre apport\u00e9s au textile.","og_url":"https:\/\/globalprix.com\/fr\/produit\/cao-colormagic-maskhigh-tackconveyor-plasticobobina-50-cm-x-50-m\/","og_site_name":"Globalprix.com","article_modified_time":"2023-10-11T13:51:59+00:00","og_image":[{"width":2048,"height":1013,"url":"https:\/\/globalprix.com\/wp-content\/uploads\/2023\/02\/sthals-magic-mask.jpg","type":"image\/jpeg"}],"twitter_card":"summary_large_image","schema":{"@context":"https:\/\/schema.org","@graph":[{"@type":"WebPage","@id":"https:\/\/globalprix.com\/fr\/produit\/cao-colormagic-maskhigh-tackconveyor-plasticobobina-50-cm-x-50-m\/","url":"https:\/\/globalprix.com\/fr\/produit\/cao-colormagic-maskhigh-tackconveyor-plasticobobina-50-cm-x-50-m\/","name":"CAO-COULEUR\u00ae Masque\u00aemagique High Tack CONVOYEUR EN PLASTIQUE BOBINE (50 cm x 50 m) | Globalprix.com","isPartOf":{"@id":"https:\/\/globalprix.com\/#website"},"primaryImageOfPage":{"@id":"https:\/\/globalprix.com\/fr\/produit\/cao-colormagic-maskhigh-tackconveyor-plasticobobina-50-cm-x-50-m\/#primaryimage"},"image":{"@id":"https:\/\/globalprix.com\/fr\/produit\/cao-colormagic-maskhigh-tackconveyor-plasticobobina-50-cm-x-50-m\/#primaryimage"},"thumbnailUrl":"https:\/\/globalprix.com\/wp-content\/uploads\/2023\/02\/sthals-magic-mask.jpg","datePublished":"2023-02-10T11:57:41+00:00","dateModified":"2023-10-11T13:51:59+00:00","breadcrumb":{"@id":"https:\/\/globalprix.com\/fr\/produit\/cao-colormagic-maskhigh-tackconveyor-plasticobobina-50-cm-x-50-m\/#breadcrumb"},"inLanguage":"fr-FR","potentialAction":[{"@type":"ReadAction","target":["https:\/\/globalprix.com\/fr\/produit\/cao-colormagic-maskhigh-tackconveyor-plasticobobina-50-cm-x-50-m\/"]}]},{"@type":"ImageObject","inLanguage":"fr-FR","@id":"https:\/\/globalprix.com\/fr\/produit\/cao-colormagic-maskhigh-tackconveyor-plasticobobina-50-cm-x-50-m\/#primaryimage","url":"https:\/\/globalprix.com\/wp-content\/uploads\/2023\/02\/sthals-magic-mask.jpg","contentUrl":"https:\/\/globalprix.com\/wp-content\/uploads\/2023\/02\/sthals-magic-mask.jpg","width":2048,"height":1013},{"@type":"BreadcrumbList","@id":"https:\/\/globalprix.com\/fr\/produit\/cao-colormagic-maskhigh-tackconveyor-plasticobobina-50-cm-x-50-m\/#breadcrumb","itemListElement":[{"@type":"ListItem","position":1,"name":"Portada","item":"https:\/\/globalprix.com\/en\/"},{"@type":"ListItem","position":2,"name":"Boutique","item":"https:\/\/globalprix.com\/fr\/boutique\/"},{"@type":"ListItem","position":3,"name":"CAO-COULEUR\u00aeMasque\u00aemagique High TackCONVOYEUR EN PLASTIQUEBOBINE (50 cm x 50 m)"}]},{"@type":"WebSite","@id":"https:\/\/globalprix.com\/#website","url":"https:\/\/globalprix.com\/","name":"Globalprix","description":"Tienda online para Serigraf\u00eda","publisher":{"@id":"https:\/\/globalprix.com\/#organization"},"alternateName":"Tienda online de serigraf\u00eda","potentialAction":[{"@type":"SearchAction","target":{"@type":"EntryPoint","urlTemplate":"https:\/\/globalprix.com\/?s={search_term_string}"},"query-input":{"@type":"PropertyValueSpecification","valueRequired":true,"valueName":"search_term_string"}}],"inLanguage":"fr-FR"},{"@type":"Organization","@id":"https:\/\/globalprix.com\/#organization","name":"Global Managing","alternateName":"Globalprix","url":"https:\/\/globalprix.com\/","logo":{"@type":"ImageObject","inLanguage":"fr-FR","@id":"https:\/\/globalprix.com\/#\/schema\/logo\/image\/","url":"https:\/\/globalprix.com\/wp-content\/uploads\/2023\/03\/logo-globalprix.jpg","contentUrl":"https:\/\/globalprix.com\/wp-content\/uploads\/2023\/03\/logo-globalprix.jpg","width":595,"height":202,"caption":"Global Managing"},"image":{"@id":"https:\/\/globalprix.com\/#\/schema\/logo\/image\/"}}]}},"_links":{"self":[{"href":"https:\/\/globalprix.com\/fr\/wp-json\/wp\/v2\/product\/23017","targetHints":{"allow":["GET"]}}],"collection":[{"href":"https:\/\/globalprix.com\/fr\/wp-json\/wp\/v2\/product"}],"about":[{"href":"https:\/\/globalprix.com\/fr\/wp-json\/wp\/v2\/types\/product"}],"replies":[{"embeddable":true,"href":"https:\/\/globalprix.com\/fr\/wp-json\/wp\/v2\/comments?post=23017"}],"version-history":[{"count":0,"href":"https:\/\/globalprix.com\/fr\/wp-json\/wp\/v2\/product\/23017\/revisions"}],"wp:featuredmedia":[{"embeddable":true,"href":"https:\/\/globalprix.com\/fr\/wp-json\/wp\/v2\/media\/21761"}],"wp:attachment":[{"href":"https:\/\/globalprix.com\/fr\/wp-json\/wp\/v2\/media?parent=23017"}],"wp:term":[{"taxonomy":"product_brand","embeddable":true,"href":"https:\/\/globalprix.com\/fr\/wp-json\/wp\/v2\/product_brand?post=23017"},{"taxonomy":"product_cat","embeddable":true,"href":"https:\/\/globalprix.com\/fr\/wp-json\/wp\/v2\/product_cat?post=23017"},{"taxonomy":"product_tag","embeddable":true,"href":"https:\/\/globalprix.com\/fr\/wp-json\/wp\/v2\/product_tag?post=23017"}],"curies":[{"name":"wp","href":"https:\/\/api.w.org\/{rel}","templated":true}]}}