{"id":23037,"date":"2023-02-15T13:36:57","date_gmt":"2023-02-15T12:36:57","guid":{"rendered":"https:\/\/globalprix.com\/producto\/roland-euv-220cc\/"},"modified":"2023-10-11T15:51:42","modified_gmt":"2023-10-11T13:51:42","slug":"roland-euvcmykwhglpr220cc","status":"publish","type":"product","link":"https:\/\/globalprix.com\/fr\/produit\/roland-euvcmykwhglpr220cc\/","title":{"rendered":"ROLAND EUV<br>CMJJWHGLPR<br>220cc"},"content":{"rendered":"","protected":false},"excerpt":{"rendered":"<p>Encres formul\u00e9es sp\u00e9cifiquement pour les s\u00e9ries Roland DG VersaUV et LG et MG TrueVIS. Ils offrent des impressions de qualit\u00e9 \u00e9poustouflante \u00e0 toutes les vitesses, avec une densit\u00e9 de couleurs \u00e9lev\u00e9e et une large gamme de couleurs. Ils adh\u00e8rent facilement \u00e0 une vari\u00e9t\u00e9 pratiquement illimit\u00e9e de mat\u00e9riaux et de surfaces, enduits ou non, y compris le plastique, le bois, le m\u00e9tal, la feuille, le papier, le film, le vinyle et bien d\u2019autres.<\/p>\n","protected":false},"featured_media":22194,"comment_status":"open","ping_status":"closed","template":"","meta":[],"product_brand":[],"product_cat":[2889,2691],"product_tag":[],"class_list":{"0":"post-23037","1":"product","2":"type-product","3":"status-publish","4":"has-post-thumbnail","6":"product_cat-encres-dimpression-uv","7":"product_cat-impression-uv","9":"first","10":"instock","11":"taxable","12":"shipping-taxable","13":"purchasable","14":"product-type-variable"},"yoast_head":"<!-- This site is optimized with the Yoast SEO plugin v27.3 - https:\/\/yoast.com\/product\/yoast-seo-wordpress\/ -->\n<title>ROLAND EUVCMJJWHGLPR220cc | Globalprix.com<\/title>\n<meta name=\"robots\" content=\"index, follow, max-snippet:-1, max-image-preview:large, max-video-preview:-1\" \/>\n<link rel=\"canonical\" href=\"https:\/\/globalprix.com\/fr\/produit\/roland-euvcmykwhglpr220cc\/\" \/>\n<meta property=\"og:locale\" content=\"fr_FR\" \/>\n<meta property=\"og:type\" content=\"article\" \/>\n<meta property=\"og:title\" content=\"ROLAND EUVCMJJWHGLPR220cc | Globalprix.com\" \/>\n<meta property=\"og:description\" content=\"Encres formul\u00e9es sp\u00e9cifiquement pour les s\u00e9ries Roland DG VersaUV et LG et MG TrueVIS. Ils offrent des impressions de qualit\u00e9 \u00e9poustouflante \u00e0 toutes les vitesses, avec une densit\u00e9 de couleurs \u00e9lev\u00e9e et une large gamme de couleurs. Ils adh\u00e8rent facilement \u00e0 une vari\u00e9t\u00e9 pratiquement illimit\u00e9e de mat\u00e9riaux et de surfaces, enduits ou non, y compris le plastique, le bois, le m\u00e9tal, la feuille, le papier, le film, le vinyle et bien d\u2019autres.\" \/>\n<meta property=\"og:url\" content=\"https:\/\/globalprix.com\/fr\/produit\/roland-euvcmykwhglpr220cc\/\" \/>\n<meta property=\"og:site_name\" content=\"Globalprix.com\" \/>\n<meta property=\"article:modified_time\" content=\"2023-10-11T13:51:42+00:00\" \/>\n<meta property=\"og:image\" content=\"https:\/\/globalprix.com\/wp-content\/uploads\/2023\/02\/EUV-GL-329_1.jpg\" \/>\n\t<meta property=\"og:image:width\" content=\"700\" \/>\n\t<meta property=\"og:image:height\" content=\"525\" \/>\n\t<meta property=\"og:image:type\" content=\"image\/jpeg\" \/>\n<meta name=\"twitter:card\" content=\"summary_large_image\" \/>\n<script type=\"application\/ld+json\" class=\"yoast-schema-graph\">{\"@context\":\"https:\\\/\\\/schema.org\",\"@graph\":[{\"@type\":\"WebPage\",\"@id\":\"https:\\\/\\\/globalprix.com\\\/fr\\\/produit\\\/roland-euvcmykwhglpr220cc\\\/\",\"url\":\"https:\\\/\\\/globalprix.com\\\/fr\\\/produit\\\/roland-euvcmykwhglpr220cc\\\/\",\"name\":\"ROLAND EUV CMJJWHGLPR 220cc | Globalprix.com\",\"isPartOf\":{\"@id\":\"https:\\\/\\\/globalprix.com\\\/#website\"},\"primaryImageOfPage\":{\"@id\":\"https:\\\/\\\/globalprix.com\\\/fr\\\/produit\\\/roland-euvcmykwhglpr220cc\\\/#primaryimage\"},\"image\":{\"@id\":\"https:\\\/\\\/globalprix.com\\\/fr\\\/produit\\\/roland-euvcmykwhglpr220cc\\\/#primaryimage\"},\"thumbnailUrl\":\"https:\\\/\\\/globalprix.com\\\/wp-content\\\/uploads\\\/2023\\\/02\\\/EUV-GL-329_1.jpg\",\"datePublished\":\"2023-02-15T12:36:57+00:00\",\"dateModified\":\"2023-10-11T13:51:42+00:00\",\"breadcrumb\":{\"@id\":\"https:\\\/\\\/globalprix.com\\\/fr\\\/produit\\\/roland-euvcmykwhglpr220cc\\\/#breadcrumb\"},\"inLanguage\":\"fr-FR\",\"potentialAction\":[{\"@type\":\"ReadAction\",\"target\":[\"https:\\\/\\\/globalprix.com\\\/fr\\\/produit\\\/roland-euvcmykwhglpr220cc\\\/\"]}]},{\"@type\":\"ImageObject\",\"inLanguage\":\"fr-FR\",\"@id\":\"https:\\\/\\\/globalprix.com\\\/fr\\\/produit\\\/roland-euvcmykwhglpr220cc\\\/#primaryimage\",\"url\":\"https:\\\/\\\/globalprix.com\\\/wp-content\\\/uploads\\\/2023\\\/02\\\/EUV-GL-329_1.jpg\",\"contentUrl\":\"https:\\\/\\\/globalprix.com\\\/wp-content\\\/uploads\\\/2023\\\/02\\\/EUV-GL-329_1.jpg\",\"width\":700,\"height\":525},{\"@type\":\"BreadcrumbList\",\"@id\":\"https:\\\/\\\/globalprix.com\\\/fr\\\/produit\\\/roland-euvcmykwhglpr220cc\\\/#breadcrumb\",\"itemListElement\":[{\"@type\":\"ListItem\",\"position\":1,\"name\":\"Portada\",\"item\":\"https:\\\/\\\/globalprix.com\\\/en\\\/\"},{\"@type\":\"ListItem\",\"position\":2,\"name\":\"Boutique\",\"item\":\"https:\\\/\\\/globalprix.com\\\/fr\\\/boutique\\\/\"},{\"@type\":\"ListItem\",\"position\":3,\"name\":\"ROLAND EUVCMJJWHGLPR220cc\"}]},{\"@type\":\"WebSite\",\"@id\":\"https:\\\/\\\/globalprix.com\\\/#website\",\"url\":\"https:\\\/\\\/globalprix.com\\\/\",\"name\":\"Globalprix\",\"description\":\"Tienda online para Serigraf\u00eda\",\"publisher\":{\"@id\":\"https:\\\/\\\/globalprix.com\\\/#organization\"},\"alternateName\":\"Tienda online de serigraf\u00eda\",\"potentialAction\":[{\"@type\":\"SearchAction\",\"target\":{\"@type\":\"EntryPoint\",\"urlTemplate\":\"https:\\\/\\\/globalprix.com\\\/?s={search_term_string}\"},\"query-input\":{\"@type\":\"PropertyValueSpecification\",\"valueRequired\":true,\"valueName\":\"search_term_string\"}}],\"inLanguage\":\"fr-FR\"},{\"@type\":\"Organization\",\"@id\":\"https:\\\/\\\/globalprix.com\\\/#organization\",\"name\":\"Global Managing\",\"alternateName\":\"Globalprix\",\"url\":\"https:\\\/\\\/globalprix.com\\\/\",\"logo\":{\"@type\":\"ImageObject\",\"inLanguage\":\"fr-FR\",\"@id\":\"https:\\\/\\\/globalprix.com\\\/#\\\/schema\\\/logo\\\/image\\\/\",\"url\":\"https:\\\/\\\/globalprix.com\\\/wp-content\\\/uploads\\\/2023\\\/03\\\/logo-globalprix.jpg\",\"contentUrl\":\"https:\\\/\\\/globalprix.com\\\/wp-content\\\/uploads\\\/2023\\\/03\\\/logo-globalprix.jpg\",\"width\":595,\"height\":202,\"caption\":\"Global Managing\"},\"image\":{\"@id\":\"https:\\\/\\\/globalprix.com\\\/#\\\/schema\\\/logo\\\/image\\\/\"}}]}<\/script>\n<!-- \/ Yoast SEO plugin. -->","yoast_head_json":{"title":"ROLAND EUVCMJJWHGLPR220cc | Globalprix.com","robots":{"index":"index","follow":"follow","max-snippet":"max-snippet:-1","max-image-preview":"max-image-preview:large","max-video-preview":"max-video-preview:-1"},"canonical":"https:\/\/globalprix.com\/fr\/produit\/roland-euvcmykwhglpr220cc\/","og_locale":"fr_FR","og_type":"article","og_title":"ROLAND EUVCMJJWHGLPR220cc | Globalprix.com","og_description":"Encres formul\u00e9es sp\u00e9cifiquement pour les s\u00e9ries Roland DG VersaUV et LG et MG TrueVIS. Ils offrent des impressions de qualit\u00e9 \u00e9poustouflante \u00e0 toutes les vitesses, avec une densit\u00e9 de couleurs \u00e9lev\u00e9e et une large gamme de couleurs. Ils adh\u00e8rent facilement \u00e0 une vari\u00e9t\u00e9 pratiquement illimit\u00e9e de mat\u00e9riaux et de surfaces, enduits ou non, y compris le plastique, le bois, le m\u00e9tal, la feuille, le papier, le film, le vinyle et bien d\u2019autres.","og_url":"https:\/\/globalprix.com\/fr\/produit\/roland-euvcmykwhglpr220cc\/","og_site_name":"Globalprix.com","article_modified_time":"2023-10-11T13:51:42+00:00","og_image":[{"width":700,"height":525,"url":"https:\/\/globalprix.com\/wp-content\/uploads\/2023\/02\/EUV-GL-329_1.jpg","type":"image\/jpeg"}],"twitter_card":"summary_large_image","schema":{"@context":"https:\/\/schema.org","@graph":[{"@type":"WebPage","@id":"https:\/\/globalprix.com\/fr\/produit\/roland-euvcmykwhglpr220cc\/","url":"https:\/\/globalprix.com\/fr\/produit\/roland-euvcmykwhglpr220cc\/","name":"ROLAND EUV CMJJWHGLPR 220cc | Globalprix.com","isPartOf":{"@id":"https:\/\/globalprix.com\/#website"},"primaryImageOfPage":{"@id":"https:\/\/globalprix.com\/fr\/produit\/roland-euvcmykwhglpr220cc\/#primaryimage"},"image":{"@id":"https:\/\/globalprix.com\/fr\/produit\/roland-euvcmykwhglpr220cc\/#primaryimage"},"thumbnailUrl":"https:\/\/globalprix.com\/wp-content\/uploads\/2023\/02\/EUV-GL-329_1.jpg","datePublished":"2023-02-15T12:36:57+00:00","dateModified":"2023-10-11T13:51:42+00:00","breadcrumb":{"@id":"https:\/\/globalprix.com\/fr\/produit\/roland-euvcmykwhglpr220cc\/#breadcrumb"},"inLanguage":"fr-FR","potentialAction":[{"@type":"ReadAction","target":["https:\/\/globalprix.com\/fr\/produit\/roland-euvcmykwhglpr220cc\/"]}]},{"@type":"ImageObject","inLanguage":"fr-FR","@id":"https:\/\/globalprix.com\/fr\/produit\/roland-euvcmykwhglpr220cc\/#primaryimage","url":"https:\/\/globalprix.com\/wp-content\/uploads\/2023\/02\/EUV-GL-329_1.jpg","contentUrl":"https:\/\/globalprix.com\/wp-content\/uploads\/2023\/02\/EUV-GL-329_1.jpg","width":700,"height":525},{"@type":"BreadcrumbList","@id":"https:\/\/globalprix.com\/fr\/produit\/roland-euvcmykwhglpr220cc\/#breadcrumb","itemListElement":[{"@type":"ListItem","position":1,"name":"Portada","item":"https:\/\/globalprix.com\/en\/"},{"@type":"ListItem","position":2,"name":"Boutique","item":"https:\/\/globalprix.com\/fr\/boutique\/"},{"@type":"ListItem","position":3,"name":"ROLAND EUVCMJJWHGLPR220cc"}]},{"@type":"WebSite","@id":"https:\/\/globalprix.com\/#website","url":"https:\/\/globalprix.com\/","name":"Globalprix","description":"Tienda online para Serigraf\u00eda","publisher":{"@id":"https:\/\/globalprix.com\/#organization"},"alternateName":"Tienda online de serigraf\u00eda","potentialAction":[{"@type":"SearchAction","target":{"@type":"EntryPoint","urlTemplate":"https:\/\/globalprix.com\/?s={search_term_string}"},"query-input":{"@type":"PropertyValueSpecification","valueRequired":true,"valueName":"search_term_string"}}],"inLanguage":"fr-FR"},{"@type":"Organization","@id":"https:\/\/globalprix.com\/#organization","name":"Global Managing","alternateName":"Globalprix","url":"https:\/\/globalprix.com\/","logo":{"@type":"ImageObject","inLanguage":"fr-FR","@id":"https:\/\/globalprix.com\/#\/schema\/logo\/image\/","url":"https:\/\/globalprix.com\/wp-content\/uploads\/2023\/03\/logo-globalprix.jpg","contentUrl":"https:\/\/globalprix.com\/wp-content\/uploads\/2023\/03\/logo-globalprix.jpg","width":595,"height":202,"caption":"Global Managing"},"image":{"@id":"https:\/\/globalprix.com\/#\/schema\/logo\/image\/"}}]}},"_links":{"self":[{"href":"https:\/\/globalprix.com\/fr\/wp-json\/wp\/v2\/product\/23037","targetHints":{"allow":["GET"]}}],"collection":[{"href":"https:\/\/globalprix.com\/fr\/wp-json\/wp\/v2\/product"}],"about":[{"href":"https:\/\/globalprix.com\/fr\/wp-json\/wp\/v2\/types\/product"}],"replies":[{"embeddable":true,"href":"https:\/\/globalprix.com\/fr\/wp-json\/wp\/v2\/comments?post=23037"}],"version-history":[{"count":0,"href":"https:\/\/globalprix.com\/fr\/wp-json\/wp\/v2\/product\/23037\/revisions"}],"wp:featuredmedia":[{"embeddable":true,"href":"https:\/\/globalprix.com\/fr\/wp-json\/wp\/v2\/media\/22194"}],"wp:attachment":[{"href":"https:\/\/globalprix.com\/fr\/wp-json\/wp\/v2\/media?parent=23037"}],"wp:term":[{"taxonomy":"product_brand","embeddable":true,"href":"https:\/\/globalprix.com\/fr\/wp-json\/wp\/v2\/product_brand?post=23037"},{"taxonomy":"product_cat","embeddable":true,"href":"https:\/\/globalprix.com\/fr\/wp-json\/wp\/v2\/product_cat?post=23037"},{"taxonomy":"product_tag","embeddable":true,"href":"https:\/\/globalprix.com\/fr\/wp-json\/wp\/v2\/product_tag?post=23037"}],"curies":[{"name":"wp","href":"https:\/\/api.w.org\/{rel}","templated":true}]}}