{"id":23048,"date":"2023-01-27T08:08:08","date_gmt":"2023-01-27T07:08:08","guid":{"rendered":"https:\/\/globalprix.com\/producto\/table-de-tensionpour-ecrans-120-cm-x-120-cm\/"},"modified":"2024-01-26T08:46:18","modified_gmt":"2024-01-26T07:46:18","slug":"table-de-tensionpour-ecrans-jusqua-120-cm-x-120-cm","status":"publish","type":"product","link":"https:\/\/globalprix.com\/fr\/produit\/table-de-tensionpour-ecrans-jusqua-120-cm-x-120-cm\/","title":{"rendered":"TABLE DE TENSION<br>Pour \u00e9crans jusqu\u2019\u00e0 120 cm x 120 cm"},"content":{"rendered":"<p>S\u2019il n\u2019y a pas de stock de l\u2019article, contactez-nous pour d\u00e9finir un d\u00e9lai de livraison en info@globalprix.com<\/p>\n","protected":false},"excerpt":{"rendered":"<p>La table de tension se caract\u00e9rise par un fonctionnement simple, une grande fiabilit\u00e9, une bonne durabilit\u00e9 et une rentabilit\u00e9 \u00e9lev\u00e9e. Pendant son fonctionnement, l\u2019\u00e9quipement de tension de maille de s\u00e9rigraphie est capable de fournir une tension longitudinale suffisante et persistante.<\/p>\n","protected":false},"featured_media":14426,"comment_status":"open","ping_status":"closed","template":"","meta":[],"product_brand":[],"product_cat":[2744,2897,2683],"product_tag":[],"class_list":{"0":"post-23048","1":"product","2":"type-product","3":"status-publish","4":"has-post-thumbnail","6":"product_cat-machines-et-auxiliaires","7":"product_cat-machines-pour-la-serigraphie","8":"product_cat-serigraphie","10":"first","11":"outofstock","12":"taxable","13":"shipping-taxable","14":"purchasable","15":"product-type-simple"},"yoast_head":"<!-- This site is optimized with the Yoast SEO plugin v27.3 - https:\/\/yoast.com\/product\/yoast-seo-wordpress\/ -->\n<title>TABLE DE TENSIONPour \u00e9crans jusqu\u2019\u00e0 120 cm x 120 cm | Globalprix.com<\/title>\n<meta name=\"robots\" content=\"index, follow, max-snippet:-1, max-image-preview:large, max-video-preview:-1\" \/>\n<link rel=\"canonical\" href=\"https:\/\/globalprix.com\/fr\/produit\/table-de-tensionpour-ecrans-jusqua-120-cm-x-120-cm\/\" \/>\n<meta property=\"og:locale\" content=\"fr_FR\" \/>\n<meta property=\"og:type\" content=\"article\" \/>\n<meta property=\"og:title\" content=\"TABLE DE TENSIONPour \u00e9crans jusqu\u2019\u00e0 120 cm x 120 cm | Globalprix.com\" \/>\n<meta property=\"og:description\" content=\"La table de tension se caract\u00e9rise par un fonctionnement simple, une grande fiabilit\u00e9, une bonne durabilit\u00e9 et une rentabilit\u00e9 \u00e9lev\u00e9e. Pendant son fonctionnement, l\u2019\u00e9quipement de tension de maille de s\u00e9rigraphie est capable de fournir une tension longitudinale suffisante et persistante.\" \/>\n<meta property=\"og:url\" content=\"https:\/\/globalprix.com\/fr\/produit\/table-de-tensionpour-ecrans-jusqua-120-cm-x-120-cm\/\" \/>\n<meta property=\"og:site_name\" content=\"Globalprix.com\" \/>\n<meta property=\"article:modified_time\" content=\"2024-01-26T07:46:18+00:00\" \/>\n<meta property=\"og:image\" content=\"https:\/\/globalprix.com\/wp-content\/uploads\/2022\/12\/mesa-tensionado-manual-pantallas.jpg\" \/>\n\t<meta property=\"og:image:width\" content=\"735\" \/>\n\t<meta property=\"og:image:height\" content=\"454\" \/>\n\t<meta property=\"og:image:type\" content=\"image\/jpeg\" \/>\n<meta name=\"twitter:card\" content=\"summary_large_image\" \/>\n<script type=\"application\/ld+json\" class=\"yoast-schema-graph\">{\"@context\":\"https:\\\/\\\/schema.org\",\"@graph\":[{\"@type\":\"WebPage\",\"@id\":\"https:\\\/\\\/globalprix.com\\\/fr\\\/produit\\\/table-de-tensionpour-ecrans-jusqua-120-cm-x-120-cm\\\/\",\"url\":\"https:\\\/\\\/globalprix.com\\\/fr\\\/produit\\\/table-de-tensionpour-ecrans-jusqua-120-cm-x-120-cm\\\/\",\"name\":\"TABLE DE TENSION Pour \u00e9crans jusqu\u2019\u00e0 120 cm x 120 cm | Globalprix.com\",\"isPartOf\":{\"@id\":\"https:\\\/\\\/globalprix.com\\\/#website\"},\"primaryImageOfPage\":{\"@id\":\"https:\\\/\\\/globalprix.com\\\/fr\\\/produit\\\/table-de-tensionpour-ecrans-jusqua-120-cm-x-120-cm\\\/#primaryimage\"},\"image\":{\"@id\":\"https:\\\/\\\/globalprix.com\\\/fr\\\/produit\\\/table-de-tensionpour-ecrans-jusqua-120-cm-x-120-cm\\\/#primaryimage\"},\"thumbnailUrl\":\"https:\\\/\\\/globalprix.com\\\/wp-content\\\/uploads\\\/2022\\\/12\\\/mesa-tensionado-manual-pantallas.jpg\",\"datePublished\":\"2023-01-27T07:08:08+00:00\",\"dateModified\":\"2024-01-26T07:46:18+00:00\",\"breadcrumb\":{\"@id\":\"https:\\\/\\\/globalprix.com\\\/fr\\\/produit\\\/table-de-tensionpour-ecrans-jusqua-120-cm-x-120-cm\\\/#breadcrumb\"},\"inLanguage\":\"fr-FR\",\"potentialAction\":[{\"@type\":\"ReadAction\",\"target\":[\"https:\\\/\\\/globalprix.com\\\/fr\\\/produit\\\/table-de-tensionpour-ecrans-jusqua-120-cm-x-120-cm\\\/\"]}]},{\"@type\":\"ImageObject\",\"inLanguage\":\"fr-FR\",\"@id\":\"https:\\\/\\\/globalprix.com\\\/fr\\\/produit\\\/table-de-tensionpour-ecrans-jusqua-120-cm-x-120-cm\\\/#primaryimage\",\"url\":\"https:\\\/\\\/globalprix.com\\\/wp-content\\\/uploads\\\/2022\\\/12\\\/mesa-tensionado-manual-pantallas.jpg\",\"contentUrl\":\"https:\\\/\\\/globalprix.com\\\/wp-content\\\/uploads\\\/2022\\\/12\\\/mesa-tensionado-manual-pantallas.jpg\",\"width\":735,\"height\":454},{\"@type\":\"BreadcrumbList\",\"@id\":\"https:\\\/\\\/globalprix.com\\\/fr\\\/produit\\\/table-de-tensionpour-ecrans-jusqua-120-cm-x-120-cm\\\/#breadcrumb\",\"itemListElement\":[{\"@type\":\"ListItem\",\"position\":1,\"name\":\"Portada\",\"item\":\"https:\\\/\\\/globalprix.com\\\/en\\\/\"},{\"@type\":\"ListItem\",\"position\":2,\"name\":\"Boutique\",\"item\":\"https:\\\/\\\/globalprix.com\\\/fr\\\/boutique\\\/\"},{\"@type\":\"ListItem\",\"position\":3,\"name\":\"TABLE DE TENSIONPour \u00e9crans jusqu\u2019\u00e0 120 cm x 120 cm\"}]},{\"@type\":\"WebSite\",\"@id\":\"https:\\\/\\\/globalprix.com\\\/#website\",\"url\":\"https:\\\/\\\/globalprix.com\\\/\",\"name\":\"Globalprix\",\"description\":\"Tienda online para Serigraf\u00eda\",\"publisher\":{\"@id\":\"https:\\\/\\\/globalprix.com\\\/#organization\"},\"alternateName\":\"Tienda online de serigraf\u00eda\",\"potentialAction\":[{\"@type\":\"SearchAction\",\"target\":{\"@type\":\"EntryPoint\",\"urlTemplate\":\"https:\\\/\\\/globalprix.com\\\/?s={search_term_string}\"},\"query-input\":{\"@type\":\"PropertyValueSpecification\",\"valueRequired\":true,\"valueName\":\"search_term_string\"}}],\"inLanguage\":\"fr-FR\"},{\"@type\":\"Organization\",\"@id\":\"https:\\\/\\\/globalprix.com\\\/#organization\",\"name\":\"Global Managing\",\"alternateName\":\"Globalprix\",\"url\":\"https:\\\/\\\/globalprix.com\\\/\",\"logo\":{\"@type\":\"ImageObject\",\"inLanguage\":\"fr-FR\",\"@id\":\"https:\\\/\\\/globalprix.com\\\/#\\\/schema\\\/logo\\\/image\\\/\",\"url\":\"https:\\\/\\\/globalprix.com\\\/wp-content\\\/uploads\\\/2023\\\/03\\\/logo-globalprix.jpg\",\"contentUrl\":\"https:\\\/\\\/globalprix.com\\\/wp-content\\\/uploads\\\/2023\\\/03\\\/logo-globalprix.jpg\",\"width\":595,\"height\":202,\"caption\":\"Global Managing\"},\"image\":{\"@id\":\"https:\\\/\\\/globalprix.com\\\/#\\\/schema\\\/logo\\\/image\\\/\"}}]}<\/script>\n<!-- \/ Yoast SEO plugin. -->","yoast_head_json":{"title":"TABLE DE TENSIONPour \u00e9crans jusqu\u2019\u00e0 120 cm x 120 cm | Globalprix.com","robots":{"index":"index","follow":"follow","max-snippet":"max-snippet:-1","max-image-preview":"max-image-preview:large","max-video-preview":"max-video-preview:-1"},"canonical":"https:\/\/globalprix.com\/fr\/produit\/table-de-tensionpour-ecrans-jusqua-120-cm-x-120-cm\/","og_locale":"fr_FR","og_type":"article","og_title":"TABLE DE TENSIONPour \u00e9crans jusqu\u2019\u00e0 120 cm x 120 cm | Globalprix.com","og_description":"La table de tension se caract\u00e9rise par un fonctionnement simple, une grande fiabilit\u00e9, une bonne durabilit\u00e9 et une rentabilit\u00e9 \u00e9lev\u00e9e. Pendant son fonctionnement, l\u2019\u00e9quipement de tension de maille de s\u00e9rigraphie est capable de fournir une tension longitudinale suffisante et persistante.","og_url":"https:\/\/globalprix.com\/fr\/produit\/table-de-tensionpour-ecrans-jusqua-120-cm-x-120-cm\/","og_site_name":"Globalprix.com","article_modified_time":"2024-01-26T07:46:18+00:00","og_image":[{"width":735,"height":454,"url":"https:\/\/globalprix.com\/wp-content\/uploads\/2022\/12\/mesa-tensionado-manual-pantallas.jpg","type":"image\/jpeg"}],"twitter_card":"summary_large_image","schema":{"@context":"https:\/\/schema.org","@graph":[{"@type":"WebPage","@id":"https:\/\/globalprix.com\/fr\/produit\/table-de-tensionpour-ecrans-jusqua-120-cm-x-120-cm\/","url":"https:\/\/globalprix.com\/fr\/produit\/table-de-tensionpour-ecrans-jusqua-120-cm-x-120-cm\/","name":"TABLE DE TENSION Pour \u00e9crans jusqu\u2019\u00e0 120 cm x 120 cm | Globalprix.com","isPartOf":{"@id":"https:\/\/globalprix.com\/#website"},"primaryImageOfPage":{"@id":"https:\/\/globalprix.com\/fr\/produit\/table-de-tensionpour-ecrans-jusqua-120-cm-x-120-cm\/#primaryimage"},"image":{"@id":"https:\/\/globalprix.com\/fr\/produit\/table-de-tensionpour-ecrans-jusqua-120-cm-x-120-cm\/#primaryimage"},"thumbnailUrl":"https:\/\/globalprix.com\/wp-content\/uploads\/2022\/12\/mesa-tensionado-manual-pantallas.jpg","datePublished":"2023-01-27T07:08:08+00:00","dateModified":"2024-01-26T07:46:18+00:00","breadcrumb":{"@id":"https:\/\/globalprix.com\/fr\/produit\/table-de-tensionpour-ecrans-jusqua-120-cm-x-120-cm\/#breadcrumb"},"inLanguage":"fr-FR","potentialAction":[{"@type":"ReadAction","target":["https:\/\/globalprix.com\/fr\/produit\/table-de-tensionpour-ecrans-jusqua-120-cm-x-120-cm\/"]}]},{"@type":"ImageObject","inLanguage":"fr-FR","@id":"https:\/\/globalprix.com\/fr\/produit\/table-de-tensionpour-ecrans-jusqua-120-cm-x-120-cm\/#primaryimage","url":"https:\/\/globalprix.com\/wp-content\/uploads\/2022\/12\/mesa-tensionado-manual-pantallas.jpg","contentUrl":"https:\/\/globalprix.com\/wp-content\/uploads\/2022\/12\/mesa-tensionado-manual-pantallas.jpg","width":735,"height":454},{"@type":"BreadcrumbList","@id":"https:\/\/globalprix.com\/fr\/produit\/table-de-tensionpour-ecrans-jusqua-120-cm-x-120-cm\/#breadcrumb","itemListElement":[{"@type":"ListItem","position":1,"name":"Portada","item":"https:\/\/globalprix.com\/en\/"},{"@type":"ListItem","position":2,"name":"Boutique","item":"https:\/\/globalprix.com\/fr\/boutique\/"},{"@type":"ListItem","position":3,"name":"TABLE DE TENSIONPour \u00e9crans jusqu\u2019\u00e0 120 cm x 120 cm"}]},{"@type":"WebSite","@id":"https:\/\/globalprix.com\/#website","url":"https:\/\/globalprix.com\/","name":"Globalprix","description":"Tienda online para Serigraf\u00eda","publisher":{"@id":"https:\/\/globalprix.com\/#organization"},"alternateName":"Tienda online de serigraf\u00eda","potentialAction":[{"@type":"SearchAction","target":{"@type":"EntryPoint","urlTemplate":"https:\/\/globalprix.com\/?s={search_term_string}"},"query-input":{"@type":"PropertyValueSpecification","valueRequired":true,"valueName":"search_term_string"}}],"inLanguage":"fr-FR"},{"@type":"Organization","@id":"https:\/\/globalprix.com\/#organization","name":"Global Managing","alternateName":"Globalprix","url":"https:\/\/globalprix.com\/","logo":{"@type":"ImageObject","inLanguage":"fr-FR","@id":"https:\/\/globalprix.com\/#\/schema\/logo\/image\/","url":"https:\/\/globalprix.com\/wp-content\/uploads\/2023\/03\/logo-globalprix.jpg","contentUrl":"https:\/\/globalprix.com\/wp-content\/uploads\/2023\/03\/logo-globalprix.jpg","width":595,"height":202,"caption":"Global Managing"},"image":{"@id":"https:\/\/globalprix.com\/#\/schema\/logo\/image\/"}}]}},"_links":{"self":[{"href":"https:\/\/globalprix.com\/fr\/wp-json\/wp\/v2\/product\/23048","targetHints":{"allow":["GET"]}}],"collection":[{"href":"https:\/\/globalprix.com\/fr\/wp-json\/wp\/v2\/product"}],"about":[{"href":"https:\/\/globalprix.com\/fr\/wp-json\/wp\/v2\/types\/product"}],"replies":[{"embeddable":true,"href":"https:\/\/globalprix.com\/fr\/wp-json\/wp\/v2\/comments?post=23048"}],"version-history":[{"count":0,"href":"https:\/\/globalprix.com\/fr\/wp-json\/wp\/v2\/product\/23048\/revisions"}],"wp:featuredmedia":[{"embeddable":true,"href":"https:\/\/globalprix.com\/fr\/wp-json\/wp\/v2\/media\/14426"}],"wp:attachment":[{"href":"https:\/\/globalprix.com\/fr\/wp-json\/wp\/v2\/media?parent=23048"}],"wp:term":[{"taxonomy":"product_brand","embeddable":true,"href":"https:\/\/globalprix.com\/fr\/wp-json\/wp\/v2\/product_brand?post=23048"},{"taxonomy":"product_cat","embeddable":true,"href":"https:\/\/globalprix.com\/fr\/wp-json\/wp\/v2\/product_cat?post=23048"},{"taxonomy":"product_tag","embeddable":true,"href":"https:\/\/globalprix.com\/fr\/wp-json\/wp\/v2\/product_tag?post=23048"}],"curies":[{"name":"wp","href":"https:\/\/api.w.org\/{rel}","templated":true}]}}