{"id":23081,"date":"2022-12-07T15:39:11","date_gmt":"2022-12-07T14:39:11","guid":{"rendered":"https:\/\/globalprix.com\/producto\/stahls-hotronix-dual-air-fusion-iq-plaque-textile-multitache-2cmx40cmx50cm-pneumatic\/"},"modified":"2024-02-13T16:03:54","modified_gmt":"2024-02-13T15:03:54","slug":"fer-thermique-pneumaticastahls-hotronix-dual-air-fusion-iq40-cm-x-50-cm","status":"publish","type":"product","link":"https:\/\/globalprix.com\/fr\/produit\/fer-thermique-pneumaticastahls-hotronix-dual-air-fusion-iq40-cm-x-50-cm\/","title":{"rendered":"FER THERMIQUE PNEUMATIQUE<br>STAHLS Hotronix\u00ae Dual Air Fusion IQ\u00ae<br>40 cm x 50 cm"},"content":{"rendered":"<p>Consultez-nous pour conna\u00eetre les caract\u00e9ristiques techniques, les conditions de vente et de financement ainsi que pour d\u00e9finir un d\u00e9lai de livraison en info@globalprix.com<\/p>\n<p>&nbsp;<\/p>\n<p>&nbsp;<\/p>\n","protected":false},"excerpt":{"rendered":"<p>Plaque thermique con\u00e7ue pour atteindre une efficacit\u00e9 d\u2019impression thermique maximale.<br \/>\nCette machine de transfert de chaleur offre la fonctionnalit\u00e9 de deux presses thermiques Air Fusion IQ\u00ae avec un fonctionnement fluide et sans effort contr\u00f4l\u00e9 en appuyant sur un bouton et en appuyant sur une p\u00e9dale.<br \/>\nL\u2019\u00e9tage sup\u00e9rieur se d\u00e9place entre les stations d\u2019impression thermique, ce qui permet aux op\u00e9rateurs de pr\u00e9parer les v\u00eatements \u00e0 une station pendant que l\u2019autre est press\u00e9e.<\/p>\n","protected":false},"featured_media":16210,"comment_status":"open","ping_status":"closed","template":"","meta":[],"product_brand":[],"product_cat":[645,485],"product_tag":[],"class_list":{"0":"post-23081","1":"product","2":"type-product","3":"status-publish","4":"has-post-thumbnail","6":"product_cat-maquinas-herramientas-maquinaria-fr","7":"product_cat-sublimacion-fr","9":"first","10":"outofstock","11":"taxable","12":"shipping-taxable","13":"purchasable","14":"product-type-simple"},"yoast_head":"<!-- This site is optimized with the Yoast SEO plugin v27.3 - https:\/\/yoast.com\/product\/yoast-seo-wordpress\/ -->\n<title>FER THERMIQUE PNEUMATIQUESTAHLS Hotronix\u00ae Dual Air Fusion IQ\u00ae40 cm x 50 cm | Globalprix.com<\/title>\n<meta name=\"robots\" content=\"index, follow, max-snippet:-1, max-image-preview:large, max-video-preview:-1\" \/>\n<link rel=\"canonical\" href=\"https:\/\/globalprix.com\/fr\/produit\/fer-thermique-pneumaticastahls-hotronix-dual-air-fusion-iq40-cm-x-50-cm\/\" \/>\n<meta property=\"og:locale\" content=\"fr_FR\" \/>\n<meta property=\"og:type\" content=\"article\" \/>\n<meta property=\"og:title\" content=\"FER THERMIQUE PNEUMATIQUESTAHLS Hotronix\u00ae Dual Air Fusion IQ\u00ae40 cm x 50 cm | Globalprix.com\" \/>\n<meta property=\"og:description\" content=\"Plaque thermique con\u00e7ue pour atteindre une efficacit\u00e9 d\u2019impression thermique maximale. Cette machine de transfert de chaleur offre la fonctionnalit\u00e9 de deux presses thermiques Air Fusion IQ\u00ae avec un fonctionnement fluide et sans effort contr\u00f4l\u00e9 en appuyant sur un bouton et en appuyant sur une p\u00e9dale. L\u2019\u00e9tage sup\u00e9rieur se d\u00e9place entre les stations d\u2019impression thermique, ce qui permet aux op\u00e9rateurs de pr\u00e9parer les v\u00eatements \u00e0 une station pendant que l\u2019autre est press\u00e9e.\" \/>\n<meta property=\"og:url\" content=\"https:\/\/globalprix.com\/fr\/produit\/fer-thermique-pneumaticastahls-hotronix-dual-air-fusion-iq40-cm-x-50-cm\/\" \/>\n<meta property=\"og:site_name\" content=\"Globalprix.com\" \/>\n<meta property=\"article:modified_time\" content=\"2024-02-13T15:03:54+00:00\" \/>\n<meta property=\"og:image\" content=\"https:\/\/globalprix.com\/wp-content\/uploads\/2022\/12\/f0b938ac83e9474e209e5b9b5a0dfa09_DualFusionIQ_lg-0-760-c-100.jpg\" \/>\n\t<meta property=\"og:image:width\" content=\"1121\" \/>\n\t<meta property=\"og:image:height\" content=\"760\" \/>\n\t<meta property=\"og:image:type\" content=\"image\/jpeg\" \/>\n<meta name=\"twitter:card\" content=\"summary_large_image\" \/>\n<script type=\"application\/ld+json\" class=\"yoast-schema-graph\">{\"@context\":\"https:\\\/\\\/schema.org\",\"@graph\":[{\"@type\":\"WebPage\",\"@id\":\"https:\\\/\\\/globalprix.com\\\/fr\\\/produit\\\/fer-thermique-pneumaticastahls-hotronix-dual-air-fusion-iq40-cm-x-50-cm\\\/\",\"url\":\"https:\\\/\\\/globalprix.com\\\/fr\\\/produit\\\/fer-thermique-pneumaticastahls-hotronix-dual-air-fusion-iq40-cm-x-50-cm\\\/\",\"name\":\"FER THERMIQUE PNEUMATIQUE STAHLS Hotronix\u00ae Dual Air Fusion IQ\u00ae 40 cm x 50 cm | Globalprix.com\",\"isPartOf\":{\"@id\":\"https:\\\/\\\/globalprix.com\\\/#website\"},\"primaryImageOfPage\":{\"@id\":\"https:\\\/\\\/globalprix.com\\\/fr\\\/produit\\\/fer-thermique-pneumaticastahls-hotronix-dual-air-fusion-iq40-cm-x-50-cm\\\/#primaryimage\"},\"image\":{\"@id\":\"https:\\\/\\\/globalprix.com\\\/fr\\\/produit\\\/fer-thermique-pneumaticastahls-hotronix-dual-air-fusion-iq40-cm-x-50-cm\\\/#primaryimage\"},\"thumbnailUrl\":\"https:\\\/\\\/globalprix.com\\\/wp-content\\\/uploads\\\/2022\\\/12\\\/f0b938ac83e9474e209e5b9b5a0dfa09_DualFusionIQ_lg-0-760-c-100.jpg\",\"datePublished\":\"2022-12-07T14:39:11+00:00\",\"dateModified\":\"2024-02-13T15:03:54+00:00\",\"breadcrumb\":{\"@id\":\"https:\\\/\\\/globalprix.com\\\/fr\\\/produit\\\/fer-thermique-pneumaticastahls-hotronix-dual-air-fusion-iq40-cm-x-50-cm\\\/#breadcrumb\"},\"inLanguage\":\"fr-FR\",\"potentialAction\":[{\"@type\":\"ReadAction\",\"target\":[\"https:\\\/\\\/globalprix.com\\\/fr\\\/produit\\\/fer-thermique-pneumaticastahls-hotronix-dual-air-fusion-iq40-cm-x-50-cm\\\/\"]}]},{\"@type\":\"ImageObject\",\"inLanguage\":\"fr-FR\",\"@id\":\"https:\\\/\\\/globalprix.com\\\/fr\\\/produit\\\/fer-thermique-pneumaticastahls-hotronix-dual-air-fusion-iq40-cm-x-50-cm\\\/#primaryimage\",\"url\":\"https:\\\/\\\/globalprix.com\\\/wp-content\\\/uploads\\\/2022\\\/12\\\/f0b938ac83e9474e209e5b9b5a0dfa09_DualFusionIQ_lg-0-760-c-100.jpg\",\"contentUrl\":\"https:\\\/\\\/globalprix.com\\\/wp-content\\\/uploads\\\/2022\\\/12\\\/f0b938ac83e9474e209e5b9b5a0dfa09_DualFusionIQ_lg-0-760-c-100.jpg\",\"width\":1121,\"height\":760},{\"@type\":\"BreadcrumbList\",\"@id\":\"https:\\\/\\\/globalprix.com\\\/fr\\\/produit\\\/fer-thermique-pneumaticastahls-hotronix-dual-air-fusion-iq40-cm-x-50-cm\\\/#breadcrumb\",\"itemListElement\":[{\"@type\":\"ListItem\",\"position\":1,\"name\":\"Portada\",\"item\":\"https:\\\/\\\/globalprix.com\\\/en\\\/\"},{\"@type\":\"ListItem\",\"position\":2,\"name\":\"Boutique\",\"item\":\"https:\\\/\\\/globalprix.com\\\/fr\\\/boutique\\\/\"},{\"@type\":\"ListItem\",\"position\":3,\"name\":\"FER THERMIQUE PNEUMATIQUESTAHLS Hotronix\u00ae Dual Air Fusion IQ\u00ae40 cm x 50 cm\"}]},{\"@type\":\"WebSite\",\"@id\":\"https:\\\/\\\/globalprix.com\\\/#website\",\"url\":\"https:\\\/\\\/globalprix.com\\\/\",\"name\":\"Globalprix\",\"description\":\"Tienda online para Serigraf\u00eda\",\"publisher\":{\"@id\":\"https:\\\/\\\/globalprix.com\\\/#organization\"},\"alternateName\":\"Tienda online de serigraf\u00eda\",\"potentialAction\":[{\"@type\":\"SearchAction\",\"target\":{\"@type\":\"EntryPoint\",\"urlTemplate\":\"https:\\\/\\\/globalprix.com\\\/?s={search_term_string}\"},\"query-input\":{\"@type\":\"PropertyValueSpecification\",\"valueRequired\":true,\"valueName\":\"search_term_string\"}}],\"inLanguage\":\"fr-FR\"},{\"@type\":\"Organization\",\"@id\":\"https:\\\/\\\/globalprix.com\\\/#organization\",\"name\":\"Global Managing\",\"alternateName\":\"Globalprix\",\"url\":\"https:\\\/\\\/globalprix.com\\\/\",\"logo\":{\"@type\":\"ImageObject\",\"inLanguage\":\"fr-FR\",\"@id\":\"https:\\\/\\\/globalprix.com\\\/#\\\/schema\\\/logo\\\/image\\\/\",\"url\":\"https:\\\/\\\/globalprix.com\\\/wp-content\\\/uploads\\\/2023\\\/03\\\/logo-globalprix.jpg\",\"contentUrl\":\"https:\\\/\\\/globalprix.com\\\/wp-content\\\/uploads\\\/2023\\\/03\\\/logo-globalprix.jpg\",\"width\":595,\"height\":202,\"caption\":\"Global Managing\"},\"image\":{\"@id\":\"https:\\\/\\\/globalprix.com\\\/#\\\/schema\\\/logo\\\/image\\\/\"}}]}<\/script>\n<!-- \/ Yoast SEO plugin. -->","yoast_head_json":{"title":"FER THERMIQUE PNEUMATIQUESTAHLS Hotronix\u00ae Dual Air Fusion IQ\u00ae40 cm x 50 cm | Globalprix.com","robots":{"index":"index","follow":"follow","max-snippet":"max-snippet:-1","max-image-preview":"max-image-preview:large","max-video-preview":"max-video-preview:-1"},"canonical":"https:\/\/globalprix.com\/fr\/produit\/fer-thermique-pneumaticastahls-hotronix-dual-air-fusion-iq40-cm-x-50-cm\/","og_locale":"fr_FR","og_type":"article","og_title":"FER THERMIQUE PNEUMATIQUESTAHLS Hotronix\u00ae Dual Air Fusion IQ\u00ae40 cm x 50 cm | Globalprix.com","og_description":"Plaque thermique con\u00e7ue pour atteindre une efficacit\u00e9 d\u2019impression thermique maximale. Cette machine de transfert de chaleur offre la fonctionnalit\u00e9 de deux presses thermiques Air Fusion IQ\u00ae avec un fonctionnement fluide et sans effort contr\u00f4l\u00e9 en appuyant sur un bouton et en appuyant sur une p\u00e9dale. L\u2019\u00e9tage sup\u00e9rieur se d\u00e9place entre les stations d\u2019impression thermique, ce qui permet aux op\u00e9rateurs de pr\u00e9parer les v\u00eatements \u00e0 une station pendant que l\u2019autre est press\u00e9e.","og_url":"https:\/\/globalprix.com\/fr\/produit\/fer-thermique-pneumaticastahls-hotronix-dual-air-fusion-iq40-cm-x-50-cm\/","og_site_name":"Globalprix.com","article_modified_time":"2024-02-13T15:03:54+00:00","og_image":[{"width":1121,"height":760,"url":"https:\/\/globalprix.com\/wp-content\/uploads\/2022\/12\/f0b938ac83e9474e209e5b9b5a0dfa09_DualFusionIQ_lg-0-760-c-100.jpg","type":"image\/jpeg"}],"twitter_card":"summary_large_image","schema":{"@context":"https:\/\/schema.org","@graph":[{"@type":"WebPage","@id":"https:\/\/globalprix.com\/fr\/produit\/fer-thermique-pneumaticastahls-hotronix-dual-air-fusion-iq40-cm-x-50-cm\/","url":"https:\/\/globalprix.com\/fr\/produit\/fer-thermique-pneumaticastahls-hotronix-dual-air-fusion-iq40-cm-x-50-cm\/","name":"FER THERMIQUE PNEUMATIQUE STAHLS Hotronix\u00ae Dual Air Fusion IQ\u00ae 40 cm x 50 cm | Globalprix.com","isPartOf":{"@id":"https:\/\/globalprix.com\/#website"},"primaryImageOfPage":{"@id":"https:\/\/globalprix.com\/fr\/produit\/fer-thermique-pneumaticastahls-hotronix-dual-air-fusion-iq40-cm-x-50-cm\/#primaryimage"},"image":{"@id":"https:\/\/globalprix.com\/fr\/produit\/fer-thermique-pneumaticastahls-hotronix-dual-air-fusion-iq40-cm-x-50-cm\/#primaryimage"},"thumbnailUrl":"https:\/\/globalprix.com\/wp-content\/uploads\/2022\/12\/f0b938ac83e9474e209e5b9b5a0dfa09_DualFusionIQ_lg-0-760-c-100.jpg","datePublished":"2022-12-07T14:39:11+00:00","dateModified":"2024-02-13T15:03:54+00:00","breadcrumb":{"@id":"https:\/\/globalprix.com\/fr\/produit\/fer-thermique-pneumaticastahls-hotronix-dual-air-fusion-iq40-cm-x-50-cm\/#breadcrumb"},"inLanguage":"fr-FR","potentialAction":[{"@type":"ReadAction","target":["https:\/\/globalprix.com\/fr\/produit\/fer-thermique-pneumaticastahls-hotronix-dual-air-fusion-iq40-cm-x-50-cm\/"]}]},{"@type":"ImageObject","inLanguage":"fr-FR","@id":"https:\/\/globalprix.com\/fr\/produit\/fer-thermique-pneumaticastahls-hotronix-dual-air-fusion-iq40-cm-x-50-cm\/#primaryimage","url":"https:\/\/globalprix.com\/wp-content\/uploads\/2022\/12\/f0b938ac83e9474e209e5b9b5a0dfa09_DualFusionIQ_lg-0-760-c-100.jpg","contentUrl":"https:\/\/globalprix.com\/wp-content\/uploads\/2022\/12\/f0b938ac83e9474e209e5b9b5a0dfa09_DualFusionIQ_lg-0-760-c-100.jpg","width":1121,"height":760},{"@type":"BreadcrumbList","@id":"https:\/\/globalprix.com\/fr\/produit\/fer-thermique-pneumaticastahls-hotronix-dual-air-fusion-iq40-cm-x-50-cm\/#breadcrumb","itemListElement":[{"@type":"ListItem","position":1,"name":"Portada","item":"https:\/\/globalprix.com\/en\/"},{"@type":"ListItem","position":2,"name":"Boutique","item":"https:\/\/globalprix.com\/fr\/boutique\/"},{"@type":"ListItem","position":3,"name":"FER THERMIQUE PNEUMATIQUESTAHLS Hotronix\u00ae Dual Air Fusion IQ\u00ae40 cm x 50 cm"}]},{"@type":"WebSite","@id":"https:\/\/globalprix.com\/#website","url":"https:\/\/globalprix.com\/","name":"Globalprix","description":"Tienda online para Serigraf\u00eda","publisher":{"@id":"https:\/\/globalprix.com\/#organization"},"alternateName":"Tienda online de serigraf\u00eda","potentialAction":[{"@type":"SearchAction","target":{"@type":"EntryPoint","urlTemplate":"https:\/\/globalprix.com\/?s={search_term_string}"},"query-input":{"@type":"PropertyValueSpecification","valueRequired":true,"valueName":"search_term_string"}}],"inLanguage":"fr-FR"},{"@type":"Organization","@id":"https:\/\/globalprix.com\/#organization","name":"Global Managing","alternateName":"Globalprix","url":"https:\/\/globalprix.com\/","logo":{"@type":"ImageObject","inLanguage":"fr-FR","@id":"https:\/\/globalprix.com\/#\/schema\/logo\/image\/","url":"https:\/\/globalprix.com\/wp-content\/uploads\/2023\/03\/logo-globalprix.jpg","contentUrl":"https:\/\/globalprix.com\/wp-content\/uploads\/2023\/03\/logo-globalprix.jpg","width":595,"height":202,"caption":"Global Managing"},"image":{"@id":"https:\/\/globalprix.com\/#\/schema\/logo\/image\/"}}]}},"_links":{"self":[{"href":"https:\/\/globalprix.com\/fr\/wp-json\/wp\/v2\/product\/23081","targetHints":{"allow":["GET"]}}],"collection":[{"href":"https:\/\/globalprix.com\/fr\/wp-json\/wp\/v2\/product"}],"about":[{"href":"https:\/\/globalprix.com\/fr\/wp-json\/wp\/v2\/types\/product"}],"replies":[{"embeddable":true,"href":"https:\/\/globalprix.com\/fr\/wp-json\/wp\/v2\/comments?post=23081"}],"version-history":[{"count":0,"href":"https:\/\/globalprix.com\/fr\/wp-json\/wp\/v2\/product\/23081\/revisions"}],"wp:featuredmedia":[{"embeddable":true,"href":"https:\/\/globalprix.com\/fr\/wp-json\/wp\/v2\/media\/16210"}],"wp:attachment":[{"href":"https:\/\/globalprix.com\/fr\/wp-json\/wp\/v2\/media?parent=23081"}],"wp:term":[{"taxonomy":"product_brand","embeddable":true,"href":"https:\/\/globalprix.com\/fr\/wp-json\/wp\/v2\/product_brand?post=23081"},{"taxonomy":"product_cat","embeddable":true,"href":"https:\/\/globalprix.com\/fr\/wp-json\/wp\/v2\/product_cat?post=23081"},{"taxonomy":"product_tag","embeddable":true,"href":"https:\/\/globalprix.com\/fr\/wp-json\/wp\/v2\/product_tag?post=23081"}],"curies":[{"name":"wp","href":"https:\/\/api.w.org\/{rel}","templated":true}]}}