{"id":23083,"date":"2022-11-11T13:07:15","date_gmt":"2022-11-11T12:07:15","guid":{"rendered":"https:\/\/globalprix.com\/producto\/roland-gs2-24-700-mmtraceur-de-decoupe-de-vinyle\/"},"modified":"2024-01-26T08:46:28","modified_gmt":"2024-01-26T07:46:28","slug":"roland-gs2-24traceur-decoupe-vinyle700-mm","status":"publish","type":"product","link":"https:\/\/globalprix.com\/fr\/produit\/roland-gs2-24traceur-decoupe-vinyle700-mm\/","title":{"rendered":"ROLAND GS2-24<br>Traceur de d\u00e9coupe vinyle<br>700 mm"},"content":{"rendered":"<p>Contactez-nous pour conna\u00eetre les caract\u00e9ristiques techniques et d\u00e9finir un d\u00e9lai de livraison.<\/p>\n","protected":false},"excerpt":{"rendered":"<p>Avec le GS2-24, des graphiques de qualit\u00e9 professionnelle peuvent \u00eatre cr\u00e9\u00e9s avec une large gamme de mat\u00e9riaux. Son utilisation est facile et intuitive, il a une plus grande puissance pour couper facilement des centaines de mat\u00e9riaux. Les performances de coupe sont rapides et pr\u00e9cises.<\/p>\n","protected":false},"featured_media":16783,"comment_status":"open","ping_status":"closed","template":"","meta":[],"product_brand":[],"product_cat":[2753,520],"product_tag":[],"class_list":{"0":"post-23083","1":"product","2":"type-product","3":"status-publish","4":"has-post-thumbnail","6":"product_cat-imprimantes-et-traceurs","7":"product_cat-vinilo-fr","9":"first","10":"outofstock","11":"taxable","12":"shipping-taxable","13":"purchasable","14":"product-type-simple"},"yoast_head":"<!-- This site is optimized with the Yoast SEO plugin v27.3 - https:\/\/yoast.com\/product\/yoast-seo-wordpress\/ -->\n<title>ROLAND GS2-24Traceur de d\u00e9coupe vinyle700 mm | Globalprix.com<\/title>\n<meta name=\"robots\" content=\"index, follow, max-snippet:-1, max-image-preview:large, max-video-preview:-1\" \/>\n<link rel=\"canonical\" href=\"https:\/\/globalprix.com\/fr\/produit\/roland-gs2-24traceur-decoupe-vinyle700-mm\/\" \/>\n<meta property=\"og:locale\" content=\"fr_FR\" \/>\n<meta property=\"og:type\" content=\"article\" \/>\n<meta property=\"og:title\" content=\"ROLAND GS2-24Traceur de d\u00e9coupe vinyle700 mm | Globalprix.com\" \/>\n<meta property=\"og:description\" content=\"Avec le GS2-24, des graphiques de qualit\u00e9 professionnelle peuvent \u00eatre cr\u00e9\u00e9s avec une large gamme de mat\u00e9riaux. Son utilisation est facile et intuitive, il a une plus grande puissance pour couper facilement des centaines de mat\u00e9riaux. Les performances de coupe sont rapides et pr\u00e9cises.\" \/>\n<meta property=\"og:url\" content=\"https:\/\/globalprix.com\/fr\/produit\/roland-gs2-24traceur-decoupe-vinyle700-mm\/\" \/>\n<meta property=\"og:site_name\" content=\"Globalprix.com\" \/>\n<meta property=\"article:modified_time\" content=\"2024-01-26T07:46:28+00:00\" \/>\n<meta property=\"og:image\" content=\"https:\/\/globalprix.com\/wp-content\/uploads\/2022\/11\/gs224preview.jpg\" \/>\n\t<meta property=\"og:image:width\" content=\"801\" \/>\n\t<meta property=\"og:image:height\" content=\"534\" \/>\n\t<meta property=\"og:image:type\" content=\"image\/jpeg\" \/>\n<meta name=\"twitter:card\" content=\"summary_large_image\" \/>\n<script type=\"application\/ld+json\" class=\"yoast-schema-graph\">{\"@context\":\"https:\\\/\\\/schema.org\",\"@graph\":[{\"@type\":\"WebPage\",\"@id\":\"https:\\\/\\\/globalprix.com\\\/fr\\\/produit\\\/roland-gs2-24traceur-decoupe-vinyle700-mm\\\/\",\"url\":\"https:\\\/\\\/globalprix.com\\\/fr\\\/produit\\\/roland-gs2-24traceur-decoupe-vinyle700-mm\\\/\",\"name\":\"ROLAND GS2-24 Traceur de d\u00e9coupe vinyle 700 mm | Globalprix.com\",\"isPartOf\":{\"@id\":\"https:\\\/\\\/globalprix.com\\\/#website\"},\"primaryImageOfPage\":{\"@id\":\"https:\\\/\\\/globalprix.com\\\/fr\\\/produit\\\/roland-gs2-24traceur-decoupe-vinyle700-mm\\\/#primaryimage\"},\"image\":{\"@id\":\"https:\\\/\\\/globalprix.com\\\/fr\\\/produit\\\/roland-gs2-24traceur-decoupe-vinyle700-mm\\\/#primaryimage\"},\"thumbnailUrl\":\"https:\\\/\\\/globalprix.com\\\/wp-content\\\/uploads\\\/2022\\\/11\\\/gs224preview.jpg\",\"datePublished\":\"2022-11-11T12:07:15+00:00\",\"dateModified\":\"2024-01-26T07:46:28+00:00\",\"breadcrumb\":{\"@id\":\"https:\\\/\\\/globalprix.com\\\/fr\\\/produit\\\/roland-gs2-24traceur-decoupe-vinyle700-mm\\\/#breadcrumb\"},\"inLanguage\":\"fr-FR\",\"potentialAction\":[{\"@type\":\"ReadAction\",\"target\":[\"https:\\\/\\\/globalprix.com\\\/fr\\\/produit\\\/roland-gs2-24traceur-decoupe-vinyle700-mm\\\/\"]}]},{\"@type\":\"ImageObject\",\"inLanguage\":\"fr-FR\",\"@id\":\"https:\\\/\\\/globalprix.com\\\/fr\\\/produit\\\/roland-gs2-24traceur-decoupe-vinyle700-mm\\\/#primaryimage\",\"url\":\"https:\\\/\\\/globalprix.com\\\/wp-content\\\/uploads\\\/2022\\\/11\\\/gs224preview.jpg\",\"contentUrl\":\"https:\\\/\\\/globalprix.com\\\/wp-content\\\/uploads\\\/2022\\\/11\\\/gs224preview.jpg\",\"width\":801,\"height\":534},{\"@type\":\"BreadcrumbList\",\"@id\":\"https:\\\/\\\/globalprix.com\\\/fr\\\/produit\\\/roland-gs2-24traceur-decoupe-vinyle700-mm\\\/#breadcrumb\",\"itemListElement\":[{\"@type\":\"ListItem\",\"position\":1,\"name\":\"Portada\",\"item\":\"https:\\\/\\\/globalprix.com\\\/en\\\/\"},{\"@type\":\"ListItem\",\"position\":2,\"name\":\"Boutique\",\"item\":\"https:\\\/\\\/globalprix.com\\\/fr\\\/boutique\\\/\"},{\"@type\":\"ListItem\",\"position\":3,\"name\":\"ROLAND GS2-24Traceur de d\u00e9coupe vinyle700 mm\"}]},{\"@type\":\"WebSite\",\"@id\":\"https:\\\/\\\/globalprix.com\\\/#website\",\"url\":\"https:\\\/\\\/globalprix.com\\\/\",\"name\":\"Globalprix\",\"description\":\"Tienda online para Serigraf\u00eda\",\"publisher\":{\"@id\":\"https:\\\/\\\/globalprix.com\\\/#organization\"},\"alternateName\":\"Tienda online de serigraf\u00eda\",\"potentialAction\":[{\"@type\":\"SearchAction\",\"target\":{\"@type\":\"EntryPoint\",\"urlTemplate\":\"https:\\\/\\\/globalprix.com\\\/?s={search_term_string}\"},\"query-input\":{\"@type\":\"PropertyValueSpecification\",\"valueRequired\":true,\"valueName\":\"search_term_string\"}}],\"inLanguage\":\"fr-FR\"},{\"@type\":\"Organization\",\"@id\":\"https:\\\/\\\/globalprix.com\\\/#organization\",\"name\":\"Global Managing\",\"alternateName\":\"Globalprix\",\"url\":\"https:\\\/\\\/globalprix.com\\\/\",\"logo\":{\"@type\":\"ImageObject\",\"inLanguage\":\"fr-FR\",\"@id\":\"https:\\\/\\\/globalprix.com\\\/#\\\/schema\\\/logo\\\/image\\\/\",\"url\":\"https:\\\/\\\/globalprix.com\\\/wp-content\\\/uploads\\\/2023\\\/03\\\/logo-globalprix.jpg\",\"contentUrl\":\"https:\\\/\\\/globalprix.com\\\/wp-content\\\/uploads\\\/2023\\\/03\\\/logo-globalprix.jpg\",\"width\":595,\"height\":202,\"caption\":\"Global Managing\"},\"image\":{\"@id\":\"https:\\\/\\\/globalprix.com\\\/#\\\/schema\\\/logo\\\/image\\\/\"}}]}<\/script>\n<!-- \/ Yoast SEO plugin. -->","yoast_head_json":{"title":"ROLAND GS2-24Traceur de d\u00e9coupe vinyle700 mm | Globalprix.com","robots":{"index":"index","follow":"follow","max-snippet":"max-snippet:-1","max-image-preview":"max-image-preview:large","max-video-preview":"max-video-preview:-1"},"canonical":"https:\/\/globalprix.com\/fr\/produit\/roland-gs2-24traceur-decoupe-vinyle700-mm\/","og_locale":"fr_FR","og_type":"article","og_title":"ROLAND GS2-24Traceur de d\u00e9coupe vinyle700 mm | Globalprix.com","og_description":"Avec le GS2-24, des graphiques de qualit\u00e9 professionnelle peuvent \u00eatre cr\u00e9\u00e9s avec une large gamme de mat\u00e9riaux. Son utilisation est facile et intuitive, il a une plus grande puissance pour couper facilement des centaines de mat\u00e9riaux. Les performances de coupe sont rapides et pr\u00e9cises.","og_url":"https:\/\/globalprix.com\/fr\/produit\/roland-gs2-24traceur-decoupe-vinyle700-mm\/","og_site_name":"Globalprix.com","article_modified_time":"2024-01-26T07:46:28+00:00","og_image":[{"width":801,"height":534,"url":"https:\/\/globalprix.com\/wp-content\/uploads\/2022\/11\/gs224preview.jpg","type":"image\/jpeg"}],"twitter_card":"summary_large_image","schema":{"@context":"https:\/\/schema.org","@graph":[{"@type":"WebPage","@id":"https:\/\/globalprix.com\/fr\/produit\/roland-gs2-24traceur-decoupe-vinyle700-mm\/","url":"https:\/\/globalprix.com\/fr\/produit\/roland-gs2-24traceur-decoupe-vinyle700-mm\/","name":"ROLAND GS2-24 Traceur de d\u00e9coupe vinyle 700 mm | Globalprix.com","isPartOf":{"@id":"https:\/\/globalprix.com\/#website"},"primaryImageOfPage":{"@id":"https:\/\/globalprix.com\/fr\/produit\/roland-gs2-24traceur-decoupe-vinyle700-mm\/#primaryimage"},"image":{"@id":"https:\/\/globalprix.com\/fr\/produit\/roland-gs2-24traceur-decoupe-vinyle700-mm\/#primaryimage"},"thumbnailUrl":"https:\/\/globalprix.com\/wp-content\/uploads\/2022\/11\/gs224preview.jpg","datePublished":"2022-11-11T12:07:15+00:00","dateModified":"2024-01-26T07:46:28+00:00","breadcrumb":{"@id":"https:\/\/globalprix.com\/fr\/produit\/roland-gs2-24traceur-decoupe-vinyle700-mm\/#breadcrumb"},"inLanguage":"fr-FR","potentialAction":[{"@type":"ReadAction","target":["https:\/\/globalprix.com\/fr\/produit\/roland-gs2-24traceur-decoupe-vinyle700-mm\/"]}]},{"@type":"ImageObject","inLanguage":"fr-FR","@id":"https:\/\/globalprix.com\/fr\/produit\/roland-gs2-24traceur-decoupe-vinyle700-mm\/#primaryimage","url":"https:\/\/globalprix.com\/wp-content\/uploads\/2022\/11\/gs224preview.jpg","contentUrl":"https:\/\/globalprix.com\/wp-content\/uploads\/2022\/11\/gs224preview.jpg","width":801,"height":534},{"@type":"BreadcrumbList","@id":"https:\/\/globalprix.com\/fr\/produit\/roland-gs2-24traceur-decoupe-vinyle700-mm\/#breadcrumb","itemListElement":[{"@type":"ListItem","position":1,"name":"Portada","item":"https:\/\/globalprix.com\/en\/"},{"@type":"ListItem","position":2,"name":"Boutique","item":"https:\/\/globalprix.com\/fr\/boutique\/"},{"@type":"ListItem","position":3,"name":"ROLAND GS2-24Traceur de d\u00e9coupe vinyle700 mm"}]},{"@type":"WebSite","@id":"https:\/\/globalprix.com\/#website","url":"https:\/\/globalprix.com\/","name":"Globalprix","description":"Tienda online para Serigraf\u00eda","publisher":{"@id":"https:\/\/globalprix.com\/#organization"},"alternateName":"Tienda online de serigraf\u00eda","potentialAction":[{"@type":"SearchAction","target":{"@type":"EntryPoint","urlTemplate":"https:\/\/globalprix.com\/?s={search_term_string}"},"query-input":{"@type":"PropertyValueSpecification","valueRequired":true,"valueName":"search_term_string"}}],"inLanguage":"fr-FR"},{"@type":"Organization","@id":"https:\/\/globalprix.com\/#organization","name":"Global Managing","alternateName":"Globalprix","url":"https:\/\/globalprix.com\/","logo":{"@type":"ImageObject","inLanguage":"fr-FR","@id":"https:\/\/globalprix.com\/#\/schema\/logo\/image\/","url":"https:\/\/globalprix.com\/wp-content\/uploads\/2023\/03\/logo-globalprix.jpg","contentUrl":"https:\/\/globalprix.com\/wp-content\/uploads\/2023\/03\/logo-globalprix.jpg","width":595,"height":202,"caption":"Global Managing"},"image":{"@id":"https:\/\/globalprix.com\/#\/schema\/logo\/image\/"}}]}},"_links":{"self":[{"href":"https:\/\/globalprix.com\/fr\/wp-json\/wp\/v2\/product\/23083","targetHints":{"allow":["GET"]}}],"collection":[{"href":"https:\/\/globalprix.com\/fr\/wp-json\/wp\/v2\/product"}],"about":[{"href":"https:\/\/globalprix.com\/fr\/wp-json\/wp\/v2\/types\/product"}],"replies":[{"embeddable":true,"href":"https:\/\/globalprix.com\/fr\/wp-json\/wp\/v2\/comments?post=23083"}],"version-history":[{"count":0,"href":"https:\/\/globalprix.com\/fr\/wp-json\/wp\/v2\/product\/23083\/revisions"}],"wp:featuredmedia":[{"embeddable":true,"href":"https:\/\/globalprix.com\/fr\/wp-json\/wp\/v2\/media\/16783"}],"wp:attachment":[{"href":"https:\/\/globalprix.com\/fr\/wp-json\/wp\/v2\/media?parent=23083"}],"wp:term":[{"taxonomy":"product_brand","embeddable":true,"href":"https:\/\/globalprix.com\/fr\/wp-json\/wp\/v2\/product_brand?post=23083"},{"taxonomy":"product_cat","embeddable":true,"href":"https:\/\/globalprix.com\/fr\/wp-json\/wp\/v2\/product_cat?post=23083"},{"taxonomy":"product_tag","embeddable":true,"href":"https:\/\/globalprix.com\/fr\/wp-json\/wp\/v2\/product_tag?post=23083"}],"curies":[{"name":"wp","href":"https:\/\/api.w.org\/{rel}","templated":true}]}}