{"id":23181,"date":"2022-09-13T16:39:57","date_gmt":"2022-09-13T14:39:57","guid":{"rendered":"https:\/\/globalprix.com\/producto\/viniltex-pu-decoupe-de-vinyle-bobine-25-m\/"},"modified":"2024-02-23T08:40:24","modified_gmt":"2024-02-23T07:40:24","slug":"vinyltex-puvinyle-textile-cutwidth-of-50-cmse-sells-by-line-meters","status":"publish","type":"product","link":"https:\/\/globalprix.com\/fr\/produit\/vinyltex-puvinyle-textile-cutwidth-of-50-cmse-sells-by-line-meters\/","title":{"rendered":"VINILTEX PU<br>D\u00c9COUPE TEXTILE VINYLE<br>Largeur 50 cm. Bobine 25 m&gt;Vendue au m\u00e8tre lin\u00e9aire."},"content":{"rendered":"<p>S\u2019il n\u2019y a pas de stock de l\u2019article dans l\u2019une de ses variantes, contactez-nous pour d\u00e9finir un d\u00e9lai de livraison en info@globalprix.com<\/p>\n","protected":false},"excerpt":{"rendered":"<p>Film de polyur\u00e9thane flexible avec support dorsal adh\u00e9sif id\u00e9al pour les petits d\u00e9tails fins.<br \/>\nHaute opacit\u00e9 et finition mate et douce au toucher.<br \/>\nCoupe et \u00e9pluchage faciles.<br \/>\nConvient pour les impressions monochromes et multicolores.<\/p>\n","protected":false},"featured_media":14023,"comment_status":"open","ping_status":"closed","template":"","meta":[],"product_brand":[],"product_cat":[561,520],"product_tag":[],"class_list":{"0":"post-23181","1":"product","2":"type-product","3":"status-publish","4":"has-post-thumbnail","6":"product_cat-viniltex-fr","7":"product_cat-vinilo-fr","9":"first","10":"instock","11":"taxable","12":"shipping-taxable","13":"purchasable","14":"product-type-variable"},"yoast_head":"<!-- This site is optimized with the Yoast SEO plugin v27.3 - https:\/\/yoast.com\/product\/yoast-seo-wordpress\/ -->\n<title>VINILTEX PUD\u00c9COUPE TEXTILE VINYLELargeur 50 cm. Bobine 25 m&gt;Vendue au m\u00e8tre lin\u00e9aire. | Globalprix.com<\/title>\n<meta name=\"robots\" content=\"index, follow, max-snippet:-1, max-image-preview:large, max-video-preview:-1\" \/>\n<link rel=\"canonical\" href=\"https:\/\/globalprix.com\/fr\/produit\/vinyltex-puvinyle-textile-cutwidth-of-50-cmse-sells-by-line-meters\/\" \/>\n<meta property=\"og:locale\" content=\"fr_FR\" \/>\n<meta property=\"og:type\" content=\"article\" \/>\n<meta property=\"og:title\" content=\"VINILTEX PUD\u00c9COUPE TEXTILE VINYLELargeur 50 cm. Bobine 25 m&gt;Vendue au m\u00e8tre lin\u00e9aire. | Globalprix.com\" \/>\n<meta property=\"og:description\" content=\"Film de polyur\u00e9thane flexible avec support dorsal adh\u00e9sif id\u00e9al pour les petits d\u00e9tails fins. Haute opacit\u00e9 et finition mate et douce au toucher. Coupe et \u00e9pluchage faciles. Convient pour les impressions monochromes et multicolores.\" \/>\n<meta property=\"og:url\" content=\"https:\/\/globalprix.com\/fr\/produit\/vinyltex-puvinyle-textile-cutwidth-of-50-cmse-sells-by-line-meters\/\" \/>\n<meta property=\"og:site_name\" content=\"Globalprix.com\" \/>\n<meta property=\"article:modified_time\" content=\"2024-02-23T07:40:24+00:00\" \/>\n<meta property=\"og:image\" content=\"https:\/\/globalprix.com\/wp-content\/uploads\/2022\/10\/vinilo-1.jpg\" \/>\n\t<meta property=\"og:image:width\" content=\"1000\" \/>\n\t<meta property=\"og:image:height\" content=\"1000\" \/>\n\t<meta property=\"og:image:type\" content=\"image\/jpeg\" \/>\n<meta name=\"twitter:card\" content=\"summary_large_image\" \/>\n<script type=\"application\/ld+json\" class=\"yoast-schema-graph\">{\"@context\":\"https:\\\/\\\/schema.org\",\"@graph\":[{\"@type\":\"WebPage\",\"@id\":\"https:\\\/\\\/globalprix.com\\\/fr\\\/produit\\\/vinyltex-puvinyle-textile-cutwidth-of-50-cmse-sells-by-line-meters\\\/\",\"url\":\"https:\\\/\\\/globalprix.com\\\/fr\\\/produit\\\/vinyltex-puvinyle-textile-cutwidth-of-50-cmse-sells-by-line-meters\\\/\",\"name\":\"VINILTEX PU D\u00c9COUPE TEXTILE VINYLE Largeur 50 cm. Bobine 25 m&gt;Vendue au m\u00e8tre lin\u00e9aire. | Globalprix.com\",\"isPartOf\":{\"@id\":\"https:\\\/\\\/globalprix.com\\\/#website\"},\"primaryImageOfPage\":{\"@id\":\"https:\\\/\\\/globalprix.com\\\/fr\\\/produit\\\/vinyltex-puvinyle-textile-cutwidth-of-50-cmse-sells-by-line-meters\\\/#primaryimage\"},\"image\":{\"@id\":\"https:\\\/\\\/globalprix.com\\\/fr\\\/produit\\\/vinyltex-puvinyle-textile-cutwidth-of-50-cmse-sells-by-line-meters\\\/#primaryimage\"},\"thumbnailUrl\":\"https:\\\/\\\/globalprix.com\\\/wp-content\\\/uploads\\\/2022\\\/10\\\/vinilo-1.jpg\",\"datePublished\":\"2022-09-13T14:39:57+00:00\",\"dateModified\":\"2024-02-23T07:40:24+00:00\",\"breadcrumb\":{\"@id\":\"https:\\\/\\\/globalprix.com\\\/fr\\\/produit\\\/vinyltex-puvinyle-textile-cutwidth-of-50-cmse-sells-by-line-meters\\\/#breadcrumb\"},\"inLanguage\":\"fr-FR\",\"potentialAction\":[{\"@type\":\"ReadAction\",\"target\":[\"https:\\\/\\\/globalprix.com\\\/fr\\\/produit\\\/vinyltex-puvinyle-textile-cutwidth-of-50-cmse-sells-by-line-meters\\\/\"]}]},{\"@type\":\"ImageObject\",\"inLanguage\":\"fr-FR\",\"@id\":\"https:\\\/\\\/globalprix.com\\\/fr\\\/produit\\\/vinyltex-puvinyle-textile-cutwidth-of-50-cmse-sells-by-line-meters\\\/#primaryimage\",\"url\":\"https:\\\/\\\/globalprix.com\\\/wp-content\\\/uploads\\\/2022\\\/10\\\/vinilo-1.jpg\",\"contentUrl\":\"https:\\\/\\\/globalprix.com\\\/wp-content\\\/uploads\\\/2022\\\/10\\\/vinilo-1.jpg\",\"width\":1000,\"height\":1000},{\"@type\":\"BreadcrumbList\",\"@id\":\"https:\\\/\\\/globalprix.com\\\/fr\\\/produit\\\/vinyltex-puvinyle-textile-cutwidth-of-50-cmse-sells-by-line-meters\\\/#breadcrumb\",\"itemListElement\":[{\"@type\":\"ListItem\",\"position\":1,\"name\":\"Portada\",\"item\":\"https:\\\/\\\/globalprix.com\\\/en\\\/\"},{\"@type\":\"ListItem\",\"position\":2,\"name\":\"Boutique\",\"item\":\"https:\\\/\\\/globalprix.com\\\/fr\\\/boutique\\\/\"},{\"@type\":\"ListItem\",\"position\":3,\"name\":\"VINILTEX PUD\u00c9COUPE TEXTILE VINYLELargeur 50 cm. Bobine 25 m&gt;Vendue au m\u00e8tre lin\u00e9aire.\"}]},{\"@type\":\"WebSite\",\"@id\":\"https:\\\/\\\/globalprix.com\\\/#website\",\"url\":\"https:\\\/\\\/globalprix.com\\\/\",\"name\":\"Globalprix\",\"description\":\"Tienda online para Serigraf\u00eda\",\"publisher\":{\"@id\":\"https:\\\/\\\/globalprix.com\\\/#organization\"},\"alternateName\":\"Tienda online de serigraf\u00eda\",\"potentialAction\":[{\"@type\":\"SearchAction\",\"target\":{\"@type\":\"EntryPoint\",\"urlTemplate\":\"https:\\\/\\\/globalprix.com\\\/?s={search_term_string}\"},\"query-input\":{\"@type\":\"PropertyValueSpecification\",\"valueRequired\":true,\"valueName\":\"search_term_string\"}}],\"inLanguage\":\"fr-FR\"},{\"@type\":\"Organization\",\"@id\":\"https:\\\/\\\/globalprix.com\\\/#organization\",\"name\":\"Global Managing\",\"alternateName\":\"Globalprix\",\"url\":\"https:\\\/\\\/globalprix.com\\\/\",\"logo\":{\"@type\":\"ImageObject\",\"inLanguage\":\"fr-FR\",\"@id\":\"https:\\\/\\\/globalprix.com\\\/#\\\/schema\\\/logo\\\/image\\\/\",\"url\":\"https:\\\/\\\/globalprix.com\\\/wp-content\\\/uploads\\\/2023\\\/03\\\/logo-globalprix.jpg\",\"contentUrl\":\"https:\\\/\\\/globalprix.com\\\/wp-content\\\/uploads\\\/2023\\\/03\\\/logo-globalprix.jpg\",\"width\":595,\"height\":202,\"caption\":\"Global Managing\"},\"image\":{\"@id\":\"https:\\\/\\\/globalprix.com\\\/#\\\/schema\\\/logo\\\/image\\\/\"}}]}<\/script>\n<!-- \/ Yoast SEO plugin. -->","yoast_head_json":{"title":"VINILTEX PUD\u00c9COUPE TEXTILE VINYLELargeur 50 cm. Bobine 25 m&gt;Vendue au m\u00e8tre lin\u00e9aire. | Globalprix.com","robots":{"index":"index","follow":"follow","max-snippet":"max-snippet:-1","max-image-preview":"max-image-preview:large","max-video-preview":"max-video-preview:-1"},"canonical":"https:\/\/globalprix.com\/fr\/produit\/vinyltex-puvinyle-textile-cutwidth-of-50-cmse-sells-by-line-meters\/","og_locale":"fr_FR","og_type":"article","og_title":"VINILTEX PUD\u00c9COUPE TEXTILE VINYLELargeur 50 cm. Bobine 25 m&gt;Vendue au m\u00e8tre lin\u00e9aire. | Globalprix.com","og_description":"Film de polyur\u00e9thane flexible avec support dorsal adh\u00e9sif id\u00e9al pour les petits d\u00e9tails fins. Haute opacit\u00e9 et finition mate et douce au toucher. Coupe et \u00e9pluchage faciles. Convient pour les impressions monochromes et multicolores.","og_url":"https:\/\/globalprix.com\/fr\/produit\/vinyltex-puvinyle-textile-cutwidth-of-50-cmse-sells-by-line-meters\/","og_site_name":"Globalprix.com","article_modified_time":"2024-02-23T07:40:24+00:00","og_image":[{"width":1000,"height":1000,"url":"https:\/\/globalprix.com\/wp-content\/uploads\/2022\/10\/vinilo-1.jpg","type":"image\/jpeg"}],"twitter_card":"summary_large_image","schema":{"@context":"https:\/\/schema.org","@graph":[{"@type":"WebPage","@id":"https:\/\/globalprix.com\/fr\/produit\/vinyltex-puvinyle-textile-cutwidth-of-50-cmse-sells-by-line-meters\/","url":"https:\/\/globalprix.com\/fr\/produit\/vinyltex-puvinyle-textile-cutwidth-of-50-cmse-sells-by-line-meters\/","name":"VINILTEX PU D\u00c9COUPE TEXTILE VINYLE Largeur 50 cm. Bobine 25 m&gt;Vendue au m\u00e8tre lin\u00e9aire. | Globalprix.com","isPartOf":{"@id":"https:\/\/globalprix.com\/#website"},"primaryImageOfPage":{"@id":"https:\/\/globalprix.com\/fr\/produit\/vinyltex-puvinyle-textile-cutwidth-of-50-cmse-sells-by-line-meters\/#primaryimage"},"image":{"@id":"https:\/\/globalprix.com\/fr\/produit\/vinyltex-puvinyle-textile-cutwidth-of-50-cmse-sells-by-line-meters\/#primaryimage"},"thumbnailUrl":"https:\/\/globalprix.com\/wp-content\/uploads\/2022\/10\/vinilo-1.jpg","datePublished":"2022-09-13T14:39:57+00:00","dateModified":"2024-02-23T07:40:24+00:00","breadcrumb":{"@id":"https:\/\/globalprix.com\/fr\/produit\/vinyltex-puvinyle-textile-cutwidth-of-50-cmse-sells-by-line-meters\/#breadcrumb"},"inLanguage":"fr-FR","potentialAction":[{"@type":"ReadAction","target":["https:\/\/globalprix.com\/fr\/produit\/vinyltex-puvinyle-textile-cutwidth-of-50-cmse-sells-by-line-meters\/"]}]},{"@type":"ImageObject","inLanguage":"fr-FR","@id":"https:\/\/globalprix.com\/fr\/produit\/vinyltex-puvinyle-textile-cutwidth-of-50-cmse-sells-by-line-meters\/#primaryimage","url":"https:\/\/globalprix.com\/wp-content\/uploads\/2022\/10\/vinilo-1.jpg","contentUrl":"https:\/\/globalprix.com\/wp-content\/uploads\/2022\/10\/vinilo-1.jpg","width":1000,"height":1000},{"@type":"BreadcrumbList","@id":"https:\/\/globalprix.com\/fr\/produit\/vinyltex-puvinyle-textile-cutwidth-of-50-cmse-sells-by-line-meters\/#breadcrumb","itemListElement":[{"@type":"ListItem","position":1,"name":"Portada","item":"https:\/\/globalprix.com\/en\/"},{"@type":"ListItem","position":2,"name":"Boutique","item":"https:\/\/globalprix.com\/fr\/boutique\/"},{"@type":"ListItem","position":3,"name":"VINILTEX PUD\u00c9COUPE TEXTILE VINYLELargeur 50 cm. Bobine 25 m&gt;Vendue au m\u00e8tre lin\u00e9aire."}]},{"@type":"WebSite","@id":"https:\/\/globalprix.com\/#website","url":"https:\/\/globalprix.com\/","name":"Globalprix","description":"Tienda online para Serigraf\u00eda","publisher":{"@id":"https:\/\/globalprix.com\/#organization"},"alternateName":"Tienda online de serigraf\u00eda","potentialAction":[{"@type":"SearchAction","target":{"@type":"EntryPoint","urlTemplate":"https:\/\/globalprix.com\/?s={search_term_string}"},"query-input":{"@type":"PropertyValueSpecification","valueRequired":true,"valueName":"search_term_string"}}],"inLanguage":"fr-FR"},{"@type":"Organization","@id":"https:\/\/globalprix.com\/#organization","name":"Global Managing","alternateName":"Globalprix","url":"https:\/\/globalprix.com\/","logo":{"@type":"ImageObject","inLanguage":"fr-FR","@id":"https:\/\/globalprix.com\/#\/schema\/logo\/image\/","url":"https:\/\/globalprix.com\/wp-content\/uploads\/2023\/03\/logo-globalprix.jpg","contentUrl":"https:\/\/globalprix.com\/wp-content\/uploads\/2023\/03\/logo-globalprix.jpg","width":595,"height":202,"caption":"Global Managing"},"image":{"@id":"https:\/\/globalprix.com\/#\/schema\/logo\/image\/"}}]}},"_links":{"self":[{"href":"https:\/\/globalprix.com\/fr\/wp-json\/wp\/v2\/product\/23181","targetHints":{"allow":["GET"]}}],"collection":[{"href":"https:\/\/globalprix.com\/fr\/wp-json\/wp\/v2\/product"}],"about":[{"href":"https:\/\/globalprix.com\/fr\/wp-json\/wp\/v2\/types\/product"}],"replies":[{"embeddable":true,"href":"https:\/\/globalprix.com\/fr\/wp-json\/wp\/v2\/comments?post=23181"}],"version-history":[{"count":0,"href":"https:\/\/globalprix.com\/fr\/wp-json\/wp\/v2\/product\/23181\/revisions"}],"wp:featuredmedia":[{"embeddable":true,"href":"https:\/\/globalprix.com\/fr\/wp-json\/wp\/v2\/media\/14023"}],"wp:attachment":[{"href":"https:\/\/globalprix.com\/fr\/wp-json\/wp\/v2\/media?parent=23181"}],"wp:term":[{"taxonomy":"product_brand","embeddable":true,"href":"https:\/\/globalprix.com\/fr\/wp-json\/wp\/v2\/product_brand?post=23181"},{"taxonomy":"product_cat","embeddable":true,"href":"https:\/\/globalprix.com\/fr\/wp-json\/wp\/v2\/product_cat?post=23181"},{"taxonomy":"product_tag","embeddable":true,"href":"https:\/\/globalprix.com\/fr\/wp-json\/wp\/v2\/product_tag?post=23181"}],"curies":[{"name":"wp","href":"https:\/\/api.w.org\/{rel}","templated":true}]}}