{"id":23228,"date":"2022-09-07T09:05:59","date_gmt":"2022-09-07T07:05:59","guid":{"rendered":"https:\/\/globalprix.com\/producto\/tunnel-de-sechage\/"},"modified":"2023-12-19T09:48:19","modified_gmt":"2023-12-19T08:48:19","slug":"sechage-tunnel1800-mm-x-650-mm","status":"publish","type":"product","link":"https:\/\/globalprix.com\/fr\/produit\/sechage-tunnel1800-mm-x-650-mm\/","title":{"rendered":"TUNNEL DE S\u00c9CHAGE<br>1800 mm x 650 mm"},"content":{"rendered":"<p>S\u2019il n\u2019y a pas de stock de l\u2019article, contactez-nous pour d\u00e9finir un d\u00e9lai de livraison en info@globalprix.com<\/p>\n","protected":false},"excerpt":{"rendered":"<p>Un tunnel de s\u00e9chage est une table avec bande transporteuse pour le passage des mat\u00e9riaux \u00e0 travers elle, avec r\u00e9gulation de vitesse et pr\u00e9par\u00e9e pour r\u00e9sister \u00e0 la chaleur, avec une zone couverte \u00e9quip\u00e9e d\u2019\u00e9l\u00e9ments chauffants: br\u00fbleurs \u00e0 gaz ou lampe IR (selon la technologie utilis\u00e9e), capable de fournir des temp\u00e9ratures de 250\u00baC avec la possibilit\u00e9 de r\u00e9guler et de mesurer la temp\u00e9rature et avec un syst\u00e8me d\u2019extraction des gaz et vapeurs accumul\u00e9s. Le textile entre par la bouche d\u2019entr\u00e9e passe par la zone de chaleur et finit durci par la bouche de sortie jusqu\u2019\u00e0 ce qu\u2019il tombe dans une bo\u00eete o\u00f9 le produit fini s\u2019accumule. <\/p>\n","protected":false},"featured_media":14325,"comment_status":"open","ping_status":"closed","template":"","meta":[],"product_brand":[],"product_cat":[161,2744,2897,2683],"product_tag":[],"class_list":{"0":"post-23228","1":"product","2":"type-product","3":"status-publish","4":"has-post-thumbnail","6":"product_cat-encres-pour-impression-textile","7":"product_cat-machines-et-auxiliaires","8":"product_cat-machines-pour-la-serigraphie","9":"product_cat-serigraphie","11":"first","12":"instock","13":"taxable","14":"shipping-taxable","15":"purchasable","16":"product-type-simple"},"yoast_head":"<!-- This site is optimized with the Yoast SEO plugin v27.3 - https:\/\/yoast.com\/product\/yoast-seo-wordpress\/ -->\n<title>TUNNEL DE S\u00c9CHAGE1800 mm x 650 mm | Globalprix.com<\/title>\n<meta name=\"robots\" content=\"index, follow, max-snippet:-1, max-image-preview:large, max-video-preview:-1\" \/>\n<link rel=\"canonical\" href=\"https:\/\/globalprix.com\/fr\/produit\/sechage-tunnel1800-mm-x-650-mm\/\" \/>\n<meta property=\"og:locale\" content=\"fr_FR\" \/>\n<meta property=\"og:type\" content=\"article\" \/>\n<meta property=\"og:title\" content=\"TUNNEL DE S\u00c9CHAGE1800 mm x 650 mm | Globalprix.com\" \/>\n<meta property=\"og:description\" content=\"Un tunnel de s\u00e9chage est une table avec bande transporteuse pour le passage des mat\u00e9riaux \u00e0 travers elle, avec r\u00e9gulation de vitesse et pr\u00e9par\u00e9e pour r\u00e9sister \u00e0 la chaleur, avec une zone couverte \u00e9quip\u00e9e d\u2019\u00e9l\u00e9ments chauffants: br\u00fbleurs \u00e0 gaz ou lampe IR (selon la technologie utilis\u00e9e), capable de fournir des temp\u00e9ratures de 250\u00baC avec la possibilit\u00e9 de r\u00e9guler et de mesurer la temp\u00e9rature et avec un syst\u00e8me d\u2019extraction des gaz et vapeurs accumul\u00e9s. Le textile entre par la bouche d\u2019entr\u00e9e passe par la zone de chaleur et finit durci par la bouche de sortie jusqu\u2019\u00e0 ce qu\u2019il tombe dans une bo\u00eete o\u00f9 le produit fini s\u2019accumule.\" \/>\n<meta property=\"og:url\" content=\"https:\/\/globalprix.com\/fr\/produit\/sechage-tunnel1800-mm-x-650-mm\/\" \/>\n<meta property=\"og:site_name\" content=\"Globalprix.com\" \/>\n<meta property=\"article:modified_time\" content=\"2023-12-19T08:48:19+00:00\" \/>\n<meta property=\"og:image\" content=\"https:\/\/globalprix.com\/wp-content\/uploads\/2022\/09\/tunel-de-secado.jpg\" \/>\n\t<meta property=\"og:image:width\" content=\"266\" \/>\n\t<meta property=\"og:image:height\" content=\"190\" \/>\n\t<meta property=\"og:image:type\" content=\"image\/jpeg\" \/>\n<meta name=\"twitter:card\" content=\"summary_large_image\" \/>\n<script type=\"application\/ld+json\" class=\"yoast-schema-graph\">{\"@context\":\"https:\\\/\\\/schema.org\",\"@graph\":[{\"@type\":\"WebPage\",\"@id\":\"https:\\\/\\\/globalprix.com\\\/fr\\\/produit\\\/sechage-tunnel1800-mm-x-650-mm\\\/\",\"url\":\"https:\\\/\\\/globalprix.com\\\/fr\\\/produit\\\/sechage-tunnel1800-mm-x-650-mm\\\/\",\"name\":\"TUNNEL DE S\u00c9CHAGE 1800 mm x 650 mm | Globalprix.com\",\"isPartOf\":{\"@id\":\"https:\\\/\\\/globalprix.com\\\/#website\"},\"primaryImageOfPage\":{\"@id\":\"https:\\\/\\\/globalprix.com\\\/fr\\\/produit\\\/sechage-tunnel1800-mm-x-650-mm\\\/#primaryimage\"},\"image\":{\"@id\":\"https:\\\/\\\/globalprix.com\\\/fr\\\/produit\\\/sechage-tunnel1800-mm-x-650-mm\\\/#primaryimage\"},\"thumbnailUrl\":\"https:\\\/\\\/globalprix.com\\\/wp-content\\\/uploads\\\/2022\\\/09\\\/tunel-de-secado.jpg\",\"datePublished\":\"2022-09-07T07:05:59+00:00\",\"dateModified\":\"2023-12-19T08:48:19+00:00\",\"breadcrumb\":{\"@id\":\"https:\\\/\\\/globalprix.com\\\/fr\\\/produit\\\/sechage-tunnel1800-mm-x-650-mm\\\/#breadcrumb\"},\"inLanguage\":\"fr-FR\",\"potentialAction\":[{\"@type\":\"ReadAction\",\"target\":[\"https:\\\/\\\/globalprix.com\\\/fr\\\/produit\\\/sechage-tunnel1800-mm-x-650-mm\\\/\"]}]},{\"@type\":\"ImageObject\",\"inLanguage\":\"fr-FR\",\"@id\":\"https:\\\/\\\/globalprix.com\\\/fr\\\/produit\\\/sechage-tunnel1800-mm-x-650-mm\\\/#primaryimage\",\"url\":\"https:\\\/\\\/globalprix.com\\\/wp-content\\\/uploads\\\/2022\\\/09\\\/tunel-de-secado.jpg\",\"contentUrl\":\"https:\\\/\\\/globalprix.com\\\/wp-content\\\/uploads\\\/2022\\\/09\\\/tunel-de-secado.jpg\",\"width\":266,\"height\":190},{\"@type\":\"BreadcrumbList\",\"@id\":\"https:\\\/\\\/globalprix.com\\\/fr\\\/produit\\\/sechage-tunnel1800-mm-x-650-mm\\\/#breadcrumb\",\"itemListElement\":[{\"@type\":\"ListItem\",\"position\":1,\"name\":\"Portada\",\"item\":\"https:\\\/\\\/globalprix.com\\\/en\\\/\"},{\"@type\":\"ListItem\",\"position\":2,\"name\":\"Boutique\",\"item\":\"https:\\\/\\\/globalprix.com\\\/fr\\\/boutique\\\/\"},{\"@type\":\"ListItem\",\"position\":3,\"name\":\"TUNNEL DE S\u00c9CHAGE1800 mm x 650 mm\"}]},{\"@type\":\"WebSite\",\"@id\":\"https:\\\/\\\/globalprix.com\\\/#website\",\"url\":\"https:\\\/\\\/globalprix.com\\\/\",\"name\":\"Globalprix\",\"description\":\"Tienda online para Serigraf\u00eda\",\"publisher\":{\"@id\":\"https:\\\/\\\/globalprix.com\\\/#organization\"},\"alternateName\":\"Tienda online de serigraf\u00eda\",\"potentialAction\":[{\"@type\":\"SearchAction\",\"target\":{\"@type\":\"EntryPoint\",\"urlTemplate\":\"https:\\\/\\\/globalprix.com\\\/?s={search_term_string}\"},\"query-input\":{\"@type\":\"PropertyValueSpecification\",\"valueRequired\":true,\"valueName\":\"search_term_string\"}}],\"inLanguage\":\"fr-FR\"},{\"@type\":\"Organization\",\"@id\":\"https:\\\/\\\/globalprix.com\\\/#organization\",\"name\":\"Global Managing\",\"alternateName\":\"Globalprix\",\"url\":\"https:\\\/\\\/globalprix.com\\\/\",\"logo\":{\"@type\":\"ImageObject\",\"inLanguage\":\"fr-FR\",\"@id\":\"https:\\\/\\\/globalprix.com\\\/#\\\/schema\\\/logo\\\/image\\\/\",\"url\":\"https:\\\/\\\/globalprix.com\\\/wp-content\\\/uploads\\\/2023\\\/03\\\/logo-globalprix.jpg\",\"contentUrl\":\"https:\\\/\\\/globalprix.com\\\/wp-content\\\/uploads\\\/2023\\\/03\\\/logo-globalprix.jpg\",\"width\":595,\"height\":202,\"caption\":\"Global Managing\"},\"image\":{\"@id\":\"https:\\\/\\\/globalprix.com\\\/#\\\/schema\\\/logo\\\/image\\\/\"}}]}<\/script>\n<!-- \/ Yoast SEO plugin. -->","yoast_head_json":{"title":"TUNNEL DE S\u00c9CHAGE1800 mm x 650 mm | Globalprix.com","robots":{"index":"index","follow":"follow","max-snippet":"max-snippet:-1","max-image-preview":"max-image-preview:large","max-video-preview":"max-video-preview:-1"},"canonical":"https:\/\/globalprix.com\/fr\/produit\/sechage-tunnel1800-mm-x-650-mm\/","og_locale":"fr_FR","og_type":"article","og_title":"TUNNEL DE S\u00c9CHAGE1800 mm x 650 mm | Globalprix.com","og_description":"Un tunnel de s\u00e9chage est une table avec bande transporteuse pour le passage des mat\u00e9riaux \u00e0 travers elle, avec r\u00e9gulation de vitesse et pr\u00e9par\u00e9e pour r\u00e9sister \u00e0 la chaleur, avec une zone couverte \u00e9quip\u00e9e d\u2019\u00e9l\u00e9ments chauffants: br\u00fbleurs \u00e0 gaz ou lampe IR (selon la technologie utilis\u00e9e), capable de fournir des temp\u00e9ratures de 250\u00baC avec la possibilit\u00e9 de r\u00e9guler et de mesurer la temp\u00e9rature et avec un syst\u00e8me d\u2019extraction des gaz et vapeurs accumul\u00e9s. Le textile entre par la bouche d\u2019entr\u00e9e passe par la zone de chaleur et finit durci par la bouche de sortie jusqu\u2019\u00e0 ce qu\u2019il tombe dans une bo\u00eete o\u00f9 le produit fini s\u2019accumule.","og_url":"https:\/\/globalprix.com\/fr\/produit\/sechage-tunnel1800-mm-x-650-mm\/","og_site_name":"Globalprix.com","article_modified_time":"2023-12-19T08:48:19+00:00","og_image":[{"width":266,"height":190,"url":"https:\/\/globalprix.com\/wp-content\/uploads\/2022\/09\/tunel-de-secado.jpg","type":"image\/jpeg"}],"twitter_card":"summary_large_image","schema":{"@context":"https:\/\/schema.org","@graph":[{"@type":"WebPage","@id":"https:\/\/globalprix.com\/fr\/produit\/sechage-tunnel1800-mm-x-650-mm\/","url":"https:\/\/globalprix.com\/fr\/produit\/sechage-tunnel1800-mm-x-650-mm\/","name":"TUNNEL DE S\u00c9CHAGE 1800 mm x 650 mm | Globalprix.com","isPartOf":{"@id":"https:\/\/globalprix.com\/#website"},"primaryImageOfPage":{"@id":"https:\/\/globalprix.com\/fr\/produit\/sechage-tunnel1800-mm-x-650-mm\/#primaryimage"},"image":{"@id":"https:\/\/globalprix.com\/fr\/produit\/sechage-tunnel1800-mm-x-650-mm\/#primaryimage"},"thumbnailUrl":"https:\/\/globalprix.com\/wp-content\/uploads\/2022\/09\/tunel-de-secado.jpg","datePublished":"2022-09-07T07:05:59+00:00","dateModified":"2023-12-19T08:48:19+00:00","breadcrumb":{"@id":"https:\/\/globalprix.com\/fr\/produit\/sechage-tunnel1800-mm-x-650-mm\/#breadcrumb"},"inLanguage":"fr-FR","potentialAction":[{"@type":"ReadAction","target":["https:\/\/globalprix.com\/fr\/produit\/sechage-tunnel1800-mm-x-650-mm\/"]}]},{"@type":"ImageObject","inLanguage":"fr-FR","@id":"https:\/\/globalprix.com\/fr\/produit\/sechage-tunnel1800-mm-x-650-mm\/#primaryimage","url":"https:\/\/globalprix.com\/wp-content\/uploads\/2022\/09\/tunel-de-secado.jpg","contentUrl":"https:\/\/globalprix.com\/wp-content\/uploads\/2022\/09\/tunel-de-secado.jpg","width":266,"height":190},{"@type":"BreadcrumbList","@id":"https:\/\/globalprix.com\/fr\/produit\/sechage-tunnel1800-mm-x-650-mm\/#breadcrumb","itemListElement":[{"@type":"ListItem","position":1,"name":"Portada","item":"https:\/\/globalprix.com\/en\/"},{"@type":"ListItem","position":2,"name":"Boutique","item":"https:\/\/globalprix.com\/fr\/boutique\/"},{"@type":"ListItem","position":3,"name":"TUNNEL DE S\u00c9CHAGE1800 mm x 650 mm"}]},{"@type":"WebSite","@id":"https:\/\/globalprix.com\/#website","url":"https:\/\/globalprix.com\/","name":"Globalprix","description":"Tienda online para Serigraf\u00eda","publisher":{"@id":"https:\/\/globalprix.com\/#organization"},"alternateName":"Tienda online de serigraf\u00eda","potentialAction":[{"@type":"SearchAction","target":{"@type":"EntryPoint","urlTemplate":"https:\/\/globalprix.com\/?s={search_term_string}"},"query-input":{"@type":"PropertyValueSpecification","valueRequired":true,"valueName":"search_term_string"}}],"inLanguage":"fr-FR"},{"@type":"Organization","@id":"https:\/\/globalprix.com\/#organization","name":"Global Managing","alternateName":"Globalprix","url":"https:\/\/globalprix.com\/","logo":{"@type":"ImageObject","inLanguage":"fr-FR","@id":"https:\/\/globalprix.com\/#\/schema\/logo\/image\/","url":"https:\/\/globalprix.com\/wp-content\/uploads\/2023\/03\/logo-globalprix.jpg","contentUrl":"https:\/\/globalprix.com\/wp-content\/uploads\/2023\/03\/logo-globalprix.jpg","width":595,"height":202,"caption":"Global Managing"},"image":{"@id":"https:\/\/globalprix.com\/#\/schema\/logo\/image\/"}}]}},"_links":{"self":[{"href":"https:\/\/globalprix.com\/fr\/wp-json\/wp\/v2\/product\/23228","targetHints":{"allow":["GET"]}}],"collection":[{"href":"https:\/\/globalprix.com\/fr\/wp-json\/wp\/v2\/product"}],"about":[{"href":"https:\/\/globalprix.com\/fr\/wp-json\/wp\/v2\/types\/product"}],"replies":[{"embeddable":true,"href":"https:\/\/globalprix.com\/fr\/wp-json\/wp\/v2\/comments?post=23228"}],"version-history":[{"count":0,"href":"https:\/\/globalprix.com\/fr\/wp-json\/wp\/v2\/product\/23228\/revisions"}],"wp:featuredmedia":[{"embeddable":true,"href":"https:\/\/globalprix.com\/fr\/wp-json\/wp\/v2\/media\/14325"}],"wp:attachment":[{"href":"https:\/\/globalprix.com\/fr\/wp-json\/wp\/v2\/media?parent=23228"}],"wp:term":[{"taxonomy":"product_brand","embeddable":true,"href":"https:\/\/globalprix.com\/fr\/wp-json\/wp\/v2\/product_brand?post=23228"},{"taxonomy":"product_cat","embeddable":true,"href":"https:\/\/globalprix.com\/fr\/wp-json\/wp\/v2\/product_cat?post=23228"},{"taxonomy":"product_tag","embeddable":true,"href":"https:\/\/globalprix.com\/fr\/wp-json\/wp\/v2\/product_tag?post=23228"}],"curies":[{"name":"wp","href":"https:\/\/api.w.org\/{rel}","templated":true}]}}