{"id":23232,"date":"2022-09-07T09:44:02","date_gmt":"2022-09-07T07:44:02","guid":{"rendered":"https:\/\/globalprix.com\/producto\/charniere-avec-contrepoids\/"},"modified":"2023-11-13T08:46:46","modified_gmt":"2023-11-13T07:46:46","slug":"charniere-avec-contrepoids","status":"publish","type":"product","link":"https:\/\/globalprix.com\/fr\/produit\/charniere-avec-contrepoids\/","title":{"rendered":"CHARNI\u00c8RE AVEC CONTREPOIDS"},"content":{"rendered":"","protected":false},"excerpt":{"rendered":"<p>Charni\u00e8re pour fixer les cadres de s\u00e9rigraphie \u00e0 la table. Le mod\u00e8le avec contrepoids facilite son utilisation et permet au cadre d\u2019\u00eatre lev\u00e9 sans avoir besoin de le tenir. Cela nous permet d\u2019avoir les deux mains libres pour manipuler plus facilement le mat\u00e9riel \u00e0 imprimer.<\/p>\n","protected":false},"featured_media":34032,"comment_status":"open","ping_status":"closed","template":"","meta":[],"product_brand":[],"product_cat":[2745,2959,2744,2683],"product_tag":[],"class_list":{"0":"post-23232","1":"product","2":"type-product","3":"status-publish","4":"has-post-thumbnail","6":"product_cat-aides-a-la-serigraphie","7":"product_cat-charnieres-avec-contrepoids","8":"product_cat-machines-et-auxiliaires","9":"product_cat-serigraphie","11":"first","12":"instock","13":"taxable","14":"shipping-taxable","15":"purchasable","16":"product-type-simple"},"yoast_head":"<!-- This site is optimized with the Yoast SEO plugin v27.3 - https:\/\/yoast.com\/product\/yoast-seo-wordpress\/ -->\n<title>CHARNI\u00c8RE AVEC CONTREPOIDS | Globalprix.com<\/title>\n<meta name=\"robots\" content=\"index, follow, max-snippet:-1, max-image-preview:large, max-video-preview:-1\" \/>\n<link rel=\"canonical\" href=\"https:\/\/globalprix.com\/fr\/produit\/charniere-avec-contrepoids\/\" \/>\n<meta property=\"og:locale\" content=\"fr_FR\" \/>\n<meta property=\"og:type\" content=\"article\" \/>\n<meta property=\"og:title\" content=\"CHARNI\u00c8RE AVEC CONTREPOIDS | Globalprix.com\" \/>\n<meta property=\"og:description\" content=\"Charni\u00e8re pour fixer les cadres de s\u00e9rigraphie \u00e0 la table. Le mod\u00e8le avec contrepoids facilite son utilisation et permet au cadre d\u2019\u00eatre lev\u00e9 sans avoir besoin de le tenir. Cela nous permet d\u2019avoir les deux mains libres pour manipuler plus facilement le mat\u00e9riel \u00e0 imprimer.\" \/>\n<meta property=\"og:url\" content=\"https:\/\/globalprix.com\/fr\/produit\/charniere-avec-contrepoids\/\" \/>\n<meta property=\"og:site_name\" content=\"Globalprix.com\" \/>\n<meta property=\"article:modified_time\" content=\"2023-11-13T07:46:46+00:00\" \/>\n<meta property=\"og:image\" content=\"https:\/\/globalprix.com\/wp-content\/uploads\/2022\/09\/BISAGRA-CON-CONTRAPESO-e1743266921783.png\" \/>\n\t<meta property=\"og:image:width\" content=\"540\" \/>\n\t<meta property=\"og:image:height\" content=\"462\" \/>\n\t<meta property=\"og:image:type\" content=\"image\/png\" \/>\n<meta name=\"twitter:card\" content=\"summary_large_image\" \/>\n<script type=\"application\/ld+json\" class=\"yoast-schema-graph\">{\"@context\":\"https:\\\/\\\/schema.org\",\"@graph\":[{\"@type\":\"WebPage\",\"@id\":\"https:\\\/\\\/globalprix.com\\\/fr\\\/produit\\\/charniere-avec-contrepoids\\\/\",\"url\":\"https:\\\/\\\/globalprix.com\\\/fr\\\/produit\\\/charniere-avec-contrepoids\\\/\",\"name\":\"CHARNI\u00c8RE AVEC CONTREPOIDS | Globalprix.com\",\"isPartOf\":{\"@id\":\"https:\\\/\\\/globalprix.com\\\/#website\"},\"primaryImageOfPage\":{\"@id\":\"https:\\\/\\\/globalprix.com\\\/fr\\\/produit\\\/charniere-avec-contrepoids\\\/#primaryimage\"},\"image\":{\"@id\":\"https:\\\/\\\/globalprix.com\\\/fr\\\/produit\\\/charniere-avec-contrepoids\\\/#primaryimage\"},\"thumbnailUrl\":\"https:\\\/\\\/globalprix.com\\\/wp-content\\\/uploads\\\/2022\\\/09\\\/BISAGRA-CON-CONTRAPESO-e1743267034350.png\",\"datePublished\":\"2022-09-07T07:44:02+00:00\",\"dateModified\":\"2023-11-13T07:46:46+00:00\",\"breadcrumb\":{\"@id\":\"https:\\\/\\\/globalprix.com\\\/fr\\\/produit\\\/charniere-avec-contrepoids\\\/#breadcrumb\"},\"inLanguage\":\"fr-FR\",\"potentialAction\":[{\"@type\":\"ReadAction\",\"target\":[\"https:\\\/\\\/globalprix.com\\\/fr\\\/produit\\\/charniere-avec-contrepoids\\\/\"]}]},{\"@type\":\"ImageObject\",\"inLanguage\":\"fr-FR\",\"@id\":\"https:\\\/\\\/globalprix.com\\\/fr\\\/produit\\\/charniere-avec-contrepoids\\\/#primaryimage\",\"url\":\"https:\\\/\\\/globalprix.com\\\/wp-content\\\/uploads\\\/2022\\\/09\\\/BISAGRA-CON-CONTRAPESO-e1743267034350.png\",\"contentUrl\":\"https:\\\/\\\/globalprix.com\\\/wp-content\\\/uploads\\\/2022\\\/09\\\/BISAGRA-CON-CONTRAPESO-e1743267034350.png\",\"width\":540,\"height\":462},{\"@type\":\"BreadcrumbList\",\"@id\":\"https:\\\/\\\/globalprix.com\\\/fr\\\/produit\\\/charniere-avec-contrepoids\\\/#breadcrumb\",\"itemListElement\":[{\"@type\":\"ListItem\",\"position\":1,\"name\":\"Portada\",\"item\":\"https:\\\/\\\/globalprix.com\\\/en\\\/\"},{\"@type\":\"ListItem\",\"position\":2,\"name\":\"Boutique\",\"item\":\"https:\\\/\\\/globalprix.com\\\/fr\\\/boutique\\\/\"},{\"@type\":\"ListItem\",\"position\":3,\"name\":\"CHARNI\u00c8RE AVEC CONTREPOIDS\"}]},{\"@type\":\"WebSite\",\"@id\":\"https:\\\/\\\/globalprix.com\\\/#website\",\"url\":\"https:\\\/\\\/globalprix.com\\\/\",\"name\":\"Globalprix\",\"description\":\"Tienda online para Serigraf\u00eda\",\"publisher\":{\"@id\":\"https:\\\/\\\/globalprix.com\\\/#organization\"},\"alternateName\":\"Tienda online de serigraf\u00eda\",\"potentialAction\":[{\"@type\":\"SearchAction\",\"target\":{\"@type\":\"EntryPoint\",\"urlTemplate\":\"https:\\\/\\\/globalprix.com\\\/?s={search_term_string}\"},\"query-input\":{\"@type\":\"PropertyValueSpecification\",\"valueRequired\":true,\"valueName\":\"search_term_string\"}}],\"inLanguage\":\"fr-FR\"},{\"@type\":\"Organization\",\"@id\":\"https:\\\/\\\/globalprix.com\\\/#organization\",\"name\":\"Global Managing\",\"alternateName\":\"Globalprix\",\"url\":\"https:\\\/\\\/globalprix.com\\\/\",\"logo\":{\"@type\":\"ImageObject\",\"inLanguage\":\"fr-FR\",\"@id\":\"https:\\\/\\\/globalprix.com\\\/#\\\/schema\\\/logo\\\/image\\\/\",\"url\":\"https:\\\/\\\/globalprix.com\\\/wp-content\\\/uploads\\\/2023\\\/03\\\/logo-globalprix.jpg\",\"contentUrl\":\"https:\\\/\\\/globalprix.com\\\/wp-content\\\/uploads\\\/2023\\\/03\\\/logo-globalprix.jpg\",\"width\":595,\"height\":202,\"caption\":\"Global Managing\"},\"image\":{\"@id\":\"https:\\\/\\\/globalprix.com\\\/#\\\/schema\\\/logo\\\/image\\\/\"}}]}<\/script>\n<!-- \/ Yoast SEO plugin. -->","yoast_head_json":{"title":"CHARNI\u00c8RE AVEC CONTREPOIDS | Globalprix.com","robots":{"index":"index","follow":"follow","max-snippet":"max-snippet:-1","max-image-preview":"max-image-preview:large","max-video-preview":"max-video-preview:-1"},"canonical":"https:\/\/globalprix.com\/fr\/produit\/charniere-avec-contrepoids\/","og_locale":"fr_FR","og_type":"article","og_title":"CHARNI\u00c8RE AVEC CONTREPOIDS | Globalprix.com","og_description":"Charni\u00e8re pour fixer les cadres de s\u00e9rigraphie \u00e0 la table. Le mod\u00e8le avec contrepoids facilite son utilisation et permet au cadre d\u2019\u00eatre lev\u00e9 sans avoir besoin de le tenir. Cela nous permet d\u2019avoir les deux mains libres pour manipuler plus facilement le mat\u00e9riel \u00e0 imprimer.","og_url":"https:\/\/globalprix.com\/fr\/produit\/charniere-avec-contrepoids\/","og_site_name":"Globalprix.com","article_modified_time":"2023-11-13T07:46:46+00:00","og_image":[{"width":540,"height":462,"url":"https:\/\/globalprix.com\/wp-content\/uploads\/2022\/09\/BISAGRA-CON-CONTRAPESO-e1743266921783.png","type":"image\/png"}],"twitter_card":"summary_large_image","schema":{"@context":"https:\/\/schema.org","@graph":[{"@type":"WebPage","@id":"https:\/\/globalprix.com\/fr\/produit\/charniere-avec-contrepoids\/","url":"https:\/\/globalprix.com\/fr\/produit\/charniere-avec-contrepoids\/","name":"CHARNI\u00c8RE AVEC CONTREPOIDS | Globalprix.com","isPartOf":{"@id":"https:\/\/globalprix.com\/#website"},"primaryImageOfPage":{"@id":"https:\/\/globalprix.com\/fr\/produit\/charniere-avec-contrepoids\/#primaryimage"},"image":{"@id":"https:\/\/globalprix.com\/fr\/produit\/charniere-avec-contrepoids\/#primaryimage"},"thumbnailUrl":"https:\/\/globalprix.com\/wp-content\/uploads\/2022\/09\/BISAGRA-CON-CONTRAPESO-e1743267034350.png","datePublished":"2022-09-07T07:44:02+00:00","dateModified":"2023-11-13T07:46:46+00:00","breadcrumb":{"@id":"https:\/\/globalprix.com\/fr\/produit\/charniere-avec-contrepoids\/#breadcrumb"},"inLanguage":"fr-FR","potentialAction":[{"@type":"ReadAction","target":["https:\/\/globalprix.com\/fr\/produit\/charniere-avec-contrepoids\/"]}]},{"@type":"ImageObject","inLanguage":"fr-FR","@id":"https:\/\/globalprix.com\/fr\/produit\/charniere-avec-contrepoids\/#primaryimage","url":"https:\/\/globalprix.com\/wp-content\/uploads\/2022\/09\/BISAGRA-CON-CONTRAPESO-e1743267034350.png","contentUrl":"https:\/\/globalprix.com\/wp-content\/uploads\/2022\/09\/BISAGRA-CON-CONTRAPESO-e1743267034350.png","width":540,"height":462},{"@type":"BreadcrumbList","@id":"https:\/\/globalprix.com\/fr\/produit\/charniere-avec-contrepoids\/#breadcrumb","itemListElement":[{"@type":"ListItem","position":1,"name":"Portada","item":"https:\/\/globalprix.com\/en\/"},{"@type":"ListItem","position":2,"name":"Boutique","item":"https:\/\/globalprix.com\/fr\/boutique\/"},{"@type":"ListItem","position":3,"name":"CHARNI\u00c8RE AVEC CONTREPOIDS"}]},{"@type":"WebSite","@id":"https:\/\/globalprix.com\/#website","url":"https:\/\/globalprix.com\/","name":"Globalprix","description":"Tienda online para Serigraf\u00eda","publisher":{"@id":"https:\/\/globalprix.com\/#organization"},"alternateName":"Tienda online de serigraf\u00eda","potentialAction":[{"@type":"SearchAction","target":{"@type":"EntryPoint","urlTemplate":"https:\/\/globalprix.com\/?s={search_term_string}"},"query-input":{"@type":"PropertyValueSpecification","valueRequired":true,"valueName":"search_term_string"}}],"inLanguage":"fr-FR"},{"@type":"Organization","@id":"https:\/\/globalprix.com\/#organization","name":"Global Managing","alternateName":"Globalprix","url":"https:\/\/globalprix.com\/","logo":{"@type":"ImageObject","inLanguage":"fr-FR","@id":"https:\/\/globalprix.com\/#\/schema\/logo\/image\/","url":"https:\/\/globalprix.com\/wp-content\/uploads\/2023\/03\/logo-globalprix.jpg","contentUrl":"https:\/\/globalprix.com\/wp-content\/uploads\/2023\/03\/logo-globalprix.jpg","width":595,"height":202,"caption":"Global Managing"},"image":{"@id":"https:\/\/globalprix.com\/#\/schema\/logo\/image\/"}}]}},"_links":{"self":[{"href":"https:\/\/globalprix.com\/fr\/wp-json\/wp\/v2\/product\/23232","targetHints":{"allow":["GET"]}}],"collection":[{"href":"https:\/\/globalprix.com\/fr\/wp-json\/wp\/v2\/product"}],"about":[{"href":"https:\/\/globalprix.com\/fr\/wp-json\/wp\/v2\/types\/product"}],"replies":[{"embeddable":true,"href":"https:\/\/globalprix.com\/fr\/wp-json\/wp\/v2\/comments?post=23232"}],"version-history":[{"count":0,"href":"https:\/\/globalprix.com\/fr\/wp-json\/wp\/v2\/product\/23232\/revisions"}],"wp:featuredmedia":[{"embeddable":true,"href":"https:\/\/globalprix.com\/fr\/wp-json\/wp\/v2\/media\/34032"}],"wp:attachment":[{"href":"https:\/\/globalprix.com\/fr\/wp-json\/wp\/v2\/media?parent=23232"}],"wp:term":[{"taxonomy":"product_brand","embeddable":true,"href":"https:\/\/globalprix.com\/fr\/wp-json\/wp\/v2\/product_brand?post=23232"},{"taxonomy":"product_cat","embeddable":true,"href":"https:\/\/globalprix.com\/fr\/wp-json\/wp\/v2\/product_cat?post=23232"},{"taxonomy":"product_tag","embeddable":true,"href":"https:\/\/globalprix.com\/fr\/wp-json\/wp\/v2\/product_tag?post=23232"}],"curies":[{"name":"wp","href":"https:\/\/api.w.org\/{rel}","templated":true}]}}