{"id":23239,"date":"2022-09-07T09:36:59","date_gmt":"2022-09-07T07:36:59","guid":{"rendered":"https:\/\/globalprix.com\/producto\/hinges-x2-charnieres-pour-ecrans-45cm\/"},"modified":"2024-02-13T16:03:58","modified_gmt":"2024-02-13T15:03:58","slug":"charnieres-metalliques-x-2charnieres-serigraphie-largeur-de-45-cm","status":"publish","type":"product","link":"https:\/\/globalprix.com\/fr\/produit\/charnieres-metalliques-x-2charnieres-serigraphie-largeur-de-45-cm\/","title":{"rendered":"CHARNI\u00c8RES M\u00c9TALLIQUES (x 2)<br>Charni\u00e8res pour \u00e9crans d\u2019\u00e9cran<br>Largeur de 4,5 cm"},"content":{"rendered":"","protected":false},"excerpt":{"rendered":"<p>Les charni\u00e8res pour la s\u00e9rigraphie nous aident \u00e0 tenir les \u00e9crans et ainsi \u00e0 travailler plus confortablement.<br \/>\nIls sont fix\u00e9s \u00e0 la table ou au support rigide avec des vis, puis la hauteur dont nous avons besoin est r\u00e9gul\u00e9e et le cadre est fix\u00e9.<\/p>\n","protected":false},"featured_media":7900,"comment_status":"open","ping_status":"closed","template":"","meta":[],"product_brand":[],"product_cat":[2963,2959,2683],"product_tag":[],"class_list":{"0":"post-23239","1":"product","2":"type-product","3":"status-publish","4":"has-post-thumbnail","6":"product_cat-charnieres","7":"product_cat-charnieres-avec-contrepoids","8":"product_cat-serigraphie","10":"first","11":"instock","12":"taxable","13":"shipping-taxable","14":"purchasable","15":"product-type-variable"},"yoast_head":"<!-- This site is optimized with the Yoast SEO plugin v27.3 - https:\/\/yoast.com\/product\/yoast-seo-wordpress\/ -->\n<title>CHARNI\u00c8RES M\u00c9TALLIQUES (x 2)Charni\u00e8res pour \u00e9crans d\u2019\u00e9cranLargeur de 4,5 cm | Globalprix.com<\/title>\n<meta name=\"robots\" content=\"index, follow, max-snippet:-1, max-image-preview:large, max-video-preview:-1\" \/>\n<link rel=\"canonical\" href=\"https:\/\/globalprix.com\/fr\/produit\/charnieres-metalliques-x-2charnieres-serigraphie-largeur-de-45-cm\/\" \/>\n<meta property=\"og:locale\" content=\"fr_FR\" \/>\n<meta property=\"og:type\" content=\"article\" \/>\n<meta property=\"og:title\" content=\"CHARNI\u00c8RES M\u00c9TALLIQUES (x 2)Charni\u00e8res pour \u00e9crans d\u2019\u00e9cranLargeur de 4,5 cm | Globalprix.com\" \/>\n<meta property=\"og:description\" content=\"Les charni\u00e8res pour la s\u00e9rigraphie nous aident \u00e0 tenir les \u00e9crans et ainsi \u00e0 travailler plus confortablement. Ils sont fix\u00e9s \u00e0 la table ou au support rigide avec des vis, puis la hauteur dont nous avons besoin est r\u00e9gul\u00e9e et le cadre est fix\u00e9.\" \/>\n<meta property=\"og:url\" content=\"https:\/\/globalprix.com\/fr\/produit\/charnieres-metalliques-x-2charnieres-serigraphie-largeur-de-45-cm\/\" \/>\n<meta property=\"og:site_name\" content=\"Globalprix.com\" \/>\n<meta property=\"article:modified_time\" content=\"2024-02-13T15:03:58+00:00\" \/>\n<meta property=\"og:image\" content=\"https:\/\/globalprix.com\/wp-content\/uploads\/2021\/03\/bisagra-frontisa-plata.jpg\" \/>\n\t<meta property=\"og:image:width\" content=\"2134\" \/>\n\t<meta property=\"og:image:height\" content=\"2134\" \/>\n\t<meta property=\"og:image:type\" content=\"image\/jpeg\" \/>\n<meta name=\"twitter:card\" content=\"summary_large_image\" \/>\n<script type=\"application\/ld+json\" class=\"yoast-schema-graph\">{\"@context\":\"https:\\\/\\\/schema.org\",\"@graph\":[{\"@type\":\"WebPage\",\"@id\":\"https:\\\/\\\/globalprix.com\\\/fr\\\/produit\\\/charnieres-metalliques-x-2charnieres-serigraphie-largeur-de-45-cm\\\/\",\"url\":\"https:\\\/\\\/globalprix.com\\\/fr\\\/produit\\\/charnieres-metalliques-x-2charnieres-serigraphie-largeur-de-45-cm\\\/\",\"name\":\"CHARNI\u00c8RES M\u00c9TALLIQUES (x 2) Charni\u00e8res pour \u00e9crans d\u2019\u00e9cran Largeur de 4,5 cm | Globalprix.com\",\"isPartOf\":{\"@id\":\"https:\\\/\\\/globalprix.com\\\/#website\"},\"primaryImageOfPage\":{\"@id\":\"https:\\\/\\\/globalprix.com\\\/fr\\\/produit\\\/charnieres-metalliques-x-2charnieres-serigraphie-largeur-de-45-cm\\\/#primaryimage\"},\"image\":{\"@id\":\"https:\\\/\\\/globalprix.com\\\/fr\\\/produit\\\/charnieres-metalliques-x-2charnieres-serigraphie-largeur-de-45-cm\\\/#primaryimage\"},\"thumbnailUrl\":\"https:\\\/\\\/globalprix.com\\\/wp-content\\\/uploads\\\/2021\\\/03\\\/bisagra-frontisa-plata.jpg\",\"datePublished\":\"2022-09-07T07:36:59+00:00\",\"dateModified\":\"2024-02-13T15:03:58+00:00\",\"breadcrumb\":{\"@id\":\"https:\\\/\\\/globalprix.com\\\/fr\\\/produit\\\/charnieres-metalliques-x-2charnieres-serigraphie-largeur-de-45-cm\\\/#breadcrumb\"},\"inLanguage\":\"fr-FR\",\"potentialAction\":[{\"@type\":\"ReadAction\",\"target\":[\"https:\\\/\\\/globalprix.com\\\/fr\\\/produit\\\/charnieres-metalliques-x-2charnieres-serigraphie-largeur-de-45-cm\\\/\"]}]},{\"@type\":\"ImageObject\",\"inLanguage\":\"fr-FR\",\"@id\":\"https:\\\/\\\/globalprix.com\\\/fr\\\/produit\\\/charnieres-metalliques-x-2charnieres-serigraphie-largeur-de-45-cm\\\/#primaryimage\",\"url\":\"https:\\\/\\\/globalprix.com\\\/wp-content\\\/uploads\\\/2021\\\/03\\\/bisagra-frontisa-plata.jpg\",\"contentUrl\":\"https:\\\/\\\/globalprix.com\\\/wp-content\\\/uploads\\\/2021\\\/03\\\/bisagra-frontisa-plata.jpg\",\"width\":2134,\"height\":2134,\"caption\":\"bisagra-para-pantalla-serigrafia-color-plata\"},{\"@type\":\"BreadcrumbList\",\"@id\":\"https:\\\/\\\/globalprix.com\\\/fr\\\/produit\\\/charnieres-metalliques-x-2charnieres-serigraphie-largeur-de-45-cm\\\/#breadcrumb\",\"itemListElement\":[{\"@type\":\"ListItem\",\"position\":1,\"name\":\"Portada\",\"item\":\"https:\\\/\\\/globalprix.com\\\/en\\\/\"},{\"@type\":\"ListItem\",\"position\":2,\"name\":\"Boutique\",\"item\":\"https:\\\/\\\/globalprix.com\\\/fr\\\/boutique\\\/\"},{\"@type\":\"ListItem\",\"position\":3,\"name\":\"CHARNI\u00c8RES M\u00c9TALLIQUES (x 2)Charni\u00e8res pour \u00e9crans d\u2019\u00e9cranLargeur de 4,5 cm\"}]},{\"@type\":\"WebSite\",\"@id\":\"https:\\\/\\\/globalprix.com\\\/#website\",\"url\":\"https:\\\/\\\/globalprix.com\\\/\",\"name\":\"Globalprix\",\"description\":\"Tienda online para Serigraf\u00eda\",\"publisher\":{\"@id\":\"https:\\\/\\\/globalprix.com\\\/#organization\"},\"alternateName\":\"Tienda online de serigraf\u00eda\",\"potentialAction\":[{\"@type\":\"SearchAction\",\"target\":{\"@type\":\"EntryPoint\",\"urlTemplate\":\"https:\\\/\\\/globalprix.com\\\/?s={search_term_string}\"},\"query-input\":{\"@type\":\"PropertyValueSpecification\",\"valueRequired\":true,\"valueName\":\"search_term_string\"}}],\"inLanguage\":\"fr-FR\"},{\"@type\":\"Organization\",\"@id\":\"https:\\\/\\\/globalprix.com\\\/#organization\",\"name\":\"Global Managing\",\"alternateName\":\"Globalprix\",\"url\":\"https:\\\/\\\/globalprix.com\\\/\",\"logo\":{\"@type\":\"ImageObject\",\"inLanguage\":\"fr-FR\",\"@id\":\"https:\\\/\\\/globalprix.com\\\/#\\\/schema\\\/logo\\\/image\\\/\",\"url\":\"https:\\\/\\\/globalprix.com\\\/wp-content\\\/uploads\\\/2023\\\/03\\\/logo-globalprix.jpg\",\"contentUrl\":\"https:\\\/\\\/globalprix.com\\\/wp-content\\\/uploads\\\/2023\\\/03\\\/logo-globalprix.jpg\",\"width\":595,\"height\":202,\"caption\":\"Global Managing\"},\"image\":{\"@id\":\"https:\\\/\\\/globalprix.com\\\/#\\\/schema\\\/logo\\\/image\\\/\"}}]}<\/script>\n<!-- \/ Yoast SEO plugin. -->","yoast_head_json":{"title":"CHARNI\u00c8RES M\u00c9TALLIQUES (x 2)Charni\u00e8res pour \u00e9crans d\u2019\u00e9cranLargeur de 4,5 cm | Globalprix.com","robots":{"index":"index","follow":"follow","max-snippet":"max-snippet:-1","max-image-preview":"max-image-preview:large","max-video-preview":"max-video-preview:-1"},"canonical":"https:\/\/globalprix.com\/fr\/produit\/charnieres-metalliques-x-2charnieres-serigraphie-largeur-de-45-cm\/","og_locale":"fr_FR","og_type":"article","og_title":"CHARNI\u00c8RES M\u00c9TALLIQUES (x 2)Charni\u00e8res pour \u00e9crans d\u2019\u00e9cranLargeur de 4,5 cm | Globalprix.com","og_description":"Les charni\u00e8res pour la s\u00e9rigraphie nous aident \u00e0 tenir les \u00e9crans et ainsi \u00e0 travailler plus confortablement. Ils sont fix\u00e9s \u00e0 la table ou au support rigide avec des vis, puis la hauteur dont nous avons besoin est r\u00e9gul\u00e9e et le cadre est fix\u00e9.","og_url":"https:\/\/globalprix.com\/fr\/produit\/charnieres-metalliques-x-2charnieres-serigraphie-largeur-de-45-cm\/","og_site_name":"Globalprix.com","article_modified_time":"2024-02-13T15:03:58+00:00","og_image":[{"width":2134,"height":2134,"url":"https:\/\/globalprix.com\/wp-content\/uploads\/2021\/03\/bisagra-frontisa-plata.jpg","type":"image\/jpeg"}],"twitter_card":"summary_large_image","schema":{"@context":"https:\/\/schema.org","@graph":[{"@type":"WebPage","@id":"https:\/\/globalprix.com\/fr\/produit\/charnieres-metalliques-x-2charnieres-serigraphie-largeur-de-45-cm\/","url":"https:\/\/globalprix.com\/fr\/produit\/charnieres-metalliques-x-2charnieres-serigraphie-largeur-de-45-cm\/","name":"CHARNI\u00c8RES M\u00c9TALLIQUES (x 2) Charni\u00e8res pour \u00e9crans d\u2019\u00e9cran Largeur de 4,5 cm | Globalprix.com","isPartOf":{"@id":"https:\/\/globalprix.com\/#website"},"primaryImageOfPage":{"@id":"https:\/\/globalprix.com\/fr\/produit\/charnieres-metalliques-x-2charnieres-serigraphie-largeur-de-45-cm\/#primaryimage"},"image":{"@id":"https:\/\/globalprix.com\/fr\/produit\/charnieres-metalliques-x-2charnieres-serigraphie-largeur-de-45-cm\/#primaryimage"},"thumbnailUrl":"https:\/\/globalprix.com\/wp-content\/uploads\/2021\/03\/bisagra-frontisa-plata.jpg","datePublished":"2022-09-07T07:36:59+00:00","dateModified":"2024-02-13T15:03:58+00:00","breadcrumb":{"@id":"https:\/\/globalprix.com\/fr\/produit\/charnieres-metalliques-x-2charnieres-serigraphie-largeur-de-45-cm\/#breadcrumb"},"inLanguage":"fr-FR","potentialAction":[{"@type":"ReadAction","target":["https:\/\/globalprix.com\/fr\/produit\/charnieres-metalliques-x-2charnieres-serigraphie-largeur-de-45-cm\/"]}]},{"@type":"ImageObject","inLanguage":"fr-FR","@id":"https:\/\/globalprix.com\/fr\/produit\/charnieres-metalliques-x-2charnieres-serigraphie-largeur-de-45-cm\/#primaryimage","url":"https:\/\/globalprix.com\/wp-content\/uploads\/2021\/03\/bisagra-frontisa-plata.jpg","contentUrl":"https:\/\/globalprix.com\/wp-content\/uploads\/2021\/03\/bisagra-frontisa-plata.jpg","width":2134,"height":2134,"caption":"bisagra-para-pantalla-serigrafia-color-plata"},{"@type":"BreadcrumbList","@id":"https:\/\/globalprix.com\/fr\/produit\/charnieres-metalliques-x-2charnieres-serigraphie-largeur-de-45-cm\/#breadcrumb","itemListElement":[{"@type":"ListItem","position":1,"name":"Portada","item":"https:\/\/globalprix.com\/en\/"},{"@type":"ListItem","position":2,"name":"Boutique","item":"https:\/\/globalprix.com\/fr\/boutique\/"},{"@type":"ListItem","position":3,"name":"CHARNI\u00c8RES M\u00c9TALLIQUES (x 2)Charni\u00e8res pour \u00e9crans d\u2019\u00e9cranLargeur de 4,5 cm"}]},{"@type":"WebSite","@id":"https:\/\/globalprix.com\/#website","url":"https:\/\/globalprix.com\/","name":"Globalprix","description":"Tienda online para Serigraf\u00eda","publisher":{"@id":"https:\/\/globalprix.com\/#organization"},"alternateName":"Tienda online de serigraf\u00eda","potentialAction":[{"@type":"SearchAction","target":{"@type":"EntryPoint","urlTemplate":"https:\/\/globalprix.com\/?s={search_term_string}"},"query-input":{"@type":"PropertyValueSpecification","valueRequired":true,"valueName":"search_term_string"}}],"inLanguage":"fr-FR"},{"@type":"Organization","@id":"https:\/\/globalprix.com\/#organization","name":"Global Managing","alternateName":"Globalprix","url":"https:\/\/globalprix.com\/","logo":{"@type":"ImageObject","inLanguage":"fr-FR","@id":"https:\/\/globalprix.com\/#\/schema\/logo\/image\/","url":"https:\/\/globalprix.com\/wp-content\/uploads\/2023\/03\/logo-globalprix.jpg","contentUrl":"https:\/\/globalprix.com\/wp-content\/uploads\/2023\/03\/logo-globalprix.jpg","width":595,"height":202,"caption":"Global Managing"},"image":{"@id":"https:\/\/globalprix.com\/#\/schema\/logo\/image\/"}}]}},"_links":{"self":[{"href":"https:\/\/globalprix.com\/fr\/wp-json\/wp\/v2\/product\/23239","targetHints":{"allow":["GET"]}}],"collection":[{"href":"https:\/\/globalprix.com\/fr\/wp-json\/wp\/v2\/product"}],"about":[{"href":"https:\/\/globalprix.com\/fr\/wp-json\/wp\/v2\/types\/product"}],"replies":[{"embeddable":true,"href":"https:\/\/globalprix.com\/fr\/wp-json\/wp\/v2\/comments?post=23239"}],"version-history":[{"count":0,"href":"https:\/\/globalprix.com\/fr\/wp-json\/wp\/v2\/product\/23239\/revisions"}],"wp:featuredmedia":[{"embeddable":true,"href":"https:\/\/globalprix.com\/fr\/wp-json\/wp\/v2\/media\/7900"}],"wp:attachment":[{"href":"https:\/\/globalprix.com\/fr\/wp-json\/wp\/v2\/media?parent=23239"}],"wp:term":[{"taxonomy":"product_brand","embeddable":true,"href":"https:\/\/globalprix.com\/fr\/wp-json\/wp\/v2\/product_brand?post=23239"},{"taxonomy":"product_cat","embeddable":true,"href":"https:\/\/globalprix.com\/fr\/wp-json\/wp\/v2\/product_cat?post=23239"},{"taxonomy":"product_tag","embeddable":true,"href":"https:\/\/globalprix.com\/fr\/wp-json\/wp\/v2\/product_tag?post=23239"}],"curies":[{"name":"wp","href":"https:\/\/api.w.org\/{rel}","templated":true}]}}