{"id":23261,"date":"2022-09-05T08:41:01","date_gmt":"2022-09-05T06:41:01","guid":{"rendered":"https:\/\/globalprix.com\/producto\/beta-pour-recouvrir-le-bord-de-lecran-bobines-de-100-m-de-long\/"},"modified":"2023-12-19T09:48:17","modified_gmt":"2023-12-19T08:48:17","slug":"betafor-revetement-du-bord-de-la-bobine-de-crible-100-m25-mm-30-mm-40-mm","status":"publish","type":"product","link":"https:\/\/globalprix.com\/fr\/produit\/betafor-revetement-du-bord-de-la-bobine-de-crible-100-m25-mm-30-mm-40-mm\/","title":{"rendered":"B\u00caTA<br>Pour couvrir le bord de l\u2019\u00e9cran de s\u00e9rigraphie &#8211; bobine de 100 m<br>25 mm \/ 30 mm \/ 40 mm"},"content":{"rendered":"<p>S\u2019il n\u2019y a pas de stock de l\u2019article dans l\u2019une de ses variantes, contactez-nous pour d\u00e9finir un d\u00e9lai de livraison en info@globalprix.com<\/p>\n","protected":false},"excerpt":{"rendered":"<p>Disponible en trois largeurs diff\u00e9rentes. Longueur de la bobine de 100 m.<br \/>\nLa b\u00eata est un ruban en tissu qui renforce les bords de l\u2019\u00e9cran une fois habill\u00e9.<br \/>\nIl est appliqu\u00e9 avec WHITE GLUE, COLADUR II ou COLADUR PLUS sur des \u00e9crans en bois.<\/p>\n","protected":false},"featured_media":36639,"comment_status":"open","ping_status":"closed","template":"","meta":[],"product_brand":[],"product_cat":[2745,576,2754,2683],"product_tag":[],"class_list":{"0":"post-23261","1":"product","2":"type-product","3":"status-publish","4":"has-post-thumbnail","6":"product_cat-aides-a-la-serigraphie","7":"product_cat-pantallas-serigraficas-fr","8":"product_cat-produits","9":"product_cat-serigraphie","11":"first","12":"instock","13":"taxable","14":"shipping-taxable","15":"purchasable","16":"product-type-variable"},"yoast_head":"<!-- This site is optimized with the Yoast SEO plugin v27.3 - https:\/\/yoast.com\/product\/yoast-seo-wordpress\/ -->\n<title>B\u00caTAPour couvrir le bord de l\u2019\u00e9cran de s\u00e9rigraphie - bobine de 100 m25 mm \/ 30 mm \/ 40 mm | Globalprix.com<\/title>\n<meta name=\"robots\" content=\"index, follow, max-snippet:-1, max-image-preview:large, max-video-preview:-1\" \/>\n<link rel=\"canonical\" href=\"https:\/\/globalprix.com\/fr\/produit\/betafor-revetement-du-bord-de-la-bobine-de-crible-100-m25-mm-30-mm-40-mm\/\" \/>\n<meta property=\"og:locale\" content=\"fr_FR\" \/>\n<meta property=\"og:type\" content=\"article\" \/>\n<meta property=\"og:title\" content=\"B\u00caTAPour couvrir le bord de l\u2019\u00e9cran de s\u00e9rigraphie - bobine de 100 m25 mm \/ 30 mm \/ 40 mm | Globalprix.com\" \/>\n<meta property=\"og:description\" content=\"Disponible en trois largeurs diff\u00e9rentes. Longueur de la bobine de 100 m. La b\u00eata est un ruban en tissu qui renforce les bords de l\u2019\u00e9cran une fois habill\u00e9. Il est appliqu\u00e9 avec WHITE GLUE, COLADUR II ou COLADUR PLUS sur des \u00e9crans en bois.\" \/>\n<meta property=\"og:url\" content=\"https:\/\/globalprix.com\/fr\/produit\/betafor-revetement-du-bord-de-la-bobine-de-crible-100-m25-mm-30-mm-40-mm\/\" \/>\n<meta property=\"og:site_name\" content=\"Globalprix.com\" \/>\n<meta property=\"article:modified_time\" content=\"2023-12-19T08:48:17+00:00\" \/>\n<meta property=\"og:image\" content=\"https:\/\/globalprix.com\/wp-content\/uploads\/2022\/09\/COMPOSICIO_02_BETA-e1718314406929.png\" \/>\n\t<meta property=\"og:image:width\" content=\"745\" \/>\n\t<meta property=\"og:image:height\" content=\"335\" \/>\n\t<meta property=\"og:image:type\" content=\"image\/png\" \/>\n<meta name=\"twitter:card\" content=\"summary_large_image\" \/>\n<script type=\"application\/ld+json\" class=\"yoast-schema-graph\">{\"@context\":\"https:\\\/\\\/schema.org\",\"@graph\":[{\"@type\":\"WebPage\",\"@id\":\"https:\\\/\\\/globalprix.com\\\/fr\\\/produit\\\/betafor-revetement-du-bord-de-la-bobine-de-crible-100-m25-mm-30-mm-40-mm\\\/\",\"url\":\"https:\\\/\\\/globalprix.com\\\/fr\\\/produit\\\/betafor-revetement-du-bord-de-la-bobine-de-crible-100-m25-mm-30-mm-40-mm\\\/\",\"name\":\"B\u00caTA Pour couvrir le bord de l\u2019\u00e9cran de s\u00e9rigraphie - bobine de 100 m 25 mm \\\/ 30 mm \\\/ 40 mm | Globalprix.com\",\"isPartOf\":{\"@id\":\"https:\\\/\\\/globalprix.com\\\/#website\"},\"primaryImageOfPage\":{\"@id\":\"https:\\\/\\\/globalprix.com\\\/fr\\\/produit\\\/betafor-revetement-du-bord-de-la-bobine-de-crible-100-m25-mm-30-mm-40-mm\\\/#primaryimage\"},\"image\":{\"@id\":\"https:\\\/\\\/globalprix.com\\\/fr\\\/produit\\\/betafor-revetement-du-bord-de-la-bobine-de-crible-100-m25-mm-30-mm-40-mm\\\/#primaryimage\"},\"thumbnailUrl\":\"https:\\\/\\\/globalprix.com\\\/wp-content\\\/uploads\\\/2022\\\/09\\\/BETA-1.png\",\"datePublished\":\"2022-09-05T06:41:01+00:00\",\"dateModified\":\"2023-12-19T08:48:17+00:00\",\"breadcrumb\":{\"@id\":\"https:\\\/\\\/globalprix.com\\\/fr\\\/produit\\\/betafor-revetement-du-bord-de-la-bobine-de-crible-100-m25-mm-30-mm-40-mm\\\/#breadcrumb\"},\"inLanguage\":\"fr-FR\",\"potentialAction\":[{\"@type\":\"ReadAction\",\"target\":[\"https:\\\/\\\/globalprix.com\\\/fr\\\/produit\\\/betafor-revetement-du-bord-de-la-bobine-de-crible-100-m25-mm-30-mm-40-mm\\\/\"]}]},{\"@type\":\"ImageObject\",\"inLanguage\":\"fr-FR\",\"@id\":\"https:\\\/\\\/globalprix.com\\\/fr\\\/produit\\\/betafor-revetement-du-bord-de-la-bobine-de-crible-100-m25-mm-30-mm-40-mm\\\/#primaryimage\",\"url\":\"https:\\\/\\\/globalprix.com\\\/wp-content\\\/uploads\\\/2022\\\/09\\\/BETA-1.png\",\"contentUrl\":\"https:\\\/\\\/globalprix.com\\\/wp-content\\\/uploads\\\/2022\\\/09\\\/BETA-1.png\",\"width\":1024,\"height\":1024},{\"@type\":\"BreadcrumbList\",\"@id\":\"https:\\\/\\\/globalprix.com\\\/fr\\\/produit\\\/betafor-revetement-du-bord-de-la-bobine-de-crible-100-m25-mm-30-mm-40-mm\\\/#breadcrumb\",\"itemListElement\":[{\"@type\":\"ListItem\",\"position\":1,\"name\":\"Portada\",\"item\":\"https:\\\/\\\/globalprix.com\\\/en\\\/\"},{\"@type\":\"ListItem\",\"position\":2,\"name\":\"Boutique\",\"item\":\"https:\\\/\\\/globalprix.com\\\/fr\\\/boutique\\\/\"},{\"@type\":\"ListItem\",\"position\":3,\"name\":\"B\u00caTAPour couvrir le bord de l\u2019\u00e9cran de s\u00e9rigraphie &#8211; bobine de 100 m25 mm \\\/ 30 mm \\\/ 40 mm\"}]},{\"@type\":\"WebSite\",\"@id\":\"https:\\\/\\\/globalprix.com\\\/#website\",\"url\":\"https:\\\/\\\/globalprix.com\\\/\",\"name\":\"Globalprix\",\"description\":\"Tienda online para Serigraf\u00eda\",\"publisher\":{\"@id\":\"https:\\\/\\\/globalprix.com\\\/#organization\"},\"alternateName\":\"Tienda online de serigraf\u00eda\",\"potentialAction\":[{\"@type\":\"SearchAction\",\"target\":{\"@type\":\"EntryPoint\",\"urlTemplate\":\"https:\\\/\\\/globalprix.com\\\/?s={search_term_string}\"},\"query-input\":{\"@type\":\"PropertyValueSpecification\",\"valueRequired\":true,\"valueName\":\"search_term_string\"}}],\"inLanguage\":\"fr-FR\"},{\"@type\":\"Organization\",\"@id\":\"https:\\\/\\\/globalprix.com\\\/#organization\",\"name\":\"Global Managing\",\"alternateName\":\"Globalprix\",\"url\":\"https:\\\/\\\/globalprix.com\\\/\",\"logo\":{\"@type\":\"ImageObject\",\"inLanguage\":\"fr-FR\",\"@id\":\"https:\\\/\\\/globalprix.com\\\/#\\\/schema\\\/logo\\\/image\\\/\",\"url\":\"https:\\\/\\\/globalprix.com\\\/wp-content\\\/uploads\\\/2023\\\/03\\\/logo-globalprix.jpg\",\"contentUrl\":\"https:\\\/\\\/globalprix.com\\\/wp-content\\\/uploads\\\/2023\\\/03\\\/logo-globalprix.jpg\",\"width\":595,\"height\":202,\"caption\":\"Global Managing\"},\"image\":{\"@id\":\"https:\\\/\\\/globalprix.com\\\/#\\\/schema\\\/logo\\\/image\\\/\"}}]}<\/script>\n<!-- \/ Yoast SEO plugin. -->","yoast_head_json":{"title":"B\u00caTAPour couvrir le bord de l\u2019\u00e9cran de s\u00e9rigraphie - bobine de 100 m25 mm \/ 30 mm \/ 40 mm | Globalprix.com","robots":{"index":"index","follow":"follow","max-snippet":"max-snippet:-1","max-image-preview":"max-image-preview:large","max-video-preview":"max-video-preview:-1"},"canonical":"https:\/\/globalprix.com\/fr\/produit\/betafor-revetement-du-bord-de-la-bobine-de-crible-100-m25-mm-30-mm-40-mm\/","og_locale":"fr_FR","og_type":"article","og_title":"B\u00caTAPour couvrir le bord de l\u2019\u00e9cran de s\u00e9rigraphie - bobine de 100 m25 mm \/ 30 mm \/ 40 mm | Globalprix.com","og_description":"Disponible en trois largeurs diff\u00e9rentes. Longueur de la bobine de 100 m. La b\u00eata est un ruban en tissu qui renforce les bords de l\u2019\u00e9cran une fois habill\u00e9. Il est appliqu\u00e9 avec WHITE GLUE, COLADUR II ou COLADUR PLUS sur des \u00e9crans en bois.","og_url":"https:\/\/globalprix.com\/fr\/produit\/betafor-revetement-du-bord-de-la-bobine-de-crible-100-m25-mm-30-mm-40-mm\/","og_site_name":"Globalprix.com","article_modified_time":"2023-12-19T08:48:17+00:00","og_image":[{"width":745,"height":335,"url":"https:\/\/globalprix.com\/wp-content\/uploads\/2022\/09\/COMPOSICIO_02_BETA-e1718314406929.png","type":"image\/png"}],"twitter_card":"summary_large_image","schema":{"@context":"https:\/\/schema.org","@graph":[{"@type":"WebPage","@id":"https:\/\/globalprix.com\/fr\/produit\/betafor-revetement-du-bord-de-la-bobine-de-crible-100-m25-mm-30-mm-40-mm\/","url":"https:\/\/globalprix.com\/fr\/produit\/betafor-revetement-du-bord-de-la-bobine-de-crible-100-m25-mm-30-mm-40-mm\/","name":"B\u00caTA Pour couvrir le bord de l\u2019\u00e9cran de s\u00e9rigraphie - bobine de 100 m 25 mm \/ 30 mm \/ 40 mm | Globalprix.com","isPartOf":{"@id":"https:\/\/globalprix.com\/#website"},"primaryImageOfPage":{"@id":"https:\/\/globalprix.com\/fr\/produit\/betafor-revetement-du-bord-de-la-bobine-de-crible-100-m25-mm-30-mm-40-mm\/#primaryimage"},"image":{"@id":"https:\/\/globalprix.com\/fr\/produit\/betafor-revetement-du-bord-de-la-bobine-de-crible-100-m25-mm-30-mm-40-mm\/#primaryimage"},"thumbnailUrl":"https:\/\/globalprix.com\/wp-content\/uploads\/2022\/09\/BETA-1.png","datePublished":"2022-09-05T06:41:01+00:00","dateModified":"2023-12-19T08:48:17+00:00","breadcrumb":{"@id":"https:\/\/globalprix.com\/fr\/produit\/betafor-revetement-du-bord-de-la-bobine-de-crible-100-m25-mm-30-mm-40-mm\/#breadcrumb"},"inLanguage":"fr-FR","potentialAction":[{"@type":"ReadAction","target":["https:\/\/globalprix.com\/fr\/produit\/betafor-revetement-du-bord-de-la-bobine-de-crible-100-m25-mm-30-mm-40-mm\/"]}]},{"@type":"ImageObject","inLanguage":"fr-FR","@id":"https:\/\/globalprix.com\/fr\/produit\/betafor-revetement-du-bord-de-la-bobine-de-crible-100-m25-mm-30-mm-40-mm\/#primaryimage","url":"https:\/\/globalprix.com\/wp-content\/uploads\/2022\/09\/BETA-1.png","contentUrl":"https:\/\/globalprix.com\/wp-content\/uploads\/2022\/09\/BETA-1.png","width":1024,"height":1024},{"@type":"BreadcrumbList","@id":"https:\/\/globalprix.com\/fr\/produit\/betafor-revetement-du-bord-de-la-bobine-de-crible-100-m25-mm-30-mm-40-mm\/#breadcrumb","itemListElement":[{"@type":"ListItem","position":1,"name":"Portada","item":"https:\/\/globalprix.com\/en\/"},{"@type":"ListItem","position":2,"name":"Boutique","item":"https:\/\/globalprix.com\/fr\/boutique\/"},{"@type":"ListItem","position":3,"name":"B\u00caTAPour couvrir le bord de l\u2019\u00e9cran de s\u00e9rigraphie &#8211; bobine de 100 m25 mm \/ 30 mm \/ 40 mm"}]},{"@type":"WebSite","@id":"https:\/\/globalprix.com\/#website","url":"https:\/\/globalprix.com\/","name":"Globalprix","description":"Tienda online para Serigraf\u00eda","publisher":{"@id":"https:\/\/globalprix.com\/#organization"},"alternateName":"Tienda online de serigraf\u00eda","potentialAction":[{"@type":"SearchAction","target":{"@type":"EntryPoint","urlTemplate":"https:\/\/globalprix.com\/?s={search_term_string}"},"query-input":{"@type":"PropertyValueSpecification","valueRequired":true,"valueName":"search_term_string"}}],"inLanguage":"fr-FR"},{"@type":"Organization","@id":"https:\/\/globalprix.com\/#organization","name":"Global Managing","alternateName":"Globalprix","url":"https:\/\/globalprix.com\/","logo":{"@type":"ImageObject","inLanguage":"fr-FR","@id":"https:\/\/globalprix.com\/#\/schema\/logo\/image\/","url":"https:\/\/globalprix.com\/wp-content\/uploads\/2023\/03\/logo-globalprix.jpg","contentUrl":"https:\/\/globalprix.com\/wp-content\/uploads\/2023\/03\/logo-globalprix.jpg","width":595,"height":202,"caption":"Global Managing"},"image":{"@id":"https:\/\/globalprix.com\/#\/schema\/logo\/image\/"}}]}},"_links":{"self":[{"href":"https:\/\/globalprix.com\/fr\/wp-json\/wp\/v2\/product\/23261","targetHints":{"allow":["GET"]}}],"collection":[{"href":"https:\/\/globalprix.com\/fr\/wp-json\/wp\/v2\/product"}],"about":[{"href":"https:\/\/globalprix.com\/fr\/wp-json\/wp\/v2\/types\/product"}],"replies":[{"embeddable":true,"href":"https:\/\/globalprix.com\/fr\/wp-json\/wp\/v2\/comments?post=23261"}],"version-history":[{"count":0,"href":"https:\/\/globalprix.com\/fr\/wp-json\/wp\/v2\/product\/23261\/revisions"}],"wp:featuredmedia":[{"embeddable":true,"href":"https:\/\/globalprix.com\/fr\/wp-json\/wp\/v2\/media\/36639"}],"wp:attachment":[{"href":"https:\/\/globalprix.com\/fr\/wp-json\/wp\/v2\/media?parent=23261"}],"wp:term":[{"taxonomy":"product_brand","embeddable":true,"href":"https:\/\/globalprix.com\/fr\/wp-json\/wp\/v2\/product_brand?post=23261"},{"taxonomy":"product_cat","embeddable":true,"href":"https:\/\/globalprix.com\/fr\/wp-json\/wp\/v2\/product_cat?post=23261"},{"taxonomy":"product_tag","embeddable":true,"href":"https:\/\/globalprix.com\/fr\/wp-json\/wp\/v2\/product_tag?post=23261"}],"curies":[{"name":"wp","href":"https:\/\/api.w.org\/{rel}","templated":true}]}}