{"id":23283,"date":"2022-09-05T08:26:30","date_gmt":"2022-09-05T06:26:30","guid":{"rendered":"https:\/\/globalprix.com\/producto\/multitronic-1-kg-dual-emulsion-polymere\/"},"modified":"2024-02-20T16:37:28","modified_gmt":"2024-02-20T15:37:28","slug":"multitronic-emulsion-dual-polymer1-kg","status":"publish","type":"product","link":"https:\/\/globalprix.com\/fr\/produit\/multitronic-emulsion-dual-polymer1-kg\/","title":{"rendered":"MULTITRONIC<br>  Double \u00e9mulsion de polym\u00e8re<br>Conteneur de 1 kg"},"content":{"rendered":"<p>Si l\u2019article est en rupture de stock, merci de nous contacter pour d\u00e9finir un d\u00e9lai de livraison en info@globalprix.com<\/p>\n","protected":false},"excerpt":{"rendered":"<p>\u00c9mulsion d\u2019exposition moyenne\/\u00e9lev\u00e9e, r\u00e9sistante \u00e0 tout type de solvant et aussi \u00e0 l\u2019alcool.<br \/>\nDe couleur bleue et \u00e0 tr\u00e8s faible viscosit\u00e9.<br \/>\nConvient \u00e0 la fabrication d\u2019\u00e9crans de s\u00e9rigraphie pour l\u2019industrie micro\u00e9lectronique, en particulier lorsque l\u2019utilisation de solvants tr\u00e8s agressifs ou d\u2019alcool est n\u00e9cessaire.<\/p>\n","protected":false},"featured_media":5425,"comment_status":"open","ping_status":"closed","template":"","meta":[],"product_brand":[],"product_cat":[576,613,2798,2683],"product_tag":[],"class_list":{"0":"post-23283","1":"product","2":"type-product","3":"status-publish","4":"has-post-thumbnail","6":"product_cat-pantallas-serigraficas-fr","7":"product_cat-emulsion-fr","8":"product_cat-emulsions-avec-diazo","9":"product_cat-serigraphie","11":"first","12":"instock","13":"taxable","14":"shipping-taxable","15":"purchasable","16":"product-type-simple"},"yoast_head":"<!-- This site is optimized with the Yoast SEO plugin v27.3 - https:\/\/yoast.com\/product\/yoast-seo-wordpress\/ -->\n<title>MULTITRONIC Double \u00e9mulsion de polym\u00e8reConteneur de 1 kg | Globalprix.com<\/title>\n<meta name=\"robots\" content=\"index, follow, max-snippet:-1, max-image-preview:large, max-video-preview:-1\" \/>\n<link rel=\"canonical\" href=\"https:\/\/globalprix.com\/fr\/produit\/multitronic-emulsion-dual-polymer1-kg\/\" \/>\n<meta property=\"og:locale\" content=\"fr_FR\" \/>\n<meta property=\"og:type\" content=\"article\" \/>\n<meta property=\"og:title\" content=\"MULTITRONIC Double \u00e9mulsion de polym\u00e8reConteneur de 1 kg | Globalprix.com\" \/>\n<meta property=\"og:description\" content=\"\u00c9mulsion d\u2019exposition moyenne\/\u00e9lev\u00e9e, r\u00e9sistante \u00e0 tout type de solvant et aussi \u00e0 l\u2019alcool. De couleur bleue et \u00e0 tr\u00e8s faible viscosit\u00e9. Convient \u00e0 la fabrication d\u2019\u00e9crans de s\u00e9rigraphie pour l\u2019industrie micro\u00e9lectronique, en particulier lorsque l\u2019utilisation de solvants tr\u00e8s agressifs ou d\u2019alcool est n\u00e9cessaire.\" \/>\n<meta property=\"og:url\" content=\"https:\/\/globalprix.com\/fr\/produit\/multitronic-emulsion-dual-polymer1-kg\/\" \/>\n<meta property=\"og:site_name\" content=\"Globalprix.com\" \/>\n<meta property=\"article:modified_time\" content=\"2024-02-20T15:37:28+00:00\" \/>\n<meta property=\"og:image\" content=\"https:\/\/globalprix.com\/wp-content\/uploads\/2021\/05\/multitronic-1kg.jpg\" \/>\n\t<meta property=\"og:image:width\" content=\"2047\" \/>\n\t<meta property=\"og:image:height\" content=\"2047\" \/>\n\t<meta property=\"og:image:type\" content=\"image\/jpeg\" \/>\n<meta name=\"twitter:card\" content=\"summary_large_image\" \/>\n<script type=\"application\/ld+json\" class=\"yoast-schema-graph\">{\"@context\":\"https:\\\/\\\/schema.org\",\"@graph\":[{\"@type\":\"WebPage\",\"@id\":\"https:\\\/\\\/globalprix.com\\\/fr\\\/produit\\\/multitronic-emulsion-dual-polymer1-kg\\\/\",\"url\":\"https:\\\/\\\/globalprix.com\\\/fr\\\/produit\\\/multitronic-emulsion-dual-polymer1-kg\\\/\",\"name\":\"MULTITRONIC Double \u00e9mulsion de polym\u00e8re Conteneur de 1 kg | Globalprix.com\",\"isPartOf\":{\"@id\":\"https:\\\/\\\/globalprix.com\\\/#website\"},\"primaryImageOfPage\":{\"@id\":\"https:\\\/\\\/globalprix.com\\\/fr\\\/produit\\\/multitronic-emulsion-dual-polymer1-kg\\\/#primaryimage\"},\"image\":{\"@id\":\"https:\\\/\\\/globalprix.com\\\/fr\\\/produit\\\/multitronic-emulsion-dual-polymer1-kg\\\/#primaryimage\"},\"thumbnailUrl\":\"https:\\\/\\\/globalprix.com\\\/wp-content\\\/uploads\\\/2021\\\/05\\\/multitronic-1kg.jpg\",\"datePublished\":\"2022-09-05T06:26:30+00:00\",\"dateModified\":\"2024-02-20T15:37:28+00:00\",\"breadcrumb\":{\"@id\":\"https:\\\/\\\/globalprix.com\\\/fr\\\/produit\\\/multitronic-emulsion-dual-polymer1-kg\\\/#breadcrumb\"},\"inLanguage\":\"fr-FR\",\"potentialAction\":[{\"@type\":\"ReadAction\",\"target\":[\"https:\\\/\\\/globalprix.com\\\/fr\\\/produit\\\/multitronic-emulsion-dual-polymer1-kg\\\/\"]}]},{\"@type\":\"ImageObject\",\"inLanguage\":\"fr-FR\",\"@id\":\"https:\\\/\\\/globalprix.com\\\/fr\\\/produit\\\/multitronic-emulsion-dual-polymer1-kg\\\/#primaryimage\",\"url\":\"https:\\\/\\\/globalprix.com\\\/wp-content\\\/uploads\\\/2021\\\/05\\\/multitronic-1kg.jpg\",\"contentUrl\":\"https:\\\/\\\/globalprix.com\\\/wp-content\\\/uploads\\\/2021\\\/05\\\/multitronic-1kg.jpg\",\"width\":2047,\"height\":2047},{\"@type\":\"BreadcrumbList\",\"@id\":\"https:\\\/\\\/globalprix.com\\\/fr\\\/produit\\\/multitronic-emulsion-dual-polymer1-kg\\\/#breadcrumb\",\"itemListElement\":[{\"@type\":\"ListItem\",\"position\":1,\"name\":\"Portada\",\"item\":\"https:\\\/\\\/globalprix.com\\\/en\\\/\"},{\"@type\":\"ListItem\",\"position\":2,\"name\":\"Boutique\",\"item\":\"https:\\\/\\\/globalprix.com\\\/fr\\\/boutique\\\/\"},{\"@type\":\"ListItem\",\"position\":3,\"name\":\"MULTITRONIC Double \u00e9mulsion de polym\u00e8reConteneur de 1 kg\"}]},{\"@type\":\"WebSite\",\"@id\":\"https:\\\/\\\/globalprix.com\\\/#website\",\"url\":\"https:\\\/\\\/globalprix.com\\\/\",\"name\":\"Globalprix\",\"description\":\"Tienda online para Serigraf\u00eda\",\"publisher\":{\"@id\":\"https:\\\/\\\/globalprix.com\\\/#organization\"},\"alternateName\":\"Tienda online de serigraf\u00eda\",\"potentialAction\":[{\"@type\":\"SearchAction\",\"target\":{\"@type\":\"EntryPoint\",\"urlTemplate\":\"https:\\\/\\\/globalprix.com\\\/?s={search_term_string}\"},\"query-input\":{\"@type\":\"PropertyValueSpecification\",\"valueRequired\":true,\"valueName\":\"search_term_string\"}}],\"inLanguage\":\"fr-FR\"},{\"@type\":\"Organization\",\"@id\":\"https:\\\/\\\/globalprix.com\\\/#organization\",\"name\":\"Global Managing\",\"alternateName\":\"Globalprix\",\"url\":\"https:\\\/\\\/globalprix.com\\\/\",\"logo\":{\"@type\":\"ImageObject\",\"inLanguage\":\"fr-FR\",\"@id\":\"https:\\\/\\\/globalprix.com\\\/#\\\/schema\\\/logo\\\/image\\\/\",\"url\":\"https:\\\/\\\/globalprix.com\\\/wp-content\\\/uploads\\\/2023\\\/03\\\/logo-globalprix.jpg\",\"contentUrl\":\"https:\\\/\\\/globalprix.com\\\/wp-content\\\/uploads\\\/2023\\\/03\\\/logo-globalprix.jpg\",\"width\":595,\"height\":202,\"caption\":\"Global Managing\"},\"image\":{\"@id\":\"https:\\\/\\\/globalprix.com\\\/#\\\/schema\\\/logo\\\/image\\\/\"}}]}<\/script>\n<!-- \/ Yoast SEO plugin. -->","yoast_head_json":{"title":"MULTITRONIC Double \u00e9mulsion de polym\u00e8reConteneur de 1 kg | Globalprix.com","robots":{"index":"index","follow":"follow","max-snippet":"max-snippet:-1","max-image-preview":"max-image-preview:large","max-video-preview":"max-video-preview:-1"},"canonical":"https:\/\/globalprix.com\/fr\/produit\/multitronic-emulsion-dual-polymer1-kg\/","og_locale":"fr_FR","og_type":"article","og_title":"MULTITRONIC Double \u00e9mulsion de polym\u00e8reConteneur de 1 kg | Globalprix.com","og_description":"\u00c9mulsion d\u2019exposition moyenne\/\u00e9lev\u00e9e, r\u00e9sistante \u00e0 tout type de solvant et aussi \u00e0 l\u2019alcool. De couleur bleue et \u00e0 tr\u00e8s faible viscosit\u00e9. Convient \u00e0 la fabrication d\u2019\u00e9crans de s\u00e9rigraphie pour l\u2019industrie micro\u00e9lectronique, en particulier lorsque l\u2019utilisation de solvants tr\u00e8s agressifs ou d\u2019alcool est n\u00e9cessaire.","og_url":"https:\/\/globalprix.com\/fr\/produit\/multitronic-emulsion-dual-polymer1-kg\/","og_site_name":"Globalprix.com","article_modified_time":"2024-02-20T15:37:28+00:00","og_image":[{"width":2047,"height":2047,"url":"https:\/\/globalprix.com\/wp-content\/uploads\/2021\/05\/multitronic-1kg.jpg","type":"image\/jpeg"}],"twitter_card":"summary_large_image","schema":{"@context":"https:\/\/schema.org","@graph":[{"@type":"WebPage","@id":"https:\/\/globalprix.com\/fr\/produit\/multitronic-emulsion-dual-polymer1-kg\/","url":"https:\/\/globalprix.com\/fr\/produit\/multitronic-emulsion-dual-polymer1-kg\/","name":"MULTITRONIC Double \u00e9mulsion de polym\u00e8re Conteneur de 1 kg | Globalprix.com","isPartOf":{"@id":"https:\/\/globalprix.com\/#website"},"primaryImageOfPage":{"@id":"https:\/\/globalprix.com\/fr\/produit\/multitronic-emulsion-dual-polymer1-kg\/#primaryimage"},"image":{"@id":"https:\/\/globalprix.com\/fr\/produit\/multitronic-emulsion-dual-polymer1-kg\/#primaryimage"},"thumbnailUrl":"https:\/\/globalprix.com\/wp-content\/uploads\/2021\/05\/multitronic-1kg.jpg","datePublished":"2022-09-05T06:26:30+00:00","dateModified":"2024-02-20T15:37:28+00:00","breadcrumb":{"@id":"https:\/\/globalprix.com\/fr\/produit\/multitronic-emulsion-dual-polymer1-kg\/#breadcrumb"},"inLanguage":"fr-FR","potentialAction":[{"@type":"ReadAction","target":["https:\/\/globalprix.com\/fr\/produit\/multitronic-emulsion-dual-polymer1-kg\/"]}]},{"@type":"ImageObject","inLanguage":"fr-FR","@id":"https:\/\/globalprix.com\/fr\/produit\/multitronic-emulsion-dual-polymer1-kg\/#primaryimage","url":"https:\/\/globalprix.com\/wp-content\/uploads\/2021\/05\/multitronic-1kg.jpg","contentUrl":"https:\/\/globalprix.com\/wp-content\/uploads\/2021\/05\/multitronic-1kg.jpg","width":2047,"height":2047},{"@type":"BreadcrumbList","@id":"https:\/\/globalprix.com\/fr\/produit\/multitronic-emulsion-dual-polymer1-kg\/#breadcrumb","itemListElement":[{"@type":"ListItem","position":1,"name":"Portada","item":"https:\/\/globalprix.com\/en\/"},{"@type":"ListItem","position":2,"name":"Boutique","item":"https:\/\/globalprix.com\/fr\/boutique\/"},{"@type":"ListItem","position":3,"name":"MULTITRONIC Double \u00e9mulsion de polym\u00e8reConteneur de 1 kg"}]},{"@type":"WebSite","@id":"https:\/\/globalprix.com\/#website","url":"https:\/\/globalprix.com\/","name":"Globalprix","description":"Tienda online para Serigraf\u00eda","publisher":{"@id":"https:\/\/globalprix.com\/#organization"},"alternateName":"Tienda online de serigraf\u00eda","potentialAction":[{"@type":"SearchAction","target":{"@type":"EntryPoint","urlTemplate":"https:\/\/globalprix.com\/?s={search_term_string}"},"query-input":{"@type":"PropertyValueSpecification","valueRequired":true,"valueName":"search_term_string"}}],"inLanguage":"fr-FR"},{"@type":"Organization","@id":"https:\/\/globalprix.com\/#organization","name":"Global Managing","alternateName":"Globalprix","url":"https:\/\/globalprix.com\/","logo":{"@type":"ImageObject","inLanguage":"fr-FR","@id":"https:\/\/globalprix.com\/#\/schema\/logo\/image\/","url":"https:\/\/globalprix.com\/wp-content\/uploads\/2023\/03\/logo-globalprix.jpg","contentUrl":"https:\/\/globalprix.com\/wp-content\/uploads\/2023\/03\/logo-globalprix.jpg","width":595,"height":202,"caption":"Global Managing"},"image":{"@id":"https:\/\/globalprix.com\/#\/schema\/logo\/image\/"}}]}},"_links":{"self":[{"href":"https:\/\/globalprix.com\/fr\/wp-json\/wp\/v2\/product\/23283","targetHints":{"allow":["GET"]}}],"collection":[{"href":"https:\/\/globalprix.com\/fr\/wp-json\/wp\/v2\/product"}],"about":[{"href":"https:\/\/globalprix.com\/fr\/wp-json\/wp\/v2\/types\/product"}],"replies":[{"embeddable":true,"href":"https:\/\/globalprix.com\/fr\/wp-json\/wp\/v2\/comments?post=23283"}],"version-history":[{"count":0,"href":"https:\/\/globalprix.com\/fr\/wp-json\/wp\/v2\/product\/23283\/revisions"}],"wp:featuredmedia":[{"embeddable":true,"href":"https:\/\/globalprix.com\/fr\/wp-json\/wp\/v2\/media\/5425"}],"wp:attachment":[{"href":"https:\/\/globalprix.com\/fr\/wp-json\/wp\/v2\/media?parent=23283"}],"wp:term":[{"taxonomy":"product_brand","embeddable":true,"href":"https:\/\/globalprix.com\/fr\/wp-json\/wp\/v2\/product_brand?post=23283"},{"taxonomy":"product_cat","embeddable":true,"href":"https:\/\/globalprix.com\/fr\/wp-json\/wp\/v2\/product_cat?post=23283"},{"taxonomy":"product_tag","embeddable":true,"href":"https:\/\/globalprix.com\/fr\/wp-json\/wp\/v2\/product_tag?post=23283"}],"curies":[{"name":"wp","href":"https:\/\/api.w.org\/{rel}","templated":true}]}}