{"id":23345,"date":"2022-09-05T08:05:26","date_gmt":"2022-09-05T06:05:26","guid":{"rendered":"https:\/\/globalprix.com\/producto\/multi-d-25-25-l-solvant-universel-pour-le-nettoyage-des-ecrans-et-des-colles\/"},"modified":"2024-02-16T12:24:12","modified_gmt":"2024-02-16T11:24:12","slug":"multi-d-25solvant-universel-pour-le-nettoyage-ecrans-et-colles25-l","status":"publish","type":"product","link":"https:\/\/globalprix.com\/fr\/produit\/multi-d-25solvant-universel-pour-le-nettoyage-ecrans-et-colles25-l\/","title":{"rendered":"MULTI D-25<br>Solvant universel pour le nettoyage des \u00e9crans et des colles<br>R\u00e9cipient 25 l"},"content":{"rendered":"<p>Si l\u2019article est en rupture de stock, merci de nous contacter pour d\u00e9finir un d\u00e9lai de livraison en info@globalprix.com<\/p>\n","protected":false},"excerpt":{"rendered":"<p>Solvant de nettoyage universel destin\u00e9 au nettoyage manuel des encres en g\u00e9n\u00e9ral.<br \/>\nUtile pour nettoyer les traces d\u2019encre, \u00e0 la fois de l\u2019\u00e9cran de l\u2019\u00e9cran, ainsi que les ustensiles sales de la m\u00eame encre ou d\u2019autres agents tels que les colles adh\u00e9sives.<\/p>\n","protected":false},"featured_media":5387,"comment_status":"open","ping_status":"closed","template":"","meta":[],"product_brand":[],"product_cat":[469,448,2754,2683,609],"product_tag":[],"class_list":{"0":"post-23345","1":"product","2":"type-product","3":"status-publish","4":"has-post-thumbnail","6":"product_cat-limpieza-fr","7":"product_cat-plastisoles-fr","8":"product_cat-produits","9":"product_cat-serigraphie","10":"product_cat-disolvente-fr","12":"first","13":"instock","14":"taxable","15":"shipping-taxable","16":"purchasable","17":"product-type-simple"},"yoast_head":"<!-- This site is optimized with the Yoast SEO plugin v27.3 - https:\/\/yoast.com\/product\/yoast-seo-wordpress\/ -->\n<title>MULTI D-25Solvant universel pour le nettoyage des \u00e9crans et des collesR\u00e9cipient 25 l | Globalprix.com<\/title>\n<meta name=\"robots\" content=\"index, follow, max-snippet:-1, max-image-preview:large, max-video-preview:-1\" \/>\n<link rel=\"canonical\" href=\"https:\/\/globalprix.com\/fr\/produit\/multi-d-25solvant-universel-pour-le-nettoyage-ecrans-et-colles25-l\/\" \/>\n<meta property=\"og:locale\" content=\"fr_FR\" \/>\n<meta property=\"og:type\" content=\"article\" \/>\n<meta property=\"og:title\" content=\"MULTI D-25Solvant universel pour le nettoyage des \u00e9crans et des collesR\u00e9cipient 25 l | Globalprix.com\" \/>\n<meta property=\"og:description\" content=\"Solvant de nettoyage universel destin\u00e9 au nettoyage manuel des encres en g\u00e9n\u00e9ral. Utile pour nettoyer les traces d\u2019encre, \u00e0 la fois de l\u2019\u00e9cran de l\u2019\u00e9cran, ainsi que les ustensiles sales de la m\u00eame encre ou d\u2019autres agents tels que les colles adh\u00e9sives.\" \/>\n<meta property=\"og:url\" content=\"https:\/\/globalprix.com\/fr\/produit\/multi-d-25solvant-universel-pour-le-nettoyage-ecrans-et-colles25-l\/\" \/>\n<meta property=\"og:site_name\" content=\"Globalprix.com\" \/>\n<meta property=\"article:modified_time\" content=\"2024-02-16T11:24:12+00:00\" \/>\n<meta property=\"og:image\" content=\"https:\/\/globalprix.com\/wp-content\/uploads\/2021\/05\/multi-d-25-25ltr.jpg\" \/>\n\t<meta property=\"og:image:width\" content=\"2047\" \/>\n\t<meta property=\"og:image:height\" content=\"2047\" \/>\n\t<meta property=\"og:image:type\" content=\"image\/jpeg\" \/>\n<meta name=\"twitter:card\" content=\"summary_large_image\" \/>\n<script type=\"application\/ld+json\" class=\"yoast-schema-graph\">{\"@context\":\"https:\\\/\\\/schema.org\",\"@graph\":[{\"@type\":\"WebPage\",\"@id\":\"https:\\\/\\\/globalprix.com\\\/fr\\\/produit\\\/multi-d-25solvant-universel-pour-le-nettoyage-ecrans-et-colles25-l\\\/\",\"url\":\"https:\\\/\\\/globalprix.com\\\/fr\\\/produit\\\/multi-d-25solvant-universel-pour-le-nettoyage-ecrans-et-colles25-l\\\/\",\"name\":\"MULTI D-25 Solvant universel pour le nettoyage des \u00e9crans et des colles R\u00e9cipient 25 l | Globalprix.com\",\"isPartOf\":{\"@id\":\"https:\\\/\\\/globalprix.com\\\/#website\"},\"primaryImageOfPage\":{\"@id\":\"https:\\\/\\\/globalprix.com\\\/fr\\\/produit\\\/multi-d-25solvant-universel-pour-le-nettoyage-ecrans-et-colles25-l\\\/#primaryimage\"},\"image\":{\"@id\":\"https:\\\/\\\/globalprix.com\\\/fr\\\/produit\\\/multi-d-25solvant-universel-pour-le-nettoyage-ecrans-et-colles25-l\\\/#primaryimage\"},\"thumbnailUrl\":\"https:\\\/\\\/globalprix.com\\\/wp-content\\\/uploads\\\/2021\\\/05\\\/multi-d-25-25ltr.jpg\",\"datePublished\":\"2022-09-05T06:05:26+00:00\",\"dateModified\":\"2024-02-16T11:24:12+00:00\",\"breadcrumb\":{\"@id\":\"https:\\\/\\\/globalprix.com\\\/fr\\\/produit\\\/multi-d-25solvant-universel-pour-le-nettoyage-ecrans-et-colles25-l\\\/#breadcrumb\"},\"inLanguage\":\"fr-FR\",\"potentialAction\":[{\"@type\":\"ReadAction\",\"target\":[\"https:\\\/\\\/globalprix.com\\\/fr\\\/produit\\\/multi-d-25solvant-universel-pour-le-nettoyage-ecrans-et-colles25-l\\\/\"]}]},{\"@type\":\"ImageObject\",\"inLanguage\":\"fr-FR\",\"@id\":\"https:\\\/\\\/globalprix.com\\\/fr\\\/produit\\\/multi-d-25solvant-universel-pour-le-nettoyage-ecrans-et-colles25-l\\\/#primaryimage\",\"url\":\"https:\\\/\\\/globalprix.com\\\/wp-content\\\/uploads\\\/2021\\\/05\\\/multi-d-25-25ltr.jpg\",\"contentUrl\":\"https:\\\/\\\/globalprix.com\\\/wp-content\\\/uploads\\\/2021\\\/05\\\/multi-d-25-25ltr.jpg\",\"width\":2047,\"height\":2047},{\"@type\":\"BreadcrumbList\",\"@id\":\"https:\\\/\\\/globalprix.com\\\/fr\\\/produit\\\/multi-d-25solvant-universel-pour-le-nettoyage-ecrans-et-colles25-l\\\/#breadcrumb\",\"itemListElement\":[{\"@type\":\"ListItem\",\"position\":1,\"name\":\"Portada\",\"item\":\"https:\\\/\\\/globalprix.com\\\/en\\\/\"},{\"@type\":\"ListItem\",\"position\":2,\"name\":\"Boutique\",\"item\":\"https:\\\/\\\/globalprix.com\\\/fr\\\/boutique\\\/\"},{\"@type\":\"ListItem\",\"position\":3,\"name\":\"MULTI D-25Solvant universel pour le nettoyage des \u00e9crans et des collesR\u00e9cipient 25 l\"}]},{\"@type\":\"WebSite\",\"@id\":\"https:\\\/\\\/globalprix.com\\\/#website\",\"url\":\"https:\\\/\\\/globalprix.com\\\/\",\"name\":\"Globalprix\",\"description\":\"Tienda online para Serigraf\u00eda\",\"publisher\":{\"@id\":\"https:\\\/\\\/globalprix.com\\\/#organization\"},\"alternateName\":\"Tienda online de serigraf\u00eda\",\"potentialAction\":[{\"@type\":\"SearchAction\",\"target\":{\"@type\":\"EntryPoint\",\"urlTemplate\":\"https:\\\/\\\/globalprix.com\\\/?s={search_term_string}\"},\"query-input\":{\"@type\":\"PropertyValueSpecification\",\"valueRequired\":true,\"valueName\":\"search_term_string\"}}],\"inLanguage\":\"fr-FR\"},{\"@type\":\"Organization\",\"@id\":\"https:\\\/\\\/globalprix.com\\\/#organization\",\"name\":\"Global Managing\",\"alternateName\":\"Globalprix\",\"url\":\"https:\\\/\\\/globalprix.com\\\/\",\"logo\":{\"@type\":\"ImageObject\",\"inLanguage\":\"fr-FR\",\"@id\":\"https:\\\/\\\/globalprix.com\\\/#\\\/schema\\\/logo\\\/image\\\/\",\"url\":\"https:\\\/\\\/globalprix.com\\\/wp-content\\\/uploads\\\/2023\\\/03\\\/logo-globalprix.jpg\",\"contentUrl\":\"https:\\\/\\\/globalprix.com\\\/wp-content\\\/uploads\\\/2023\\\/03\\\/logo-globalprix.jpg\",\"width\":595,\"height\":202,\"caption\":\"Global Managing\"},\"image\":{\"@id\":\"https:\\\/\\\/globalprix.com\\\/#\\\/schema\\\/logo\\\/image\\\/\"}}]}<\/script>\n<!-- \/ Yoast SEO plugin. -->","yoast_head_json":{"title":"MULTI D-25Solvant universel pour le nettoyage des \u00e9crans et des collesR\u00e9cipient 25 l | Globalprix.com","robots":{"index":"index","follow":"follow","max-snippet":"max-snippet:-1","max-image-preview":"max-image-preview:large","max-video-preview":"max-video-preview:-1"},"canonical":"https:\/\/globalprix.com\/fr\/produit\/multi-d-25solvant-universel-pour-le-nettoyage-ecrans-et-colles25-l\/","og_locale":"fr_FR","og_type":"article","og_title":"MULTI D-25Solvant universel pour le nettoyage des \u00e9crans et des collesR\u00e9cipient 25 l | Globalprix.com","og_description":"Solvant de nettoyage universel destin\u00e9 au nettoyage manuel des encres en g\u00e9n\u00e9ral. Utile pour nettoyer les traces d\u2019encre, \u00e0 la fois de l\u2019\u00e9cran de l\u2019\u00e9cran, ainsi que les ustensiles sales de la m\u00eame encre ou d\u2019autres agents tels que les colles adh\u00e9sives.","og_url":"https:\/\/globalprix.com\/fr\/produit\/multi-d-25solvant-universel-pour-le-nettoyage-ecrans-et-colles25-l\/","og_site_name":"Globalprix.com","article_modified_time":"2024-02-16T11:24:12+00:00","og_image":[{"width":2047,"height":2047,"url":"https:\/\/globalprix.com\/wp-content\/uploads\/2021\/05\/multi-d-25-25ltr.jpg","type":"image\/jpeg"}],"twitter_card":"summary_large_image","schema":{"@context":"https:\/\/schema.org","@graph":[{"@type":"WebPage","@id":"https:\/\/globalprix.com\/fr\/produit\/multi-d-25solvant-universel-pour-le-nettoyage-ecrans-et-colles25-l\/","url":"https:\/\/globalprix.com\/fr\/produit\/multi-d-25solvant-universel-pour-le-nettoyage-ecrans-et-colles25-l\/","name":"MULTI D-25 Solvant universel pour le nettoyage des \u00e9crans et des colles R\u00e9cipient 25 l | Globalprix.com","isPartOf":{"@id":"https:\/\/globalprix.com\/#website"},"primaryImageOfPage":{"@id":"https:\/\/globalprix.com\/fr\/produit\/multi-d-25solvant-universel-pour-le-nettoyage-ecrans-et-colles25-l\/#primaryimage"},"image":{"@id":"https:\/\/globalprix.com\/fr\/produit\/multi-d-25solvant-universel-pour-le-nettoyage-ecrans-et-colles25-l\/#primaryimage"},"thumbnailUrl":"https:\/\/globalprix.com\/wp-content\/uploads\/2021\/05\/multi-d-25-25ltr.jpg","datePublished":"2022-09-05T06:05:26+00:00","dateModified":"2024-02-16T11:24:12+00:00","breadcrumb":{"@id":"https:\/\/globalprix.com\/fr\/produit\/multi-d-25solvant-universel-pour-le-nettoyage-ecrans-et-colles25-l\/#breadcrumb"},"inLanguage":"fr-FR","potentialAction":[{"@type":"ReadAction","target":["https:\/\/globalprix.com\/fr\/produit\/multi-d-25solvant-universel-pour-le-nettoyage-ecrans-et-colles25-l\/"]}]},{"@type":"ImageObject","inLanguage":"fr-FR","@id":"https:\/\/globalprix.com\/fr\/produit\/multi-d-25solvant-universel-pour-le-nettoyage-ecrans-et-colles25-l\/#primaryimage","url":"https:\/\/globalprix.com\/wp-content\/uploads\/2021\/05\/multi-d-25-25ltr.jpg","contentUrl":"https:\/\/globalprix.com\/wp-content\/uploads\/2021\/05\/multi-d-25-25ltr.jpg","width":2047,"height":2047},{"@type":"BreadcrumbList","@id":"https:\/\/globalprix.com\/fr\/produit\/multi-d-25solvant-universel-pour-le-nettoyage-ecrans-et-colles25-l\/#breadcrumb","itemListElement":[{"@type":"ListItem","position":1,"name":"Portada","item":"https:\/\/globalprix.com\/en\/"},{"@type":"ListItem","position":2,"name":"Boutique","item":"https:\/\/globalprix.com\/fr\/boutique\/"},{"@type":"ListItem","position":3,"name":"MULTI D-25Solvant universel pour le nettoyage des \u00e9crans et des collesR\u00e9cipient 25 l"}]},{"@type":"WebSite","@id":"https:\/\/globalprix.com\/#website","url":"https:\/\/globalprix.com\/","name":"Globalprix","description":"Tienda online para Serigraf\u00eda","publisher":{"@id":"https:\/\/globalprix.com\/#organization"},"alternateName":"Tienda online de serigraf\u00eda","potentialAction":[{"@type":"SearchAction","target":{"@type":"EntryPoint","urlTemplate":"https:\/\/globalprix.com\/?s={search_term_string}"},"query-input":{"@type":"PropertyValueSpecification","valueRequired":true,"valueName":"search_term_string"}}],"inLanguage":"fr-FR"},{"@type":"Organization","@id":"https:\/\/globalprix.com\/#organization","name":"Global Managing","alternateName":"Globalprix","url":"https:\/\/globalprix.com\/","logo":{"@type":"ImageObject","inLanguage":"fr-FR","@id":"https:\/\/globalprix.com\/#\/schema\/logo\/image\/","url":"https:\/\/globalprix.com\/wp-content\/uploads\/2023\/03\/logo-globalprix.jpg","contentUrl":"https:\/\/globalprix.com\/wp-content\/uploads\/2023\/03\/logo-globalprix.jpg","width":595,"height":202,"caption":"Global Managing"},"image":{"@id":"https:\/\/globalprix.com\/#\/schema\/logo\/image\/"}}]}},"_links":{"self":[{"href":"https:\/\/globalprix.com\/fr\/wp-json\/wp\/v2\/product\/23345","targetHints":{"allow":["GET"]}}],"collection":[{"href":"https:\/\/globalprix.com\/fr\/wp-json\/wp\/v2\/product"}],"about":[{"href":"https:\/\/globalprix.com\/fr\/wp-json\/wp\/v2\/types\/product"}],"replies":[{"embeddable":true,"href":"https:\/\/globalprix.com\/fr\/wp-json\/wp\/v2\/comments?post=23345"}],"version-history":[{"count":0,"href":"https:\/\/globalprix.com\/fr\/wp-json\/wp\/v2\/product\/23345\/revisions"}],"wp:featuredmedia":[{"embeddable":true,"href":"https:\/\/globalprix.com\/fr\/wp-json\/wp\/v2\/media\/5387"}],"wp:attachment":[{"href":"https:\/\/globalprix.com\/fr\/wp-json\/wp\/v2\/media?parent=23345"}],"wp:term":[{"taxonomy":"product_brand","embeddable":true,"href":"https:\/\/globalprix.com\/fr\/wp-json\/wp\/v2\/product_brand?post=23345"},{"taxonomy":"product_cat","embeddable":true,"href":"https:\/\/globalprix.com\/fr\/wp-json\/wp\/v2\/product_cat?post=23345"},{"taxonomy":"product_tag","embeddable":true,"href":"https:\/\/globalprix.com\/fr\/wp-json\/wp\/v2\/product_tag?post=23345"}],"curies":[{"name":"wp","href":"https:\/\/api.w.org\/{rel}","templated":true}]}}