{"id":23353,"date":"2022-09-05T08:01:04","date_gmt":"2022-09-05T06:01:04","guid":{"rendered":"https:\/\/globalprix.com\/producto\/ecopastapol-pate-de-recuperation-decran\/"},"modified":"2024-02-14T09:15:49","modified_gmt":"2024-02-14T08:15:49","slug":"ecopastapol-screen-recovery-in-paste1-l-5-l","status":"publish","type":"product","link":"https:\/\/globalprix.com\/fr\/produit\/ecopastapol-screen-recovery-in-paste1-l-5-l\/","title":{"rendered":"\u00c9COPASTAPOL<br>  P\u00e2te de r\u00e9cup\u00e9ration d\u2019\u00e9cran<br>1 l \/ 5 l"},"content":{"rendered":"<p>S\u2019il n\u2019y a pas de stock de l\u2019article dans l\u2019une de ses variantes, contactez-nous pour d\u00e9finir un d\u00e9lai de livraison en info@globalprix.com<\/p>\n","protected":false},"excerpt":{"rendered":"<p>Gel de r\u00e9action alcaline \u00e0 base de solvant (biod\u00e9gradable) pour le nettoyage des \u00e9crans de criblage. Avec son point d\u2019\u00e9clair de 74\u00baC utilisable dans les machines \u00e0 moteur. Il est utilis\u00e9 apr\u00e8s r\u00e9cup\u00e9ration de l\u2019\u00e9mulsion des \u00e9crans de s\u00e9rigraphie pour \u00e9liminer les r\u00e9sidus d\u2019images fant\u00f4mes dus aux r\u00e9sidus d\u2019encre ou aux m\u00e9langes d\u2019encres avec des r\u00e9sidus d\u2019\u00e9mulsion, que ce soit dans les tissus en polyester, en polyamide ou en acier inoxydable.<\/p>\n","protected":false},"featured_media":5241,"comment_status":"open","ping_status":"closed","template":"","meta":[],"product_brand":[],"product_cat":[2754,2683,609],"product_tag":[],"class_list":{"0":"post-23353","1":"product","2":"type-product","3":"status-publish","4":"has-post-thumbnail","6":"product_cat-produits","7":"product_cat-serigraphie","8":"product_cat-disolvente-fr","10":"first","11":"instock","12":"taxable","13":"shipping-taxable","14":"purchasable","15":"product-type-variable"},"yoast_head":"<!-- This site is optimized with the Yoast SEO plugin v27.3 - https:\/\/yoast.com\/product\/yoast-seo-wordpress\/ -->\n<title>\u00c9COPASTAPOL P\u00e2te de r\u00e9cup\u00e9ration d\u2019\u00e9cran1 l \/ 5 l | Globalprix.com<\/title>\n<meta name=\"robots\" content=\"index, follow, max-snippet:-1, max-image-preview:large, max-video-preview:-1\" \/>\n<link rel=\"canonical\" href=\"https:\/\/globalprix.com\/fr\/produit\/ecopastapol-screen-recovery-in-paste1-l-5-l\/\" \/>\n<meta property=\"og:locale\" content=\"fr_FR\" \/>\n<meta property=\"og:type\" content=\"article\" \/>\n<meta property=\"og:title\" content=\"\u00c9COPASTAPOL P\u00e2te de r\u00e9cup\u00e9ration d\u2019\u00e9cran1 l \/ 5 l | Globalprix.com\" \/>\n<meta property=\"og:description\" content=\"Gel de r\u00e9action alcaline \u00e0 base de solvant (biod\u00e9gradable) pour le nettoyage des \u00e9crans de criblage. Avec son point d\u2019\u00e9clair de 74\u00baC utilisable dans les machines \u00e0 moteur. Il est utilis\u00e9 apr\u00e8s r\u00e9cup\u00e9ration de l\u2019\u00e9mulsion des \u00e9crans de s\u00e9rigraphie pour \u00e9liminer les r\u00e9sidus d\u2019images fant\u00f4mes dus aux r\u00e9sidus d\u2019encre ou aux m\u00e9langes d\u2019encres avec des r\u00e9sidus d\u2019\u00e9mulsion, que ce soit dans les tissus en polyester, en polyamide ou en acier inoxydable.\" \/>\n<meta property=\"og:url\" content=\"https:\/\/globalprix.com\/fr\/produit\/ecopastapol-screen-recovery-in-paste1-l-5-l\/\" \/>\n<meta property=\"og:site_name\" content=\"Globalprix.com\" \/>\n<meta property=\"article:modified_time\" content=\"2024-02-14T08:15:49+00:00\" \/>\n<meta property=\"og:image\" content=\"https:\/\/globalprix.com\/wp-content\/uploads\/2021\/05\/ecopastapol-5ltr.jpg\" \/>\n\t<meta property=\"og:image:width\" content=\"2047\" \/>\n\t<meta property=\"og:image:height\" content=\"2047\" \/>\n\t<meta property=\"og:image:type\" content=\"image\/jpeg\" \/>\n<meta name=\"twitter:card\" content=\"summary_large_image\" \/>\n<script type=\"application\/ld+json\" class=\"yoast-schema-graph\">{\"@context\":\"https:\\\/\\\/schema.org\",\"@graph\":[{\"@type\":\"WebPage\",\"@id\":\"https:\\\/\\\/globalprix.com\\\/fr\\\/produit\\\/ecopastapol-screen-recovery-in-paste1-l-5-l\\\/\",\"url\":\"https:\\\/\\\/globalprix.com\\\/fr\\\/produit\\\/ecopastapol-screen-recovery-in-paste1-l-5-l\\\/\",\"name\":\"\u00c9COPASTAPOL P\u00e2te de r\u00e9cup\u00e9ration d\u2019\u00e9cran 1 l \\\/ 5 l | Globalprix.com\",\"isPartOf\":{\"@id\":\"https:\\\/\\\/globalprix.com\\\/#website\"},\"primaryImageOfPage\":{\"@id\":\"https:\\\/\\\/globalprix.com\\\/fr\\\/produit\\\/ecopastapol-screen-recovery-in-paste1-l-5-l\\\/#primaryimage\"},\"image\":{\"@id\":\"https:\\\/\\\/globalprix.com\\\/fr\\\/produit\\\/ecopastapol-screen-recovery-in-paste1-l-5-l\\\/#primaryimage\"},\"thumbnailUrl\":\"https:\\\/\\\/globalprix.com\\\/wp-content\\\/uploads\\\/2021\\\/05\\\/ecopastapol-5ltr.jpg\",\"datePublished\":\"2022-09-05T06:01:04+00:00\",\"dateModified\":\"2024-02-14T08:15:49+00:00\",\"breadcrumb\":{\"@id\":\"https:\\\/\\\/globalprix.com\\\/fr\\\/produit\\\/ecopastapol-screen-recovery-in-paste1-l-5-l\\\/#breadcrumb\"},\"inLanguage\":\"fr-FR\",\"potentialAction\":[{\"@type\":\"ReadAction\",\"target\":[\"https:\\\/\\\/globalprix.com\\\/fr\\\/produit\\\/ecopastapol-screen-recovery-in-paste1-l-5-l\\\/\"]}]},{\"@type\":\"ImageObject\",\"inLanguage\":\"fr-FR\",\"@id\":\"https:\\\/\\\/globalprix.com\\\/fr\\\/produit\\\/ecopastapol-screen-recovery-in-paste1-l-5-l\\\/#primaryimage\",\"url\":\"https:\\\/\\\/globalprix.com\\\/wp-content\\\/uploads\\\/2021\\\/05\\\/ecopastapol-5ltr.jpg\",\"contentUrl\":\"https:\\\/\\\/globalprix.com\\\/wp-content\\\/uploads\\\/2021\\\/05\\\/ecopastapol-5ltr.jpg\",\"width\":2047,\"height\":2047},{\"@type\":\"BreadcrumbList\",\"@id\":\"https:\\\/\\\/globalprix.com\\\/fr\\\/produit\\\/ecopastapol-screen-recovery-in-paste1-l-5-l\\\/#breadcrumb\",\"itemListElement\":[{\"@type\":\"ListItem\",\"position\":1,\"name\":\"Portada\",\"item\":\"https:\\\/\\\/globalprix.com\\\/en\\\/\"},{\"@type\":\"ListItem\",\"position\":2,\"name\":\"Boutique\",\"item\":\"https:\\\/\\\/globalprix.com\\\/fr\\\/boutique\\\/\"},{\"@type\":\"ListItem\",\"position\":3,\"name\":\"\u00c9COPASTAPOL P\u00e2te de r\u00e9cup\u00e9ration d\u2019\u00e9cran1 l \\\/ 5 l\"}]},{\"@type\":\"WebSite\",\"@id\":\"https:\\\/\\\/globalprix.com\\\/#website\",\"url\":\"https:\\\/\\\/globalprix.com\\\/\",\"name\":\"Globalprix\",\"description\":\"Tienda online para Serigraf\u00eda\",\"publisher\":{\"@id\":\"https:\\\/\\\/globalprix.com\\\/#organization\"},\"alternateName\":\"Tienda online de serigraf\u00eda\",\"potentialAction\":[{\"@type\":\"SearchAction\",\"target\":{\"@type\":\"EntryPoint\",\"urlTemplate\":\"https:\\\/\\\/globalprix.com\\\/?s={search_term_string}\"},\"query-input\":{\"@type\":\"PropertyValueSpecification\",\"valueRequired\":true,\"valueName\":\"search_term_string\"}}],\"inLanguage\":\"fr-FR\"},{\"@type\":\"Organization\",\"@id\":\"https:\\\/\\\/globalprix.com\\\/#organization\",\"name\":\"Global Managing\",\"alternateName\":\"Globalprix\",\"url\":\"https:\\\/\\\/globalprix.com\\\/\",\"logo\":{\"@type\":\"ImageObject\",\"inLanguage\":\"fr-FR\",\"@id\":\"https:\\\/\\\/globalprix.com\\\/#\\\/schema\\\/logo\\\/image\\\/\",\"url\":\"https:\\\/\\\/globalprix.com\\\/wp-content\\\/uploads\\\/2023\\\/03\\\/logo-globalprix.jpg\",\"contentUrl\":\"https:\\\/\\\/globalprix.com\\\/wp-content\\\/uploads\\\/2023\\\/03\\\/logo-globalprix.jpg\",\"width\":595,\"height\":202,\"caption\":\"Global Managing\"},\"image\":{\"@id\":\"https:\\\/\\\/globalprix.com\\\/#\\\/schema\\\/logo\\\/image\\\/\"}}]}<\/script>\n<!-- \/ Yoast SEO plugin. -->","yoast_head_json":{"title":"\u00c9COPASTAPOL P\u00e2te de r\u00e9cup\u00e9ration d\u2019\u00e9cran1 l \/ 5 l | Globalprix.com","robots":{"index":"index","follow":"follow","max-snippet":"max-snippet:-1","max-image-preview":"max-image-preview:large","max-video-preview":"max-video-preview:-1"},"canonical":"https:\/\/globalprix.com\/fr\/produit\/ecopastapol-screen-recovery-in-paste1-l-5-l\/","og_locale":"fr_FR","og_type":"article","og_title":"\u00c9COPASTAPOL P\u00e2te de r\u00e9cup\u00e9ration d\u2019\u00e9cran1 l \/ 5 l | Globalprix.com","og_description":"Gel de r\u00e9action alcaline \u00e0 base de solvant (biod\u00e9gradable) pour le nettoyage des \u00e9crans de criblage. Avec son point d\u2019\u00e9clair de 74\u00baC utilisable dans les machines \u00e0 moteur. Il est utilis\u00e9 apr\u00e8s r\u00e9cup\u00e9ration de l\u2019\u00e9mulsion des \u00e9crans de s\u00e9rigraphie pour \u00e9liminer les r\u00e9sidus d\u2019images fant\u00f4mes dus aux r\u00e9sidus d\u2019encre ou aux m\u00e9langes d\u2019encres avec des r\u00e9sidus d\u2019\u00e9mulsion, que ce soit dans les tissus en polyester, en polyamide ou en acier inoxydable.","og_url":"https:\/\/globalprix.com\/fr\/produit\/ecopastapol-screen-recovery-in-paste1-l-5-l\/","og_site_name":"Globalprix.com","article_modified_time":"2024-02-14T08:15:49+00:00","og_image":[{"width":2047,"height":2047,"url":"https:\/\/globalprix.com\/wp-content\/uploads\/2021\/05\/ecopastapol-5ltr.jpg","type":"image\/jpeg"}],"twitter_card":"summary_large_image","schema":{"@context":"https:\/\/schema.org","@graph":[{"@type":"WebPage","@id":"https:\/\/globalprix.com\/fr\/produit\/ecopastapol-screen-recovery-in-paste1-l-5-l\/","url":"https:\/\/globalprix.com\/fr\/produit\/ecopastapol-screen-recovery-in-paste1-l-5-l\/","name":"\u00c9COPASTAPOL P\u00e2te de r\u00e9cup\u00e9ration d\u2019\u00e9cran 1 l \/ 5 l | Globalprix.com","isPartOf":{"@id":"https:\/\/globalprix.com\/#website"},"primaryImageOfPage":{"@id":"https:\/\/globalprix.com\/fr\/produit\/ecopastapol-screen-recovery-in-paste1-l-5-l\/#primaryimage"},"image":{"@id":"https:\/\/globalprix.com\/fr\/produit\/ecopastapol-screen-recovery-in-paste1-l-5-l\/#primaryimage"},"thumbnailUrl":"https:\/\/globalprix.com\/wp-content\/uploads\/2021\/05\/ecopastapol-5ltr.jpg","datePublished":"2022-09-05T06:01:04+00:00","dateModified":"2024-02-14T08:15:49+00:00","breadcrumb":{"@id":"https:\/\/globalprix.com\/fr\/produit\/ecopastapol-screen-recovery-in-paste1-l-5-l\/#breadcrumb"},"inLanguage":"fr-FR","potentialAction":[{"@type":"ReadAction","target":["https:\/\/globalprix.com\/fr\/produit\/ecopastapol-screen-recovery-in-paste1-l-5-l\/"]}]},{"@type":"ImageObject","inLanguage":"fr-FR","@id":"https:\/\/globalprix.com\/fr\/produit\/ecopastapol-screen-recovery-in-paste1-l-5-l\/#primaryimage","url":"https:\/\/globalprix.com\/wp-content\/uploads\/2021\/05\/ecopastapol-5ltr.jpg","contentUrl":"https:\/\/globalprix.com\/wp-content\/uploads\/2021\/05\/ecopastapol-5ltr.jpg","width":2047,"height":2047},{"@type":"BreadcrumbList","@id":"https:\/\/globalprix.com\/fr\/produit\/ecopastapol-screen-recovery-in-paste1-l-5-l\/#breadcrumb","itemListElement":[{"@type":"ListItem","position":1,"name":"Portada","item":"https:\/\/globalprix.com\/en\/"},{"@type":"ListItem","position":2,"name":"Boutique","item":"https:\/\/globalprix.com\/fr\/boutique\/"},{"@type":"ListItem","position":3,"name":"\u00c9COPASTAPOL P\u00e2te de r\u00e9cup\u00e9ration d\u2019\u00e9cran1 l \/ 5 l"}]},{"@type":"WebSite","@id":"https:\/\/globalprix.com\/#website","url":"https:\/\/globalprix.com\/","name":"Globalprix","description":"Tienda online para Serigraf\u00eda","publisher":{"@id":"https:\/\/globalprix.com\/#organization"},"alternateName":"Tienda online de serigraf\u00eda","potentialAction":[{"@type":"SearchAction","target":{"@type":"EntryPoint","urlTemplate":"https:\/\/globalprix.com\/?s={search_term_string}"},"query-input":{"@type":"PropertyValueSpecification","valueRequired":true,"valueName":"search_term_string"}}],"inLanguage":"fr-FR"},{"@type":"Organization","@id":"https:\/\/globalprix.com\/#organization","name":"Global Managing","alternateName":"Globalprix","url":"https:\/\/globalprix.com\/","logo":{"@type":"ImageObject","inLanguage":"fr-FR","@id":"https:\/\/globalprix.com\/#\/schema\/logo\/image\/","url":"https:\/\/globalprix.com\/wp-content\/uploads\/2023\/03\/logo-globalprix.jpg","contentUrl":"https:\/\/globalprix.com\/wp-content\/uploads\/2023\/03\/logo-globalprix.jpg","width":595,"height":202,"caption":"Global Managing"},"image":{"@id":"https:\/\/globalprix.com\/#\/schema\/logo\/image\/"}}]}},"_links":{"self":[{"href":"https:\/\/globalprix.com\/fr\/wp-json\/wp\/v2\/product\/23353","targetHints":{"allow":["GET"]}}],"collection":[{"href":"https:\/\/globalprix.com\/fr\/wp-json\/wp\/v2\/product"}],"about":[{"href":"https:\/\/globalprix.com\/fr\/wp-json\/wp\/v2\/types\/product"}],"replies":[{"embeddable":true,"href":"https:\/\/globalprix.com\/fr\/wp-json\/wp\/v2\/comments?post=23353"}],"version-history":[{"count":0,"href":"https:\/\/globalprix.com\/fr\/wp-json\/wp\/v2\/product\/23353\/revisions"}],"wp:featuredmedia":[{"embeddable":true,"href":"https:\/\/globalprix.com\/fr\/wp-json\/wp\/v2\/media\/5241"}],"wp:attachment":[{"href":"https:\/\/globalprix.com\/fr\/wp-json\/wp\/v2\/media?parent=23353"}],"wp:term":[{"taxonomy":"product_brand","embeddable":true,"href":"https:\/\/globalprix.com\/fr\/wp-json\/wp\/v2\/product_brand?post=23353"},{"taxonomy":"product_cat","embeddable":true,"href":"https:\/\/globalprix.com\/fr\/wp-json\/wp\/v2\/product_cat?post=23353"},{"taxonomy":"product_tag","embeddable":true,"href":"https:\/\/globalprix.com\/fr\/wp-json\/wp\/v2\/product_tag?post=23353"}],"curies":[{"name":"wp","href":"https:\/\/api.w.org\/{rel}","templated":true}]}}