{"id":23372,"date":"2022-09-05T08:03:32","date_gmt":"2022-09-05T06:03:32","guid":{"rendered":"https:\/\/globalprix.com\/producto\/tintanet-15solvant-de-desetancheite-de-maille\/"},"modified":"2024-02-23T08:40:31","modified_gmt":"2024-02-23T07:40:31","slug":"inkanet-15solvant-nettoyant-manuel-dencre-de-dechets-sur-ecrans5-l","status":"publish","type":"product","link":"https:\/\/globalprix.com\/fr\/produit\/inkanet-15solvant-nettoyant-manuel-dencre-de-dechets-sur-ecrans5-l\/","title":{"rendered":"TINTANET 15<br>Solvant de nettoyage manuel pour l\u2019encre r\u00e9siduelle sur les \u00e9crans.<br>R\u00e9cipient de 5 l"},"content":{"rendered":"<p>Si l\u2019article est en rupture de stock, merci de nous contacter pour d\u00e9finir un d\u00e9lai de livraison en info@globalprix.com<\/p>\n","protected":false},"excerpt":{"rendered":"<p>Solvant destin\u00e9 \u00e0 nettoyer manuellement les encres en g\u00e9n\u00e9ral. Il n\u2019est pas adapt\u00e9 \u00e0 une utilisation dans des machines contenant un moteur, une installation \u00e9lectrique ou tout syst\u00e8me pr\u00e9sentant un risque d\u2019incendie, d\u2019explosion ou de forme de chaleur au-dessus du niveau ambiant.<br \/>\nIl est utilis\u00e9 avant de r\u00e9cup\u00e9rer l\u2019\u00e9mulsion des \u00e9crans d\u2019\u00e9cran. C\u2019est liquide.<\/p>\n","protected":false},"featured_media":8565,"comment_status":"open","ping_status":"closed","template":"","meta":[],"product_brand":[],"product_cat":[576,2754,2683],"product_tag":[],"class_list":{"0":"post-23372","1":"product","2":"type-product","3":"status-publish","4":"has-post-thumbnail","6":"product_cat-pantallas-serigraficas-fr","7":"product_cat-produits","8":"product_cat-serigraphie","10":"first","11":"outofstock","12":"taxable","13":"shipping-taxable","14":"purchasable","15":"product-type-variable"},"yoast_head":"<!-- This site is optimized with the Yoast SEO plugin v27.3 - https:\/\/yoast.com\/product\/yoast-seo-wordpress\/ -->\n<title>TINTANET 15Solvant de nettoyage manuel pour l\u2019encre r\u00e9siduelle sur les \u00e9crans.R\u00e9cipient de 5 l | Globalprix.com<\/title>\n<meta name=\"robots\" content=\"index, follow, max-snippet:-1, max-image-preview:large, max-video-preview:-1\" \/>\n<link rel=\"canonical\" href=\"https:\/\/globalprix.com\/fr\/produit\/inkanet-15solvant-nettoyant-manuel-dencre-de-dechets-sur-ecrans5-l\/\" \/>\n<meta property=\"og:locale\" content=\"fr_FR\" \/>\n<meta property=\"og:type\" content=\"article\" \/>\n<meta property=\"og:title\" content=\"TINTANET 15Solvant de nettoyage manuel pour l\u2019encre r\u00e9siduelle sur les \u00e9crans.R\u00e9cipient de 5 l | Globalprix.com\" \/>\n<meta property=\"og:description\" content=\"Solvant destin\u00e9 \u00e0 nettoyer manuellement les encres en g\u00e9n\u00e9ral. Il n\u2019est pas adapt\u00e9 \u00e0 une utilisation dans des machines contenant un moteur, une installation \u00e9lectrique ou tout syst\u00e8me pr\u00e9sentant un risque d\u2019incendie, d\u2019explosion ou de forme de chaleur au-dessus du niveau ambiant. Il est utilis\u00e9 avant de r\u00e9cup\u00e9rer l\u2019\u00e9mulsion des \u00e9crans d\u2019\u00e9cran. C\u2019est liquide.\" \/>\n<meta property=\"og:url\" content=\"https:\/\/globalprix.com\/fr\/produit\/inkanet-15solvant-nettoyant-manuel-dencre-de-dechets-sur-ecrans5-l\/\" \/>\n<meta property=\"og:site_name\" content=\"Globalprix.com\" \/>\n<meta property=\"article:modified_time\" content=\"2024-02-23T07:40:31+00:00\" \/>\n<meta property=\"og:image\" content=\"https:\/\/globalprix.com\/wp-content\/uploads\/2022\/01\/tintanet-15-5ltr.jpg\" \/>\n\t<meta property=\"og:image:width\" content=\"2047\" \/>\n\t<meta property=\"og:image:height\" content=\"2047\" \/>\n\t<meta property=\"og:image:type\" content=\"image\/jpeg\" \/>\n<meta name=\"twitter:card\" content=\"summary_large_image\" \/>\n<script type=\"application\/ld+json\" class=\"yoast-schema-graph\">{\"@context\":\"https:\\\/\\\/schema.org\",\"@graph\":[{\"@type\":\"WebPage\",\"@id\":\"https:\\\/\\\/globalprix.com\\\/fr\\\/produit\\\/inkanet-15solvant-nettoyant-manuel-dencre-de-dechets-sur-ecrans5-l\\\/\",\"url\":\"https:\\\/\\\/globalprix.com\\\/fr\\\/produit\\\/inkanet-15solvant-nettoyant-manuel-dencre-de-dechets-sur-ecrans5-l\\\/\",\"name\":\"TINTANET 15 Solvant de nettoyage manuel pour l\u2019encre r\u00e9siduelle sur les \u00e9crans. R\u00e9cipient de 5 l | Globalprix.com\",\"isPartOf\":{\"@id\":\"https:\\\/\\\/globalprix.com\\\/#website\"},\"primaryImageOfPage\":{\"@id\":\"https:\\\/\\\/globalprix.com\\\/fr\\\/produit\\\/inkanet-15solvant-nettoyant-manuel-dencre-de-dechets-sur-ecrans5-l\\\/#primaryimage\"},\"image\":{\"@id\":\"https:\\\/\\\/globalprix.com\\\/fr\\\/produit\\\/inkanet-15solvant-nettoyant-manuel-dencre-de-dechets-sur-ecrans5-l\\\/#primaryimage\"},\"thumbnailUrl\":\"https:\\\/\\\/globalprix.com\\\/wp-content\\\/uploads\\\/2022\\\/01\\\/tintanet-15-5ltr.jpg\",\"datePublished\":\"2022-09-05T06:03:32+00:00\",\"dateModified\":\"2024-02-23T07:40:31+00:00\",\"breadcrumb\":{\"@id\":\"https:\\\/\\\/globalprix.com\\\/fr\\\/produit\\\/inkanet-15solvant-nettoyant-manuel-dencre-de-dechets-sur-ecrans5-l\\\/#breadcrumb\"},\"inLanguage\":\"fr-FR\",\"potentialAction\":[{\"@type\":\"ReadAction\",\"target\":[\"https:\\\/\\\/globalprix.com\\\/fr\\\/produit\\\/inkanet-15solvant-nettoyant-manuel-dencre-de-dechets-sur-ecrans5-l\\\/\"]}]},{\"@type\":\"ImageObject\",\"inLanguage\":\"fr-FR\",\"@id\":\"https:\\\/\\\/globalprix.com\\\/fr\\\/produit\\\/inkanet-15solvant-nettoyant-manuel-dencre-de-dechets-sur-ecrans5-l\\\/#primaryimage\",\"url\":\"https:\\\/\\\/globalprix.com\\\/wp-content\\\/uploads\\\/2022\\\/01\\\/tintanet-15-5ltr.jpg\",\"contentUrl\":\"https:\\\/\\\/globalprix.com\\\/wp-content\\\/uploads\\\/2022\\\/01\\\/tintanet-15-5ltr.jpg\",\"width\":2047,\"height\":2047,\"caption\":\"tintanet-15-5l\"},{\"@type\":\"BreadcrumbList\",\"@id\":\"https:\\\/\\\/globalprix.com\\\/fr\\\/produit\\\/inkanet-15solvant-nettoyant-manuel-dencre-de-dechets-sur-ecrans5-l\\\/#breadcrumb\",\"itemListElement\":[{\"@type\":\"ListItem\",\"position\":1,\"name\":\"Portada\",\"item\":\"https:\\\/\\\/globalprix.com\\\/en\\\/\"},{\"@type\":\"ListItem\",\"position\":2,\"name\":\"Boutique\",\"item\":\"https:\\\/\\\/globalprix.com\\\/fr\\\/boutique\\\/\"},{\"@type\":\"ListItem\",\"position\":3,\"name\":\"TINTANET 15Solvant de nettoyage manuel pour l\u2019encre r\u00e9siduelle sur les \u00e9crans.R\u00e9cipient de 5 l\"}]},{\"@type\":\"WebSite\",\"@id\":\"https:\\\/\\\/globalprix.com\\\/#website\",\"url\":\"https:\\\/\\\/globalprix.com\\\/\",\"name\":\"Globalprix\",\"description\":\"Tienda online para Serigraf\u00eda\",\"publisher\":{\"@id\":\"https:\\\/\\\/globalprix.com\\\/#organization\"},\"alternateName\":\"Tienda online de serigraf\u00eda\",\"potentialAction\":[{\"@type\":\"SearchAction\",\"target\":{\"@type\":\"EntryPoint\",\"urlTemplate\":\"https:\\\/\\\/globalprix.com\\\/?s={search_term_string}\"},\"query-input\":{\"@type\":\"PropertyValueSpecification\",\"valueRequired\":true,\"valueName\":\"search_term_string\"}}],\"inLanguage\":\"fr-FR\"},{\"@type\":\"Organization\",\"@id\":\"https:\\\/\\\/globalprix.com\\\/#organization\",\"name\":\"Global Managing\",\"alternateName\":\"Globalprix\",\"url\":\"https:\\\/\\\/globalprix.com\\\/\",\"logo\":{\"@type\":\"ImageObject\",\"inLanguage\":\"fr-FR\",\"@id\":\"https:\\\/\\\/globalprix.com\\\/#\\\/schema\\\/logo\\\/image\\\/\",\"url\":\"https:\\\/\\\/globalprix.com\\\/wp-content\\\/uploads\\\/2023\\\/03\\\/logo-globalprix.jpg\",\"contentUrl\":\"https:\\\/\\\/globalprix.com\\\/wp-content\\\/uploads\\\/2023\\\/03\\\/logo-globalprix.jpg\",\"width\":595,\"height\":202,\"caption\":\"Global Managing\"},\"image\":{\"@id\":\"https:\\\/\\\/globalprix.com\\\/#\\\/schema\\\/logo\\\/image\\\/\"}}]}<\/script>\n<!-- \/ Yoast SEO plugin. -->","yoast_head_json":{"title":"TINTANET 15Solvant de nettoyage manuel pour l\u2019encre r\u00e9siduelle sur les \u00e9crans.R\u00e9cipient de 5 l | Globalprix.com","robots":{"index":"index","follow":"follow","max-snippet":"max-snippet:-1","max-image-preview":"max-image-preview:large","max-video-preview":"max-video-preview:-1"},"canonical":"https:\/\/globalprix.com\/fr\/produit\/inkanet-15solvant-nettoyant-manuel-dencre-de-dechets-sur-ecrans5-l\/","og_locale":"fr_FR","og_type":"article","og_title":"TINTANET 15Solvant de nettoyage manuel pour l\u2019encre r\u00e9siduelle sur les \u00e9crans.R\u00e9cipient de 5 l | Globalprix.com","og_description":"Solvant destin\u00e9 \u00e0 nettoyer manuellement les encres en g\u00e9n\u00e9ral. Il n\u2019est pas adapt\u00e9 \u00e0 une utilisation dans des machines contenant un moteur, une installation \u00e9lectrique ou tout syst\u00e8me pr\u00e9sentant un risque d\u2019incendie, d\u2019explosion ou de forme de chaleur au-dessus du niveau ambiant. Il est utilis\u00e9 avant de r\u00e9cup\u00e9rer l\u2019\u00e9mulsion des \u00e9crans d\u2019\u00e9cran. C\u2019est liquide.","og_url":"https:\/\/globalprix.com\/fr\/produit\/inkanet-15solvant-nettoyant-manuel-dencre-de-dechets-sur-ecrans5-l\/","og_site_name":"Globalprix.com","article_modified_time":"2024-02-23T07:40:31+00:00","og_image":[{"width":2047,"height":2047,"url":"https:\/\/globalprix.com\/wp-content\/uploads\/2022\/01\/tintanet-15-5ltr.jpg","type":"image\/jpeg"}],"twitter_card":"summary_large_image","schema":{"@context":"https:\/\/schema.org","@graph":[{"@type":"WebPage","@id":"https:\/\/globalprix.com\/fr\/produit\/inkanet-15solvant-nettoyant-manuel-dencre-de-dechets-sur-ecrans5-l\/","url":"https:\/\/globalprix.com\/fr\/produit\/inkanet-15solvant-nettoyant-manuel-dencre-de-dechets-sur-ecrans5-l\/","name":"TINTANET 15 Solvant de nettoyage manuel pour l\u2019encre r\u00e9siduelle sur les \u00e9crans. R\u00e9cipient de 5 l | Globalprix.com","isPartOf":{"@id":"https:\/\/globalprix.com\/#website"},"primaryImageOfPage":{"@id":"https:\/\/globalprix.com\/fr\/produit\/inkanet-15solvant-nettoyant-manuel-dencre-de-dechets-sur-ecrans5-l\/#primaryimage"},"image":{"@id":"https:\/\/globalprix.com\/fr\/produit\/inkanet-15solvant-nettoyant-manuel-dencre-de-dechets-sur-ecrans5-l\/#primaryimage"},"thumbnailUrl":"https:\/\/globalprix.com\/wp-content\/uploads\/2022\/01\/tintanet-15-5ltr.jpg","datePublished":"2022-09-05T06:03:32+00:00","dateModified":"2024-02-23T07:40:31+00:00","breadcrumb":{"@id":"https:\/\/globalprix.com\/fr\/produit\/inkanet-15solvant-nettoyant-manuel-dencre-de-dechets-sur-ecrans5-l\/#breadcrumb"},"inLanguage":"fr-FR","potentialAction":[{"@type":"ReadAction","target":["https:\/\/globalprix.com\/fr\/produit\/inkanet-15solvant-nettoyant-manuel-dencre-de-dechets-sur-ecrans5-l\/"]}]},{"@type":"ImageObject","inLanguage":"fr-FR","@id":"https:\/\/globalprix.com\/fr\/produit\/inkanet-15solvant-nettoyant-manuel-dencre-de-dechets-sur-ecrans5-l\/#primaryimage","url":"https:\/\/globalprix.com\/wp-content\/uploads\/2022\/01\/tintanet-15-5ltr.jpg","contentUrl":"https:\/\/globalprix.com\/wp-content\/uploads\/2022\/01\/tintanet-15-5ltr.jpg","width":2047,"height":2047,"caption":"tintanet-15-5l"},{"@type":"BreadcrumbList","@id":"https:\/\/globalprix.com\/fr\/produit\/inkanet-15solvant-nettoyant-manuel-dencre-de-dechets-sur-ecrans5-l\/#breadcrumb","itemListElement":[{"@type":"ListItem","position":1,"name":"Portada","item":"https:\/\/globalprix.com\/en\/"},{"@type":"ListItem","position":2,"name":"Boutique","item":"https:\/\/globalprix.com\/fr\/boutique\/"},{"@type":"ListItem","position":3,"name":"TINTANET 15Solvant de nettoyage manuel pour l\u2019encre r\u00e9siduelle sur les \u00e9crans.R\u00e9cipient de 5 l"}]},{"@type":"WebSite","@id":"https:\/\/globalprix.com\/#website","url":"https:\/\/globalprix.com\/","name":"Globalprix","description":"Tienda online para Serigraf\u00eda","publisher":{"@id":"https:\/\/globalprix.com\/#organization"},"alternateName":"Tienda online de serigraf\u00eda","potentialAction":[{"@type":"SearchAction","target":{"@type":"EntryPoint","urlTemplate":"https:\/\/globalprix.com\/?s={search_term_string}"},"query-input":{"@type":"PropertyValueSpecification","valueRequired":true,"valueName":"search_term_string"}}],"inLanguage":"fr-FR"},{"@type":"Organization","@id":"https:\/\/globalprix.com\/#organization","name":"Global Managing","alternateName":"Globalprix","url":"https:\/\/globalprix.com\/","logo":{"@type":"ImageObject","inLanguage":"fr-FR","@id":"https:\/\/globalprix.com\/#\/schema\/logo\/image\/","url":"https:\/\/globalprix.com\/wp-content\/uploads\/2023\/03\/logo-globalprix.jpg","contentUrl":"https:\/\/globalprix.com\/wp-content\/uploads\/2023\/03\/logo-globalprix.jpg","width":595,"height":202,"caption":"Global Managing"},"image":{"@id":"https:\/\/globalprix.com\/#\/schema\/logo\/image\/"}}]}},"_links":{"self":[{"href":"https:\/\/globalprix.com\/fr\/wp-json\/wp\/v2\/product\/23372","targetHints":{"allow":["GET"]}}],"collection":[{"href":"https:\/\/globalprix.com\/fr\/wp-json\/wp\/v2\/product"}],"about":[{"href":"https:\/\/globalprix.com\/fr\/wp-json\/wp\/v2\/types\/product"}],"replies":[{"embeddable":true,"href":"https:\/\/globalprix.com\/fr\/wp-json\/wp\/v2\/comments?post=23372"}],"version-history":[{"count":0,"href":"https:\/\/globalprix.com\/fr\/wp-json\/wp\/v2\/product\/23372\/revisions"}],"wp:featuredmedia":[{"embeddable":true,"href":"https:\/\/globalprix.com\/fr\/wp-json\/wp\/v2\/media\/8565"}],"wp:attachment":[{"href":"https:\/\/globalprix.com\/fr\/wp-json\/wp\/v2\/media?parent=23372"}],"wp:term":[{"taxonomy":"product_brand","embeddable":true,"href":"https:\/\/globalprix.com\/fr\/wp-json\/wp\/v2\/product_brand?post=23372"},{"taxonomy":"product_cat","embeddable":true,"href":"https:\/\/globalprix.com\/fr\/wp-json\/wp\/v2\/product_cat?post=23372"},{"taxonomy":"product_tag","embeddable":true,"href":"https:\/\/globalprix.com\/fr\/wp-json\/wp\/v2\/product_tag?post=23372"}],"curies":[{"name":"wp","href":"https:\/\/api.w.org\/{rel}","templated":true}]}}