{"id":23402,"date":"2022-09-05T07:45:01","date_gmt":"2022-09-05T05:45:01","guid":{"rendered":"https:\/\/globalprix.com\/producto\/multipol-mcd-diazo-emulsion-double-a-mixte-pour-la-gravure-de-serigraphies\/"},"modified":"2024-02-20T16:37:48","modified_gmt":"2024-02-20T15:37:48","slug":"multipol-mcd-diazoemulsion-dual-a-mixed09-kg-45-kg","status":"publish","type":"product","link":"https:\/\/globalprix.com\/fr\/produit\/multipol-mcd-diazoemulsion-dual-a-mixed09-kg-45-kg\/","title":{"rendered":"MULTIPOL MCD + DIAZO<br>\u00c9mulsion double \u00e0 mixte<br>R\u00e9cipients de 0,9 kg \/ 4,5 kg"},"content":{"rendered":"<p>S\u2019il n\u2019y a pas de stock de l\u2019article dans l\u2019une de ses variantes, contactez-nous pour d\u00e9finir un d\u00e9lai de livraison en info@globalprix.com<\/p>\n","protected":false},"excerpt":{"rendered":"<p>\u00c9mulsion \u00e0 double durcissement (polym\u00e9ris\u00e9 avec diazo) d\u2019exposition lente, r\u00e9sistante \u00e0 tout type d\u2019encre et au violet violet. Il contient 52% de solides, avec une viscosit\u00e9 moyenne, une flexibilit\u00e9 sup\u00e9rieure qui en fait une \u00e9mulsion de tr\u00e8s haute r\u00e9solution et une r\u00e9sistance m\u00e9canique extraordinaire. Catalysable chimiquement. Convient \u00e0 la fabrication d\u2019\u00e9crans de s\u00e9rigraphie tr\u00e8s r\u00e9sistants dans les proc\u00e9d\u00e9s d\u2019impression \u00e9lectronique et le secteur graphique.<\/p>\n","protected":false},"featured_media":5415,"comment_status":"open","ping_status":"closed","template":"","meta":[],"product_brand":[],"product_cat":[576,613,2798,2683],"product_tag":[],"class_list":{"0":"post-23402","1":"product","2":"type-product","3":"status-publish","4":"has-post-thumbnail","6":"product_cat-pantallas-serigraficas-fr","7":"product_cat-emulsion-fr","8":"product_cat-emulsions-avec-diazo","9":"product_cat-serigraphie","11":"first","12":"instock","13":"taxable","14":"shipping-taxable","15":"purchasable","16":"product-type-variable"},"yoast_head":"<!-- This site is optimized with the Yoast SEO plugin v27.3 - https:\/\/yoast.com\/product\/yoast-seo-wordpress\/ -->\n<title>MULTIPOL MCD + DIAZO\u00c9mulsion double \u00e0 mixteR\u00e9cipients de 0,9 kg \/ 4,5 kg | Globalprix.com<\/title>\n<meta name=\"robots\" content=\"index, follow, max-snippet:-1, max-image-preview:large, max-video-preview:-1\" \/>\n<link rel=\"canonical\" href=\"https:\/\/globalprix.com\/fr\/produit\/multipol-mcd-diazoemulsion-dual-a-mixed09-kg-45-kg\/\" \/>\n<meta property=\"og:locale\" content=\"fr_FR\" \/>\n<meta property=\"og:type\" content=\"article\" \/>\n<meta property=\"og:title\" content=\"MULTIPOL MCD + DIAZO\u00c9mulsion double \u00e0 mixteR\u00e9cipients de 0,9 kg \/ 4,5 kg | Globalprix.com\" \/>\n<meta property=\"og:description\" content=\"\u00c9mulsion \u00e0 double durcissement (polym\u00e9ris\u00e9 avec diazo) d\u2019exposition lente, r\u00e9sistante \u00e0 tout type d\u2019encre et au violet violet. Il contient 52% de solides, avec une viscosit\u00e9 moyenne, une flexibilit\u00e9 sup\u00e9rieure qui en fait une \u00e9mulsion de tr\u00e8s haute r\u00e9solution et une r\u00e9sistance m\u00e9canique extraordinaire. Catalysable chimiquement. Convient \u00e0 la fabrication d\u2019\u00e9crans de s\u00e9rigraphie tr\u00e8s r\u00e9sistants dans les proc\u00e9d\u00e9s d\u2019impression \u00e9lectronique et le secteur graphique.\" \/>\n<meta property=\"og:url\" content=\"https:\/\/globalprix.com\/fr\/produit\/multipol-mcd-diazoemulsion-dual-a-mixed09-kg-45-kg\/\" \/>\n<meta property=\"og:site_name\" content=\"Globalprix.com\" \/>\n<meta property=\"article:modified_time\" content=\"2024-02-20T15:37:48+00:00\" \/>\n<meta property=\"og:image\" content=\"https:\/\/globalprix.com\/wp-content\/uploads\/2021\/05\/multipol-mcd-diazo-09kg.jpg\" \/>\n\t<meta property=\"og:image:width\" content=\"2047\" \/>\n\t<meta property=\"og:image:height\" content=\"2047\" \/>\n\t<meta property=\"og:image:type\" content=\"image\/jpeg\" \/>\n<meta name=\"twitter:card\" content=\"summary_large_image\" \/>\n<script type=\"application\/ld+json\" class=\"yoast-schema-graph\">{\"@context\":\"https:\\\/\\\/schema.org\",\"@graph\":[{\"@type\":\"WebPage\",\"@id\":\"https:\\\/\\\/globalprix.com\\\/fr\\\/produit\\\/multipol-mcd-diazoemulsion-dual-a-mixed09-kg-45-kg\\\/\",\"url\":\"https:\\\/\\\/globalprix.com\\\/fr\\\/produit\\\/multipol-mcd-diazoemulsion-dual-a-mixed09-kg-45-kg\\\/\",\"name\":\"MULTIPOL MCD + DIAZO \u00c9mulsion double \u00e0 mixte R\u00e9cipients de 0,9 kg \\\/ 4,5 kg | Globalprix.com\",\"isPartOf\":{\"@id\":\"https:\\\/\\\/globalprix.com\\\/#website\"},\"primaryImageOfPage\":{\"@id\":\"https:\\\/\\\/globalprix.com\\\/fr\\\/produit\\\/multipol-mcd-diazoemulsion-dual-a-mixed09-kg-45-kg\\\/#primaryimage\"},\"image\":{\"@id\":\"https:\\\/\\\/globalprix.com\\\/fr\\\/produit\\\/multipol-mcd-diazoemulsion-dual-a-mixed09-kg-45-kg\\\/#primaryimage\"},\"thumbnailUrl\":\"https:\\\/\\\/globalprix.com\\\/wp-content\\\/uploads\\\/2021\\\/05\\\/multipol-mcd-diazo-09kg.jpg\",\"datePublished\":\"2022-09-05T05:45:01+00:00\",\"dateModified\":\"2024-02-20T15:37:48+00:00\",\"breadcrumb\":{\"@id\":\"https:\\\/\\\/globalprix.com\\\/fr\\\/produit\\\/multipol-mcd-diazoemulsion-dual-a-mixed09-kg-45-kg\\\/#breadcrumb\"},\"inLanguage\":\"fr-FR\",\"potentialAction\":[{\"@type\":\"ReadAction\",\"target\":[\"https:\\\/\\\/globalprix.com\\\/fr\\\/produit\\\/multipol-mcd-diazoemulsion-dual-a-mixed09-kg-45-kg\\\/\"]}]},{\"@type\":\"ImageObject\",\"inLanguage\":\"fr-FR\",\"@id\":\"https:\\\/\\\/globalprix.com\\\/fr\\\/produit\\\/multipol-mcd-diazoemulsion-dual-a-mixed09-kg-45-kg\\\/#primaryimage\",\"url\":\"https:\\\/\\\/globalprix.com\\\/wp-content\\\/uploads\\\/2021\\\/05\\\/multipol-mcd-diazo-09kg.jpg\",\"contentUrl\":\"https:\\\/\\\/globalprix.com\\\/wp-content\\\/uploads\\\/2021\\\/05\\\/multipol-mcd-diazo-09kg.jpg\",\"width\":2047,\"height\":2047,\"caption\":\"emulsion multopol mcd\"},{\"@type\":\"BreadcrumbList\",\"@id\":\"https:\\\/\\\/globalprix.com\\\/fr\\\/produit\\\/multipol-mcd-diazoemulsion-dual-a-mixed09-kg-45-kg\\\/#breadcrumb\",\"itemListElement\":[{\"@type\":\"ListItem\",\"position\":1,\"name\":\"Portada\",\"item\":\"https:\\\/\\\/globalprix.com\\\/en\\\/\"},{\"@type\":\"ListItem\",\"position\":2,\"name\":\"Boutique\",\"item\":\"https:\\\/\\\/globalprix.com\\\/fr\\\/boutique\\\/\"},{\"@type\":\"ListItem\",\"position\":3,\"name\":\"MULTIPOL MCD + DIAZO\u00c9mulsion double \u00e0 mixteR\u00e9cipients de 0,9 kg \\\/ 4,5 kg\"}]},{\"@type\":\"WebSite\",\"@id\":\"https:\\\/\\\/globalprix.com\\\/#website\",\"url\":\"https:\\\/\\\/globalprix.com\\\/\",\"name\":\"Globalprix\",\"description\":\"Tienda online para Serigraf\u00eda\",\"publisher\":{\"@id\":\"https:\\\/\\\/globalprix.com\\\/#organization\"},\"alternateName\":\"Tienda online de serigraf\u00eda\",\"potentialAction\":[{\"@type\":\"SearchAction\",\"target\":{\"@type\":\"EntryPoint\",\"urlTemplate\":\"https:\\\/\\\/globalprix.com\\\/?s={search_term_string}\"},\"query-input\":{\"@type\":\"PropertyValueSpecification\",\"valueRequired\":true,\"valueName\":\"search_term_string\"}}],\"inLanguage\":\"fr-FR\"},{\"@type\":\"Organization\",\"@id\":\"https:\\\/\\\/globalprix.com\\\/#organization\",\"name\":\"Global Managing\",\"alternateName\":\"Globalprix\",\"url\":\"https:\\\/\\\/globalprix.com\\\/\",\"logo\":{\"@type\":\"ImageObject\",\"inLanguage\":\"fr-FR\",\"@id\":\"https:\\\/\\\/globalprix.com\\\/#\\\/schema\\\/logo\\\/image\\\/\",\"url\":\"https:\\\/\\\/globalprix.com\\\/wp-content\\\/uploads\\\/2023\\\/03\\\/logo-globalprix.jpg\",\"contentUrl\":\"https:\\\/\\\/globalprix.com\\\/wp-content\\\/uploads\\\/2023\\\/03\\\/logo-globalprix.jpg\",\"width\":595,\"height\":202,\"caption\":\"Global Managing\"},\"image\":{\"@id\":\"https:\\\/\\\/globalprix.com\\\/#\\\/schema\\\/logo\\\/image\\\/\"}}]}<\/script>\n<!-- \/ Yoast SEO plugin. -->","yoast_head_json":{"title":"MULTIPOL MCD + DIAZO\u00c9mulsion double \u00e0 mixteR\u00e9cipients de 0,9 kg \/ 4,5 kg | Globalprix.com","robots":{"index":"index","follow":"follow","max-snippet":"max-snippet:-1","max-image-preview":"max-image-preview:large","max-video-preview":"max-video-preview:-1"},"canonical":"https:\/\/globalprix.com\/fr\/produit\/multipol-mcd-diazoemulsion-dual-a-mixed09-kg-45-kg\/","og_locale":"fr_FR","og_type":"article","og_title":"MULTIPOL MCD + DIAZO\u00c9mulsion double \u00e0 mixteR\u00e9cipients de 0,9 kg \/ 4,5 kg | Globalprix.com","og_description":"\u00c9mulsion \u00e0 double durcissement (polym\u00e9ris\u00e9 avec diazo) d\u2019exposition lente, r\u00e9sistante \u00e0 tout type d\u2019encre et au violet violet. Il contient 52% de solides, avec une viscosit\u00e9 moyenne, une flexibilit\u00e9 sup\u00e9rieure qui en fait une \u00e9mulsion de tr\u00e8s haute r\u00e9solution et une r\u00e9sistance m\u00e9canique extraordinaire. Catalysable chimiquement. Convient \u00e0 la fabrication d\u2019\u00e9crans de s\u00e9rigraphie tr\u00e8s r\u00e9sistants dans les proc\u00e9d\u00e9s d\u2019impression \u00e9lectronique et le secteur graphique.","og_url":"https:\/\/globalprix.com\/fr\/produit\/multipol-mcd-diazoemulsion-dual-a-mixed09-kg-45-kg\/","og_site_name":"Globalprix.com","article_modified_time":"2024-02-20T15:37:48+00:00","og_image":[{"width":2047,"height":2047,"url":"https:\/\/globalprix.com\/wp-content\/uploads\/2021\/05\/multipol-mcd-diazo-09kg.jpg","type":"image\/jpeg"}],"twitter_card":"summary_large_image","schema":{"@context":"https:\/\/schema.org","@graph":[{"@type":"WebPage","@id":"https:\/\/globalprix.com\/fr\/produit\/multipol-mcd-diazoemulsion-dual-a-mixed09-kg-45-kg\/","url":"https:\/\/globalprix.com\/fr\/produit\/multipol-mcd-diazoemulsion-dual-a-mixed09-kg-45-kg\/","name":"MULTIPOL MCD + DIAZO \u00c9mulsion double \u00e0 mixte R\u00e9cipients de 0,9 kg \/ 4,5 kg | Globalprix.com","isPartOf":{"@id":"https:\/\/globalprix.com\/#website"},"primaryImageOfPage":{"@id":"https:\/\/globalprix.com\/fr\/produit\/multipol-mcd-diazoemulsion-dual-a-mixed09-kg-45-kg\/#primaryimage"},"image":{"@id":"https:\/\/globalprix.com\/fr\/produit\/multipol-mcd-diazoemulsion-dual-a-mixed09-kg-45-kg\/#primaryimage"},"thumbnailUrl":"https:\/\/globalprix.com\/wp-content\/uploads\/2021\/05\/multipol-mcd-diazo-09kg.jpg","datePublished":"2022-09-05T05:45:01+00:00","dateModified":"2024-02-20T15:37:48+00:00","breadcrumb":{"@id":"https:\/\/globalprix.com\/fr\/produit\/multipol-mcd-diazoemulsion-dual-a-mixed09-kg-45-kg\/#breadcrumb"},"inLanguage":"fr-FR","potentialAction":[{"@type":"ReadAction","target":["https:\/\/globalprix.com\/fr\/produit\/multipol-mcd-diazoemulsion-dual-a-mixed09-kg-45-kg\/"]}]},{"@type":"ImageObject","inLanguage":"fr-FR","@id":"https:\/\/globalprix.com\/fr\/produit\/multipol-mcd-diazoemulsion-dual-a-mixed09-kg-45-kg\/#primaryimage","url":"https:\/\/globalprix.com\/wp-content\/uploads\/2021\/05\/multipol-mcd-diazo-09kg.jpg","contentUrl":"https:\/\/globalprix.com\/wp-content\/uploads\/2021\/05\/multipol-mcd-diazo-09kg.jpg","width":2047,"height":2047,"caption":"emulsion multopol mcd"},{"@type":"BreadcrumbList","@id":"https:\/\/globalprix.com\/fr\/produit\/multipol-mcd-diazoemulsion-dual-a-mixed09-kg-45-kg\/#breadcrumb","itemListElement":[{"@type":"ListItem","position":1,"name":"Portada","item":"https:\/\/globalprix.com\/en\/"},{"@type":"ListItem","position":2,"name":"Boutique","item":"https:\/\/globalprix.com\/fr\/boutique\/"},{"@type":"ListItem","position":3,"name":"MULTIPOL MCD + DIAZO\u00c9mulsion double \u00e0 mixteR\u00e9cipients de 0,9 kg \/ 4,5 kg"}]},{"@type":"WebSite","@id":"https:\/\/globalprix.com\/#website","url":"https:\/\/globalprix.com\/","name":"Globalprix","description":"Tienda online para Serigraf\u00eda","publisher":{"@id":"https:\/\/globalprix.com\/#organization"},"alternateName":"Tienda online de serigraf\u00eda","potentialAction":[{"@type":"SearchAction","target":{"@type":"EntryPoint","urlTemplate":"https:\/\/globalprix.com\/?s={search_term_string}"},"query-input":{"@type":"PropertyValueSpecification","valueRequired":true,"valueName":"search_term_string"}}],"inLanguage":"fr-FR"},{"@type":"Organization","@id":"https:\/\/globalprix.com\/#organization","name":"Global Managing","alternateName":"Globalprix","url":"https:\/\/globalprix.com\/","logo":{"@type":"ImageObject","inLanguage":"fr-FR","@id":"https:\/\/globalprix.com\/#\/schema\/logo\/image\/","url":"https:\/\/globalprix.com\/wp-content\/uploads\/2023\/03\/logo-globalprix.jpg","contentUrl":"https:\/\/globalprix.com\/wp-content\/uploads\/2023\/03\/logo-globalprix.jpg","width":595,"height":202,"caption":"Global Managing"},"image":{"@id":"https:\/\/globalprix.com\/#\/schema\/logo\/image\/"}}]}},"_links":{"self":[{"href":"https:\/\/globalprix.com\/fr\/wp-json\/wp\/v2\/product\/23402","targetHints":{"allow":["GET"]}}],"collection":[{"href":"https:\/\/globalprix.com\/fr\/wp-json\/wp\/v2\/product"}],"about":[{"href":"https:\/\/globalprix.com\/fr\/wp-json\/wp\/v2\/types\/product"}],"replies":[{"embeddable":true,"href":"https:\/\/globalprix.com\/fr\/wp-json\/wp\/v2\/comments?post=23402"}],"version-history":[{"count":0,"href":"https:\/\/globalprix.com\/fr\/wp-json\/wp\/v2\/product\/23402\/revisions"}],"wp:featuredmedia":[{"embeddable":true,"href":"https:\/\/globalprix.com\/fr\/wp-json\/wp\/v2\/media\/5415"}],"wp:attachment":[{"href":"https:\/\/globalprix.com\/fr\/wp-json\/wp\/v2\/media?parent=23402"}],"wp:term":[{"taxonomy":"product_brand","embeddable":true,"href":"https:\/\/globalprix.com\/fr\/wp-json\/wp\/v2\/product_brand?post=23402"},{"taxonomy":"product_cat","embeddable":true,"href":"https:\/\/globalprix.com\/fr\/wp-json\/wp\/v2\/product_cat?post=23402"},{"taxonomy":"product_tag","embeddable":true,"href":"https:\/\/globalprix.com\/fr\/wp-json\/wp\/v2\/product_tag?post=23402"}],"curies":[{"name":"wp","href":"https:\/\/api.w.org\/{rel}","templated":true}]}}