{"id":23416,"date":"2022-09-02T16:22:37","date_gmt":"2022-09-02T14:22:37","guid":{"rendered":"https:\/\/globalprix.com\/producto\/papier-adhesif-a-sublimation-papier-adhesif-a-sublimation-en-bobine\/"},"modified":"2023-10-11T15:54:32","modified_gmt":"2023-10-11T13:54:32","slug":"adhesif-sublimation-papier-100-grancho-1118-m-162-mbobina-100-m","status":"publish","type":"product","link":"https:\/\/globalprix.com\/fr\/produit\/adhesif-sublimation-papier-100-grancho-1118-m-162-mbobina-100-m\/","title":{"rendered":"PAPIER ADH\u00c9SIF \u00c0 SUBLIMATION 100 gr<br>Largeur 1.118 m \/ 1.62 m<br>Bobine 100 m"},"content":{"rendered":"","protected":false},"excerpt":{"rendered":"<p>Le papier adh\u00e9sif \u00e0 sublimation est sp\u00e9cialement con\u00e7u pour les applications dans les tissus \u00e9lastiques en les collant thermiquement, ce qui lib\u00e8re le retrait des tissus et offre des performances exceptionnelles dans l\u2019impression d\u00e9taill\u00e9e.<\/p>\n","protected":false},"featured_media":14269,"comment_status":"open","ping_status":"closed","template":"","meta":[],"product_brand":[],"product_cat":[489,873,485],"product_tag":[],"class_list":{"0":"post-23416","1":"product","2":"type-product","3":"status-publish","4":"has-post-thumbnail","6":"product_cat-papel-fr","7":"product_cat-sublimapaper-fr","8":"product_cat-sublimacion-fr","10":"first","11":"instock","12":"taxable","13":"shipping-taxable","14":"purchasable","15":"product-type-variable"},"yoast_head":"<!-- This site is optimized with the Yoast SEO plugin v27.3 - https:\/\/yoast.com\/product\/yoast-seo-wordpress\/ -->\n<title>PAPIER ADH\u00c9SIF \u00c0 SUBLIMATION 100 grLargeur 1.118 m \/ 1.62 mBobine 100 m | Globalprix.com<\/title>\n<meta name=\"robots\" content=\"index, follow, max-snippet:-1, max-image-preview:large, max-video-preview:-1\" \/>\n<link rel=\"canonical\" href=\"https:\/\/globalprix.com\/fr\/produit\/adhesif-sublimation-papier-100-grancho-1118-m-162-mbobina-100-m\/\" \/>\n<meta property=\"og:locale\" content=\"fr_FR\" \/>\n<meta property=\"og:type\" content=\"article\" \/>\n<meta property=\"og:title\" content=\"PAPIER ADH\u00c9SIF \u00c0 SUBLIMATION 100 grLargeur 1.118 m \/ 1.62 mBobine 100 m | Globalprix.com\" \/>\n<meta property=\"og:description\" content=\"Le papier adh\u00e9sif \u00e0 sublimation est sp\u00e9cialement con\u00e7u pour les applications dans les tissus \u00e9lastiques en les collant thermiquement, ce qui lib\u00e8re le retrait des tissus et offre des performances exceptionnelles dans l\u2019impression d\u00e9taill\u00e9e.\" \/>\n<meta property=\"og:url\" content=\"https:\/\/globalprix.com\/fr\/produit\/adhesif-sublimation-papier-100-grancho-1118-m-162-mbobina-100-m\/\" \/>\n<meta property=\"og:site_name\" content=\"Globalprix.com\" \/>\n<meta property=\"article:modified_time\" content=\"2023-10-11T13:54:32+00:00\" \/>\n<meta property=\"og:image\" content=\"https:\/\/globalprix.com\/wp-content\/uploads\/2022\/09\/sublimapaper.jpg\" \/>\n\t<meta property=\"og:image:width\" content=\"2047\" \/>\n\t<meta property=\"og:image:height\" content=\"2047\" \/>\n\t<meta property=\"og:image:type\" content=\"image\/jpeg\" \/>\n<meta name=\"twitter:card\" content=\"summary_large_image\" \/>\n<script type=\"application\/ld+json\" class=\"yoast-schema-graph\">{\"@context\":\"https:\\\/\\\/schema.org\",\"@graph\":[{\"@type\":\"WebPage\",\"@id\":\"https:\\\/\\\/globalprix.com\\\/fr\\\/produit\\\/adhesif-sublimation-papier-100-grancho-1118-m-162-mbobina-100-m\\\/\",\"url\":\"https:\\\/\\\/globalprix.com\\\/fr\\\/produit\\\/adhesif-sublimation-papier-100-grancho-1118-m-162-mbobina-100-m\\\/\",\"name\":\"PAPIER ADH\u00c9SIF \u00c0 SUBLIMATION 100 gr Largeur 1.118 m \\\/ 1.62 m Bobine 100 m | Globalprix.com\",\"isPartOf\":{\"@id\":\"https:\\\/\\\/globalprix.com\\\/#website\"},\"primaryImageOfPage\":{\"@id\":\"https:\\\/\\\/globalprix.com\\\/fr\\\/produit\\\/adhesif-sublimation-papier-100-grancho-1118-m-162-mbobina-100-m\\\/#primaryimage\"},\"image\":{\"@id\":\"https:\\\/\\\/globalprix.com\\\/fr\\\/produit\\\/adhesif-sublimation-papier-100-grancho-1118-m-162-mbobina-100-m\\\/#primaryimage\"},\"thumbnailUrl\":\"https:\\\/\\\/globalprix.com\\\/wp-content\\\/uploads\\\/2022\\\/09\\\/sublimapaper.jpg\",\"datePublished\":\"2022-09-02T14:22:37+00:00\",\"dateModified\":\"2023-10-11T13:54:32+00:00\",\"breadcrumb\":{\"@id\":\"https:\\\/\\\/globalprix.com\\\/fr\\\/produit\\\/adhesif-sublimation-papier-100-grancho-1118-m-162-mbobina-100-m\\\/#breadcrumb\"},\"inLanguage\":\"fr-FR\",\"potentialAction\":[{\"@type\":\"ReadAction\",\"target\":[\"https:\\\/\\\/globalprix.com\\\/fr\\\/produit\\\/adhesif-sublimation-papier-100-grancho-1118-m-162-mbobina-100-m\\\/\"]}]},{\"@type\":\"ImageObject\",\"inLanguage\":\"fr-FR\",\"@id\":\"https:\\\/\\\/globalprix.com\\\/fr\\\/produit\\\/adhesif-sublimation-papier-100-grancho-1118-m-162-mbobina-100-m\\\/#primaryimage\",\"url\":\"https:\\\/\\\/globalprix.com\\\/wp-content\\\/uploads\\\/2022\\\/09\\\/sublimapaper.jpg\",\"contentUrl\":\"https:\\\/\\\/globalprix.com\\\/wp-content\\\/uploads\\\/2022\\\/09\\\/sublimapaper.jpg\",\"width\":2047,\"height\":2047},{\"@type\":\"BreadcrumbList\",\"@id\":\"https:\\\/\\\/globalprix.com\\\/fr\\\/produit\\\/adhesif-sublimation-papier-100-grancho-1118-m-162-mbobina-100-m\\\/#breadcrumb\",\"itemListElement\":[{\"@type\":\"ListItem\",\"position\":1,\"name\":\"Portada\",\"item\":\"https:\\\/\\\/globalprix.com\\\/en\\\/\"},{\"@type\":\"ListItem\",\"position\":2,\"name\":\"Boutique\",\"item\":\"https:\\\/\\\/globalprix.com\\\/fr\\\/boutique\\\/\"},{\"@type\":\"ListItem\",\"position\":3,\"name\":\"PAPIER ADH\u00c9SIF \u00c0 SUBLIMATION 100 grLargeur 1.118 m \\\/ 1.62 mBobine 100 m\"}]},{\"@type\":\"WebSite\",\"@id\":\"https:\\\/\\\/globalprix.com\\\/#website\",\"url\":\"https:\\\/\\\/globalprix.com\\\/\",\"name\":\"Globalprix\",\"description\":\"Tienda online para Serigraf\u00eda\",\"publisher\":{\"@id\":\"https:\\\/\\\/globalprix.com\\\/#organization\"},\"alternateName\":\"Tienda online de serigraf\u00eda\",\"potentialAction\":[{\"@type\":\"SearchAction\",\"target\":{\"@type\":\"EntryPoint\",\"urlTemplate\":\"https:\\\/\\\/globalprix.com\\\/?s={search_term_string}\"},\"query-input\":{\"@type\":\"PropertyValueSpecification\",\"valueRequired\":true,\"valueName\":\"search_term_string\"}}],\"inLanguage\":\"fr-FR\"},{\"@type\":\"Organization\",\"@id\":\"https:\\\/\\\/globalprix.com\\\/#organization\",\"name\":\"Global Managing\",\"alternateName\":\"Globalprix\",\"url\":\"https:\\\/\\\/globalprix.com\\\/\",\"logo\":{\"@type\":\"ImageObject\",\"inLanguage\":\"fr-FR\",\"@id\":\"https:\\\/\\\/globalprix.com\\\/#\\\/schema\\\/logo\\\/image\\\/\",\"url\":\"https:\\\/\\\/globalprix.com\\\/wp-content\\\/uploads\\\/2023\\\/03\\\/logo-globalprix.jpg\",\"contentUrl\":\"https:\\\/\\\/globalprix.com\\\/wp-content\\\/uploads\\\/2023\\\/03\\\/logo-globalprix.jpg\",\"width\":595,\"height\":202,\"caption\":\"Global Managing\"},\"image\":{\"@id\":\"https:\\\/\\\/globalprix.com\\\/#\\\/schema\\\/logo\\\/image\\\/\"}}]}<\/script>\n<!-- \/ Yoast SEO plugin. -->","yoast_head_json":{"title":"PAPIER ADH\u00c9SIF \u00c0 SUBLIMATION 100 grLargeur 1.118 m \/ 1.62 mBobine 100 m | Globalprix.com","robots":{"index":"index","follow":"follow","max-snippet":"max-snippet:-1","max-image-preview":"max-image-preview:large","max-video-preview":"max-video-preview:-1"},"canonical":"https:\/\/globalprix.com\/fr\/produit\/adhesif-sublimation-papier-100-grancho-1118-m-162-mbobina-100-m\/","og_locale":"fr_FR","og_type":"article","og_title":"PAPIER ADH\u00c9SIF \u00c0 SUBLIMATION 100 grLargeur 1.118 m \/ 1.62 mBobine 100 m | Globalprix.com","og_description":"Le papier adh\u00e9sif \u00e0 sublimation est sp\u00e9cialement con\u00e7u pour les applications dans les tissus \u00e9lastiques en les collant thermiquement, ce qui lib\u00e8re le retrait des tissus et offre des performances exceptionnelles dans l\u2019impression d\u00e9taill\u00e9e.","og_url":"https:\/\/globalprix.com\/fr\/produit\/adhesif-sublimation-papier-100-grancho-1118-m-162-mbobina-100-m\/","og_site_name":"Globalprix.com","article_modified_time":"2023-10-11T13:54:32+00:00","og_image":[{"width":2047,"height":2047,"url":"https:\/\/globalprix.com\/wp-content\/uploads\/2022\/09\/sublimapaper.jpg","type":"image\/jpeg"}],"twitter_card":"summary_large_image","schema":{"@context":"https:\/\/schema.org","@graph":[{"@type":"WebPage","@id":"https:\/\/globalprix.com\/fr\/produit\/adhesif-sublimation-papier-100-grancho-1118-m-162-mbobina-100-m\/","url":"https:\/\/globalprix.com\/fr\/produit\/adhesif-sublimation-papier-100-grancho-1118-m-162-mbobina-100-m\/","name":"PAPIER ADH\u00c9SIF \u00c0 SUBLIMATION 100 gr Largeur 1.118 m \/ 1.62 m Bobine 100 m | Globalprix.com","isPartOf":{"@id":"https:\/\/globalprix.com\/#website"},"primaryImageOfPage":{"@id":"https:\/\/globalprix.com\/fr\/produit\/adhesif-sublimation-papier-100-grancho-1118-m-162-mbobina-100-m\/#primaryimage"},"image":{"@id":"https:\/\/globalprix.com\/fr\/produit\/adhesif-sublimation-papier-100-grancho-1118-m-162-mbobina-100-m\/#primaryimage"},"thumbnailUrl":"https:\/\/globalprix.com\/wp-content\/uploads\/2022\/09\/sublimapaper.jpg","datePublished":"2022-09-02T14:22:37+00:00","dateModified":"2023-10-11T13:54:32+00:00","breadcrumb":{"@id":"https:\/\/globalprix.com\/fr\/produit\/adhesif-sublimation-papier-100-grancho-1118-m-162-mbobina-100-m\/#breadcrumb"},"inLanguage":"fr-FR","potentialAction":[{"@type":"ReadAction","target":["https:\/\/globalprix.com\/fr\/produit\/adhesif-sublimation-papier-100-grancho-1118-m-162-mbobina-100-m\/"]}]},{"@type":"ImageObject","inLanguage":"fr-FR","@id":"https:\/\/globalprix.com\/fr\/produit\/adhesif-sublimation-papier-100-grancho-1118-m-162-mbobina-100-m\/#primaryimage","url":"https:\/\/globalprix.com\/wp-content\/uploads\/2022\/09\/sublimapaper.jpg","contentUrl":"https:\/\/globalprix.com\/wp-content\/uploads\/2022\/09\/sublimapaper.jpg","width":2047,"height":2047},{"@type":"BreadcrumbList","@id":"https:\/\/globalprix.com\/fr\/produit\/adhesif-sublimation-papier-100-grancho-1118-m-162-mbobina-100-m\/#breadcrumb","itemListElement":[{"@type":"ListItem","position":1,"name":"Portada","item":"https:\/\/globalprix.com\/en\/"},{"@type":"ListItem","position":2,"name":"Boutique","item":"https:\/\/globalprix.com\/fr\/boutique\/"},{"@type":"ListItem","position":3,"name":"PAPIER ADH\u00c9SIF \u00c0 SUBLIMATION 100 grLargeur 1.118 m \/ 1.62 mBobine 100 m"}]},{"@type":"WebSite","@id":"https:\/\/globalprix.com\/#website","url":"https:\/\/globalprix.com\/","name":"Globalprix","description":"Tienda online para Serigraf\u00eda","publisher":{"@id":"https:\/\/globalprix.com\/#organization"},"alternateName":"Tienda online de serigraf\u00eda","potentialAction":[{"@type":"SearchAction","target":{"@type":"EntryPoint","urlTemplate":"https:\/\/globalprix.com\/?s={search_term_string}"},"query-input":{"@type":"PropertyValueSpecification","valueRequired":true,"valueName":"search_term_string"}}],"inLanguage":"fr-FR"},{"@type":"Organization","@id":"https:\/\/globalprix.com\/#organization","name":"Global Managing","alternateName":"Globalprix","url":"https:\/\/globalprix.com\/","logo":{"@type":"ImageObject","inLanguage":"fr-FR","@id":"https:\/\/globalprix.com\/#\/schema\/logo\/image\/","url":"https:\/\/globalprix.com\/wp-content\/uploads\/2023\/03\/logo-globalprix.jpg","contentUrl":"https:\/\/globalprix.com\/wp-content\/uploads\/2023\/03\/logo-globalprix.jpg","width":595,"height":202,"caption":"Global Managing"},"image":{"@id":"https:\/\/globalprix.com\/#\/schema\/logo\/image\/"}}]}},"_links":{"self":[{"href":"https:\/\/globalprix.com\/fr\/wp-json\/wp\/v2\/product\/23416","targetHints":{"allow":["GET"]}}],"collection":[{"href":"https:\/\/globalprix.com\/fr\/wp-json\/wp\/v2\/product"}],"about":[{"href":"https:\/\/globalprix.com\/fr\/wp-json\/wp\/v2\/types\/product"}],"replies":[{"embeddable":true,"href":"https:\/\/globalprix.com\/fr\/wp-json\/wp\/v2\/comments?post=23416"}],"version-history":[{"count":0,"href":"https:\/\/globalprix.com\/fr\/wp-json\/wp\/v2\/product\/23416\/revisions"}],"wp:featuredmedia":[{"embeddable":true,"href":"https:\/\/globalprix.com\/fr\/wp-json\/wp\/v2\/media\/14269"}],"wp:attachment":[{"href":"https:\/\/globalprix.com\/fr\/wp-json\/wp\/v2\/media?parent=23416"}],"wp:term":[{"taxonomy":"product_brand","embeddable":true,"href":"https:\/\/globalprix.com\/fr\/wp-json\/wp\/v2\/product_brand?post=23416"},{"taxonomy":"product_cat","embeddable":true,"href":"https:\/\/globalprix.com\/fr\/wp-json\/wp\/v2\/product_cat?post=23416"},{"taxonomy":"product_tag","embeddable":true,"href":"https:\/\/globalprix.com\/fr\/wp-json\/wp\/v2\/product_tag?post=23416"}],"curies":[{"name":"wp","href":"https:\/\/api.w.org\/{rel}","templated":true}]}}