{"id":23428,"date":"2022-09-05T07:27:18","date_gmt":"2022-09-05T05:27:18","guid":{"rendered":"https:\/\/globalprix.com\/producto\/fotopol-rel-1-kgemulsion-polymere-a-base-deau-epaisseur-elevee-braille-ideal\/"},"modified":"2024-02-16T12:24:15","modified_gmt":"2024-02-16T11:24:15","slug":"photopol-remulsion-polymere-al-eau-haut-epaissi-ideal-braile1-kg","status":"publish","type":"product","link":"https:\/\/globalprix.com\/fr\/produit\/photopol-remulsion-polymere-al-eau-haut-epaissi-ideal-braile1-kg\/","title":{"rendered":"FOTOPOL REL<br>\u00c9mulsion polym\u00e8re \u00e0 base d\u2019eau, haute \u00e9paisseur, braille id\u00e9al<br>Conteneur de 1 kg"},"content":{"rendered":"<p>Si l\u2019article est en rupture de stock, merci de nous contacter pour d\u00e9finir un d\u00e9lai de livraison en info@globalprix.com<\/p>\n","protected":false},"excerpt":{"rendered":"<p>\u00c9mulsion de polym\u00e8re bleu de troisi\u00e8me g\u00e9n\u00e9ration, r\u00e9sistante \u00e0 l\u2019eau, contenant 51 % de solides, une viscosit\u00e9 extr\u00eamement \u00e9lev\u00e9e et une sensibilit\u00e9 tr\u00e8s rapide. Con\u00e7u pour l\u2019impression d\u2019encres haute densit\u00e9, d\u2019encres expansives, de paillettes, d\u2019effets lenticulaires et d\u2019autres applications n\u00e9cessitant des d\u00e9p\u00f4ts d\u2019encre \u00e9lev\u00e9s. Pour les impressions de reliefs en graphique.  <\/p>\n","protected":false},"featured_media":5306,"comment_status":"open","ping_status":"closed","template":"","meta":[],"product_brand":[],"product_cat":[576,613,3022,2683],"product_tag":[],"class_list":{"0":"post-23428","1":"product","2":"type-product","3":"status-publish","4":"has-post-thumbnail","6":"product_cat-pantallas-serigraficas-fr","7":"product_cat-emulsion-fr","8":"product_cat-emulsions-directes-de-polymeres","9":"product_cat-serigraphie","11":"first","12":"instock","13":"taxable","14":"shipping-taxable","15":"purchasable","16":"product-type-simple"},"yoast_head":"<!-- This site is optimized with the Yoast SEO plugin v27.3 - https:\/\/yoast.com\/product\/yoast-seo-wordpress\/ -->\n<title>FOTOPOL REL\u00c9mulsion polym\u00e8re \u00e0 base d\u2019eau, haute \u00e9paisseur, braille id\u00e9alConteneur de 1 kg | Globalprix.com<\/title>\n<meta name=\"robots\" content=\"index, follow, max-snippet:-1, max-image-preview:large, max-video-preview:-1\" \/>\n<link rel=\"canonical\" href=\"https:\/\/globalprix.com\/fr\/produit\/photopol-remulsion-polymere-al-eau-haut-epaissi-ideal-braile1-kg\/\" \/>\n<meta property=\"og:locale\" content=\"fr_FR\" \/>\n<meta property=\"og:type\" content=\"article\" \/>\n<meta property=\"og:title\" content=\"FOTOPOL REL\u00c9mulsion polym\u00e8re \u00e0 base d\u2019eau, haute \u00e9paisseur, braille id\u00e9alConteneur de 1 kg | Globalprix.com\" \/>\n<meta property=\"og:description\" content=\"\u00c9mulsion de polym\u00e8re bleu de troisi\u00e8me g\u00e9n\u00e9ration, r\u00e9sistante \u00e0 l\u2019eau, contenant 51 % de solides, une viscosit\u00e9 extr\u00eamement \u00e9lev\u00e9e et une sensibilit\u00e9 tr\u00e8s rapide. Con\u00e7u pour l\u2019impression d\u2019encres haute densit\u00e9, d\u2019encres expansives, de paillettes, d\u2019effets lenticulaires et d\u2019autres applications n\u00e9cessitant des d\u00e9p\u00f4ts d\u2019encre \u00e9lev\u00e9s. Pour les impressions de reliefs en graphique.\" \/>\n<meta property=\"og:url\" content=\"https:\/\/globalprix.com\/fr\/produit\/photopol-remulsion-polymere-al-eau-haut-epaissi-ideal-braile1-kg\/\" \/>\n<meta property=\"og:site_name\" content=\"Globalprix.com\" \/>\n<meta property=\"article:modified_time\" content=\"2024-02-16T11:24:15+00:00\" \/>\n<meta property=\"og:image\" content=\"https:\/\/globalprix.com\/wp-content\/uploads\/2021\/05\/fotopol-rel-1kg.jpg\" \/>\n\t<meta property=\"og:image:width\" content=\"2047\" \/>\n\t<meta property=\"og:image:height\" content=\"2047\" \/>\n\t<meta property=\"og:image:type\" content=\"image\/jpeg\" \/>\n<meta name=\"twitter:card\" content=\"summary_large_image\" \/>\n<script type=\"application\/ld+json\" class=\"yoast-schema-graph\">{\"@context\":\"https:\\\/\\\/schema.org\",\"@graph\":[{\"@type\":\"WebPage\",\"@id\":\"https:\\\/\\\/globalprix.com\\\/fr\\\/produit\\\/photopol-remulsion-polymere-al-eau-haut-epaissi-ideal-braile1-kg\\\/\",\"url\":\"https:\\\/\\\/globalprix.com\\\/fr\\\/produit\\\/photopol-remulsion-polymere-al-eau-haut-epaissi-ideal-braile1-kg\\\/\",\"name\":\"FOTOPOL REL \u00c9mulsion polym\u00e8re \u00e0 base d\u2019eau, haute \u00e9paisseur, braille id\u00e9al Conteneur de 1 kg | Globalprix.com\",\"isPartOf\":{\"@id\":\"https:\\\/\\\/globalprix.com\\\/#website\"},\"primaryImageOfPage\":{\"@id\":\"https:\\\/\\\/globalprix.com\\\/fr\\\/produit\\\/photopol-remulsion-polymere-al-eau-haut-epaissi-ideal-braile1-kg\\\/#primaryimage\"},\"image\":{\"@id\":\"https:\\\/\\\/globalprix.com\\\/fr\\\/produit\\\/photopol-remulsion-polymere-al-eau-haut-epaissi-ideal-braile1-kg\\\/#primaryimage\"},\"thumbnailUrl\":\"https:\\\/\\\/globalprix.com\\\/wp-content\\\/uploads\\\/2021\\\/05\\\/fotopol-rel-1kg.jpg\",\"datePublished\":\"2022-09-05T05:27:18+00:00\",\"dateModified\":\"2024-02-16T11:24:15+00:00\",\"breadcrumb\":{\"@id\":\"https:\\\/\\\/globalprix.com\\\/fr\\\/produit\\\/photopol-remulsion-polymere-al-eau-haut-epaissi-ideal-braile1-kg\\\/#breadcrumb\"},\"inLanguage\":\"fr-FR\",\"potentialAction\":[{\"@type\":\"ReadAction\",\"target\":[\"https:\\\/\\\/globalprix.com\\\/fr\\\/produit\\\/photopol-remulsion-polymere-al-eau-haut-epaissi-ideal-braile1-kg\\\/\"]}]},{\"@type\":\"ImageObject\",\"inLanguage\":\"fr-FR\",\"@id\":\"https:\\\/\\\/globalprix.com\\\/fr\\\/produit\\\/photopol-remulsion-polymere-al-eau-haut-epaissi-ideal-braile1-kg\\\/#primaryimage\",\"url\":\"https:\\\/\\\/globalprix.com\\\/wp-content\\\/uploads\\\/2021\\\/05\\\/fotopol-rel-1kg.jpg\",\"contentUrl\":\"https:\\\/\\\/globalprix.com\\\/wp-content\\\/uploads\\\/2021\\\/05\\\/fotopol-rel-1kg.jpg\",\"width\":2047,\"height\":2047},{\"@type\":\"BreadcrumbList\",\"@id\":\"https:\\\/\\\/globalprix.com\\\/fr\\\/produit\\\/photopol-remulsion-polymere-al-eau-haut-epaissi-ideal-braile1-kg\\\/#breadcrumb\",\"itemListElement\":[{\"@type\":\"ListItem\",\"position\":1,\"name\":\"Portada\",\"item\":\"https:\\\/\\\/globalprix.com\\\/en\\\/\"},{\"@type\":\"ListItem\",\"position\":2,\"name\":\"Boutique\",\"item\":\"https:\\\/\\\/globalprix.com\\\/fr\\\/boutique\\\/\"},{\"@type\":\"ListItem\",\"position\":3,\"name\":\"FOTOPOL REL\u00c9mulsion polym\u00e8re \u00e0 base d\u2019eau, haute \u00e9paisseur, braille id\u00e9alConteneur de 1 kg\"}]},{\"@type\":\"WebSite\",\"@id\":\"https:\\\/\\\/globalprix.com\\\/#website\",\"url\":\"https:\\\/\\\/globalprix.com\\\/\",\"name\":\"Globalprix\",\"description\":\"Tienda online para Serigraf\u00eda\",\"publisher\":{\"@id\":\"https:\\\/\\\/globalprix.com\\\/#organization\"},\"alternateName\":\"Tienda online de serigraf\u00eda\",\"potentialAction\":[{\"@type\":\"SearchAction\",\"target\":{\"@type\":\"EntryPoint\",\"urlTemplate\":\"https:\\\/\\\/globalprix.com\\\/?s={search_term_string}\"},\"query-input\":{\"@type\":\"PropertyValueSpecification\",\"valueRequired\":true,\"valueName\":\"search_term_string\"}}],\"inLanguage\":\"fr-FR\"},{\"@type\":\"Organization\",\"@id\":\"https:\\\/\\\/globalprix.com\\\/#organization\",\"name\":\"Global Managing\",\"alternateName\":\"Globalprix\",\"url\":\"https:\\\/\\\/globalprix.com\\\/\",\"logo\":{\"@type\":\"ImageObject\",\"inLanguage\":\"fr-FR\",\"@id\":\"https:\\\/\\\/globalprix.com\\\/#\\\/schema\\\/logo\\\/image\\\/\",\"url\":\"https:\\\/\\\/globalprix.com\\\/wp-content\\\/uploads\\\/2023\\\/03\\\/logo-globalprix.jpg\",\"contentUrl\":\"https:\\\/\\\/globalprix.com\\\/wp-content\\\/uploads\\\/2023\\\/03\\\/logo-globalprix.jpg\",\"width\":595,\"height\":202,\"caption\":\"Global Managing\"},\"image\":{\"@id\":\"https:\\\/\\\/globalprix.com\\\/#\\\/schema\\\/logo\\\/image\\\/\"}}]}<\/script>\n<!-- \/ Yoast SEO plugin. -->","yoast_head_json":{"title":"FOTOPOL REL\u00c9mulsion polym\u00e8re \u00e0 base d\u2019eau, haute \u00e9paisseur, braille id\u00e9alConteneur de 1 kg | Globalprix.com","robots":{"index":"index","follow":"follow","max-snippet":"max-snippet:-1","max-image-preview":"max-image-preview:large","max-video-preview":"max-video-preview:-1"},"canonical":"https:\/\/globalprix.com\/fr\/produit\/photopol-remulsion-polymere-al-eau-haut-epaissi-ideal-braile1-kg\/","og_locale":"fr_FR","og_type":"article","og_title":"FOTOPOL REL\u00c9mulsion polym\u00e8re \u00e0 base d\u2019eau, haute \u00e9paisseur, braille id\u00e9alConteneur de 1 kg | Globalprix.com","og_description":"\u00c9mulsion de polym\u00e8re bleu de troisi\u00e8me g\u00e9n\u00e9ration, r\u00e9sistante \u00e0 l\u2019eau, contenant 51 % de solides, une viscosit\u00e9 extr\u00eamement \u00e9lev\u00e9e et une sensibilit\u00e9 tr\u00e8s rapide. Con\u00e7u pour l\u2019impression d\u2019encres haute densit\u00e9, d\u2019encres expansives, de paillettes, d\u2019effets lenticulaires et d\u2019autres applications n\u00e9cessitant des d\u00e9p\u00f4ts d\u2019encre \u00e9lev\u00e9s. Pour les impressions de reliefs en graphique.","og_url":"https:\/\/globalprix.com\/fr\/produit\/photopol-remulsion-polymere-al-eau-haut-epaissi-ideal-braile1-kg\/","og_site_name":"Globalprix.com","article_modified_time":"2024-02-16T11:24:15+00:00","og_image":[{"width":2047,"height":2047,"url":"https:\/\/globalprix.com\/wp-content\/uploads\/2021\/05\/fotopol-rel-1kg.jpg","type":"image\/jpeg"}],"twitter_card":"summary_large_image","schema":{"@context":"https:\/\/schema.org","@graph":[{"@type":"WebPage","@id":"https:\/\/globalprix.com\/fr\/produit\/photopol-remulsion-polymere-al-eau-haut-epaissi-ideal-braile1-kg\/","url":"https:\/\/globalprix.com\/fr\/produit\/photopol-remulsion-polymere-al-eau-haut-epaissi-ideal-braile1-kg\/","name":"FOTOPOL REL \u00c9mulsion polym\u00e8re \u00e0 base d\u2019eau, haute \u00e9paisseur, braille id\u00e9al Conteneur de 1 kg | Globalprix.com","isPartOf":{"@id":"https:\/\/globalprix.com\/#website"},"primaryImageOfPage":{"@id":"https:\/\/globalprix.com\/fr\/produit\/photopol-remulsion-polymere-al-eau-haut-epaissi-ideal-braile1-kg\/#primaryimage"},"image":{"@id":"https:\/\/globalprix.com\/fr\/produit\/photopol-remulsion-polymere-al-eau-haut-epaissi-ideal-braile1-kg\/#primaryimage"},"thumbnailUrl":"https:\/\/globalprix.com\/wp-content\/uploads\/2021\/05\/fotopol-rel-1kg.jpg","datePublished":"2022-09-05T05:27:18+00:00","dateModified":"2024-02-16T11:24:15+00:00","breadcrumb":{"@id":"https:\/\/globalprix.com\/fr\/produit\/photopol-remulsion-polymere-al-eau-haut-epaissi-ideal-braile1-kg\/#breadcrumb"},"inLanguage":"fr-FR","potentialAction":[{"@type":"ReadAction","target":["https:\/\/globalprix.com\/fr\/produit\/photopol-remulsion-polymere-al-eau-haut-epaissi-ideal-braile1-kg\/"]}]},{"@type":"ImageObject","inLanguage":"fr-FR","@id":"https:\/\/globalprix.com\/fr\/produit\/photopol-remulsion-polymere-al-eau-haut-epaissi-ideal-braile1-kg\/#primaryimage","url":"https:\/\/globalprix.com\/wp-content\/uploads\/2021\/05\/fotopol-rel-1kg.jpg","contentUrl":"https:\/\/globalprix.com\/wp-content\/uploads\/2021\/05\/fotopol-rel-1kg.jpg","width":2047,"height":2047},{"@type":"BreadcrumbList","@id":"https:\/\/globalprix.com\/fr\/produit\/photopol-remulsion-polymere-al-eau-haut-epaissi-ideal-braile1-kg\/#breadcrumb","itemListElement":[{"@type":"ListItem","position":1,"name":"Portada","item":"https:\/\/globalprix.com\/en\/"},{"@type":"ListItem","position":2,"name":"Boutique","item":"https:\/\/globalprix.com\/fr\/boutique\/"},{"@type":"ListItem","position":3,"name":"FOTOPOL REL\u00c9mulsion polym\u00e8re \u00e0 base d\u2019eau, haute \u00e9paisseur, braille id\u00e9alConteneur de 1 kg"}]},{"@type":"WebSite","@id":"https:\/\/globalprix.com\/#website","url":"https:\/\/globalprix.com\/","name":"Globalprix","description":"Tienda online para Serigraf\u00eda","publisher":{"@id":"https:\/\/globalprix.com\/#organization"},"alternateName":"Tienda online de serigraf\u00eda","potentialAction":[{"@type":"SearchAction","target":{"@type":"EntryPoint","urlTemplate":"https:\/\/globalprix.com\/?s={search_term_string}"},"query-input":{"@type":"PropertyValueSpecification","valueRequired":true,"valueName":"search_term_string"}}],"inLanguage":"fr-FR"},{"@type":"Organization","@id":"https:\/\/globalprix.com\/#organization","name":"Global Managing","alternateName":"Globalprix","url":"https:\/\/globalprix.com\/","logo":{"@type":"ImageObject","inLanguage":"fr-FR","@id":"https:\/\/globalprix.com\/#\/schema\/logo\/image\/","url":"https:\/\/globalprix.com\/wp-content\/uploads\/2023\/03\/logo-globalprix.jpg","contentUrl":"https:\/\/globalprix.com\/wp-content\/uploads\/2023\/03\/logo-globalprix.jpg","width":595,"height":202,"caption":"Global Managing"},"image":{"@id":"https:\/\/globalprix.com\/#\/schema\/logo\/image\/"}}]}},"_links":{"self":[{"href":"https:\/\/globalprix.com\/fr\/wp-json\/wp\/v2\/product\/23428","targetHints":{"allow":["GET"]}}],"collection":[{"href":"https:\/\/globalprix.com\/fr\/wp-json\/wp\/v2\/product"}],"about":[{"href":"https:\/\/globalprix.com\/fr\/wp-json\/wp\/v2\/types\/product"}],"replies":[{"embeddable":true,"href":"https:\/\/globalprix.com\/fr\/wp-json\/wp\/v2\/comments?post=23428"}],"version-history":[{"count":0,"href":"https:\/\/globalprix.com\/fr\/wp-json\/wp\/v2\/product\/23428\/revisions"}],"wp:featuredmedia":[{"embeddable":true,"href":"https:\/\/globalprix.com\/fr\/wp-json\/wp\/v2\/media\/5306"}],"wp:attachment":[{"href":"https:\/\/globalprix.com\/fr\/wp-json\/wp\/v2\/media?parent=23428"}],"wp:term":[{"taxonomy":"product_brand","embeddable":true,"href":"https:\/\/globalprix.com\/fr\/wp-json\/wp\/v2\/product_brand?post=23428"},{"taxonomy":"product_cat","embeddable":true,"href":"https:\/\/globalprix.com\/fr\/wp-json\/wp\/v2\/product_cat?post=23428"},{"taxonomy":"product_tag","embeddable":true,"href":"https:\/\/globalprix.com\/fr\/wp-json\/wp\/v2\/product_tag?post=23428"}],"curies":[{"name":"wp","href":"https:\/\/api.w.org\/{rel}","templated":true}]}}