{"id":23436,"date":"2022-08-26T11:57:06","date_gmt":"2022-08-26T09:57:06","guid":{"rendered":"https:\/\/globalprix.com\/producto\/fiche-de-couverture-stahls-grip-pack-25uds-feuilles-de-protection-40cmx50cm\/"},"modified":"2024-02-14T09:15:23","modified_gmt":"2024-02-14T08:15:23","slug":"stahls-feuilles-protectriceboite-de-25-feuilles-40-cm-x-50-cm","status":"publish","type":"product","link":"https:\/\/globalprix.com\/fr\/produit\/stahls-feuilles-protectriceboite-de-25-feuilles-40-cm-x-50-cm\/","title":{"rendered":"FEUILLES PROTECTRICES STAHLS<br>Bo\u00eete de 25 feuilles  <br>40 cm x 50 cm"},"content":{"rendered":"<p>S\u2019il n\u2019y a pas de stock de l\u2019article, contactez-nous pour d\u00e9finir un d\u00e9lai de livraison en info@globalprix.com<\/p>\n","protected":false},"excerpt":{"rendered":"<p>Lame de couvercle de poign\u00e9e. Enduit de cire, ne convient pas \u00e0 une utilisation avec de l\u2019encre \u00e0 sublimation. Il fonctionne g\u00e9n\u00e9ralement parfaitement en finition de surface mate. Chaque c\u00f4t\u00e9 peut \u00eatre utilis\u00e9 plusieurs fois.<\/p>\n","protected":false},"featured_media":12905,"comment_status":"open","ping_status":"closed","template":"","meta":[],"product_brand":[],"product_cat":[2671,520],"product_tag":[],"class_list":{"0":"post-23436","1":"product","2":"type-product","3":"status-publish","4":"has-post-thumbnail","6":"product_cat-auxiliaires-en-vinyle","7":"product_cat-vinilo-fr","9":"first","10":"outofstock","11":"taxable","12":"shipping-taxable","13":"purchasable","14":"product-type-simple"},"yoast_head":"<!-- This site is optimized with the Yoast SEO plugin v27.3 - https:\/\/yoast.com\/product\/yoast-seo-wordpress\/ -->\n<title>FEUILLES PROTECTRICES STAHLSBo\u00eete de 25 feuilles 40 cm x 50 cm | Globalprix.com<\/title>\n<meta name=\"robots\" content=\"index, follow, max-snippet:-1, max-image-preview:large, max-video-preview:-1\" \/>\n<link rel=\"canonical\" href=\"https:\/\/globalprix.com\/fr\/produit\/stahls-feuilles-protectriceboite-de-25-feuilles-40-cm-x-50-cm\/\" \/>\n<meta property=\"og:locale\" content=\"fr_FR\" \/>\n<meta property=\"og:type\" content=\"article\" \/>\n<meta property=\"og:title\" content=\"FEUILLES PROTECTRICES STAHLSBo\u00eete de 25 feuilles 40 cm x 50 cm | Globalprix.com\" \/>\n<meta property=\"og:description\" content=\"Lame de couvercle de poign\u00e9e. Enduit de cire, ne convient pas \u00e0 une utilisation avec de l\u2019encre \u00e0 sublimation. Il fonctionne g\u00e9n\u00e9ralement parfaitement en finition de surface mate. Chaque c\u00f4t\u00e9 peut \u00eatre utilis\u00e9 plusieurs fois.\" \/>\n<meta property=\"og:url\" content=\"https:\/\/globalprix.com\/fr\/produit\/stahls-feuilles-protectriceboite-de-25-feuilles-40-cm-x-50-cm\/\" \/>\n<meta property=\"og:site_name\" content=\"Globalprix.com\" \/>\n<meta property=\"article:modified_time\" content=\"2024-02-14T08:15:23+00:00\" \/>\n<meta property=\"og:image\" content=\"https:\/\/globalprix.com\/wp-content\/uploads\/2022\/08\/Grip-38x48-web.jpg\" \/>\n\t<meta property=\"og:image:width\" content=\"500\" \/>\n\t<meta property=\"og:image:height\" content=\"500\" \/>\n\t<meta property=\"og:image:type\" content=\"image\/jpeg\" \/>\n<meta name=\"twitter:card\" content=\"summary_large_image\" \/>\n<script type=\"application\/ld+json\" class=\"yoast-schema-graph\">{\"@context\":\"https:\\\/\\\/schema.org\",\"@graph\":[{\"@type\":\"WebPage\",\"@id\":\"https:\\\/\\\/globalprix.com\\\/fr\\\/produit\\\/stahls-feuilles-protectriceboite-de-25-feuilles-40-cm-x-50-cm\\\/\",\"url\":\"https:\\\/\\\/globalprix.com\\\/fr\\\/produit\\\/stahls-feuilles-protectriceboite-de-25-feuilles-40-cm-x-50-cm\\\/\",\"name\":\"FEUILLES PROTECTRICES STAHLS Bo\u00eete de 25 feuilles 40 cm x 50 cm | Globalprix.com\",\"isPartOf\":{\"@id\":\"https:\\\/\\\/globalprix.com\\\/#website\"},\"primaryImageOfPage\":{\"@id\":\"https:\\\/\\\/globalprix.com\\\/fr\\\/produit\\\/stahls-feuilles-protectriceboite-de-25-feuilles-40-cm-x-50-cm\\\/#primaryimage\"},\"image\":{\"@id\":\"https:\\\/\\\/globalprix.com\\\/fr\\\/produit\\\/stahls-feuilles-protectriceboite-de-25-feuilles-40-cm-x-50-cm\\\/#primaryimage\"},\"thumbnailUrl\":\"https:\\\/\\\/globalprix.com\\\/wp-content\\\/uploads\\\/2022\\\/08\\\/Grip-38x48-web.jpg\",\"datePublished\":\"2022-08-26T09:57:06+00:00\",\"dateModified\":\"2024-02-14T08:15:23+00:00\",\"breadcrumb\":{\"@id\":\"https:\\\/\\\/globalprix.com\\\/fr\\\/produit\\\/stahls-feuilles-protectriceboite-de-25-feuilles-40-cm-x-50-cm\\\/#breadcrumb\"},\"inLanguage\":\"fr-FR\",\"potentialAction\":[{\"@type\":\"ReadAction\",\"target\":[\"https:\\\/\\\/globalprix.com\\\/fr\\\/produit\\\/stahls-feuilles-protectriceboite-de-25-feuilles-40-cm-x-50-cm\\\/\"]}]},{\"@type\":\"ImageObject\",\"inLanguage\":\"fr-FR\",\"@id\":\"https:\\\/\\\/globalprix.com\\\/fr\\\/produit\\\/stahls-feuilles-protectriceboite-de-25-feuilles-40-cm-x-50-cm\\\/#primaryimage\",\"url\":\"https:\\\/\\\/globalprix.com\\\/wp-content\\\/uploads\\\/2022\\\/08\\\/Grip-38x48-web.jpg\",\"contentUrl\":\"https:\\\/\\\/globalprix.com\\\/wp-content\\\/uploads\\\/2022\\\/08\\\/Grip-38x48-web.jpg\",\"width\":500,\"height\":500},{\"@type\":\"BreadcrumbList\",\"@id\":\"https:\\\/\\\/globalprix.com\\\/fr\\\/produit\\\/stahls-feuilles-protectriceboite-de-25-feuilles-40-cm-x-50-cm\\\/#breadcrumb\",\"itemListElement\":[{\"@type\":\"ListItem\",\"position\":1,\"name\":\"Portada\",\"item\":\"https:\\\/\\\/globalprix.com\\\/en\\\/\"},{\"@type\":\"ListItem\",\"position\":2,\"name\":\"Boutique\",\"item\":\"https:\\\/\\\/globalprix.com\\\/fr\\\/boutique\\\/\"},{\"@type\":\"ListItem\",\"position\":3,\"name\":\"FEUILLES PROTECTRICES STAHLSBo\u00eete de 25 feuilles 40 cm x 50 cm\"}]},{\"@type\":\"WebSite\",\"@id\":\"https:\\\/\\\/globalprix.com\\\/#website\",\"url\":\"https:\\\/\\\/globalprix.com\\\/\",\"name\":\"Globalprix\",\"description\":\"Tienda online para Serigraf\u00eda\",\"publisher\":{\"@id\":\"https:\\\/\\\/globalprix.com\\\/#organization\"},\"alternateName\":\"Tienda online de serigraf\u00eda\",\"potentialAction\":[{\"@type\":\"SearchAction\",\"target\":{\"@type\":\"EntryPoint\",\"urlTemplate\":\"https:\\\/\\\/globalprix.com\\\/?s={search_term_string}\"},\"query-input\":{\"@type\":\"PropertyValueSpecification\",\"valueRequired\":true,\"valueName\":\"search_term_string\"}}],\"inLanguage\":\"fr-FR\"},{\"@type\":\"Organization\",\"@id\":\"https:\\\/\\\/globalprix.com\\\/#organization\",\"name\":\"Global Managing\",\"alternateName\":\"Globalprix\",\"url\":\"https:\\\/\\\/globalprix.com\\\/\",\"logo\":{\"@type\":\"ImageObject\",\"inLanguage\":\"fr-FR\",\"@id\":\"https:\\\/\\\/globalprix.com\\\/#\\\/schema\\\/logo\\\/image\\\/\",\"url\":\"https:\\\/\\\/globalprix.com\\\/wp-content\\\/uploads\\\/2023\\\/03\\\/logo-globalprix.jpg\",\"contentUrl\":\"https:\\\/\\\/globalprix.com\\\/wp-content\\\/uploads\\\/2023\\\/03\\\/logo-globalprix.jpg\",\"width\":595,\"height\":202,\"caption\":\"Global Managing\"},\"image\":{\"@id\":\"https:\\\/\\\/globalprix.com\\\/#\\\/schema\\\/logo\\\/image\\\/\"}}]}<\/script>\n<!-- \/ Yoast SEO plugin. -->","yoast_head_json":{"title":"FEUILLES PROTECTRICES STAHLSBo\u00eete de 25 feuilles 40 cm x 50 cm | Globalprix.com","robots":{"index":"index","follow":"follow","max-snippet":"max-snippet:-1","max-image-preview":"max-image-preview:large","max-video-preview":"max-video-preview:-1"},"canonical":"https:\/\/globalprix.com\/fr\/produit\/stahls-feuilles-protectriceboite-de-25-feuilles-40-cm-x-50-cm\/","og_locale":"fr_FR","og_type":"article","og_title":"FEUILLES PROTECTRICES STAHLSBo\u00eete de 25 feuilles 40 cm x 50 cm | Globalprix.com","og_description":"Lame de couvercle de poign\u00e9e. Enduit de cire, ne convient pas \u00e0 une utilisation avec de l\u2019encre \u00e0 sublimation. Il fonctionne g\u00e9n\u00e9ralement parfaitement en finition de surface mate. Chaque c\u00f4t\u00e9 peut \u00eatre utilis\u00e9 plusieurs fois.","og_url":"https:\/\/globalprix.com\/fr\/produit\/stahls-feuilles-protectriceboite-de-25-feuilles-40-cm-x-50-cm\/","og_site_name":"Globalprix.com","article_modified_time":"2024-02-14T08:15:23+00:00","og_image":[{"width":500,"height":500,"url":"https:\/\/globalprix.com\/wp-content\/uploads\/2022\/08\/Grip-38x48-web.jpg","type":"image\/jpeg"}],"twitter_card":"summary_large_image","schema":{"@context":"https:\/\/schema.org","@graph":[{"@type":"WebPage","@id":"https:\/\/globalprix.com\/fr\/produit\/stahls-feuilles-protectriceboite-de-25-feuilles-40-cm-x-50-cm\/","url":"https:\/\/globalprix.com\/fr\/produit\/stahls-feuilles-protectriceboite-de-25-feuilles-40-cm-x-50-cm\/","name":"FEUILLES PROTECTRICES STAHLS Bo\u00eete de 25 feuilles 40 cm x 50 cm | Globalprix.com","isPartOf":{"@id":"https:\/\/globalprix.com\/#website"},"primaryImageOfPage":{"@id":"https:\/\/globalprix.com\/fr\/produit\/stahls-feuilles-protectriceboite-de-25-feuilles-40-cm-x-50-cm\/#primaryimage"},"image":{"@id":"https:\/\/globalprix.com\/fr\/produit\/stahls-feuilles-protectriceboite-de-25-feuilles-40-cm-x-50-cm\/#primaryimage"},"thumbnailUrl":"https:\/\/globalprix.com\/wp-content\/uploads\/2022\/08\/Grip-38x48-web.jpg","datePublished":"2022-08-26T09:57:06+00:00","dateModified":"2024-02-14T08:15:23+00:00","breadcrumb":{"@id":"https:\/\/globalprix.com\/fr\/produit\/stahls-feuilles-protectriceboite-de-25-feuilles-40-cm-x-50-cm\/#breadcrumb"},"inLanguage":"fr-FR","potentialAction":[{"@type":"ReadAction","target":["https:\/\/globalprix.com\/fr\/produit\/stahls-feuilles-protectriceboite-de-25-feuilles-40-cm-x-50-cm\/"]}]},{"@type":"ImageObject","inLanguage":"fr-FR","@id":"https:\/\/globalprix.com\/fr\/produit\/stahls-feuilles-protectriceboite-de-25-feuilles-40-cm-x-50-cm\/#primaryimage","url":"https:\/\/globalprix.com\/wp-content\/uploads\/2022\/08\/Grip-38x48-web.jpg","contentUrl":"https:\/\/globalprix.com\/wp-content\/uploads\/2022\/08\/Grip-38x48-web.jpg","width":500,"height":500},{"@type":"BreadcrumbList","@id":"https:\/\/globalprix.com\/fr\/produit\/stahls-feuilles-protectriceboite-de-25-feuilles-40-cm-x-50-cm\/#breadcrumb","itemListElement":[{"@type":"ListItem","position":1,"name":"Portada","item":"https:\/\/globalprix.com\/en\/"},{"@type":"ListItem","position":2,"name":"Boutique","item":"https:\/\/globalprix.com\/fr\/boutique\/"},{"@type":"ListItem","position":3,"name":"FEUILLES PROTECTRICES STAHLSBo\u00eete de 25 feuilles 40 cm x 50 cm"}]},{"@type":"WebSite","@id":"https:\/\/globalprix.com\/#website","url":"https:\/\/globalprix.com\/","name":"Globalprix","description":"Tienda online para Serigraf\u00eda","publisher":{"@id":"https:\/\/globalprix.com\/#organization"},"alternateName":"Tienda online de serigraf\u00eda","potentialAction":[{"@type":"SearchAction","target":{"@type":"EntryPoint","urlTemplate":"https:\/\/globalprix.com\/?s={search_term_string}"},"query-input":{"@type":"PropertyValueSpecification","valueRequired":true,"valueName":"search_term_string"}}],"inLanguage":"fr-FR"},{"@type":"Organization","@id":"https:\/\/globalprix.com\/#organization","name":"Global Managing","alternateName":"Globalprix","url":"https:\/\/globalprix.com\/","logo":{"@type":"ImageObject","inLanguage":"fr-FR","@id":"https:\/\/globalprix.com\/#\/schema\/logo\/image\/","url":"https:\/\/globalprix.com\/wp-content\/uploads\/2023\/03\/logo-globalprix.jpg","contentUrl":"https:\/\/globalprix.com\/wp-content\/uploads\/2023\/03\/logo-globalprix.jpg","width":595,"height":202,"caption":"Global Managing"},"image":{"@id":"https:\/\/globalprix.com\/#\/schema\/logo\/image\/"}}]}},"_links":{"self":[{"href":"https:\/\/globalprix.com\/fr\/wp-json\/wp\/v2\/product\/23436","targetHints":{"allow":["GET"]}}],"collection":[{"href":"https:\/\/globalprix.com\/fr\/wp-json\/wp\/v2\/product"}],"about":[{"href":"https:\/\/globalprix.com\/fr\/wp-json\/wp\/v2\/types\/product"}],"replies":[{"embeddable":true,"href":"https:\/\/globalprix.com\/fr\/wp-json\/wp\/v2\/comments?post=23436"}],"version-history":[{"count":0,"href":"https:\/\/globalprix.com\/fr\/wp-json\/wp\/v2\/product\/23436\/revisions"}],"wp:featuredmedia":[{"embeddable":true,"href":"https:\/\/globalprix.com\/fr\/wp-json\/wp\/v2\/media\/12905"}],"wp:attachment":[{"href":"https:\/\/globalprix.com\/fr\/wp-json\/wp\/v2\/media?parent=23436"}],"wp:term":[{"taxonomy":"product_brand","embeddable":true,"href":"https:\/\/globalprix.com\/fr\/wp-json\/wp\/v2\/product_brand?post=23436"},{"taxonomy":"product_cat","embeddable":true,"href":"https:\/\/globalprix.com\/fr\/wp-json\/wp\/v2\/product_cat?post=23436"},{"taxonomy":"product_tag","embeddable":true,"href":"https:\/\/globalprix.com\/fr\/wp-json\/wp\/v2\/product_tag?post=23436"}],"curies":[{"name":"wp","href":"https:\/\/api.w.org\/{rel}","templated":true}]}}