{"id":23448,"date":"2022-08-26T11:13:06","date_gmt":"2022-08-26T09:13:06","guid":{"rendered":"https:\/\/globalprix.com\/producto\/stahls-presse-a-chaleurcompteur-de-caddie-pied-de-table\/"},"modified":"2024-01-26T17:27:34","modified_gmt":"2024-01-26T16:27:34","slug":"table-footstahls-heat-presscounter-caddie","status":"publish","type":"product","link":"https:\/\/globalprix.com\/fr\/produit\/table-footstahls-heat-presscounter-caddie\/","title":{"rendered":"PIED DE TABLE EN FER<br>STAHLS Presse \u00e0 chaleurCompteur de caddie\u2122"},"content":{"rendered":"<p>Contactez-nous pour conna\u00eetre les caract\u00e9ristiques techniques et d\u00e9finir un d\u00e9lai de livraison.<\/p>\n<p>&nbsp;<\/p>\n","protected":false},"excerpt":{"rendered":"<p>Le pied de plancha de table STAHLS. vous permet de personnaliser votre presse \u00e0 chaud individuellement pour l\u2019utilisateur : avec notre Heat Press Caddie\u2122, il n\u2019y a aucun probl\u00e8me. \u00c0 l\u2019aide du chariot, sa presse thermique est r\u00e9glable en hauteur et peut \u00eatre repositionn\u00e9e \u00e0 tout moment, m\u00eame pendant le fonctionnement, si n\u00e9cessaire, gr\u00e2ce aux rouleaux fix\u00e9s. Les textiles peuvent \u00eatre retourn\u00e9s directement sur la plaque inf\u00e9rieure sans retirer le textile de la presse. Cela permet d\u2019\u00e9conomiser 40 % du temps de production.<\/p>\n","protected":false},"featured_media":12867,"comment_status":"open","ping_status":"closed","template":"","meta":[],"product_brand":[],"product_cat":[2681,2903,2754,520],"product_tag":[],"class_list":{"0":"post-23448","1":"product","2":"type-product","3":"status-publish","4":"has-post-thumbnail","6":"product_cat-transfert","7":"product_cat-presses-thermiques","8":"product_cat-produits","9":"product_cat-vinilo-fr","11":"first","12":"outofstock","13":"taxable","14":"shipping-taxable","15":"purchasable","16":"product-type-simple"},"yoast_head":"<!-- This site is optimized with the Yoast SEO plugin v27.3 - https:\/\/yoast.com\/product\/yoast-seo-wordpress\/ -->\n<title>PIED DE TABLE EN FERSTAHLS Presse \u00e0 chaleurCompteur de caddie\u2122 | Globalprix.com<\/title>\n<meta name=\"robots\" content=\"index, follow, max-snippet:-1, max-image-preview:large, max-video-preview:-1\" \/>\n<link rel=\"canonical\" href=\"https:\/\/globalprix.com\/fr\/produit\/table-footstahls-heat-presscounter-caddie\/\" \/>\n<meta property=\"og:locale\" content=\"fr_FR\" \/>\n<meta property=\"og:type\" content=\"article\" \/>\n<meta property=\"og:title\" content=\"PIED DE TABLE EN FERSTAHLS Presse \u00e0 chaleurCompteur de caddie\u2122 | Globalprix.com\" \/>\n<meta property=\"og:description\" content=\"Le pied de plancha de table STAHLS. vous permet de personnaliser votre presse \u00e0 chaud individuellement pour l\u2019utilisateur : avec notre Heat Press Caddie\u2122, il n\u2019y a aucun probl\u00e8me. \u00c0 l\u2019aide du chariot, sa presse thermique est r\u00e9glable en hauteur et peut \u00eatre repositionn\u00e9e \u00e0 tout moment, m\u00eame pendant le fonctionnement, si n\u00e9cessaire, gr\u00e2ce aux rouleaux fix\u00e9s. Les textiles peuvent \u00eatre retourn\u00e9s directement sur la plaque inf\u00e9rieure sans retirer le textile de la presse. Cela permet d\u2019\u00e9conomiser 40 % du temps de production.\" \/>\n<meta property=\"og:url\" content=\"https:\/\/globalprix.com\/fr\/produit\/table-footstahls-heat-presscounter-caddie\/\" \/>\n<meta property=\"og:site_name\" content=\"Globalprix.com\" \/>\n<meta property=\"article:modified_time\" content=\"2024-01-26T16:27:34+00:00\" \/>\n<meta property=\"og:image\" content=\"https:\/\/globalprix.com\/wp-content\/uploads\/2022\/08\/Heat-PressCounter-Caddie\u2122-Pie-de-plancha-de-sobremesa.jpg\" \/>\n\t<meta property=\"og:image:width\" content=\"700\" \/>\n\t<meta property=\"og:image:height\" content=\"700\" \/>\n\t<meta property=\"og:image:type\" content=\"image\/jpeg\" \/>\n<meta name=\"twitter:card\" content=\"summary_large_image\" \/>\n<script type=\"application\/ld+json\" class=\"yoast-schema-graph\">{\"@context\":\"https:\\\/\\\/schema.org\",\"@graph\":[{\"@type\":\"WebPage\",\"@id\":\"https:\\\/\\\/globalprix.com\\\/fr\\\/produit\\\/table-footstahls-heat-presscounter-caddie\\\/\",\"url\":\"https:\\\/\\\/globalprix.com\\\/fr\\\/produit\\\/table-footstahls-heat-presscounter-caddie\\\/\",\"name\":\"PIED DE TABLE EN FER STAHLS Presse \u00e0 chaleurCompteur de caddie\u2122 | Globalprix.com\",\"isPartOf\":{\"@id\":\"https:\\\/\\\/globalprix.com\\\/#website\"},\"primaryImageOfPage\":{\"@id\":\"https:\\\/\\\/globalprix.com\\\/fr\\\/produit\\\/table-footstahls-heat-presscounter-caddie\\\/#primaryimage\"},\"image\":{\"@id\":\"https:\\\/\\\/globalprix.com\\\/fr\\\/produit\\\/table-footstahls-heat-presscounter-caddie\\\/#primaryimage\"},\"thumbnailUrl\":\"https:\\\/\\\/globalprix.com\\\/wp-content\\\/uploads\\\/2022\\\/08\\\/Heat-PressCounter-Caddie\u2122-Pie-de-plancha-de-sobremesa.jpg\",\"datePublished\":\"2022-08-26T09:13:06+00:00\",\"dateModified\":\"2024-01-26T16:27:34+00:00\",\"breadcrumb\":{\"@id\":\"https:\\\/\\\/globalprix.com\\\/fr\\\/produit\\\/table-footstahls-heat-presscounter-caddie\\\/#breadcrumb\"},\"inLanguage\":\"fr-FR\",\"potentialAction\":[{\"@type\":\"ReadAction\",\"target\":[\"https:\\\/\\\/globalprix.com\\\/fr\\\/produit\\\/table-footstahls-heat-presscounter-caddie\\\/\"]}]},{\"@type\":\"ImageObject\",\"inLanguage\":\"fr-FR\",\"@id\":\"https:\\\/\\\/globalprix.com\\\/fr\\\/produit\\\/table-footstahls-heat-presscounter-caddie\\\/#primaryimage\",\"url\":\"https:\\\/\\\/globalprix.com\\\/wp-content\\\/uploads\\\/2022\\\/08\\\/Heat-PressCounter-Caddie\u2122-Pie-de-plancha-de-sobremesa.jpg\",\"contentUrl\":\"https:\\\/\\\/globalprix.com\\\/wp-content\\\/uploads\\\/2022\\\/08\\\/Heat-PressCounter-Caddie\u2122-Pie-de-plancha-de-sobremesa.jpg\",\"width\":700,\"height\":700},{\"@type\":\"BreadcrumbList\",\"@id\":\"https:\\\/\\\/globalprix.com\\\/fr\\\/produit\\\/table-footstahls-heat-presscounter-caddie\\\/#breadcrumb\",\"itemListElement\":[{\"@type\":\"ListItem\",\"position\":1,\"name\":\"Portada\",\"item\":\"https:\\\/\\\/globalprix.com\\\/en\\\/\"},{\"@type\":\"ListItem\",\"position\":2,\"name\":\"Boutique\",\"item\":\"https:\\\/\\\/globalprix.com\\\/fr\\\/boutique\\\/\"},{\"@type\":\"ListItem\",\"position\":3,\"name\":\"PIED DE TABLE EN FERSTAHLS Presse \u00e0 chaleurCompteur de caddie\u2122\"}]},{\"@type\":\"WebSite\",\"@id\":\"https:\\\/\\\/globalprix.com\\\/#website\",\"url\":\"https:\\\/\\\/globalprix.com\\\/\",\"name\":\"Globalprix\",\"description\":\"Tienda online para Serigraf\u00eda\",\"publisher\":{\"@id\":\"https:\\\/\\\/globalprix.com\\\/#organization\"},\"alternateName\":\"Tienda online de serigraf\u00eda\",\"potentialAction\":[{\"@type\":\"SearchAction\",\"target\":{\"@type\":\"EntryPoint\",\"urlTemplate\":\"https:\\\/\\\/globalprix.com\\\/?s={search_term_string}\"},\"query-input\":{\"@type\":\"PropertyValueSpecification\",\"valueRequired\":true,\"valueName\":\"search_term_string\"}}],\"inLanguage\":\"fr-FR\"},{\"@type\":\"Organization\",\"@id\":\"https:\\\/\\\/globalprix.com\\\/#organization\",\"name\":\"Global Managing\",\"alternateName\":\"Globalprix\",\"url\":\"https:\\\/\\\/globalprix.com\\\/\",\"logo\":{\"@type\":\"ImageObject\",\"inLanguage\":\"fr-FR\",\"@id\":\"https:\\\/\\\/globalprix.com\\\/#\\\/schema\\\/logo\\\/image\\\/\",\"url\":\"https:\\\/\\\/globalprix.com\\\/wp-content\\\/uploads\\\/2023\\\/03\\\/logo-globalprix.jpg\",\"contentUrl\":\"https:\\\/\\\/globalprix.com\\\/wp-content\\\/uploads\\\/2023\\\/03\\\/logo-globalprix.jpg\",\"width\":595,\"height\":202,\"caption\":\"Global Managing\"},\"image\":{\"@id\":\"https:\\\/\\\/globalprix.com\\\/#\\\/schema\\\/logo\\\/image\\\/\"}}]}<\/script>\n<!-- \/ Yoast SEO plugin. -->","yoast_head_json":{"title":"PIED DE TABLE EN FERSTAHLS Presse \u00e0 chaleurCompteur de caddie\u2122 | Globalprix.com","robots":{"index":"index","follow":"follow","max-snippet":"max-snippet:-1","max-image-preview":"max-image-preview:large","max-video-preview":"max-video-preview:-1"},"canonical":"https:\/\/globalprix.com\/fr\/produit\/table-footstahls-heat-presscounter-caddie\/","og_locale":"fr_FR","og_type":"article","og_title":"PIED DE TABLE EN FERSTAHLS Presse \u00e0 chaleurCompteur de caddie\u2122 | Globalprix.com","og_description":"Le pied de plancha de table STAHLS. vous permet de personnaliser votre presse \u00e0 chaud individuellement pour l\u2019utilisateur : avec notre Heat Press Caddie\u2122, il n\u2019y a aucun probl\u00e8me. \u00c0 l\u2019aide du chariot, sa presse thermique est r\u00e9glable en hauteur et peut \u00eatre repositionn\u00e9e \u00e0 tout moment, m\u00eame pendant le fonctionnement, si n\u00e9cessaire, gr\u00e2ce aux rouleaux fix\u00e9s. Les textiles peuvent \u00eatre retourn\u00e9s directement sur la plaque inf\u00e9rieure sans retirer le textile de la presse. Cela permet d\u2019\u00e9conomiser 40 % du temps de production.","og_url":"https:\/\/globalprix.com\/fr\/produit\/table-footstahls-heat-presscounter-caddie\/","og_site_name":"Globalprix.com","article_modified_time":"2024-01-26T16:27:34+00:00","og_image":[{"width":700,"height":700,"url":"https:\/\/globalprix.com\/wp-content\/uploads\/2022\/08\/Heat-PressCounter-Caddie\u2122-Pie-de-plancha-de-sobremesa.jpg","type":"image\/jpeg"}],"twitter_card":"summary_large_image","schema":{"@context":"https:\/\/schema.org","@graph":[{"@type":"WebPage","@id":"https:\/\/globalprix.com\/fr\/produit\/table-footstahls-heat-presscounter-caddie\/","url":"https:\/\/globalprix.com\/fr\/produit\/table-footstahls-heat-presscounter-caddie\/","name":"PIED DE TABLE EN FER STAHLS Presse \u00e0 chaleurCompteur de caddie\u2122 | Globalprix.com","isPartOf":{"@id":"https:\/\/globalprix.com\/#website"},"primaryImageOfPage":{"@id":"https:\/\/globalprix.com\/fr\/produit\/table-footstahls-heat-presscounter-caddie\/#primaryimage"},"image":{"@id":"https:\/\/globalprix.com\/fr\/produit\/table-footstahls-heat-presscounter-caddie\/#primaryimage"},"thumbnailUrl":"https:\/\/globalprix.com\/wp-content\/uploads\/2022\/08\/Heat-PressCounter-Caddie\u2122-Pie-de-plancha-de-sobremesa.jpg","datePublished":"2022-08-26T09:13:06+00:00","dateModified":"2024-01-26T16:27:34+00:00","breadcrumb":{"@id":"https:\/\/globalprix.com\/fr\/produit\/table-footstahls-heat-presscounter-caddie\/#breadcrumb"},"inLanguage":"fr-FR","potentialAction":[{"@type":"ReadAction","target":["https:\/\/globalprix.com\/fr\/produit\/table-footstahls-heat-presscounter-caddie\/"]}]},{"@type":"ImageObject","inLanguage":"fr-FR","@id":"https:\/\/globalprix.com\/fr\/produit\/table-footstahls-heat-presscounter-caddie\/#primaryimage","url":"https:\/\/globalprix.com\/wp-content\/uploads\/2022\/08\/Heat-PressCounter-Caddie\u2122-Pie-de-plancha-de-sobremesa.jpg","contentUrl":"https:\/\/globalprix.com\/wp-content\/uploads\/2022\/08\/Heat-PressCounter-Caddie\u2122-Pie-de-plancha-de-sobremesa.jpg","width":700,"height":700},{"@type":"BreadcrumbList","@id":"https:\/\/globalprix.com\/fr\/produit\/table-footstahls-heat-presscounter-caddie\/#breadcrumb","itemListElement":[{"@type":"ListItem","position":1,"name":"Portada","item":"https:\/\/globalprix.com\/en\/"},{"@type":"ListItem","position":2,"name":"Boutique","item":"https:\/\/globalprix.com\/fr\/boutique\/"},{"@type":"ListItem","position":3,"name":"PIED DE TABLE EN FERSTAHLS Presse \u00e0 chaleurCompteur de caddie\u2122"}]},{"@type":"WebSite","@id":"https:\/\/globalprix.com\/#website","url":"https:\/\/globalprix.com\/","name":"Globalprix","description":"Tienda online para Serigraf\u00eda","publisher":{"@id":"https:\/\/globalprix.com\/#organization"},"alternateName":"Tienda online de serigraf\u00eda","potentialAction":[{"@type":"SearchAction","target":{"@type":"EntryPoint","urlTemplate":"https:\/\/globalprix.com\/?s={search_term_string}"},"query-input":{"@type":"PropertyValueSpecification","valueRequired":true,"valueName":"search_term_string"}}],"inLanguage":"fr-FR"},{"@type":"Organization","@id":"https:\/\/globalprix.com\/#organization","name":"Global Managing","alternateName":"Globalprix","url":"https:\/\/globalprix.com\/","logo":{"@type":"ImageObject","inLanguage":"fr-FR","@id":"https:\/\/globalprix.com\/#\/schema\/logo\/image\/","url":"https:\/\/globalprix.com\/wp-content\/uploads\/2023\/03\/logo-globalprix.jpg","contentUrl":"https:\/\/globalprix.com\/wp-content\/uploads\/2023\/03\/logo-globalprix.jpg","width":595,"height":202,"caption":"Global Managing"},"image":{"@id":"https:\/\/globalprix.com\/#\/schema\/logo\/image\/"}}]}},"_links":{"self":[{"href":"https:\/\/globalprix.com\/fr\/wp-json\/wp\/v2\/product\/23448","targetHints":{"allow":["GET"]}}],"collection":[{"href":"https:\/\/globalprix.com\/fr\/wp-json\/wp\/v2\/product"}],"about":[{"href":"https:\/\/globalprix.com\/fr\/wp-json\/wp\/v2\/types\/product"}],"replies":[{"embeddable":true,"href":"https:\/\/globalprix.com\/fr\/wp-json\/wp\/v2\/comments?post=23448"}],"version-history":[{"count":0,"href":"https:\/\/globalprix.com\/fr\/wp-json\/wp\/v2\/product\/23448\/revisions"}],"wp:featuredmedia":[{"embeddable":true,"href":"https:\/\/globalprix.com\/fr\/wp-json\/wp\/v2\/media\/12867"}],"wp:attachment":[{"href":"https:\/\/globalprix.com\/fr\/wp-json\/wp\/v2\/media?parent=23448"}],"wp:term":[{"taxonomy":"product_brand","embeddable":true,"href":"https:\/\/globalprix.com\/fr\/wp-json\/wp\/v2\/product_brand?post=23448"},{"taxonomy":"product_cat","embeddable":true,"href":"https:\/\/globalprix.com\/fr\/wp-json\/wp\/v2\/product_cat?post=23448"},{"taxonomy":"product_tag","embeddable":true,"href":"https:\/\/globalprix.com\/fr\/wp-json\/wp\/v2\/product_tag?post=23448"}],"curies":[{"name":"wp","href":"https:\/\/api.w.org\/{rel}","templated":true}]}}