{"id":23455,"date":"2022-08-26T10:44:19","date_gmt":"2022-08-26T08:44:19","guid":{"rendered":"https:\/\/globalprix.com\/producto\/stahls-sprint-mag-fer-textile-multitache-40cmx50cm-magnetique\/"},"modified":"2024-02-14T09:15:54","modified_gmt":"2024-02-14T08:15:54","slug":"fer-thermique-multitache-magneticahls-sprintmag40-cm-x-50-cm","status":"publish","type":"product","link":"https:\/\/globalprix.com\/fr\/produit\/fer-thermique-multitache-magneticahls-sprintmag40-cm-x-50-cm\/","title":{"rendered":"FER THERMIQUE MAGN\u00c9TIQUE MULTIT\u00c2CHE<br>STAHLS Sprint\u00aeMag<br>40 cm x 50 cm"},"content":{"rendered":"<p>S\u2019il n\u2019y a pas de stock de l\u2019article, contactez-nous pour d\u00e9finir un d\u00e9lai de livraison en info@globalprix.com<\/p>\n","protected":false},"excerpt":{"rendered":"<p>Les presses Sprint\u00ae Mag ont un affichage num\u00e9rique de l\u2019heure, de la pression et de la temp\u00e9rature. La fermeture magn\u00e9tique brevet\u00e9e \u00e0 ouverture automatique permet de pr\u00e9parer le tissu suivant pour l\u2019impression sans perdre de temps apr\u00e8s la fermeture de la presse \u00e0 chaleur. Le bouton de r\u00e9glage de pression centr\u00e9 fournit la pression parfaite, qui distribue la chaleur et la pression uniform\u00e9ment sur toute la surface. Le Twin Timer est id\u00e9al pour l\u2019impression en 2 \u00e9tapes ou pour le pr\u00e9pressage de textiles.<\/p>\n","protected":false},"featured_media":12893,"comment_status":"open","ping_status":"closed","template":"","meta":[],"product_brand":[],"product_cat":[2681,2903,2754,520],"product_tag":[],"class_list":{"0":"post-23455","1":"product","2":"type-product","3":"status-publish","4":"has-post-thumbnail","6":"product_cat-transfert","7":"product_cat-presses-thermiques","8":"product_cat-produits","9":"product_cat-vinilo-fr","11":"first","12":"outofstock","13":"taxable","14":"shipping-taxable","15":"purchasable","16":"product-type-simple"},"yoast_head":"<!-- This site is optimized with the Yoast SEO plugin v27.3 - https:\/\/yoast.com\/product\/yoast-seo-wordpress\/ -->\n<title>FER THERMIQUE MAGN\u00c9TIQUE MULTIT\u00c2CHESTAHLS Sprint\u00aeMag40 cm x 50 cm | Globalprix.com<\/title>\n<meta name=\"robots\" content=\"index, follow, max-snippet:-1, max-image-preview:large, max-video-preview:-1\" \/>\n<link rel=\"canonical\" href=\"https:\/\/globalprix.com\/fr\/produit\/fer-thermique-multitache-magneticahls-sprintmag40-cm-x-50-cm\/\" \/>\n<meta property=\"og:locale\" content=\"fr_FR\" \/>\n<meta property=\"og:type\" content=\"article\" \/>\n<meta property=\"og:title\" content=\"FER THERMIQUE MAGN\u00c9TIQUE MULTIT\u00c2CHESTAHLS Sprint\u00aeMag40 cm x 50 cm | Globalprix.com\" \/>\n<meta property=\"og:description\" content=\"Les presses Sprint\u00ae Mag ont un affichage num\u00e9rique de l\u2019heure, de la pression et de la temp\u00e9rature. La fermeture magn\u00e9tique brevet\u00e9e \u00e0 ouverture automatique permet de pr\u00e9parer le tissu suivant pour l\u2019impression sans perdre de temps apr\u00e8s la fermeture de la presse \u00e0 chaleur. Le bouton de r\u00e9glage de pression centr\u00e9 fournit la pression parfaite, qui distribue la chaleur et la pression uniform\u00e9ment sur toute la surface. Le Twin Timer est id\u00e9al pour l\u2019impression en 2 \u00e9tapes ou pour le pr\u00e9pressage de textiles.\" \/>\n<meta property=\"og:url\" content=\"https:\/\/globalprix.com\/fr\/produit\/fer-thermique-multitache-magneticahls-sprintmag40-cm-x-50-cm\/\" \/>\n<meta property=\"og:site_name\" content=\"Globalprix.com\" \/>\n<meta property=\"article:modified_time\" content=\"2024-02-14T08:15:54+00:00\" \/>\n<meta property=\"og:image\" content=\"https:\/\/globalprix.com\/wp-content\/uploads\/2022\/08\/spring-mag-40x50-PLANXA-STAHLS.jpg\" \/>\n\t<meta property=\"og:image:width\" content=\"800\" \/>\n\t<meta property=\"og:image:height\" content=\"800\" \/>\n\t<meta property=\"og:image:type\" content=\"image\/jpeg\" \/>\n<meta name=\"twitter:card\" content=\"summary_large_image\" \/>\n<script type=\"application\/ld+json\" class=\"yoast-schema-graph\">{\"@context\":\"https:\\\/\\\/schema.org\",\"@graph\":[{\"@type\":\"WebPage\",\"@id\":\"https:\\\/\\\/globalprix.com\\\/fr\\\/produit\\\/fer-thermique-multitache-magneticahls-sprintmag40-cm-x-50-cm\\\/\",\"url\":\"https:\\\/\\\/globalprix.com\\\/fr\\\/produit\\\/fer-thermique-multitache-magneticahls-sprintmag40-cm-x-50-cm\\\/\",\"name\":\"FER THERMIQUE MAGN\u00c9TIQUE MULTIT\u00c2CHE STAHLS Sprint\u00aeMag 40 cm x 50 cm | Globalprix.com\",\"isPartOf\":{\"@id\":\"https:\\\/\\\/globalprix.com\\\/#website\"},\"primaryImageOfPage\":{\"@id\":\"https:\\\/\\\/globalprix.com\\\/fr\\\/produit\\\/fer-thermique-multitache-magneticahls-sprintmag40-cm-x-50-cm\\\/#primaryimage\"},\"image\":{\"@id\":\"https:\\\/\\\/globalprix.com\\\/fr\\\/produit\\\/fer-thermique-multitache-magneticahls-sprintmag40-cm-x-50-cm\\\/#primaryimage\"},\"thumbnailUrl\":\"https:\\\/\\\/globalprix.com\\\/wp-content\\\/uploads\\\/2022\\\/08\\\/spring-mag-40x50-PLANXA-STAHLS.jpg\",\"datePublished\":\"2022-08-26T08:44:19+00:00\",\"dateModified\":\"2024-02-14T08:15:54+00:00\",\"breadcrumb\":{\"@id\":\"https:\\\/\\\/globalprix.com\\\/fr\\\/produit\\\/fer-thermique-multitache-magneticahls-sprintmag40-cm-x-50-cm\\\/#breadcrumb\"},\"inLanguage\":\"fr-FR\",\"potentialAction\":[{\"@type\":\"ReadAction\",\"target\":[\"https:\\\/\\\/globalprix.com\\\/fr\\\/produit\\\/fer-thermique-multitache-magneticahls-sprintmag40-cm-x-50-cm\\\/\"]}]},{\"@type\":\"ImageObject\",\"inLanguage\":\"fr-FR\",\"@id\":\"https:\\\/\\\/globalprix.com\\\/fr\\\/produit\\\/fer-thermique-multitache-magneticahls-sprintmag40-cm-x-50-cm\\\/#primaryimage\",\"url\":\"https:\\\/\\\/globalprix.com\\\/wp-content\\\/uploads\\\/2022\\\/08\\\/spring-mag-40x50-PLANXA-STAHLS.jpg\",\"contentUrl\":\"https:\\\/\\\/globalprix.com\\\/wp-content\\\/uploads\\\/2022\\\/08\\\/spring-mag-40x50-PLANXA-STAHLS.jpg\",\"width\":800,\"height\":800},{\"@type\":\"BreadcrumbList\",\"@id\":\"https:\\\/\\\/globalprix.com\\\/fr\\\/produit\\\/fer-thermique-multitache-magneticahls-sprintmag40-cm-x-50-cm\\\/#breadcrumb\",\"itemListElement\":[{\"@type\":\"ListItem\",\"position\":1,\"name\":\"Portada\",\"item\":\"https:\\\/\\\/globalprix.com\\\/en\\\/\"},{\"@type\":\"ListItem\",\"position\":2,\"name\":\"Boutique\",\"item\":\"https:\\\/\\\/globalprix.com\\\/fr\\\/boutique\\\/\"},{\"@type\":\"ListItem\",\"position\":3,\"name\":\"FER THERMIQUE MAGN\u00c9TIQUE MULTIT\u00c2CHESTAHLS Sprint\u00aeMag40 cm x 50 cm\"}]},{\"@type\":\"WebSite\",\"@id\":\"https:\\\/\\\/globalprix.com\\\/#website\",\"url\":\"https:\\\/\\\/globalprix.com\\\/\",\"name\":\"Globalprix\",\"description\":\"Tienda online para Serigraf\u00eda\",\"publisher\":{\"@id\":\"https:\\\/\\\/globalprix.com\\\/#organization\"},\"alternateName\":\"Tienda online de serigraf\u00eda\",\"potentialAction\":[{\"@type\":\"SearchAction\",\"target\":{\"@type\":\"EntryPoint\",\"urlTemplate\":\"https:\\\/\\\/globalprix.com\\\/?s={search_term_string}\"},\"query-input\":{\"@type\":\"PropertyValueSpecification\",\"valueRequired\":true,\"valueName\":\"search_term_string\"}}],\"inLanguage\":\"fr-FR\"},{\"@type\":\"Organization\",\"@id\":\"https:\\\/\\\/globalprix.com\\\/#organization\",\"name\":\"Global Managing\",\"alternateName\":\"Globalprix\",\"url\":\"https:\\\/\\\/globalprix.com\\\/\",\"logo\":{\"@type\":\"ImageObject\",\"inLanguage\":\"fr-FR\",\"@id\":\"https:\\\/\\\/globalprix.com\\\/#\\\/schema\\\/logo\\\/image\\\/\",\"url\":\"https:\\\/\\\/globalprix.com\\\/wp-content\\\/uploads\\\/2023\\\/03\\\/logo-globalprix.jpg\",\"contentUrl\":\"https:\\\/\\\/globalprix.com\\\/wp-content\\\/uploads\\\/2023\\\/03\\\/logo-globalprix.jpg\",\"width\":595,\"height\":202,\"caption\":\"Global Managing\"},\"image\":{\"@id\":\"https:\\\/\\\/globalprix.com\\\/#\\\/schema\\\/logo\\\/image\\\/\"}}]}<\/script>\n<!-- \/ Yoast SEO plugin. -->","yoast_head_json":{"title":"FER THERMIQUE MAGN\u00c9TIQUE MULTIT\u00c2CHESTAHLS Sprint\u00aeMag40 cm x 50 cm | Globalprix.com","robots":{"index":"index","follow":"follow","max-snippet":"max-snippet:-1","max-image-preview":"max-image-preview:large","max-video-preview":"max-video-preview:-1"},"canonical":"https:\/\/globalprix.com\/fr\/produit\/fer-thermique-multitache-magneticahls-sprintmag40-cm-x-50-cm\/","og_locale":"fr_FR","og_type":"article","og_title":"FER THERMIQUE MAGN\u00c9TIQUE MULTIT\u00c2CHESTAHLS Sprint\u00aeMag40 cm x 50 cm | Globalprix.com","og_description":"Les presses Sprint\u00ae Mag ont un affichage num\u00e9rique de l\u2019heure, de la pression et de la temp\u00e9rature. La fermeture magn\u00e9tique brevet\u00e9e \u00e0 ouverture automatique permet de pr\u00e9parer le tissu suivant pour l\u2019impression sans perdre de temps apr\u00e8s la fermeture de la presse \u00e0 chaleur. Le bouton de r\u00e9glage de pression centr\u00e9 fournit la pression parfaite, qui distribue la chaleur et la pression uniform\u00e9ment sur toute la surface. Le Twin Timer est id\u00e9al pour l\u2019impression en 2 \u00e9tapes ou pour le pr\u00e9pressage de textiles.","og_url":"https:\/\/globalprix.com\/fr\/produit\/fer-thermique-multitache-magneticahls-sprintmag40-cm-x-50-cm\/","og_site_name":"Globalprix.com","article_modified_time":"2024-02-14T08:15:54+00:00","og_image":[{"width":800,"height":800,"url":"https:\/\/globalprix.com\/wp-content\/uploads\/2022\/08\/spring-mag-40x50-PLANXA-STAHLS.jpg","type":"image\/jpeg"}],"twitter_card":"summary_large_image","schema":{"@context":"https:\/\/schema.org","@graph":[{"@type":"WebPage","@id":"https:\/\/globalprix.com\/fr\/produit\/fer-thermique-multitache-magneticahls-sprintmag40-cm-x-50-cm\/","url":"https:\/\/globalprix.com\/fr\/produit\/fer-thermique-multitache-magneticahls-sprintmag40-cm-x-50-cm\/","name":"FER THERMIQUE MAGN\u00c9TIQUE MULTIT\u00c2CHE STAHLS Sprint\u00aeMag 40 cm x 50 cm | Globalprix.com","isPartOf":{"@id":"https:\/\/globalprix.com\/#website"},"primaryImageOfPage":{"@id":"https:\/\/globalprix.com\/fr\/produit\/fer-thermique-multitache-magneticahls-sprintmag40-cm-x-50-cm\/#primaryimage"},"image":{"@id":"https:\/\/globalprix.com\/fr\/produit\/fer-thermique-multitache-magneticahls-sprintmag40-cm-x-50-cm\/#primaryimage"},"thumbnailUrl":"https:\/\/globalprix.com\/wp-content\/uploads\/2022\/08\/spring-mag-40x50-PLANXA-STAHLS.jpg","datePublished":"2022-08-26T08:44:19+00:00","dateModified":"2024-02-14T08:15:54+00:00","breadcrumb":{"@id":"https:\/\/globalprix.com\/fr\/produit\/fer-thermique-multitache-magneticahls-sprintmag40-cm-x-50-cm\/#breadcrumb"},"inLanguage":"fr-FR","potentialAction":[{"@type":"ReadAction","target":["https:\/\/globalprix.com\/fr\/produit\/fer-thermique-multitache-magneticahls-sprintmag40-cm-x-50-cm\/"]}]},{"@type":"ImageObject","inLanguage":"fr-FR","@id":"https:\/\/globalprix.com\/fr\/produit\/fer-thermique-multitache-magneticahls-sprintmag40-cm-x-50-cm\/#primaryimage","url":"https:\/\/globalprix.com\/wp-content\/uploads\/2022\/08\/spring-mag-40x50-PLANXA-STAHLS.jpg","contentUrl":"https:\/\/globalprix.com\/wp-content\/uploads\/2022\/08\/spring-mag-40x50-PLANXA-STAHLS.jpg","width":800,"height":800},{"@type":"BreadcrumbList","@id":"https:\/\/globalprix.com\/fr\/produit\/fer-thermique-multitache-magneticahls-sprintmag40-cm-x-50-cm\/#breadcrumb","itemListElement":[{"@type":"ListItem","position":1,"name":"Portada","item":"https:\/\/globalprix.com\/en\/"},{"@type":"ListItem","position":2,"name":"Boutique","item":"https:\/\/globalprix.com\/fr\/boutique\/"},{"@type":"ListItem","position":3,"name":"FER THERMIQUE MAGN\u00c9TIQUE MULTIT\u00c2CHESTAHLS Sprint\u00aeMag40 cm x 50 cm"}]},{"@type":"WebSite","@id":"https:\/\/globalprix.com\/#website","url":"https:\/\/globalprix.com\/","name":"Globalprix","description":"Tienda online para Serigraf\u00eda","publisher":{"@id":"https:\/\/globalprix.com\/#organization"},"alternateName":"Tienda online de serigraf\u00eda","potentialAction":[{"@type":"SearchAction","target":{"@type":"EntryPoint","urlTemplate":"https:\/\/globalprix.com\/?s={search_term_string}"},"query-input":{"@type":"PropertyValueSpecification","valueRequired":true,"valueName":"search_term_string"}}],"inLanguage":"fr-FR"},{"@type":"Organization","@id":"https:\/\/globalprix.com\/#organization","name":"Global Managing","alternateName":"Globalprix","url":"https:\/\/globalprix.com\/","logo":{"@type":"ImageObject","inLanguage":"fr-FR","@id":"https:\/\/globalprix.com\/#\/schema\/logo\/image\/","url":"https:\/\/globalprix.com\/wp-content\/uploads\/2023\/03\/logo-globalprix.jpg","contentUrl":"https:\/\/globalprix.com\/wp-content\/uploads\/2023\/03\/logo-globalprix.jpg","width":595,"height":202,"caption":"Global Managing"},"image":{"@id":"https:\/\/globalprix.com\/#\/schema\/logo\/image\/"}}]}},"_links":{"self":[{"href":"https:\/\/globalprix.com\/fr\/wp-json\/wp\/v2\/product\/23455","targetHints":{"allow":["GET"]}}],"collection":[{"href":"https:\/\/globalprix.com\/fr\/wp-json\/wp\/v2\/product"}],"about":[{"href":"https:\/\/globalprix.com\/fr\/wp-json\/wp\/v2\/types\/product"}],"replies":[{"embeddable":true,"href":"https:\/\/globalprix.com\/fr\/wp-json\/wp\/v2\/comments?post=23455"}],"version-history":[{"count":0,"href":"https:\/\/globalprix.com\/fr\/wp-json\/wp\/v2\/product\/23455\/revisions"}],"wp:featuredmedia":[{"embeddable":true,"href":"https:\/\/globalprix.com\/fr\/wp-json\/wp\/v2\/media\/12893"}],"wp:attachment":[{"href":"https:\/\/globalprix.com\/fr\/wp-json\/wp\/v2\/media?parent=23455"}],"wp:term":[{"taxonomy":"product_brand","embeddable":true,"href":"https:\/\/globalprix.com\/fr\/wp-json\/wp\/v2\/product_brand?post=23455"},{"taxonomy":"product_cat","embeddable":true,"href":"https:\/\/globalprix.com\/fr\/wp-json\/wp\/v2\/product_cat?post=23455"},{"taxonomy":"product_tag","embeddable":true,"href":"https:\/\/globalprix.com\/fr\/wp-json\/wp\/v2\/product_tag?post=23455"}],"curies":[{"name":"wp","href":"https:\/\/api.w.org\/{rel}","templated":true}]}}