{"id":23461,"date":"2022-08-25T14:45:41","date_gmt":"2022-08-25T12:45:41","guid":{"rendered":"https:\/\/globalprix.com\/producto\/nettoyage-universal-flush-wb-nettoyeur-de-tete-universel\/"},"modified":"2023-10-11T15:56:54","modified_gmt":"2023-10-11T13:56:54","slug":"nettoyeur-sublimation-encre-universel-flush-wb-1-kg","status":"publish","type":"product","link":"https:\/\/globalprix.com\/fr\/produit\/nettoyeur-sublimation-encre-universel-flush-wb-1-kg\/","title":{"rendered":"NETTOYANT UNIVERSEL D\u2019ENCRE \u00c0 SUBLIMATION FLUSH WB (1 Kg)"},"content":{"rendered":"","protected":false},"excerpt":{"rendered":"<p>Nettoyeur de t\u00eate de traceur \u00e0 sublimation universel. D\u00e9boucher les conduits des t\u00eates par lesquelles passe l\u2019encre. Il lib\u00e8re \u00e9galement la partie de la t\u00eate d\u2019impression qui peut entrer en contact avec le papier des d\u00e9chets solides.<\/p>\n","protected":false},"featured_media":32277,"comment_status":"open","ping_status":"closed","template":"","meta":[],"product_brand":[],"product_cat":[2685,485],"product_tag":[],"class_list":{"0":"post-23461","1":"product","2":"type-product","3":"status-publish","4":"has-post-thumbnail","6":"product_cat-nettoyage-pour-sublimation","7":"product_cat-sublimacion-fr","9":"first","10":"instock","11":"taxable","12":"shipping-taxable","13":"purchasable","14":"product-type-simple"},"yoast_head":"<!-- This site is optimized with the Yoast SEO plugin v27.3 - https:\/\/yoast.com\/product\/yoast-seo-wordpress\/ -->\n<title>NETTOYANT UNIVERSEL D\u2019ENCRE \u00c0 SUBLIMATION FLUSH WB (1 Kg) | Globalprix.com<\/title>\n<meta name=\"robots\" content=\"index, follow, max-snippet:-1, max-image-preview:large, max-video-preview:-1\" \/>\n<link rel=\"canonical\" href=\"https:\/\/globalprix.com\/fr\/produit\/nettoyeur-sublimation-encre-universel-flush-wb-1-kg\/\" \/>\n<meta property=\"og:locale\" content=\"fr_FR\" \/>\n<meta property=\"og:type\" content=\"article\" \/>\n<meta property=\"og:title\" content=\"NETTOYANT UNIVERSEL D\u2019ENCRE \u00c0 SUBLIMATION FLUSH WB (1 Kg) | Globalprix.com\" \/>\n<meta property=\"og:description\" content=\"Nettoyeur de t\u00eate de traceur \u00e0 sublimation universel. D\u00e9boucher les conduits des t\u00eates par lesquelles passe l\u2019encre. Il lib\u00e8re \u00e9galement la partie de la t\u00eate d\u2019impression qui peut entrer en contact avec le papier des d\u00e9chets solides.\" \/>\n<meta property=\"og:url\" content=\"https:\/\/globalprix.com\/fr\/produit\/nettoyeur-sublimation-encre-universel-flush-wb-1-kg\/\" \/>\n<meta property=\"og:site_name\" content=\"Globalprix.com\" \/>\n<meta property=\"article:modified_time\" content=\"2023-10-11T13:56:54+00:00\" \/>\n<meta property=\"og:image\" content=\"https:\/\/globalprix.com\/wp-content\/uploads\/2022\/08\/ISONIK-CL.png\" \/>\n\t<meta property=\"og:image:width\" content=\"335\" \/>\n\t<meta property=\"og:image:height\" content=\"745\" \/>\n\t<meta property=\"og:image:type\" content=\"image\/png\" \/>\n<meta name=\"twitter:card\" content=\"summary_large_image\" \/>\n<script type=\"application\/ld+json\" class=\"yoast-schema-graph\">{\"@context\":\"https:\\\/\\\/schema.org\",\"@graph\":[{\"@type\":\"WebPage\",\"@id\":\"https:\\\/\\\/globalprix.com\\\/fr\\\/produit\\\/nettoyeur-sublimation-encre-universel-flush-wb-1-kg\\\/\",\"url\":\"https:\\\/\\\/globalprix.com\\\/fr\\\/produit\\\/nettoyeur-sublimation-encre-universel-flush-wb-1-kg\\\/\",\"name\":\"NETTOYANT UNIVERSEL D\u2019ENCRE \u00c0 SUBLIMATION FLUSH WB (1 Kg) | Globalprix.com\",\"isPartOf\":{\"@id\":\"https:\\\/\\\/globalprix.com\\\/#website\"},\"primaryImageOfPage\":{\"@id\":\"https:\\\/\\\/globalprix.com\\\/fr\\\/produit\\\/nettoyeur-sublimation-encre-universel-flush-wb-1-kg\\\/#primaryimage\"},\"image\":{\"@id\":\"https:\\\/\\\/globalprix.com\\\/fr\\\/produit\\\/nettoyeur-sublimation-encre-universel-flush-wb-1-kg\\\/#primaryimage\"},\"thumbnailUrl\":\"https:\\\/\\\/globalprix.com\\\/wp-content\\\/uploads\\\/2022\\\/08\\\/ISONIK-CL.png\",\"datePublished\":\"2022-08-25T12:45:41+00:00\",\"dateModified\":\"2023-10-11T13:56:54+00:00\",\"breadcrumb\":{\"@id\":\"https:\\\/\\\/globalprix.com\\\/fr\\\/produit\\\/nettoyeur-sublimation-encre-universel-flush-wb-1-kg\\\/#breadcrumb\"},\"inLanguage\":\"fr-FR\",\"potentialAction\":[{\"@type\":\"ReadAction\",\"target\":[\"https:\\\/\\\/globalprix.com\\\/fr\\\/produit\\\/nettoyeur-sublimation-encre-universel-flush-wb-1-kg\\\/\"]}]},{\"@type\":\"ImageObject\",\"inLanguage\":\"fr-FR\",\"@id\":\"https:\\\/\\\/globalprix.com\\\/fr\\\/produit\\\/nettoyeur-sublimation-encre-universel-flush-wb-1-kg\\\/#primaryimage\",\"url\":\"https:\\\/\\\/globalprix.com\\\/wp-content\\\/uploads\\\/2022\\\/08\\\/ISONIK-CL.png\",\"contentUrl\":\"https:\\\/\\\/globalprix.com\\\/wp-content\\\/uploads\\\/2022\\\/08\\\/ISONIK-CL.png\",\"width\":335,\"height\":745},{\"@type\":\"BreadcrumbList\",\"@id\":\"https:\\\/\\\/globalprix.com\\\/fr\\\/produit\\\/nettoyeur-sublimation-encre-universel-flush-wb-1-kg\\\/#breadcrumb\",\"itemListElement\":[{\"@type\":\"ListItem\",\"position\":1,\"name\":\"Portada\",\"item\":\"https:\\\/\\\/globalprix.com\\\/en\\\/\"},{\"@type\":\"ListItem\",\"position\":2,\"name\":\"Boutique\",\"item\":\"https:\\\/\\\/globalprix.com\\\/fr\\\/boutique\\\/\"},{\"@type\":\"ListItem\",\"position\":3,\"name\":\"NETTOYANT UNIVERSEL D\u2019ENCRE \u00c0 SUBLIMATION FLUSH WB (1 Kg)\"}]},{\"@type\":\"WebSite\",\"@id\":\"https:\\\/\\\/globalprix.com\\\/#website\",\"url\":\"https:\\\/\\\/globalprix.com\\\/\",\"name\":\"Globalprix\",\"description\":\"Tienda online para Serigraf\u00eda\",\"publisher\":{\"@id\":\"https:\\\/\\\/globalprix.com\\\/#organization\"},\"alternateName\":\"Tienda online de serigraf\u00eda\",\"potentialAction\":[{\"@type\":\"SearchAction\",\"target\":{\"@type\":\"EntryPoint\",\"urlTemplate\":\"https:\\\/\\\/globalprix.com\\\/?s={search_term_string}\"},\"query-input\":{\"@type\":\"PropertyValueSpecification\",\"valueRequired\":true,\"valueName\":\"search_term_string\"}}],\"inLanguage\":\"fr-FR\"},{\"@type\":\"Organization\",\"@id\":\"https:\\\/\\\/globalprix.com\\\/#organization\",\"name\":\"Global Managing\",\"alternateName\":\"Globalprix\",\"url\":\"https:\\\/\\\/globalprix.com\\\/\",\"logo\":{\"@type\":\"ImageObject\",\"inLanguage\":\"fr-FR\",\"@id\":\"https:\\\/\\\/globalprix.com\\\/#\\\/schema\\\/logo\\\/image\\\/\",\"url\":\"https:\\\/\\\/globalprix.com\\\/wp-content\\\/uploads\\\/2023\\\/03\\\/logo-globalprix.jpg\",\"contentUrl\":\"https:\\\/\\\/globalprix.com\\\/wp-content\\\/uploads\\\/2023\\\/03\\\/logo-globalprix.jpg\",\"width\":595,\"height\":202,\"caption\":\"Global Managing\"},\"image\":{\"@id\":\"https:\\\/\\\/globalprix.com\\\/#\\\/schema\\\/logo\\\/image\\\/\"}}]}<\/script>\n<!-- \/ Yoast SEO plugin. -->","yoast_head_json":{"title":"NETTOYANT UNIVERSEL D\u2019ENCRE \u00c0 SUBLIMATION FLUSH WB (1 Kg) | Globalprix.com","robots":{"index":"index","follow":"follow","max-snippet":"max-snippet:-1","max-image-preview":"max-image-preview:large","max-video-preview":"max-video-preview:-1"},"canonical":"https:\/\/globalprix.com\/fr\/produit\/nettoyeur-sublimation-encre-universel-flush-wb-1-kg\/","og_locale":"fr_FR","og_type":"article","og_title":"NETTOYANT UNIVERSEL D\u2019ENCRE \u00c0 SUBLIMATION FLUSH WB (1 Kg) | Globalprix.com","og_description":"Nettoyeur de t\u00eate de traceur \u00e0 sublimation universel. D\u00e9boucher les conduits des t\u00eates par lesquelles passe l\u2019encre. Il lib\u00e8re \u00e9galement la partie de la t\u00eate d\u2019impression qui peut entrer en contact avec le papier des d\u00e9chets solides.","og_url":"https:\/\/globalprix.com\/fr\/produit\/nettoyeur-sublimation-encre-universel-flush-wb-1-kg\/","og_site_name":"Globalprix.com","article_modified_time":"2023-10-11T13:56:54+00:00","og_image":[{"width":335,"height":745,"url":"https:\/\/globalprix.com\/wp-content\/uploads\/2022\/08\/ISONIK-CL.png","type":"image\/png"}],"twitter_card":"summary_large_image","schema":{"@context":"https:\/\/schema.org","@graph":[{"@type":"WebPage","@id":"https:\/\/globalprix.com\/fr\/produit\/nettoyeur-sublimation-encre-universel-flush-wb-1-kg\/","url":"https:\/\/globalprix.com\/fr\/produit\/nettoyeur-sublimation-encre-universel-flush-wb-1-kg\/","name":"NETTOYANT UNIVERSEL D\u2019ENCRE \u00c0 SUBLIMATION FLUSH WB (1 Kg) | Globalprix.com","isPartOf":{"@id":"https:\/\/globalprix.com\/#website"},"primaryImageOfPage":{"@id":"https:\/\/globalprix.com\/fr\/produit\/nettoyeur-sublimation-encre-universel-flush-wb-1-kg\/#primaryimage"},"image":{"@id":"https:\/\/globalprix.com\/fr\/produit\/nettoyeur-sublimation-encre-universel-flush-wb-1-kg\/#primaryimage"},"thumbnailUrl":"https:\/\/globalprix.com\/wp-content\/uploads\/2022\/08\/ISONIK-CL.png","datePublished":"2022-08-25T12:45:41+00:00","dateModified":"2023-10-11T13:56:54+00:00","breadcrumb":{"@id":"https:\/\/globalprix.com\/fr\/produit\/nettoyeur-sublimation-encre-universel-flush-wb-1-kg\/#breadcrumb"},"inLanguage":"fr-FR","potentialAction":[{"@type":"ReadAction","target":["https:\/\/globalprix.com\/fr\/produit\/nettoyeur-sublimation-encre-universel-flush-wb-1-kg\/"]}]},{"@type":"ImageObject","inLanguage":"fr-FR","@id":"https:\/\/globalprix.com\/fr\/produit\/nettoyeur-sublimation-encre-universel-flush-wb-1-kg\/#primaryimage","url":"https:\/\/globalprix.com\/wp-content\/uploads\/2022\/08\/ISONIK-CL.png","contentUrl":"https:\/\/globalprix.com\/wp-content\/uploads\/2022\/08\/ISONIK-CL.png","width":335,"height":745},{"@type":"BreadcrumbList","@id":"https:\/\/globalprix.com\/fr\/produit\/nettoyeur-sublimation-encre-universel-flush-wb-1-kg\/#breadcrumb","itemListElement":[{"@type":"ListItem","position":1,"name":"Portada","item":"https:\/\/globalprix.com\/en\/"},{"@type":"ListItem","position":2,"name":"Boutique","item":"https:\/\/globalprix.com\/fr\/boutique\/"},{"@type":"ListItem","position":3,"name":"NETTOYANT UNIVERSEL D\u2019ENCRE \u00c0 SUBLIMATION FLUSH WB (1 Kg)"}]},{"@type":"WebSite","@id":"https:\/\/globalprix.com\/#website","url":"https:\/\/globalprix.com\/","name":"Globalprix","description":"Tienda online para Serigraf\u00eda","publisher":{"@id":"https:\/\/globalprix.com\/#organization"},"alternateName":"Tienda online de serigraf\u00eda","potentialAction":[{"@type":"SearchAction","target":{"@type":"EntryPoint","urlTemplate":"https:\/\/globalprix.com\/?s={search_term_string}"},"query-input":{"@type":"PropertyValueSpecification","valueRequired":true,"valueName":"search_term_string"}}],"inLanguage":"fr-FR"},{"@type":"Organization","@id":"https:\/\/globalprix.com\/#organization","name":"Global Managing","alternateName":"Globalprix","url":"https:\/\/globalprix.com\/","logo":{"@type":"ImageObject","inLanguage":"fr-FR","@id":"https:\/\/globalprix.com\/#\/schema\/logo\/image\/","url":"https:\/\/globalprix.com\/wp-content\/uploads\/2023\/03\/logo-globalprix.jpg","contentUrl":"https:\/\/globalprix.com\/wp-content\/uploads\/2023\/03\/logo-globalprix.jpg","width":595,"height":202,"caption":"Global Managing"},"image":{"@id":"https:\/\/globalprix.com\/#\/schema\/logo\/image\/"}}]}},"_links":{"self":[{"href":"https:\/\/globalprix.com\/fr\/wp-json\/wp\/v2\/product\/23461","targetHints":{"allow":["GET"]}}],"collection":[{"href":"https:\/\/globalprix.com\/fr\/wp-json\/wp\/v2\/product"}],"about":[{"href":"https:\/\/globalprix.com\/fr\/wp-json\/wp\/v2\/types\/product"}],"replies":[{"embeddable":true,"href":"https:\/\/globalprix.com\/fr\/wp-json\/wp\/v2\/comments?post=23461"}],"version-history":[{"count":0,"href":"https:\/\/globalprix.com\/fr\/wp-json\/wp\/v2\/product\/23461\/revisions"}],"wp:featuredmedia":[{"embeddable":true,"href":"https:\/\/globalprix.com\/fr\/wp-json\/wp\/v2\/media\/32277"}],"wp:attachment":[{"href":"https:\/\/globalprix.com\/fr\/wp-json\/wp\/v2\/media?parent=23461"}],"wp:term":[{"taxonomy":"product_brand","embeddable":true,"href":"https:\/\/globalprix.com\/fr\/wp-json\/wp\/v2\/product_brand?post=23461"},{"taxonomy":"product_cat","embeddable":true,"href":"https:\/\/globalprix.com\/fr\/wp-json\/wp\/v2\/product_cat?post=23461"},{"taxonomy":"product_tag","embeddable":true,"href":"https:\/\/globalprix.com\/fr\/wp-json\/wp\/v2\/product_tag?post=23461"}],"curies":[{"name":"wp","href":"https:\/\/api.w.org\/{rel}","templated":true}]}}