{"id":23467,"date":"2022-08-26T11:23:43","date_gmt":"2022-08-26T09:23:43","guid":{"rendered":"https:\/\/globalprix.com\/producto\/table-de-desherbage-stahls-ez-table-peeling-51cm-x-91cm\/"},"modified":"2024-02-14T09:15:51","modified_gmt":"2024-02-14T08:15:51","slug":"table-depluchagetahls-ez-weeding-table51-cm-x-91-cm","status":"publish","type":"product","link":"https:\/\/globalprix.com\/fr\/produit\/table-depluchagetahls-ez-weeding-table51-cm-x-91-cm\/","title":{"rendered":"TABLE D\u2019\u00c9PLUCHAGE<br>Table de d\u00e9sherbage\u2122 STAHLS EZ<br>51 cm x 91 cm"},"content":{"rendered":"<p>S\u2019il n\u2019y a pas de stock de l\u2019article, contactez-nous pour d\u00e9finir un d\u00e9lai de livraison en info@globalprix.com<\/p>\n","protected":false},"excerpt":{"rendered":"<p>L\u2019EZ Weeding TableTM est un accessoire de table qui facilite le d\u00e9sherbage des films CAD-CUT\u00ae avec de la chaleur. La planche de 51 \u00d7 91 centim\u00e8tres peut \u00eatre inclin\u00e9e pour un travail ergonomique. Le film de transfert est fix\u00e9 au dessus de la table avec une pince afin qu\u2019il ne glisse pas. Le plateau de table peut \u00eatre chauff\u00e9 en trois \u00e9tapes de 43\u00b0C (pour les petits d\u00e9tails) \u00e0 54\u00b0C (pour une productivit\u00e9 maximale). Cette chaleur r\u00e9duit la force adh\u00e9sive du support de la feuille afin qu\u2019elle puisse \u00eatre d\u00e9sherb\u00e9e avec moins de bris de mat\u00e9riau. Un compartiment suppl\u00e9mentaire offre un espace de rangement pour les accessoires fr\u00e9quemment utilis\u00e9s, tels que l\u2019EZ Weeder de STAHLS.<\/p>\n","protected":false},"featured_media":12877,"comment_status":"open","ping_status":"closed","template":"","meta":[],"product_brand":[],"product_cat":[2681,2903,2754,520],"product_tag":[],"class_list":{"0":"post-23467","1":"product","2":"type-product","3":"status-publish","4":"has-post-thumbnail","6":"product_cat-transfert","7":"product_cat-presses-thermiques","8":"product_cat-produits","9":"product_cat-vinilo-fr","11":"first","12":"outofstock","13":"taxable","14":"shipping-taxable","15":"purchasable","16":"product-type-simple"},"yoast_head":"<!-- This site is optimized with the Yoast SEO plugin v27.3 - https:\/\/yoast.com\/product\/yoast-seo-wordpress\/ -->\n<title>TABLE D\u2019\u00c9PLUCHAGETable de d\u00e9sherbage\u2122 STAHLS EZ51 cm x 91 cm | Globalprix.com<\/title>\n<meta name=\"robots\" content=\"index, follow, max-snippet:-1, max-image-preview:large, max-video-preview:-1\" \/>\n<link rel=\"canonical\" href=\"https:\/\/globalprix.com\/fr\/produit\/table-depluchagetahls-ez-weeding-table51-cm-x-91-cm\/\" \/>\n<meta property=\"og:locale\" content=\"fr_FR\" \/>\n<meta property=\"og:type\" content=\"article\" \/>\n<meta property=\"og:title\" content=\"TABLE D\u2019\u00c9PLUCHAGETable de d\u00e9sherbage\u2122 STAHLS EZ51 cm x 91 cm | Globalprix.com\" \/>\n<meta property=\"og:description\" content=\"L\u2019EZ Weeding TableTM est un accessoire de table qui facilite le d\u00e9sherbage des films CAD-CUT\u00ae avec de la chaleur. La planche de 51 \u00d7 91 centim\u00e8tres peut \u00eatre inclin\u00e9e pour un travail ergonomique. Le film de transfert est fix\u00e9 au dessus de la table avec une pince afin qu\u2019il ne glisse pas. Le plateau de table peut \u00eatre chauff\u00e9 en trois \u00e9tapes de 43\u00b0C (pour les petits d\u00e9tails) \u00e0 54\u00b0C (pour une productivit\u00e9 maximale). Cette chaleur r\u00e9duit la force adh\u00e9sive du support de la feuille afin qu\u2019elle puisse \u00eatre d\u00e9sherb\u00e9e avec moins de bris de mat\u00e9riau. Un compartiment suppl\u00e9mentaire offre un espace de rangement pour les accessoires fr\u00e9quemment utilis\u00e9s, tels que l\u2019EZ Weeder de STAHLS.\" \/>\n<meta property=\"og:url\" content=\"https:\/\/globalprix.com\/fr\/produit\/table-depluchagetahls-ez-weeding-table51-cm-x-91-cm\/\" \/>\n<meta property=\"og:site_name\" content=\"Globalprix.com\" \/>\n<meta property=\"article:modified_time\" content=\"2024-02-14T08:15:51+00:00\" \/>\n<meta property=\"og:image\" content=\"https:\/\/globalprix.com\/wp-content\/uploads\/2022\/08\/STAHLS-EZ-Weeding\u2122-Table-Mesa-de-pelado.jpg\" \/>\n\t<meta property=\"og:image:width\" content=\"800\" \/>\n\t<meta property=\"og:image:height\" content=\"800\" \/>\n\t<meta property=\"og:image:type\" content=\"image\/jpeg\" \/>\n<meta name=\"twitter:card\" content=\"summary_large_image\" \/>\n<script type=\"application\/ld+json\" class=\"yoast-schema-graph\">{\"@context\":\"https:\\\/\\\/schema.org\",\"@graph\":[{\"@type\":\"WebPage\",\"@id\":\"https:\\\/\\\/globalprix.com\\\/fr\\\/produit\\\/table-depluchagetahls-ez-weeding-table51-cm-x-91-cm\\\/\",\"url\":\"https:\\\/\\\/globalprix.com\\\/fr\\\/produit\\\/table-depluchagetahls-ez-weeding-table51-cm-x-91-cm\\\/\",\"name\":\"TABLE D\u2019\u00c9PLUCHAGE Table de d\u00e9sherbage\u2122 STAHLS EZ 51 cm x 91 cm | Globalprix.com\",\"isPartOf\":{\"@id\":\"https:\\\/\\\/globalprix.com\\\/#website\"},\"primaryImageOfPage\":{\"@id\":\"https:\\\/\\\/globalprix.com\\\/fr\\\/produit\\\/table-depluchagetahls-ez-weeding-table51-cm-x-91-cm\\\/#primaryimage\"},\"image\":{\"@id\":\"https:\\\/\\\/globalprix.com\\\/fr\\\/produit\\\/table-depluchagetahls-ez-weeding-table51-cm-x-91-cm\\\/#primaryimage\"},\"thumbnailUrl\":\"https:\\\/\\\/globalprix.com\\\/wp-content\\\/uploads\\\/2022\\\/08\\\/STAHLS-EZ-Weeding\u2122-Table-Mesa-de-pelado.jpg\",\"datePublished\":\"2022-08-26T09:23:43+00:00\",\"dateModified\":\"2024-02-14T08:15:51+00:00\",\"breadcrumb\":{\"@id\":\"https:\\\/\\\/globalprix.com\\\/fr\\\/produit\\\/table-depluchagetahls-ez-weeding-table51-cm-x-91-cm\\\/#breadcrumb\"},\"inLanguage\":\"fr-FR\",\"potentialAction\":[{\"@type\":\"ReadAction\",\"target\":[\"https:\\\/\\\/globalprix.com\\\/fr\\\/produit\\\/table-depluchagetahls-ez-weeding-table51-cm-x-91-cm\\\/\"]}]},{\"@type\":\"ImageObject\",\"inLanguage\":\"fr-FR\",\"@id\":\"https:\\\/\\\/globalprix.com\\\/fr\\\/produit\\\/table-depluchagetahls-ez-weeding-table51-cm-x-91-cm\\\/#primaryimage\",\"url\":\"https:\\\/\\\/globalprix.com\\\/wp-content\\\/uploads\\\/2022\\\/08\\\/STAHLS-EZ-Weeding\u2122-Table-Mesa-de-pelado.jpg\",\"contentUrl\":\"https:\\\/\\\/globalprix.com\\\/wp-content\\\/uploads\\\/2022\\\/08\\\/STAHLS-EZ-Weeding\u2122-Table-Mesa-de-pelado.jpg\",\"width\":800,\"height\":800},{\"@type\":\"BreadcrumbList\",\"@id\":\"https:\\\/\\\/globalprix.com\\\/fr\\\/produit\\\/table-depluchagetahls-ez-weeding-table51-cm-x-91-cm\\\/#breadcrumb\",\"itemListElement\":[{\"@type\":\"ListItem\",\"position\":1,\"name\":\"Portada\",\"item\":\"https:\\\/\\\/globalprix.com\\\/en\\\/\"},{\"@type\":\"ListItem\",\"position\":2,\"name\":\"Boutique\",\"item\":\"https:\\\/\\\/globalprix.com\\\/fr\\\/boutique\\\/\"},{\"@type\":\"ListItem\",\"position\":3,\"name\":\"TABLE D\u2019\u00c9PLUCHAGETable de d\u00e9sherbage\u2122 STAHLS EZ51 cm x 91 cm\"}]},{\"@type\":\"WebSite\",\"@id\":\"https:\\\/\\\/globalprix.com\\\/#website\",\"url\":\"https:\\\/\\\/globalprix.com\\\/\",\"name\":\"Globalprix\",\"description\":\"Tienda online para Serigraf\u00eda\",\"publisher\":{\"@id\":\"https:\\\/\\\/globalprix.com\\\/#organization\"},\"alternateName\":\"Tienda online de serigraf\u00eda\",\"potentialAction\":[{\"@type\":\"SearchAction\",\"target\":{\"@type\":\"EntryPoint\",\"urlTemplate\":\"https:\\\/\\\/globalprix.com\\\/?s={search_term_string}\"},\"query-input\":{\"@type\":\"PropertyValueSpecification\",\"valueRequired\":true,\"valueName\":\"search_term_string\"}}],\"inLanguage\":\"fr-FR\"},{\"@type\":\"Organization\",\"@id\":\"https:\\\/\\\/globalprix.com\\\/#organization\",\"name\":\"Global Managing\",\"alternateName\":\"Globalprix\",\"url\":\"https:\\\/\\\/globalprix.com\\\/\",\"logo\":{\"@type\":\"ImageObject\",\"inLanguage\":\"fr-FR\",\"@id\":\"https:\\\/\\\/globalprix.com\\\/#\\\/schema\\\/logo\\\/image\\\/\",\"url\":\"https:\\\/\\\/globalprix.com\\\/wp-content\\\/uploads\\\/2023\\\/03\\\/logo-globalprix.jpg\",\"contentUrl\":\"https:\\\/\\\/globalprix.com\\\/wp-content\\\/uploads\\\/2023\\\/03\\\/logo-globalprix.jpg\",\"width\":595,\"height\":202,\"caption\":\"Global Managing\"},\"image\":{\"@id\":\"https:\\\/\\\/globalprix.com\\\/#\\\/schema\\\/logo\\\/image\\\/\"}}]}<\/script>\n<!-- \/ Yoast SEO plugin. -->","yoast_head_json":{"title":"TABLE D\u2019\u00c9PLUCHAGETable de d\u00e9sherbage\u2122 STAHLS EZ51 cm x 91 cm | Globalprix.com","robots":{"index":"index","follow":"follow","max-snippet":"max-snippet:-1","max-image-preview":"max-image-preview:large","max-video-preview":"max-video-preview:-1"},"canonical":"https:\/\/globalprix.com\/fr\/produit\/table-depluchagetahls-ez-weeding-table51-cm-x-91-cm\/","og_locale":"fr_FR","og_type":"article","og_title":"TABLE D\u2019\u00c9PLUCHAGETable de d\u00e9sherbage\u2122 STAHLS EZ51 cm x 91 cm | Globalprix.com","og_description":"L\u2019EZ Weeding TableTM est un accessoire de table qui facilite le d\u00e9sherbage des films CAD-CUT\u00ae avec de la chaleur. La planche de 51 \u00d7 91 centim\u00e8tres peut \u00eatre inclin\u00e9e pour un travail ergonomique. Le film de transfert est fix\u00e9 au dessus de la table avec une pince afin qu\u2019il ne glisse pas. Le plateau de table peut \u00eatre chauff\u00e9 en trois \u00e9tapes de 43\u00b0C (pour les petits d\u00e9tails) \u00e0 54\u00b0C (pour une productivit\u00e9 maximale). Cette chaleur r\u00e9duit la force adh\u00e9sive du support de la feuille afin qu\u2019elle puisse \u00eatre d\u00e9sherb\u00e9e avec moins de bris de mat\u00e9riau. Un compartiment suppl\u00e9mentaire offre un espace de rangement pour les accessoires fr\u00e9quemment utilis\u00e9s, tels que l\u2019EZ Weeder de STAHLS.","og_url":"https:\/\/globalprix.com\/fr\/produit\/table-depluchagetahls-ez-weeding-table51-cm-x-91-cm\/","og_site_name":"Globalprix.com","article_modified_time":"2024-02-14T08:15:51+00:00","og_image":[{"width":800,"height":800,"url":"https:\/\/globalprix.com\/wp-content\/uploads\/2022\/08\/STAHLS-EZ-Weeding\u2122-Table-Mesa-de-pelado.jpg","type":"image\/jpeg"}],"twitter_card":"summary_large_image","schema":{"@context":"https:\/\/schema.org","@graph":[{"@type":"WebPage","@id":"https:\/\/globalprix.com\/fr\/produit\/table-depluchagetahls-ez-weeding-table51-cm-x-91-cm\/","url":"https:\/\/globalprix.com\/fr\/produit\/table-depluchagetahls-ez-weeding-table51-cm-x-91-cm\/","name":"TABLE D\u2019\u00c9PLUCHAGE Table de d\u00e9sherbage\u2122 STAHLS EZ 51 cm x 91 cm | Globalprix.com","isPartOf":{"@id":"https:\/\/globalprix.com\/#website"},"primaryImageOfPage":{"@id":"https:\/\/globalprix.com\/fr\/produit\/table-depluchagetahls-ez-weeding-table51-cm-x-91-cm\/#primaryimage"},"image":{"@id":"https:\/\/globalprix.com\/fr\/produit\/table-depluchagetahls-ez-weeding-table51-cm-x-91-cm\/#primaryimage"},"thumbnailUrl":"https:\/\/globalprix.com\/wp-content\/uploads\/2022\/08\/STAHLS-EZ-Weeding\u2122-Table-Mesa-de-pelado.jpg","datePublished":"2022-08-26T09:23:43+00:00","dateModified":"2024-02-14T08:15:51+00:00","breadcrumb":{"@id":"https:\/\/globalprix.com\/fr\/produit\/table-depluchagetahls-ez-weeding-table51-cm-x-91-cm\/#breadcrumb"},"inLanguage":"fr-FR","potentialAction":[{"@type":"ReadAction","target":["https:\/\/globalprix.com\/fr\/produit\/table-depluchagetahls-ez-weeding-table51-cm-x-91-cm\/"]}]},{"@type":"ImageObject","inLanguage":"fr-FR","@id":"https:\/\/globalprix.com\/fr\/produit\/table-depluchagetahls-ez-weeding-table51-cm-x-91-cm\/#primaryimage","url":"https:\/\/globalprix.com\/wp-content\/uploads\/2022\/08\/STAHLS-EZ-Weeding\u2122-Table-Mesa-de-pelado.jpg","contentUrl":"https:\/\/globalprix.com\/wp-content\/uploads\/2022\/08\/STAHLS-EZ-Weeding\u2122-Table-Mesa-de-pelado.jpg","width":800,"height":800},{"@type":"BreadcrumbList","@id":"https:\/\/globalprix.com\/fr\/produit\/table-depluchagetahls-ez-weeding-table51-cm-x-91-cm\/#breadcrumb","itemListElement":[{"@type":"ListItem","position":1,"name":"Portada","item":"https:\/\/globalprix.com\/en\/"},{"@type":"ListItem","position":2,"name":"Boutique","item":"https:\/\/globalprix.com\/fr\/boutique\/"},{"@type":"ListItem","position":3,"name":"TABLE D\u2019\u00c9PLUCHAGETable de d\u00e9sherbage\u2122 STAHLS EZ51 cm x 91 cm"}]},{"@type":"WebSite","@id":"https:\/\/globalprix.com\/#website","url":"https:\/\/globalprix.com\/","name":"Globalprix","description":"Tienda online para Serigraf\u00eda","publisher":{"@id":"https:\/\/globalprix.com\/#organization"},"alternateName":"Tienda online de serigraf\u00eda","potentialAction":[{"@type":"SearchAction","target":{"@type":"EntryPoint","urlTemplate":"https:\/\/globalprix.com\/?s={search_term_string}"},"query-input":{"@type":"PropertyValueSpecification","valueRequired":true,"valueName":"search_term_string"}}],"inLanguage":"fr-FR"},{"@type":"Organization","@id":"https:\/\/globalprix.com\/#organization","name":"Global Managing","alternateName":"Globalprix","url":"https:\/\/globalprix.com\/","logo":{"@type":"ImageObject","inLanguage":"fr-FR","@id":"https:\/\/globalprix.com\/#\/schema\/logo\/image\/","url":"https:\/\/globalprix.com\/wp-content\/uploads\/2023\/03\/logo-globalprix.jpg","contentUrl":"https:\/\/globalprix.com\/wp-content\/uploads\/2023\/03\/logo-globalprix.jpg","width":595,"height":202,"caption":"Global Managing"},"image":{"@id":"https:\/\/globalprix.com\/#\/schema\/logo\/image\/"}}]}},"_links":{"self":[{"href":"https:\/\/globalprix.com\/fr\/wp-json\/wp\/v2\/product\/23467","targetHints":{"allow":["GET"]}}],"collection":[{"href":"https:\/\/globalprix.com\/fr\/wp-json\/wp\/v2\/product"}],"about":[{"href":"https:\/\/globalprix.com\/fr\/wp-json\/wp\/v2\/types\/product"}],"replies":[{"embeddable":true,"href":"https:\/\/globalprix.com\/fr\/wp-json\/wp\/v2\/comments?post=23467"}],"version-history":[{"count":0,"href":"https:\/\/globalprix.com\/fr\/wp-json\/wp\/v2\/product\/23467\/revisions"}],"wp:featuredmedia":[{"embeddable":true,"href":"https:\/\/globalprix.com\/fr\/wp-json\/wp\/v2\/media\/12877"}],"wp:attachment":[{"href":"https:\/\/globalprix.com\/fr\/wp-json\/wp\/v2\/media?parent=23467"}],"wp:term":[{"taxonomy":"product_brand","embeddable":true,"href":"https:\/\/globalprix.com\/fr\/wp-json\/wp\/v2\/product_brand?post=23467"},{"taxonomy":"product_cat","embeddable":true,"href":"https:\/\/globalprix.com\/fr\/wp-json\/wp\/v2\/product_cat?post=23467"},{"taxonomy":"product_tag","embeddable":true,"href":"https:\/\/globalprix.com\/fr\/wp-json\/wp\/v2\/product_tag?post=23467"}],"curies":[{"name":"wp","href":"https:\/\/api.w.org\/{rel}","templated":true}]}}