{"id":23573,"date":"2022-08-25T14:52:11","date_gmt":"2022-08-25T12:52:11","guid":{"rendered":"https:\/\/globalprix.com\/producto\/roland-versastudio-bn-20a-480-mmimpression-et-decoupe-de-traceurs\/"},"modified":"2023-12-21T16:55:45","modified_gmt":"2023-12-21T15:55:45","slug":"roland-versastudio-bn-20imprimer-tracer-et-couper480-mm","status":"publish","type":"product","link":"https:\/\/globalprix.com\/fr\/produit\/roland-versastudio-bn-20imprimer-tracer-et-couper480-mm\/","title":{"rendered":"ROLAND VersaSTUDIO BN-20A<br>Traceur d\u2019impression et de d\u00e9coupe<br>480 mm"},"content":{"rendered":"<p>Consultez-nous pour conna\u00eetre les caract\u00e9ristiques techniques, les conditions de vente et de financement ainsi que pour d\u00e9finir un d\u00e9lai de livraison en info@globalprix.com<\/p>\n","protected":false},"excerpt":{"rendered":"<p>L\u2019imprimante\/d\u00e9coupeuse de bureau BN-20A ouvre un monde de possibilit\u00e9s cr\u00e9atives, avec le plus haut niveau de qualit\u00e9. Avec des t\u00eates d\u2019impression pi\u00e9zo\u00e9lectriques jusqu\u2019\u00e0 1440 dpi, la BN-20A offre des impressions de qualit\u00e9 exceptionnelle avec des d\u00e9grad\u00e9s lisses, une densit\u00e9 \u00e9lev\u00e9e et une saturation d\u2019image profonde, id\u00e9ales pour les impressions photographiques et vectorielles.<\/p>\n","protected":false},"featured_media":12707,"comment_status":"open","ping_status":"closed","template":"","meta":[],"product_brand":[],"product_cat":[2670,2753,2672,520],"product_tag":[],"class_list":{"0":"post-23573","1":"product","2":"type-product","3":"status-publish","4":"has-post-thumbnail","6":"product_cat-ecosolvant","7":"product_cat-imprimantes-et-traceurs","8":"product_cat-machines-ecosolvantes","9":"product_cat-vinilo-fr","11":"first","12":"outofstock","13":"taxable","14":"shipping-taxable","15":"purchasable","16":"product-type-simple"},"yoast_head":"<!-- This site is optimized with the Yoast SEO plugin v27.3 - https:\/\/yoast.com\/product\/yoast-seo-wordpress\/ -->\n<title>ROLAND VersaSTUDIO BN-20ATraceur d\u2019impression et de d\u00e9coupe480 mm | Globalprix.com<\/title>\n<meta name=\"robots\" content=\"index, follow, max-snippet:-1, max-image-preview:large, max-video-preview:-1\" \/>\n<link rel=\"canonical\" href=\"https:\/\/globalprix.com\/fr\/produit\/roland-versastudio-bn-20imprimer-tracer-et-couper480-mm\/\" \/>\n<meta property=\"og:locale\" content=\"fr_FR\" \/>\n<meta property=\"og:type\" content=\"article\" \/>\n<meta property=\"og:title\" content=\"ROLAND VersaSTUDIO BN-20ATraceur d\u2019impression et de d\u00e9coupe480 mm | Globalprix.com\" \/>\n<meta property=\"og:description\" content=\"L\u2019imprimante\/d\u00e9coupeuse de bureau BN-20A ouvre un monde de possibilit\u00e9s cr\u00e9atives, avec le plus haut niveau de qualit\u00e9. Avec des t\u00eates d\u2019impression pi\u00e9zo\u00e9lectriques jusqu\u2019\u00e0 1440 dpi, la BN-20A offre des impressions de qualit\u00e9 exceptionnelle avec des d\u00e9grad\u00e9s lisses, une densit\u00e9 \u00e9lev\u00e9e et une saturation d\u2019image profonde, id\u00e9ales pour les impressions photographiques et vectorielles.\" \/>\n<meta property=\"og:url\" content=\"https:\/\/globalprix.com\/fr\/produit\/roland-versastudio-bn-20imprimer-tracer-et-couper480-mm\/\" \/>\n<meta property=\"og:site_name\" content=\"Globalprix.com\" \/>\n<meta property=\"article:modified_time\" content=\"2023-12-21T15:55:45+00:00\" \/>\n<meta property=\"og:image\" content=\"https:\/\/globalprix.com\/wp-content\/uploads\/2022\/08\/BN-20A-1.jpg\" \/>\n\t<meta property=\"og:image:width\" content=\"700\" \/>\n\t<meta property=\"og:image:height\" content=\"700\" \/>\n\t<meta property=\"og:image:type\" content=\"image\/jpeg\" \/>\n<meta name=\"twitter:card\" content=\"summary_large_image\" \/>\n<script type=\"application\/ld+json\" class=\"yoast-schema-graph\">{\"@context\":\"https:\\\/\\\/schema.org\",\"@graph\":[{\"@type\":\"WebPage\",\"@id\":\"https:\\\/\\\/globalprix.com\\\/fr\\\/produit\\\/roland-versastudio-bn-20imprimer-tracer-et-couper480-mm\\\/\",\"url\":\"https:\\\/\\\/globalprix.com\\\/fr\\\/produit\\\/roland-versastudio-bn-20imprimer-tracer-et-couper480-mm\\\/\",\"name\":\"ROLAND VersaSTUDIO BN-20A Traceur d\u2019impression et de d\u00e9coupe 480 mm | Globalprix.com\",\"isPartOf\":{\"@id\":\"https:\\\/\\\/globalprix.com\\\/#website\"},\"primaryImageOfPage\":{\"@id\":\"https:\\\/\\\/globalprix.com\\\/fr\\\/produit\\\/roland-versastudio-bn-20imprimer-tracer-et-couper480-mm\\\/#primaryimage\"},\"image\":{\"@id\":\"https:\\\/\\\/globalprix.com\\\/fr\\\/produit\\\/roland-versastudio-bn-20imprimer-tracer-et-couper480-mm\\\/#primaryimage\"},\"thumbnailUrl\":\"https:\\\/\\\/globalprix.com\\\/wp-content\\\/uploads\\\/2022\\\/08\\\/BN-20A-1.jpg\",\"datePublished\":\"2022-08-25T12:52:11+00:00\",\"dateModified\":\"2023-12-21T15:55:45+00:00\",\"breadcrumb\":{\"@id\":\"https:\\\/\\\/globalprix.com\\\/fr\\\/produit\\\/roland-versastudio-bn-20imprimer-tracer-et-couper480-mm\\\/#breadcrumb\"},\"inLanguage\":\"fr-FR\",\"potentialAction\":[{\"@type\":\"ReadAction\",\"target\":[\"https:\\\/\\\/globalprix.com\\\/fr\\\/produit\\\/roland-versastudio-bn-20imprimer-tracer-et-couper480-mm\\\/\"]}]},{\"@type\":\"ImageObject\",\"inLanguage\":\"fr-FR\",\"@id\":\"https:\\\/\\\/globalprix.com\\\/fr\\\/produit\\\/roland-versastudio-bn-20imprimer-tracer-et-couper480-mm\\\/#primaryimage\",\"url\":\"https:\\\/\\\/globalprix.com\\\/wp-content\\\/uploads\\\/2022\\\/08\\\/BN-20A-1.jpg\",\"contentUrl\":\"https:\\\/\\\/globalprix.com\\\/wp-content\\\/uploads\\\/2022\\\/08\\\/BN-20A-1.jpg\",\"width\":700,\"height\":700},{\"@type\":\"BreadcrumbList\",\"@id\":\"https:\\\/\\\/globalprix.com\\\/fr\\\/produit\\\/roland-versastudio-bn-20imprimer-tracer-et-couper480-mm\\\/#breadcrumb\",\"itemListElement\":[{\"@type\":\"ListItem\",\"position\":1,\"name\":\"Portada\",\"item\":\"https:\\\/\\\/globalprix.com\\\/en\\\/\"},{\"@type\":\"ListItem\",\"position\":2,\"name\":\"Boutique\",\"item\":\"https:\\\/\\\/globalprix.com\\\/fr\\\/boutique\\\/\"},{\"@type\":\"ListItem\",\"position\":3,\"name\":\"ROLAND VersaSTUDIO BN-20ATraceur d\u2019impression et de d\u00e9coupe480 mm\"}]},{\"@type\":\"WebSite\",\"@id\":\"https:\\\/\\\/globalprix.com\\\/#website\",\"url\":\"https:\\\/\\\/globalprix.com\\\/\",\"name\":\"Globalprix\",\"description\":\"Tienda online para Serigraf\u00eda\",\"publisher\":{\"@id\":\"https:\\\/\\\/globalprix.com\\\/#organization\"},\"alternateName\":\"Tienda online de serigraf\u00eda\",\"potentialAction\":[{\"@type\":\"SearchAction\",\"target\":{\"@type\":\"EntryPoint\",\"urlTemplate\":\"https:\\\/\\\/globalprix.com\\\/?s={search_term_string}\"},\"query-input\":{\"@type\":\"PropertyValueSpecification\",\"valueRequired\":true,\"valueName\":\"search_term_string\"}}],\"inLanguage\":\"fr-FR\"},{\"@type\":\"Organization\",\"@id\":\"https:\\\/\\\/globalprix.com\\\/#organization\",\"name\":\"Global Managing\",\"alternateName\":\"Globalprix\",\"url\":\"https:\\\/\\\/globalprix.com\\\/\",\"logo\":{\"@type\":\"ImageObject\",\"inLanguage\":\"fr-FR\",\"@id\":\"https:\\\/\\\/globalprix.com\\\/#\\\/schema\\\/logo\\\/image\\\/\",\"url\":\"https:\\\/\\\/globalprix.com\\\/wp-content\\\/uploads\\\/2023\\\/03\\\/logo-globalprix.jpg\",\"contentUrl\":\"https:\\\/\\\/globalprix.com\\\/wp-content\\\/uploads\\\/2023\\\/03\\\/logo-globalprix.jpg\",\"width\":595,\"height\":202,\"caption\":\"Global Managing\"},\"image\":{\"@id\":\"https:\\\/\\\/globalprix.com\\\/#\\\/schema\\\/logo\\\/image\\\/\"}}]}<\/script>\n<!-- \/ Yoast SEO plugin. -->","yoast_head_json":{"title":"ROLAND VersaSTUDIO BN-20ATraceur d\u2019impression et de d\u00e9coupe480 mm | Globalprix.com","robots":{"index":"index","follow":"follow","max-snippet":"max-snippet:-1","max-image-preview":"max-image-preview:large","max-video-preview":"max-video-preview:-1"},"canonical":"https:\/\/globalprix.com\/fr\/produit\/roland-versastudio-bn-20imprimer-tracer-et-couper480-mm\/","og_locale":"fr_FR","og_type":"article","og_title":"ROLAND VersaSTUDIO BN-20ATraceur d\u2019impression et de d\u00e9coupe480 mm | Globalprix.com","og_description":"L\u2019imprimante\/d\u00e9coupeuse de bureau BN-20A ouvre un monde de possibilit\u00e9s cr\u00e9atives, avec le plus haut niveau de qualit\u00e9. Avec des t\u00eates d\u2019impression pi\u00e9zo\u00e9lectriques jusqu\u2019\u00e0 1440 dpi, la BN-20A offre des impressions de qualit\u00e9 exceptionnelle avec des d\u00e9grad\u00e9s lisses, une densit\u00e9 \u00e9lev\u00e9e et une saturation d\u2019image profonde, id\u00e9ales pour les impressions photographiques et vectorielles.","og_url":"https:\/\/globalprix.com\/fr\/produit\/roland-versastudio-bn-20imprimer-tracer-et-couper480-mm\/","og_site_name":"Globalprix.com","article_modified_time":"2023-12-21T15:55:45+00:00","og_image":[{"width":700,"height":700,"url":"https:\/\/globalprix.com\/wp-content\/uploads\/2022\/08\/BN-20A-1.jpg","type":"image\/jpeg"}],"twitter_card":"summary_large_image","schema":{"@context":"https:\/\/schema.org","@graph":[{"@type":"WebPage","@id":"https:\/\/globalprix.com\/fr\/produit\/roland-versastudio-bn-20imprimer-tracer-et-couper480-mm\/","url":"https:\/\/globalprix.com\/fr\/produit\/roland-versastudio-bn-20imprimer-tracer-et-couper480-mm\/","name":"ROLAND VersaSTUDIO BN-20A Traceur d\u2019impression et de d\u00e9coupe 480 mm | Globalprix.com","isPartOf":{"@id":"https:\/\/globalprix.com\/#website"},"primaryImageOfPage":{"@id":"https:\/\/globalprix.com\/fr\/produit\/roland-versastudio-bn-20imprimer-tracer-et-couper480-mm\/#primaryimage"},"image":{"@id":"https:\/\/globalprix.com\/fr\/produit\/roland-versastudio-bn-20imprimer-tracer-et-couper480-mm\/#primaryimage"},"thumbnailUrl":"https:\/\/globalprix.com\/wp-content\/uploads\/2022\/08\/BN-20A-1.jpg","datePublished":"2022-08-25T12:52:11+00:00","dateModified":"2023-12-21T15:55:45+00:00","breadcrumb":{"@id":"https:\/\/globalprix.com\/fr\/produit\/roland-versastudio-bn-20imprimer-tracer-et-couper480-mm\/#breadcrumb"},"inLanguage":"fr-FR","potentialAction":[{"@type":"ReadAction","target":["https:\/\/globalprix.com\/fr\/produit\/roland-versastudio-bn-20imprimer-tracer-et-couper480-mm\/"]}]},{"@type":"ImageObject","inLanguage":"fr-FR","@id":"https:\/\/globalprix.com\/fr\/produit\/roland-versastudio-bn-20imprimer-tracer-et-couper480-mm\/#primaryimage","url":"https:\/\/globalprix.com\/wp-content\/uploads\/2022\/08\/BN-20A-1.jpg","contentUrl":"https:\/\/globalprix.com\/wp-content\/uploads\/2022\/08\/BN-20A-1.jpg","width":700,"height":700},{"@type":"BreadcrumbList","@id":"https:\/\/globalprix.com\/fr\/produit\/roland-versastudio-bn-20imprimer-tracer-et-couper480-mm\/#breadcrumb","itemListElement":[{"@type":"ListItem","position":1,"name":"Portada","item":"https:\/\/globalprix.com\/en\/"},{"@type":"ListItem","position":2,"name":"Boutique","item":"https:\/\/globalprix.com\/fr\/boutique\/"},{"@type":"ListItem","position":3,"name":"ROLAND VersaSTUDIO BN-20ATraceur d\u2019impression et de d\u00e9coupe480 mm"}]},{"@type":"WebSite","@id":"https:\/\/globalprix.com\/#website","url":"https:\/\/globalprix.com\/","name":"Globalprix","description":"Tienda online para Serigraf\u00eda","publisher":{"@id":"https:\/\/globalprix.com\/#organization"},"alternateName":"Tienda online de serigraf\u00eda","potentialAction":[{"@type":"SearchAction","target":{"@type":"EntryPoint","urlTemplate":"https:\/\/globalprix.com\/?s={search_term_string}"},"query-input":{"@type":"PropertyValueSpecification","valueRequired":true,"valueName":"search_term_string"}}],"inLanguage":"fr-FR"},{"@type":"Organization","@id":"https:\/\/globalprix.com\/#organization","name":"Global Managing","alternateName":"Globalprix","url":"https:\/\/globalprix.com\/","logo":{"@type":"ImageObject","inLanguage":"fr-FR","@id":"https:\/\/globalprix.com\/#\/schema\/logo\/image\/","url":"https:\/\/globalprix.com\/wp-content\/uploads\/2023\/03\/logo-globalprix.jpg","contentUrl":"https:\/\/globalprix.com\/wp-content\/uploads\/2023\/03\/logo-globalprix.jpg","width":595,"height":202,"caption":"Global Managing"},"image":{"@id":"https:\/\/globalprix.com\/#\/schema\/logo\/image\/"}}]}},"_links":{"self":[{"href":"https:\/\/globalprix.com\/fr\/wp-json\/wp\/v2\/product\/23573","targetHints":{"allow":["GET"]}}],"collection":[{"href":"https:\/\/globalprix.com\/fr\/wp-json\/wp\/v2\/product"}],"about":[{"href":"https:\/\/globalprix.com\/fr\/wp-json\/wp\/v2\/types\/product"}],"replies":[{"embeddable":true,"href":"https:\/\/globalprix.com\/fr\/wp-json\/wp\/v2\/comments?post=23573"}],"version-history":[{"count":0,"href":"https:\/\/globalprix.com\/fr\/wp-json\/wp\/v2\/product\/23573\/revisions"}],"wp:featuredmedia":[{"embeddable":true,"href":"https:\/\/globalprix.com\/fr\/wp-json\/wp\/v2\/media\/12707"}],"wp:attachment":[{"href":"https:\/\/globalprix.com\/fr\/wp-json\/wp\/v2\/media?parent=23573"}],"wp:term":[{"taxonomy":"product_brand","embeddable":true,"href":"https:\/\/globalprix.com\/fr\/wp-json\/wp\/v2\/product_brand?post=23573"},{"taxonomy":"product_cat","embeddable":true,"href":"https:\/\/globalprix.com\/fr\/wp-json\/wp\/v2\/product_cat?post=23573"},{"taxonomy":"product_tag","embeddable":true,"href":"https:\/\/globalprix.com\/fr\/wp-json\/wp\/v2\/product_tag?post=23573"}],"curies":[{"name":"wp","href":"https:\/\/api.w.org\/{rel}","templated":true}]}}