{"id":23578,"date":"2022-08-25T09:13:59","date_gmt":"2022-08-25T07:13:59","guid":{"rendered":"https:\/\/globalprix.com\/producto\/fluors-plastisols-encres-fluorescentes-plastisol-160oc\/"},"modified":"2024-02-15T12:15:32","modified_gmt":"2024-02-15T11:15:32","slug":"fluors-plastisols1-kg-5-kg","status":"publish","type":"product","link":"https:\/\/globalprix.com\/fr\/produit\/fluors-plastisols1-kg-5-kg\/","title":{"rendered":"FLUORS PLASTISOLS<br>Conteneurs de 1 Kg \/ 5 Kg"},"content":{"rendered":"<p>Si vous le souhaitez, vous pouvez r\u00e9server la couleur et l\u2019emballage de l\u2019encre plastisol pour l\u2019impression textile que vous souhaitez, en envoyant un e-mail \u00e0 info@globalprix.com<\/p>\n<p>&nbsp;<\/p>\n<p>&nbsp;<\/p>\n","protected":false},"excerpt":{"rendered":"<p>Durcissement \u00e0 160\u00baC.<br \/>\nToutes les couleurs de plastisol fluorescent peuvent \u00eatre m\u00e9lang\u00e9es pour obtenir des couleurs non incluses dans le nuancier et sont compatibles les unes avec les autres. Il est recommand\u00e9 de ne pas m\u00e9langer plus de trois couleurs \u00e0 la fois pour maintenir la stabilit\u00e9 du produit pendant l\u2019impression. La couverture est influenc\u00e9e par le type de conception, le nombre de fils\/cm de l\u2019\u00e9cran, la raclette (type et caoutchouc) et la vitesse d\u2019impression. Un durcissement appropri\u00e9 garantit l\u2019obtention des caract\u00e9ristiques finales souhait\u00e9es.<\/p>\n","protected":false},"featured_media":6801,"comment_status":"open","ping_status":"closed","template":"","meta":[],"product_brand":[],"product_cat":[459,161,448,2683],"product_tag":[],"class_list":{"0":"post-23578","1":"product","2":"type-product","3":"status-publish","4":"has-post-thumbnail","6":"product_cat-colores-fr","7":"product_cat-encres-pour-impression-textile","8":"product_cat-plastisoles-fr","9":"product_cat-serigraphie","11":"first","12":"instock","13":"taxable","14":"shipping-taxable","15":"purchasable","16":"product-type-variable"},"yoast_head":"<!-- This site is optimized with the Yoast SEO plugin v27.3 - https:\/\/yoast.com\/product\/yoast-seo-wordpress\/ -->\n<title>FLUORS PLASTISOLSConteneurs de 1 Kg \/ 5 Kg | Globalprix.com<\/title>\n<meta name=\"robots\" content=\"index, follow, max-snippet:-1, max-image-preview:large, max-video-preview:-1\" \/>\n<link rel=\"canonical\" href=\"https:\/\/globalprix.com\/fr\/produit\/fluors-plastisols1-kg-5-kg\/\" \/>\n<meta property=\"og:locale\" content=\"fr_FR\" \/>\n<meta property=\"og:type\" content=\"article\" \/>\n<meta property=\"og:title\" content=\"FLUORS PLASTISOLSConteneurs de 1 Kg \/ 5 Kg | Globalprix.com\" \/>\n<meta property=\"og:description\" content=\"Durcissement \u00e0 160\u00baC. Toutes les couleurs de plastisol fluorescent peuvent \u00eatre m\u00e9lang\u00e9es pour obtenir des couleurs non incluses dans le nuancier et sont compatibles les unes avec les autres. Il est recommand\u00e9 de ne pas m\u00e9langer plus de trois couleurs \u00e0 la fois pour maintenir la stabilit\u00e9 du produit pendant l\u2019impression. La couverture est influenc\u00e9e par le type de conception, le nombre de fils\/cm de l\u2019\u00e9cran, la raclette (type et caoutchouc) et la vitesse d\u2019impression. Un durcissement appropri\u00e9 garantit l\u2019obtention des caract\u00e9ristiques finales souhait\u00e9es.\" \/>\n<meta property=\"og:url\" content=\"https:\/\/globalprix.com\/fr\/produit\/fluors-plastisols1-kg-5-kg\/\" \/>\n<meta property=\"og:site_name\" content=\"Globalprix.com\" \/>\n<meta property=\"article:modified_time\" content=\"2024-02-15T11:15:32+00:00\" \/>\n<meta property=\"og:image\" content=\"https:\/\/globalprix.com\/wp-content\/uploads\/2021\/07\/PLASTISOL-5KG-FLUOR-AMARILLO.jpg\" \/>\n\t<meta property=\"og:image:width\" content=\"2047\" \/>\n\t<meta property=\"og:image:height\" content=\"2047\" \/>\n\t<meta property=\"og:image:type\" content=\"image\/jpeg\" \/>\n<meta name=\"twitter:card\" content=\"summary_large_image\" \/>\n<script type=\"application\/ld+json\" class=\"yoast-schema-graph\">{\"@context\":\"https:\\\/\\\/schema.org\",\"@graph\":[{\"@type\":\"WebPage\",\"@id\":\"https:\\\/\\\/globalprix.com\\\/fr\\\/produit\\\/fluors-plastisols1-kg-5-kg\\\/\",\"url\":\"https:\\\/\\\/globalprix.com\\\/fr\\\/produit\\\/fluors-plastisols1-kg-5-kg\\\/\",\"name\":\"FLUORS PLASTISOLS Conteneurs de 1 Kg \\\/ 5 Kg | Globalprix.com\",\"isPartOf\":{\"@id\":\"https:\\\/\\\/globalprix.com\\\/#website\"},\"primaryImageOfPage\":{\"@id\":\"https:\\\/\\\/globalprix.com\\\/fr\\\/produit\\\/fluors-plastisols1-kg-5-kg\\\/#primaryimage\"},\"image\":{\"@id\":\"https:\\\/\\\/globalprix.com\\\/fr\\\/produit\\\/fluors-plastisols1-kg-5-kg\\\/#primaryimage\"},\"thumbnailUrl\":\"https:\\\/\\\/globalprix.com\\\/wp-content\\\/uploads\\\/2021\\\/07\\\/PLASTISOL-5KG-FLUOR-AMARILLO.jpg\",\"datePublished\":\"2022-08-25T07:13:59+00:00\",\"dateModified\":\"2024-02-15T11:15:32+00:00\",\"breadcrumb\":{\"@id\":\"https:\\\/\\\/globalprix.com\\\/fr\\\/produit\\\/fluors-plastisols1-kg-5-kg\\\/#breadcrumb\"},\"inLanguage\":\"fr-FR\",\"potentialAction\":[{\"@type\":\"ReadAction\",\"target\":[\"https:\\\/\\\/globalprix.com\\\/fr\\\/produit\\\/fluors-plastisols1-kg-5-kg\\\/\"]}]},{\"@type\":\"ImageObject\",\"inLanguage\":\"fr-FR\",\"@id\":\"https:\\\/\\\/globalprix.com\\\/fr\\\/produit\\\/fluors-plastisols1-kg-5-kg\\\/#primaryimage\",\"url\":\"https:\\\/\\\/globalprix.com\\\/wp-content\\\/uploads\\\/2021\\\/07\\\/PLASTISOL-5KG-FLUOR-AMARILLO.jpg\",\"contentUrl\":\"https:\\\/\\\/globalprix.com\\\/wp-content\\\/uploads\\\/2021\\\/07\\\/PLASTISOL-5KG-FLUOR-AMARILLO.jpg\",\"width\":2047,\"height\":2047,\"caption\":\"PLASTISOL-5KG-FLUOR-AMARILLO\"},{\"@type\":\"BreadcrumbList\",\"@id\":\"https:\\\/\\\/globalprix.com\\\/fr\\\/produit\\\/fluors-plastisols1-kg-5-kg\\\/#breadcrumb\",\"itemListElement\":[{\"@type\":\"ListItem\",\"position\":1,\"name\":\"Portada\",\"item\":\"https:\\\/\\\/globalprix.com\\\/en\\\/\"},{\"@type\":\"ListItem\",\"position\":2,\"name\":\"Boutique\",\"item\":\"https:\\\/\\\/globalprix.com\\\/fr\\\/boutique\\\/\"},{\"@type\":\"ListItem\",\"position\":3,\"name\":\"FLUORS PLASTISOLSConteneurs de 1 Kg \\\/ 5 Kg\"}]},{\"@type\":\"WebSite\",\"@id\":\"https:\\\/\\\/globalprix.com\\\/#website\",\"url\":\"https:\\\/\\\/globalprix.com\\\/\",\"name\":\"Globalprix\",\"description\":\"Tienda online para Serigraf\u00eda\",\"publisher\":{\"@id\":\"https:\\\/\\\/globalprix.com\\\/#organization\"},\"alternateName\":\"Tienda online de serigraf\u00eda\",\"potentialAction\":[{\"@type\":\"SearchAction\",\"target\":{\"@type\":\"EntryPoint\",\"urlTemplate\":\"https:\\\/\\\/globalprix.com\\\/?s={search_term_string}\"},\"query-input\":{\"@type\":\"PropertyValueSpecification\",\"valueRequired\":true,\"valueName\":\"search_term_string\"}}],\"inLanguage\":\"fr-FR\"},{\"@type\":\"Organization\",\"@id\":\"https:\\\/\\\/globalprix.com\\\/#organization\",\"name\":\"Global Managing\",\"alternateName\":\"Globalprix\",\"url\":\"https:\\\/\\\/globalprix.com\\\/\",\"logo\":{\"@type\":\"ImageObject\",\"inLanguage\":\"fr-FR\",\"@id\":\"https:\\\/\\\/globalprix.com\\\/#\\\/schema\\\/logo\\\/image\\\/\",\"url\":\"https:\\\/\\\/globalprix.com\\\/wp-content\\\/uploads\\\/2023\\\/03\\\/logo-globalprix.jpg\",\"contentUrl\":\"https:\\\/\\\/globalprix.com\\\/wp-content\\\/uploads\\\/2023\\\/03\\\/logo-globalprix.jpg\",\"width\":595,\"height\":202,\"caption\":\"Global Managing\"},\"image\":{\"@id\":\"https:\\\/\\\/globalprix.com\\\/#\\\/schema\\\/logo\\\/image\\\/\"}}]}<\/script>\n<!-- \/ Yoast SEO plugin. -->","yoast_head_json":{"title":"FLUORS PLASTISOLSConteneurs de 1 Kg \/ 5 Kg | Globalprix.com","robots":{"index":"index","follow":"follow","max-snippet":"max-snippet:-1","max-image-preview":"max-image-preview:large","max-video-preview":"max-video-preview:-1"},"canonical":"https:\/\/globalprix.com\/fr\/produit\/fluors-plastisols1-kg-5-kg\/","og_locale":"fr_FR","og_type":"article","og_title":"FLUORS PLASTISOLSConteneurs de 1 Kg \/ 5 Kg | Globalprix.com","og_description":"Durcissement \u00e0 160\u00baC. Toutes les couleurs de plastisol fluorescent peuvent \u00eatre m\u00e9lang\u00e9es pour obtenir des couleurs non incluses dans le nuancier et sont compatibles les unes avec les autres. Il est recommand\u00e9 de ne pas m\u00e9langer plus de trois couleurs \u00e0 la fois pour maintenir la stabilit\u00e9 du produit pendant l\u2019impression. La couverture est influenc\u00e9e par le type de conception, le nombre de fils\/cm de l\u2019\u00e9cran, la raclette (type et caoutchouc) et la vitesse d\u2019impression. Un durcissement appropri\u00e9 garantit l\u2019obtention des caract\u00e9ristiques finales souhait\u00e9es.","og_url":"https:\/\/globalprix.com\/fr\/produit\/fluors-plastisols1-kg-5-kg\/","og_site_name":"Globalprix.com","article_modified_time":"2024-02-15T11:15:32+00:00","og_image":[{"width":2047,"height":2047,"url":"https:\/\/globalprix.com\/wp-content\/uploads\/2021\/07\/PLASTISOL-5KG-FLUOR-AMARILLO.jpg","type":"image\/jpeg"}],"twitter_card":"summary_large_image","schema":{"@context":"https:\/\/schema.org","@graph":[{"@type":"WebPage","@id":"https:\/\/globalprix.com\/fr\/produit\/fluors-plastisols1-kg-5-kg\/","url":"https:\/\/globalprix.com\/fr\/produit\/fluors-plastisols1-kg-5-kg\/","name":"FLUORS PLASTISOLS Conteneurs de 1 Kg \/ 5 Kg | Globalprix.com","isPartOf":{"@id":"https:\/\/globalprix.com\/#website"},"primaryImageOfPage":{"@id":"https:\/\/globalprix.com\/fr\/produit\/fluors-plastisols1-kg-5-kg\/#primaryimage"},"image":{"@id":"https:\/\/globalprix.com\/fr\/produit\/fluors-plastisols1-kg-5-kg\/#primaryimage"},"thumbnailUrl":"https:\/\/globalprix.com\/wp-content\/uploads\/2021\/07\/PLASTISOL-5KG-FLUOR-AMARILLO.jpg","datePublished":"2022-08-25T07:13:59+00:00","dateModified":"2024-02-15T11:15:32+00:00","breadcrumb":{"@id":"https:\/\/globalprix.com\/fr\/produit\/fluors-plastisols1-kg-5-kg\/#breadcrumb"},"inLanguage":"fr-FR","potentialAction":[{"@type":"ReadAction","target":["https:\/\/globalprix.com\/fr\/produit\/fluors-plastisols1-kg-5-kg\/"]}]},{"@type":"ImageObject","inLanguage":"fr-FR","@id":"https:\/\/globalprix.com\/fr\/produit\/fluors-plastisols1-kg-5-kg\/#primaryimage","url":"https:\/\/globalprix.com\/wp-content\/uploads\/2021\/07\/PLASTISOL-5KG-FLUOR-AMARILLO.jpg","contentUrl":"https:\/\/globalprix.com\/wp-content\/uploads\/2021\/07\/PLASTISOL-5KG-FLUOR-AMARILLO.jpg","width":2047,"height":2047,"caption":"PLASTISOL-5KG-FLUOR-AMARILLO"},{"@type":"BreadcrumbList","@id":"https:\/\/globalprix.com\/fr\/produit\/fluors-plastisols1-kg-5-kg\/#breadcrumb","itemListElement":[{"@type":"ListItem","position":1,"name":"Portada","item":"https:\/\/globalprix.com\/en\/"},{"@type":"ListItem","position":2,"name":"Boutique","item":"https:\/\/globalprix.com\/fr\/boutique\/"},{"@type":"ListItem","position":3,"name":"FLUORS PLASTISOLSConteneurs de 1 Kg \/ 5 Kg"}]},{"@type":"WebSite","@id":"https:\/\/globalprix.com\/#website","url":"https:\/\/globalprix.com\/","name":"Globalprix","description":"Tienda online para Serigraf\u00eda","publisher":{"@id":"https:\/\/globalprix.com\/#organization"},"alternateName":"Tienda online de serigraf\u00eda","potentialAction":[{"@type":"SearchAction","target":{"@type":"EntryPoint","urlTemplate":"https:\/\/globalprix.com\/?s={search_term_string}"},"query-input":{"@type":"PropertyValueSpecification","valueRequired":true,"valueName":"search_term_string"}}],"inLanguage":"fr-FR"},{"@type":"Organization","@id":"https:\/\/globalprix.com\/#organization","name":"Global Managing","alternateName":"Globalprix","url":"https:\/\/globalprix.com\/","logo":{"@type":"ImageObject","inLanguage":"fr-FR","@id":"https:\/\/globalprix.com\/#\/schema\/logo\/image\/","url":"https:\/\/globalprix.com\/wp-content\/uploads\/2023\/03\/logo-globalprix.jpg","contentUrl":"https:\/\/globalprix.com\/wp-content\/uploads\/2023\/03\/logo-globalprix.jpg","width":595,"height":202,"caption":"Global Managing"},"image":{"@id":"https:\/\/globalprix.com\/#\/schema\/logo\/image\/"}}]}},"_links":{"self":[{"href":"https:\/\/globalprix.com\/fr\/wp-json\/wp\/v2\/product\/23578","targetHints":{"allow":["GET"]}}],"collection":[{"href":"https:\/\/globalprix.com\/fr\/wp-json\/wp\/v2\/product"}],"about":[{"href":"https:\/\/globalprix.com\/fr\/wp-json\/wp\/v2\/types\/product"}],"replies":[{"embeddable":true,"href":"https:\/\/globalprix.com\/fr\/wp-json\/wp\/v2\/comments?post=23578"}],"version-history":[{"count":0,"href":"https:\/\/globalprix.com\/fr\/wp-json\/wp\/v2\/product\/23578\/revisions"}],"wp:featuredmedia":[{"embeddable":true,"href":"https:\/\/globalprix.com\/fr\/wp-json\/wp\/v2\/media\/6801"}],"wp:attachment":[{"href":"https:\/\/globalprix.com\/fr\/wp-json\/wp\/v2\/media?parent=23578"}],"wp:term":[{"taxonomy":"product_brand","embeddable":true,"href":"https:\/\/globalprix.com\/fr\/wp-json\/wp\/v2\/product_brand?post=23578"},{"taxonomy":"product_cat","embeddable":true,"href":"https:\/\/globalprix.com\/fr\/wp-json\/wp\/v2\/product_cat?post=23578"},{"taxonomy":"product_tag","embeddable":true,"href":"https:\/\/globalprix.com\/fr\/wp-json\/wp\/v2\/product_tag?post=23578"}],"curies":[{"name":"wp","href":"https:\/\/api.w.org\/{rel}","templated":true}]}}