{"id":23593,"date":"2022-08-25T10:17:40","date_gmt":"2022-08-25T08:17:40","guid":{"rendered":"https:\/\/globalprix.com\/producto\/colastamp-flash-600-mlspray-adhesif-pour-tapis\/"},"modified":"2024-02-14T09:15:40","modified_gmt":"2024-02-14T08:15:40","slug":"colastamp-flashadhesive-in-spray-for-mat600-ml","status":"publish","type":"product","link":"https:\/\/globalprix.com\/fr\/produit\/colastamp-flashadhesive-in-spray-for-mat600-ml\/","title":{"rendered":"COLASTAMP FLASH<br>Spray adh\u00e9sif pour tapis<br>600 ml"},"content":{"rendered":"<p>S\u2019il n\u2019y a pas de stock de l\u2019article, contactez-nous pour d\u00e9finir un d\u00e9lai de livraison en info@globalprix.com<\/p>\n","protected":false},"excerpt":{"rendered":"<p>Spray adh\u00e9sif pour coller le tissu sur le tapis, \u00e0 la fois pour les machines manuelles et automatiques. Adh\u00e9rence moyenne.<\/p>\n","protected":false},"featured_media":7885,"comment_status":"open","ping_status":"closed","template":"","meta":[],"product_brand":[],"product_cat":[1110,161,474,2683],"product_tag":[],"class_list":{"0":"post-23593","1":"product","2":"type-product","3":"status-publish","4":"has-post-thumbnail","6":"product_cat-adhesivos-en-spray-fr","7":"product_cat-encres-pour-impression-textile","8":"product_cat-quimicos-para-proceso-serigrafico-fr","9":"product_cat-serigraphie","11":"first","12":"instock","13":"taxable","14":"shipping-taxable","15":"purchasable","16":"product-type-simple"},"yoast_head":"<!-- This site is optimized with the Yoast SEO plugin v27.3 - https:\/\/yoast.com\/product\/yoast-seo-wordpress\/ -->\n<title>COLASTAMP FLASHSpray adh\u00e9sif pour tapis600 ml | Globalprix.com<\/title>\n<meta name=\"robots\" content=\"index, follow, max-snippet:-1, max-image-preview:large, max-video-preview:-1\" \/>\n<link rel=\"canonical\" href=\"https:\/\/globalprix.com\/fr\/produit\/colastamp-flashadhesive-in-spray-for-mat600-ml\/\" \/>\n<meta property=\"og:locale\" content=\"fr_FR\" \/>\n<meta property=\"og:type\" content=\"article\" \/>\n<meta property=\"og:title\" content=\"COLASTAMP FLASHSpray adh\u00e9sif pour tapis600 ml | Globalprix.com\" \/>\n<meta property=\"og:description\" content=\"Spray adh\u00e9sif pour coller le tissu sur le tapis, \u00e0 la fois pour les machines manuelles et automatiques. Adh\u00e9rence moyenne.\" \/>\n<meta property=\"og:url\" content=\"https:\/\/globalprix.com\/fr\/produit\/colastamp-flashadhesive-in-spray-for-mat600-ml\/\" \/>\n<meta property=\"og:site_name\" content=\"Globalprix.com\" \/>\n<meta property=\"article:modified_time\" content=\"2024-02-14T08:15:40+00:00\" \/>\n<meta property=\"og:image\" content=\"https:\/\/globalprix.com\/wp-content\/uploads\/2021\/01\/colastamp-flash-500ml.jpg\" \/>\n\t<meta property=\"og:image:width\" content=\"2047\" \/>\n\t<meta property=\"og:image:height\" content=\"2047\" \/>\n\t<meta property=\"og:image:type\" content=\"image\/jpeg\" \/>\n<meta name=\"twitter:card\" content=\"summary_large_image\" \/>\n<script type=\"application\/ld+json\" class=\"yoast-schema-graph\">{\"@context\":\"https:\\\/\\\/schema.org\",\"@graph\":[{\"@type\":\"WebPage\",\"@id\":\"https:\\\/\\\/globalprix.com\\\/fr\\\/produit\\\/colastamp-flashadhesive-in-spray-for-mat600-ml\\\/\",\"url\":\"https:\\\/\\\/globalprix.com\\\/fr\\\/produit\\\/colastamp-flashadhesive-in-spray-for-mat600-ml\\\/\",\"name\":\"COLASTAMP FLASH Spray adh\u00e9sif pour tapis 600 ml | Globalprix.com\",\"isPartOf\":{\"@id\":\"https:\\\/\\\/globalprix.com\\\/#website\"},\"primaryImageOfPage\":{\"@id\":\"https:\\\/\\\/globalprix.com\\\/fr\\\/produit\\\/colastamp-flashadhesive-in-spray-for-mat600-ml\\\/#primaryimage\"},\"image\":{\"@id\":\"https:\\\/\\\/globalprix.com\\\/fr\\\/produit\\\/colastamp-flashadhesive-in-spray-for-mat600-ml\\\/#primaryimage\"},\"thumbnailUrl\":\"https:\\\/\\\/globalprix.com\\\/wp-content\\\/uploads\\\/2021\\\/01\\\/colastamp-flash-500ml.jpg\",\"datePublished\":\"2022-08-25T08:17:40+00:00\",\"dateModified\":\"2024-02-14T08:15:40+00:00\",\"breadcrumb\":{\"@id\":\"https:\\\/\\\/globalprix.com\\\/fr\\\/produit\\\/colastamp-flashadhesive-in-spray-for-mat600-ml\\\/#breadcrumb\"},\"inLanguage\":\"fr-FR\",\"potentialAction\":[{\"@type\":\"ReadAction\",\"target\":[\"https:\\\/\\\/globalprix.com\\\/fr\\\/produit\\\/colastamp-flashadhesive-in-spray-for-mat600-ml\\\/\"]}]},{\"@type\":\"ImageObject\",\"inLanguage\":\"fr-FR\",\"@id\":\"https:\\\/\\\/globalprix.com\\\/fr\\\/produit\\\/colastamp-flashadhesive-in-spray-for-mat600-ml\\\/#primaryimage\",\"url\":\"https:\\\/\\\/globalprix.com\\\/wp-content\\\/uploads\\\/2021\\\/01\\\/colastamp-flash-500ml.jpg\",\"contentUrl\":\"https:\\\/\\\/globalprix.com\\\/wp-content\\\/uploads\\\/2021\\\/01\\\/colastamp-flash-500ml.jpg\",\"width\":2047,\"height\":2047,\"caption\":\"colastamp-flash-500ml\"},{\"@type\":\"BreadcrumbList\",\"@id\":\"https:\\\/\\\/globalprix.com\\\/fr\\\/produit\\\/colastamp-flashadhesive-in-spray-for-mat600-ml\\\/#breadcrumb\",\"itemListElement\":[{\"@type\":\"ListItem\",\"position\":1,\"name\":\"Portada\",\"item\":\"https:\\\/\\\/globalprix.com\\\/en\\\/\"},{\"@type\":\"ListItem\",\"position\":2,\"name\":\"Boutique\",\"item\":\"https:\\\/\\\/globalprix.com\\\/fr\\\/boutique\\\/\"},{\"@type\":\"ListItem\",\"position\":3,\"name\":\"COLASTAMP FLASHSpray adh\u00e9sif pour tapis600 ml\"}]},{\"@type\":\"WebSite\",\"@id\":\"https:\\\/\\\/globalprix.com\\\/#website\",\"url\":\"https:\\\/\\\/globalprix.com\\\/\",\"name\":\"Globalprix\",\"description\":\"Tienda online para Serigraf\u00eda\",\"publisher\":{\"@id\":\"https:\\\/\\\/globalprix.com\\\/#organization\"},\"alternateName\":\"Tienda online de serigraf\u00eda\",\"potentialAction\":[{\"@type\":\"SearchAction\",\"target\":{\"@type\":\"EntryPoint\",\"urlTemplate\":\"https:\\\/\\\/globalprix.com\\\/?s={search_term_string}\"},\"query-input\":{\"@type\":\"PropertyValueSpecification\",\"valueRequired\":true,\"valueName\":\"search_term_string\"}}],\"inLanguage\":\"fr-FR\"},{\"@type\":\"Organization\",\"@id\":\"https:\\\/\\\/globalprix.com\\\/#organization\",\"name\":\"Global Managing\",\"alternateName\":\"Globalprix\",\"url\":\"https:\\\/\\\/globalprix.com\\\/\",\"logo\":{\"@type\":\"ImageObject\",\"inLanguage\":\"fr-FR\",\"@id\":\"https:\\\/\\\/globalprix.com\\\/#\\\/schema\\\/logo\\\/image\\\/\",\"url\":\"https:\\\/\\\/globalprix.com\\\/wp-content\\\/uploads\\\/2023\\\/03\\\/logo-globalprix.jpg\",\"contentUrl\":\"https:\\\/\\\/globalprix.com\\\/wp-content\\\/uploads\\\/2023\\\/03\\\/logo-globalprix.jpg\",\"width\":595,\"height\":202,\"caption\":\"Global Managing\"},\"image\":{\"@id\":\"https:\\\/\\\/globalprix.com\\\/#\\\/schema\\\/logo\\\/image\\\/\"}}]}<\/script>\n<!-- \/ Yoast SEO plugin. -->","yoast_head_json":{"title":"COLASTAMP FLASHSpray adh\u00e9sif pour tapis600 ml | Globalprix.com","robots":{"index":"index","follow":"follow","max-snippet":"max-snippet:-1","max-image-preview":"max-image-preview:large","max-video-preview":"max-video-preview:-1"},"canonical":"https:\/\/globalprix.com\/fr\/produit\/colastamp-flashadhesive-in-spray-for-mat600-ml\/","og_locale":"fr_FR","og_type":"article","og_title":"COLASTAMP FLASHSpray adh\u00e9sif pour tapis600 ml | Globalprix.com","og_description":"Spray adh\u00e9sif pour coller le tissu sur le tapis, \u00e0 la fois pour les machines manuelles et automatiques. Adh\u00e9rence moyenne.","og_url":"https:\/\/globalprix.com\/fr\/produit\/colastamp-flashadhesive-in-spray-for-mat600-ml\/","og_site_name":"Globalprix.com","article_modified_time":"2024-02-14T08:15:40+00:00","og_image":[{"width":2047,"height":2047,"url":"https:\/\/globalprix.com\/wp-content\/uploads\/2021\/01\/colastamp-flash-500ml.jpg","type":"image\/jpeg"}],"twitter_card":"summary_large_image","schema":{"@context":"https:\/\/schema.org","@graph":[{"@type":"WebPage","@id":"https:\/\/globalprix.com\/fr\/produit\/colastamp-flashadhesive-in-spray-for-mat600-ml\/","url":"https:\/\/globalprix.com\/fr\/produit\/colastamp-flashadhesive-in-spray-for-mat600-ml\/","name":"COLASTAMP FLASH Spray adh\u00e9sif pour tapis 600 ml | Globalprix.com","isPartOf":{"@id":"https:\/\/globalprix.com\/#website"},"primaryImageOfPage":{"@id":"https:\/\/globalprix.com\/fr\/produit\/colastamp-flashadhesive-in-spray-for-mat600-ml\/#primaryimage"},"image":{"@id":"https:\/\/globalprix.com\/fr\/produit\/colastamp-flashadhesive-in-spray-for-mat600-ml\/#primaryimage"},"thumbnailUrl":"https:\/\/globalprix.com\/wp-content\/uploads\/2021\/01\/colastamp-flash-500ml.jpg","datePublished":"2022-08-25T08:17:40+00:00","dateModified":"2024-02-14T08:15:40+00:00","breadcrumb":{"@id":"https:\/\/globalprix.com\/fr\/produit\/colastamp-flashadhesive-in-spray-for-mat600-ml\/#breadcrumb"},"inLanguage":"fr-FR","potentialAction":[{"@type":"ReadAction","target":["https:\/\/globalprix.com\/fr\/produit\/colastamp-flashadhesive-in-spray-for-mat600-ml\/"]}]},{"@type":"ImageObject","inLanguage":"fr-FR","@id":"https:\/\/globalprix.com\/fr\/produit\/colastamp-flashadhesive-in-spray-for-mat600-ml\/#primaryimage","url":"https:\/\/globalprix.com\/wp-content\/uploads\/2021\/01\/colastamp-flash-500ml.jpg","contentUrl":"https:\/\/globalprix.com\/wp-content\/uploads\/2021\/01\/colastamp-flash-500ml.jpg","width":2047,"height":2047,"caption":"colastamp-flash-500ml"},{"@type":"BreadcrumbList","@id":"https:\/\/globalprix.com\/fr\/produit\/colastamp-flashadhesive-in-spray-for-mat600-ml\/#breadcrumb","itemListElement":[{"@type":"ListItem","position":1,"name":"Portada","item":"https:\/\/globalprix.com\/en\/"},{"@type":"ListItem","position":2,"name":"Boutique","item":"https:\/\/globalprix.com\/fr\/boutique\/"},{"@type":"ListItem","position":3,"name":"COLASTAMP FLASHSpray adh\u00e9sif pour tapis600 ml"}]},{"@type":"WebSite","@id":"https:\/\/globalprix.com\/#website","url":"https:\/\/globalprix.com\/","name":"Globalprix","description":"Tienda online para Serigraf\u00eda","publisher":{"@id":"https:\/\/globalprix.com\/#organization"},"alternateName":"Tienda online de serigraf\u00eda","potentialAction":[{"@type":"SearchAction","target":{"@type":"EntryPoint","urlTemplate":"https:\/\/globalprix.com\/?s={search_term_string}"},"query-input":{"@type":"PropertyValueSpecification","valueRequired":true,"valueName":"search_term_string"}}],"inLanguage":"fr-FR"},{"@type":"Organization","@id":"https:\/\/globalprix.com\/#organization","name":"Global Managing","alternateName":"Globalprix","url":"https:\/\/globalprix.com\/","logo":{"@type":"ImageObject","inLanguage":"fr-FR","@id":"https:\/\/globalprix.com\/#\/schema\/logo\/image\/","url":"https:\/\/globalprix.com\/wp-content\/uploads\/2023\/03\/logo-globalprix.jpg","contentUrl":"https:\/\/globalprix.com\/wp-content\/uploads\/2023\/03\/logo-globalprix.jpg","width":595,"height":202,"caption":"Global Managing"},"image":{"@id":"https:\/\/globalprix.com\/#\/schema\/logo\/image\/"}}]}},"_links":{"self":[{"href":"https:\/\/globalprix.com\/fr\/wp-json\/wp\/v2\/product\/23593","targetHints":{"allow":["GET"]}}],"collection":[{"href":"https:\/\/globalprix.com\/fr\/wp-json\/wp\/v2\/product"}],"about":[{"href":"https:\/\/globalprix.com\/fr\/wp-json\/wp\/v2\/types\/product"}],"replies":[{"embeddable":true,"href":"https:\/\/globalprix.com\/fr\/wp-json\/wp\/v2\/comments?post=23593"}],"version-history":[{"count":0,"href":"https:\/\/globalprix.com\/fr\/wp-json\/wp\/v2\/product\/23593\/revisions"}],"wp:featuredmedia":[{"embeddable":true,"href":"https:\/\/globalprix.com\/fr\/wp-json\/wp\/v2\/media\/7885"}],"wp:attachment":[{"href":"https:\/\/globalprix.com\/fr\/wp-json\/wp\/v2\/media?parent=23593"}],"wp:term":[{"taxonomy":"product_brand","embeddable":true,"href":"https:\/\/globalprix.com\/fr\/wp-json\/wp\/v2\/product_brand?post=23593"},{"taxonomy":"product_cat","embeddable":true,"href":"https:\/\/globalprix.com\/fr\/wp-json\/wp\/v2\/product_cat?post=23593"},{"taxonomy":"product_tag","embeddable":true,"href":"https:\/\/globalprix.com\/fr\/wp-json\/wp\/v2\/product_tag?post=23593"}],"curies":[{"name":"wp","href":"https:\/\/api.w.org\/{rel}","templated":true}]}}