{"id":23636,"date":"2022-08-25T12:12:35","date_gmt":"2022-08-25T10:12:35","guid":{"rendered":"https:\/\/globalprix.com\/producto\/roland-texart-sbl3-encre-de-sublimation-dans-le-sac-1000cc\/"},"modified":"2023-10-11T15:56:57","modified_gmt":"2023-10-11T13:56:57","slug":"roland-texart-sbl3sublimation-dans-sac-encre-1000-cc","status":"publish","type":"product","link":"https:\/\/globalprix.com\/fr\/produit\/roland-texart-sbl3sublimation-dans-sac-encre-1000-cc\/","title":{"rendered":"ROLAND TEXART SBL3<br>Encre de sublimation en sac 1000 cc"},"content":{"rendered":"","protected":false},"excerpt":{"rendered":"<p>Encres sp\u00e9cialement formul\u00e9es pour l\u2019impression par sublimation avec les encres Texart RT-640 ou XT-640 de Roland DG, les encres Texart\u2122\u2122 SBL3 offrent des couleurs \u00e9blouissantes et des graphismes de haute qualit\u00e9 aux tissus, v\u00eatements et autres articles personnalis\u00e9s sublim\u00e9s.<br \/>\nLes encres Texart\u2122 SBL3 sont disponibles en quatre ou huit configurations de couleurs avec CMJN, Cyan Light, Magenta Light, Orange, Violet, Fluorescent Pink et Fluorescent Yellow, offrant une large gamme de r\u00e9sultats impressionnants.<\/p>\n","protected":false},"featured_media":15899,"comment_status":"open","ping_status":"closed","template":"","meta":[],"product_brand":[],"product_cat":[502,3117,485],"product_tag":[],"class_list":{"0":"post-23636","1":"product","2":"type-product","3":"status-publish","4":"has-post-thumbnail","6":"product_cat-tintas-fr","7":"product_cat-roland-fr","8":"product_cat-sublimacion-fr","10":"first","11":"instock","12":"taxable","13":"shipping-taxable","14":"purchasable","15":"product-type-variable"},"yoast_head":"<!-- This site is optimized with the Yoast SEO plugin v27.3 - https:\/\/yoast.com\/product\/yoast-seo-wordpress\/ -->\n<title>ROLAND TEXART SBL3Encre de sublimation en sac 1000 cc | Globalprix.com<\/title>\n<meta name=\"robots\" content=\"index, follow, max-snippet:-1, max-image-preview:large, max-video-preview:-1\" \/>\n<link rel=\"canonical\" href=\"https:\/\/globalprix.com\/fr\/produit\/roland-texart-sbl3sublimation-dans-sac-encre-1000-cc\/\" \/>\n<meta property=\"og:locale\" content=\"fr_FR\" \/>\n<meta property=\"og:type\" content=\"article\" \/>\n<meta property=\"og:title\" content=\"ROLAND TEXART SBL3Encre de sublimation en sac 1000 cc | Globalprix.com\" \/>\n<meta property=\"og:description\" content=\"Encres sp\u00e9cialement formul\u00e9es pour l\u2019impression par sublimation avec les encres Texart RT-640 ou XT-640 de Roland DG, les encres Texart\u2122\u2122 SBL3 offrent des couleurs \u00e9blouissantes et des graphismes de haute qualit\u00e9 aux tissus, v\u00eatements et autres articles personnalis\u00e9s sublim\u00e9s. Les encres Texart\u2122 SBL3 sont disponibles en quatre ou huit configurations de couleurs avec CMJN, Cyan Light, Magenta Light, Orange, Violet, Fluorescent Pink et Fluorescent Yellow, offrant une large gamme de r\u00e9sultats impressionnants.\" \/>\n<meta property=\"og:url\" content=\"https:\/\/globalprix.com\/fr\/produit\/roland-texart-sbl3sublimation-dans-sac-encre-1000-cc\/\" \/>\n<meta property=\"og:site_name\" content=\"Globalprix.com\" \/>\n<meta property=\"article:modified_time\" content=\"2023-10-11T13:56:57+00:00\" \/>\n<meta property=\"og:image\" content=\"https:\/\/globalprix.com\/wp-content\/uploads\/2022\/08\/0059673_roland-texart-sbl3-ink-1000ml-yellow-sbl3-ye_415.jpeg\" \/>\n\t<meta property=\"og:image:width\" content=\"415\" \/>\n\t<meta property=\"og:image:height\" content=\"334\" \/>\n\t<meta property=\"og:image:type\" content=\"image\/jpeg\" \/>\n<meta name=\"twitter:card\" content=\"summary_large_image\" \/>\n<script type=\"application\/ld+json\" class=\"yoast-schema-graph\">{\"@context\":\"https:\\\/\\\/schema.org\",\"@graph\":[{\"@type\":\"WebPage\",\"@id\":\"https:\\\/\\\/globalprix.com\\\/fr\\\/produit\\\/roland-texart-sbl3sublimation-dans-sac-encre-1000-cc\\\/\",\"url\":\"https:\\\/\\\/globalprix.com\\\/fr\\\/produit\\\/roland-texart-sbl3sublimation-dans-sac-encre-1000-cc\\\/\",\"name\":\"ROLAND TEXART SBL3 Encre de sublimation en sac 1000 cc | Globalprix.com\",\"isPartOf\":{\"@id\":\"https:\\\/\\\/globalprix.com\\\/#website\"},\"primaryImageOfPage\":{\"@id\":\"https:\\\/\\\/globalprix.com\\\/fr\\\/produit\\\/roland-texart-sbl3sublimation-dans-sac-encre-1000-cc\\\/#primaryimage\"},\"image\":{\"@id\":\"https:\\\/\\\/globalprix.com\\\/fr\\\/produit\\\/roland-texart-sbl3sublimation-dans-sac-encre-1000-cc\\\/#primaryimage\"},\"thumbnailUrl\":\"https:\\\/\\\/globalprix.com\\\/wp-content\\\/uploads\\\/2022\\\/08\\\/0059673_roland-texart-sbl3-ink-1000ml-yellow-sbl3-ye_415.jpeg\",\"datePublished\":\"2022-08-25T10:12:35+00:00\",\"dateModified\":\"2023-10-11T13:56:57+00:00\",\"breadcrumb\":{\"@id\":\"https:\\\/\\\/globalprix.com\\\/fr\\\/produit\\\/roland-texart-sbl3sublimation-dans-sac-encre-1000-cc\\\/#breadcrumb\"},\"inLanguage\":\"fr-FR\",\"potentialAction\":[{\"@type\":\"ReadAction\",\"target\":[\"https:\\\/\\\/globalprix.com\\\/fr\\\/produit\\\/roland-texart-sbl3sublimation-dans-sac-encre-1000-cc\\\/\"]}]},{\"@type\":\"ImageObject\",\"inLanguage\":\"fr-FR\",\"@id\":\"https:\\\/\\\/globalprix.com\\\/fr\\\/produit\\\/roland-texart-sbl3sublimation-dans-sac-encre-1000-cc\\\/#primaryimage\",\"url\":\"https:\\\/\\\/globalprix.com\\\/wp-content\\\/uploads\\\/2022\\\/08\\\/0059673_roland-texart-sbl3-ink-1000ml-yellow-sbl3-ye_415.jpeg\",\"contentUrl\":\"https:\\\/\\\/globalprix.com\\\/wp-content\\\/uploads\\\/2022\\\/08\\\/0059673_roland-texart-sbl3-ink-1000ml-yellow-sbl3-ye_415.jpeg\",\"width\":415,\"height\":334},{\"@type\":\"BreadcrumbList\",\"@id\":\"https:\\\/\\\/globalprix.com\\\/fr\\\/produit\\\/roland-texart-sbl3sublimation-dans-sac-encre-1000-cc\\\/#breadcrumb\",\"itemListElement\":[{\"@type\":\"ListItem\",\"position\":1,\"name\":\"Portada\",\"item\":\"https:\\\/\\\/globalprix.com\\\/en\\\/\"},{\"@type\":\"ListItem\",\"position\":2,\"name\":\"Boutique\",\"item\":\"https:\\\/\\\/globalprix.com\\\/fr\\\/boutique\\\/\"},{\"@type\":\"ListItem\",\"position\":3,\"name\":\"ROLAND TEXART SBL3Encre de sublimation en sac 1000 cc\"}]},{\"@type\":\"WebSite\",\"@id\":\"https:\\\/\\\/globalprix.com\\\/#website\",\"url\":\"https:\\\/\\\/globalprix.com\\\/\",\"name\":\"Globalprix\",\"description\":\"Tienda online para Serigraf\u00eda\",\"publisher\":{\"@id\":\"https:\\\/\\\/globalprix.com\\\/#organization\"},\"alternateName\":\"Tienda online de serigraf\u00eda\",\"potentialAction\":[{\"@type\":\"SearchAction\",\"target\":{\"@type\":\"EntryPoint\",\"urlTemplate\":\"https:\\\/\\\/globalprix.com\\\/?s={search_term_string}\"},\"query-input\":{\"@type\":\"PropertyValueSpecification\",\"valueRequired\":true,\"valueName\":\"search_term_string\"}}],\"inLanguage\":\"fr-FR\"},{\"@type\":\"Organization\",\"@id\":\"https:\\\/\\\/globalprix.com\\\/#organization\",\"name\":\"Global Managing\",\"alternateName\":\"Globalprix\",\"url\":\"https:\\\/\\\/globalprix.com\\\/\",\"logo\":{\"@type\":\"ImageObject\",\"inLanguage\":\"fr-FR\",\"@id\":\"https:\\\/\\\/globalprix.com\\\/#\\\/schema\\\/logo\\\/image\\\/\",\"url\":\"https:\\\/\\\/globalprix.com\\\/wp-content\\\/uploads\\\/2023\\\/03\\\/logo-globalprix.jpg\",\"contentUrl\":\"https:\\\/\\\/globalprix.com\\\/wp-content\\\/uploads\\\/2023\\\/03\\\/logo-globalprix.jpg\",\"width\":595,\"height\":202,\"caption\":\"Global Managing\"},\"image\":{\"@id\":\"https:\\\/\\\/globalprix.com\\\/#\\\/schema\\\/logo\\\/image\\\/\"}}]}<\/script>\n<!-- \/ Yoast SEO plugin. -->","yoast_head_json":{"title":"ROLAND TEXART SBL3Encre de sublimation en sac 1000 cc | Globalprix.com","robots":{"index":"index","follow":"follow","max-snippet":"max-snippet:-1","max-image-preview":"max-image-preview:large","max-video-preview":"max-video-preview:-1"},"canonical":"https:\/\/globalprix.com\/fr\/produit\/roland-texart-sbl3sublimation-dans-sac-encre-1000-cc\/","og_locale":"fr_FR","og_type":"article","og_title":"ROLAND TEXART SBL3Encre de sublimation en sac 1000 cc | Globalprix.com","og_description":"Encres sp\u00e9cialement formul\u00e9es pour l\u2019impression par sublimation avec les encres Texart RT-640 ou XT-640 de Roland DG, les encres Texart\u2122\u2122 SBL3 offrent des couleurs \u00e9blouissantes et des graphismes de haute qualit\u00e9 aux tissus, v\u00eatements et autres articles personnalis\u00e9s sublim\u00e9s. Les encres Texart\u2122 SBL3 sont disponibles en quatre ou huit configurations de couleurs avec CMJN, Cyan Light, Magenta Light, Orange, Violet, Fluorescent Pink et Fluorescent Yellow, offrant une large gamme de r\u00e9sultats impressionnants.","og_url":"https:\/\/globalprix.com\/fr\/produit\/roland-texart-sbl3sublimation-dans-sac-encre-1000-cc\/","og_site_name":"Globalprix.com","article_modified_time":"2023-10-11T13:56:57+00:00","og_image":[{"width":415,"height":334,"url":"https:\/\/globalprix.com\/wp-content\/uploads\/2022\/08\/0059673_roland-texart-sbl3-ink-1000ml-yellow-sbl3-ye_415.jpeg","type":"image\/jpeg"}],"twitter_card":"summary_large_image","schema":{"@context":"https:\/\/schema.org","@graph":[{"@type":"WebPage","@id":"https:\/\/globalprix.com\/fr\/produit\/roland-texart-sbl3sublimation-dans-sac-encre-1000-cc\/","url":"https:\/\/globalprix.com\/fr\/produit\/roland-texart-sbl3sublimation-dans-sac-encre-1000-cc\/","name":"ROLAND TEXART SBL3 Encre de sublimation en sac 1000 cc | Globalprix.com","isPartOf":{"@id":"https:\/\/globalprix.com\/#website"},"primaryImageOfPage":{"@id":"https:\/\/globalprix.com\/fr\/produit\/roland-texart-sbl3sublimation-dans-sac-encre-1000-cc\/#primaryimage"},"image":{"@id":"https:\/\/globalprix.com\/fr\/produit\/roland-texart-sbl3sublimation-dans-sac-encre-1000-cc\/#primaryimage"},"thumbnailUrl":"https:\/\/globalprix.com\/wp-content\/uploads\/2022\/08\/0059673_roland-texart-sbl3-ink-1000ml-yellow-sbl3-ye_415.jpeg","datePublished":"2022-08-25T10:12:35+00:00","dateModified":"2023-10-11T13:56:57+00:00","breadcrumb":{"@id":"https:\/\/globalprix.com\/fr\/produit\/roland-texart-sbl3sublimation-dans-sac-encre-1000-cc\/#breadcrumb"},"inLanguage":"fr-FR","potentialAction":[{"@type":"ReadAction","target":["https:\/\/globalprix.com\/fr\/produit\/roland-texart-sbl3sublimation-dans-sac-encre-1000-cc\/"]}]},{"@type":"ImageObject","inLanguage":"fr-FR","@id":"https:\/\/globalprix.com\/fr\/produit\/roland-texart-sbl3sublimation-dans-sac-encre-1000-cc\/#primaryimage","url":"https:\/\/globalprix.com\/wp-content\/uploads\/2022\/08\/0059673_roland-texart-sbl3-ink-1000ml-yellow-sbl3-ye_415.jpeg","contentUrl":"https:\/\/globalprix.com\/wp-content\/uploads\/2022\/08\/0059673_roland-texart-sbl3-ink-1000ml-yellow-sbl3-ye_415.jpeg","width":415,"height":334},{"@type":"BreadcrumbList","@id":"https:\/\/globalprix.com\/fr\/produit\/roland-texart-sbl3sublimation-dans-sac-encre-1000-cc\/#breadcrumb","itemListElement":[{"@type":"ListItem","position":1,"name":"Portada","item":"https:\/\/globalprix.com\/en\/"},{"@type":"ListItem","position":2,"name":"Boutique","item":"https:\/\/globalprix.com\/fr\/boutique\/"},{"@type":"ListItem","position":3,"name":"ROLAND TEXART SBL3Encre de sublimation en sac 1000 cc"}]},{"@type":"WebSite","@id":"https:\/\/globalprix.com\/#website","url":"https:\/\/globalprix.com\/","name":"Globalprix","description":"Tienda online para Serigraf\u00eda","publisher":{"@id":"https:\/\/globalprix.com\/#organization"},"alternateName":"Tienda online de serigraf\u00eda","potentialAction":[{"@type":"SearchAction","target":{"@type":"EntryPoint","urlTemplate":"https:\/\/globalprix.com\/?s={search_term_string}"},"query-input":{"@type":"PropertyValueSpecification","valueRequired":true,"valueName":"search_term_string"}}],"inLanguage":"fr-FR"},{"@type":"Organization","@id":"https:\/\/globalprix.com\/#organization","name":"Global Managing","alternateName":"Globalprix","url":"https:\/\/globalprix.com\/","logo":{"@type":"ImageObject","inLanguage":"fr-FR","@id":"https:\/\/globalprix.com\/#\/schema\/logo\/image\/","url":"https:\/\/globalprix.com\/wp-content\/uploads\/2023\/03\/logo-globalprix.jpg","contentUrl":"https:\/\/globalprix.com\/wp-content\/uploads\/2023\/03\/logo-globalprix.jpg","width":595,"height":202,"caption":"Global Managing"},"image":{"@id":"https:\/\/globalprix.com\/#\/schema\/logo\/image\/"}}]}},"_links":{"self":[{"href":"https:\/\/globalprix.com\/fr\/wp-json\/wp\/v2\/product\/23636","targetHints":{"allow":["GET"]}}],"collection":[{"href":"https:\/\/globalprix.com\/fr\/wp-json\/wp\/v2\/product"}],"about":[{"href":"https:\/\/globalprix.com\/fr\/wp-json\/wp\/v2\/types\/product"}],"replies":[{"embeddable":true,"href":"https:\/\/globalprix.com\/fr\/wp-json\/wp\/v2\/comments?post=23636"}],"version-history":[{"count":0,"href":"https:\/\/globalprix.com\/fr\/wp-json\/wp\/v2\/product\/23636\/revisions"}],"wp:featuredmedia":[{"embeddable":true,"href":"https:\/\/globalprix.com\/fr\/wp-json\/wp\/v2\/media\/15899"}],"wp:attachment":[{"href":"https:\/\/globalprix.com\/fr\/wp-json\/wp\/v2\/media?parent=23636"}],"wp:term":[{"taxonomy":"product_brand","embeddable":true,"href":"https:\/\/globalprix.com\/fr\/wp-json\/wp\/v2\/product_brand?post=23636"},{"taxonomy":"product_cat","embeddable":true,"href":"https:\/\/globalprix.com\/fr\/wp-json\/wp\/v2\/product_cat?post=23636"},{"taxonomy":"product_tag","embeddable":true,"href":"https:\/\/globalprix.com\/fr\/wp-json\/wp\/v2\/product_tag?post=23636"}],"curies":[{"name":"wp","href":"https:\/\/api.w.org\/{rel}","templated":true}]}}