{"id":23698,"date":"2022-08-25T09:08:14","date_gmt":"2022-08-25T07:08:14","guid":{"rendered":"https:\/\/globalprix.com\/producto\/couleurs-plastisol-encres-colorees-plastisol-130oc\/"},"modified":"2024-02-14T16:26:15","modified_gmt":"2024-02-14T15:26:15","slug":"couleurs-plastisol-couleur-des-plastisols1-kg-5-kg","status":"publish","type":"product","link":"https:\/\/globalprix.com\/fr\/produit\/couleurs-plastisol-couleur-des-plastisols1-kg-5-kg\/","title":{"rendered":"COULEURS PLASTISOL<br>Gamme de couleurs de plastisols<br>Conteneurs de 1 Kg \/ 5 Kg"},"content":{"rendered":"<p>Si vous le souhaitez, vous pouvez r\u00e9server la couleur et l\u2019emballage de l\u2019encre plastisol pour l\u2019impression textile que vous souhaitez, en envoyant un e-mail info@globalprix.com<\/p>\n","protected":false},"excerpt":{"rendered":"<p>Les couleurs plastisol sont des encres fabriqu\u00e9es \u00e0 partir de r\u00e9sines synth\u00e9tiques de PVC et d\u2019autres d\u00e9riv\u00e9s. Les plastisols sont id\u00e9aux pour le travail textile dans les v\u00eatements clairs et fonc\u00e9s et conviennent au coton et aux tissus synth\u00e9tiques. Ils vous permettent d\u2019effectuer des travaux haute d\u00e9finition avec de longs tirages sans vous soucier de l\u2019obturation de l\u2019encre \u00e0 l\u2019\u00e9cran.<\/p>\n","protected":false},"featured_media":6965,"comment_status":"open","ping_status":"closed","template":"","meta":[],"product_brand":[],"product_cat":[459,161,448,2683],"product_tag":[],"class_list":{"0":"post-23698","1":"product","2":"type-product","3":"status-publish","4":"has-post-thumbnail","6":"product_cat-colores-fr","7":"product_cat-encres-pour-impression-textile","8":"product_cat-plastisoles-fr","9":"product_cat-serigraphie","11":"first","12":"instock","13":"taxable","14":"shipping-taxable","15":"purchasable","16":"product-type-variable"},"yoast_head":"<!-- This site is optimized with the Yoast SEO plugin v27.3 - https:\/\/yoast.com\/product\/yoast-seo-wordpress\/ -->\n<title>COULEURS PLASTISOLGamme de couleurs de plastisolsConteneurs de 1 Kg \/ 5 Kg | Globalprix.com<\/title>\n<meta name=\"robots\" content=\"index, follow, max-snippet:-1, max-image-preview:large, max-video-preview:-1\" \/>\n<link rel=\"canonical\" href=\"https:\/\/globalprix.com\/fr\/produit\/couleurs-plastisol-couleur-des-plastisols1-kg-5-kg\/\" \/>\n<meta property=\"og:locale\" content=\"fr_FR\" \/>\n<meta property=\"og:type\" content=\"article\" \/>\n<meta property=\"og:title\" content=\"COULEURS PLASTISOLGamme de couleurs de plastisolsConteneurs de 1 Kg \/ 5 Kg | Globalprix.com\" \/>\n<meta property=\"og:description\" content=\"Les couleurs plastisol sont des encres fabriqu\u00e9es \u00e0 partir de r\u00e9sines synth\u00e9tiques de PVC et d\u2019autres d\u00e9riv\u00e9s. Les plastisols sont id\u00e9aux pour le travail textile dans les v\u00eatements clairs et fonc\u00e9s et conviennent au coton et aux tissus synth\u00e9tiques. Ils vous permettent d\u2019effectuer des travaux haute d\u00e9finition avec de longs tirages sans vous soucier de l\u2019obturation de l\u2019encre \u00e0 l\u2019\u00e9cran.\" \/>\n<meta property=\"og:url\" content=\"https:\/\/globalprix.com\/fr\/produit\/couleurs-plastisol-couleur-des-plastisols1-kg-5-kg\/\" \/>\n<meta property=\"og:site_name\" content=\"Globalprix.com\" \/>\n<meta property=\"article:modified_time\" content=\"2024-02-14T15:26:15+00:00\" \/>\n<meta property=\"og:image\" content=\"https:\/\/globalprix.com\/wp-content\/uploads\/2021\/07\/PLASTISOL-COLORES.jpg\" \/>\n\t<meta property=\"og:image:width\" content=\"2047\" \/>\n\t<meta property=\"og:image:height\" content=\"2047\" \/>\n\t<meta property=\"og:image:type\" content=\"image\/jpeg\" \/>\n<meta name=\"twitter:card\" content=\"summary_large_image\" \/>\n<script type=\"application\/ld+json\" class=\"yoast-schema-graph\">{\"@context\":\"https:\\\/\\\/schema.org\",\"@graph\":[{\"@type\":\"WebPage\",\"@id\":\"https:\\\/\\\/globalprix.com\\\/fr\\\/produit\\\/couleurs-plastisol-couleur-des-plastisols1-kg-5-kg\\\/\",\"url\":\"https:\\\/\\\/globalprix.com\\\/fr\\\/produit\\\/couleurs-plastisol-couleur-des-plastisols1-kg-5-kg\\\/\",\"name\":\"COULEURS PLASTISOL Gamme de couleurs de plastisols Conteneurs de 1 Kg \\\/ 5 Kg | Globalprix.com\",\"isPartOf\":{\"@id\":\"https:\\\/\\\/globalprix.com\\\/#website\"},\"primaryImageOfPage\":{\"@id\":\"https:\\\/\\\/globalprix.com\\\/fr\\\/produit\\\/couleurs-plastisol-couleur-des-plastisols1-kg-5-kg\\\/#primaryimage\"},\"image\":{\"@id\":\"https:\\\/\\\/globalprix.com\\\/fr\\\/produit\\\/couleurs-plastisol-couleur-des-plastisols1-kg-5-kg\\\/#primaryimage\"},\"thumbnailUrl\":\"https:\\\/\\\/globalprix.com\\\/wp-content\\\/uploads\\\/2021\\\/07\\\/PLASTISOL-COLORES.jpg\",\"datePublished\":\"2022-08-25T07:08:14+00:00\",\"dateModified\":\"2024-02-14T15:26:15+00:00\",\"breadcrumb\":{\"@id\":\"https:\\\/\\\/globalprix.com\\\/fr\\\/produit\\\/couleurs-plastisol-couleur-des-plastisols1-kg-5-kg\\\/#breadcrumb\"},\"inLanguage\":\"fr-FR\",\"potentialAction\":[{\"@type\":\"ReadAction\",\"target\":[\"https:\\\/\\\/globalprix.com\\\/fr\\\/produit\\\/couleurs-plastisol-couleur-des-plastisols1-kg-5-kg\\\/\"]}]},{\"@type\":\"ImageObject\",\"inLanguage\":\"fr-FR\",\"@id\":\"https:\\\/\\\/globalprix.com\\\/fr\\\/produit\\\/couleurs-plastisol-couleur-des-plastisols1-kg-5-kg\\\/#primaryimage\",\"url\":\"https:\\\/\\\/globalprix.com\\\/wp-content\\\/uploads\\\/2021\\\/07\\\/PLASTISOL-COLORES.jpg\",\"contentUrl\":\"https:\\\/\\\/globalprix.com\\\/wp-content\\\/uploads\\\/2021\\\/07\\\/PLASTISOL-COLORES.jpg\",\"width\":2047,\"height\":2047,\"caption\":\"PLASTISOL-COLORES\"},{\"@type\":\"BreadcrumbList\",\"@id\":\"https:\\\/\\\/globalprix.com\\\/fr\\\/produit\\\/couleurs-plastisol-couleur-des-plastisols1-kg-5-kg\\\/#breadcrumb\",\"itemListElement\":[{\"@type\":\"ListItem\",\"position\":1,\"name\":\"Portada\",\"item\":\"https:\\\/\\\/globalprix.com\\\/en\\\/\"},{\"@type\":\"ListItem\",\"position\":2,\"name\":\"Boutique\",\"item\":\"https:\\\/\\\/globalprix.com\\\/fr\\\/boutique\\\/\"},{\"@type\":\"ListItem\",\"position\":3,\"name\":\"COULEURS PLASTISOLGamme de couleurs de plastisolsConteneurs de 1 Kg \\\/ 5 Kg\"}]},{\"@type\":\"WebSite\",\"@id\":\"https:\\\/\\\/globalprix.com\\\/#website\",\"url\":\"https:\\\/\\\/globalprix.com\\\/\",\"name\":\"Globalprix\",\"description\":\"Tienda online para Serigraf\u00eda\",\"publisher\":{\"@id\":\"https:\\\/\\\/globalprix.com\\\/#organization\"},\"alternateName\":\"Tienda online de serigraf\u00eda\",\"potentialAction\":[{\"@type\":\"SearchAction\",\"target\":{\"@type\":\"EntryPoint\",\"urlTemplate\":\"https:\\\/\\\/globalprix.com\\\/?s={search_term_string}\"},\"query-input\":{\"@type\":\"PropertyValueSpecification\",\"valueRequired\":true,\"valueName\":\"search_term_string\"}}],\"inLanguage\":\"fr-FR\"},{\"@type\":\"Organization\",\"@id\":\"https:\\\/\\\/globalprix.com\\\/#organization\",\"name\":\"Global Managing\",\"alternateName\":\"Globalprix\",\"url\":\"https:\\\/\\\/globalprix.com\\\/\",\"logo\":{\"@type\":\"ImageObject\",\"inLanguage\":\"fr-FR\",\"@id\":\"https:\\\/\\\/globalprix.com\\\/#\\\/schema\\\/logo\\\/image\\\/\",\"url\":\"https:\\\/\\\/globalprix.com\\\/wp-content\\\/uploads\\\/2023\\\/03\\\/logo-globalprix.jpg\",\"contentUrl\":\"https:\\\/\\\/globalprix.com\\\/wp-content\\\/uploads\\\/2023\\\/03\\\/logo-globalprix.jpg\",\"width\":595,\"height\":202,\"caption\":\"Global Managing\"},\"image\":{\"@id\":\"https:\\\/\\\/globalprix.com\\\/#\\\/schema\\\/logo\\\/image\\\/\"}}]}<\/script>\n<!-- \/ Yoast SEO plugin. -->","yoast_head_json":{"title":"COULEURS PLASTISOLGamme de couleurs de plastisolsConteneurs de 1 Kg \/ 5 Kg | Globalprix.com","robots":{"index":"index","follow":"follow","max-snippet":"max-snippet:-1","max-image-preview":"max-image-preview:large","max-video-preview":"max-video-preview:-1"},"canonical":"https:\/\/globalprix.com\/fr\/produit\/couleurs-plastisol-couleur-des-plastisols1-kg-5-kg\/","og_locale":"fr_FR","og_type":"article","og_title":"COULEURS PLASTISOLGamme de couleurs de plastisolsConteneurs de 1 Kg \/ 5 Kg | Globalprix.com","og_description":"Les couleurs plastisol sont des encres fabriqu\u00e9es \u00e0 partir de r\u00e9sines synth\u00e9tiques de PVC et d\u2019autres d\u00e9riv\u00e9s. Les plastisols sont id\u00e9aux pour le travail textile dans les v\u00eatements clairs et fonc\u00e9s et conviennent au coton et aux tissus synth\u00e9tiques. Ils vous permettent d\u2019effectuer des travaux haute d\u00e9finition avec de longs tirages sans vous soucier de l\u2019obturation de l\u2019encre \u00e0 l\u2019\u00e9cran.","og_url":"https:\/\/globalprix.com\/fr\/produit\/couleurs-plastisol-couleur-des-plastisols1-kg-5-kg\/","og_site_name":"Globalprix.com","article_modified_time":"2024-02-14T15:26:15+00:00","og_image":[{"width":2047,"height":2047,"url":"https:\/\/globalprix.com\/wp-content\/uploads\/2021\/07\/PLASTISOL-COLORES.jpg","type":"image\/jpeg"}],"twitter_card":"summary_large_image","schema":{"@context":"https:\/\/schema.org","@graph":[{"@type":"WebPage","@id":"https:\/\/globalprix.com\/fr\/produit\/couleurs-plastisol-couleur-des-plastisols1-kg-5-kg\/","url":"https:\/\/globalprix.com\/fr\/produit\/couleurs-plastisol-couleur-des-plastisols1-kg-5-kg\/","name":"COULEURS PLASTISOL Gamme de couleurs de plastisols Conteneurs de 1 Kg \/ 5 Kg | Globalprix.com","isPartOf":{"@id":"https:\/\/globalprix.com\/#website"},"primaryImageOfPage":{"@id":"https:\/\/globalprix.com\/fr\/produit\/couleurs-plastisol-couleur-des-plastisols1-kg-5-kg\/#primaryimage"},"image":{"@id":"https:\/\/globalprix.com\/fr\/produit\/couleurs-plastisol-couleur-des-plastisols1-kg-5-kg\/#primaryimage"},"thumbnailUrl":"https:\/\/globalprix.com\/wp-content\/uploads\/2021\/07\/PLASTISOL-COLORES.jpg","datePublished":"2022-08-25T07:08:14+00:00","dateModified":"2024-02-14T15:26:15+00:00","breadcrumb":{"@id":"https:\/\/globalprix.com\/fr\/produit\/couleurs-plastisol-couleur-des-plastisols1-kg-5-kg\/#breadcrumb"},"inLanguage":"fr-FR","potentialAction":[{"@type":"ReadAction","target":["https:\/\/globalprix.com\/fr\/produit\/couleurs-plastisol-couleur-des-plastisols1-kg-5-kg\/"]}]},{"@type":"ImageObject","inLanguage":"fr-FR","@id":"https:\/\/globalprix.com\/fr\/produit\/couleurs-plastisol-couleur-des-plastisols1-kg-5-kg\/#primaryimage","url":"https:\/\/globalprix.com\/wp-content\/uploads\/2021\/07\/PLASTISOL-COLORES.jpg","contentUrl":"https:\/\/globalprix.com\/wp-content\/uploads\/2021\/07\/PLASTISOL-COLORES.jpg","width":2047,"height":2047,"caption":"PLASTISOL-COLORES"},{"@type":"BreadcrumbList","@id":"https:\/\/globalprix.com\/fr\/produit\/couleurs-plastisol-couleur-des-plastisols1-kg-5-kg\/#breadcrumb","itemListElement":[{"@type":"ListItem","position":1,"name":"Portada","item":"https:\/\/globalprix.com\/en\/"},{"@type":"ListItem","position":2,"name":"Boutique","item":"https:\/\/globalprix.com\/fr\/boutique\/"},{"@type":"ListItem","position":3,"name":"COULEURS PLASTISOLGamme de couleurs de plastisolsConteneurs de 1 Kg \/ 5 Kg"}]},{"@type":"WebSite","@id":"https:\/\/globalprix.com\/#website","url":"https:\/\/globalprix.com\/","name":"Globalprix","description":"Tienda online para Serigraf\u00eda","publisher":{"@id":"https:\/\/globalprix.com\/#organization"},"alternateName":"Tienda online de serigraf\u00eda","potentialAction":[{"@type":"SearchAction","target":{"@type":"EntryPoint","urlTemplate":"https:\/\/globalprix.com\/?s={search_term_string}"},"query-input":{"@type":"PropertyValueSpecification","valueRequired":true,"valueName":"search_term_string"}}],"inLanguage":"fr-FR"},{"@type":"Organization","@id":"https:\/\/globalprix.com\/#organization","name":"Global Managing","alternateName":"Globalprix","url":"https:\/\/globalprix.com\/","logo":{"@type":"ImageObject","inLanguage":"fr-FR","@id":"https:\/\/globalprix.com\/#\/schema\/logo\/image\/","url":"https:\/\/globalprix.com\/wp-content\/uploads\/2023\/03\/logo-globalprix.jpg","contentUrl":"https:\/\/globalprix.com\/wp-content\/uploads\/2023\/03\/logo-globalprix.jpg","width":595,"height":202,"caption":"Global Managing"},"image":{"@id":"https:\/\/globalprix.com\/#\/schema\/logo\/image\/"}}]}},"_links":{"self":[{"href":"https:\/\/globalprix.com\/fr\/wp-json\/wp\/v2\/product\/23698","targetHints":{"allow":["GET"]}}],"collection":[{"href":"https:\/\/globalprix.com\/fr\/wp-json\/wp\/v2\/product"}],"about":[{"href":"https:\/\/globalprix.com\/fr\/wp-json\/wp\/v2\/types\/product"}],"replies":[{"embeddable":true,"href":"https:\/\/globalprix.com\/fr\/wp-json\/wp\/v2\/comments?post=23698"}],"version-history":[{"count":0,"href":"https:\/\/globalprix.com\/fr\/wp-json\/wp\/v2\/product\/23698\/revisions"}],"wp:featuredmedia":[{"embeddable":true,"href":"https:\/\/globalprix.com\/fr\/wp-json\/wp\/v2\/media\/6965"}],"wp:attachment":[{"href":"https:\/\/globalprix.com\/fr\/wp-json\/wp\/v2\/media?parent=23698"}],"wp:term":[{"taxonomy":"product_brand","embeddable":true,"href":"https:\/\/globalprix.com\/fr\/wp-json\/wp\/v2\/product_brand?post=23698"},{"taxonomy":"product_cat","embeddable":true,"href":"https:\/\/globalprix.com\/fr\/wp-json\/wp\/v2\/product_cat?post=23698"},{"taxonomy":"product_tag","embeddable":true,"href":"https:\/\/globalprix.com\/fr\/wp-json\/wp\/v2\/product_tag?post=23698"}],"curies":[{"name":"wp","href":"https:\/\/api.w.org\/{rel}","templated":true}]}}