{"id":23730,"date":"2022-08-25T08:24:07","date_gmt":"2022-08-25T06:24:07","guid":{"rendered":"https:\/\/globalprix.com\/producto\/quadricomia-plastisols-encres-plastisol-quadricolores-160oc\/"},"modified":"2024-02-23T08:40:19","modified_gmt":"2024-02-23T07:40:19","slug":"quadrichomia-plastisolesconteneur-de-5-kg","status":"publish","type":"product","link":"https:\/\/globalprix.com\/fr\/produit\/quadrichomia-plastisolesconteneur-de-5-kg\/","title":{"rendered":"QUADRICOMIA PLASTISOLS<br>Conteneur de 5 kg"},"content":{"rendered":"<p>Si vous souhaitez r\u00e9server la couleur et le packaging de l\u2019encre plastisol pour l\u2019impression textile que vous souhaitez, consultez-nous pour d\u00e9finir un d\u00e9lai de livraison en info@globalprix.com<\/p>\n","protected":false},"excerpt":{"rendered":"<p>Les encres de plastisol de proc\u00e9d\u00e9 fonctionnent de la m\u00eame mani\u00e8re que les autres plastisols. Ils simulent les couleurs CMJN. Ils sont \u00e9galement utilis\u00e9s pour la technique d\u2019impression par transfert qui vous permet de concevoir en couleur gr\u00e2ce aux \u00e9crans. La couverture est influenc\u00e9e par le type de conception, le nombre de fils \/ cm de l\u2019\u00e9cran, la rayure (type et caoutchouc) et la vitesse d\u2019impression. Un durcissement appropri\u00e9 garantit l\u2019obtention des caract\u00e9ristiques finales souhait\u00e9es. Durcissement \u00e0 160\u00baC<\/p>\n","protected":false},"featured_media":22199,"comment_status":"open","ping_status":"closed","template":"","meta":[],"product_brand":[],"product_cat":[459,161,448,2754,2683],"product_tag":[],"class_list":{"0":"post-23730","1":"product","2":"type-product","3":"status-publish","4":"has-post-thumbnail","6":"product_cat-colores-fr","7":"product_cat-encres-pour-impression-textile","8":"product_cat-plastisoles-fr","9":"product_cat-produits","10":"product_cat-serigraphie","12":"first","13":"instock","14":"taxable","15":"shipping-taxable","16":"purchasable","17":"product-type-variable"},"yoast_head":"<!-- This site is optimized with the Yoast SEO plugin v27.3 - https:\/\/yoast.com\/product\/yoast-seo-wordpress\/ -->\n<title>QUADRICOMIA PLASTISOLSConteneur de 5 kg | Globalprix.com<\/title>\n<meta name=\"robots\" content=\"index, follow, max-snippet:-1, max-image-preview:large, max-video-preview:-1\" \/>\n<link rel=\"canonical\" href=\"https:\/\/globalprix.com\/fr\/produit\/quadrichomia-plastisolesconteneur-de-5-kg\/\" \/>\n<meta property=\"og:locale\" content=\"fr_FR\" \/>\n<meta property=\"og:type\" content=\"article\" \/>\n<meta property=\"og:title\" content=\"QUADRICOMIA PLASTISOLSConteneur de 5 kg | Globalprix.com\" \/>\n<meta property=\"og:description\" content=\"Les encres de plastisol de proc\u00e9d\u00e9 fonctionnent de la m\u00eame mani\u00e8re que les autres plastisols. Ils simulent les couleurs CMJN. Ils sont \u00e9galement utilis\u00e9s pour la technique d\u2019impression par transfert qui vous permet de concevoir en couleur gr\u00e2ce aux \u00e9crans. La couverture est influenc\u00e9e par le type de conception, le nombre de fils \/ cm de l\u2019\u00e9cran, la rayure (type et caoutchouc) et la vitesse d\u2019impression. Un durcissement appropri\u00e9 garantit l\u2019obtention des caract\u00e9ristiques finales souhait\u00e9es. Durcissement \u00e0 160\u00baC\" \/>\n<meta property=\"og:url\" content=\"https:\/\/globalprix.com\/fr\/produit\/quadrichomia-plastisolesconteneur-de-5-kg\/\" \/>\n<meta property=\"og:site_name\" content=\"Globalprix.com\" \/>\n<meta property=\"article:modified_time\" content=\"2024-02-23T07:40:19+00:00\" \/>\n<meta property=\"og:image\" content=\"https:\/\/globalprix.com\/wp-content\/uploads\/2022\/08\/cuatricomia-plastisol.webp\" \/>\n\t<meta property=\"og:image:width\" content=\"500\" \/>\n\t<meta property=\"og:image:height\" content=\"405\" \/>\n\t<meta property=\"og:image:type\" content=\"image\/webp\" \/>\n<meta name=\"twitter:card\" content=\"summary_large_image\" \/>\n<script type=\"application\/ld+json\" class=\"yoast-schema-graph\">{\"@context\":\"https:\\\/\\\/schema.org\",\"@graph\":[{\"@type\":\"WebPage\",\"@id\":\"https:\\\/\\\/globalprix.com\\\/fr\\\/produit\\\/quadrichomia-plastisolesconteneur-de-5-kg\\\/\",\"url\":\"https:\\\/\\\/globalprix.com\\\/fr\\\/produit\\\/quadrichomia-plastisolesconteneur-de-5-kg\\\/\",\"name\":\"QUADRICOMIA PLASTISOLS Conteneur de 5 kg | Globalprix.com\",\"isPartOf\":{\"@id\":\"https:\\\/\\\/globalprix.com\\\/#website\"},\"primaryImageOfPage\":{\"@id\":\"https:\\\/\\\/globalprix.com\\\/fr\\\/produit\\\/quadrichomia-plastisolesconteneur-de-5-kg\\\/#primaryimage\"},\"image\":{\"@id\":\"https:\\\/\\\/globalprix.com\\\/fr\\\/produit\\\/quadrichomia-plastisolesconteneur-de-5-kg\\\/#primaryimage\"},\"thumbnailUrl\":\"https:\\\/\\\/globalprix.com\\\/wp-content\\\/uploads\\\/2022\\\/08\\\/cuatricomia-plastisol.webp\",\"datePublished\":\"2022-08-25T06:24:07+00:00\",\"dateModified\":\"2024-02-23T07:40:19+00:00\",\"breadcrumb\":{\"@id\":\"https:\\\/\\\/globalprix.com\\\/fr\\\/produit\\\/quadrichomia-plastisolesconteneur-de-5-kg\\\/#breadcrumb\"},\"inLanguage\":\"fr-FR\",\"potentialAction\":[{\"@type\":\"ReadAction\",\"target\":[\"https:\\\/\\\/globalprix.com\\\/fr\\\/produit\\\/quadrichomia-plastisolesconteneur-de-5-kg\\\/\"]}]},{\"@type\":\"ImageObject\",\"inLanguage\":\"fr-FR\",\"@id\":\"https:\\\/\\\/globalprix.com\\\/fr\\\/produit\\\/quadrichomia-plastisolesconteneur-de-5-kg\\\/#primaryimage\",\"url\":\"https:\\\/\\\/globalprix.com\\\/wp-content\\\/uploads\\\/2022\\\/08\\\/cuatricomia-plastisol.webp\",\"contentUrl\":\"https:\\\/\\\/globalprix.com\\\/wp-content\\\/uploads\\\/2022\\\/08\\\/cuatricomia-plastisol.webp\",\"width\":500,\"height\":405},{\"@type\":\"BreadcrumbList\",\"@id\":\"https:\\\/\\\/globalprix.com\\\/fr\\\/produit\\\/quadrichomia-plastisolesconteneur-de-5-kg\\\/#breadcrumb\",\"itemListElement\":[{\"@type\":\"ListItem\",\"position\":1,\"name\":\"Portada\",\"item\":\"https:\\\/\\\/globalprix.com\\\/en\\\/\"},{\"@type\":\"ListItem\",\"position\":2,\"name\":\"Boutique\",\"item\":\"https:\\\/\\\/globalprix.com\\\/fr\\\/boutique\\\/\"},{\"@type\":\"ListItem\",\"position\":3,\"name\":\"QUADRICOMIA PLASTISOLSConteneur de 5 kg\"}]},{\"@type\":\"WebSite\",\"@id\":\"https:\\\/\\\/globalprix.com\\\/#website\",\"url\":\"https:\\\/\\\/globalprix.com\\\/\",\"name\":\"Globalprix\",\"description\":\"Tienda online para Serigraf\u00eda\",\"publisher\":{\"@id\":\"https:\\\/\\\/globalprix.com\\\/#organization\"},\"alternateName\":\"Tienda online de serigraf\u00eda\",\"potentialAction\":[{\"@type\":\"SearchAction\",\"target\":{\"@type\":\"EntryPoint\",\"urlTemplate\":\"https:\\\/\\\/globalprix.com\\\/?s={search_term_string}\"},\"query-input\":{\"@type\":\"PropertyValueSpecification\",\"valueRequired\":true,\"valueName\":\"search_term_string\"}}],\"inLanguage\":\"fr-FR\"},{\"@type\":\"Organization\",\"@id\":\"https:\\\/\\\/globalprix.com\\\/#organization\",\"name\":\"Global Managing\",\"alternateName\":\"Globalprix\",\"url\":\"https:\\\/\\\/globalprix.com\\\/\",\"logo\":{\"@type\":\"ImageObject\",\"inLanguage\":\"fr-FR\",\"@id\":\"https:\\\/\\\/globalprix.com\\\/#\\\/schema\\\/logo\\\/image\\\/\",\"url\":\"https:\\\/\\\/globalprix.com\\\/wp-content\\\/uploads\\\/2023\\\/03\\\/logo-globalprix.jpg\",\"contentUrl\":\"https:\\\/\\\/globalprix.com\\\/wp-content\\\/uploads\\\/2023\\\/03\\\/logo-globalprix.jpg\",\"width\":595,\"height\":202,\"caption\":\"Global Managing\"},\"image\":{\"@id\":\"https:\\\/\\\/globalprix.com\\\/#\\\/schema\\\/logo\\\/image\\\/\"}}]}<\/script>\n<!-- \/ Yoast SEO plugin. -->","yoast_head_json":{"title":"QUADRICOMIA PLASTISOLSConteneur de 5 kg | Globalprix.com","robots":{"index":"index","follow":"follow","max-snippet":"max-snippet:-1","max-image-preview":"max-image-preview:large","max-video-preview":"max-video-preview:-1"},"canonical":"https:\/\/globalprix.com\/fr\/produit\/quadrichomia-plastisolesconteneur-de-5-kg\/","og_locale":"fr_FR","og_type":"article","og_title":"QUADRICOMIA PLASTISOLSConteneur de 5 kg | Globalprix.com","og_description":"Les encres de plastisol de proc\u00e9d\u00e9 fonctionnent de la m\u00eame mani\u00e8re que les autres plastisols. Ils simulent les couleurs CMJN. Ils sont \u00e9galement utilis\u00e9s pour la technique d\u2019impression par transfert qui vous permet de concevoir en couleur gr\u00e2ce aux \u00e9crans. La couverture est influenc\u00e9e par le type de conception, le nombre de fils \/ cm de l\u2019\u00e9cran, la rayure (type et caoutchouc) et la vitesse d\u2019impression. Un durcissement appropri\u00e9 garantit l\u2019obtention des caract\u00e9ristiques finales souhait\u00e9es. Durcissement \u00e0 160\u00baC","og_url":"https:\/\/globalprix.com\/fr\/produit\/quadrichomia-plastisolesconteneur-de-5-kg\/","og_site_name":"Globalprix.com","article_modified_time":"2024-02-23T07:40:19+00:00","og_image":[{"width":500,"height":405,"url":"https:\/\/globalprix.com\/wp-content\/uploads\/2022\/08\/cuatricomia-plastisol.webp","type":"image\/webp"}],"twitter_card":"summary_large_image","schema":{"@context":"https:\/\/schema.org","@graph":[{"@type":"WebPage","@id":"https:\/\/globalprix.com\/fr\/produit\/quadrichomia-plastisolesconteneur-de-5-kg\/","url":"https:\/\/globalprix.com\/fr\/produit\/quadrichomia-plastisolesconteneur-de-5-kg\/","name":"QUADRICOMIA PLASTISOLS Conteneur de 5 kg | Globalprix.com","isPartOf":{"@id":"https:\/\/globalprix.com\/#website"},"primaryImageOfPage":{"@id":"https:\/\/globalprix.com\/fr\/produit\/quadrichomia-plastisolesconteneur-de-5-kg\/#primaryimage"},"image":{"@id":"https:\/\/globalprix.com\/fr\/produit\/quadrichomia-plastisolesconteneur-de-5-kg\/#primaryimage"},"thumbnailUrl":"https:\/\/globalprix.com\/wp-content\/uploads\/2022\/08\/cuatricomia-plastisol.webp","datePublished":"2022-08-25T06:24:07+00:00","dateModified":"2024-02-23T07:40:19+00:00","breadcrumb":{"@id":"https:\/\/globalprix.com\/fr\/produit\/quadrichomia-plastisolesconteneur-de-5-kg\/#breadcrumb"},"inLanguage":"fr-FR","potentialAction":[{"@type":"ReadAction","target":["https:\/\/globalprix.com\/fr\/produit\/quadrichomia-plastisolesconteneur-de-5-kg\/"]}]},{"@type":"ImageObject","inLanguage":"fr-FR","@id":"https:\/\/globalprix.com\/fr\/produit\/quadrichomia-plastisolesconteneur-de-5-kg\/#primaryimage","url":"https:\/\/globalprix.com\/wp-content\/uploads\/2022\/08\/cuatricomia-plastisol.webp","contentUrl":"https:\/\/globalprix.com\/wp-content\/uploads\/2022\/08\/cuatricomia-plastisol.webp","width":500,"height":405},{"@type":"BreadcrumbList","@id":"https:\/\/globalprix.com\/fr\/produit\/quadrichomia-plastisolesconteneur-de-5-kg\/#breadcrumb","itemListElement":[{"@type":"ListItem","position":1,"name":"Portada","item":"https:\/\/globalprix.com\/en\/"},{"@type":"ListItem","position":2,"name":"Boutique","item":"https:\/\/globalprix.com\/fr\/boutique\/"},{"@type":"ListItem","position":3,"name":"QUADRICOMIA PLASTISOLSConteneur de 5 kg"}]},{"@type":"WebSite","@id":"https:\/\/globalprix.com\/#website","url":"https:\/\/globalprix.com\/","name":"Globalprix","description":"Tienda online para Serigraf\u00eda","publisher":{"@id":"https:\/\/globalprix.com\/#organization"},"alternateName":"Tienda online de serigraf\u00eda","potentialAction":[{"@type":"SearchAction","target":{"@type":"EntryPoint","urlTemplate":"https:\/\/globalprix.com\/?s={search_term_string}"},"query-input":{"@type":"PropertyValueSpecification","valueRequired":true,"valueName":"search_term_string"}}],"inLanguage":"fr-FR"},{"@type":"Organization","@id":"https:\/\/globalprix.com\/#organization","name":"Global Managing","alternateName":"Globalprix","url":"https:\/\/globalprix.com\/","logo":{"@type":"ImageObject","inLanguage":"fr-FR","@id":"https:\/\/globalprix.com\/#\/schema\/logo\/image\/","url":"https:\/\/globalprix.com\/wp-content\/uploads\/2023\/03\/logo-globalprix.jpg","contentUrl":"https:\/\/globalprix.com\/wp-content\/uploads\/2023\/03\/logo-globalprix.jpg","width":595,"height":202,"caption":"Global Managing"},"image":{"@id":"https:\/\/globalprix.com\/#\/schema\/logo\/image\/"}}]}},"_links":{"self":[{"href":"https:\/\/globalprix.com\/fr\/wp-json\/wp\/v2\/product\/23730","targetHints":{"allow":["GET"]}}],"collection":[{"href":"https:\/\/globalprix.com\/fr\/wp-json\/wp\/v2\/product"}],"about":[{"href":"https:\/\/globalprix.com\/fr\/wp-json\/wp\/v2\/types\/product"}],"replies":[{"embeddable":true,"href":"https:\/\/globalprix.com\/fr\/wp-json\/wp\/v2\/comments?post=23730"}],"version-history":[{"count":0,"href":"https:\/\/globalprix.com\/fr\/wp-json\/wp\/v2\/product\/23730\/revisions"}],"wp:featuredmedia":[{"embeddable":true,"href":"https:\/\/globalprix.com\/fr\/wp-json\/wp\/v2\/media\/22199"}],"wp:attachment":[{"href":"https:\/\/globalprix.com\/fr\/wp-json\/wp\/v2\/media?parent=23730"}],"wp:term":[{"taxonomy":"product_brand","embeddable":true,"href":"https:\/\/globalprix.com\/fr\/wp-json\/wp\/v2\/product_brand?post=23730"},{"taxonomy":"product_cat","embeddable":true,"href":"https:\/\/globalprix.com\/fr\/wp-json\/wp\/v2\/product_cat?post=23730"},{"taxonomy":"product_tag","embeddable":true,"href":"https:\/\/globalprix.com\/fr\/wp-json\/wp\/v2\/product_tag?post=23730"}],"curies":[{"name":"wp","href":"https:\/\/api.w.org\/{rel}","templated":true}]}}