{"id":23737,"date":"2022-08-24T14:24:21","date_gmt":"2022-08-24T12:24:21","guid":{"rendered":"https:\/\/globalprix.com\/producto\/globalmeshtissu-technique-blancnous-servons-en-metres-lineairesetre-les-bobines-de-50-m\/"},"modified":"2023-10-11T15:58:15","modified_gmt":"2023-10-11T13:58:15","slug":"globalmeshfabric-technical-whitewidth-mesh-sells-by-line-meters","status":"publish","type":"product","link":"https:\/\/globalprix.com\/fr\/produit\/globalmeshfabric-technical-whitewidth-mesh-sells-by-line-meters\/","title":{"rendered":"GLOBALMESH<br>Tissu technique blanc<br>Largeur \/ Maillage<br>Il est vendu au m\u00e8tre lin\u00e9aire"},"content":{"rendered":"","protected":false},"excerpt":{"rendered":"<p>Tissu monofilament polyester (tissage 1X1) en blanc. Faible allongement, pour l\u2019interfa\u00e7age des \u00e9crans et la pr\u00e9paration des filtres.<\/p>\n","protected":false},"featured_media":5505,"comment_status":"open","ping_status":"closed","template":"","meta":[],"product_brand":[],"product_cat":[576,2683,628],"product_tag":[],"class_list":{"0":"post-23737","1":"product","2":"type-product","3":"status-publish","4":"has-post-thumbnail","6":"product_cat-pantallas-serigraficas-fr","7":"product_cat-serigraphie","8":"product_cat-tejidos-tecnicos-fr","10":"first","11":"outofstock","12":"taxable","13":"shipping-taxable","14":"purchasable","15":"product-type-variable"},"yoast_head":"<!-- This site is optimized with the Yoast SEO plugin v27.3 - https:\/\/yoast.com\/product\/yoast-seo-wordpress\/ -->\n<title>GLOBALMESHTissu technique blancLargeur \/ MaillageIl est vendu au m\u00e8tre lin\u00e9aire | Globalprix.com<\/title>\n<meta name=\"robots\" content=\"index, follow, max-snippet:-1, max-image-preview:large, max-video-preview:-1\" \/>\n<link rel=\"canonical\" href=\"https:\/\/globalprix.com\/fr\/produit\/globalmeshfabric-technical-whitewidth-mesh-sells-by-line-meters\/\" \/>\n<meta property=\"og:locale\" content=\"fr_FR\" \/>\n<meta property=\"og:type\" content=\"article\" \/>\n<meta property=\"og:title\" content=\"GLOBALMESHTissu technique blancLargeur \/ MaillageIl est vendu au m\u00e8tre lin\u00e9aire | Globalprix.com\" \/>\n<meta property=\"og:description\" content=\"Tissu monofilament polyester (tissage 1X1) en blanc. Faible allongement, pour l\u2019interfa\u00e7age des \u00e9crans et la pr\u00e9paration des filtres.\" \/>\n<meta property=\"og:url\" content=\"https:\/\/globalprix.com\/fr\/produit\/globalmeshfabric-technical-whitewidth-mesh-sells-by-line-meters\/\" \/>\n<meta property=\"og:site_name\" content=\"Globalprix.com\" \/>\n<meta property=\"article:modified_time\" content=\"2023-10-11T13:58:15+00:00\" \/>\n<meta property=\"og:image\" content=\"https:\/\/globalprix.com\/wp-content\/uploads\/2021\/05\/tejido-tecnico-blanco.jpg\" \/>\n\t<meta property=\"og:image:width\" content=\"2047\" \/>\n\t<meta property=\"og:image:height\" content=\"2047\" \/>\n\t<meta property=\"og:image:type\" content=\"image\/jpeg\" \/>\n<meta name=\"twitter:card\" content=\"summary_large_image\" \/>\n<script type=\"application\/ld+json\" class=\"yoast-schema-graph\">{\"@context\":\"https:\\\/\\\/schema.org\",\"@graph\":[{\"@type\":\"WebPage\",\"@id\":\"https:\\\/\\\/globalprix.com\\\/fr\\\/produit\\\/globalmeshfabric-technical-whitewidth-mesh-sells-by-line-meters\\\/\",\"url\":\"https:\\\/\\\/globalprix.com\\\/fr\\\/produit\\\/globalmeshfabric-technical-whitewidth-mesh-sells-by-line-meters\\\/\",\"name\":\"GLOBALMESH Tissu technique blanc Largeur \\\/ Maillage Il est vendu au m\u00e8tre lin\u00e9aire | Globalprix.com\",\"isPartOf\":{\"@id\":\"https:\\\/\\\/globalprix.com\\\/#website\"},\"primaryImageOfPage\":{\"@id\":\"https:\\\/\\\/globalprix.com\\\/fr\\\/produit\\\/globalmeshfabric-technical-whitewidth-mesh-sells-by-line-meters\\\/#primaryimage\"},\"image\":{\"@id\":\"https:\\\/\\\/globalprix.com\\\/fr\\\/produit\\\/globalmeshfabric-technical-whitewidth-mesh-sells-by-line-meters\\\/#primaryimage\"},\"thumbnailUrl\":\"https:\\\/\\\/globalprix.com\\\/wp-content\\\/uploads\\\/2021\\\/05\\\/tejido-tecnico-blanco.jpg\",\"datePublished\":\"2022-08-24T12:24:21+00:00\",\"dateModified\":\"2023-10-11T13:58:15+00:00\",\"breadcrumb\":{\"@id\":\"https:\\\/\\\/globalprix.com\\\/fr\\\/produit\\\/globalmeshfabric-technical-whitewidth-mesh-sells-by-line-meters\\\/#breadcrumb\"},\"inLanguage\":\"fr-FR\",\"potentialAction\":[{\"@type\":\"ReadAction\",\"target\":[\"https:\\\/\\\/globalprix.com\\\/fr\\\/produit\\\/globalmeshfabric-technical-whitewidth-mesh-sells-by-line-meters\\\/\"]}]},{\"@type\":\"ImageObject\",\"inLanguage\":\"fr-FR\",\"@id\":\"https:\\\/\\\/globalprix.com\\\/fr\\\/produit\\\/globalmeshfabric-technical-whitewidth-mesh-sells-by-line-meters\\\/#primaryimage\",\"url\":\"https:\\\/\\\/globalprix.com\\\/wp-content\\\/uploads\\\/2021\\\/05\\\/tejido-tecnico-blanco.jpg\",\"contentUrl\":\"https:\\\/\\\/globalprix.com\\\/wp-content\\\/uploads\\\/2021\\\/05\\\/tejido-tecnico-blanco.jpg\",\"width\":2047,\"height\":2047,\"caption\":\"tejido tecnico blanco\"},{\"@type\":\"BreadcrumbList\",\"@id\":\"https:\\\/\\\/globalprix.com\\\/fr\\\/produit\\\/globalmeshfabric-technical-whitewidth-mesh-sells-by-line-meters\\\/#breadcrumb\",\"itemListElement\":[{\"@type\":\"ListItem\",\"position\":1,\"name\":\"Portada\",\"item\":\"https:\\\/\\\/globalprix.com\\\/en\\\/\"},{\"@type\":\"ListItem\",\"position\":2,\"name\":\"Boutique\",\"item\":\"https:\\\/\\\/globalprix.com\\\/fr\\\/boutique\\\/\"},{\"@type\":\"ListItem\",\"position\":3,\"name\":\"GLOBALMESHTissu technique blancLargeur \\\/ MaillageIl est vendu au m\u00e8tre lin\u00e9aire\"}]},{\"@type\":\"WebSite\",\"@id\":\"https:\\\/\\\/globalprix.com\\\/#website\",\"url\":\"https:\\\/\\\/globalprix.com\\\/\",\"name\":\"Globalprix\",\"description\":\"Tienda online para Serigraf\u00eda\",\"publisher\":{\"@id\":\"https:\\\/\\\/globalprix.com\\\/#organization\"},\"alternateName\":\"Tienda online de serigraf\u00eda\",\"potentialAction\":[{\"@type\":\"SearchAction\",\"target\":{\"@type\":\"EntryPoint\",\"urlTemplate\":\"https:\\\/\\\/globalprix.com\\\/?s={search_term_string}\"},\"query-input\":{\"@type\":\"PropertyValueSpecification\",\"valueRequired\":true,\"valueName\":\"search_term_string\"}}],\"inLanguage\":\"fr-FR\"},{\"@type\":\"Organization\",\"@id\":\"https:\\\/\\\/globalprix.com\\\/#organization\",\"name\":\"Global Managing\",\"alternateName\":\"Globalprix\",\"url\":\"https:\\\/\\\/globalprix.com\\\/\",\"logo\":{\"@type\":\"ImageObject\",\"inLanguage\":\"fr-FR\",\"@id\":\"https:\\\/\\\/globalprix.com\\\/#\\\/schema\\\/logo\\\/image\\\/\",\"url\":\"https:\\\/\\\/globalprix.com\\\/wp-content\\\/uploads\\\/2023\\\/03\\\/logo-globalprix.jpg\",\"contentUrl\":\"https:\\\/\\\/globalprix.com\\\/wp-content\\\/uploads\\\/2023\\\/03\\\/logo-globalprix.jpg\",\"width\":595,\"height\":202,\"caption\":\"Global Managing\"},\"image\":{\"@id\":\"https:\\\/\\\/globalprix.com\\\/#\\\/schema\\\/logo\\\/image\\\/\"}}]}<\/script>\n<!-- \/ Yoast SEO plugin. -->","yoast_head_json":{"title":"GLOBALMESHTissu technique blancLargeur \/ MaillageIl est vendu au m\u00e8tre lin\u00e9aire | Globalprix.com","robots":{"index":"index","follow":"follow","max-snippet":"max-snippet:-1","max-image-preview":"max-image-preview:large","max-video-preview":"max-video-preview:-1"},"canonical":"https:\/\/globalprix.com\/fr\/produit\/globalmeshfabric-technical-whitewidth-mesh-sells-by-line-meters\/","og_locale":"fr_FR","og_type":"article","og_title":"GLOBALMESHTissu technique blancLargeur \/ MaillageIl est vendu au m\u00e8tre lin\u00e9aire | Globalprix.com","og_description":"Tissu monofilament polyester (tissage 1X1) en blanc. Faible allongement, pour l\u2019interfa\u00e7age des \u00e9crans et la pr\u00e9paration des filtres.","og_url":"https:\/\/globalprix.com\/fr\/produit\/globalmeshfabric-technical-whitewidth-mesh-sells-by-line-meters\/","og_site_name":"Globalprix.com","article_modified_time":"2023-10-11T13:58:15+00:00","og_image":[{"width":2047,"height":2047,"url":"https:\/\/globalprix.com\/wp-content\/uploads\/2021\/05\/tejido-tecnico-blanco.jpg","type":"image\/jpeg"}],"twitter_card":"summary_large_image","schema":{"@context":"https:\/\/schema.org","@graph":[{"@type":"WebPage","@id":"https:\/\/globalprix.com\/fr\/produit\/globalmeshfabric-technical-whitewidth-mesh-sells-by-line-meters\/","url":"https:\/\/globalprix.com\/fr\/produit\/globalmeshfabric-technical-whitewidth-mesh-sells-by-line-meters\/","name":"GLOBALMESH Tissu technique blanc Largeur \/ Maillage Il est vendu au m\u00e8tre lin\u00e9aire | Globalprix.com","isPartOf":{"@id":"https:\/\/globalprix.com\/#website"},"primaryImageOfPage":{"@id":"https:\/\/globalprix.com\/fr\/produit\/globalmeshfabric-technical-whitewidth-mesh-sells-by-line-meters\/#primaryimage"},"image":{"@id":"https:\/\/globalprix.com\/fr\/produit\/globalmeshfabric-technical-whitewidth-mesh-sells-by-line-meters\/#primaryimage"},"thumbnailUrl":"https:\/\/globalprix.com\/wp-content\/uploads\/2021\/05\/tejido-tecnico-blanco.jpg","datePublished":"2022-08-24T12:24:21+00:00","dateModified":"2023-10-11T13:58:15+00:00","breadcrumb":{"@id":"https:\/\/globalprix.com\/fr\/produit\/globalmeshfabric-technical-whitewidth-mesh-sells-by-line-meters\/#breadcrumb"},"inLanguage":"fr-FR","potentialAction":[{"@type":"ReadAction","target":["https:\/\/globalprix.com\/fr\/produit\/globalmeshfabric-technical-whitewidth-mesh-sells-by-line-meters\/"]}]},{"@type":"ImageObject","inLanguage":"fr-FR","@id":"https:\/\/globalprix.com\/fr\/produit\/globalmeshfabric-technical-whitewidth-mesh-sells-by-line-meters\/#primaryimage","url":"https:\/\/globalprix.com\/wp-content\/uploads\/2021\/05\/tejido-tecnico-blanco.jpg","contentUrl":"https:\/\/globalprix.com\/wp-content\/uploads\/2021\/05\/tejido-tecnico-blanco.jpg","width":2047,"height":2047,"caption":"tejido tecnico blanco"},{"@type":"BreadcrumbList","@id":"https:\/\/globalprix.com\/fr\/produit\/globalmeshfabric-technical-whitewidth-mesh-sells-by-line-meters\/#breadcrumb","itemListElement":[{"@type":"ListItem","position":1,"name":"Portada","item":"https:\/\/globalprix.com\/en\/"},{"@type":"ListItem","position":2,"name":"Boutique","item":"https:\/\/globalprix.com\/fr\/boutique\/"},{"@type":"ListItem","position":3,"name":"GLOBALMESHTissu technique blancLargeur \/ MaillageIl est vendu au m\u00e8tre lin\u00e9aire"}]},{"@type":"WebSite","@id":"https:\/\/globalprix.com\/#website","url":"https:\/\/globalprix.com\/","name":"Globalprix","description":"Tienda online para Serigraf\u00eda","publisher":{"@id":"https:\/\/globalprix.com\/#organization"},"alternateName":"Tienda online de serigraf\u00eda","potentialAction":[{"@type":"SearchAction","target":{"@type":"EntryPoint","urlTemplate":"https:\/\/globalprix.com\/?s={search_term_string}"},"query-input":{"@type":"PropertyValueSpecification","valueRequired":true,"valueName":"search_term_string"}}],"inLanguage":"fr-FR"},{"@type":"Organization","@id":"https:\/\/globalprix.com\/#organization","name":"Global Managing","alternateName":"Globalprix","url":"https:\/\/globalprix.com\/","logo":{"@type":"ImageObject","inLanguage":"fr-FR","@id":"https:\/\/globalprix.com\/#\/schema\/logo\/image\/","url":"https:\/\/globalprix.com\/wp-content\/uploads\/2023\/03\/logo-globalprix.jpg","contentUrl":"https:\/\/globalprix.com\/wp-content\/uploads\/2023\/03\/logo-globalprix.jpg","width":595,"height":202,"caption":"Global Managing"},"image":{"@id":"https:\/\/globalprix.com\/#\/schema\/logo\/image\/"}}]}},"_links":{"self":[{"href":"https:\/\/globalprix.com\/fr\/wp-json\/wp\/v2\/product\/23737","targetHints":{"allow":["GET"]}}],"collection":[{"href":"https:\/\/globalprix.com\/fr\/wp-json\/wp\/v2\/product"}],"about":[{"href":"https:\/\/globalprix.com\/fr\/wp-json\/wp\/v2\/types\/product"}],"replies":[{"embeddable":true,"href":"https:\/\/globalprix.com\/fr\/wp-json\/wp\/v2\/comments?post=23737"}],"version-history":[{"count":0,"href":"https:\/\/globalprix.com\/fr\/wp-json\/wp\/v2\/product\/23737\/revisions"}],"wp:featuredmedia":[{"embeddable":true,"href":"https:\/\/globalprix.com\/fr\/wp-json\/wp\/v2\/media\/5505"}],"wp:attachment":[{"href":"https:\/\/globalprix.com\/fr\/wp-json\/wp\/v2\/media?parent=23737"}],"wp:term":[{"taxonomy":"product_brand","embeddable":true,"href":"https:\/\/globalprix.com\/fr\/wp-json\/wp\/v2\/product_brand?post=23737"},{"taxonomy":"product_cat","embeddable":true,"href":"https:\/\/globalprix.com\/fr\/wp-json\/wp\/v2\/product_cat?post=23737"},{"taxonomy":"product_tag","embeddable":true,"href":"https:\/\/globalprix.com\/fr\/wp-json\/wp\/v2\/product_tag?post=23737"}],"curies":[{"name":"wp","href":"https:\/\/api.w.org\/{rel}","templated":true}]}}