{"id":23742,"date":"2022-08-24T14:41:59","date_gmt":"2022-08-24T12:41:59","guid":{"rendered":"https:\/\/globalprix.com\/producto\/plastisol-base-hd-transparent-relief-epaissis\/"},"modified":"2024-02-27T09:20:23","modified_gmt":"2024-02-27T08:20:23","slug":"plastisol-base-hd-transparentepaisepais-relief6-kg","status":"publish","type":"product","link":"https:\/\/globalprix.com\/fr\/produit\/plastisol-base-hd-transparentepaisepais-relief6-kg\/","title":{"rendered":"PLASTISOL BASE HD TRANSPARENT<br>Relief \u00e9paissis<br>Conteneur de 6 kg"},"content":{"rendered":"<p>S\u2019il n\u2019y a pas de stock de l\u2019article dans l\u2019une de ses variantes, contactez-nous pour d\u00e9finir un d\u00e9lai de livraison en info@globalprix.com<\/p>\n","protected":false},"excerpt":{"rendered":"<p>Encre Plastisol con\u00e7ue pour l\u2019estampage d\u2019effets brillants et tr\u00e8s transparents d\u2019\u00e9paisseur moyenne avec \u00ab&nbsp;profil carr\u00e9&nbsp;\u00bb. Les empreintes obtenues sont caract\u00e9ris\u00e9es par une grande \u00e9lasticit\u00e9 et l\u2019absence de plaquage.<\/p>\n","protected":false},"featured_media":21667,"comment_status":"open","ping_status":"closed","template":"","meta":[],"product_brand":[],"product_cat":[464,448,2683],"product_tag":[],"class_list":{"0":"post-23742","1":"product","2":"type-product","3":"status-publish","4":"has-post-thumbnail","6":"product_cat-efectos-especiales-fr","7":"product_cat-plastisoles-fr","8":"product_cat-serigraphie","10":"first","11":"outofstock","12":"taxable","13":"shipping-taxable","14":"purchasable","15":"product-type-variable"},"yoast_head":"<!-- This site is optimized with the Yoast SEO plugin v27.3 - https:\/\/yoast.com\/product\/yoast-seo-wordpress\/ -->\n<title>PLASTISOL BASE HD TRANSPARENTRelief \u00e9paissisConteneur de 6 kg | Globalprix.com<\/title>\n<meta name=\"robots\" content=\"index, follow, max-snippet:-1, max-image-preview:large, max-video-preview:-1\" \/>\n<link rel=\"canonical\" href=\"https:\/\/globalprix.com\/fr\/produit\/plastisol-base-hd-transparentepaisepais-relief6-kg\/\" \/>\n<meta property=\"og:locale\" content=\"fr_FR\" \/>\n<meta property=\"og:type\" content=\"article\" \/>\n<meta property=\"og:title\" content=\"PLASTISOL BASE HD TRANSPARENTRelief \u00e9paissisConteneur de 6 kg | Globalprix.com\" \/>\n<meta property=\"og:description\" content=\"Encre Plastisol con\u00e7ue pour l\u2019estampage d\u2019effets brillants et tr\u00e8s transparents d\u2019\u00e9paisseur moyenne avec \u00ab&nbsp;profil carr\u00e9&nbsp;\u00bb. Les empreintes obtenues sont caract\u00e9ris\u00e9es par une grande \u00e9lasticit\u00e9 et l\u2019absence de plaquage.\" \/>\n<meta property=\"og:url\" content=\"https:\/\/globalprix.com\/fr\/produit\/plastisol-base-hd-transparentepaisepais-relief6-kg\/\" \/>\n<meta property=\"og:site_name\" content=\"Globalprix.com\" \/>\n<meta property=\"article:modified_time\" content=\"2024-02-27T08:20:23+00:00\" \/>\n<meta property=\"og:image\" content=\"https:\/\/globalprix.com\/wp-content\/uploads\/2022\/08\/plastisol-transparente.jpg\" \/>\n\t<meta property=\"og:image:width\" content=\"321\" \/>\n\t<meta property=\"og:image:height\" content=\"157\" \/>\n\t<meta property=\"og:image:type\" content=\"image\/jpeg\" \/>\n<meta name=\"twitter:card\" content=\"summary_large_image\" \/>\n<script type=\"application\/ld+json\" class=\"yoast-schema-graph\">{\"@context\":\"https:\\\/\\\/schema.org\",\"@graph\":[{\"@type\":\"WebPage\",\"@id\":\"https:\\\/\\\/globalprix.com\\\/fr\\\/produit\\\/plastisol-base-hd-transparentepaisepais-relief6-kg\\\/\",\"url\":\"https:\\\/\\\/globalprix.com\\\/fr\\\/produit\\\/plastisol-base-hd-transparentepaisepais-relief6-kg\\\/\",\"name\":\"PLASTISOL BASE HD TRANSPARENT Relief \u00e9paissis Conteneur de 6 kg | Globalprix.com\",\"isPartOf\":{\"@id\":\"https:\\\/\\\/globalprix.com\\\/#website\"},\"primaryImageOfPage\":{\"@id\":\"https:\\\/\\\/globalprix.com\\\/fr\\\/produit\\\/plastisol-base-hd-transparentepaisepais-relief6-kg\\\/#primaryimage\"},\"image\":{\"@id\":\"https:\\\/\\\/globalprix.com\\\/fr\\\/produit\\\/plastisol-base-hd-transparentepaisepais-relief6-kg\\\/#primaryimage\"},\"thumbnailUrl\":\"https:\\\/\\\/globalprix.com\\\/wp-content\\\/uploads\\\/2022\\\/08\\\/plastisol-transparente.jpg\",\"datePublished\":\"2022-08-24T12:41:59+00:00\",\"dateModified\":\"2024-02-27T08:20:23+00:00\",\"breadcrumb\":{\"@id\":\"https:\\\/\\\/globalprix.com\\\/fr\\\/produit\\\/plastisol-base-hd-transparentepaisepais-relief6-kg\\\/#breadcrumb\"},\"inLanguage\":\"fr-FR\",\"potentialAction\":[{\"@type\":\"ReadAction\",\"target\":[\"https:\\\/\\\/globalprix.com\\\/fr\\\/produit\\\/plastisol-base-hd-transparentepaisepais-relief6-kg\\\/\"]}]},{\"@type\":\"ImageObject\",\"inLanguage\":\"fr-FR\",\"@id\":\"https:\\\/\\\/globalprix.com\\\/fr\\\/produit\\\/plastisol-base-hd-transparentepaisepais-relief6-kg\\\/#primaryimage\",\"url\":\"https:\\\/\\\/globalprix.com\\\/wp-content\\\/uploads\\\/2022\\\/08\\\/plastisol-transparente.jpg\",\"contentUrl\":\"https:\\\/\\\/globalprix.com\\\/wp-content\\\/uploads\\\/2022\\\/08\\\/plastisol-transparente.jpg\",\"width\":321,\"height\":157},{\"@type\":\"BreadcrumbList\",\"@id\":\"https:\\\/\\\/globalprix.com\\\/fr\\\/produit\\\/plastisol-base-hd-transparentepaisepais-relief6-kg\\\/#breadcrumb\",\"itemListElement\":[{\"@type\":\"ListItem\",\"position\":1,\"name\":\"Portada\",\"item\":\"https:\\\/\\\/globalprix.com\\\/en\\\/\"},{\"@type\":\"ListItem\",\"position\":2,\"name\":\"Boutique\",\"item\":\"https:\\\/\\\/globalprix.com\\\/fr\\\/boutique\\\/\"},{\"@type\":\"ListItem\",\"position\":3,\"name\":\"PLASTISOL BASE HD TRANSPARENTRelief \u00e9paissisConteneur de 6 kg\"}]},{\"@type\":\"WebSite\",\"@id\":\"https:\\\/\\\/globalprix.com\\\/#website\",\"url\":\"https:\\\/\\\/globalprix.com\\\/\",\"name\":\"Globalprix\",\"description\":\"Tienda online para Serigraf\u00eda\",\"publisher\":{\"@id\":\"https:\\\/\\\/globalprix.com\\\/#organization\"},\"alternateName\":\"Tienda online de serigraf\u00eda\",\"potentialAction\":[{\"@type\":\"SearchAction\",\"target\":{\"@type\":\"EntryPoint\",\"urlTemplate\":\"https:\\\/\\\/globalprix.com\\\/?s={search_term_string}\"},\"query-input\":{\"@type\":\"PropertyValueSpecification\",\"valueRequired\":true,\"valueName\":\"search_term_string\"}}],\"inLanguage\":\"fr-FR\"},{\"@type\":\"Organization\",\"@id\":\"https:\\\/\\\/globalprix.com\\\/#organization\",\"name\":\"Global Managing\",\"alternateName\":\"Globalprix\",\"url\":\"https:\\\/\\\/globalprix.com\\\/\",\"logo\":{\"@type\":\"ImageObject\",\"inLanguage\":\"fr-FR\",\"@id\":\"https:\\\/\\\/globalprix.com\\\/#\\\/schema\\\/logo\\\/image\\\/\",\"url\":\"https:\\\/\\\/globalprix.com\\\/wp-content\\\/uploads\\\/2023\\\/03\\\/logo-globalprix.jpg\",\"contentUrl\":\"https:\\\/\\\/globalprix.com\\\/wp-content\\\/uploads\\\/2023\\\/03\\\/logo-globalprix.jpg\",\"width\":595,\"height\":202,\"caption\":\"Global Managing\"},\"image\":{\"@id\":\"https:\\\/\\\/globalprix.com\\\/#\\\/schema\\\/logo\\\/image\\\/\"}}]}<\/script>\n<!-- \/ Yoast SEO plugin. -->","yoast_head_json":{"title":"PLASTISOL BASE HD TRANSPARENTRelief \u00e9paissisConteneur de 6 kg | Globalprix.com","robots":{"index":"index","follow":"follow","max-snippet":"max-snippet:-1","max-image-preview":"max-image-preview:large","max-video-preview":"max-video-preview:-1"},"canonical":"https:\/\/globalprix.com\/fr\/produit\/plastisol-base-hd-transparentepaisepais-relief6-kg\/","og_locale":"fr_FR","og_type":"article","og_title":"PLASTISOL BASE HD TRANSPARENTRelief \u00e9paissisConteneur de 6 kg | Globalprix.com","og_description":"Encre Plastisol con\u00e7ue pour l\u2019estampage d\u2019effets brillants et tr\u00e8s transparents d\u2019\u00e9paisseur moyenne avec \u00ab&nbsp;profil carr\u00e9&nbsp;\u00bb. Les empreintes obtenues sont caract\u00e9ris\u00e9es par une grande \u00e9lasticit\u00e9 et l\u2019absence de plaquage.","og_url":"https:\/\/globalprix.com\/fr\/produit\/plastisol-base-hd-transparentepaisepais-relief6-kg\/","og_site_name":"Globalprix.com","article_modified_time":"2024-02-27T08:20:23+00:00","og_image":[{"width":321,"height":157,"url":"https:\/\/globalprix.com\/wp-content\/uploads\/2022\/08\/plastisol-transparente.jpg","type":"image\/jpeg"}],"twitter_card":"summary_large_image","schema":{"@context":"https:\/\/schema.org","@graph":[{"@type":"WebPage","@id":"https:\/\/globalprix.com\/fr\/produit\/plastisol-base-hd-transparentepaisepais-relief6-kg\/","url":"https:\/\/globalprix.com\/fr\/produit\/plastisol-base-hd-transparentepaisepais-relief6-kg\/","name":"PLASTISOL BASE HD TRANSPARENT Relief \u00e9paissis Conteneur de 6 kg | Globalprix.com","isPartOf":{"@id":"https:\/\/globalprix.com\/#website"},"primaryImageOfPage":{"@id":"https:\/\/globalprix.com\/fr\/produit\/plastisol-base-hd-transparentepaisepais-relief6-kg\/#primaryimage"},"image":{"@id":"https:\/\/globalprix.com\/fr\/produit\/plastisol-base-hd-transparentepaisepais-relief6-kg\/#primaryimage"},"thumbnailUrl":"https:\/\/globalprix.com\/wp-content\/uploads\/2022\/08\/plastisol-transparente.jpg","datePublished":"2022-08-24T12:41:59+00:00","dateModified":"2024-02-27T08:20:23+00:00","breadcrumb":{"@id":"https:\/\/globalprix.com\/fr\/produit\/plastisol-base-hd-transparentepaisepais-relief6-kg\/#breadcrumb"},"inLanguage":"fr-FR","potentialAction":[{"@type":"ReadAction","target":["https:\/\/globalprix.com\/fr\/produit\/plastisol-base-hd-transparentepaisepais-relief6-kg\/"]}]},{"@type":"ImageObject","inLanguage":"fr-FR","@id":"https:\/\/globalprix.com\/fr\/produit\/plastisol-base-hd-transparentepaisepais-relief6-kg\/#primaryimage","url":"https:\/\/globalprix.com\/wp-content\/uploads\/2022\/08\/plastisol-transparente.jpg","contentUrl":"https:\/\/globalprix.com\/wp-content\/uploads\/2022\/08\/plastisol-transparente.jpg","width":321,"height":157},{"@type":"BreadcrumbList","@id":"https:\/\/globalprix.com\/fr\/produit\/plastisol-base-hd-transparentepaisepais-relief6-kg\/#breadcrumb","itemListElement":[{"@type":"ListItem","position":1,"name":"Portada","item":"https:\/\/globalprix.com\/en\/"},{"@type":"ListItem","position":2,"name":"Boutique","item":"https:\/\/globalprix.com\/fr\/boutique\/"},{"@type":"ListItem","position":3,"name":"PLASTISOL BASE HD TRANSPARENTRelief \u00e9paissisConteneur de 6 kg"}]},{"@type":"WebSite","@id":"https:\/\/globalprix.com\/#website","url":"https:\/\/globalprix.com\/","name":"Globalprix","description":"Tienda online para Serigraf\u00eda","publisher":{"@id":"https:\/\/globalprix.com\/#organization"},"alternateName":"Tienda online de serigraf\u00eda","potentialAction":[{"@type":"SearchAction","target":{"@type":"EntryPoint","urlTemplate":"https:\/\/globalprix.com\/?s={search_term_string}"},"query-input":{"@type":"PropertyValueSpecification","valueRequired":true,"valueName":"search_term_string"}}],"inLanguage":"fr-FR"},{"@type":"Organization","@id":"https:\/\/globalprix.com\/#organization","name":"Global Managing","alternateName":"Globalprix","url":"https:\/\/globalprix.com\/","logo":{"@type":"ImageObject","inLanguage":"fr-FR","@id":"https:\/\/globalprix.com\/#\/schema\/logo\/image\/","url":"https:\/\/globalprix.com\/wp-content\/uploads\/2023\/03\/logo-globalprix.jpg","contentUrl":"https:\/\/globalprix.com\/wp-content\/uploads\/2023\/03\/logo-globalprix.jpg","width":595,"height":202,"caption":"Global Managing"},"image":{"@id":"https:\/\/globalprix.com\/#\/schema\/logo\/image\/"}}]}},"_links":{"self":[{"href":"https:\/\/globalprix.com\/fr\/wp-json\/wp\/v2\/product\/23742","targetHints":{"allow":["GET"]}}],"collection":[{"href":"https:\/\/globalprix.com\/fr\/wp-json\/wp\/v2\/product"}],"about":[{"href":"https:\/\/globalprix.com\/fr\/wp-json\/wp\/v2\/types\/product"}],"replies":[{"embeddable":true,"href":"https:\/\/globalprix.com\/fr\/wp-json\/wp\/v2\/comments?post=23742"}],"version-history":[{"count":0,"href":"https:\/\/globalprix.com\/fr\/wp-json\/wp\/v2\/product\/23742\/revisions"}],"wp:featuredmedia":[{"embeddable":true,"href":"https:\/\/globalprix.com\/fr\/wp-json\/wp\/v2\/media\/21667"}],"wp:attachment":[{"href":"https:\/\/globalprix.com\/fr\/wp-json\/wp\/v2\/media?parent=23742"}],"wp:term":[{"taxonomy":"product_brand","embeddable":true,"href":"https:\/\/globalprix.com\/fr\/wp-json\/wp\/v2\/product_brand?post=23742"},{"taxonomy":"product_cat","embeddable":true,"href":"https:\/\/globalprix.com\/fr\/wp-json\/wp\/v2\/product_cat?post=23742"},{"taxonomy":"product_tag","embeddable":true,"href":"https:\/\/globalprix.com\/fr\/wp-json\/wp\/v2\/product_tag?post=23742"}],"curies":[{"name":"wp","href":"https:\/\/api.w.org\/{rel}","templated":true}]}}