{"id":23754,"date":"2022-08-24T17:52:26","date_gmt":"2022-08-24T15:52:26","guid":{"rendered":"https:\/\/globalprix.com\/producto\/lubrifiant-de-plastreduit-la-viscosite-en-maintenant-la-temperature\/"},"modified":"2023-10-11T15:57:53","modified_gmt":"2023-10-11T13:57:53","slug":"lubrifiant-plastreduce-viscosite-maintien-temperature1-kg-5-kg","status":"publish","type":"product","link":"https:\/\/globalprix.com\/fr\/produit\/lubrifiant-plastreduce-viscosite-maintien-temperature1-kg-5-kg\/","title":{"rendered":"LUBRIFIANT DE PLAST<br>R\u00e9duit la viscosit\u00e9 en maintenant la temp\u00e9rature<br>1 kg \/ 5 kg"},"content":{"rendered":"<p>S\u2019il n\u2019y a pas de stock de l\u2019article dans l\u2019une de ses variantes, contactez-nous pour d\u00e9finir un d\u00e9lai de livraison.<\/p>\n","protected":false},"excerpt":{"rendered":"<p>Fluidifiant pour encres plastisols formul\u00e9 pour r\u00e9duire la viscosit\u00e9 des produits de la s\u00e9rie PLAST en r\u00e9duisant la temp\u00e9rature de polym\u00e9risation \u00e0 130\u00baC. Le produit am\u00e9liore \u00e9galement la capacit\u00e9 d\u2019emboutissage humide sur humide.<\/p>\n","protected":false},"featured_media":32557,"comment_status":"open","ping_status":"closed","template":"","meta":[],"product_brand":[],"product_cat":[3121,448,2683],"product_tag":[],"class_list":{"0":"post-23754","1":"product","2":"type-product","3":"status-publish","4":"has-post-thumbnail","6":"product_cat-additifs-de-plastisol","7":"product_cat-plastisoles-fr","8":"product_cat-serigraphie","10":"first","11":"instock","12":"taxable","13":"shipping-taxable","14":"purchasable","15":"product-type-variable"},"yoast_head":"<!-- This site is optimized with the Yoast SEO plugin v27.3 - https:\/\/yoast.com\/product\/yoast-seo-wordpress\/ -->\n<title>LUBRIFIANT DE PLASTR\u00e9duit la viscosit\u00e9 en maintenant la temp\u00e9rature1 kg \/ 5 kg | Globalprix.com<\/title>\n<meta name=\"robots\" content=\"index, follow, max-snippet:-1, max-image-preview:large, max-video-preview:-1\" \/>\n<link rel=\"canonical\" href=\"https:\/\/globalprix.com\/fr\/produit\/lubrifiant-plastreduce-viscosite-maintien-temperature1-kg-5-kg\/\" \/>\n<meta property=\"og:locale\" content=\"fr_FR\" \/>\n<meta property=\"og:type\" content=\"article\" \/>\n<meta property=\"og:title\" content=\"LUBRIFIANT DE PLASTR\u00e9duit la viscosit\u00e9 en maintenant la temp\u00e9rature1 kg \/ 5 kg | Globalprix.com\" \/>\n<meta property=\"og:description\" content=\"Fluidifiant pour encres plastisols formul\u00e9 pour r\u00e9duire la viscosit\u00e9 des produits de la s\u00e9rie PLAST en r\u00e9duisant la temp\u00e9rature de polym\u00e9risation \u00e0 130\u00baC. Le produit am\u00e9liore \u00e9galement la capacit\u00e9 d\u2019emboutissage humide sur humide.\" \/>\n<meta property=\"og:url\" content=\"https:\/\/globalprix.com\/fr\/produit\/lubrifiant-plastreduce-viscosite-maintien-temperature1-kg-5-kg\/\" \/>\n<meta property=\"og:site_name\" content=\"Globalprix.com\" \/>\n<meta property=\"article:modified_time\" content=\"2023-10-11T13:57:53+00:00\" \/>\n<meta property=\"og:image\" content=\"https:\/\/globalprix.com\/wp-content\/uploads\/2022\/08\/LUBRICANTE-PLAST-GM-5KG_03.png\" \/>\n\t<meta property=\"og:image:width\" content=\"1000\" \/>\n\t<meta property=\"og:image:height\" content=\"1693\" \/>\n\t<meta property=\"og:image:type\" content=\"image\/png\" \/>\n<meta name=\"twitter:card\" content=\"summary_large_image\" \/>\n<script type=\"application\/ld+json\" class=\"yoast-schema-graph\">{\"@context\":\"https:\\\/\\\/schema.org\",\"@graph\":[{\"@type\":\"WebPage\",\"@id\":\"https:\\\/\\\/globalprix.com\\\/fr\\\/produit\\\/lubrifiant-plastreduce-viscosite-maintien-temperature1-kg-5-kg\\\/\",\"url\":\"https:\\\/\\\/globalprix.com\\\/fr\\\/produit\\\/lubrifiant-plastreduce-viscosite-maintien-temperature1-kg-5-kg\\\/\",\"name\":\"LUBRIFIANT DE PLAST R\u00e9duit la viscosit\u00e9 en maintenant la temp\u00e9rature 1 kg \\\/ 5 kg | Globalprix.com\",\"isPartOf\":{\"@id\":\"https:\\\/\\\/globalprix.com\\\/#website\"},\"primaryImageOfPage\":{\"@id\":\"https:\\\/\\\/globalprix.com\\\/fr\\\/produit\\\/lubrifiant-plastreduce-viscosite-maintien-temperature1-kg-5-kg\\\/#primaryimage\"},\"image\":{\"@id\":\"https:\\\/\\\/globalprix.com\\\/fr\\\/produit\\\/lubrifiant-plastreduce-viscosite-maintien-temperature1-kg-5-kg\\\/#primaryimage\"},\"thumbnailUrl\":\"https:\\\/\\\/globalprix.com\\\/wp-content\\\/uploads\\\/2022\\\/08\\\/LUBRICANTE-PLAST-GM-5KG_03.png\",\"datePublished\":\"2022-08-24T15:52:26+00:00\",\"dateModified\":\"2023-10-11T13:57:53+00:00\",\"breadcrumb\":{\"@id\":\"https:\\\/\\\/globalprix.com\\\/fr\\\/produit\\\/lubrifiant-plastreduce-viscosite-maintien-temperature1-kg-5-kg\\\/#breadcrumb\"},\"inLanguage\":\"fr-FR\",\"potentialAction\":[{\"@type\":\"ReadAction\",\"target\":[\"https:\\\/\\\/globalprix.com\\\/fr\\\/produit\\\/lubrifiant-plastreduce-viscosite-maintien-temperature1-kg-5-kg\\\/\"]}]},{\"@type\":\"ImageObject\",\"inLanguage\":\"fr-FR\",\"@id\":\"https:\\\/\\\/globalprix.com\\\/fr\\\/produit\\\/lubrifiant-plastreduce-viscosite-maintien-temperature1-kg-5-kg\\\/#primaryimage\",\"url\":\"https:\\\/\\\/globalprix.com\\\/wp-content\\\/uploads\\\/2022\\\/08\\\/LUBRICANTE-PLAST-GM-5KG_03.png\",\"contentUrl\":\"https:\\\/\\\/globalprix.com\\\/wp-content\\\/uploads\\\/2022\\\/08\\\/LUBRICANTE-PLAST-GM-5KG_03.png\",\"width\":1000,\"height\":1693},{\"@type\":\"BreadcrumbList\",\"@id\":\"https:\\\/\\\/globalprix.com\\\/fr\\\/produit\\\/lubrifiant-plastreduce-viscosite-maintien-temperature1-kg-5-kg\\\/#breadcrumb\",\"itemListElement\":[{\"@type\":\"ListItem\",\"position\":1,\"name\":\"Portada\",\"item\":\"https:\\\/\\\/globalprix.com\\\/en\\\/\"},{\"@type\":\"ListItem\",\"position\":2,\"name\":\"Boutique\",\"item\":\"https:\\\/\\\/globalprix.com\\\/fr\\\/boutique\\\/\"},{\"@type\":\"ListItem\",\"position\":3,\"name\":\"LUBRIFIANT DE PLASTR\u00e9duit la viscosit\u00e9 en maintenant la temp\u00e9rature1 kg \\\/ 5 kg\"}]},{\"@type\":\"WebSite\",\"@id\":\"https:\\\/\\\/globalprix.com\\\/#website\",\"url\":\"https:\\\/\\\/globalprix.com\\\/\",\"name\":\"Globalprix\",\"description\":\"Tienda online para Serigraf\u00eda\",\"publisher\":{\"@id\":\"https:\\\/\\\/globalprix.com\\\/#organization\"},\"alternateName\":\"Tienda online de serigraf\u00eda\",\"potentialAction\":[{\"@type\":\"SearchAction\",\"target\":{\"@type\":\"EntryPoint\",\"urlTemplate\":\"https:\\\/\\\/globalprix.com\\\/?s={search_term_string}\"},\"query-input\":{\"@type\":\"PropertyValueSpecification\",\"valueRequired\":true,\"valueName\":\"search_term_string\"}}],\"inLanguage\":\"fr-FR\"},{\"@type\":\"Organization\",\"@id\":\"https:\\\/\\\/globalprix.com\\\/#organization\",\"name\":\"Global Managing\",\"alternateName\":\"Globalprix\",\"url\":\"https:\\\/\\\/globalprix.com\\\/\",\"logo\":{\"@type\":\"ImageObject\",\"inLanguage\":\"fr-FR\",\"@id\":\"https:\\\/\\\/globalprix.com\\\/#\\\/schema\\\/logo\\\/image\\\/\",\"url\":\"https:\\\/\\\/globalprix.com\\\/wp-content\\\/uploads\\\/2023\\\/03\\\/logo-globalprix.jpg\",\"contentUrl\":\"https:\\\/\\\/globalprix.com\\\/wp-content\\\/uploads\\\/2023\\\/03\\\/logo-globalprix.jpg\",\"width\":595,\"height\":202,\"caption\":\"Global Managing\"},\"image\":{\"@id\":\"https:\\\/\\\/globalprix.com\\\/#\\\/schema\\\/logo\\\/image\\\/\"}}]}<\/script>\n<!-- \/ Yoast SEO plugin. -->","yoast_head_json":{"title":"LUBRIFIANT DE PLASTR\u00e9duit la viscosit\u00e9 en maintenant la temp\u00e9rature1 kg \/ 5 kg | Globalprix.com","robots":{"index":"index","follow":"follow","max-snippet":"max-snippet:-1","max-image-preview":"max-image-preview:large","max-video-preview":"max-video-preview:-1"},"canonical":"https:\/\/globalprix.com\/fr\/produit\/lubrifiant-plastreduce-viscosite-maintien-temperature1-kg-5-kg\/","og_locale":"fr_FR","og_type":"article","og_title":"LUBRIFIANT DE PLASTR\u00e9duit la viscosit\u00e9 en maintenant la temp\u00e9rature1 kg \/ 5 kg | Globalprix.com","og_description":"Fluidifiant pour encres plastisols formul\u00e9 pour r\u00e9duire la viscosit\u00e9 des produits de la s\u00e9rie PLAST en r\u00e9duisant la temp\u00e9rature de polym\u00e9risation \u00e0 130\u00baC. Le produit am\u00e9liore \u00e9galement la capacit\u00e9 d\u2019emboutissage humide sur humide.","og_url":"https:\/\/globalprix.com\/fr\/produit\/lubrifiant-plastreduce-viscosite-maintien-temperature1-kg-5-kg\/","og_site_name":"Globalprix.com","article_modified_time":"2023-10-11T13:57:53+00:00","og_image":[{"width":1000,"height":1693,"url":"https:\/\/globalprix.com\/wp-content\/uploads\/2022\/08\/LUBRICANTE-PLAST-GM-5KG_03.png","type":"image\/png"}],"twitter_card":"summary_large_image","schema":{"@context":"https:\/\/schema.org","@graph":[{"@type":"WebPage","@id":"https:\/\/globalprix.com\/fr\/produit\/lubrifiant-plastreduce-viscosite-maintien-temperature1-kg-5-kg\/","url":"https:\/\/globalprix.com\/fr\/produit\/lubrifiant-plastreduce-viscosite-maintien-temperature1-kg-5-kg\/","name":"LUBRIFIANT DE PLAST R\u00e9duit la viscosit\u00e9 en maintenant la temp\u00e9rature 1 kg \/ 5 kg | Globalprix.com","isPartOf":{"@id":"https:\/\/globalprix.com\/#website"},"primaryImageOfPage":{"@id":"https:\/\/globalprix.com\/fr\/produit\/lubrifiant-plastreduce-viscosite-maintien-temperature1-kg-5-kg\/#primaryimage"},"image":{"@id":"https:\/\/globalprix.com\/fr\/produit\/lubrifiant-plastreduce-viscosite-maintien-temperature1-kg-5-kg\/#primaryimage"},"thumbnailUrl":"https:\/\/globalprix.com\/wp-content\/uploads\/2022\/08\/LUBRICANTE-PLAST-GM-5KG_03.png","datePublished":"2022-08-24T15:52:26+00:00","dateModified":"2023-10-11T13:57:53+00:00","breadcrumb":{"@id":"https:\/\/globalprix.com\/fr\/produit\/lubrifiant-plastreduce-viscosite-maintien-temperature1-kg-5-kg\/#breadcrumb"},"inLanguage":"fr-FR","potentialAction":[{"@type":"ReadAction","target":["https:\/\/globalprix.com\/fr\/produit\/lubrifiant-plastreduce-viscosite-maintien-temperature1-kg-5-kg\/"]}]},{"@type":"ImageObject","inLanguage":"fr-FR","@id":"https:\/\/globalprix.com\/fr\/produit\/lubrifiant-plastreduce-viscosite-maintien-temperature1-kg-5-kg\/#primaryimage","url":"https:\/\/globalprix.com\/wp-content\/uploads\/2022\/08\/LUBRICANTE-PLAST-GM-5KG_03.png","contentUrl":"https:\/\/globalprix.com\/wp-content\/uploads\/2022\/08\/LUBRICANTE-PLAST-GM-5KG_03.png","width":1000,"height":1693},{"@type":"BreadcrumbList","@id":"https:\/\/globalprix.com\/fr\/produit\/lubrifiant-plastreduce-viscosite-maintien-temperature1-kg-5-kg\/#breadcrumb","itemListElement":[{"@type":"ListItem","position":1,"name":"Portada","item":"https:\/\/globalprix.com\/en\/"},{"@type":"ListItem","position":2,"name":"Boutique","item":"https:\/\/globalprix.com\/fr\/boutique\/"},{"@type":"ListItem","position":3,"name":"LUBRIFIANT DE PLASTR\u00e9duit la viscosit\u00e9 en maintenant la temp\u00e9rature1 kg \/ 5 kg"}]},{"@type":"WebSite","@id":"https:\/\/globalprix.com\/#website","url":"https:\/\/globalprix.com\/","name":"Globalprix","description":"Tienda online para Serigraf\u00eda","publisher":{"@id":"https:\/\/globalprix.com\/#organization"},"alternateName":"Tienda online de serigraf\u00eda","potentialAction":[{"@type":"SearchAction","target":{"@type":"EntryPoint","urlTemplate":"https:\/\/globalprix.com\/?s={search_term_string}"},"query-input":{"@type":"PropertyValueSpecification","valueRequired":true,"valueName":"search_term_string"}}],"inLanguage":"fr-FR"},{"@type":"Organization","@id":"https:\/\/globalprix.com\/#organization","name":"Global Managing","alternateName":"Globalprix","url":"https:\/\/globalprix.com\/","logo":{"@type":"ImageObject","inLanguage":"fr-FR","@id":"https:\/\/globalprix.com\/#\/schema\/logo\/image\/","url":"https:\/\/globalprix.com\/wp-content\/uploads\/2023\/03\/logo-globalprix.jpg","contentUrl":"https:\/\/globalprix.com\/wp-content\/uploads\/2023\/03\/logo-globalprix.jpg","width":595,"height":202,"caption":"Global Managing"},"image":{"@id":"https:\/\/globalprix.com\/#\/schema\/logo\/image\/"}}]}},"_links":{"self":[{"href":"https:\/\/globalprix.com\/fr\/wp-json\/wp\/v2\/product\/23754","targetHints":{"allow":["GET"]}}],"collection":[{"href":"https:\/\/globalprix.com\/fr\/wp-json\/wp\/v2\/product"}],"about":[{"href":"https:\/\/globalprix.com\/fr\/wp-json\/wp\/v2\/types\/product"}],"replies":[{"embeddable":true,"href":"https:\/\/globalprix.com\/fr\/wp-json\/wp\/v2\/comments?post=23754"}],"version-history":[{"count":0,"href":"https:\/\/globalprix.com\/fr\/wp-json\/wp\/v2\/product\/23754\/revisions"}],"wp:featuredmedia":[{"embeddable":true,"href":"https:\/\/globalprix.com\/fr\/wp-json\/wp\/v2\/media\/32557"}],"wp:attachment":[{"href":"https:\/\/globalprix.com\/fr\/wp-json\/wp\/v2\/media?parent=23754"}],"wp:term":[{"taxonomy":"product_brand","embeddable":true,"href":"https:\/\/globalprix.com\/fr\/wp-json\/wp\/v2\/product_brand?post=23754"},{"taxonomy":"product_cat","embeddable":true,"href":"https:\/\/globalprix.com\/fr\/wp-json\/wp\/v2\/product_cat?post=23754"},{"taxonomy":"product_tag","embeddable":true,"href":"https:\/\/globalprix.com\/fr\/wp-json\/wp\/v2\/product_tag?post=23754"}],"curies":[{"name":"wp","href":"https:\/\/api.w.org\/{rel}","templated":true}]}}