{"id":24108,"date":"2022-08-24T12:34:34","date_gmt":"2022-08-24T10:34:34","guid":{"rendered":"https:\/\/globalprix.com\/producto\/couleurs-dimpression-pigmentairepigments-pour-laques-et-pates-a-estamper\/"},"modified":"2024-02-27T09:20:43","modified_gmt":"2024-02-27T08:20:43","slug":"couleurs-pigmentspigments-dimpressionpigments-pour-laques-et-pates-dimpression-1-kg","status":"publish","type":"product","link":"https:\/\/globalprix.com\/fr\/produit\/couleurs-pigmentspigments-dimpressionpigments-pour-laques-et-pates-dimpression-1-kg\/","title":{"rendered":"COULEURS D\u2019IMPRESSION PIGMENTAIRE<br>Pigments pour laques et p\u00e2tes \u00e0 estamper<br>Conteneur de 1 kg"},"content":{"rendered":"<p>S\u2019il n\u2019y a pas de stock de l\u2019article dans l\u2019une de ses variantes, contactez-nous pour d\u00e9finir un d\u00e9lai de livraison en info@globalprix.com<\/p>\n","protected":false},"excerpt":{"rendered":"<p>Les couleurs Pigmentprint sont des pigments pour les laques et les p\u00e2tes \u00e0 emboutir. Ils permettent d\u2019obtenir des encres \u00e0 base d\u2019eau pour la s\u00e9rigraphie textile de n\u2019importe quelle couleur de la pantone. Les encres r\u00e9sultantes sont de haute qualit\u00e9, avec d\u2019excellents r\u00e9sultats en utilisation industrielle et pour offrir des r\u00e9sultats parfaits en s\u00e9rigraphie textile. De plus, ils ne contiennent pas de substances nocives pour la peau ou la sant\u00e9 lorsqu\u2019ils sont inhal\u00e9s.<\/p>\n","protected":false},"featured_media":7652,"comment_status":"open","ping_status":"closed","template":"","meta":[],"product_brand":[],"product_cat":[166,161,441,2683],"product_tag":[],"class_list":{"0":"post-24108","1":"product","2":"type-product","3":"status-publish","4":"has-post-thumbnail","6":"product_cat-base-agua-fr","7":"product_cat-encres-pour-impression-textile","8":"product_cat-pigmentos-fr","9":"product_cat-serigraphie","11":"first","12":"instock","13":"taxable","14":"shipping-taxable","15":"purchasable","16":"product-type-variable"},"yoast_head":"<!-- This site is optimized with the Yoast SEO plugin v27.3 - https:\/\/yoast.com\/product\/yoast-seo-wordpress\/ -->\n<title>COULEURS D\u2019IMPRESSION PIGMENTAIREPigments pour laques et p\u00e2tes \u00e0 estamperConteneur de 1 kg | Globalprix.com<\/title>\n<meta name=\"robots\" content=\"index, follow, max-snippet:-1, max-image-preview:large, max-video-preview:-1\" \/>\n<link rel=\"canonical\" href=\"https:\/\/globalprix.com\/fr\/produit\/couleurs-pigmentspigments-dimpressionpigments-pour-laques-et-pates-dimpression-1-kg\/\" \/>\n<meta property=\"og:locale\" content=\"fr_FR\" \/>\n<meta property=\"og:type\" content=\"article\" \/>\n<meta property=\"og:title\" content=\"COULEURS D\u2019IMPRESSION PIGMENTAIREPigments pour laques et p\u00e2tes \u00e0 estamperConteneur de 1 kg | Globalprix.com\" \/>\n<meta property=\"og:description\" content=\"Les couleurs Pigmentprint sont des pigments pour les laques et les p\u00e2tes \u00e0 emboutir. Ils permettent d\u2019obtenir des encres \u00e0 base d\u2019eau pour la s\u00e9rigraphie textile de n\u2019importe quelle couleur de la pantone. Les encres r\u00e9sultantes sont de haute qualit\u00e9, avec d\u2019excellents r\u00e9sultats en utilisation industrielle et pour offrir des r\u00e9sultats parfaits en s\u00e9rigraphie textile. De plus, ils ne contiennent pas de substances nocives pour la peau ou la sant\u00e9 lorsqu\u2019ils sont inhal\u00e9s.\" \/>\n<meta property=\"og:url\" content=\"https:\/\/globalprix.com\/fr\/produit\/couleurs-pigmentspigments-dimpressionpigments-pour-laques-et-pates-dimpression-1-kg\/\" \/>\n<meta property=\"og:site_name\" content=\"Globalprix.com\" \/>\n<meta property=\"article:modified_time\" content=\"2024-02-27T08:20:43+00:00\" \/>\n<meta property=\"og:image\" content=\"https:\/\/globalprix.com\/wp-content\/uploads\/2021\/05\/amarillo-pigmentprint-1litro.jpg\" \/>\n\t<meta property=\"og:image:width\" content=\"2047\" \/>\n\t<meta property=\"og:image:height\" content=\"2047\" \/>\n\t<meta property=\"og:image:type\" content=\"image\/jpeg\" \/>\n<meta name=\"twitter:card\" content=\"summary_large_image\" \/>\n<script type=\"application\/ld+json\" class=\"yoast-schema-graph\">{\"@context\":\"https:\\\/\\\/schema.org\",\"@graph\":[{\"@type\":\"WebPage\",\"@id\":\"https:\\\/\\\/globalprix.com\\\/fr\\\/produit\\\/couleurs-pigmentspigments-dimpressionpigments-pour-laques-et-pates-dimpression-1-kg\\\/\",\"url\":\"https:\\\/\\\/globalprix.com\\\/fr\\\/produit\\\/couleurs-pigmentspigments-dimpressionpigments-pour-laques-et-pates-dimpression-1-kg\\\/\",\"name\":\"COULEURS D\u2019IMPRESSION PIGMENTAIRE Pigments pour laques et p\u00e2tes \u00e0 estamper Conteneur de 1 kg | Globalprix.com\",\"isPartOf\":{\"@id\":\"https:\\\/\\\/globalprix.com\\\/#website\"},\"primaryImageOfPage\":{\"@id\":\"https:\\\/\\\/globalprix.com\\\/fr\\\/produit\\\/couleurs-pigmentspigments-dimpressionpigments-pour-laques-et-pates-dimpression-1-kg\\\/#primaryimage\"},\"image\":{\"@id\":\"https:\\\/\\\/globalprix.com\\\/fr\\\/produit\\\/couleurs-pigmentspigments-dimpressionpigments-pour-laques-et-pates-dimpression-1-kg\\\/#primaryimage\"},\"thumbnailUrl\":\"https:\\\/\\\/globalprix.com\\\/wp-content\\\/uploads\\\/2021\\\/05\\\/amarillo-pigmentprint-1litro.jpg\",\"datePublished\":\"2022-08-24T10:34:34+00:00\",\"dateModified\":\"2024-02-27T08:20:43+00:00\",\"breadcrumb\":{\"@id\":\"https:\\\/\\\/globalprix.com\\\/fr\\\/produit\\\/couleurs-pigmentspigments-dimpressionpigments-pour-laques-et-pates-dimpression-1-kg\\\/#breadcrumb\"},\"inLanguage\":\"fr-FR\",\"potentialAction\":[{\"@type\":\"ReadAction\",\"target\":[\"https:\\\/\\\/globalprix.com\\\/fr\\\/produit\\\/couleurs-pigmentspigments-dimpressionpigments-pour-laques-et-pates-dimpression-1-kg\\\/\"]}]},{\"@type\":\"ImageObject\",\"inLanguage\":\"fr-FR\",\"@id\":\"https:\\\/\\\/globalprix.com\\\/fr\\\/produit\\\/couleurs-pigmentspigments-dimpressionpigments-pour-laques-et-pates-dimpression-1-kg\\\/#primaryimage\",\"url\":\"https:\\\/\\\/globalprix.com\\\/wp-content\\\/uploads\\\/2021\\\/05\\\/amarillo-pigmentprint-1litro.jpg\",\"contentUrl\":\"https:\\\/\\\/globalprix.com\\\/wp-content\\\/uploads\\\/2021\\\/05\\\/amarillo-pigmentprint-1litro.jpg\",\"width\":2047,\"height\":2047,\"caption\":\"amarillo-pigmentprint-1litro\"},{\"@type\":\"BreadcrumbList\",\"@id\":\"https:\\\/\\\/globalprix.com\\\/fr\\\/produit\\\/couleurs-pigmentspigments-dimpressionpigments-pour-laques-et-pates-dimpression-1-kg\\\/#breadcrumb\",\"itemListElement\":[{\"@type\":\"ListItem\",\"position\":1,\"name\":\"Portada\",\"item\":\"https:\\\/\\\/globalprix.com\\\/en\\\/\"},{\"@type\":\"ListItem\",\"position\":2,\"name\":\"Boutique\",\"item\":\"https:\\\/\\\/globalprix.com\\\/fr\\\/boutique\\\/\"},{\"@type\":\"ListItem\",\"position\":3,\"name\":\"COULEURS D\u2019IMPRESSION PIGMENTAIREPigments pour laques et p\u00e2tes \u00e0 estamperConteneur de 1 kg\"}]},{\"@type\":\"WebSite\",\"@id\":\"https:\\\/\\\/globalprix.com\\\/#website\",\"url\":\"https:\\\/\\\/globalprix.com\\\/\",\"name\":\"Globalprix\",\"description\":\"Tienda online para Serigraf\u00eda\",\"publisher\":{\"@id\":\"https:\\\/\\\/globalprix.com\\\/#organization\"},\"alternateName\":\"Tienda online de serigraf\u00eda\",\"potentialAction\":[{\"@type\":\"SearchAction\",\"target\":{\"@type\":\"EntryPoint\",\"urlTemplate\":\"https:\\\/\\\/globalprix.com\\\/?s={search_term_string}\"},\"query-input\":{\"@type\":\"PropertyValueSpecification\",\"valueRequired\":true,\"valueName\":\"search_term_string\"}}],\"inLanguage\":\"fr-FR\"},{\"@type\":\"Organization\",\"@id\":\"https:\\\/\\\/globalprix.com\\\/#organization\",\"name\":\"Global Managing\",\"alternateName\":\"Globalprix\",\"url\":\"https:\\\/\\\/globalprix.com\\\/\",\"logo\":{\"@type\":\"ImageObject\",\"inLanguage\":\"fr-FR\",\"@id\":\"https:\\\/\\\/globalprix.com\\\/#\\\/schema\\\/logo\\\/image\\\/\",\"url\":\"https:\\\/\\\/globalprix.com\\\/wp-content\\\/uploads\\\/2023\\\/03\\\/logo-globalprix.jpg\",\"contentUrl\":\"https:\\\/\\\/globalprix.com\\\/wp-content\\\/uploads\\\/2023\\\/03\\\/logo-globalprix.jpg\",\"width\":595,\"height\":202,\"caption\":\"Global Managing\"},\"image\":{\"@id\":\"https:\\\/\\\/globalprix.com\\\/#\\\/schema\\\/logo\\\/image\\\/\"}}]}<\/script>\n<!-- \/ Yoast SEO plugin. -->","yoast_head_json":{"title":"COULEURS D\u2019IMPRESSION PIGMENTAIREPigments pour laques et p\u00e2tes \u00e0 estamperConteneur de 1 kg | Globalprix.com","robots":{"index":"index","follow":"follow","max-snippet":"max-snippet:-1","max-image-preview":"max-image-preview:large","max-video-preview":"max-video-preview:-1"},"canonical":"https:\/\/globalprix.com\/fr\/produit\/couleurs-pigmentspigments-dimpressionpigments-pour-laques-et-pates-dimpression-1-kg\/","og_locale":"fr_FR","og_type":"article","og_title":"COULEURS D\u2019IMPRESSION PIGMENTAIREPigments pour laques et p\u00e2tes \u00e0 estamperConteneur de 1 kg | Globalprix.com","og_description":"Les couleurs Pigmentprint sont des pigments pour les laques et les p\u00e2tes \u00e0 emboutir. Ils permettent d\u2019obtenir des encres \u00e0 base d\u2019eau pour la s\u00e9rigraphie textile de n\u2019importe quelle couleur de la pantone. Les encres r\u00e9sultantes sont de haute qualit\u00e9, avec d\u2019excellents r\u00e9sultats en utilisation industrielle et pour offrir des r\u00e9sultats parfaits en s\u00e9rigraphie textile. De plus, ils ne contiennent pas de substances nocives pour la peau ou la sant\u00e9 lorsqu\u2019ils sont inhal\u00e9s.","og_url":"https:\/\/globalprix.com\/fr\/produit\/couleurs-pigmentspigments-dimpressionpigments-pour-laques-et-pates-dimpression-1-kg\/","og_site_name":"Globalprix.com","article_modified_time":"2024-02-27T08:20:43+00:00","og_image":[{"width":2047,"height":2047,"url":"https:\/\/globalprix.com\/wp-content\/uploads\/2021\/05\/amarillo-pigmentprint-1litro.jpg","type":"image\/jpeg"}],"twitter_card":"summary_large_image","schema":{"@context":"https:\/\/schema.org","@graph":[{"@type":"WebPage","@id":"https:\/\/globalprix.com\/fr\/produit\/couleurs-pigmentspigments-dimpressionpigments-pour-laques-et-pates-dimpression-1-kg\/","url":"https:\/\/globalprix.com\/fr\/produit\/couleurs-pigmentspigments-dimpressionpigments-pour-laques-et-pates-dimpression-1-kg\/","name":"COULEURS D\u2019IMPRESSION PIGMENTAIRE Pigments pour laques et p\u00e2tes \u00e0 estamper Conteneur de 1 kg | Globalprix.com","isPartOf":{"@id":"https:\/\/globalprix.com\/#website"},"primaryImageOfPage":{"@id":"https:\/\/globalprix.com\/fr\/produit\/couleurs-pigmentspigments-dimpressionpigments-pour-laques-et-pates-dimpression-1-kg\/#primaryimage"},"image":{"@id":"https:\/\/globalprix.com\/fr\/produit\/couleurs-pigmentspigments-dimpressionpigments-pour-laques-et-pates-dimpression-1-kg\/#primaryimage"},"thumbnailUrl":"https:\/\/globalprix.com\/wp-content\/uploads\/2021\/05\/amarillo-pigmentprint-1litro.jpg","datePublished":"2022-08-24T10:34:34+00:00","dateModified":"2024-02-27T08:20:43+00:00","breadcrumb":{"@id":"https:\/\/globalprix.com\/fr\/produit\/couleurs-pigmentspigments-dimpressionpigments-pour-laques-et-pates-dimpression-1-kg\/#breadcrumb"},"inLanguage":"fr-FR","potentialAction":[{"@type":"ReadAction","target":["https:\/\/globalprix.com\/fr\/produit\/couleurs-pigmentspigments-dimpressionpigments-pour-laques-et-pates-dimpression-1-kg\/"]}]},{"@type":"ImageObject","inLanguage":"fr-FR","@id":"https:\/\/globalprix.com\/fr\/produit\/couleurs-pigmentspigments-dimpressionpigments-pour-laques-et-pates-dimpression-1-kg\/#primaryimage","url":"https:\/\/globalprix.com\/wp-content\/uploads\/2021\/05\/amarillo-pigmentprint-1litro.jpg","contentUrl":"https:\/\/globalprix.com\/wp-content\/uploads\/2021\/05\/amarillo-pigmentprint-1litro.jpg","width":2047,"height":2047,"caption":"amarillo-pigmentprint-1litro"},{"@type":"BreadcrumbList","@id":"https:\/\/globalprix.com\/fr\/produit\/couleurs-pigmentspigments-dimpressionpigments-pour-laques-et-pates-dimpression-1-kg\/#breadcrumb","itemListElement":[{"@type":"ListItem","position":1,"name":"Portada","item":"https:\/\/globalprix.com\/en\/"},{"@type":"ListItem","position":2,"name":"Boutique","item":"https:\/\/globalprix.com\/fr\/boutique\/"},{"@type":"ListItem","position":3,"name":"COULEURS D\u2019IMPRESSION PIGMENTAIREPigments pour laques et p\u00e2tes \u00e0 estamperConteneur de 1 kg"}]},{"@type":"WebSite","@id":"https:\/\/globalprix.com\/#website","url":"https:\/\/globalprix.com\/","name":"Globalprix","description":"Tienda online para Serigraf\u00eda","publisher":{"@id":"https:\/\/globalprix.com\/#organization"},"alternateName":"Tienda online de serigraf\u00eda","potentialAction":[{"@type":"SearchAction","target":{"@type":"EntryPoint","urlTemplate":"https:\/\/globalprix.com\/?s={search_term_string}"},"query-input":{"@type":"PropertyValueSpecification","valueRequired":true,"valueName":"search_term_string"}}],"inLanguage":"fr-FR"},{"@type":"Organization","@id":"https:\/\/globalprix.com\/#organization","name":"Global Managing","alternateName":"Globalprix","url":"https:\/\/globalprix.com\/","logo":{"@type":"ImageObject","inLanguage":"fr-FR","@id":"https:\/\/globalprix.com\/#\/schema\/logo\/image\/","url":"https:\/\/globalprix.com\/wp-content\/uploads\/2023\/03\/logo-globalprix.jpg","contentUrl":"https:\/\/globalprix.com\/wp-content\/uploads\/2023\/03\/logo-globalprix.jpg","width":595,"height":202,"caption":"Global Managing"},"image":{"@id":"https:\/\/globalprix.com\/#\/schema\/logo\/image\/"}}]}},"_links":{"self":[{"href":"https:\/\/globalprix.com\/fr\/wp-json\/wp\/v2\/product\/24108","targetHints":{"allow":["GET"]}}],"collection":[{"href":"https:\/\/globalprix.com\/fr\/wp-json\/wp\/v2\/product"}],"about":[{"href":"https:\/\/globalprix.com\/fr\/wp-json\/wp\/v2\/types\/product"}],"replies":[{"embeddable":true,"href":"https:\/\/globalprix.com\/fr\/wp-json\/wp\/v2\/comments?post=24108"}],"version-history":[{"count":0,"href":"https:\/\/globalprix.com\/fr\/wp-json\/wp\/v2\/product\/24108\/revisions"}],"wp:featuredmedia":[{"embeddable":true,"href":"https:\/\/globalprix.com\/fr\/wp-json\/wp\/v2\/media\/7652"}],"wp:attachment":[{"href":"https:\/\/globalprix.com\/fr\/wp-json\/wp\/v2\/media?parent=24108"}],"wp:term":[{"taxonomy":"product_brand","embeddable":true,"href":"https:\/\/globalprix.com\/fr\/wp-json\/wp\/v2\/product_brand?post=24108"},{"taxonomy":"product_cat","embeddable":true,"href":"https:\/\/globalprix.com\/fr\/wp-json\/wp\/v2\/product_cat?post=24108"},{"taxonomy":"product_tag","embeddable":true,"href":"https:\/\/globalprix.com\/fr\/wp-json\/wp\/v2\/product_tag?post=24108"}],"curies":[{"name":"wp","href":"https:\/\/api.w.org\/{rel}","templated":true}]}}