{"id":24125,"date":"2022-08-24T10:47:02","date_gmt":"2022-08-24T08:47:02","guid":{"rendered":"https:\/\/globalprix.com\/producto\/imprime-pe-metalliqueliant-pour-pigments-metalliques-effet-paillettes\/"},"modified":"2024-02-13T09:11:35","modified_gmt":"2024-02-13T08:11:35","slug":"imprimeriemetalmetalic-ligarant-pour-metallic-pigments-glitter-effect1-kg-5-kg","status":"publish","type":"product","link":"https:\/\/globalprix.com\/fr\/produit\/imprimeriemetalmetalic-ligarant-pour-metallic-pigments-glitter-effect1-kg-5-kg\/","title":{"rendered":"IMPRIM\u00c9 PE m\u00e9tallique<br>Liant pour pigments m\u00e9talliques<br>  Effet paillet\u00e9<br>1 Kg \/ 5 Kg"},"content":{"rendered":"<p>S\u2019il n\u2019y a pas de stock de l\u2019article dans l\u2019une de ses variantes, contactez-nous pour d\u00e9finir un d\u00e9lai de livraison en info@globalprix.com<\/p>\n","protected":false},"excerpt":{"rendered":"<p>P\u00e2te con\u00e7ue pour l\u2019estampage de pigments m\u00e9talliques, type paillettes. Sp\u00e9cialement formul\u00e9 pour minimiser les probl\u00e8mes d\u2019oxydation des paillettes. Convient pour une application dans les machines de s\u00e9rigraphie plates, rotatives et circulaires.<\/p>\n","protected":false},"featured_media":11906,"comment_status":"open","ping_status":"closed","template":"","meta":[],"product_brand":[],"product_cat":[166,161,2683,424],"product_tag":[],"class_list":{"0":"post-24125","1":"product","2":"type-product","3":"status-publish","4":"has-post-thumbnail","6":"product_cat-base-agua-fr","7":"product_cat-encres-pour-impression-textile","8":"product_cat-serigraphie","9":"product_cat-especialidades-fr","11":"first","12":"instock","13":"taxable","14":"shipping-taxable","15":"purchasable","16":"product-type-variable"},"yoast_head":"<!-- This site is optimized with the Yoast SEO plugin v27.3 - https:\/\/yoast.com\/product\/yoast-seo-wordpress\/ -->\n<title>IMPRIM\u00c9 PE m\u00e9talliqueLiant pour pigments m\u00e9talliques Effet paillet\u00e91 Kg \/ 5 Kg | Globalprix.com<\/title>\n<meta name=\"robots\" content=\"index, follow, max-snippet:-1, max-image-preview:large, max-video-preview:-1\" \/>\n<link rel=\"canonical\" href=\"https:\/\/globalprix.com\/fr\/produit\/imprimeriemetalmetalic-ligarant-pour-metallic-pigments-glitter-effect1-kg-5-kg\/\" \/>\n<meta property=\"og:locale\" content=\"fr_FR\" \/>\n<meta property=\"og:type\" content=\"article\" \/>\n<meta property=\"og:title\" content=\"IMPRIM\u00c9 PE m\u00e9talliqueLiant pour pigments m\u00e9talliques Effet paillet\u00e91 Kg \/ 5 Kg | Globalprix.com\" \/>\n<meta property=\"og:description\" content=\"P\u00e2te con\u00e7ue pour l\u2019estampage de pigments m\u00e9talliques, type paillettes. Sp\u00e9cialement formul\u00e9 pour minimiser les probl\u00e8mes d\u2019oxydation des paillettes. Convient pour une application dans les machines de s\u00e9rigraphie plates, rotatives et circulaires.\" \/>\n<meta property=\"og:url\" content=\"https:\/\/globalprix.com\/fr\/produit\/imprimeriemetalmetalic-ligarant-pour-metallic-pigments-glitter-effect1-kg-5-kg\/\" \/>\n<meta property=\"og:site_name\" content=\"Globalprix.com\" \/>\n<meta property=\"article:modified_time\" content=\"2024-02-13T08:11:35+00:00\" \/>\n<meta property=\"og:image\" content=\"https:\/\/globalprix.com\/wp-content\/uploads\/2022\/08\/transfer-purpurina-6.jpg\" \/>\n\t<meta property=\"og:image:width\" content=\"1000\" \/>\n\t<meta property=\"og:image:height\" content=\"750\" \/>\n\t<meta property=\"og:image:type\" content=\"image\/jpeg\" \/>\n<meta name=\"twitter:card\" content=\"summary_large_image\" \/>\n<script type=\"application\/ld+json\" class=\"yoast-schema-graph\">{\"@context\":\"https:\\\/\\\/schema.org\",\"@graph\":[{\"@type\":\"WebPage\",\"@id\":\"https:\\\/\\\/globalprix.com\\\/fr\\\/produit\\\/imprimeriemetalmetalic-ligarant-pour-metallic-pigments-glitter-effect1-kg-5-kg\\\/\",\"url\":\"https:\\\/\\\/globalprix.com\\\/fr\\\/produit\\\/imprimeriemetalmetalic-ligarant-pour-metallic-pigments-glitter-effect1-kg-5-kg\\\/\",\"name\":\"IMPRIM\u00c9 PE m\u00e9tallique Liant pour pigments m\u00e9talliques Effet paillet\u00e9 1 Kg \\\/ 5 Kg | Globalprix.com\",\"isPartOf\":{\"@id\":\"https:\\\/\\\/globalprix.com\\\/#website\"},\"primaryImageOfPage\":{\"@id\":\"https:\\\/\\\/globalprix.com\\\/fr\\\/produit\\\/imprimeriemetalmetalic-ligarant-pour-metallic-pigments-glitter-effect1-kg-5-kg\\\/#primaryimage\"},\"image\":{\"@id\":\"https:\\\/\\\/globalprix.com\\\/fr\\\/produit\\\/imprimeriemetalmetalic-ligarant-pour-metallic-pigments-glitter-effect1-kg-5-kg\\\/#primaryimage\"},\"thumbnailUrl\":\"https:\\\/\\\/globalprix.com\\\/wp-content\\\/uploads\\\/2022\\\/08\\\/transfer-purpurina-6.jpg\",\"datePublished\":\"2022-08-24T08:47:02+00:00\",\"dateModified\":\"2024-02-13T08:11:35+00:00\",\"breadcrumb\":{\"@id\":\"https:\\\/\\\/globalprix.com\\\/fr\\\/produit\\\/imprimeriemetalmetalic-ligarant-pour-metallic-pigments-glitter-effect1-kg-5-kg\\\/#breadcrumb\"},\"inLanguage\":\"fr-FR\",\"potentialAction\":[{\"@type\":\"ReadAction\",\"target\":[\"https:\\\/\\\/globalprix.com\\\/fr\\\/produit\\\/imprimeriemetalmetalic-ligarant-pour-metallic-pigments-glitter-effect1-kg-5-kg\\\/\"]}]},{\"@type\":\"ImageObject\",\"inLanguage\":\"fr-FR\",\"@id\":\"https:\\\/\\\/globalprix.com\\\/fr\\\/produit\\\/imprimeriemetalmetalic-ligarant-pour-metallic-pigments-glitter-effect1-kg-5-kg\\\/#primaryimage\",\"url\":\"https:\\\/\\\/globalprix.com\\\/wp-content\\\/uploads\\\/2022\\\/08\\\/transfer-purpurina-6.jpg\",\"contentUrl\":\"https:\\\/\\\/globalprix.com\\\/wp-content\\\/uploads\\\/2022\\\/08\\\/transfer-purpurina-6.jpg\",\"width\":1000,\"height\":750},{\"@type\":\"BreadcrumbList\",\"@id\":\"https:\\\/\\\/globalprix.com\\\/fr\\\/produit\\\/imprimeriemetalmetalic-ligarant-pour-metallic-pigments-glitter-effect1-kg-5-kg\\\/#breadcrumb\",\"itemListElement\":[{\"@type\":\"ListItem\",\"position\":1,\"name\":\"Portada\",\"item\":\"https:\\\/\\\/globalprix.com\\\/en\\\/\"},{\"@type\":\"ListItem\",\"position\":2,\"name\":\"Boutique\",\"item\":\"https:\\\/\\\/globalprix.com\\\/fr\\\/boutique\\\/\"},{\"@type\":\"ListItem\",\"position\":3,\"name\":\"IMPRIM\u00c9 PE m\u00e9talliqueLiant pour pigments m\u00e9talliques Effet paillet\u00e91 Kg \\\/ 5 Kg\"}]},{\"@type\":\"WebSite\",\"@id\":\"https:\\\/\\\/globalprix.com\\\/#website\",\"url\":\"https:\\\/\\\/globalprix.com\\\/\",\"name\":\"Globalprix\",\"description\":\"Tienda online para Serigraf\u00eda\",\"publisher\":{\"@id\":\"https:\\\/\\\/globalprix.com\\\/#organization\"},\"alternateName\":\"Tienda online de serigraf\u00eda\",\"potentialAction\":[{\"@type\":\"SearchAction\",\"target\":{\"@type\":\"EntryPoint\",\"urlTemplate\":\"https:\\\/\\\/globalprix.com\\\/?s={search_term_string}\"},\"query-input\":{\"@type\":\"PropertyValueSpecification\",\"valueRequired\":true,\"valueName\":\"search_term_string\"}}],\"inLanguage\":\"fr-FR\"},{\"@type\":\"Organization\",\"@id\":\"https:\\\/\\\/globalprix.com\\\/#organization\",\"name\":\"Global Managing\",\"alternateName\":\"Globalprix\",\"url\":\"https:\\\/\\\/globalprix.com\\\/\",\"logo\":{\"@type\":\"ImageObject\",\"inLanguage\":\"fr-FR\",\"@id\":\"https:\\\/\\\/globalprix.com\\\/#\\\/schema\\\/logo\\\/image\\\/\",\"url\":\"https:\\\/\\\/globalprix.com\\\/wp-content\\\/uploads\\\/2023\\\/03\\\/logo-globalprix.jpg\",\"contentUrl\":\"https:\\\/\\\/globalprix.com\\\/wp-content\\\/uploads\\\/2023\\\/03\\\/logo-globalprix.jpg\",\"width\":595,\"height\":202,\"caption\":\"Global Managing\"},\"image\":{\"@id\":\"https:\\\/\\\/globalprix.com\\\/#\\\/schema\\\/logo\\\/image\\\/\"}}]}<\/script>\n<!-- \/ Yoast SEO plugin. -->","yoast_head_json":{"title":"IMPRIM\u00c9 PE m\u00e9talliqueLiant pour pigments m\u00e9talliques Effet paillet\u00e91 Kg \/ 5 Kg | Globalprix.com","robots":{"index":"index","follow":"follow","max-snippet":"max-snippet:-1","max-image-preview":"max-image-preview:large","max-video-preview":"max-video-preview:-1"},"canonical":"https:\/\/globalprix.com\/fr\/produit\/imprimeriemetalmetalic-ligarant-pour-metallic-pigments-glitter-effect1-kg-5-kg\/","og_locale":"fr_FR","og_type":"article","og_title":"IMPRIM\u00c9 PE m\u00e9talliqueLiant pour pigments m\u00e9talliques Effet paillet\u00e91 Kg \/ 5 Kg | Globalprix.com","og_description":"P\u00e2te con\u00e7ue pour l\u2019estampage de pigments m\u00e9talliques, type paillettes. Sp\u00e9cialement formul\u00e9 pour minimiser les probl\u00e8mes d\u2019oxydation des paillettes. Convient pour une application dans les machines de s\u00e9rigraphie plates, rotatives et circulaires.","og_url":"https:\/\/globalprix.com\/fr\/produit\/imprimeriemetalmetalic-ligarant-pour-metallic-pigments-glitter-effect1-kg-5-kg\/","og_site_name":"Globalprix.com","article_modified_time":"2024-02-13T08:11:35+00:00","og_image":[{"width":1000,"height":750,"url":"https:\/\/globalprix.com\/wp-content\/uploads\/2022\/08\/transfer-purpurina-6.jpg","type":"image\/jpeg"}],"twitter_card":"summary_large_image","schema":{"@context":"https:\/\/schema.org","@graph":[{"@type":"WebPage","@id":"https:\/\/globalprix.com\/fr\/produit\/imprimeriemetalmetalic-ligarant-pour-metallic-pigments-glitter-effect1-kg-5-kg\/","url":"https:\/\/globalprix.com\/fr\/produit\/imprimeriemetalmetalic-ligarant-pour-metallic-pigments-glitter-effect1-kg-5-kg\/","name":"IMPRIM\u00c9 PE m\u00e9tallique Liant pour pigments m\u00e9talliques Effet paillet\u00e9 1 Kg \/ 5 Kg | Globalprix.com","isPartOf":{"@id":"https:\/\/globalprix.com\/#website"},"primaryImageOfPage":{"@id":"https:\/\/globalprix.com\/fr\/produit\/imprimeriemetalmetalic-ligarant-pour-metallic-pigments-glitter-effect1-kg-5-kg\/#primaryimage"},"image":{"@id":"https:\/\/globalprix.com\/fr\/produit\/imprimeriemetalmetalic-ligarant-pour-metallic-pigments-glitter-effect1-kg-5-kg\/#primaryimage"},"thumbnailUrl":"https:\/\/globalprix.com\/wp-content\/uploads\/2022\/08\/transfer-purpurina-6.jpg","datePublished":"2022-08-24T08:47:02+00:00","dateModified":"2024-02-13T08:11:35+00:00","breadcrumb":{"@id":"https:\/\/globalprix.com\/fr\/produit\/imprimeriemetalmetalic-ligarant-pour-metallic-pigments-glitter-effect1-kg-5-kg\/#breadcrumb"},"inLanguage":"fr-FR","potentialAction":[{"@type":"ReadAction","target":["https:\/\/globalprix.com\/fr\/produit\/imprimeriemetalmetalic-ligarant-pour-metallic-pigments-glitter-effect1-kg-5-kg\/"]}]},{"@type":"ImageObject","inLanguage":"fr-FR","@id":"https:\/\/globalprix.com\/fr\/produit\/imprimeriemetalmetalic-ligarant-pour-metallic-pigments-glitter-effect1-kg-5-kg\/#primaryimage","url":"https:\/\/globalprix.com\/wp-content\/uploads\/2022\/08\/transfer-purpurina-6.jpg","contentUrl":"https:\/\/globalprix.com\/wp-content\/uploads\/2022\/08\/transfer-purpurina-6.jpg","width":1000,"height":750},{"@type":"BreadcrumbList","@id":"https:\/\/globalprix.com\/fr\/produit\/imprimeriemetalmetalic-ligarant-pour-metallic-pigments-glitter-effect1-kg-5-kg\/#breadcrumb","itemListElement":[{"@type":"ListItem","position":1,"name":"Portada","item":"https:\/\/globalprix.com\/en\/"},{"@type":"ListItem","position":2,"name":"Boutique","item":"https:\/\/globalprix.com\/fr\/boutique\/"},{"@type":"ListItem","position":3,"name":"IMPRIM\u00c9 PE m\u00e9talliqueLiant pour pigments m\u00e9talliques Effet paillet\u00e91 Kg \/ 5 Kg"}]},{"@type":"WebSite","@id":"https:\/\/globalprix.com\/#website","url":"https:\/\/globalprix.com\/","name":"Globalprix","description":"Tienda online para Serigraf\u00eda","publisher":{"@id":"https:\/\/globalprix.com\/#organization"},"alternateName":"Tienda online de serigraf\u00eda","potentialAction":[{"@type":"SearchAction","target":{"@type":"EntryPoint","urlTemplate":"https:\/\/globalprix.com\/?s={search_term_string}"},"query-input":{"@type":"PropertyValueSpecification","valueRequired":true,"valueName":"search_term_string"}}],"inLanguage":"fr-FR"},{"@type":"Organization","@id":"https:\/\/globalprix.com\/#organization","name":"Global Managing","alternateName":"Globalprix","url":"https:\/\/globalprix.com\/","logo":{"@type":"ImageObject","inLanguage":"fr-FR","@id":"https:\/\/globalprix.com\/#\/schema\/logo\/image\/","url":"https:\/\/globalprix.com\/wp-content\/uploads\/2023\/03\/logo-globalprix.jpg","contentUrl":"https:\/\/globalprix.com\/wp-content\/uploads\/2023\/03\/logo-globalprix.jpg","width":595,"height":202,"caption":"Global Managing"},"image":{"@id":"https:\/\/globalprix.com\/#\/schema\/logo\/image\/"}}]}},"_links":{"self":[{"href":"https:\/\/globalprix.com\/fr\/wp-json\/wp\/v2\/product\/24125","targetHints":{"allow":["GET"]}}],"collection":[{"href":"https:\/\/globalprix.com\/fr\/wp-json\/wp\/v2\/product"}],"about":[{"href":"https:\/\/globalprix.com\/fr\/wp-json\/wp\/v2\/types\/product"}],"replies":[{"embeddable":true,"href":"https:\/\/globalprix.com\/fr\/wp-json\/wp\/v2\/comments?post=24125"}],"version-history":[{"count":0,"href":"https:\/\/globalprix.com\/fr\/wp-json\/wp\/v2\/product\/24125\/revisions"}],"wp:featuredmedia":[{"embeddable":true,"href":"https:\/\/globalprix.com\/fr\/wp-json\/wp\/v2\/media\/11906"}],"wp:attachment":[{"href":"https:\/\/globalprix.com\/fr\/wp-json\/wp\/v2\/media?parent=24125"}],"wp:term":[{"taxonomy":"product_brand","embeddable":true,"href":"https:\/\/globalprix.com\/fr\/wp-json\/wp\/v2\/product_brand?post=24125"},{"taxonomy":"product_cat","embeddable":true,"href":"https:\/\/globalprix.com\/fr\/wp-json\/wp\/v2\/product_cat?post=24125"},{"taxonomy":"product_tag","embeddable":true,"href":"https:\/\/globalprix.com\/fr\/wp-json\/wp\/v2\/product_tag?post=24125"}],"curies":[{"name":"wp","href":"https:\/\/api.w.org\/{rel}","templated":true}]}}