{"id":24171,"date":"2022-08-24T11:21:49","date_gmt":"2022-08-24T09:21:49","guid":{"rendered":"https:\/\/globalprix.com\/producto\/nlp-nettoyantnettoyage-des-residus-destampage\/"},"modified":"2024-02-19T10:57:37","modified_gmt":"2024-02-19T09:57:37","slug":"nlp-nettoyeur-des-restes-demboutissage1-l-5-l","status":"publish","type":"product","link":"https:\/\/globalprix.com\/fr\/produit\/nlp-nettoyeur-des-restes-demboutissage1-l-5-l\/","title":{"rendered":"NLP NETTOYANT<br>Nettoyage des r\u00e9sidus d\u2019estampage.<br>Bidons de 1 l \/ 5 l"},"content":{"rendered":"<p>S\u2019il n\u2019y a pas de stock de l\u2019article dans l\u2019une de ses variantes, contactez-nous pour d\u00e9finir un d\u00e9lai de livraison en info@globalprix.com<\/p>\n","protected":false},"excerpt":{"rendered":"<p>Le nettoyant NLP n\u2019affecte pas l\u2019adh\u00e9sif, il \u00e9tend donc son efficacit\u00e9 en conservant ses propri\u00e9t\u00e9s. Il repr\u00e9sente une \u00e9conomie \u00e9conomique car il n\u2019est pas n\u00e9cessaire d\u2019appliquer de l\u2019adh\u00e9sif aussi fr\u00e9quemment et un nettoyage total des r\u00e9sidus d\u2019impression pigmentaire est obtenu.<br \/>\nProduit \u00e0 haute concentration. Il ne produit aucun effet de d\u00e9formation ou de dissolution du caoutchouc du tapis.<\/p>\n","protected":false},"featured_media":7645,"comment_status":"open","ping_status":"closed","template":"","meta":[],"product_brand":[],"product_cat":[161,437,2683],"product_tag":[],"class_list":{"0":"post-24171","1":"product","2":"type-product","3":"status-publish","4":"has-post-thumbnail","6":"product_cat-encres-pour-impression-textile","7":"product_cat-limpieza-baseagua-fr-2","8":"product_cat-serigraphie","10":"first","11":"instock","12":"taxable","13":"shipping-taxable","14":"purchasable","15":"product-type-variable"},"yoast_head":"<!-- This site is optimized with the Yoast SEO plugin v27.3 - https:\/\/yoast.com\/product\/yoast-seo-wordpress\/ -->\n<title>NLP NETTOYANTNettoyage des r\u00e9sidus d\u2019estampage.Bidons de 1 l \/ 5 l | Globalprix.com<\/title>\n<meta name=\"robots\" content=\"index, follow, max-snippet:-1, max-image-preview:large, max-video-preview:-1\" \/>\n<link rel=\"canonical\" href=\"https:\/\/globalprix.com\/fr\/produit\/nlp-nettoyeur-des-restes-demboutissage1-l-5-l\/\" \/>\n<meta property=\"og:locale\" content=\"fr_FR\" \/>\n<meta property=\"og:type\" content=\"article\" \/>\n<meta property=\"og:title\" content=\"NLP NETTOYANTNettoyage des r\u00e9sidus d\u2019estampage.Bidons de 1 l \/ 5 l | Globalprix.com\" \/>\n<meta property=\"og:description\" content=\"Le nettoyant NLP n\u2019affecte pas l\u2019adh\u00e9sif, il \u00e9tend donc son efficacit\u00e9 en conservant ses propri\u00e9t\u00e9s. Il repr\u00e9sente une \u00e9conomie \u00e9conomique car il n\u2019est pas n\u00e9cessaire d\u2019appliquer de l\u2019adh\u00e9sif aussi fr\u00e9quemment et un nettoyage total des r\u00e9sidus d\u2019impression pigmentaire est obtenu. Produit \u00e0 haute concentration. Il ne produit aucun effet de d\u00e9formation ou de dissolution du caoutchouc du tapis.\" \/>\n<meta property=\"og:url\" content=\"https:\/\/globalprix.com\/fr\/produit\/nlp-nettoyeur-des-restes-demboutissage1-l-5-l\/\" \/>\n<meta property=\"og:site_name\" content=\"Globalprix.com\" \/>\n<meta property=\"article:modified_time\" content=\"2024-02-19T09:57:37+00:00\" \/>\n<meta property=\"og:image\" content=\"https:\/\/globalprix.com\/wp-content\/uploads\/2021\/05\/LIMPIADOR-5L-NLP.jpg\" \/>\n\t<meta property=\"og:image:width\" content=\"2047\" \/>\n\t<meta property=\"og:image:height\" content=\"2047\" \/>\n\t<meta property=\"og:image:type\" content=\"image\/jpeg\" \/>\n<meta name=\"twitter:card\" content=\"summary_large_image\" \/>\n<script type=\"application\/ld+json\" class=\"yoast-schema-graph\">{\"@context\":\"https:\\\/\\\/schema.org\",\"@graph\":[{\"@type\":\"WebPage\",\"@id\":\"https:\\\/\\\/globalprix.com\\\/fr\\\/produit\\\/nlp-nettoyeur-des-restes-demboutissage1-l-5-l\\\/\",\"url\":\"https:\\\/\\\/globalprix.com\\\/fr\\\/produit\\\/nlp-nettoyeur-des-restes-demboutissage1-l-5-l\\\/\",\"name\":\"NLP NETTOYANT Nettoyage des r\u00e9sidus d\u2019estampage. Bidons de 1 l \\\/ 5 l | Globalprix.com\",\"isPartOf\":{\"@id\":\"https:\\\/\\\/globalprix.com\\\/#website\"},\"primaryImageOfPage\":{\"@id\":\"https:\\\/\\\/globalprix.com\\\/fr\\\/produit\\\/nlp-nettoyeur-des-restes-demboutissage1-l-5-l\\\/#primaryimage\"},\"image\":{\"@id\":\"https:\\\/\\\/globalprix.com\\\/fr\\\/produit\\\/nlp-nettoyeur-des-restes-demboutissage1-l-5-l\\\/#primaryimage\"},\"thumbnailUrl\":\"https:\\\/\\\/globalprix.com\\\/wp-content\\\/uploads\\\/2021\\\/05\\\/LIMPIADOR-5L-NLP.jpg\",\"datePublished\":\"2022-08-24T09:21:49+00:00\",\"dateModified\":\"2024-02-19T09:57:37+00:00\",\"breadcrumb\":{\"@id\":\"https:\\\/\\\/globalprix.com\\\/fr\\\/produit\\\/nlp-nettoyeur-des-restes-demboutissage1-l-5-l\\\/#breadcrumb\"},\"inLanguage\":\"fr-FR\",\"potentialAction\":[{\"@type\":\"ReadAction\",\"target\":[\"https:\\\/\\\/globalprix.com\\\/fr\\\/produit\\\/nlp-nettoyeur-des-restes-demboutissage1-l-5-l\\\/\"]}]},{\"@type\":\"ImageObject\",\"inLanguage\":\"fr-FR\",\"@id\":\"https:\\\/\\\/globalprix.com\\\/fr\\\/produit\\\/nlp-nettoyeur-des-restes-demboutissage1-l-5-l\\\/#primaryimage\",\"url\":\"https:\\\/\\\/globalprix.com\\\/wp-content\\\/uploads\\\/2021\\\/05\\\/LIMPIADOR-5L-NLP.jpg\",\"contentUrl\":\"https:\\\/\\\/globalprix.com\\\/wp-content\\\/uploads\\\/2021\\\/05\\\/LIMPIADOR-5L-NLP.jpg\",\"width\":2047,\"height\":2047,\"caption\":\"LIMPIADOR-5L-NLP\"},{\"@type\":\"BreadcrumbList\",\"@id\":\"https:\\\/\\\/globalprix.com\\\/fr\\\/produit\\\/nlp-nettoyeur-des-restes-demboutissage1-l-5-l\\\/#breadcrumb\",\"itemListElement\":[{\"@type\":\"ListItem\",\"position\":1,\"name\":\"Portada\",\"item\":\"https:\\\/\\\/globalprix.com\\\/en\\\/\"},{\"@type\":\"ListItem\",\"position\":2,\"name\":\"Boutique\",\"item\":\"https:\\\/\\\/globalprix.com\\\/fr\\\/boutique\\\/\"},{\"@type\":\"ListItem\",\"position\":3,\"name\":\"NLP NETTOYANTNettoyage des r\u00e9sidus d\u2019estampage.Bidons de 1 l \\\/ 5 l\"}]},{\"@type\":\"WebSite\",\"@id\":\"https:\\\/\\\/globalprix.com\\\/#website\",\"url\":\"https:\\\/\\\/globalprix.com\\\/\",\"name\":\"Globalprix\",\"description\":\"Tienda online para Serigraf\u00eda\",\"publisher\":{\"@id\":\"https:\\\/\\\/globalprix.com\\\/#organization\"},\"alternateName\":\"Tienda online de serigraf\u00eda\",\"potentialAction\":[{\"@type\":\"SearchAction\",\"target\":{\"@type\":\"EntryPoint\",\"urlTemplate\":\"https:\\\/\\\/globalprix.com\\\/?s={search_term_string}\"},\"query-input\":{\"@type\":\"PropertyValueSpecification\",\"valueRequired\":true,\"valueName\":\"search_term_string\"}}],\"inLanguage\":\"fr-FR\"},{\"@type\":\"Organization\",\"@id\":\"https:\\\/\\\/globalprix.com\\\/#organization\",\"name\":\"Global Managing\",\"alternateName\":\"Globalprix\",\"url\":\"https:\\\/\\\/globalprix.com\\\/\",\"logo\":{\"@type\":\"ImageObject\",\"inLanguage\":\"fr-FR\",\"@id\":\"https:\\\/\\\/globalprix.com\\\/#\\\/schema\\\/logo\\\/image\\\/\",\"url\":\"https:\\\/\\\/globalprix.com\\\/wp-content\\\/uploads\\\/2023\\\/03\\\/logo-globalprix.jpg\",\"contentUrl\":\"https:\\\/\\\/globalprix.com\\\/wp-content\\\/uploads\\\/2023\\\/03\\\/logo-globalprix.jpg\",\"width\":595,\"height\":202,\"caption\":\"Global Managing\"},\"image\":{\"@id\":\"https:\\\/\\\/globalprix.com\\\/#\\\/schema\\\/logo\\\/image\\\/\"}}]}<\/script>\n<!-- \/ Yoast SEO plugin. -->","yoast_head_json":{"title":"NLP NETTOYANTNettoyage des r\u00e9sidus d\u2019estampage.Bidons de 1 l \/ 5 l | Globalprix.com","robots":{"index":"index","follow":"follow","max-snippet":"max-snippet:-1","max-image-preview":"max-image-preview:large","max-video-preview":"max-video-preview:-1"},"canonical":"https:\/\/globalprix.com\/fr\/produit\/nlp-nettoyeur-des-restes-demboutissage1-l-5-l\/","og_locale":"fr_FR","og_type":"article","og_title":"NLP NETTOYANTNettoyage des r\u00e9sidus d\u2019estampage.Bidons de 1 l \/ 5 l | Globalprix.com","og_description":"Le nettoyant NLP n\u2019affecte pas l\u2019adh\u00e9sif, il \u00e9tend donc son efficacit\u00e9 en conservant ses propri\u00e9t\u00e9s. Il repr\u00e9sente une \u00e9conomie \u00e9conomique car il n\u2019est pas n\u00e9cessaire d\u2019appliquer de l\u2019adh\u00e9sif aussi fr\u00e9quemment et un nettoyage total des r\u00e9sidus d\u2019impression pigmentaire est obtenu. Produit \u00e0 haute concentration. Il ne produit aucun effet de d\u00e9formation ou de dissolution du caoutchouc du tapis.","og_url":"https:\/\/globalprix.com\/fr\/produit\/nlp-nettoyeur-des-restes-demboutissage1-l-5-l\/","og_site_name":"Globalprix.com","article_modified_time":"2024-02-19T09:57:37+00:00","og_image":[{"width":2047,"height":2047,"url":"https:\/\/globalprix.com\/wp-content\/uploads\/2021\/05\/LIMPIADOR-5L-NLP.jpg","type":"image\/jpeg"}],"twitter_card":"summary_large_image","schema":{"@context":"https:\/\/schema.org","@graph":[{"@type":"WebPage","@id":"https:\/\/globalprix.com\/fr\/produit\/nlp-nettoyeur-des-restes-demboutissage1-l-5-l\/","url":"https:\/\/globalprix.com\/fr\/produit\/nlp-nettoyeur-des-restes-demboutissage1-l-5-l\/","name":"NLP NETTOYANT Nettoyage des r\u00e9sidus d\u2019estampage. Bidons de 1 l \/ 5 l | Globalprix.com","isPartOf":{"@id":"https:\/\/globalprix.com\/#website"},"primaryImageOfPage":{"@id":"https:\/\/globalprix.com\/fr\/produit\/nlp-nettoyeur-des-restes-demboutissage1-l-5-l\/#primaryimage"},"image":{"@id":"https:\/\/globalprix.com\/fr\/produit\/nlp-nettoyeur-des-restes-demboutissage1-l-5-l\/#primaryimage"},"thumbnailUrl":"https:\/\/globalprix.com\/wp-content\/uploads\/2021\/05\/LIMPIADOR-5L-NLP.jpg","datePublished":"2022-08-24T09:21:49+00:00","dateModified":"2024-02-19T09:57:37+00:00","breadcrumb":{"@id":"https:\/\/globalprix.com\/fr\/produit\/nlp-nettoyeur-des-restes-demboutissage1-l-5-l\/#breadcrumb"},"inLanguage":"fr-FR","potentialAction":[{"@type":"ReadAction","target":["https:\/\/globalprix.com\/fr\/produit\/nlp-nettoyeur-des-restes-demboutissage1-l-5-l\/"]}]},{"@type":"ImageObject","inLanguage":"fr-FR","@id":"https:\/\/globalprix.com\/fr\/produit\/nlp-nettoyeur-des-restes-demboutissage1-l-5-l\/#primaryimage","url":"https:\/\/globalprix.com\/wp-content\/uploads\/2021\/05\/LIMPIADOR-5L-NLP.jpg","contentUrl":"https:\/\/globalprix.com\/wp-content\/uploads\/2021\/05\/LIMPIADOR-5L-NLP.jpg","width":2047,"height":2047,"caption":"LIMPIADOR-5L-NLP"},{"@type":"BreadcrumbList","@id":"https:\/\/globalprix.com\/fr\/produit\/nlp-nettoyeur-des-restes-demboutissage1-l-5-l\/#breadcrumb","itemListElement":[{"@type":"ListItem","position":1,"name":"Portada","item":"https:\/\/globalprix.com\/en\/"},{"@type":"ListItem","position":2,"name":"Boutique","item":"https:\/\/globalprix.com\/fr\/boutique\/"},{"@type":"ListItem","position":3,"name":"NLP NETTOYANTNettoyage des r\u00e9sidus d\u2019estampage.Bidons de 1 l \/ 5 l"}]},{"@type":"WebSite","@id":"https:\/\/globalprix.com\/#website","url":"https:\/\/globalprix.com\/","name":"Globalprix","description":"Tienda online para Serigraf\u00eda","publisher":{"@id":"https:\/\/globalprix.com\/#organization"},"alternateName":"Tienda online de serigraf\u00eda","potentialAction":[{"@type":"SearchAction","target":{"@type":"EntryPoint","urlTemplate":"https:\/\/globalprix.com\/?s={search_term_string}"},"query-input":{"@type":"PropertyValueSpecification","valueRequired":true,"valueName":"search_term_string"}}],"inLanguage":"fr-FR"},{"@type":"Organization","@id":"https:\/\/globalprix.com\/#organization","name":"Global Managing","alternateName":"Globalprix","url":"https:\/\/globalprix.com\/","logo":{"@type":"ImageObject","inLanguage":"fr-FR","@id":"https:\/\/globalprix.com\/#\/schema\/logo\/image\/","url":"https:\/\/globalprix.com\/wp-content\/uploads\/2023\/03\/logo-globalprix.jpg","contentUrl":"https:\/\/globalprix.com\/wp-content\/uploads\/2023\/03\/logo-globalprix.jpg","width":595,"height":202,"caption":"Global Managing"},"image":{"@id":"https:\/\/globalprix.com\/#\/schema\/logo\/image\/"}}]}},"_links":{"self":[{"href":"https:\/\/globalprix.com\/fr\/wp-json\/wp\/v2\/product\/24171","targetHints":{"allow":["GET"]}}],"collection":[{"href":"https:\/\/globalprix.com\/fr\/wp-json\/wp\/v2\/product"}],"about":[{"href":"https:\/\/globalprix.com\/fr\/wp-json\/wp\/v2\/types\/product"}],"replies":[{"embeddable":true,"href":"https:\/\/globalprix.com\/fr\/wp-json\/wp\/v2\/comments?post=24171"}],"version-history":[{"count":0,"href":"https:\/\/globalprix.com\/fr\/wp-json\/wp\/v2\/product\/24171\/revisions"}],"wp:featuredmedia":[{"embeddable":true,"href":"https:\/\/globalprix.com\/fr\/wp-json\/wp\/v2\/media\/7645"}],"wp:attachment":[{"href":"https:\/\/globalprix.com\/fr\/wp-json\/wp\/v2\/media?parent=24171"}],"wp:term":[{"taxonomy":"product_brand","embeddable":true,"href":"https:\/\/globalprix.com\/fr\/wp-json\/wp\/v2\/product_brand?post=24171"},{"taxonomy":"product_cat","embeddable":true,"href":"https:\/\/globalprix.com\/fr\/wp-json\/wp\/v2\/product_cat?post=24171"},{"taxonomy":"product_tag","embeddable":true,"href":"https:\/\/globalprix.com\/fr\/wp-json\/wp\/v2\/product_tag?post=24171"}],"curies":[{"name":"wp","href":"https:\/\/api.w.org\/{rel}","templated":true}]}}