{"id":24375,"date":"2022-08-24T09:33:28","date_gmt":"2022-08-24T07:33:28","guid":{"rendered":"https:\/\/globalprix.com\/producto\/couleurs-dimpression-laques-colorees-pour-vetements-fonces\/"},"modified":"2024-02-27T09:20:50","modified_gmt":"2024-02-27T08:20:50","slug":"couleurs-impressionplastes-colorees-pour-vetements-fonces1-kg-5-kg-15-kg","status":"publish","type":"product","link":"https:\/\/globalprix.com\/fr\/produit\/couleurs-impressionplastes-colorees-pour-vetements-fonces1-kg-5-kg-15-kg\/","title":{"rendered":"COULEURS D\u2019IMPRESSION<br>Laques color\u00e9es pour v\u00eatements fonc\u00e9s<br>R\u00e9cipients de 1 Kg \/ 5 Kg \/ 15 Kg"},"content":{"rendered":"","protected":false},"excerpt":{"rendered":"<p>Laques neutres de haute brillance et \u00e9lasticit\u00e9 adapt\u00e9es \u00e0 l\u2019impression de genre polyamide, tr\u00e8s bonnes performances de couleur lorsqu\u2019elles sont pigment\u00e9es. R\u00e9ticuleable \u00e0 basse temp\u00e9rature.<\/p>\n","protected":false},"featured_media":7341,"comment_status":"open","ping_status":"closed","template":"","meta":[],"product_brand":[],"product_cat":[428,166,161,2792,1125,2683],"product_tag":[],"class_list":{"0":"post-24375","1":"product","2":"type-product","3":"status-publish","4":"has-post-thumbnail","6":"product_cat-fondos-oscuros-fr","7":"product_cat-base-agua-fr","8":"product_cat-encres-pour-impression-textile","9":"product_cat-kit-de-demarrage-deau","10":"product_cat-lacas-coloreadas-fr","11":"product_cat-serigraphie","13":"first","14":"instock","15":"taxable","16":"shipping-taxable","17":"purchasable","18":"product-type-variable"},"yoast_head":"<!-- This site is optimized with the Yoast SEO plugin v27.3 - https:\/\/yoast.com\/product\/yoast-seo-wordpress\/ -->\n<title>COULEURS D\u2019IMPRESSIONLaques color\u00e9es pour v\u00eatements fonc\u00e9sR\u00e9cipients de 1 Kg \/ 5 Kg \/ 15 Kg | Globalprix.com<\/title>\n<meta name=\"robots\" content=\"index, follow, max-snippet:-1, max-image-preview:large, max-video-preview:-1\" \/>\n<link rel=\"canonical\" href=\"https:\/\/globalprix.com\/fr\/produit\/couleurs-impressionplastes-colorees-pour-vetements-fonces1-kg-5-kg-15-kg\/\" \/>\n<meta property=\"og:locale\" content=\"fr_FR\" \/>\n<meta property=\"og:type\" content=\"article\" \/>\n<meta property=\"og:title\" content=\"COULEURS D\u2019IMPRESSIONLaques color\u00e9es pour v\u00eatements fonc\u00e9sR\u00e9cipients de 1 Kg \/ 5 Kg \/ 15 Kg | Globalprix.com\" \/>\n<meta property=\"og:description\" content=\"Laques neutres de haute brillance et \u00e9lasticit\u00e9 adapt\u00e9es \u00e0 l\u2019impression de genre polyamide, tr\u00e8s bonnes performances de couleur lorsqu\u2019elles sont pigment\u00e9es. R\u00e9ticuleable \u00e0 basse temp\u00e9rature.\" \/>\n<meta property=\"og:url\" content=\"https:\/\/globalprix.com\/fr\/produit\/couleurs-impressionplastes-colorees-pour-vetements-fonces1-kg-5-kg-15-kg\/\" \/>\n<meta property=\"og:site_name\" content=\"Globalprix.com\" \/>\n<meta property=\"article:modified_time\" content=\"2024-02-27T08:20:50+00:00\" \/>\n<meta property=\"og:image\" content=\"https:\/\/globalprix.com\/wp-content\/uploads\/2021\/07\/PRINTIPRET-FONDOS-CLAROS.jpg\" \/>\n\t<meta property=\"og:image:width\" content=\"2047\" \/>\n\t<meta property=\"og:image:height\" content=\"2047\" \/>\n\t<meta property=\"og:image:type\" content=\"image\/jpeg\" \/>\n<meta name=\"twitter:card\" content=\"summary_large_image\" \/>\n<script type=\"application\/ld+json\" class=\"yoast-schema-graph\">{\"@context\":\"https:\\\/\\\/schema.org\",\"@graph\":[{\"@type\":\"WebPage\",\"@id\":\"https:\\\/\\\/globalprix.com\\\/fr\\\/produit\\\/couleurs-impressionplastes-colorees-pour-vetements-fonces1-kg-5-kg-15-kg\\\/\",\"url\":\"https:\\\/\\\/globalprix.com\\\/fr\\\/produit\\\/couleurs-impressionplastes-colorees-pour-vetements-fonces1-kg-5-kg-15-kg\\\/\",\"name\":\"COULEURS D\u2019IMPRESSION Laques color\u00e9es pour v\u00eatements fonc\u00e9s R\u00e9cipients de 1 Kg \\\/ 5 Kg \\\/ 15 Kg | Globalprix.com\",\"isPartOf\":{\"@id\":\"https:\\\/\\\/globalprix.com\\\/#website\"},\"primaryImageOfPage\":{\"@id\":\"https:\\\/\\\/globalprix.com\\\/fr\\\/produit\\\/couleurs-impressionplastes-colorees-pour-vetements-fonces1-kg-5-kg-15-kg\\\/#primaryimage\"},\"image\":{\"@id\":\"https:\\\/\\\/globalprix.com\\\/fr\\\/produit\\\/couleurs-impressionplastes-colorees-pour-vetements-fonces1-kg-5-kg-15-kg\\\/#primaryimage\"},\"thumbnailUrl\":\"https:\\\/\\\/globalprix.com\\\/wp-content\\\/uploads\\\/2021\\\/07\\\/PRINTIPRET-FONDOS-CLAROS.jpg\",\"datePublished\":\"2022-08-24T07:33:28+00:00\",\"dateModified\":\"2024-02-27T08:20:50+00:00\",\"breadcrumb\":{\"@id\":\"https:\\\/\\\/globalprix.com\\\/fr\\\/produit\\\/couleurs-impressionplastes-colorees-pour-vetements-fonces1-kg-5-kg-15-kg\\\/#breadcrumb\"},\"inLanguage\":\"fr-FR\",\"potentialAction\":[{\"@type\":\"ReadAction\",\"target\":[\"https:\\\/\\\/globalprix.com\\\/fr\\\/produit\\\/couleurs-impressionplastes-colorees-pour-vetements-fonces1-kg-5-kg-15-kg\\\/\"]}]},{\"@type\":\"ImageObject\",\"inLanguage\":\"fr-FR\",\"@id\":\"https:\\\/\\\/globalprix.com\\\/fr\\\/produit\\\/couleurs-impressionplastes-colorees-pour-vetements-fonces1-kg-5-kg-15-kg\\\/#primaryimage\",\"url\":\"https:\\\/\\\/globalprix.com\\\/wp-content\\\/uploads\\\/2021\\\/07\\\/PRINTIPRET-FONDOS-CLAROS.jpg\",\"contentUrl\":\"https:\\\/\\\/globalprix.com\\\/wp-content\\\/uploads\\\/2021\\\/07\\\/PRINTIPRET-FONDOS-CLAROS.jpg\",\"width\":2047,\"height\":2047,\"caption\":\"PRINTIPRET-FONDOS-CLAROS\"},{\"@type\":\"BreadcrumbList\",\"@id\":\"https:\\\/\\\/globalprix.com\\\/fr\\\/produit\\\/couleurs-impressionplastes-colorees-pour-vetements-fonces1-kg-5-kg-15-kg\\\/#breadcrumb\",\"itemListElement\":[{\"@type\":\"ListItem\",\"position\":1,\"name\":\"Portada\",\"item\":\"https:\\\/\\\/globalprix.com\\\/en\\\/\"},{\"@type\":\"ListItem\",\"position\":2,\"name\":\"Boutique\",\"item\":\"https:\\\/\\\/globalprix.com\\\/fr\\\/boutique\\\/\"},{\"@type\":\"ListItem\",\"position\":3,\"name\":\"COULEURS D\u2019IMPRESSIONLaques color\u00e9es pour v\u00eatements fonc\u00e9sR\u00e9cipients de 1 Kg \\\/ 5 Kg \\\/ 15 Kg\"}]},{\"@type\":\"WebSite\",\"@id\":\"https:\\\/\\\/globalprix.com\\\/#website\",\"url\":\"https:\\\/\\\/globalprix.com\\\/\",\"name\":\"Globalprix\",\"description\":\"Tienda online para Serigraf\u00eda\",\"publisher\":{\"@id\":\"https:\\\/\\\/globalprix.com\\\/#organization\"},\"alternateName\":\"Tienda online de serigraf\u00eda\",\"potentialAction\":[{\"@type\":\"SearchAction\",\"target\":{\"@type\":\"EntryPoint\",\"urlTemplate\":\"https:\\\/\\\/globalprix.com\\\/?s={search_term_string}\"},\"query-input\":{\"@type\":\"PropertyValueSpecification\",\"valueRequired\":true,\"valueName\":\"search_term_string\"}}],\"inLanguage\":\"fr-FR\"},{\"@type\":\"Organization\",\"@id\":\"https:\\\/\\\/globalprix.com\\\/#organization\",\"name\":\"Global Managing\",\"alternateName\":\"Globalprix\",\"url\":\"https:\\\/\\\/globalprix.com\\\/\",\"logo\":{\"@type\":\"ImageObject\",\"inLanguage\":\"fr-FR\",\"@id\":\"https:\\\/\\\/globalprix.com\\\/#\\\/schema\\\/logo\\\/image\\\/\",\"url\":\"https:\\\/\\\/globalprix.com\\\/wp-content\\\/uploads\\\/2023\\\/03\\\/logo-globalprix.jpg\",\"contentUrl\":\"https:\\\/\\\/globalprix.com\\\/wp-content\\\/uploads\\\/2023\\\/03\\\/logo-globalprix.jpg\",\"width\":595,\"height\":202,\"caption\":\"Global Managing\"},\"image\":{\"@id\":\"https:\\\/\\\/globalprix.com\\\/#\\\/schema\\\/logo\\\/image\\\/\"}}]}<\/script>\n<!-- \/ Yoast SEO plugin. -->","yoast_head_json":{"title":"COULEURS D\u2019IMPRESSIONLaques color\u00e9es pour v\u00eatements fonc\u00e9sR\u00e9cipients de 1 Kg \/ 5 Kg \/ 15 Kg | Globalprix.com","robots":{"index":"index","follow":"follow","max-snippet":"max-snippet:-1","max-image-preview":"max-image-preview:large","max-video-preview":"max-video-preview:-1"},"canonical":"https:\/\/globalprix.com\/fr\/produit\/couleurs-impressionplastes-colorees-pour-vetements-fonces1-kg-5-kg-15-kg\/","og_locale":"fr_FR","og_type":"article","og_title":"COULEURS D\u2019IMPRESSIONLaques color\u00e9es pour v\u00eatements fonc\u00e9sR\u00e9cipients de 1 Kg \/ 5 Kg \/ 15 Kg | Globalprix.com","og_description":"Laques neutres de haute brillance et \u00e9lasticit\u00e9 adapt\u00e9es \u00e0 l\u2019impression de genre polyamide, tr\u00e8s bonnes performances de couleur lorsqu\u2019elles sont pigment\u00e9es. R\u00e9ticuleable \u00e0 basse temp\u00e9rature.","og_url":"https:\/\/globalprix.com\/fr\/produit\/couleurs-impressionplastes-colorees-pour-vetements-fonces1-kg-5-kg-15-kg\/","og_site_name":"Globalprix.com","article_modified_time":"2024-02-27T08:20:50+00:00","og_image":[{"width":2047,"height":2047,"url":"https:\/\/globalprix.com\/wp-content\/uploads\/2021\/07\/PRINTIPRET-FONDOS-CLAROS.jpg","type":"image\/jpeg"}],"twitter_card":"summary_large_image","schema":{"@context":"https:\/\/schema.org","@graph":[{"@type":"WebPage","@id":"https:\/\/globalprix.com\/fr\/produit\/couleurs-impressionplastes-colorees-pour-vetements-fonces1-kg-5-kg-15-kg\/","url":"https:\/\/globalprix.com\/fr\/produit\/couleurs-impressionplastes-colorees-pour-vetements-fonces1-kg-5-kg-15-kg\/","name":"COULEURS D\u2019IMPRESSION Laques color\u00e9es pour v\u00eatements fonc\u00e9s R\u00e9cipients de 1 Kg \/ 5 Kg \/ 15 Kg | Globalprix.com","isPartOf":{"@id":"https:\/\/globalprix.com\/#website"},"primaryImageOfPage":{"@id":"https:\/\/globalprix.com\/fr\/produit\/couleurs-impressionplastes-colorees-pour-vetements-fonces1-kg-5-kg-15-kg\/#primaryimage"},"image":{"@id":"https:\/\/globalprix.com\/fr\/produit\/couleurs-impressionplastes-colorees-pour-vetements-fonces1-kg-5-kg-15-kg\/#primaryimage"},"thumbnailUrl":"https:\/\/globalprix.com\/wp-content\/uploads\/2021\/07\/PRINTIPRET-FONDOS-CLAROS.jpg","datePublished":"2022-08-24T07:33:28+00:00","dateModified":"2024-02-27T08:20:50+00:00","breadcrumb":{"@id":"https:\/\/globalprix.com\/fr\/produit\/couleurs-impressionplastes-colorees-pour-vetements-fonces1-kg-5-kg-15-kg\/#breadcrumb"},"inLanguage":"fr-FR","potentialAction":[{"@type":"ReadAction","target":["https:\/\/globalprix.com\/fr\/produit\/couleurs-impressionplastes-colorees-pour-vetements-fonces1-kg-5-kg-15-kg\/"]}]},{"@type":"ImageObject","inLanguage":"fr-FR","@id":"https:\/\/globalprix.com\/fr\/produit\/couleurs-impressionplastes-colorees-pour-vetements-fonces1-kg-5-kg-15-kg\/#primaryimage","url":"https:\/\/globalprix.com\/wp-content\/uploads\/2021\/07\/PRINTIPRET-FONDOS-CLAROS.jpg","contentUrl":"https:\/\/globalprix.com\/wp-content\/uploads\/2021\/07\/PRINTIPRET-FONDOS-CLAROS.jpg","width":2047,"height":2047,"caption":"PRINTIPRET-FONDOS-CLAROS"},{"@type":"BreadcrumbList","@id":"https:\/\/globalprix.com\/fr\/produit\/couleurs-impressionplastes-colorees-pour-vetements-fonces1-kg-5-kg-15-kg\/#breadcrumb","itemListElement":[{"@type":"ListItem","position":1,"name":"Portada","item":"https:\/\/globalprix.com\/en\/"},{"@type":"ListItem","position":2,"name":"Boutique","item":"https:\/\/globalprix.com\/fr\/boutique\/"},{"@type":"ListItem","position":3,"name":"COULEURS D\u2019IMPRESSIONLaques color\u00e9es pour v\u00eatements fonc\u00e9sR\u00e9cipients de 1 Kg \/ 5 Kg \/ 15 Kg"}]},{"@type":"WebSite","@id":"https:\/\/globalprix.com\/#website","url":"https:\/\/globalprix.com\/","name":"Globalprix","description":"Tienda online para Serigraf\u00eda","publisher":{"@id":"https:\/\/globalprix.com\/#organization"},"alternateName":"Tienda online de serigraf\u00eda","potentialAction":[{"@type":"SearchAction","target":{"@type":"EntryPoint","urlTemplate":"https:\/\/globalprix.com\/?s={search_term_string}"},"query-input":{"@type":"PropertyValueSpecification","valueRequired":true,"valueName":"search_term_string"}}],"inLanguage":"fr-FR"},{"@type":"Organization","@id":"https:\/\/globalprix.com\/#organization","name":"Global Managing","alternateName":"Globalprix","url":"https:\/\/globalprix.com\/","logo":{"@type":"ImageObject","inLanguage":"fr-FR","@id":"https:\/\/globalprix.com\/#\/schema\/logo\/image\/","url":"https:\/\/globalprix.com\/wp-content\/uploads\/2023\/03\/logo-globalprix.jpg","contentUrl":"https:\/\/globalprix.com\/wp-content\/uploads\/2023\/03\/logo-globalprix.jpg","width":595,"height":202,"caption":"Global Managing"},"image":{"@id":"https:\/\/globalprix.com\/#\/schema\/logo\/image\/"}}]}},"_links":{"self":[{"href":"https:\/\/globalprix.com\/fr\/wp-json\/wp\/v2\/product\/24375","targetHints":{"allow":["GET"]}}],"collection":[{"href":"https:\/\/globalprix.com\/fr\/wp-json\/wp\/v2\/product"}],"about":[{"href":"https:\/\/globalprix.com\/fr\/wp-json\/wp\/v2\/types\/product"}],"replies":[{"embeddable":true,"href":"https:\/\/globalprix.com\/fr\/wp-json\/wp\/v2\/comments?post=24375"}],"version-history":[{"count":0,"href":"https:\/\/globalprix.com\/fr\/wp-json\/wp\/v2\/product\/24375\/revisions"}],"wp:featuredmedia":[{"embeddable":true,"href":"https:\/\/globalprix.com\/fr\/wp-json\/wp\/v2\/media\/7341"}],"wp:attachment":[{"href":"https:\/\/globalprix.com\/fr\/wp-json\/wp\/v2\/media?parent=24375"}],"wp:term":[{"taxonomy":"product_brand","embeddable":true,"href":"https:\/\/globalprix.com\/fr\/wp-json\/wp\/v2\/product_brand?post=24375"},{"taxonomy":"product_cat","embeddable":true,"href":"https:\/\/globalprix.com\/fr\/wp-json\/wp\/v2\/product_cat?post=24375"},{"taxonomy":"product_tag","embeddable":true,"href":"https:\/\/globalprix.com\/fr\/wp-json\/wp\/v2\/product_tag?post=24375"}],"curies":[{"name":"wp","href":"https:\/\/api.w.org\/{rel}","templated":true}]}}