{"id":24436,"date":"2022-08-24T08:30:07","date_gmt":"2022-08-24T06:30:07","guid":{"rendered":"https:\/\/globalprix.com\/producto\/impression-transparente-laque-transparente-pour-lestampage\/"},"modified":"2024-02-28T12:26:38","modified_gmt":"2024-02-28T11:26:38","slug":"printplast-transparentlacque-transparent-pour-estampage1-kg-5-kg-15-kg","status":"publish","type":"product","link":"https:\/\/globalprix.com\/fr\/produit\/printplast-transparentlacque-transparent-pour-estampage1-kg-5-kg-15-kg\/","title":{"rendered":"IMPRESSION TRANSPARENTE<br>Laque transparente pour l\u2019estampage<br>R\u00e9cipients de 1 Kg \/ 5 Kg \/ 15 Kg"},"content":{"rendered":"<p>S\u2019il n\u2019y a pas de stock de l\u2019article dans l\u2019une de ses variantes, contactez-nous pour d\u00e9finir un d\u00e9lai de livraison en info@globalprix.com<\/p>\n","protected":false},"excerpt":{"rendered":"<p>Vernis \u00e0 base d\u2019eau pour l\u2019impression textile manuelle et automatique qui conf\u00e8re des effets Plastisol. Haut degr\u00e9 de brillance et bonne \u00e9lasticit\u00e9. R\u00e9ticulation \u00e0 temp\u00e9rature ambiante. Id\u00e9al pour l\u2019impression de tricots et de tissus extensibles.<\/p>\n","protected":false},"featured_media":7310,"comment_status":"open","ping_status":"closed","template":"","meta":[],"product_brand":[],"product_cat":[1120,428,166,161,2683],"product_tag":[],"class_list":{"0":"post-24436","1":"product","2":"type-product","3":"status-publish","4":"has-post-thumbnail","6":"product_cat-fondos-claros-fr","7":"product_cat-fondos-oscuros-fr","8":"product_cat-base-agua-fr","9":"product_cat-encres-pour-impression-textile","10":"product_cat-serigraphie","12":"first","13":"instock","14":"taxable","15":"shipping-taxable","16":"purchasable","17":"product-type-variable"},"yoast_head":"<!-- This site is optimized with the Yoast SEO plugin v27.3 - https:\/\/yoast.com\/product\/yoast-seo-wordpress\/ -->\n<title>IMPRESSION TRANSPARENTELaque transparente pour l\u2019estampageR\u00e9cipients de 1 Kg \/ 5 Kg \/ 15 Kg | Globalprix.com<\/title>\n<meta name=\"robots\" content=\"index, follow, max-snippet:-1, max-image-preview:large, max-video-preview:-1\" \/>\n<link rel=\"canonical\" href=\"https:\/\/globalprix.com\/fr\/produit\/printplast-transparentlacque-transparent-pour-estampage1-kg-5-kg-15-kg\/\" \/>\n<meta property=\"og:locale\" content=\"fr_FR\" \/>\n<meta property=\"og:type\" content=\"article\" \/>\n<meta property=\"og:title\" content=\"IMPRESSION TRANSPARENTELaque transparente pour l\u2019estampageR\u00e9cipients de 1 Kg \/ 5 Kg \/ 15 Kg | Globalprix.com\" \/>\n<meta property=\"og:description\" content=\"Vernis \u00e0 base d\u2019eau pour l\u2019impression textile manuelle et automatique qui conf\u00e8re des effets Plastisol. Haut degr\u00e9 de brillance et bonne \u00e9lasticit\u00e9. R\u00e9ticulation \u00e0 temp\u00e9rature ambiante. Id\u00e9al pour l\u2019impression de tricots et de tissus extensibles.\" \/>\n<meta property=\"og:url\" content=\"https:\/\/globalprix.com\/fr\/produit\/printplast-transparentlacque-transparent-pour-estampage1-kg-5-kg-15-kg\/\" \/>\n<meta property=\"og:site_name\" content=\"Globalprix.com\" \/>\n<meta property=\"article:modified_time\" content=\"2024-02-28T11:26:38+00:00\" \/>\n<meta property=\"og:image\" content=\"https:\/\/globalprix.com\/wp-content\/uploads\/2021\/03\/PRINTPLAST-15KG-TRANSPARENTE.jpg\" \/>\n\t<meta property=\"og:image:width\" content=\"2047\" \/>\n\t<meta property=\"og:image:height\" content=\"2047\" \/>\n\t<meta property=\"og:image:type\" content=\"image\/jpeg\" \/>\n<meta name=\"twitter:card\" content=\"summary_large_image\" \/>\n<script type=\"application\/ld+json\" class=\"yoast-schema-graph\">{\"@context\":\"https:\\\/\\\/schema.org\",\"@graph\":[{\"@type\":\"WebPage\",\"@id\":\"https:\\\/\\\/globalprix.com\\\/fr\\\/produit\\\/printplast-transparentlacque-transparent-pour-estampage1-kg-5-kg-15-kg\\\/\",\"url\":\"https:\\\/\\\/globalprix.com\\\/fr\\\/produit\\\/printplast-transparentlacque-transparent-pour-estampage1-kg-5-kg-15-kg\\\/\",\"name\":\"IMPRESSION TRANSPARENTE Laque transparente pour l\u2019estampage R\u00e9cipients de 1 Kg \\\/ 5 Kg \\\/ 15 Kg | Globalprix.com\",\"isPartOf\":{\"@id\":\"https:\\\/\\\/globalprix.com\\\/#website\"},\"primaryImageOfPage\":{\"@id\":\"https:\\\/\\\/globalprix.com\\\/fr\\\/produit\\\/printplast-transparentlacque-transparent-pour-estampage1-kg-5-kg-15-kg\\\/#primaryimage\"},\"image\":{\"@id\":\"https:\\\/\\\/globalprix.com\\\/fr\\\/produit\\\/printplast-transparentlacque-transparent-pour-estampage1-kg-5-kg-15-kg\\\/#primaryimage\"},\"thumbnailUrl\":\"https:\\\/\\\/globalprix.com\\\/wp-content\\\/uploads\\\/2021\\\/03\\\/PRINTPLAST-15KG-TRANSPARENTE.jpg\",\"datePublished\":\"2022-08-24T06:30:07+00:00\",\"dateModified\":\"2024-02-28T11:26:38+00:00\",\"breadcrumb\":{\"@id\":\"https:\\\/\\\/globalprix.com\\\/fr\\\/produit\\\/printplast-transparentlacque-transparent-pour-estampage1-kg-5-kg-15-kg\\\/#breadcrumb\"},\"inLanguage\":\"fr-FR\",\"potentialAction\":[{\"@type\":\"ReadAction\",\"target\":[\"https:\\\/\\\/globalprix.com\\\/fr\\\/produit\\\/printplast-transparentlacque-transparent-pour-estampage1-kg-5-kg-15-kg\\\/\"]}]},{\"@type\":\"ImageObject\",\"inLanguage\":\"fr-FR\",\"@id\":\"https:\\\/\\\/globalprix.com\\\/fr\\\/produit\\\/printplast-transparentlacque-transparent-pour-estampage1-kg-5-kg-15-kg\\\/#primaryimage\",\"url\":\"https:\\\/\\\/globalprix.com\\\/wp-content\\\/uploads\\\/2021\\\/03\\\/PRINTPLAST-15KG-TRANSPARENTE.jpg\",\"contentUrl\":\"https:\\\/\\\/globalprix.com\\\/wp-content\\\/uploads\\\/2021\\\/03\\\/PRINTPLAST-15KG-TRANSPARENTE.jpg\",\"width\":2047,\"height\":2047,\"caption\":\"PRINTPLAST-15KG-TRANSPARENTE\"},{\"@type\":\"BreadcrumbList\",\"@id\":\"https:\\\/\\\/globalprix.com\\\/fr\\\/produit\\\/printplast-transparentlacque-transparent-pour-estampage1-kg-5-kg-15-kg\\\/#breadcrumb\",\"itemListElement\":[{\"@type\":\"ListItem\",\"position\":1,\"name\":\"Portada\",\"item\":\"https:\\\/\\\/globalprix.com\\\/en\\\/\"},{\"@type\":\"ListItem\",\"position\":2,\"name\":\"Boutique\",\"item\":\"https:\\\/\\\/globalprix.com\\\/fr\\\/boutique\\\/\"},{\"@type\":\"ListItem\",\"position\":3,\"name\":\"IMPRESSION TRANSPARENTELaque transparente pour l\u2019estampageR\u00e9cipients de 1 Kg \\\/ 5 Kg \\\/ 15 Kg\"}]},{\"@type\":\"WebSite\",\"@id\":\"https:\\\/\\\/globalprix.com\\\/#website\",\"url\":\"https:\\\/\\\/globalprix.com\\\/\",\"name\":\"Globalprix\",\"description\":\"Tienda online para Serigraf\u00eda\",\"publisher\":{\"@id\":\"https:\\\/\\\/globalprix.com\\\/#organization\"},\"alternateName\":\"Tienda online de serigraf\u00eda\",\"potentialAction\":[{\"@type\":\"SearchAction\",\"target\":{\"@type\":\"EntryPoint\",\"urlTemplate\":\"https:\\\/\\\/globalprix.com\\\/?s={search_term_string}\"},\"query-input\":{\"@type\":\"PropertyValueSpecification\",\"valueRequired\":true,\"valueName\":\"search_term_string\"}}],\"inLanguage\":\"fr-FR\"},{\"@type\":\"Organization\",\"@id\":\"https:\\\/\\\/globalprix.com\\\/#organization\",\"name\":\"Global Managing\",\"alternateName\":\"Globalprix\",\"url\":\"https:\\\/\\\/globalprix.com\\\/\",\"logo\":{\"@type\":\"ImageObject\",\"inLanguage\":\"fr-FR\",\"@id\":\"https:\\\/\\\/globalprix.com\\\/#\\\/schema\\\/logo\\\/image\\\/\",\"url\":\"https:\\\/\\\/globalprix.com\\\/wp-content\\\/uploads\\\/2023\\\/03\\\/logo-globalprix.jpg\",\"contentUrl\":\"https:\\\/\\\/globalprix.com\\\/wp-content\\\/uploads\\\/2023\\\/03\\\/logo-globalprix.jpg\",\"width\":595,\"height\":202,\"caption\":\"Global Managing\"},\"image\":{\"@id\":\"https:\\\/\\\/globalprix.com\\\/#\\\/schema\\\/logo\\\/image\\\/\"}}]}<\/script>\n<!-- \/ Yoast SEO plugin. -->","yoast_head_json":{"title":"IMPRESSION TRANSPARENTELaque transparente pour l\u2019estampageR\u00e9cipients de 1 Kg \/ 5 Kg \/ 15 Kg | Globalprix.com","robots":{"index":"index","follow":"follow","max-snippet":"max-snippet:-1","max-image-preview":"max-image-preview:large","max-video-preview":"max-video-preview:-1"},"canonical":"https:\/\/globalprix.com\/fr\/produit\/printplast-transparentlacque-transparent-pour-estampage1-kg-5-kg-15-kg\/","og_locale":"fr_FR","og_type":"article","og_title":"IMPRESSION TRANSPARENTELaque transparente pour l\u2019estampageR\u00e9cipients de 1 Kg \/ 5 Kg \/ 15 Kg | Globalprix.com","og_description":"Vernis \u00e0 base d\u2019eau pour l\u2019impression textile manuelle et automatique qui conf\u00e8re des effets Plastisol. Haut degr\u00e9 de brillance et bonne \u00e9lasticit\u00e9. R\u00e9ticulation \u00e0 temp\u00e9rature ambiante. Id\u00e9al pour l\u2019impression de tricots et de tissus extensibles.","og_url":"https:\/\/globalprix.com\/fr\/produit\/printplast-transparentlacque-transparent-pour-estampage1-kg-5-kg-15-kg\/","og_site_name":"Globalprix.com","article_modified_time":"2024-02-28T11:26:38+00:00","og_image":[{"width":2047,"height":2047,"url":"https:\/\/globalprix.com\/wp-content\/uploads\/2021\/03\/PRINTPLAST-15KG-TRANSPARENTE.jpg","type":"image\/jpeg"}],"twitter_card":"summary_large_image","schema":{"@context":"https:\/\/schema.org","@graph":[{"@type":"WebPage","@id":"https:\/\/globalprix.com\/fr\/produit\/printplast-transparentlacque-transparent-pour-estampage1-kg-5-kg-15-kg\/","url":"https:\/\/globalprix.com\/fr\/produit\/printplast-transparentlacque-transparent-pour-estampage1-kg-5-kg-15-kg\/","name":"IMPRESSION TRANSPARENTE Laque transparente pour l\u2019estampage R\u00e9cipients de 1 Kg \/ 5 Kg \/ 15 Kg | Globalprix.com","isPartOf":{"@id":"https:\/\/globalprix.com\/#website"},"primaryImageOfPage":{"@id":"https:\/\/globalprix.com\/fr\/produit\/printplast-transparentlacque-transparent-pour-estampage1-kg-5-kg-15-kg\/#primaryimage"},"image":{"@id":"https:\/\/globalprix.com\/fr\/produit\/printplast-transparentlacque-transparent-pour-estampage1-kg-5-kg-15-kg\/#primaryimage"},"thumbnailUrl":"https:\/\/globalprix.com\/wp-content\/uploads\/2021\/03\/PRINTPLAST-15KG-TRANSPARENTE.jpg","datePublished":"2022-08-24T06:30:07+00:00","dateModified":"2024-02-28T11:26:38+00:00","breadcrumb":{"@id":"https:\/\/globalprix.com\/fr\/produit\/printplast-transparentlacque-transparent-pour-estampage1-kg-5-kg-15-kg\/#breadcrumb"},"inLanguage":"fr-FR","potentialAction":[{"@type":"ReadAction","target":["https:\/\/globalprix.com\/fr\/produit\/printplast-transparentlacque-transparent-pour-estampage1-kg-5-kg-15-kg\/"]}]},{"@type":"ImageObject","inLanguage":"fr-FR","@id":"https:\/\/globalprix.com\/fr\/produit\/printplast-transparentlacque-transparent-pour-estampage1-kg-5-kg-15-kg\/#primaryimage","url":"https:\/\/globalprix.com\/wp-content\/uploads\/2021\/03\/PRINTPLAST-15KG-TRANSPARENTE.jpg","contentUrl":"https:\/\/globalprix.com\/wp-content\/uploads\/2021\/03\/PRINTPLAST-15KG-TRANSPARENTE.jpg","width":2047,"height":2047,"caption":"PRINTPLAST-15KG-TRANSPARENTE"},{"@type":"BreadcrumbList","@id":"https:\/\/globalprix.com\/fr\/produit\/printplast-transparentlacque-transparent-pour-estampage1-kg-5-kg-15-kg\/#breadcrumb","itemListElement":[{"@type":"ListItem","position":1,"name":"Portada","item":"https:\/\/globalprix.com\/en\/"},{"@type":"ListItem","position":2,"name":"Boutique","item":"https:\/\/globalprix.com\/fr\/boutique\/"},{"@type":"ListItem","position":3,"name":"IMPRESSION TRANSPARENTELaque transparente pour l\u2019estampageR\u00e9cipients de 1 Kg \/ 5 Kg \/ 15 Kg"}]},{"@type":"WebSite","@id":"https:\/\/globalprix.com\/#website","url":"https:\/\/globalprix.com\/","name":"Globalprix","description":"Tienda online para Serigraf\u00eda","publisher":{"@id":"https:\/\/globalprix.com\/#organization"},"alternateName":"Tienda online de serigraf\u00eda","potentialAction":[{"@type":"SearchAction","target":{"@type":"EntryPoint","urlTemplate":"https:\/\/globalprix.com\/?s={search_term_string}"},"query-input":{"@type":"PropertyValueSpecification","valueRequired":true,"valueName":"search_term_string"}}],"inLanguage":"fr-FR"},{"@type":"Organization","@id":"https:\/\/globalprix.com\/#organization","name":"Global Managing","alternateName":"Globalprix","url":"https:\/\/globalprix.com\/","logo":{"@type":"ImageObject","inLanguage":"fr-FR","@id":"https:\/\/globalprix.com\/#\/schema\/logo\/image\/","url":"https:\/\/globalprix.com\/wp-content\/uploads\/2023\/03\/logo-globalprix.jpg","contentUrl":"https:\/\/globalprix.com\/wp-content\/uploads\/2023\/03\/logo-globalprix.jpg","width":595,"height":202,"caption":"Global Managing"},"image":{"@id":"https:\/\/globalprix.com\/#\/schema\/logo\/image\/"}}]}},"_links":{"self":[{"href":"https:\/\/globalprix.com\/fr\/wp-json\/wp\/v2\/product\/24436","targetHints":{"allow":["GET"]}}],"collection":[{"href":"https:\/\/globalprix.com\/fr\/wp-json\/wp\/v2\/product"}],"about":[{"href":"https:\/\/globalprix.com\/fr\/wp-json\/wp\/v2\/types\/product"}],"replies":[{"embeddable":true,"href":"https:\/\/globalprix.com\/fr\/wp-json\/wp\/v2\/comments?post=24436"}],"version-history":[{"count":0,"href":"https:\/\/globalprix.com\/fr\/wp-json\/wp\/v2\/product\/24436\/revisions"}],"wp:featuredmedia":[{"embeddable":true,"href":"https:\/\/globalprix.com\/fr\/wp-json\/wp\/v2\/media\/7310"}],"wp:attachment":[{"href":"https:\/\/globalprix.com\/fr\/wp-json\/wp\/v2\/media?parent=24436"}],"wp:term":[{"taxonomy":"product_brand","embeddable":true,"href":"https:\/\/globalprix.com\/fr\/wp-json\/wp\/v2\/product_brand?post=24436"},{"taxonomy":"product_cat","embeddable":true,"href":"https:\/\/globalprix.com\/fr\/wp-json\/wp\/v2\/product_cat?post=24436"},{"taxonomy":"product_tag","embeddable":true,"href":"https:\/\/globalprix.com\/fr\/wp-json\/wp\/v2\/product_tag?post=24436"}],"curies":[{"name":"wp","href":"https:\/\/api.w.org\/{rel}","templated":true}]}}