{"id":24995,"date":"2023-07-28T17:33:23","date_gmt":"2023-07-28T15:33:23","guid":{"rendered":"https:\/\/globalprix.com\/producto\/rafraichisseur-de-tete-vt-22-sv-lef-200ref-6000004757\/"},"modified":"2023-10-11T15:41:44","modified_gmt":"2023-10-11T13:41:44","slug":"head-refresher-vt-22-sv-lef-200ref-6000004757","status":"publish","type":"product","link":"https:\/\/globalprix.com\/fr\/produit\/head-refresher-vt-22-sv-lef-200ref-6000004757\/","title":{"rendered":"RAFRA\u00ceCHISSEUR DE T\u00caTE &amp; VT-22 SV LEF-200<br>(R\u00e9f. 6000004757)"},"content":{"rendered":"<p>S\u2019il n\u2019y a pas de stock de l\u2019article, contactez-nous pour d\u00e9finir un d\u00e9lai de livraison en info@globalprix.com<\/p>\n","protected":false},"excerpt":{"rendered":"<p>Ce kit de rappel de t\u00eate est destin\u00e9 aux imprimantes VersaUV LEF2-200 et LEF2-300. Il contient une bouteille de 100 ml de liquide de nettoyage, 300 pcs. de feuilles de rappel de t\u00eate et 1 flacon compte-gouttes pour le liquide de nettoyage.<\/p>\n","protected":false},"featured_media":24909,"comment_status":"open","ping_status":"closed","template":"","meta":[],"product_brand":[],"product_cat":[2670,2691,2699,2698,2694],"product_tag":[],"class_list":{"0":"post-24995","1":"product","2":"type-product","3":"status-publish","4":"has-post-thumbnail","6":"product_cat-ecosolvant","7":"product_cat-impression-uv","8":"product_cat-kits-de-maintenance-utilisateur","9":"product_cat-pieces-detachees-roland-fr","10":"product_cat-pieces-detachees-roland","12":"first","13":"instock","14":"taxable","15":"shipping-taxable","16":"purchasable","17":"product-type-simple"},"yoast_head":"<!-- This site is optimized with the Yoast SEO plugin v27.3 - https:\/\/yoast.com\/product\/yoast-seo-wordpress\/ -->\n<title>RAFRA\u00ceCHISSEUR DE T\u00caTE &amp; VT-22 SV LEF-200(R\u00e9f. 6000004757) | Globalprix.com<\/title>\n<meta name=\"robots\" content=\"index, follow, max-snippet:-1, max-image-preview:large, max-video-preview:-1\" \/>\n<link rel=\"canonical\" href=\"https:\/\/globalprix.com\/fr\/produit\/head-refresher-vt-22-sv-lef-200ref-6000004757\/\" \/>\n<meta property=\"og:locale\" content=\"fr_FR\" \/>\n<meta property=\"og:type\" content=\"article\" \/>\n<meta property=\"og:title\" content=\"RAFRA\u00ceCHISSEUR DE T\u00caTE &amp; VT-22 SV LEF-200(R\u00e9f. 6000004757) | Globalprix.com\" \/>\n<meta property=\"og:description\" content=\"Ce kit de rappel de t\u00eate est destin\u00e9 aux imprimantes VersaUV LEF2-200 et LEF2-300. Il contient une bouteille de 100 ml de liquide de nettoyage, 300 pcs. de feuilles de rappel de t\u00eate et 1 flacon compte-gouttes pour le liquide de nettoyage.\" \/>\n<meta property=\"og:url\" content=\"https:\/\/globalprix.com\/fr\/produit\/head-refresher-vt-22-sv-lef-200ref-6000004757\/\" \/>\n<meta property=\"og:site_name\" content=\"Globalprix.com\" \/>\n<meta property=\"article:modified_time\" content=\"2023-10-11T13:41:44+00:00\" \/>\n<meta property=\"og:image\" content=\"https:\/\/globalprix.com\/wp-content\/uploads\/2023\/07\/6000004757_1.png\" \/>\n\t<meta property=\"og:image:width\" content=\"400\" \/>\n\t<meta property=\"og:image:height\" content=\"367\" \/>\n\t<meta property=\"og:image:type\" content=\"image\/png\" \/>\n<meta name=\"twitter:card\" content=\"summary_large_image\" \/>\n<script type=\"application\/ld+json\" class=\"yoast-schema-graph\">{\"@context\":\"https:\\\/\\\/schema.org\",\"@graph\":[{\"@type\":\"WebPage\",\"@id\":\"https:\\\/\\\/globalprix.com\\\/fr\\\/produit\\\/head-refresher-vt-22-sv-lef-200ref-6000004757\\\/\",\"url\":\"https:\\\/\\\/globalprix.com\\\/fr\\\/produit\\\/head-refresher-vt-22-sv-lef-200ref-6000004757\\\/\",\"name\":\"RAFRA\u00ceCHISSEUR DE T\u00caTE &amp; VT-22 SV LEF-200 (R\u00e9f. 6000004757) | Globalprix.com\",\"isPartOf\":{\"@id\":\"https:\\\/\\\/globalprix.com\\\/#website\"},\"primaryImageOfPage\":{\"@id\":\"https:\\\/\\\/globalprix.com\\\/fr\\\/produit\\\/head-refresher-vt-22-sv-lef-200ref-6000004757\\\/#primaryimage\"},\"image\":{\"@id\":\"https:\\\/\\\/globalprix.com\\\/fr\\\/produit\\\/head-refresher-vt-22-sv-lef-200ref-6000004757\\\/#primaryimage\"},\"thumbnailUrl\":\"https:\\\/\\\/globalprix.com\\\/wp-content\\\/uploads\\\/2023\\\/07\\\/6000004757_1.png\",\"datePublished\":\"2023-07-28T15:33:23+00:00\",\"dateModified\":\"2023-10-11T13:41:44+00:00\",\"breadcrumb\":{\"@id\":\"https:\\\/\\\/globalprix.com\\\/fr\\\/produit\\\/head-refresher-vt-22-sv-lef-200ref-6000004757\\\/#breadcrumb\"},\"inLanguage\":\"fr-FR\",\"potentialAction\":[{\"@type\":\"ReadAction\",\"target\":[\"https:\\\/\\\/globalprix.com\\\/fr\\\/produit\\\/head-refresher-vt-22-sv-lef-200ref-6000004757\\\/\"]}]},{\"@type\":\"ImageObject\",\"inLanguage\":\"fr-FR\",\"@id\":\"https:\\\/\\\/globalprix.com\\\/fr\\\/produit\\\/head-refresher-vt-22-sv-lef-200ref-6000004757\\\/#primaryimage\",\"url\":\"https:\\\/\\\/globalprix.com\\\/wp-content\\\/uploads\\\/2023\\\/07\\\/6000004757_1.png\",\"contentUrl\":\"https:\\\/\\\/globalprix.com\\\/wp-content\\\/uploads\\\/2023\\\/07\\\/6000004757_1.png\",\"width\":400,\"height\":367},{\"@type\":\"BreadcrumbList\",\"@id\":\"https:\\\/\\\/globalprix.com\\\/fr\\\/produit\\\/head-refresher-vt-22-sv-lef-200ref-6000004757\\\/#breadcrumb\",\"itemListElement\":[{\"@type\":\"ListItem\",\"position\":1,\"name\":\"Portada\",\"item\":\"https:\\\/\\\/globalprix.com\\\/en\\\/\"},{\"@type\":\"ListItem\",\"position\":2,\"name\":\"Boutique\",\"item\":\"https:\\\/\\\/globalprix.com\\\/fr\\\/boutique\\\/\"},{\"@type\":\"ListItem\",\"position\":3,\"name\":\"RAFRA\u00ceCHISSEUR DE T\u00caTE &amp; VT-22 SV LEF-200(R\u00e9f. 6000004757)\"}]},{\"@type\":\"WebSite\",\"@id\":\"https:\\\/\\\/globalprix.com\\\/#website\",\"url\":\"https:\\\/\\\/globalprix.com\\\/\",\"name\":\"Globalprix\",\"description\":\"Tienda online para Serigraf\u00eda\",\"publisher\":{\"@id\":\"https:\\\/\\\/globalprix.com\\\/#organization\"},\"alternateName\":\"Tienda online de serigraf\u00eda\",\"potentialAction\":[{\"@type\":\"SearchAction\",\"target\":{\"@type\":\"EntryPoint\",\"urlTemplate\":\"https:\\\/\\\/globalprix.com\\\/?s={search_term_string}\"},\"query-input\":{\"@type\":\"PropertyValueSpecification\",\"valueRequired\":true,\"valueName\":\"search_term_string\"}}],\"inLanguage\":\"fr-FR\"},{\"@type\":\"Organization\",\"@id\":\"https:\\\/\\\/globalprix.com\\\/#organization\",\"name\":\"Global Managing\",\"alternateName\":\"Globalprix\",\"url\":\"https:\\\/\\\/globalprix.com\\\/\",\"logo\":{\"@type\":\"ImageObject\",\"inLanguage\":\"fr-FR\",\"@id\":\"https:\\\/\\\/globalprix.com\\\/#\\\/schema\\\/logo\\\/image\\\/\",\"url\":\"https:\\\/\\\/globalprix.com\\\/wp-content\\\/uploads\\\/2023\\\/03\\\/logo-globalprix.jpg\",\"contentUrl\":\"https:\\\/\\\/globalprix.com\\\/wp-content\\\/uploads\\\/2023\\\/03\\\/logo-globalprix.jpg\",\"width\":595,\"height\":202,\"caption\":\"Global Managing\"},\"image\":{\"@id\":\"https:\\\/\\\/globalprix.com\\\/#\\\/schema\\\/logo\\\/image\\\/\"}}]}<\/script>\n<!-- \/ Yoast SEO plugin. -->","yoast_head_json":{"title":"RAFRA\u00ceCHISSEUR DE T\u00caTE &amp; VT-22 SV LEF-200(R\u00e9f. 6000004757) | Globalprix.com","robots":{"index":"index","follow":"follow","max-snippet":"max-snippet:-1","max-image-preview":"max-image-preview:large","max-video-preview":"max-video-preview:-1"},"canonical":"https:\/\/globalprix.com\/fr\/produit\/head-refresher-vt-22-sv-lef-200ref-6000004757\/","og_locale":"fr_FR","og_type":"article","og_title":"RAFRA\u00ceCHISSEUR DE T\u00caTE &amp; VT-22 SV LEF-200(R\u00e9f. 6000004757) | Globalprix.com","og_description":"Ce kit de rappel de t\u00eate est destin\u00e9 aux imprimantes VersaUV LEF2-200 et LEF2-300. Il contient une bouteille de 100 ml de liquide de nettoyage, 300 pcs. de feuilles de rappel de t\u00eate et 1 flacon compte-gouttes pour le liquide de nettoyage.","og_url":"https:\/\/globalprix.com\/fr\/produit\/head-refresher-vt-22-sv-lef-200ref-6000004757\/","og_site_name":"Globalprix.com","article_modified_time":"2023-10-11T13:41:44+00:00","og_image":[{"width":400,"height":367,"url":"https:\/\/globalprix.com\/wp-content\/uploads\/2023\/07\/6000004757_1.png","type":"image\/png"}],"twitter_card":"summary_large_image","schema":{"@context":"https:\/\/schema.org","@graph":[{"@type":"WebPage","@id":"https:\/\/globalprix.com\/fr\/produit\/head-refresher-vt-22-sv-lef-200ref-6000004757\/","url":"https:\/\/globalprix.com\/fr\/produit\/head-refresher-vt-22-sv-lef-200ref-6000004757\/","name":"RAFRA\u00ceCHISSEUR DE T\u00caTE &amp; VT-22 SV LEF-200 (R\u00e9f. 6000004757) | Globalprix.com","isPartOf":{"@id":"https:\/\/globalprix.com\/#website"},"primaryImageOfPage":{"@id":"https:\/\/globalprix.com\/fr\/produit\/head-refresher-vt-22-sv-lef-200ref-6000004757\/#primaryimage"},"image":{"@id":"https:\/\/globalprix.com\/fr\/produit\/head-refresher-vt-22-sv-lef-200ref-6000004757\/#primaryimage"},"thumbnailUrl":"https:\/\/globalprix.com\/wp-content\/uploads\/2023\/07\/6000004757_1.png","datePublished":"2023-07-28T15:33:23+00:00","dateModified":"2023-10-11T13:41:44+00:00","breadcrumb":{"@id":"https:\/\/globalprix.com\/fr\/produit\/head-refresher-vt-22-sv-lef-200ref-6000004757\/#breadcrumb"},"inLanguage":"fr-FR","potentialAction":[{"@type":"ReadAction","target":["https:\/\/globalprix.com\/fr\/produit\/head-refresher-vt-22-sv-lef-200ref-6000004757\/"]}]},{"@type":"ImageObject","inLanguage":"fr-FR","@id":"https:\/\/globalprix.com\/fr\/produit\/head-refresher-vt-22-sv-lef-200ref-6000004757\/#primaryimage","url":"https:\/\/globalprix.com\/wp-content\/uploads\/2023\/07\/6000004757_1.png","contentUrl":"https:\/\/globalprix.com\/wp-content\/uploads\/2023\/07\/6000004757_1.png","width":400,"height":367},{"@type":"BreadcrumbList","@id":"https:\/\/globalprix.com\/fr\/produit\/head-refresher-vt-22-sv-lef-200ref-6000004757\/#breadcrumb","itemListElement":[{"@type":"ListItem","position":1,"name":"Portada","item":"https:\/\/globalprix.com\/en\/"},{"@type":"ListItem","position":2,"name":"Boutique","item":"https:\/\/globalprix.com\/fr\/boutique\/"},{"@type":"ListItem","position":3,"name":"RAFRA\u00ceCHISSEUR DE T\u00caTE &amp; VT-22 SV LEF-200(R\u00e9f. 6000004757)"}]},{"@type":"WebSite","@id":"https:\/\/globalprix.com\/#website","url":"https:\/\/globalprix.com\/","name":"Globalprix","description":"Tienda online para Serigraf\u00eda","publisher":{"@id":"https:\/\/globalprix.com\/#organization"},"alternateName":"Tienda online de serigraf\u00eda","potentialAction":[{"@type":"SearchAction","target":{"@type":"EntryPoint","urlTemplate":"https:\/\/globalprix.com\/?s={search_term_string}"},"query-input":{"@type":"PropertyValueSpecification","valueRequired":true,"valueName":"search_term_string"}}],"inLanguage":"fr-FR"},{"@type":"Organization","@id":"https:\/\/globalprix.com\/#organization","name":"Global Managing","alternateName":"Globalprix","url":"https:\/\/globalprix.com\/","logo":{"@type":"ImageObject","inLanguage":"fr-FR","@id":"https:\/\/globalprix.com\/#\/schema\/logo\/image\/","url":"https:\/\/globalprix.com\/wp-content\/uploads\/2023\/03\/logo-globalprix.jpg","contentUrl":"https:\/\/globalprix.com\/wp-content\/uploads\/2023\/03\/logo-globalprix.jpg","width":595,"height":202,"caption":"Global Managing"},"image":{"@id":"https:\/\/globalprix.com\/#\/schema\/logo\/image\/"}}]}},"_links":{"self":[{"href":"https:\/\/globalprix.com\/fr\/wp-json\/wp\/v2\/product\/24995","targetHints":{"allow":["GET"]}}],"collection":[{"href":"https:\/\/globalprix.com\/fr\/wp-json\/wp\/v2\/product"}],"about":[{"href":"https:\/\/globalprix.com\/fr\/wp-json\/wp\/v2\/types\/product"}],"replies":[{"embeddable":true,"href":"https:\/\/globalprix.com\/fr\/wp-json\/wp\/v2\/comments?post=24995"}],"version-history":[{"count":0,"href":"https:\/\/globalprix.com\/fr\/wp-json\/wp\/v2\/product\/24995\/revisions"}],"wp:featuredmedia":[{"embeddable":true,"href":"https:\/\/globalprix.com\/fr\/wp-json\/wp\/v2\/media\/24909"}],"wp:attachment":[{"href":"https:\/\/globalprix.com\/fr\/wp-json\/wp\/v2\/media?parent=24995"}],"wp:term":[{"taxonomy":"product_brand","embeddable":true,"href":"https:\/\/globalprix.com\/fr\/wp-json\/wp\/v2\/product_brand?post=24995"},{"taxonomy":"product_cat","embeddable":true,"href":"https:\/\/globalprix.com\/fr\/wp-json\/wp\/v2\/product_cat?post=24995"},{"taxonomy":"product_tag","embeddable":true,"href":"https:\/\/globalprix.com\/fr\/wp-json\/wp\/v2\/product_tag?post=24995"}],"curies":[{"name":"wp","href":"https:\/\/api.w.org\/{rel}","templated":true}]}}