{"id":25018,"date":"2023-07-19T14:10:40","date_gmt":"2023-07-19T12:10:40","guid":{"rendered":"https:\/\/globalprix.com\/producto\/film-dtf-75-microdecollage-bilateral-chaudbobine-60-cm-x-100-m\/"},"modified":"2023-10-11T15:41:54","modified_gmt":"2023-10-11T13:41:54","slug":"film-dtf-75-micdos-faces-hot-takeoffcoil-60-cm-x-100-m","status":"publish","type":"product","link":"https:\/\/globalprix.com\/fr\/produit\/film-dtf-75-micdos-faces-hot-takeoffcoil-60-cm-x-100-m\/","title":{"rendered":"FILM DTF 75 micro<br>D\u00e9collage bilat\u00e9ral \/ chaud<br>BOBINE (60 cm x 100 m)"},"content":{"rendered":"","protected":false},"excerpt":{"rendered":"<p>Le film DTF (Film de transfert direct), est le support o\u00f9 le jet d\u2019encre humide est imprim\u00e9 afin que la poudre de polyamide adh\u00e8re facilement pour un durcissement ult\u00e9rieur. Ce film est sp\u00e9cifique au DTF, r\u00e9sistant \u00e0 la temp\u00e9rature appliqu\u00e9e par la presse thermique ou le four.<\/p>\n","protected":false},"featured_media":15158,"comment_status":"open","ping_status":"closed","template":"","meta":[],"product_brand":[],"product_cat":[2681,2684],"product_tag":[],"class_list":{"0":"post-25018","1":"product","2":"type-product","3":"status-publish","4":"has-post-thumbnail","6":"product_cat-transfert","7":"product_cat-prise-en-charge-de-la-tdf","9":"first","10":"instock","11":"taxable","12":"shipping-taxable","13":"purchasable","14":"product-type-simple"},"yoast_head":"<!-- This site is optimized with the Yoast SEO plugin v27.3 - https:\/\/yoast.com\/product\/yoast-seo-wordpress\/ -->\n<title>FILM DTF 75 microD\u00e9collage bilat\u00e9ral \/ chaudBOBINE (60 cm x 100 m) | Globalprix.com<\/title>\n<meta name=\"robots\" content=\"index, follow, max-snippet:-1, max-image-preview:large, max-video-preview:-1\" \/>\n<link rel=\"canonical\" href=\"https:\/\/globalprix.com\/fr\/produit\/film-dtf-75-micdos-faces-hot-takeoffcoil-60-cm-x-100-m\/\" \/>\n<meta property=\"og:locale\" content=\"fr_FR\" \/>\n<meta property=\"og:type\" content=\"article\" \/>\n<meta property=\"og:title\" content=\"FILM DTF 75 microD\u00e9collage bilat\u00e9ral \/ chaudBOBINE (60 cm x 100 m) | Globalprix.com\" \/>\n<meta property=\"og:description\" content=\"Le film DTF (Film de transfert direct), est le support o\u00f9 le jet d\u2019encre humide est imprim\u00e9 afin que la poudre de polyamide adh\u00e8re facilement pour un durcissement ult\u00e9rieur. Ce film est sp\u00e9cifique au DTF, r\u00e9sistant \u00e0 la temp\u00e9rature appliqu\u00e9e par la presse thermique ou le four.\" \/>\n<meta property=\"og:url\" content=\"https:\/\/globalprix.com\/fr\/produit\/film-dtf-75-micdos-faces-hot-takeoffcoil-60-cm-x-100-m\/\" \/>\n<meta property=\"og:site_name\" content=\"Globalprix.com\" \/>\n<meta property=\"article:modified_time\" content=\"2023-10-11T13:41:54+00:00\" \/>\n<meta property=\"og:image\" content=\"https:\/\/globalprix.com\/wp-content\/uploads\/2023\/03\/silk-screen-printing-serigraphy-color-paints-and-2022-09-15-02-45-46-utc-scaled-e1678893026748.jpg\" \/>\n\t<meta property=\"og:image:width\" content=\"2560\" \/>\n\t<meta property=\"og:image:height\" content=\"1024\" \/>\n\t<meta property=\"og:image:type\" content=\"image\/jpeg\" \/>\n<meta name=\"twitter:card\" content=\"summary_large_image\" \/>\n<script type=\"application\/ld+json\" class=\"yoast-schema-graph\">{\"@context\":\"https:\\\/\\\/schema.org\",\"@graph\":[{\"@type\":\"WebPage\",\"@id\":\"https:\\\/\\\/globalprix.com\\\/fr\\\/produit\\\/film-dtf-75-micdos-faces-hot-takeoffcoil-60-cm-x-100-m\\\/\",\"url\":\"https:\\\/\\\/globalprix.com\\\/fr\\\/produit\\\/film-dtf-75-micdos-faces-hot-takeoffcoil-60-cm-x-100-m\\\/\",\"name\":\"FILM DTF 75 micro D\u00e9collage bilat\u00e9ral \\\/ chaud BOBINE (60 cm x 100 m) | Globalprix.com\",\"isPartOf\":{\"@id\":\"https:\\\/\\\/globalprix.com\\\/#website\"},\"primaryImageOfPage\":{\"@id\":\"https:\\\/\\\/globalprix.com\\\/fr\\\/produit\\\/film-dtf-75-micdos-faces-hot-takeoffcoil-60-cm-x-100-m\\\/#primaryimage\"},\"image\":{\"@id\":\"https:\\\/\\\/globalprix.com\\\/fr\\\/produit\\\/film-dtf-75-micdos-faces-hot-takeoffcoil-60-cm-x-100-m\\\/#primaryimage\"},\"thumbnailUrl\":\"https:\\\/\\\/globalprix.com\\\/wp-content\\\/uploads\\\/2023\\\/03\\\/dtf_film-de-poliester.jpg\",\"datePublished\":\"2023-07-19T12:10:40+00:00\",\"dateModified\":\"2023-10-11T13:41:54+00:00\",\"breadcrumb\":{\"@id\":\"https:\\\/\\\/globalprix.com\\\/fr\\\/produit\\\/film-dtf-75-micdos-faces-hot-takeoffcoil-60-cm-x-100-m\\\/#breadcrumb\"},\"inLanguage\":\"fr-FR\",\"potentialAction\":[{\"@type\":\"ReadAction\",\"target\":[\"https:\\\/\\\/globalprix.com\\\/fr\\\/produit\\\/film-dtf-75-micdos-faces-hot-takeoffcoil-60-cm-x-100-m\\\/\"]}]},{\"@type\":\"ImageObject\",\"inLanguage\":\"fr-FR\",\"@id\":\"https:\\\/\\\/globalprix.com\\\/fr\\\/produit\\\/film-dtf-75-micdos-faces-hot-takeoffcoil-60-cm-x-100-m\\\/#primaryimage\",\"url\":\"https:\\\/\\\/globalprix.com\\\/wp-content\\\/uploads\\\/2023\\\/03\\\/dtf_film-de-poliester.jpg\",\"contentUrl\":\"https:\\\/\\\/globalprix.com\\\/wp-content\\\/uploads\\\/2023\\\/03\\\/dtf_film-de-poliester.jpg\",\"width\":458,\"height\":458},{\"@type\":\"BreadcrumbList\",\"@id\":\"https:\\\/\\\/globalprix.com\\\/fr\\\/produit\\\/film-dtf-75-micdos-faces-hot-takeoffcoil-60-cm-x-100-m\\\/#breadcrumb\",\"itemListElement\":[{\"@type\":\"ListItem\",\"position\":1,\"name\":\"Portada\",\"item\":\"https:\\\/\\\/globalprix.com\\\/en\\\/\"},{\"@type\":\"ListItem\",\"position\":2,\"name\":\"Boutique\",\"item\":\"https:\\\/\\\/globalprix.com\\\/fr\\\/boutique\\\/\"},{\"@type\":\"ListItem\",\"position\":3,\"name\":\"FILM DTF 75 microD\u00e9collage bilat\u00e9ral \\\/ chaudBOBINE (60 cm x 100 m)\"}]},{\"@type\":\"WebSite\",\"@id\":\"https:\\\/\\\/globalprix.com\\\/#website\",\"url\":\"https:\\\/\\\/globalprix.com\\\/\",\"name\":\"Globalprix\",\"description\":\"Tienda online para Serigraf\u00eda\",\"publisher\":{\"@id\":\"https:\\\/\\\/globalprix.com\\\/#organization\"},\"alternateName\":\"Tienda online de serigraf\u00eda\",\"potentialAction\":[{\"@type\":\"SearchAction\",\"target\":{\"@type\":\"EntryPoint\",\"urlTemplate\":\"https:\\\/\\\/globalprix.com\\\/?s={search_term_string}\"},\"query-input\":{\"@type\":\"PropertyValueSpecification\",\"valueRequired\":true,\"valueName\":\"search_term_string\"}}],\"inLanguage\":\"fr-FR\"},{\"@type\":\"Organization\",\"@id\":\"https:\\\/\\\/globalprix.com\\\/#organization\",\"name\":\"Global Managing\",\"alternateName\":\"Globalprix\",\"url\":\"https:\\\/\\\/globalprix.com\\\/\",\"logo\":{\"@type\":\"ImageObject\",\"inLanguage\":\"fr-FR\",\"@id\":\"https:\\\/\\\/globalprix.com\\\/#\\\/schema\\\/logo\\\/image\\\/\",\"url\":\"https:\\\/\\\/globalprix.com\\\/wp-content\\\/uploads\\\/2023\\\/03\\\/logo-globalprix.jpg\",\"contentUrl\":\"https:\\\/\\\/globalprix.com\\\/wp-content\\\/uploads\\\/2023\\\/03\\\/logo-globalprix.jpg\",\"width\":595,\"height\":202,\"caption\":\"Global Managing\"},\"image\":{\"@id\":\"https:\\\/\\\/globalprix.com\\\/#\\\/schema\\\/logo\\\/image\\\/\"}}]}<\/script>\n<!-- \/ Yoast SEO plugin. -->","yoast_head_json":{"title":"FILM DTF 75 microD\u00e9collage bilat\u00e9ral \/ chaudBOBINE (60 cm x 100 m) | Globalprix.com","robots":{"index":"index","follow":"follow","max-snippet":"max-snippet:-1","max-image-preview":"max-image-preview:large","max-video-preview":"max-video-preview:-1"},"canonical":"https:\/\/globalprix.com\/fr\/produit\/film-dtf-75-micdos-faces-hot-takeoffcoil-60-cm-x-100-m\/","og_locale":"fr_FR","og_type":"article","og_title":"FILM DTF 75 microD\u00e9collage bilat\u00e9ral \/ chaudBOBINE (60 cm x 100 m) | Globalprix.com","og_description":"Le film DTF (Film de transfert direct), est le support o\u00f9 le jet d\u2019encre humide est imprim\u00e9 afin que la poudre de polyamide adh\u00e8re facilement pour un durcissement ult\u00e9rieur. Ce film est sp\u00e9cifique au DTF, r\u00e9sistant \u00e0 la temp\u00e9rature appliqu\u00e9e par la presse thermique ou le four.","og_url":"https:\/\/globalprix.com\/fr\/produit\/film-dtf-75-micdos-faces-hot-takeoffcoil-60-cm-x-100-m\/","og_site_name":"Globalprix.com","article_modified_time":"2023-10-11T13:41:54+00:00","og_image":[{"width":2560,"height":1024,"url":"https:\/\/globalprix.com\/wp-content\/uploads\/2023\/03\/silk-screen-printing-serigraphy-color-paints-and-2022-09-15-02-45-46-utc-scaled-e1678893026748.jpg","type":"image\/jpeg"}],"twitter_card":"summary_large_image","schema":{"@context":"https:\/\/schema.org","@graph":[{"@type":"WebPage","@id":"https:\/\/globalprix.com\/fr\/produit\/film-dtf-75-micdos-faces-hot-takeoffcoil-60-cm-x-100-m\/","url":"https:\/\/globalprix.com\/fr\/produit\/film-dtf-75-micdos-faces-hot-takeoffcoil-60-cm-x-100-m\/","name":"FILM DTF 75 micro D\u00e9collage bilat\u00e9ral \/ chaud BOBINE (60 cm x 100 m) | Globalprix.com","isPartOf":{"@id":"https:\/\/globalprix.com\/#website"},"primaryImageOfPage":{"@id":"https:\/\/globalprix.com\/fr\/produit\/film-dtf-75-micdos-faces-hot-takeoffcoil-60-cm-x-100-m\/#primaryimage"},"image":{"@id":"https:\/\/globalprix.com\/fr\/produit\/film-dtf-75-micdos-faces-hot-takeoffcoil-60-cm-x-100-m\/#primaryimage"},"thumbnailUrl":"https:\/\/globalprix.com\/wp-content\/uploads\/2023\/03\/dtf_film-de-poliester.jpg","datePublished":"2023-07-19T12:10:40+00:00","dateModified":"2023-10-11T13:41:54+00:00","breadcrumb":{"@id":"https:\/\/globalprix.com\/fr\/produit\/film-dtf-75-micdos-faces-hot-takeoffcoil-60-cm-x-100-m\/#breadcrumb"},"inLanguage":"fr-FR","potentialAction":[{"@type":"ReadAction","target":["https:\/\/globalprix.com\/fr\/produit\/film-dtf-75-micdos-faces-hot-takeoffcoil-60-cm-x-100-m\/"]}]},{"@type":"ImageObject","inLanguage":"fr-FR","@id":"https:\/\/globalprix.com\/fr\/produit\/film-dtf-75-micdos-faces-hot-takeoffcoil-60-cm-x-100-m\/#primaryimage","url":"https:\/\/globalprix.com\/wp-content\/uploads\/2023\/03\/dtf_film-de-poliester.jpg","contentUrl":"https:\/\/globalprix.com\/wp-content\/uploads\/2023\/03\/dtf_film-de-poliester.jpg","width":458,"height":458},{"@type":"BreadcrumbList","@id":"https:\/\/globalprix.com\/fr\/produit\/film-dtf-75-micdos-faces-hot-takeoffcoil-60-cm-x-100-m\/#breadcrumb","itemListElement":[{"@type":"ListItem","position":1,"name":"Portada","item":"https:\/\/globalprix.com\/en\/"},{"@type":"ListItem","position":2,"name":"Boutique","item":"https:\/\/globalprix.com\/fr\/boutique\/"},{"@type":"ListItem","position":3,"name":"FILM DTF 75 microD\u00e9collage bilat\u00e9ral \/ chaudBOBINE (60 cm x 100 m)"}]},{"@type":"WebSite","@id":"https:\/\/globalprix.com\/#website","url":"https:\/\/globalprix.com\/","name":"Globalprix","description":"Tienda online para Serigraf\u00eda","publisher":{"@id":"https:\/\/globalprix.com\/#organization"},"alternateName":"Tienda online de serigraf\u00eda","potentialAction":[{"@type":"SearchAction","target":{"@type":"EntryPoint","urlTemplate":"https:\/\/globalprix.com\/?s={search_term_string}"},"query-input":{"@type":"PropertyValueSpecification","valueRequired":true,"valueName":"search_term_string"}}],"inLanguage":"fr-FR"},{"@type":"Organization","@id":"https:\/\/globalprix.com\/#organization","name":"Global Managing","alternateName":"Globalprix","url":"https:\/\/globalprix.com\/","logo":{"@type":"ImageObject","inLanguage":"fr-FR","@id":"https:\/\/globalprix.com\/#\/schema\/logo\/image\/","url":"https:\/\/globalprix.com\/wp-content\/uploads\/2023\/03\/logo-globalprix.jpg","contentUrl":"https:\/\/globalprix.com\/wp-content\/uploads\/2023\/03\/logo-globalprix.jpg","width":595,"height":202,"caption":"Global Managing"},"image":{"@id":"https:\/\/globalprix.com\/#\/schema\/logo\/image\/"}}]}},"_links":{"self":[{"href":"https:\/\/globalprix.com\/fr\/wp-json\/wp\/v2\/product\/25018","targetHints":{"allow":["GET"]}}],"collection":[{"href":"https:\/\/globalprix.com\/fr\/wp-json\/wp\/v2\/product"}],"about":[{"href":"https:\/\/globalprix.com\/fr\/wp-json\/wp\/v2\/types\/product"}],"replies":[{"embeddable":true,"href":"https:\/\/globalprix.com\/fr\/wp-json\/wp\/v2\/comments?post=25018"}],"version-history":[{"count":0,"href":"https:\/\/globalprix.com\/fr\/wp-json\/wp\/v2\/product\/25018\/revisions"}],"wp:featuredmedia":[{"embeddable":true,"href":"https:\/\/globalprix.com\/fr\/wp-json\/wp\/v2\/media\/15158"}],"wp:attachment":[{"href":"https:\/\/globalprix.com\/fr\/wp-json\/wp\/v2\/media?parent=25018"}],"wp:term":[{"taxonomy":"product_brand","embeddable":true,"href":"https:\/\/globalprix.com\/fr\/wp-json\/wp\/v2\/product_brand?post=25018"},{"taxonomy":"product_cat","embeddable":true,"href":"https:\/\/globalprix.com\/fr\/wp-json\/wp\/v2\/product_cat?post=25018"},{"taxonomy":"product_tag","embeddable":true,"href":"https:\/\/globalprix.com\/fr\/wp-json\/wp\/v2\/product_tag?post=25018"}],"curies":[{"name":"wp","href":"https:\/\/api.w.org\/{rel}","templated":true}]}}