{"id":25023,"date":"2023-07-19T17:31:43","date_gmt":"2023-07-19T15:31:43","guid":{"rendered":"https:\/\/globalprix.com\/producto\/roland-bladezec-a1715lame-de-fraise-sablee-msk3-pieces\/"},"modified":"2023-10-11T15:41:49","modified_gmt":"2023-10-11T13:41:49","slug":"blade-rolandzec-a1715sandblast-msk-cutter-blade3-pcs","status":"publish","type":"product","link":"https:\/\/globalprix.com\/fr\/produit\/blade-rolandzec-a1715sandblast-msk-cutter-blade3-pcs\/","title":{"rendered":"ROLAND BLADE<br>ZEC-A1715<br>Lame de fraise sabl\u00e9e msk<br>(3 pi\u00e8ces)"},"content":{"rendered":"","protected":false},"excerpt":{"rendered":"<p>Lame Roland 60\u00ba d\u2019origine pour la d\u00e9coupe du masque en caoutchouc (sablage). Valable pour la d\u00e9coupe et l\u2019impression de traceurs et la d\u00e9coupe de Roland. Vendu en unit\u00e9s individuelles et en bo\u00eetes de 3 unit\u00e9s.<\/p>\n","protected":false},"featured_media":24611,"comment_status":"open","ping_status":"closed","template":"","meta":[],"product_brand":[],"product_cat":[2725,2726,2694,2698],"product_tag":[],"class_list":{"0":"post-25023","1":"product","2":"type-product","3":"status-publish","4":"has-post-thumbnail","6":"product_cat-lames-de-coupe-roland","7":"product_cat-lames-de-coupe-roland-fr","8":"product_cat-pieces-detachees-roland","9":"product_cat-pieces-detachees-roland-fr","11":"first","12":"instock","13":"taxable","14":"shipping-taxable","15":"purchasable","16":"product-type-simple"},"yoast_head":"<!-- This site is optimized with the Yoast SEO plugin v27.3 - https:\/\/yoast.com\/product\/yoast-seo-wordpress\/ -->\n<title>ROLAND BLADEZEC-A1715Lame de fraise sabl\u00e9e msk(3 pi\u00e8ces) | Globalprix.com<\/title>\n<meta name=\"robots\" content=\"index, follow, max-snippet:-1, max-image-preview:large, max-video-preview:-1\" \/>\n<link rel=\"canonical\" href=\"https:\/\/globalprix.com\/fr\/produit\/blade-rolandzec-a1715sandblast-msk-cutter-blade3-pcs\/\" \/>\n<meta property=\"og:locale\" content=\"fr_FR\" \/>\n<meta property=\"og:type\" content=\"article\" \/>\n<meta property=\"og:title\" content=\"ROLAND BLADEZEC-A1715Lame de fraise sabl\u00e9e msk(3 pi\u00e8ces) | Globalprix.com\" \/>\n<meta property=\"og:description\" content=\"Lame Roland 60\u00ba d\u2019origine pour la d\u00e9coupe du masque en caoutchouc (sablage). Valable pour la d\u00e9coupe et l\u2019impression de traceurs et la d\u00e9coupe de Roland. Vendu en unit\u00e9s individuelles et en bo\u00eetes de 3 unit\u00e9s.\" \/>\n<meta property=\"og:url\" content=\"https:\/\/globalprix.com\/fr\/produit\/blade-rolandzec-a1715sandblast-msk-cutter-blade3-pcs\/\" \/>\n<meta property=\"og:site_name\" content=\"Globalprix.com\" \/>\n<meta property=\"article:modified_time\" content=\"2023-10-11T13:41:49+00:00\" \/>\n<meta property=\"og:image\" content=\"https:\/\/globalprix.com\/wp-content\/uploads\/2023\/03\/silk-screen-printing-serigraphy-color-paints-and-2022-09-15-02-45-46-utc-scaled-e1678893026748.jpg\" \/>\n\t<meta property=\"og:image:width\" content=\"2560\" \/>\n\t<meta property=\"og:image:height\" content=\"1024\" \/>\n\t<meta property=\"og:image:type\" content=\"image\/jpeg\" \/>\n<meta name=\"twitter:card\" content=\"summary_large_image\" \/>\n<script type=\"application\/ld+json\" class=\"yoast-schema-graph\">{\"@context\":\"https:\\\/\\\/schema.org\",\"@graph\":[{\"@type\":\"WebPage\",\"@id\":\"https:\\\/\\\/globalprix.com\\\/fr\\\/produit\\\/blade-rolandzec-a1715sandblast-msk-cutter-blade3-pcs\\\/\",\"url\":\"https:\\\/\\\/globalprix.com\\\/fr\\\/produit\\\/blade-rolandzec-a1715sandblast-msk-cutter-blade3-pcs\\\/\",\"name\":\"ROLAND BLADE ZEC-A1715 Lame de fraise sabl\u00e9e msk (3 pi\u00e8ces) | Globalprix.com\",\"isPartOf\":{\"@id\":\"https:\\\/\\\/globalprix.com\\\/#website\"},\"primaryImageOfPage\":{\"@id\":\"https:\\\/\\\/globalprix.com\\\/fr\\\/produit\\\/blade-rolandzec-a1715sandblast-msk-cutter-blade3-pcs\\\/#primaryimage\"},\"image\":{\"@id\":\"https:\\\/\\\/globalprix.com\\\/fr\\\/produit\\\/blade-rolandzec-a1715sandblast-msk-cutter-blade3-pcs\\\/#primaryimage\"},\"thumbnailUrl\":\"https:\\\/\\\/globalprix.com\\\/wp-content\\\/uploads\\\/2023\\\/07\\\/cuchilla-roland-zec-a1715.jpg\",\"datePublished\":\"2023-07-19T15:31:43+00:00\",\"dateModified\":\"2023-10-11T13:41:49+00:00\",\"breadcrumb\":{\"@id\":\"https:\\\/\\\/globalprix.com\\\/fr\\\/produit\\\/blade-rolandzec-a1715sandblast-msk-cutter-blade3-pcs\\\/#breadcrumb\"},\"inLanguage\":\"fr-FR\",\"potentialAction\":[{\"@type\":\"ReadAction\",\"target\":[\"https:\\\/\\\/globalprix.com\\\/fr\\\/produit\\\/blade-rolandzec-a1715sandblast-msk-cutter-blade3-pcs\\\/\"]}]},{\"@type\":\"ImageObject\",\"inLanguage\":\"fr-FR\",\"@id\":\"https:\\\/\\\/globalprix.com\\\/fr\\\/produit\\\/blade-rolandzec-a1715sandblast-msk-cutter-blade3-pcs\\\/#primaryimage\",\"url\":\"https:\\\/\\\/globalprix.com\\\/wp-content\\\/uploads\\\/2023\\\/07\\\/cuchilla-roland-zec-a1715.jpg\",\"contentUrl\":\"https:\\\/\\\/globalprix.com\\\/wp-content\\\/uploads\\\/2023\\\/07\\\/cuchilla-roland-zec-a1715.jpg\",\"width\":973,\"height\":1000},{\"@type\":\"BreadcrumbList\",\"@id\":\"https:\\\/\\\/globalprix.com\\\/fr\\\/produit\\\/blade-rolandzec-a1715sandblast-msk-cutter-blade3-pcs\\\/#breadcrumb\",\"itemListElement\":[{\"@type\":\"ListItem\",\"position\":1,\"name\":\"Portada\",\"item\":\"https:\\\/\\\/globalprix.com\\\/en\\\/\"},{\"@type\":\"ListItem\",\"position\":2,\"name\":\"Boutique\",\"item\":\"https:\\\/\\\/globalprix.com\\\/fr\\\/boutique\\\/\"},{\"@type\":\"ListItem\",\"position\":3,\"name\":\"ROLAND BLADEZEC-A1715Lame de fraise sabl\u00e9e msk(3 pi\u00e8ces)\"}]},{\"@type\":\"WebSite\",\"@id\":\"https:\\\/\\\/globalprix.com\\\/#website\",\"url\":\"https:\\\/\\\/globalprix.com\\\/\",\"name\":\"Globalprix\",\"description\":\"Tienda online para Serigraf\u00eda\",\"publisher\":{\"@id\":\"https:\\\/\\\/globalprix.com\\\/#organization\"},\"alternateName\":\"Tienda online de serigraf\u00eda\",\"potentialAction\":[{\"@type\":\"SearchAction\",\"target\":{\"@type\":\"EntryPoint\",\"urlTemplate\":\"https:\\\/\\\/globalprix.com\\\/?s={search_term_string}\"},\"query-input\":{\"@type\":\"PropertyValueSpecification\",\"valueRequired\":true,\"valueName\":\"search_term_string\"}}],\"inLanguage\":\"fr-FR\"},{\"@type\":\"Organization\",\"@id\":\"https:\\\/\\\/globalprix.com\\\/#organization\",\"name\":\"Global Managing\",\"alternateName\":\"Globalprix\",\"url\":\"https:\\\/\\\/globalprix.com\\\/\",\"logo\":{\"@type\":\"ImageObject\",\"inLanguage\":\"fr-FR\",\"@id\":\"https:\\\/\\\/globalprix.com\\\/#\\\/schema\\\/logo\\\/image\\\/\",\"url\":\"https:\\\/\\\/globalprix.com\\\/wp-content\\\/uploads\\\/2023\\\/03\\\/logo-globalprix.jpg\",\"contentUrl\":\"https:\\\/\\\/globalprix.com\\\/wp-content\\\/uploads\\\/2023\\\/03\\\/logo-globalprix.jpg\",\"width\":595,\"height\":202,\"caption\":\"Global Managing\"},\"image\":{\"@id\":\"https:\\\/\\\/globalprix.com\\\/#\\\/schema\\\/logo\\\/image\\\/\"}}]}<\/script>\n<!-- \/ Yoast SEO plugin. -->","yoast_head_json":{"title":"ROLAND BLADEZEC-A1715Lame de fraise sabl\u00e9e msk(3 pi\u00e8ces) | Globalprix.com","robots":{"index":"index","follow":"follow","max-snippet":"max-snippet:-1","max-image-preview":"max-image-preview:large","max-video-preview":"max-video-preview:-1"},"canonical":"https:\/\/globalprix.com\/fr\/produit\/blade-rolandzec-a1715sandblast-msk-cutter-blade3-pcs\/","og_locale":"fr_FR","og_type":"article","og_title":"ROLAND BLADEZEC-A1715Lame de fraise sabl\u00e9e msk(3 pi\u00e8ces) | Globalprix.com","og_description":"Lame Roland 60\u00ba d\u2019origine pour la d\u00e9coupe du masque en caoutchouc (sablage). Valable pour la d\u00e9coupe et l\u2019impression de traceurs et la d\u00e9coupe de Roland. Vendu en unit\u00e9s individuelles et en bo\u00eetes de 3 unit\u00e9s.","og_url":"https:\/\/globalprix.com\/fr\/produit\/blade-rolandzec-a1715sandblast-msk-cutter-blade3-pcs\/","og_site_name":"Globalprix.com","article_modified_time":"2023-10-11T13:41:49+00:00","og_image":[{"width":2560,"height":1024,"url":"https:\/\/globalprix.com\/wp-content\/uploads\/2023\/03\/silk-screen-printing-serigraphy-color-paints-and-2022-09-15-02-45-46-utc-scaled-e1678893026748.jpg","type":"image\/jpeg"}],"twitter_card":"summary_large_image","schema":{"@context":"https:\/\/schema.org","@graph":[{"@type":"WebPage","@id":"https:\/\/globalprix.com\/fr\/produit\/blade-rolandzec-a1715sandblast-msk-cutter-blade3-pcs\/","url":"https:\/\/globalprix.com\/fr\/produit\/blade-rolandzec-a1715sandblast-msk-cutter-blade3-pcs\/","name":"ROLAND BLADE ZEC-A1715 Lame de fraise sabl\u00e9e msk (3 pi\u00e8ces) | Globalprix.com","isPartOf":{"@id":"https:\/\/globalprix.com\/#website"},"primaryImageOfPage":{"@id":"https:\/\/globalprix.com\/fr\/produit\/blade-rolandzec-a1715sandblast-msk-cutter-blade3-pcs\/#primaryimage"},"image":{"@id":"https:\/\/globalprix.com\/fr\/produit\/blade-rolandzec-a1715sandblast-msk-cutter-blade3-pcs\/#primaryimage"},"thumbnailUrl":"https:\/\/globalprix.com\/wp-content\/uploads\/2023\/07\/cuchilla-roland-zec-a1715.jpg","datePublished":"2023-07-19T15:31:43+00:00","dateModified":"2023-10-11T13:41:49+00:00","breadcrumb":{"@id":"https:\/\/globalprix.com\/fr\/produit\/blade-rolandzec-a1715sandblast-msk-cutter-blade3-pcs\/#breadcrumb"},"inLanguage":"fr-FR","potentialAction":[{"@type":"ReadAction","target":["https:\/\/globalprix.com\/fr\/produit\/blade-rolandzec-a1715sandblast-msk-cutter-blade3-pcs\/"]}]},{"@type":"ImageObject","inLanguage":"fr-FR","@id":"https:\/\/globalprix.com\/fr\/produit\/blade-rolandzec-a1715sandblast-msk-cutter-blade3-pcs\/#primaryimage","url":"https:\/\/globalprix.com\/wp-content\/uploads\/2023\/07\/cuchilla-roland-zec-a1715.jpg","contentUrl":"https:\/\/globalprix.com\/wp-content\/uploads\/2023\/07\/cuchilla-roland-zec-a1715.jpg","width":973,"height":1000},{"@type":"BreadcrumbList","@id":"https:\/\/globalprix.com\/fr\/produit\/blade-rolandzec-a1715sandblast-msk-cutter-blade3-pcs\/#breadcrumb","itemListElement":[{"@type":"ListItem","position":1,"name":"Portada","item":"https:\/\/globalprix.com\/en\/"},{"@type":"ListItem","position":2,"name":"Boutique","item":"https:\/\/globalprix.com\/fr\/boutique\/"},{"@type":"ListItem","position":3,"name":"ROLAND BLADEZEC-A1715Lame de fraise sabl\u00e9e msk(3 pi\u00e8ces)"}]},{"@type":"WebSite","@id":"https:\/\/globalprix.com\/#website","url":"https:\/\/globalprix.com\/","name":"Globalprix","description":"Tienda online para Serigraf\u00eda","publisher":{"@id":"https:\/\/globalprix.com\/#organization"},"alternateName":"Tienda online de serigraf\u00eda","potentialAction":[{"@type":"SearchAction","target":{"@type":"EntryPoint","urlTemplate":"https:\/\/globalprix.com\/?s={search_term_string}"},"query-input":{"@type":"PropertyValueSpecification","valueRequired":true,"valueName":"search_term_string"}}],"inLanguage":"fr-FR"},{"@type":"Organization","@id":"https:\/\/globalprix.com\/#organization","name":"Global Managing","alternateName":"Globalprix","url":"https:\/\/globalprix.com\/","logo":{"@type":"ImageObject","inLanguage":"fr-FR","@id":"https:\/\/globalprix.com\/#\/schema\/logo\/image\/","url":"https:\/\/globalprix.com\/wp-content\/uploads\/2023\/03\/logo-globalprix.jpg","contentUrl":"https:\/\/globalprix.com\/wp-content\/uploads\/2023\/03\/logo-globalprix.jpg","width":595,"height":202,"caption":"Global Managing"},"image":{"@id":"https:\/\/globalprix.com\/#\/schema\/logo\/image\/"}}]}},"_links":{"self":[{"href":"https:\/\/globalprix.com\/fr\/wp-json\/wp\/v2\/product\/25023","targetHints":{"allow":["GET"]}}],"collection":[{"href":"https:\/\/globalprix.com\/fr\/wp-json\/wp\/v2\/product"}],"about":[{"href":"https:\/\/globalprix.com\/fr\/wp-json\/wp\/v2\/types\/product"}],"replies":[{"embeddable":true,"href":"https:\/\/globalprix.com\/fr\/wp-json\/wp\/v2\/comments?post=25023"}],"version-history":[{"count":0,"href":"https:\/\/globalprix.com\/fr\/wp-json\/wp\/v2\/product\/25023\/revisions"}],"wp:featuredmedia":[{"embeddable":true,"href":"https:\/\/globalprix.com\/fr\/wp-json\/wp\/v2\/media\/24611"}],"wp:attachment":[{"href":"https:\/\/globalprix.com\/fr\/wp-json\/wp\/v2\/media?parent=25023"}],"wp:term":[{"taxonomy":"product_brand","embeddable":true,"href":"https:\/\/globalprix.com\/fr\/wp-json\/wp\/v2\/product_brand?post=25023"},{"taxonomy":"product_cat","embeddable":true,"href":"https:\/\/globalprix.com\/fr\/wp-json\/wp\/v2\/product_cat?post=25023"},{"taxonomy":"product_tag","embeddable":true,"href":"https:\/\/globalprix.com\/fr\/wp-json\/wp\/v2\/product_tag?post=25023"}],"curies":[{"name":"wp","href":"https:\/\/api.w.org\/{rel}","templated":true}]}}