{"id":25037,"date":"2023-07-19T14:10:35","date_gmt":"2023-07-19T12:10:35","guid":{"rendered":"https:\/\/globalprix.com\/producto\/poudres-blanches-dtfpoudres-adhesives-pour-dtf-a-grain-moyen1-kg\/"},"modified":"2024-02-14T09:16:21","modified_gmt":"2024-02-14T08:16:21","slug":"poudres-poudres-blanches-adhesifs-pour-dtf-moyenne-grain1-kg","status":"publish","type":"product","link":"https:\/\/globalprix.com\/fr\/produit\/poudres-poudres-blanches-adhesifs-pour-dtf-moyenne-grain1-kg\/","title":{"rendered":"POUDRES BLANCHES<br>Poudres adh\u00e9sives pour DTF<br>Conteneur de 1 Kg \u00e0 grain moyen"},"content":{"rendered":"","protected":false},"excerpt":{"rendered":"<p>Poudres DTF de diam\u00e8tre moyen pour une utilisation dans les imprimantes DTF. De couleur blanche. En cas de transfert de l\u2019image sur un fond sombre, vous pouvez demander des poudres noires.  <\/p>\n","protected":false},"featured_media":16481,"comment_status":"open","ping_status":"closed","template":"","meta":[],"product_brand":[],"product_cat":[2681,2702],"product_tag":[],"class_list":{"0":"post-25037","1":"product","2":"type-product","3":"status-publish","4":"has-post-thumbnail","6":"product_cat-transfert","7":"product_cat-poudres-adhesives-dtf","9":"first","10":"instock","11":"taxable","12":"shipping-taxable","13":"purchasable","14":"product-type-simple"},"yoast_head":"<!-- This site is optimized with the Yoast SEO plugin v27.3 - https:\/\/yoast.com\/product\/yoast-seo-wordpress\/ -->\n<title>POUDRES BLANCHESPoudres adh\u00e9sives pour DTFConteneur de 1 Kg \u00e0 grain moyen | Globalprix.com<\/title>\n<meta name=\"robots\" content=\"index, follow, max-snippet:-1, max-image-preview:large, max-video-preview:-1\" \/>\n<link rel=\"canonical\" href=\"https:\/\/globalprix.com\/fr\/produit\/poudres-poudres-blanches-adhesifs-pour-dtf-moyenne-grain1-kg\/\" \/>\n<meta property=\"og:locale\" content=\"fr_FR\" \/>\n<meta property=\"og:type\" content=\"article\" \/>\n<meta property=\"og:title\" content=\"POUDRES BLANCHESPoudres adh\u00e9sives pour DTFConteneur de 1 Kg \u00e0 grain moyen | Globalprix.com\" \/>\n<meta property=\"og:description\" content=\"Poudres DTF de diam\u00e8tre moyen pour une utilisation dans les imprimantes DTF. De couleur blanche. En cas de transfert de l\u2019image sur un fond sombre, vous pouvez demander des poudres noires.\" \/>\n<meta property=\"og:url\" content=\"https:\/\/globalprix.com\/fr\/produit\/poudres-poudres-blanches-adhesifs-pour-dtf-moyenne-grain1-kg\/\" \/>\n<meta property=\"og:site_name\" content=\"Globalprix.com\" \/>\n<meta property=\"article:modified_time\" content=\"2024-02-14T08:16:21+00:00\" \/>\n<meta property=\"og:image\" content=\"https:\/\/globalprix.com\/wp-content\/uploads\/2023\/03\/silk-screen-printing-serigraphy-color-paints-and-2022-09-15-02-45-46-utc-scaled-e1678893026748.jpg\" \/>\n\t<meta property=\"og:image:width\" content=\"2560\" \/>\n\t<meta property=\"og:image:height\" content=\"1024\" \/>\n\t<meta property=\"og:image:type\" content=\"image\/jpeg\" \/>\n<meta name=\"twitter:card\" content=\"summary_large_image\" \/>\n<script type=\"application\/ld+json\" class=\"yoast-schema-graph\">{\"@context\":\"https:\\\/\\\/schema.org\",\"@graph\":[{\"@type\":\"WebPage\",\"@id\":\"https:\\\/\\\/globalprix.com\\\/fr\\\/produit\\\/poudres-poudres-blanches-adhesifs-pour-dtf-moyenne-grain1-kg\\\/\",\"url\":\"https:\\\/\\\/globalprix.com\\\/fr\\\/produit\\\/poudres-poudres-blanches-adhesifs-pour-dtf-moyenne-grain1-kg\\\/\",\"name\":\"POUDRES BLANCHES Poudres adh\u00e9sives pour DTF Conteneur de 1 Kg \u00e0 grain moyen | Globalprix.com\",\"isPartOf\":{\"@id\":\"https:\\\/\\\/globalprix.com\\\/#website\"},\"primaryImageOfPage\":{\"@id\":\"https:\\\/\\\/globalprix.com\\\/fr\\\/produit\\\/poudres-poudres-blanches-adhesifs-pour-dtf-moyenne-grain1-kg\\\/#primaryimage\"},\"image\":{\"@id\":\"https:\\\/\\\/globalprix.com\\\/fr\\\/produit\\\/poudres-poudres-blanches-adhesifs-pour-dtf-moyenne-grain1-kg\\\/#primaryimage\"},\"thumbnailUrl\":\"https:\\\/\\\/globalprix.com\\\/wp-content\\\/uploads\\\/2022\\\/08\\\/POLVOS-DTF-scaled.jpg\",\"datePublished\":\"2023-07-19T12:10:35+00:00\",\"dateModified\":\"2024-02-14T08:16:21+00:00\",\"breadcrumb\":{\"@id\":\"https:\\\/\\\/globalprix.com\\\/fr\\\/produit\\\/poudres-poudres-blanches-adhesifs-pour-dtf-moyenne-grain1-kg\\\/#breadcrumb\"},\"inLanguage\":\"fr-FR\",\"potentialAction\":[{\"@type\":\"ReadAction\",\"target\":[\"https:\\\/\\\/globalprix.com\\\/fr\\\/produit\\\/poudres-poudres-blanches-adhesifs-pour-dtf-moyenne-grain1-kg\\\/\"]}]},{\"@type\":\"ImageObject\",\"inLanguage\":\"fr-FR\",\"@id\":\"https:\\\/\\\/globalprix.com\\\/fr\\\/produit\\\/poudres-poudres-blanches-adhesifs-pour-dtf-moyenne-grain1-kg\\\/#primaryimage\",\"url\":\"https:\\\/\\\/globalprix.com\\\/wp-content\\\/uploads\\\/2022\\\/08\\\/POLVOS-DTF-scaled.jpg\",\"contentUrl\":\"https:\\\/\\\/globalprix.com\\\/wp-content\\\/uploads\\\/2022\\\/08\\\/POLVOS-DTF-scaled.jpg\",\"width\":1810,\"height\":2560},{\"@type\":\"BreadcrumbList\",\"@id\":\"https:\\\/\\\/globalprix.com\\\/fr\\\/produit\\\/poudres-poudres-blanches-adhesifs-pour-dtf-moyenne-grain1-kg\\\/#breadcrumb\",\"itemListElement\":[{\"@type\":\"ListItem\",\"position\":1,\"name\":\"Portada\",\"item\":\"https:\\\/\\\/globalprix.com\\\/en\\\/\"},{\"@type\":\"ListItem\",\"position\":2,\"name\":\"Boutique\",\"item\":\"https:\\\/\\\/globalprix.com\\\/fr\\\/boutique\\\/\"},{\"@type\":\"ListItem\",\"position\":3,\"name\":\"POUDRES BLANCHESPoudres adh\u00e9sives pour DTFConteneur de 1 Kg \u00e0 grain moyen\"}]},{\"@type\":\"WebSite\",\"@id\":\"https:\\\/\\\/globalprix.com\\\/#website\",\"url\":\"https:\\\/\\\/globalprix.com\\\/\",\"name\":\"Globalprix\",\"description\":\"Tienda online para Serigraf\u00eda\",\"publisher\":{\"@id\":\"https:\\\/\\\/globalprix.com\\\/#organization\"},\"alternateName\":\"Tienda online de serigraf\u00eda\",\"potentialAction\":[{\"@type\":\"SearchAction\",\"target\":{\"@type\":\"EntryPoint\",\"urlTemplate\":\"https:\\\/\\\/globalprix.com\\\/?s={search_term_string}\"},\"query-input\":{\"@type\":\"PropertyValueSpecification\",\"valueRequired\":true,\"valueName\":\"search_term_string\"}}],\"inLanguage\":\"fr-FR\"},{\"@type\":\"Organization\",\"@id\":\"https:\\\/\\\/globalprix.com\\\/#organization\",\"name\":\"Global Managing\",\"alternateName\":\"Globalprix\",\"url\":\"https:\\\/\\\/globalprix.com\\\/\",\"logo\":{\"@type\":\"ImageObject\",\"inLanguage\":\"fr-FR\",\"@id\":\"https:\\\/\\\/globalprix.com\\\/#\\\/schema\\\/logo\\\/image\\\/\",\"url\":\"https:\\\/\\\/globalprix.com\\\/wp-content\\\/uploads\\\/2023\\\/03\\\/logo-globalprix.jpg\",\"contentUrl\":\"https:\\\/\\\/globalprix.com\\\/wp-content\\\/uploads\\\/2023\\\/03\\\/logo-globalprix.jpg\",\"width\":595,\"height\":202,\"caption\":\"Global Managing\"},\"image\":{\"@id\":\"https:\\\/\\\/globalprix.com\\\/#\\\/schema\\\/logo\\\/image\\\/\"}}]}<\/script>\n<!-- \/ Yoast SEO plugin. -->","yoast_head_json":{"title":"POUDRES BLANCHESPoudres adh\u00e9sives pour DTFConteneur de 1 Kg \u00e0 grain moyen | Globalprix.com","robots":{"index":"index","follow":"follow","max-snippet":"max-snippet:-1","max-image-preview":"max-image-preview:large","max-video-preview":"max-video-preview:-1"},"canonical":"https:\/\/globalprix.com\/fr\/produit\/poudres-poudres-blanches-adhesifs-pour-dtf-moyenne-grain1-kg\/","og_locale":"fr_FR","og_type":"article","og_title":"POUDRES BLANCHESPoudres adh\u00e9sives pour DTFConteneur de 1 Kg \u00e0 grain moyen | Globalprix.com","og_description":"Poudres DTF de diam\u00e8tre moyen pour une utilisation dans les imprimantes DTF. De couleur blanche. En cas de transfert de l\u2019image sur un fond sombre, vous pouvez demander des poudres noires.","og_url":"https:\/\/globalprix.com\/fr\/produit\/poudres-poudres-blanches-adhesifs-pour-dtf-moyenne-grain1-kg\/","og_site_name":"Globalprix.com","article_modified_time":"2024-02-14T08:16:21+00:00","og_image":[{"width":2560,"height":1024,"url":"https:\/\/globalprix.com\/wp-content\/uploads\/2023\/03\/silk-screen-printing-serigraphy-color-paints-and-2022-09-15-02-45-46-utc-scaled-e1678893026748.jpg","type":"image\/jpeg"}],"twitter_card":"summary_large_image","schema":{"@context":"https:\/\/schema.org","@graph":[{"@type":"WebPage","@id":"https:\/\/globalprix.com\/fr\/produit\/poudres-poudres-blanches-adhesifs-pour-dtf-moyenne-grain1-kg\/","url":"https:\/\/globalprix.com\/fr\/produit\/poudres-poudres-blanches-adhesifs-pour-dtf-moyenne-grain1-kg\/","name":"POUDRES BLANCHES Poudres adh\u00e9sives pour DTF Conteneur de 1 Kg \u00e0 grain moyen | Globalprix.com","isPartOf":{"@id":"https:\/\/globalprix.com\/#website"},"primaryImageOfPage":{"@id":"https:\/\/globalprix.com\/fr\/produit\/poudres-poudres-blanches-adhesifs-pour-dtf-moyenne-grain1-kg\/#primaryimage"},"image":{"@id":"https:\/\/globalprix.com\/fr\/produit\/poudres-poudres-blanches-adhesifs-pour-dtf-moyenne-grain1-kg\/#primaryimage"},"thumbnailUrl":"https:\/\/globalprix.com\/wp-content\/uploads\/2022\/08\/POLVOS-DTF-scaled.jpg","datePublished":"2023-07-19T12:10:35+00:00","dateModified":"2024-02-14T08:16:21+00:00","breadcrumb":{"@id":"https:\/\/globalprix.com\/fr\/produit\/poudres-poudres-blanches-adhesifs-pour-dtf-moyenne-grain1-kg\/#breadcrumb"},"inLanguage":"fr-FR","potentialAction":[{"@type":"ReadAction","target":["https:\/\/globalprix.com\/fr\/produit\/poudres-poudres-blanches-adhesifs-pour-dtf-moyenne-grain1-kg\/"]}]},{"@type":"ImageObject","inLanguage":"fr-FR","@id":"https:\/\/globalprix.com\/fr\/produit\/poudres-poudres-blanches-adhesifs-pour-dtf-moyenne-grain1-kg\/#primaryimage","url":"https:\/\/globalprix.com\/wp-content\/uploads\/2022\/08\/POLVOS-DTF-scaled.jpg","contentUrl":"https:\/\/globalprix.com\/wp-content\/uploads\/2022\/08\/POLVOS-DTF-scaled.jpg","width":1810,"height":2560},{"@type":"BreadcrumbList","@id":"https:\/\/globalprix.com\/fr\/produit\/poudres-poudres-blanches-adhesifs-pour-dtf-moyenne-grain1-kg\/#breadcrumb","itemListElement":[{"@type":"ListItem","position":1,"name":"Portada","item":"https:\/\/globalprix.com\/en\/"},{"@type":"ListItem","position":2,"name":"Boutique","item":"https:\/\/globalprix.com\/fr\/boutique\/"},{"@type":"ListItem","position":3,"name":"POUDRES BLANCHESPoudres adh\u00e9sives pour DTFConteneur de 1 Kg \u00e0 grain moyen"}]},{"@type":"WebSite","@id":"https:\/\/globalprix.com\/#website","url":"https:\/\/globalprix.com\/","name":"Globalprix","description":"Tienda online para Serigraf\u00eda","publisher":{"@id":"https:\/\/globalprix.com\/#organization"},"alternateName":"Tienda online de serigraf\u00eda","potentialAction":[{"@type":"SearchAction","target":{"@type":"EntryPoint","urlTemplate":"https:\/\/globalprix.com\/?s={search_term_string}"},"query-input":{"@type":"PropertyValueSpecification","valueRequired":true,"valueName":"search_term_string"}}],"inLanguage":"fr-FR"},{"@type":"Organization","@id":"https:\/\/globalprix.com\/#organization","name":"Global Managing","alternateName":"Globalprix","url":"https:\/\/globalprix.com\/","logo":{"@type":"ImageObject","inLanguage":"fr-FR","@id":"https:\/\/globalprix.com\/#\/schema\/logo\/image\/","url":"https:\/\/globalprix.com\/wp-content\/uploads\/2023\/03\/logo-globalprix.jpg","contentUrl":"https:\/\/globalprix.com\/wp-content\/uploads\/2023\/03\/logo-globalprix.jpg","width":595,"height":202,"caption":"Global Managing"},"image":{"@id":"https:\/\/globalprix.com\/#\/schema\/logo\/image\/"}}]}},"_links":{"self":[{"href":"https:\/\/globalprix.com\/fr\/wp-json\/wp\/v2\/product\/25037","targetHints":{"allow":["GET"]}}],"collection":[{"href":"https:\/\/globalprix.com\/fr\/wp-json\/wp\/v2\/product"}],"about":[{"href":"https:\/\/globalprix.com\/fr\/wp-json\/wp\/v2\/types\/product"}],"replies":[{"embeddable":true,"href":"https:\/\/globalprix.com\/fr\/wp-json\/wp\/v2\/comments?post=25037"}],"version-history":[{"count":0,"href":"https:\/\/globalprix.com\/fr\/wp-json\/wp\/v2\/product\/25037\/revisions"}],"wp:featuredmedia":[{"embeddable":true,"href":"https:\/\/globalprix.com\/fr\/wp-json\/wp\/v2\/media\/16481"}],"wp:attachment":[{"href":"https:\/\/globalprix.com\/fr\/wp-json\/wp\/v2\/media?parent=25037"}],"wp:term":[{"taxonomy":"product_brand","embeddable":true,"href":"https:\/\/globalprix.com\/fr\/wp-json\/wp\/v2\/product_brand?post=25037"},{"taxonomy":"product_cat","embeddable":true,"href":"https:\/\/globalprix.com\/fr\/wp-json\/wp\/v2\/product_cat?post=25037"},{"taxonomy":"product_tag","embeddable":true,"href":"https:\/\/globalprix.com\/fr\/wp-json\/wp\/v2\/product_tag?post=25037"}],"curies":[{"name":"wp","href":"https:\/\/api.w.org\/{rel}","templated":true}]}}