{"id":25053,"date":"2023-07-24T14:14:36","date_gmt":"2023-07-24T12:14:36","guid":{"rendered":"https:\/\/globalprix.com\/producto\/encres-a-sublimation-pjh-machines-rapides-ideales\/"},"modified":"2023-10-11T15:41:51","modified_gmt":"2023-10-11T13:41:51","slug":"sublimainkideal-rapidascmyk1-l-5-l","status":"publish","type":"product","link":"https:\/\/globalprix.com\/fr\/produit\/sublimainkideal-rapidascmyk1-l-5-l\/","title":{"rendered":"SUBLIMAINK<br>Machines rapides id\u00e9ales<br>CMJN<br>1 l \/ 5 l"},"content":{"rendered":"<p>S\u2019il n\u2019y a pas de stock de l\u2019article dans l\u2019une de ses variantes, contactez-nous pour d\u00e9finir un d\u00e9lai de livraison info@globalprix.com<\/p>\n","protected":false},"excerpt":{"rendered":"<p>Encres \u00e0 sublimation destin\u00e9es aux imprimantes \u00e0 jet d\u2019encre \u00e0 froid.<br \/>\nIl vous permet d\u2019imprimer des dessins qui seront ensuite transf\u00e9r\u00e9s par la chaleur et la pression d\u2019un fer \u00e0 repasser \u00e0 un article publicitaire.<br \/>\nC\u2019est-\u00e0-dire de ne transf\u00e9rer que l\u2019image imprim\u00e9e sur papier; Le papier n\u2019est pas transf\u00e9r\u00e9.<br \/>\nCouleurs cyan, magenta, Yelow et noir.<\/p>\n","protected":false},"featured_media":32129,"comment_status":"open","ping_status":"closed","template":"","meta":[],"product_brand":[],"product_cat":[3320,502,485],"product_tag":[],"class_list":{"0":"post-25053","1":"product","2":"type-product","3":"status-publish","4":"has-post-thumbnail","6":"product_cat-autres-encres","7":"product_cat-tintas-fr","8":"product_cat-sublimacion-fr","10":"first","11":"instock","12":"taxable","13":"shipping-taxable","14":"purchasable","15":"product-type-variable"},"yoast_head":"<!-- This site is optimized with the Yoast SEO plugin v27.3 - https:\/\/yoast.com\/product\/yoast-seo-wordpress\/ -->\n<title>SUBLIMAINKMachines rapides id\u00e9alesCMJN1 l \/ 5 l | Globalprix.com<\/title>\n<meta name=\"robots\" content=\"index, follow, max-snippet:-1, max-image-preview:large, max-video-preview:-1\" \/>\n<link rel=\"canonical\" href=\"https:\/\/globalprix.com\/fr\/produit\/sublimainkideal-rapidascmyk1-l-5-l\/\" \/>\n<meta property=\"og:locale\" content=\"fr_FR\" \/>\n<meta property=\"og:type\" content=\"article\" \/>\n<meta property=\"og:title\" content=\"SUBLIMAINKMachines rapides id\u00e9alesCMJN1 l \/ 5 l | Globalprix.com\" \/>\n<meta property=\"og:description\" content=\"Encres \u00e0 sublimation destin\u00e9es aux imprimantes \u00e0 jet d\u2019encre \u00e0 froid. Il vous permet d\u2019imprimer des dessins qui seront ensuite transf\u00e9r\u00e9s par la chaleur et la pression d\u2019un fer \u00e0 repasser \u00e0 un article publicitaire. C\u2019est-\u00e0-dire de ne transf\u00e9rer que l\u2019image imprim\u00e9e sur papier; Le papier n\u2019est pas transf\u00e9r\u00e9. Couleurs cyan, magenta, Yelow et noir.\" \/>\n<meta property=\"og:url\" content=\"https:\/\/globalprix.com\/fr\/produit\/sublimainkideal-rapidascmyk1-l-5-l\/\" \/>\n<meta property=\"og:site_name\" content=\"Globalprix.com\" \/>\n<meta property=\"article:modified_time\" content=\"2023-10-11T13:41:51+00:00\" \/>\n<meta property=\"og:image\" content=\"https:\/\/globalprix.com\/wp-content\/uploads\/2023\/03\/silk-screen-printing-serigraphy-color-paints-and-2022-09-15-02-45-46-utc-scaled-e1678893026748.jpg\" \/>\n\t<meta property=\"og:image:width\" content=\"2560\" \/>\n\t<meta property=\"og:image:height\" content=\"1024\" \/>\n\t<meta property=\"og:image:type\" content=\"image\/jpeg\" \/>\n<meta name=\"twitter:card\" content=\"summary_large_image\" \/>\n<script type=\"application\/ld+json\" class=\"yoast-schema-graph\">{\"@context\":\"https:\\\/\\\/schema.org\",\"@graph\":[{\"@type\":\"WebPage\",\"@id\":\"https:\\\/\\\/globalprix.com\\\/fr\\\/produit\\\/sublimainkideal-rapidascmyk1-l-5-l\\\/\",\"url\":\"https:\\\/\\\/globalprix.com\\\/fr\\\/produit\\\/sublimainkideal-rapidascmyk1-l-5-l\\\/\",\"name\":\"SUBLIMAINK Machines rapides id\u00e9ales CMJN 1 l \\\/ 5 l | Globalprix.com\",\"isPartOf\":{\"@id\":\"https:\\\/\\\/globalprix.com\\\/#website\"},\"primaryImageOfPage\":{\"@id\":\"https:\\\/\\\/globalprix.com\\\/fr\\\/produit\\\/sublimainkideal-rapidascmyk1-l-5-l\\\/#primaryimage\"},\"image\":{\"@id\":\"https:\\\/\\\/globalprix.com\\\/fr\\\/produit\\\/sublimainkideal-rapidascmyk1-l-5-l\\\/#primaryimage\"},\"thumbnailUrl\":\"https:\\\/\\\/globalprix.com\\\/wp-content\\\/uploads\\\/2024\\\/05\\\/COMPOSICIO_DE_SUBLIMAINK_CATEGORIA-removebg-preview.png\",\"datePublished\":\"2023-07-24T12:14:36+00:00\",\"dateModified\":\"2023-10-11T13:41:51+00:00\",\"breadcrumb\":{\"@id\":\"https:\\\/\\\/globalprix.com\\\/fr\\\/produit\\\/sublimainkideal-rapidascmyk1-l-5-l\\\/#breadcrumb\"},\"inLanguage\":\"fr-FR\",\"potentialAction\":[{\"@type\":\"ReadAction\",\"target\":[\"https:\\\/\\\/globalprix.com\\\/fr\\\/produit\\\/sublimainkideal-rapidascmyk1-l-5-l\\\/\"]}]},{\"@type\":\"ImageObject\",\"inLanguage\":\"fr-FR\",\"@id\":\"https:\\\/\\\/globalprix.com\\\/fr\\\/produit\\\/sublimainkideal-rapidascmyk1-l-5-l\\\/#primaryimage\",\"url\":\"https:\\\/\\\/globalprix.com\\\/wp-content\\\/uploads\\\/2024\\\/05\\\/COMPOSICIO_DE_SUBLIMAINK_CATEGORIA-removebg-preview.png\",\"contentUrl\":\"https:\\\/\\\/globalprix.com\\\/wp-content\\\/uploads\\\/2024\\\/05\\\/COMPOSICIO_DE_SUBLIMAINK_CATEGORIA-removebg-preview.png\",\"width\":505,\"height\":494},{\"@type\":\"BreadcrumbList\",\"@id\":\"https:\\\/\\\/globalprix.com\\\/fr\\\/produit\\\/sublimainkideal-rapidascmyk1-l-5-l\\\/#breadcrumb\",\"itemListElement\":[{\"@type\":\"ListItem\",\"position\":1,\"name\":\"Portada\",\"item\":\"https:\\\/\\\/globalprix.com\\\/en\\\/\"},{\"@type\":\"ListItem\",\"position\":2,\"name\":\"Boutique\",\"item\":\"https:\\\/\\\/globalprix.com\\\/fr\\\/boutique\\\/\"},{\"@type\":\"ListItem\",\"position\":3,\"name\":\"SUBLIMAINKMachines rapides id\u00e9alesCMJN1 l \\\/ 5 l\"}]},{\"@type\":\"WebSite\",\"@id\":\"https:\\\/\\\/globalprix.com\\\/#website\",\"url\":\"https:\\\/\\\/globalprix.com\\\/\",\"name\":\"Globalprix\",\"description\":\"Tienda online para Serigraf\u00eda\",\"publisher\":{\"@id\":\"https:\\\/\\\/globalprix.com\\\/#organization\"},\"alternateName\":\"Tienda online de serigraf\u00eda\",\"potentialAction\":[{\"@type\":\"SearchAction\",\"target\":{\"@type\":\"EntryPoint\",\"urlTemplate\":\"https:\\\/\\\/globalprix.com\\\/?s={search_term_string}\"},\"query-input\":{\"@type\":\"PropertyValueSpecification\",\"valueRequired\":true,\"valueName\":\"search_term_string\"}}],\"inLanguage\":\"fr-FR\"},{\"@type\":\"Organization\",\"@id\":\"https:\\\/\\\/globalprix.com\\\/#organization\",\"name\":\"Global Managing\",\"alternateName\":\"Globalprix\",\"url\":\"https:\\\/\\\/globalprix.com\\\/\",\"logo\":{\"@type\":\"ImageObject\",\"inLanguage\":\"fr-FR\",\"@id\":\"https:\\\/\\\/globalprix.com\\\/#\\\/schema\\\/logo\\\/image\\\/\",\"url\":\"https:\\\/\\\/globalprix.com\\\/wp-content\\\/uploads\\\/2023\\\/03\\\/logo-globalprix.jpg\",\"contentUrl\":\"https:\\\/\\\/globalprix.com\\\/wp-content\\\/uploads\\\/2023\\\/03\\\/logo-globalprix.jpg\",\"width\":595,\"height\":202,\"caption\":\"Global Managing\"},\"image\":{\"@id\":\"https:\\\/\\\/globalprix.com\\\/#\\\/schema\\\/logo\\\/image\\\/\"}}]}<\/script>\n<!-- \/ Yoast SEO plugin. -->","yoast_head_json":{"title":"SUBLIMAINKMachines rapides id\u00e9alesCMJN1 l \/ 5 l | Globalprix.com","robots":{"index":"index","follow":"follow","max-snippet":"max-snippet:-1","max-image-preview":"max-image-preview:large","max-video-preview":"max-video-preview:-1"},"canonical":"https:\/\/globalprix.com\/fr\/produit\/sublimainkideal-rapidascmyk1-l-5-l\/","og_locale":"fr_FR","og_type":"article","og_title":"SUBLIMAINKMachines rapides id\u00e9alesCMJN1 l \/ 5 l | Globalprix.com","og_description":"Encres \u00e0 sublimation destin\u00e9es aux imprimantes \u00e0 jet d\u2019encre \u00e0 froid. Il vous permet d\u2019imprimer des dessins qui seront ensuite transf\u00e9r\u00e9s par la chaleur et la pression d\u2019un fer \u00e0 repasser \u00e0 un article publicitaire. C\u2019est-\u00e0-dire de ne transf\u00e9rer que l\u2019image imprim\u00e9e sur papier; Le papier n\u2019est pas transf\u00e9r\u00e9. Couleurs cyan, magenta, Yelow et noir.","og_url":"https:\/\/globalprix.com\/fr\/produit\/sublimainkideal-rapidascmyk1-l-5-l\/","og_site_name":"Globalprix.com","article_modified_time":"2023-10-11T13:41:51+00:00","og_image":[{"width":2560,"height":1024,"url":"https:\/\/globalprix.com\/wp-content\/uploads\/2023\/03\/silk-screen-printing-serigraphy-color-paints-and-2022-09-15-02-45-46-utc-scaled-e1678893026748.jpg","type":"image\/jpeg"}],"twitter_card":"summary_large_image","schema":{"@context":"https:\/\/schema.org","@graph":[{"@type":"WebPage","@id":"https:\/\/globalprix.com\/fr\/produit\/sublimainkideal-rapidascmyk1-l-5-l\/","url":"https:\/\/globalprix.com\/fr\/produit\/sublimainkideal-rapidascmyk1-l-5-l\/","name":"SUBLIMAINK Machines rapides id\u00e9ales CMJN 1 l \/ 5 l | Globalprix.com","isPartOf":{"@id":"https:\/\/globalprix.com\/#website"},"primaryImageOfPage":{"@id":"https:\/\/globalprix.com\/fr\/produit\/sublimainkideal-rapidascmyk1-l-5-l\/#primaryimage"},"image":{"@id":"https:\/\/globalprix.com\/fr\/produit\/sublimainkideal-rapidascmyk1-l-5-l\/#primaryimage"},"thumbnailUrl":"https:\/\/globalprix.com\/wp-content\/uploads\/2024\/05\/COMPOSICIO_DE_SUBLIMAINK_CATEGORIA-removebg-preview.png","datePublished":"2023-07-24T12:14:36+00:00","dateModified":"2023-10-11T13:41:51+00:00","breadcrumb":{"@id":"https:\/\/globalprix.com\/fr\/produit\/sublimainkideal-rapidascmyk1-l-5-l\/#breadcrumb"},"inLanguage":"fr-FR","potentialAction":[{"@type":"ReadAction","target":["https:\/\/globalprix.com\/fr\/produit\/sublimainkideal-rapidascmyk1-l-5-l\/"]}]},{"@type":"ImageObject","inLanguage":"fr-FR","@id":"https:\/\/globalprix.com\/fr\/produit\/sublimainkideal-rapidascmyk1-l-5-l\/#primaryimage","url":"https:\/\/globalprix.com\/wp-content\/uploads\/2024\/05\/COMPOSICIO_DE_SUBLIMAINK_CATEGORIA-removebg-preview.png","contentUrl":"https:\/\/globalprix.com\/wp-content\/uploads\/2024\/05\/COMPOSICIO_DE_SUBLIMAINK_CATEGORIA-removebg-preview.png","width":505,"height":494},{"@type":"BreadcrumbList","@id":"https:\/\/globalprix.com\/fr\/produit\/sublimainkideal-rapidascmyk1-l-5-l\/#breadcrumb","itemListElement":[{"@type":"ListItem","position":1,"name":"Portada","item":"https:\/\/globalprix.com\/en\/"},{"@type":"ListItem","position":2,"name":"Boutique","item":"https:\/\/globalprix.com\/fr\/boutique\/"},{"@type":"ListItem","position":3,"name":"SUBLIMAINKMachines rapides id\u00e9alesCMJN1 l \/ 5 l"}]},{"@type":"WebSite","@id":"https:\/\/globalprix.com\/#website","url":"https:\/\/globalprix.com\/","name":"Globalprix","description":"Tienda online para Serigraf\u00eda","publisher":{"@id":"https:\/\/globalprix.com\/#organization"},"alternateName":"Tienda online de serigraf\u00eda","potentialAction":[{"@type":"SearchAction","target":{"@type":"EntryPoint","urlTemplate":"https:\/\/globalprix.com\/?s={search_term_string}"},"query-input":{"@type":"PropertyValueSpecification","valueRequired":true,"valueName":"search_term_string"}}],"inLanguage":"fr-FR"},{"@type":"Organization","@id":"https:\/\/globalprix.com\/#organization","name":"Global Managing","alternateName":"Globalprix","url":"https:\/\/globalprix.com\/","logo":{"@type":"ImageObject","inLanguage":"fr-FR","@id":"https:\/\/globalprix.com\/#\/schema\/logo\/image\/","url":"https:\/\/globalprix.com\/wp-content\/uploads\/2023\/03\/logo-globalprix.jpg","contentUrl":"https:\/\/globalprix.com\/wp-content\/uploads\/2023\/03\/logo-globalprix.jpg","width":595,"height":202,"caption":"Global Managing"},"image":{"@id":"https:\/\/globalprix.com\/#\/schema\/logo\/image\/"}}]}},"_links":{"self":[{"href":"https:\/\/globalprix.com\/fr\/wp-json\/wp\/v2\/product\/25053","targetHints":{"allow":["GET"]}}],"collection":[{"href":"https:\/\/globalprix.com\/fr\/wp-json\/wp\/v2\/product"}],"about":[{"href":"https:\/\/globalprix.com\/fr\/wp-json\/wp\/v2\/types\/product"}],"replies":[{"embeddable":true,"href":"https:\/\/globalprix.com\/fr\/wp-json\/wp\/v2\/comments?post=25053"}],"version-history":[{"count":0,"href":"https:\/\/globalprix.com\/fr\/wp-json\/wp\/v2\/product\/25053\/revisions"}],"wp:featuredmedia":[{"embeddable":true,"href":"https:\/\/globalprix.com\/fr\/wp-json\/wp\/v2\/media\/32129"}],"wp:attachment":[{"href":"https:\/\/globalprix.com\/fr\/wp-json\/wp\/v2\/media?parent=25053"}],"wp:term":[{"taxonomy":"product_brand","embeddable":true,"href":"https:\/\/globalprix.com\/fr\/wp-json\/wp\/v2\/product_brand?post=25053"},{"taxonomy":"product_cat","embeddable":true,"href":"https:\/\/globalprix.com\/fr\/wp-json\/wp\/v2\/product_cat?post=25053"},{"taxonomy":"product_tag","embeddable":true,"href":"https:\/\/globalprix.com\/fr\/wp-json\/wp\/v2\/product_tag?post=25053"}],"curies":[{"name":"wp","href":"https:\/\/api.w.org\/{rel}","templated":true}]}}